{"id":50349,"date":"2021-10-29T10:24:41","date_gmt":"2021-10-29T07:24:41","guid":{"rendered":"https:\/\/www.lustandlove.eu\/?page_id=50349"},"modified":"2026-04-25T08:29:27","modified_gmt":"2026-04-25T05:29:27","slug":"kkk","status":"publish","type":"page","link":"https:\/\/lustandlove.eu\/et\/kkk\/","title":{"rendered":"KKK"},"content":{"rendered":"<div class=\"wpb-content-wrapper\"><p>[vc_row equal_height=&#8221;yes&#8221; css_animation=&#8221;fadeIn&#8221; css=&#8221;.vc_custom_1494510617612{margin-right: -50px !important;margin-left: -50px !important;}&#8221;][vc_column width=&#8221;1\/2&#8243;]\n\t\t<div id=\"wd-617b9ad64af0c\" class=\"title-wrapper wd-wpb wd-set-mb reset-last-child  wd-rs-617b9ad64af0c wd-title-color-default wd-title-style-default text-left  wd-underline-colored\">\n\t\t\t\n\t\t\t<div class=\"liner-continer\">\n\t\t\t\t<h4 class=\"woodmart-title-container title  wd-font-weight- wd-fontsize-l\" >OSTLEMINE<\/h4>\n\t\t\t\t\t\t\t<\/div>\n\t\t\t\n\t\t\t\n\t\t\t\n\t\t<\/div>\n\t\t\n\t\t[vc_tta_accordion shape=&#8221;square&#8221; color=&#8221;white&#8221; c_icon=&#8221;chevron&#8221; c_position=&#8221;right&#8221; active_section=&#8221;1&#8243; no_fill=&#8221;true&#8221; collapsible_all=&#8221;true&#8221;][vc_tta_section title=&#8221;Minu tellitud toode ei t\u00f6\u00f6ta\/on katki\/on kahjustatud&#8221; tab_id=&#8221;1623844805995-0b85595d-f049&#8243;][vc_column_text woodmart_inline=&#8221;no&#8221; text_larger=&#8221;no&#8221;]V\u00f5ta meiega \u00fchendust <a href=\"mailto:info@bioconcept.eu\">info@lustandlove.eu<\/a> et saaksime koos sinu probleemi lahendada[\/vc_column_text][\/vc_tta_section][vc_tta_section title=&#8221;Kas teie tooted on kliiniliselt testitud?&#8221; tab_id=&#8221;1623844991185-fad7cb91-e4c3&#8243;][vc_column_text woodmart_inline=&#8221;no&#8221; text_larger=&#8221;no&#8221;]Jah! Meie klientide tervist tuleb esimesena, ning selle t\u00f5ttu on meie firmas kvalifitseeritud proffesionaal, kes testib ja tagab iga toote ohutuse.[\/vc_column_text][\/vc_tta_section][vc_tta_section title=&#8221;Kas ma saan oma tellimuse eest arve?&#8221; tab_id=&#8221;1484652030238-302a2c7c-fe6f&#8221;][vc_column_text woodmart_inline=&#8221;no&#8221; text_larger=&#8221;no&#8221;]Jah. Arve saadetakse koos tellimuse infoga sulle e-mailile.[\/vc_column_text][\/vc_tta_section][vc_tta_section title=&#8221;Kas ma saan oma tellimust t\u00fchistada?&#8221; tab_id=&#8221;1623845695999-30805c9e-7d80&#8243;][vc_column_text woodmart_inline=&#8221;no&#8221; text_larger=&#8221;no&#8221;]V\u00f5ta meiega \u00fchendust <a href=\"mailto:info@bioconcept.eu\">info@lustandlove.eu<\/a> et saaksime koos sinu probleemi lahendada[\/vc_column_text][\/vc_tta_section][vc_tta_section title=&#8221;Kas ma saan toote tagastada?&#8221; tab_id=&#8221;1635490150485-1ca99021-8e7b&#8221;][vc_column_text woodmart_inline=&#8221;no&#8221; text_larger=&#8221;no&#8221;]Toodete olemuse t\u00f5ttu ei v\u00f5ta me tooteid tagasi. Kui sinu tellitud toode on kahjustatud, v\u00f5ta meiega \u00fchendust.[\/vc_column_text][\/vc_tta_section][vc_tta_section title=&#8221;Kas ma saan abi \u00f5igete toodete valimisega?&#8221; tab_id=&#8221;1635490206640-f19c1f2e-65f6&#8243;][vc_column_text woodmart_inline=&#8221;no&#8221; text_larger=&#8221;no&#8221;]Otse loomulikult, me armastame aidata! \u00dcksk\u00f5ik kas otsid \u00fcksikut toodet v\u00f5i tervet karpi, v\u00f5id meiega julgelt \u00fchendust v\u00f5tta.[\/vc_column_text][\/vc_tta_section][vc_tta_section title=&#8221;Kus ma teiega \u00fchendust saan?&#8221; tab_id=&#8221;1635490260363-3e6afd73-5d07&#8243;][vc_column_text woodmart_inline=&#8221;no&#8221; text_larger=&#8221;no&#8221;]V\u00f5id meiega \u00fchendust v\u00f5tta l\u00e4bi meie sotsiaalmeedia (Facebook ja Instagram) v\u00f5i kirjutada meilile info@lustandlove.eu[\/vc_column_text][\/vc_tta_section][\/vc_tta_accordion][\/vc_column][vc_column width=&#8221;1\/2&#8243; css=&#8221;.vc_custom_1496938621896{margin-bottom: 20px !important;border-right-width: 1px !important;padding-top: 15px !important;padding-right: 50px !important;padding-left: 50px !important;border-right-color: #e8e8e8 !important;border-right-style: solid !important;}&#8221; offset=&#8221;vc_col-lg-6 vc_col-md-6&#8243;]\n\t\t<div id=\"wd-617b9ae637189\" class=\"title-wrapper wd-wpb wd-set-mb reset-last-child  wd-rs-617b9ae637189 wd-title-color-default wd-title-style-default text-left  wd-underline-colored\">\n\t\t\t\n\t\t\t<div class=\"liner-continer\">\n\t\t\t\t<h4 class=\"woodmart-title-container title  wd-font-weight- wd-fontsize-l\" >TRANSPORT<\/h4>\n\t\t\t\t\t\t\t<\/div>\n\t\t\t\n\t\t\t\n\t\t\t\n\t\t<\/div>\n\t\t\n\t\t[vc_tta_accordion shape=&#8221;square&#8221; color=&#8221;white&#8221; c_icon=&#8221;chevron&#8221; c_position=&#8221;right&#8221; active_section=&#8221;1&#8243; no_fill=&#8221;true&#8221; collapsible_all=&#8221;true&#8221;][vc_tta_section title=&#8221;Kui kaua v\u00f5tab transport aega?&#8221; tab_id=&#8221;1623845215079-1a2d6a09-e3b9&#8243;][vc_column_text woodmart_inline=&#8221;no&#8221; text_larger=&#8221;no&#8221;]<span style=\"font-weight: 400;\">Kohalike tellimuste puhul v\u00f5tab transport 2-3 p\u00e4eva.<\/span><\/p>\n<p><span style=\"font-weight: 400;\">Euroopa tellimuste puhul v\u00f5tab transport kuni 7 p\u00e4eva.<\/span><\/p>\n<p><span style=\"font-weight: 400;\">Rahvusvaheliste tellimuste puhul v\u00f5tab transport 7-14 p\u00e4eva.<\/span><\/p>\n<p>Meie ei vastuta kullerifirmade poolt tekkinud hilinemiste eest[\/vc_column_text][\/vc_tta_section][vc_tta_section title=&#8221;Millal mu tellimus teele pannakse?&#8221; tab_id=&#8221;1635489965881-4d717a53-3c7e&#8221;][vc_column_text woodmart_inline=&#8221;no&#8221; text_larger=&#8221;no&#8221;]Tellimuse postitamine v\u00f5tab kuni 2 t\u00f6\u00f6p\u00e4eva (Esmasp\u00e4evast Reedeni). Me ei postita tellimusi n\u00e4dalavahetustel ja p\u00fchadel.[\/vc_column_text][\/vc_tta_section][vc_tta_section title=&#8221;Kui palju maksab postikulu?&#8221; tab_id=&#8221;1635490061497-05f8461e-e0b1&#8243;][vc_column_text woodmart_inline=&#8221;no&#8221; text_larger=&#8221;no&#8221;]Eestisse:<\/p>\n<p>Omniva Standardpakk \u2013 alates 6\u20ac<br \/>\nOmniva\/Itella Smartpost Pakiautomaat \u2013 alates\u00a0 3\u20ac<br \/>\nOmniva Kullerteenus &#8211; alates 7\u20ac<\/p>\n<p>Tasuta tarne alates 50\u20ac<\/p>\n<p>Euroopasse:<\/p>\n<p>Omniva\/Venipak Kullerteenus Balti riikide piires \u2013 alates 15\u20ac, tarneaeg 2-4 t\u00f6\u00f6p\u00e4eva.<br \/>\nOmniva Pakiautomaat Balti riikide piires\u2013 alates\u00a0 3\u20ac, tarneaeg 2-4 t\u00f6\u00f6p\u00e4eva.<br \/>\nTNT\/DHL\/Venipak Kullerteenus teistesse Euroopa riikidesse \u2013 alates 22\u20ac, tarneaeg 2-4 t\u00f6\u00f6p\u00e4eva.<br \/>\nOmniva Standardpakk teistesse Euroopa riikidesse \u2013 alates 12\u20ac, kus tarneaeg on kuni 21 t\u00f6\u00f6p\u00e4eva<\/p>\n<p>Rahvusvahelised tellimused:<br \/>\nPostkontorisse \u2013 alates 25\u20ac[\/vc_column_text][\/vc_tta_section][vc_tta_section title=&#8221;Kas pakend on diskreetne?&#8221; tab_id=&#8221;1623845255526-697bd52e-35f2&#8243;][vc_column_text woodmart_inline=&#8221;no&#8221; text_larger=&#8221;no&#8221;]Otse loomulikult! K\u00f5ik meie tellimused on pakitud diskreetselt, ilma firma logo ja nimeta.[\/vc_column_text][\/vc_tta_section][vc_tta_section title=&#8221;Kust te tellimusi v\u00e4lja saadate?&#8221; tab_id=&#8221;1623845215159-7fa81a9f-2126&#8243;][vc_column_text woodmart_inline=&#8221;no&#8221; text_larger=&#8221;no&#8221;]K\u00f5ik meie tellimused pannakse teele Tallinnast.[\/vc_column_text][\/vc_tta_section][vc_tta_section title=&#8221;Mu tellimus pole lubatud ajaga kohale j\u00f5udnud&#8221; tab_id=&#8221;1623845934560-db07c443-9f9a&#8221;][vc_column_text woodmart_inline=&#8221;no&#8221; text_larger=&#8221;no&#8221;]Kui su tellimus pole kohale j\u00f5udnud 5 p\u00e4eva jooksul lubatud kuup\u00e4evast, v\u00f5ta meiega \u00fchendust info@lustandlove.eu[\/vc_column_text][\/vc_tta_section][\/vc_tta_accordion][\/vc_column][\/vc_row]<\/p>\n<\/div>","protected":false},"excerpt":{"rendered":"<p>[vc_row equal_height=&#8221;yes&#8221; css_animation=&#8221;fadeIn&#8221; css=&#8221;.vc_custom_1494510617612{margin-right: -50px !important;margin-left: -50px !important;}&#8221;][vc_column width=&#8221;1\/2&#8243;][vc_tta_accordion shape=&#8221;square&#8221; color=&#8221;white&#8221; c_icon=&#8221;chevron&#8221; c_position=&#8221;right&#8221; active_section=&#8221;1&#8243; no_fill=&#8221;true&#8221; collapsible_all=&#8221;true&#8221;][vc_tta_section title=&#8221;Minu tellitud toode ei<\/p>\n","protected":false},"author":5,"featured_media":0,"parent":0,"menu_order":0,"comment_status":"closed","ping_status":"closed","template":"","meta":{"two_page_speed":{"current_score":{"desktop_score":92,"desktop_tti":"1.1\u00a0","mobile_score":91,"mobile_tti":"3.5\u00a0","date":"24.04.2026 12:56:15 pm","status":"error_no_score"}},"footnotes":""},"class_list":["post-50349","page","type-page","status-publish","hentry"],"yoast_head":"<!-- This site is optimized with the Yoast SEO plugin v27.3 - https:\/\/yoast.com\/product\/yoast-seo-wordpress\/ -->\n<title>KKK | Lust and Love<\/title>\n<meta name=\"robots\" content=\"index,follow,max-snippet:-1,max-image-preview:large,max-video-preview:-1\" \/>\n<link rel=\"canonical\" href=\"https:\/\/lustandlove.eu\/et\/kkk\/\" \/>\n<meta name=\"twitter:card\" content=\"summary_large_image\" \/>\n<meta name=\"twitter:title\" content=\"KKK | Lust and Love\" \/>\n<meta name=\"twitter:description\" content=\"[vc_row equal_height=&#8221;yes&#8221; css_animation=&#8221;fadeIn&#8221; css=&#8221;.vc_custom_1494510617612{margin-right: -50px !important;margin-left: -50px !important;}&#8221;][vc_column width=&#8221;1\/2&#8243;][vc_tta_accordion shape=&#8221;square&#8221; color=&#8221;white&#8221; c_icon=&#8221;chevron&#8221; c_position=&#8221;right&#8221; active_section=&#8221;1&#8243; no_fill=&#8221;true&#8221; collapsible_all=&#8221;true&#8221;][vc_tta_section title=&#8221;Minu tellitud toode ei\" \/>\n<meta name=\"twitter:label1\" content=\"Est. reading time\" \/>\n\t<meta name=\"twitter:data1\" content=\"2 minutit\" \/>\n<script type=\"application\/ld+json\" class=\"yoast-schema-graph\">{\"@context\":\"https:\\\/\\\/schema.org\",\"@graph\":[{\"@type\":\"WebPage\",\"@id\":\"https:\\\/\\\/lustandlove.eu\\\/et\\\/kkk\\\/\",\"url\":\"https:\\\/\\\/lustandlove.eu\\\/et\\\/kkk\\\/\",\"name\":\"KKK | Lust and Love\",\"isPartOf\":{\"@id\":\"https:\\\/\\\/lustandlove.eu\\\/et\\\/#website\"},\"datePublished\":\"2021-10-29T07:24:41+00:00\",\"dateModified\":\"2026-04-25T05:29:27+00:00\",\"breadcrumb\":{\"@id\":\"https:\\\/\\\/lustandlove.eu\\\/et\\\/kkk\\\/#breadcrumb\"},\"inLanguage\":\"et\",\"potentialAction\":[{\"@type\":\"ReadAction\",\"target\":[\"https:\\\/\\\/lustandlove.eu\\\/et\\\/kkk\\\/\"]}]},{\"@type\":\"BreadcrumbList\",\"@id\":\"https:\\\/\\\/lustandlove.eu\\\/et\\\/kkk\\\/#breadcrumb\",\"itemListElement\":[{\"@type\":\"ListItem\",\"position\":1,\"name\":\"Lust and Love\",\"item\":\"https:\\\/\\\/lustandlove.eu\\\/et\\\/\"},{\"@type\":\"ListItem\",\"position\":2,\"name\":\"KKK\"}]},{\"@type\":\"WebSite\",\"@id\":\"https:\\\/\\\/lustandlove.eu\\\/et\\\/#website\",\"url\":\"https:\\\/\\\/lustandlove.eu\\\/et\\\/\",\"name\":\"Lust &amp; Love\",\"description\":\"Online erootikapood tervise, ilu ja armastuse jaoks\",\"publisher\":{\"@id\":\"https:\\\/\\\/lustandlove.eu\\\/et\\\/#organization\"},\"potentialAction\":[{\"@type\":\"SearchAction\",\"target\":{\"@type\":\"EntryPoint\",\"urlTemplate\":\"https:\\\/\\\/lustandlove.eu\\\/et\\\/?s={search_term_string}\"},\"query-input\":{\"@type\":\"PropertyValueSpecification\",\"valueRequired\":true,\"valueName\":\"search_term_string\"}}],\"inLanguage\":\"et\"},{\"@type\":\"Organization\",\"@id\":\"https:\\\/\\\/lustandlove.eu\\\/et\\\/#organization\",\"name\":\"Bioconcept Baltics O\u00dc\",\"url\":\"https:\\\/\\\/lustandlove.eu\\\/et\\\/\",\"logo\":{\"@type\":\"ImageObject\",\"inLanguage\":\"et\",\"@id\":\"https:\\\/\\\/lustandlove.eu\\\/et\\\/#\\\/schema\\\/logo\\\/image\\\/\",\"url\":\"\",\"contentUrl\":\"\",\"caption\":\"Bioconcept Baltics O\u00dc\"},\"image\":{\"@id\":\"https:\\\/\\\/lustandlove.eu\\\/et\\\/#\\\/schema\\\/logo\\\/image\\\/\"},\"sameAs\":[\"https:\\\/\\\/www.facebook.com\\\/LustandLoveEU\\\/\",\"https:\\\/\\\/www.instagram.com\\\/lustandloveeu\\\/\"]}]}<\/script>\n<!-- \/ Yoast SEO plugin. -->","yoast_head_json":{"title":"KKK | Lust and Love","robots":{"index,follow,max-snippet":"index,follow,max-snippet:-1,max-image-preview:large,max-video-preview:-1"},"canonical":"https:\/\/lustandlove.eu\/et\/kkk\/","twitter_card":"summary_large_image","twitter_title":"KKK | Lust and Love","twitter_description":"[vc_row equal_height=&#8221;yes&#8221; css_animation=&#8221;fadeIn&#8221; css=&#8221;.vc_custom_1494510617612{margin-right: -50px !important;margin-left: -50px !important;}&#8221;][vc_column width=&#8221;1\/2&#8243;][vc_tta_accordion shape=&#8221;square&#8221; color=&#8221;white&#8221; c_icon=&#8221;chevron&#8221; c_position=&#8221;right&#8221; active_section=&#8221;1&#8243; no_fill=&#8221;true&#8221; collapsible_all=&#8221;true&#8221;][vc_tta_section title=&#8221;Minu tellitud toode ei","twitter_misc":{"Est. reading time":"2 minutit"},"schema":{"@context":"https:\/\/schema.org","@graph":[{"@type":"WebPage","@id":"https:\/\/lustandlove.eu\/et\/kkk\/","url":"https:\/\/lustandlove.eu\/et\/kkk\/","name":"KKK | Lust and Love","isPartOf":{"@id":"https:\/\/lustandlove.eu\/et\/#website"},"datePublished":"2021-10-29T07:24:41+00:00","dateModified":"2026-04-25T05:29:27+00:00","breadcrumb":{"@id":"https:\/\/lustandlove.eu\/et\/kkk\/#breadcrumb"},"inLanguage":"et","potentialAction":[{"@type":"ReadAction","target":["https:\/\/lustandlove.eu\/et\/kkk\/"]}]},{"@type":"BreadcrumbList","@id":"https:\/\/lustandlove.eu\/et\/kkk\/#breadcrumb","itemListElement":[{"@type":"ListItem","position":1,"name":"Lust and Love","item":"https:\/\/lustandlove.eu\/et\/"},{"@type":"ListItem","position":2,"name":"KKK"}]},{"@type":"WebSite","@id":"https:\/\/lustandlove.eu\/et\/#website","url":"https:\/\/lustandlove.eu\/et\/","name":"Lust &amp; Love","description":"Online erootikapood tervise, ilu ja armastuse jaoks","publisher":{"@id":"https:\/\/lustandlove.eu\/et\/#organization"},"potentialAction":[{"@type":"SearchAction","target":{"@type":"EntryPoint","urlTemplate":"https:\/\/lustandlove.eu\/et\/?s={search_term_string}"},"query-input":{"@type":"PropertyValueSpecification","valueRequired":true,"valueName":"search_term_string"}}],"inLanguage":"et"},{"@type":"Organization","@id":"https:\/\/lustandlove.eu\/et\/#organization","name":"Bioconcept Baltics O\u00dc","url":"https:\/\/lustandlove.eu\/et\/","logo":{"@type":"ImageObject","inLanguage":"et","@id":"https:\/\/lustandlove.eu\/et\/#\/schema\/logo\/image\/","url":"","contentUrl":"","caption":"Bioconcept Baltics O\u00dc"},"image":{"@id":"https:\/\/lustandlove.eu\/et\/#\/schema\/logo\/image\/"},"sameAs":["https:\/\/www.facebook.com\/LustandLoveEU\/","https:\/\/www.instagram.com\/lustandloveeu\/"]}]}},"_links":{"self":[{"href":"https:\/\/lustandlove.eu\/et\/wp-json\/wp\/v2\/pages\/50349","targetHints":{"allow":["GET"]}}],"collection":[{"href":"https:\/\/lustandlove.eu\/et\/wp-json\/wp\/v2\/pages"}],"about":[{"href":"https:\/\/lustandlove.eu\/et\/wp-json\/wp\/v2\/types\/page"}],"author":[{"embeddable":true,"href":"https:\/\/lustandlove.eu\/et\/wp-json\/wp\/v2\/users\/5"}],"replies":[{"embeddable":true,"href":"https:\/\/lustandlove.eu\/et\/wp-json\/wp\/v2\/comments?post=50349"}],"version-history":[{"count":1,"href":"https:\/\/lustandlove.eu\/et\/wp-json\/wp\/v2\/pages\/50349\/revisions"}],"predecessor-version":[{"id":94051,"href":"https:\/\/lustandlove.eu\/et\/wp-json\/wp\/v2\/pages\/50349\/revisions\/94051"}],"wp:attachment":[{"href":"https:\/\/lustandlove.eu\/et\/wp-json\/wp\/v2\/media?parent=50349"}],"curies":[{"name":"wp","href":"https:\/\/api.w.org\/{rel}","templated":true}]}}