{"id":43915,"date":"2021-06-01T07:47:56","date_gmt":"2021-06-01T04:47:56","guid":{"rendered":"https:\/\/www.lustandlove.eu\/product\/gjuice-vee-baasil-libesti\/"},"modified":"2026-04-13T10:37:08","modified_gmt":"2026-04-13T07:37:08","slug":"gjuice-vee-baasil-libesti","status":"publish","type":"product","link":"https:\/\/lustandlove.eu\/et\/toode\/gjuice-vee-baasil-libesti\/","title":{"rendered":"Gjuice Vee Baasil Libesti"},"content":{"rendered":"<div class=\"wpb-content-wrapper\"><p>[vc_row][vc_column][vc_column_text woodmart_inline=&#8221;no&#8221; text_larger=&#8221;no&#8221;]<\/p>\n<h3><strong>Gjuice &#8211; Vee Baasil Libesti<\/strong><\/h3>\n<p>Unikaalse koostisega parim libesti turul! Kas oled kunagi n\u00e4inud Gjuice libestit oma kauni disaini, mugava pudeli, ning otsikuga, mis ei lase libestil v\u00e4lja lekkida? Siin ta on![\/vc_column_text][vc_column_text woodmart_inline=&#8221;no&#8221; text_larger=&#8221;no&#8221;]<\/p>\n<h3><strong>Armud selle v\u00e4limusse&#8230;<\/strong><\/h3>\n<p>Tutvu Gvibe uue seeriaga &#8211; Gjuice &#8211; mis koosneb libestist ja lelupuhastajast. Sinu pilku p\u00fc\u00fcab esmalt omap\u00e4rane pudel, mida v\u00f5id esmapilgul pidada lausa parf\u00fc\u00fcmiks. Pudel on valmistatud preemimum klaasist ja on elegantne, mahtudes mugavalt su peopessa.[\/vc_column_text][vc_column_text woodmart_inline=&#8221;no&#8221; text_larger=&#8221;no&#8221;]<\/p>\n<h3><strong>Omap\u00e4rane otsik hoiab pudeli puhtana<\/strong><\/h3>\n<p>Gjuice paistab turul teiste vahelt silma \u00fche lihtsa omadusega &#8211; allapoole suunatud otsik t\u00e4hendab, et libesti ei leki kunagi pudeli peale ning pudel n\u00e4eb alati l\u00e4ikiv v\u00e4lja! Kahjuks on levinud arvamus, et lekkiv libesti ja m\u00e4\u00e4rdunud pudel on levinud, muutes libesti millekski, mida pigem \u00e4ra peita. Kuid Gjuice originaalne otsik lausa palub, et j\u00e4taksid kauni pudeli oma \u00f6\u00f6kapile.[\/vc_column_text][vc_column_text woodmart_inline=&#8221;no&#8221; text_larger=&#8221;no&#8221;]<\/p>\n<h3><strong>K\u00f5ige kallimad koostisosad, kuna sa v\u00e4\u00e4rid parimat<\/strong><\/h3>\n<p>Kas Gjuice on sind juba \u00e4ra v\u00f5lunud? Siis kuula edasi! Gjuice libesti sees kasutatakse parimaid saadaval olevaid koostisosi. Me hoolime sinu tervisest, ning kasutame oma libestis vaid k\u00f5ige puhtamaid ja parimaid koostisosi.[\/vc_column_text][vc_column_text woodmart_inline=&#8221;no&#8221; text_larger=&#8221;no&#8221;]<b><i>Ingredients: <\/i><\/b><i>Water, Glycerin, Propylene glycol, Cellulose gum, EDTA, Carbomer, PEG-90M, Tetrahydroxypropyl ethylenediamine, Methylparaben, Sodium benzoate, Potassium sorbate.<\/i>[\/vc_column_text][\/vc_column][\/vc_row]<\/p>\n<\/div>","protected":false},"excerpt":{"rendered":"<p>[vc_row][vc_column][vc_column_text woodmart_inline=&#8221;no&#8221; text_larger=&#8221;no&#8221;] Gjuice &#8211; Vee Baasil Libesti Unikaalse koostisega parim libesti turul! Kas oled kunagi n\u00e4inud Gjuice libestit oma<\/p>\n","protected":false},"featured_media":43917,"template":"","meta":[],"product_brand":[4208],"product_cat":[1467,1460,3976],"product_tag":[],"class_list":{"0":"post-43915","1":"product","2":"type-product","3":"status-publish","4":"has-post-thumbnail","6":"product_brand-gvibe-et","7":"product_cat-libestid","8":"product_cat-apteek","9":"product_cat-vee-baasil","10":"pa_brand-gvibe-et","12":"first","13":"outofstock","14":"taxable","15":"shipping-taxable","16":"purchasable","17":"product-type-simple"},"yoast_head":"<!-- This site is optimized with the Yoast SEO plugin v27.3 - https:\/\/yoast.com\/product\/yoast-seo-wordpress\/ -->\n<title>Gjuice Vee Baasil Libesti | Lust and Love<\/title>\n<meta name=\"description\" content=\"Tutvu Gvibe uue seeriaga - Gjuice - mis koosneb nii libestist kui lelupuhastajast.\" \/>\n<meta name=\"robots\" content=\"index,follow,max-snippet:-1,max-image-preview:large,max-video-preview:-1\" \/>\n<link rel=\"canonical\" href=\"https:\/\/lustandlove.eu\/et\/toode\/gjuice-vee-baasil-libesti\/\" \/>\n<meta name=\"twitter:card\" content=\"summary_large_image\" \/>\n<meta name=\"twitter:title\" content=\"Gjuice Vee Baasil Libesti | Lust and Love\" \/>\n<meta name=\"twitter:description\" content=\"Tutvu Gvibe uue seeriaga - Gjuice - mis koosneb nii libestist kui lelupuhastajast.\" \/>\n<meta name=\"twitter:image\" content=\"https:\/\/lustandlove.eu\/wp-content\/uploads\/G_Gjuice_Water_Lubricant_10066.jpg\" \/>\n<meta name=\"twitter:label1\" content=\"Est. reading time\" \/>\n\t<meta name=\"twitter:data1\" content=\"2 minutit\" \/>\n<script type=\"application\/ld+json\" class=\"yoast-schema-graph\">{\"@context\":\"https:\\\/\\\/schema.org\",\"@graph\":[{\"@type\":[\"WebPage\",\"ItemPage\"],\"@id\":\"https:\\\/\\\/lustandlove.eu\\\/et\\\/toode\\\/gjuice-vee-baasil-libesti\\\/\",\"url\":\"https:\\\/\\\/lustandlove.eu\\\/et\\\/toode\\\/gjuice-vee-baasil-libesti\\\/\",\"name\":\"Gjuice Vee Baasil Libesti | Lust and Love\",\"isPartOf\":{\"@id\":\"https:\\\/\\\/lustandlove.eu\\\/et\\\/#website\"},\"primaryImageOfPage\":{\"@id\":\"https:\\\/\\\/lustandlove.eu\\\/et\\\/toode\\\/gjuice-vee-baasil-libesti\\\/#primaryimage\"},\"image\":{\"@id\":\"https:\\\/\\\/lustandlove.eu\\\/et\\\/toode\\\/gjuice-vee-baasil-libesti\\\/#primaryimage\"},\"thumbnailUrl\":\"https:\\\/\\\/lustandlove.eu\\\/wp-content\\\/uploads\\\/G_Gjuice_Water_Lubricant_10066.jpg\",\"datePublished\":\"2021-06-01T04:47:56+00:00\",\"dateModified\":\"2026-04-13T07:37:08+00:00\",\"description\":\"Tutvu Gvibe uue seeriaga - Gjuice - mis koosneb nii libestist kui lelupuhastajast.\",\"breadcrumb\":{\"@id\":\"https:\\\/\\\/lustandlove.eu\\\/et\\\/toode\\\/gjuice-vee-baasil-libesti\\\/#breadcrumb\"},\"inLanguage\":\"et\",\"potentialAction\":[{\"@type\":\"ReadAction\",\"target\":[\"https:\\\/\\\/lustandlove.eu\\\/et\\\/toode\\\/gjuice-vee-baasil-libesti\\\/\"]}]},{\"@type\":\"ImageObject\",\"inLanguage\":\"et\",\"@id\":\"https:\\\/\\\/lustandlove.eu\\\/et\\\/toode\\\/gjuice-vee-baasil-libesti\\\/#primaryimage\",\"url\":\"https:\\\/\\\/lustandlove.eu\\\/wp-content\\\/uploads\\\/G_Gjuice_Water_Lubricant_10066.jpg\",\"contentUrl\":\"https:\\\/\\\/lustandlove.eu\\\/wp-content\\\/uploads\\\/G_Gjuice_Water_Lubricant_10066.jpg\",\"width\":900,\"height\":1200},{\"@type\":\"BreadcrumbList\",\"@id\":\"https:\\\/\\\/lustandlove.eu\\\/et\\\/toode\\\/gjuice-vee-baasil-libesti\\\/#breadcrumb\",\"itemListElement\":[{\"@type\":\"ListItem\",\"position\":1,\"name\":\"Lust and Love\",\"item\":\"https:\\\/\\\/lustandlove.eu\\\/et\\\/\"},{\"@type\":\"ListItem\",\"position\":2,\"name\":\"Pood\",\"item\":\"https:\\\/\\\/lustandlove.eu\\\/et\\\/pood\\\/\"},{\"@type\":\"ListItem\",\"position\":3,\"name\":\"Keegli komplekt\",\"item\":\"https:\\\/\\\/lustandlove.eu\\\/et\\\/tootesilt\\\/keegli-komplekt\\\/\"},{\"@type\":\"ListItem\",\"position\":4,\"name\":\"Gjuice Vee Baasil Libesti\"}]},{\"@type\":\"WebSite\",\"@id\":\"https:\\\/\\\/lustandlove.eu\\\/et\\\/#website\",\"url\":\"https:\\\/\\\/lustandlove.eu\\\/et\\\/\",\"name\":\"Lust &amp; Love\",\"description\":\"Online erootikapood tervise, ilu ja armastuse jaoks\",\"publisher\":{\"@id\":\"https:\\\/\\\/lustandlove.eu\\\/et\\\/#organization\"},\"potentialAction\":[{\"@type\":\"SearchAction\",\"target\":{\"@type\":\"EntryPoint\",\"urlTemplate\":\"https:\\\/\\\/lustandlove.eu\\\/et\\\/?s={search_term_string}\"},\"query-input\":{\"@type\":\"PropertyValueSpecification\",\"valueRequired\":true,\"valueName\":\"search_term_string\"}}],\"inLanguage\":\"et\"},{\"@type\":\"Organization\",\"@id\":\"https:\\\/\\\/lustandlove.eu\\\/et\\\/#organization\",\"name\":\"Bioconcept Baltics O\u00dc\",\"url\":\"https:\\\/\\\/lustandlove.eu\\\/et\\\/\",\"logo\":{\"@type\":\"ImageObject\",\"inLanguage\":\"et\",\"@id\":\"https:\\\/\\\/lustandlove.eu\\\/et\\\/#\\\/schema\\\/logo\\\/image\\\/\",\"url\":\"\",\"contentUrl\":\"\",\"caption\":\"Bioconcept Baltics O\u00dc\"},\"image\":{\"@id\":\"https:\\\/\\\/lustandlove.eu\\\/et\\\/#\\\/schema\\\/logo\\\/image\\\/\"},\"sameAs\":[\"https:\\\/\\\/www.facebook.com\\\/LustandLoveEU\\\/\",\"https:\\\/\\\/www.instagram.com\\\/lustandloveeu\\\/\"]}]}<\/script>\n<!-- \/ Yoast SEO plugin. -->","yoast_head_json":{"title":"Gjuice Vee Baasil Libesti | Lust and Love","description":"Tutvu Gvibe uue seeriaga - Gjuice - mis koosneb nii libestist kui lelupuhastajast.","robots":{"index,follow,max-snippet":"index,follow,max-snippet:-1,max-image-preview:large,max-video-preview:-1"},"canonical":"https:\/\/lustandlove.eu\/et\/toode\/gjuice-vee-baasil-libesti\/","twitter_card":"summary_large_image","twitter_title":"Gjuice Vee Baasil Libesti | Lust and Love","twitter_description":"Tutvu Gvibe uue seeriaga - Gjuice - mis koosneb nii libestist kui lelupuhastajast.","twitter_image":"https:\/\/lustandlove.eu\/wp-content\/uploads\/G_Gjuice_Water_Lubricant_10066.jpg","twitter_misc":{"Est. reading time":"2 minutit"},"schema":{"@context":"https:\/\/schema.org","@graph":[{"@type":["WebPage","ItemPage"],"@id":"https:\/\/lustandlove.eu\/et\/toode\/gjuice-vee-baasil-libesti\/","url":"https:\/\/lustandlove.eu\/et\/toode\/gjuice-vee-baasil-libesti\/","name":"Gjuice Vee Baasil Libesti | Lust and Love","isPartOf":{"@id":"https:\/\/lustandlove.eu\/et\/#website"},"primaryImageOfPage":{"@id":"https:\/\/lustandlove.eu\/et\/toode\/gjuice-vee-baasil-libesti\/#primaryimage"},"image":{"@id":"https:\/\/lustandlove.eu\/et\/toode\/gjuice-vee-baasil-libesti\/#primaryimage"},"thumbnailUrl":"https:\/\/lustandlove.eu\/wp-content\/uploads\/G_Gjuice_Water_Lubricant_10066.jpg","datePublished":"2021-06-01T04:47:56+00:00","dateModified":"2026-04-13T07:37:08+00:00","description":"Tutvu Gvibe uue seeriaga - Gjuice - mis koosneb nii libestist kui lelupuhastajast.","breadcrumb":{"@id":"https:\/\/lustandlove.eu\/et\/toode\/gjuice-vee-baasil-libesti\/#breadcrumb"},"inLanguage":"et","potentialAction":[{"@type":"ReadAction","target":["https:\/\/lustandlove.eu\/et\/toode\/gjuice-vee-baasil-libesti\/"]}]},{"@type":"ImageObject","inLanguage":"et","@id":"https:\/\/lustandlove.eu\/et\/toode\/gjuice-vee-baasil-libesti\/#primaryimage","url":"https:\/\/lustandlove.eu\/wp-content\/uploads\/G_Gjuice_Water_Lubricant_10066.jpg","contentUrl":"https:\/\/lustandlove.eu\/wp-content\/uploads\/G_Gjuice_Water_Lubricant_10066.jpg","width":900,"height":1200},{"@type":"BreadcrumbList","@id":"https:\/\/lustandlove.eu\/et\/toode\/gjuice-vee-baasil-libesti\/#breadcrumb","itemListElement":[{"@type":"ListItem","position":1,"name":"Lust and Love","item":"https:\/\/lustandlove.eu\/et\/"},{"@type":"ListItem","position":2,"name":"Pood","item":"https:\/\/lustandlove.eu\/et\/pood\/"},{"@type":"ListItem","position":3,"name":"Keegli komplekt","item":"https:\/\/lustandlove.eu\/et\/tootesilt\/keegli-komplekt\/"},{"@type":"ListItem","position":4,"name":"Gjuice Vee Baasil Libesti"}]},{"@type":"WebSite","@id":"https:\/\/lustandlove.eu\/et\/#website","url":"https:\/\/lustandlove.eu\/et\/","name":"Lust &amp; Love","description":"Online erootikapood tervise, ilu ja armastuse jaoks","publisher":{"@id":"https:\/\/lustandlove.eu\/et\/#organization"},"potentialAction":[{"@type":"SearchAction","target":{"@type":"EntryPoint","urlTemplate":"https:\/\/lustandlove.eu\/et\/?s={search_term_string}"},"query-input":{"@type":"PropertyValueSpecification","valueRequired":true,"valueName":"search_term_string"}}],"inLanguage":"et"},{"@type":"Organization","@id":"https:\/\/lustandlove.eu\/et\/#organization","name":"Bioconcept Baltics O\u00dc","url":"https:\/\/lustandlove.eu\/et\/","logo":{"@type":"ImageObject","inLanguage":"et","@id":"https:\/\/lustandlove.eu\/et\/#\/schema\/logo\/image\/","url":"","contentUrl":"","caption":"Bioconcept Baltics O\u00dc"},"image":{"@id":"https:\/\/lustandlove.eu\/et\/#\/schema\/logo\/image\/"},"sameAs":["https:\/\/www.facebook.com\/LustandLoveEU\/","https:\/\/www.instagram.com\/lustandloveeu\/"]}]}},"_links":{"self":[{"href":"https:\/\/lustandlove.eu\/et\/wp-json\/wp\/v2\/product\/43915","targetHints":{"allow":["GET"]}}],"collection":[{"href":"https:\/\/lustandlove.eu\/et\/wp-json\/wp\/v2\/product"}],"about":[{"href":"https:\/\/lustandlove.eu\/et\/wp-json\/wp\/v2\/types\/product"}],"wp:featuredmedia":[{"embeddable":true,"href":"https:\/\/lustandlove.eu\/et\/wp-json\/wp\/v2\/media\/43917"}],"wp:attachment":[{"href":"https:\/\/lustandlove.eu\/et\/wp-json\/wp\/v2\/media?parent=43915"}],"wp:term":[{"taxonomy":"product_brand","embeddable":true,"href":"https:\/\/lustandlove.eu\/et\/wp-json\/wp\/v2\/product_brand?post=43915"},{"taxonomy":"product_cat","embeddable":true,"href":"https:\/\/lustandlove.eu\/et\/wp-json\/wp\/v2\/product_cat?post=43915"},{"taxonomy":"product_tag","embeddable":true,"href":"https:\/\/lustandlove.eu\/et\/wp-json\/wp\/v2\/product_tag?post=43915"}],"curies":[{"name":"wp","href":"https:\/\/api.w.org\/{rel}","templated":true}]}}