{"id":43919,"date":"2021-06-01T07:47:32","date_gmt":"2021-06-01T04:47:32","guid":{"rendered":"https:\/\/www.lustandlove.eu\/product\/silikoon-anaalduss-peenike-ots\/"},"modified":"2026-04-13T10:37:10","modified_gmt":"2026-04-13T07:37:10","slug":"silikoon-anaalduss-peenike-ots","status":"publish","type":"product","link":"https:\/\/lustandlove.eu\/et\/toode\/silikoon-anaalduss-peenike-ots\/","title":{"rendered":"Silikoon Anaaldu\u0161\u0161 &#8211; Peenike Ots"},"content":{"rendered":"<div class=\"wpb-content-wrapper\"><p>[vc_row][vc_column][vc_column_text woodmart_inline=&#8221;no&#8221; text_larger=&#8221;no&#8221;]<\/p>\n<h3><strong>Silikoon Anaaldu\u0161\u0161 &#8211; Peenike Ots<\/strong><\/h3>\n<p>[\/vc_column_text][vc_column_text woodmart_inline=&#8221;no&#8221; text_larger=&#8221;no&#8221;]Muuda pesemine lihtsaks ja kiireks koos silikoonist anaaldu\u0161\u0161iga. Kasutamiseks lisa anuma sisse vett, keera peale otsik, sisesta anaalselt v\u00f5i vaginaalselt, ja pigista anumat. Nii saad pesta ka keerulisemaid kohti, mis v\u00f5ivad vastasel juhul muret tekitada.<\/p>\n<p>Otsik on valmistatud vastupidavast materjalist ning eriti peenikese otsaga, et muuta sisestamine kergeks. Anum on valmistatud kehas\u00f5bralikust silikoonist ning hoiab kuni 225ml vett.[\/vc_column_text][\/vc_column][\/vc_row]<\/p>\n<\/div>","protected":false},"excerpt":{"rendered":"<p>Muuda pesemine lihtsaks ja kiireks koos silikoonist anaaldu\u0161\u0161iga.<\/p>\n","protected":false},"featured_media":43920,"template":"","meta":[],"product_brand":[4200],"product_cat":[1466,1460],"product_tag":[],"class_list":{"0":"post-43919","1":"product","2":"type-product","3":"status-publish","4":"has-post-thumbnail","6":"product_brand-clean-stream-et","7":"product_cat-hugieen","8":"product_cat-apteek","9":"pa_brand-clean-stream-et","11":"first","12":"instock","13":"taxable","14":"shipping-taxable","15":"purchasable","16":"product-type-simple"},"yoast_head":"<!-- This site is optimized with the Yoast SEO plugin v27.3 - https:\/\/yoast.com\/product\/yoast-seo-wordpress\/ -->\n<title>Silikoon Anaaldu\u0161\u0161 - Peenike Ots | Lust and Love<\/title>\n<meta name=\"robots\" content=\"index,follow,max-snippet:-1,max-image-preview:large,max-video-preview:-1\" \/>\n<link rel=\"canonical\" href=\"https:\/\/lustandlove.eu\/et\/toode\/silikoon-anaalduss-peenike-ots\/\" \/>\n<meta name=\"twitter:card\" content=\"summary_large_image\" \/>\n<meta name=\"twitter:title\" content=\"Silikoon Anaaldu\u0161\u0161 - Peenike Ots | Lust and Love\" \/>\n<meta name=\"twitter:description\" content=\"Muuda pesemine lihtsaks ja kiireks koos silikoonist anaaldu\u0161\u0161iga.\" \/>\n<meta name=\"twitter:image\" content=\"https:\/\/lustandlove.eu\/wp-content\/uploads\/118-xr-ad653.jpg\" \/>\n<script type=\"application\/ld+json\" class=\"yoast-schema-graph\">{\"@context\":\"https:\\\/\\\/schema.org\",\"@graph\":[{\"@type\":[\"WebPage\",\"ItemPage\"],\"@id\":\"https:\\\/\\\/lustandlove.eu\\\/et\\\/toode\\\/silikoon-anaalduss-peenike-ots\\\/\",\"url\":\"https:\\\/\\\/lustandlove.eu\\\/et\\\/toode\\\/silikoon-anaalduss-peenike-ots\\\/\",\"name\":\"Silikoon Anaaldu\u0161\u0161 - Peenike Ots | Lust and Love\",\"isPartOf\":{\"@id\":\"https:\\\/\\\/lustandlove.eu\\\/et\\\/#website\"},\"primaryImageOfPage\":{\"@id\":\"https:\\\/\\\/lustandlove.eu\\\/et\\\/toode\\\/silikoon-anaalduss-peenike-ots\\\/#primaryimage\"},\"image\":{\"@id\":\"https:\\\/\\\/lustandlove.eu\\\/et\\\/toode\\\/silikoon-anaalduss-peenike-ots\\\/#primaryimage\"},\"thumbnailUrl\":\"https:\\\/\\\/lustandlove.eu\\\/wp-content\\\/uploads\\\/118-xr-ad653.jpg\",\"datePublished\":\"2021-06-01T04:47:32+00:00\",\"dateModified\":\"2026-04-13T07:37:10+00:00\",\"breadcrumb\":{\"@id\":\"https:\\\/\\\/lustandlove.eu\\\/et\\\/toode\\\/silikoon-anaalduss-peenike-ots\\\/#breadcrumb\"},\"inLanguage\":\"et\",\"potentialAction\":[{\"@type\":\"ReadAction\",\"target\":[\"https:\\\/\\\/lustandlove.eu\\\/et\\\/toode\\\/silikoon-anaalduss-peenike-ots\\\/\"]}]},{\"@type\":\"ImageObject\",\"inLanguage\":\"et\",\"@id\":\"https:\\\/\\\/lustandlove.eu\\\/et\\\/toode\\\/silikoon-anaalduss-peenike-ots\\\/#primaryimage\",\"url\":\"https:\\\/\\\/lustandlove.eu\\\/wp-content\\\/uploads\\\/118-xr-ad653.jpg\",\"contentUrl\":\"https:\\\/\\\/lustandlove.eu\\\/wp-content\\\/uploads\\\/118-xr-ad653.jpg\",\"width\":700,\"height\":450},{\"@type\":\"BreadcrumbList\",\"@id\":\"https:\\\/\\\/lustandlove.eu\\\/et\\\/toode\\\/silikoon-anaalduss-peenike-ots\\\/#breadcrumb\",\"itemListElement\":[{\"@type\":\"ListItem\",\"position\":1,\"name\":\"Lust and Love\",\"item\":\"https:\\\/\\\/lustandlove.eu\\\/et\\\/\"},{\"@type\":\"ListItem\",\"position\":2,\"name\":\"Pood\",\"item\":\"https:\\\/\\\/lustandlove.eu\\\/et\\\/pood\\\/\"},{\"@type\":\"ListItem\",\"position\":3,\"name\":\"Libestid ja kehahooldus\",\"item\":\"https:\\\/\\\/lustandlove.eu\\\/et\\\/pood\\\/apteek\\\/\"},{\"@type\":\"ListItem\",\"position\":4,\"name\":\"H\u00fcgieen\",\"item\":\"https:\\\/\\\/lustandlove.eu\\\/et\\\/pood\\\/apteek\\\/hugieen\\\/\"},{\"@type\":\"ListItem\",\"position\":5,\"name\":\"Silikoon Anaaldu\u0161\u0161 &#8211; Peenike Ots\"}]},{\"@type\":\"WebSite\",\"@id\":\"https:\\\/\\\/lustandlove.eu\\\/et\\\/#website\",\"url\":\"https:\\\/\\\/lustandlove.eu\\\/et\\\/\",\"name\":\"Lust &amp; Love\",\"description\":\"Online erootikapood tervise, ilu ja armastuse jaoks\",\"publisher\":{\"@id\":\"https:\\\/\\\/lustandlove.eu\\\/et\\\/#organization\"},\"potentialAction\":[{\"@type\":\"SearchAction\",\"target\":{\"@type\":\"EntryPoint\",\"urlTemplate\":\"https:\\\/\\\/lustandlove.eu\\\/et\\\/?s={search_term_string}\"},\"query-input\":{\"@type\":\"PropertyValueSpecification\",\"valueRequired\":true,\"valueName\":\"search_term_string\"}}],\"inLanguage\":\"et\"},{\"@type\":\"Organization\",\"@id\":\"https:\\\/\\\/lustandlove.eu\\\/et\\\/#organization\",\"name\":\"Bioconcept Baltics O\u00dc\",\"url\":\"https:\\\/\\\/lustandlove.eu\\\/et\\\/\",\"logo\":{\"@type\":\"ImageObject\",\"inLanguage\":\"et\",\"@id\":\"https:\\\/\\\/lustandlove.eu\\\/et\\\/#\\\/schema\\\/logo\\\/image\\\/\",\"url\":\"\",\"contentUrl\":\"\",\"caption\":\"Bioconcept Baltics O\u00dc\"},\"image\":{\"@id\":\"https:\\\/\\\/lustandlove.eu\\\/et\\\/#\\\/schema\\\/logo\\\/image\\\/\"},\"sameAs\":[\"https:\\\/\\\/www.facebook.com\\\/LustandLoveEU\\\/\",\"https:\\\/\\\/www.instagram.com\\\/lustandloveeu\\\/\"]}]}<\/script>\n<!-- \/ Yoast SEO plugin. -->","yoast_head_json":{"title":"Silikoon Anaaldu\u0161\u0161 - Peenike Ots | Lust and Love","robots":{"index,follow,max-snippet":"index,follow,max-snippet:-1,max-image-preview:large,max-video-preview:-1"},"canonical":"https:\/\/lustandlove.eu\/et\/toode\/silikoon-anaalduss-peenike-ots\/","twitter_card":"summary_large_image","twitter_title":"Silikoon Anaaldu\u0161\u0161 - Peenike Ots | Lust and Love","twitter_description":"Muuda pesemine lihtsaks ja kiireks koos silikoonist anaaldu\u0161\u0161iga.","twitter_image":"https:\/\/lustandlove.eu\/wp-content\/uploads\/118-xr-ad653.jpg","schema":{"@context":"https:\/\/schema.org","@graph":[{"@type":["WebPage","ItemPage"],"@id":"https:\/\/lustandlove.eu\/et\/toode\/silikoon-anaalduss-peenike-ots\/","url":"https:\/\/lustandlove.eu\/et\/toode\/silikoon-anaalduss-peenike-ots\/","name":"Silikoon Anaaldu\u0161\u0161 - Peenike Ots | Lust and Love","isPartOf":{"@id":"https:\/\/lustandlove.eu\/et\/#website"},"primaryImageOfPage":{"@id":"https:\/\/lustandlove.eu\/et\/toode\/silikoon-anaalduss-peenike-ots\/#primaryimage"},"image":{"@id":"https:\/\/lustandlove.eu\/et\/toode\/silikoon-anaalduss-peenike-ots\/#primaryimage"},"thumbnailUrl":"https:\/\/lustandlove.eu\/wp-content\/uploads\/118-xr-ad653.jpg","datePublished":"2021-06-01T04:47:32+00:00","dateModified":"2026-04-13T07:37:10+00:00","breadcrumb":{"@id":"https:\/\/lustandlove.eu\/et\/toode\/silikoon-anaalduss-peenike-ots\/#breadcrumb"},"inLanguage":"et","potentialAction":[{"@type":"ReadAction","target":["https:\/\/lustandlove.eu\/et\/toode\/silikoon-anaalduss-peenike-ots\/"]}]},{"@type":"ImageObject","inLanguage":"et","@id":"https:\/\/lustandlove.eu\/et\/toode\/silikoon-anaalduss-peenike-ots\/#primaryimage","url":"https:\/\/lustandlove.eu\/wp-content\/uploads\/118-xr-ad653.jpg","contentUrl":"https:\/\/lustandlove.eu\/wp-content\/uploads\/118-xr-ad653.jpg","width":700,"height":450},{"@type":"BreadcrumbList","@id":"https:\/\/lustandlove.eu\/et\/toode\/silikoon-anaalduss-peenike-ots\/#breadcrumb","itemListElement":[{"@type":"ListItem","position":1,"name":"Lust and Love","item":"https:\/\/lustandlove.eu\/et\/"},{"@type":"ListItem","position":2,"name":"Pood","item":"https:\/\/lustandlove.eu\/et\/pood\/"},{"@type":"ListItem","position":3,"name":"Libestid ja kehahooldus","item":"https:\/\/lustandlove.eu\/et\/pood\/apteek\/"},{"@type":"ListItem","position":4,"name":"H\u00fcgieen","item":"https:\/\/lustandlove.eu\/et\/pood\/apteek\/hugieen\/"},{"@type":"ListItem","position":5,"name":"Silikoon Anaaldu\u0161\u0161 &#8211; Peenike Ots"}]},{"@type":"WebSite","@id":"https:\/\/lustandlove.eu\/et\/#website","url":"https:\/\/lustandlove.eu\/et\/","name":"Lust &amp; Love","description":"Online erootikapood tervise, ilu ja armastuse jaoks","publisher":{"@id":"https:\/\/lustandlove.eu\/et\/#organization"},"potentialAction":[{"@type":"SearchAction","target":{"@type":"EntryPoint","urlTemplate":"https:\/\/lustandlove.eu\/et\/?s={search_term_string}"},"query-input":{"@type":"PropertyValueSpecification","valueRequired":true,"valueName":"search_term_string"}}],"inLanguage":"et"},{"@type":"Organization","@id":"https:\/\/lustandlove.eu\/et\/#organization","name":"Bioconcept Baltics O\u00dc","url":"https:\/\/lustandlove.eu\/et\/","logo":{"@type":"ImageObject","inLanguage":"et","@id":"https:\/\/lustandlove.eu\/et\/#\/schema\/logo\/image\/","url":"","contentUrl":"","caption":"Bioconcept Baltics O\u00dc"},"image":{"@id":"https:\/\/lustandlove.eu\/et\/#\/schema\/logo\/image\/"},"sameAs":["https:\/\/www.facebook.com\/LustandLoveEU\/","https:\/\/www.instagram.com\/lustandloveeu\/"]}]}},"_links":{"self":[{"href":"https:\/\/lustandlove.eu\/et\/wp-json\/wp\/v2\/product\/43919","targetHints":{"allow":["GET"]}}],"collection":[{"href":"https:\/\/lustandlove.eu\/et\/wp-json\/wp\/v2\/product"}],"about":[{"href":"https:\/\/lustandlove.eu\/et\/wp-json\/wp\/v2\/types\/product"}],"wp:featuredmedia":[{"embeddable":true,"href":"https:\/\/lustandlove.eu\/et\/wp-json\/wp\/v2\/media\/43920"}],"wp:attachment":[{"href":"https:\/\/lustandlove.eu\/et\/wp-json\/wp\/v2\/media?parent=43919"}],"wp:term":[{"taxonomy":"product_brand","embeddable":true,"href":"https:\/\/lustandlove.eu\/et\/wp-json\/wp\/v2\/product_brand?post=43919"},{"taxonomy":"product_cat","embeddable":true,"href":"https:\/\/lustandlove.eu\/et\/wp-json\/wp\/v2\/product_cat?post=43919"},{"taxonomy":"product_tag","embeddable":true,"href":"https:\/\/lustandlove.eu\/et\/wp-json\/wp\/v2\/product_tag?post=43919"}],"curies":[{"name":"wp","href":"https:\/\/api.w.org\/{rel}","templated":true}]}}