{"id":43927,"date":"2021-06-01T06:59:32","date_gmt":"2021-06-01T03:59:32","guid":{"rendered":"https:\/\/www.lustandlove.eu\/product\/hey-veebaasil-anaallibesti\/"},"modified":"2026-04-13T10:37:12","modified_gmt":"2026-04-13T07:37:12","slug":"hey-veebaasil-anaallibesti","status":"publish","type":"product","link":"https:\/\/lustandlove.eu\/et\/toode\/hey-veebaasil-anaallibesti\/","title":{"rendered":"HEY veebaasil anaallibesti"},"content":{"rendered":"<div class=\"wpb-content-wrapper\"><p>[vc_row][vc_column][vc_column_text woodmart_inline=&#8221;no&#8221; text_larger=&#8221;no&#8221;]<\/p>\n<h3><strong>HEY veebaasil anaallibesti<\/strong><\/h3>\n<p>[\/vc_column_text][vc_column_text woodmart_inline=&#8221;no&#8221; text_larger=&#8221;no&#8221;]EGZO Hey on vee baasil paksem libesti, mis sobib h\u00e4sti anaalseksiks v\u00f5i neile, kes tunnevad seksi ajal valu. Paksem koostis on eriti abiks neile, kes kannatavad menopausi v\u00f5i kuiva tupe all.<\/p>\n<p>EGZO Hey peamine eesm\u00e4rk on h\u00f5\u00f5rdumise v\u00e4hendamine, valusate ja ebamugavate olukordade v\u00e4ltimine ning kondoomide ja dildode allergiliste reaktsioonide v\u00e4hendamine.<\/p>\n<p>Intiimsed EGZO geelid v\u00e4hendavad h\u00f5\u00f5rdumist, niisutavad tupe ja p\u00e4raku seinu. Tagavad parema peenise v\u00f5i dildo libisemise ning sisenemise tuppe ja tagumikku.<\/p>\n<p>EGZO\u00a0libestid pakuvad pikantsust ja romantilist intiimsust, pikendavad m\u00e4rkimisv\u00e4\u00e4rselt romantilist kohtingut, aitavad partneritel orgasmini samaaegselt j\u00f5uda, pikendavad meestel erektsiooni ja vahekorra kestust.<\/p>\n<p>Koostis: vesi, gl\u00fctseriin, h\u00fcdroks\u00fcet\u00fc\u00fcltselluloos, fenoks\u00fcetanool, et\u00fc\u00fclheksagl\u00fctseriin, imidasolidin\u00fc\u00fcluurea, PEG-40 h\u00fcdrogeenitud kastoor\u00f5li, prop\u00fcleengl\u00fckool, aspartaam, vitamiin E, l\u00f5hnaaine, aloe vera.[\/vc_column_text][\/vc_column][\/vc_row]<\/p>\n<\/div>","protected":false},"excerpt":{"rendered":"<p>EGZO Hey on vee baasil paksem libesti, mis sobib h\u00e4sti anaalseksiks v\u00f5i neile, kes tunnevad seksi ajal valu. Paksem koostis on eriti abiks neile, kes kannatavad menopausi v\u00f5i kuiva tupe all.<\/p>\n","protected":false},"featured_media":44126,"template":"","meta":[],"product_brand":[4203],"product_cat":[3973,1467,1460,3976],"product_tag":[4096,1519,3781],"class_list":{"0":"post-43927","1":"product","2":"type-product","3":"status-publish","4":"has-post-thumbnail","6":"product_brand-egzo-et","7":"product_cat-anaal","8":"product_cat-libestid","9":"product_cat-apteek","10":"product_cat-vee-baasil","11":"product_tag-bf75-et","12":"product_tag-libesti-et","13":"product_tag-must-reede","14":"pa_brand-egzo-et","16":"first","17":"instock","18":"taxable","19":"shipping-taxable","20":"purchasable","21":"product-type-variable"},"yoast_head":"<!-- This site is optimized with the Yoast SEO plugin v27.3 - https:\/\/yoast.com\/product\/yoast-seo-wordpress\/ -->\n<title>HEY veebaasil anaallibesti | Lust and Love<\/title>\n<meta name=\"robots\" content=\"index,follow,max-snippet:-1,max-image-preview:large,max-video-preview:-1\" \/>\n<link rel=\"canonical\" href=\"https:\/\/lustandlove.eu\/et\/toode\/hey-veebaasil-anaallibesti\/\" \/>\n<meta name=\"twitter:card\" content=\"summary_large_image\" \/>\n<meta name=\"twitter:title\" content=\"HEY veebaasil anaallibesti | Lust and Love\" \/>\n<meta name=\"twitter:description\" content=\"EGZO Hey on vee baasil paksem libesti, mis sobib h\u00e4sti anaalseksiks v\u00f5i neile, kes tunnevad seksi ajal valu. Paksem koostis on eriti abiks neile, kes kannatavad menopausi v\u00f5i kuiva tupe all.\" \/>\n<meta name=\"twitter:image\" content=\"https:\/\/lustandlove.eu\/wp-content\/uploads\/hey.png\" \/>\n<meta name=\"twitter:label1\" content=\"Est. reading time\" \/>\n\t<meta name=\"twitter:data1\" content=\"1 minut\" \/>\n<script type=\"application\/ld+json\" class=\"yoast-schema-graph\">{\"@context\":\"https:\\\/\\\/schema.org\",\"@graph\":[{\"@type\":[\"WebPage\",\"ItemPage\"],\"@id\":\"https:\\\/\\\/lustandlove.eu\\\/et\\\/toode\\\/hey-veebaasil-anaallibesti\\\/\",\"url\":\"https:\\\/\\\/lustandlove.eu\\\/et\\\/toode\\\/hey-veebaasil-anaallibesti\\\/\",\"name\":\"HEY veebaasil anaallibesti | Lust and Love\",\"isPartOf\":{\"@id\":\"https:\\\/\\\/lustandlove.eu\\\/et\\\/#website\"},\"primaryImageOfPage\":{\"@id\":\"https:\\\/\\\/lustandlove.eu\\\/et\\\/toode\\\/hey-veebaasil-anaallibesti\\\/#primaryimage\"},\"image\":{\"@id\":\"https:\\\/\\\/lustandlove.eu\\\/et\\\/toode\\\/hey-veebaasil-anaallibesti\\\/#primaryimage\"},\"thumbnailUrl\":\"https:\\\/\\\/lustandlove.eu\\\/wp-content\\\/uploads\\\/hey.png\",\"datePublished\":\"2021-06-01T03:59:32+00:00\",\"dateModified\":\"2026-04-13T07:37:12+00:00\",\"breadcrumb\":{\"@id\":\"https:\\\/\\\/lustandlove.eu\\\/et\\\/toode\\\/hey-veebaasil-anaallibesti\\\/#breadcrumb\"},\"inLanguage\":\"et\",\"potentialAction\":[{\"@type\":\"ReadAction\",\"target\":[\"https:\\\/\\\/lustandlove.eu\\\/et\\\/toode\\\/hey-veebaasil-anaallibesti\\\/\"]}]},{\"@type\":\"ImageObject\",\"inLanguage\":\"et\",\"@id\":\"https:\\\/\\\/lustandlove.eu\\\/et\\\/toode\\\/hey-veebaasil-anaallibesti\\\/#primaryimage\",\"url\":\"https:\\\/\\\/lustandlove.eu\\\/wp-content\\\/uploads\\\/hey.png\",\"contentUrl\":\"https:\\\/\\\/lustandlove.eu\\\/wp-content\\\/uploads\\\/hey.png\",\"width\":1064,\"height\":823,\"caption\":\"Egzo Hey -Lust and Love\"},{\"@type\":\"BreadcrumbList\",\"@id\":\"https:\\\/\\\/lustandlove.eu\\\/et\\\/toode\\\/hey-veebaasil-anaallibesti\\\/#breadcrumb\",\"itemListElement\":[{\"@type\":\"ListItem\",\"position\":1,\"name\":\"Lust and Love\",\"item\":\"https:\\\/\\\/lustandlove.eu\\\/et\\\/\"},{\"@type\":\"ListItem\",\"position\":2,\"name\":\"Pood\",\"item\":\"https:\\\/\\\/lustandlove.eu\\\/et\\\/pood\\\/\"},{\"@type\":\"ListItem\",\"position\":3,\"name\":\"Libestid ja kehahooldus\",\"item\":\"https:\\\/\\\/lustandlove.eu\\\/et\\\/pood\\\/apteek\\\/\"},{\"@type\":\"ListItem\",\"position\":4,\"name\":\"Libestid\",\"item\":\"https:\\\/\\\/lustandlove.eu\\\/et\\\/pood\\\/apteek\\\/libestid\\\/\"},{\"@type\":\"ListItem\",\"position\":5,\"name\":\"Anaal\",\"item\":\"https:\\\/\\\/lustandlove.eu\\\/et\\\/pood\\\/apteek\\\/libestid\\\/anaal\\\/\"},{\"@type\":\"ListItem\",\"position\":6,\"name\":\"HEY veebaasil anaallibesti\"}]},{\"@type\":\"WebSite\",\"@id\":\"https:\\\/\\\/lustandlove.eu\\\/et\\\/#website\",\"url\":\"https:\\\/\\\/lustandlove.eu\\\/et\\\/\",\"name\":\"Lust &amp; Love\",\"description\":\"Online erootikapood tervise, ilu ja armastuse jaoks\",\"publisher\":{\"@id\":\"https:\\\/\\\/lustandlove.eu\\\/et\\\/#organization\"},\"potentialAction\":[{\"@type\":\"SearchAction\",\"target\":{\"@type\":\"EntryPoint\",\"urlTemplate\":\"https:\\\/\\\/lustandlove.eu\\\/et\\\/?s={search_term_string}\"},\"query-input\":{\"@type\":\"PropertyValueSpecification\",\"valueRequired\":true,\"valueName\":\"search_term_string\"}}],\"inLanguage\":\"et\"},{\"@type\":\"Organization\",\"@id\":\"https:\\\/\\\/lustandlove.eu\\\/et\\\/#organization\",\"name\":\"Bioconcept Baltics O\u00dc\",\"url\":\"https:\\\/\\\/lustandlove.eu\\\/et\\\/\",\"logo\":{\"@type\":\"ImageObject\",\"inLanguage\":\"et\",\"@id\":\"https:\\\/\\\/lustandlove.eu\\\/et\\\/#\\\/schema\\\/logo\\\/image\\\/\",\"url\":\"\",\"contentUrl\":\"\",\"caption\":\"Bioconcept Baltics O\u00dc\"},\"image\":{\"@id\":\"https:\\\/\\\/lustandlove.eu\\\/et\\\/#\\\/schema\\\/logo\\\/image\\\/\"},\"sameAs\":[\"https:\\\/\\\/www.facebook.com\\\/LustandLoveEU\\\/\",\"https:\\\/\\\/www.instagram.com\\\/lustandloveeu\\\/\"]}]}<\/script>\n<!-- \/ Yoast SEO plugin. -->","yoast_head_json":{"title":"HEY veebaasil anaallibesti | Lust and Love","robots":{"index,follow,max-snippet":"index,follow,max-snippet:-1,max-image-preview:large,max-video-preview:-1"},"canonical":"https:\/\/lustandlove.eu\/et\/toode\/hey-veebaasil-anaallibesti\/","twitter_card":"summary_large_image","twitter_title":"HEY veebaasil anaallibesti | Lust and Love","twitter_description":"EGZO Hey on vee baasil paksem libesti, mis sobib h\u00e4sti anaalseksiks v\u00f5i neile, kes tunnevad seksi ajal valu. Paksem koostis on eriti abiks neile, kes kannatavad menopausi v\u00f5i kuiva tupe all.","twitter_image":"https:\/\/lustandlove.eu\/wp-content\/uploads\/hey.png","twitter_misc":{"Est. reading time":"1 minut"},"schema":{"@context":"https:\/\/schema.org","@graph":[{"@type":["WebPage","ItemPage"],"@id":"https:\/\/lustandlove.eu\/et\/toode\/hey-veebaasil-anaallibesti\/","url":"https:\/\/lustandlove.eu\/et\/toode\/hey-veebaasil-anaallibesti\/","name":"HEY veebaasil anaallibesti | Lust and Love","isPartOf":{"@id":"https:\/\/lustandlove.eu\/et\/#website"},"primaryImageOfPage":{"@id":"https:\/\/lustandlove.eu\/et\/toode\/hey-veebaasil-anaallibesti\/#primaryimage"},"image":{"@id":"https:\/\/lustandlove.eu\/et\/toode\/hey-veebaasil-anaallibesti\/#primaryimage"},"thumbnailUrl":"https:\/\/lustandlove.eu\/wp-content\/uploads\/hey.png","datePublished":"2021-06-01T03:59:32+00:00","dateModified":"2026-04-13T07:37:12+00:00","breadcrumb":{"@id":"https:\/\/lustandlove.eu\/et\/toode\/hey-veebaasil-anaallibesti\/#breadcrumb"},"inLanguage":"et","potentialAction":[{"@type":"ReadAction","target":["https:\/\/lustandlove.eu\/et\/toode\/hey-veebaasil-anaallibesti\/"]}]},{"@type":"ImageObject","inLanguage":"et","@id":"https:\/\/lustandlove.eu\/et\/toode\/hey-veebaasil-anaallibesti\/#primaryimage","url":"https:\/\/lustandlove.eu\/wp-content\/uploads\/hey.png","contentUrl":"https:\/\/lustandlove.eu\/wp-content\/uploads\/hey.png","width":1064,"height":823,"caption":"Egzo Hey -Lust and Love"},{"@type":"BreadcrumbList","@id":"https:\/\/lustandlove.eu\/et\/toode\/hey-veebaasil-anaallibesti\/#breadcrumb","itemListElement":[{"@type":"ListItem","position":1,"name":"Lust and Love","item":"https:\/\/lustandlove.eu\/et\/"},{"@type":"ListItem","position":2,"name":"Pood","item":"https:\/\/lustandlove.eu\/et\/pood\/"},{"@type":"ListItem","position":3,"name":"Libestid ja kehahooldus","item":"https:\/\/lustandlove.eu\/et\/pood\/apteek\/"},{"@type":"ListItem","position":4,"name":"Libestid","item":"https:\/\/lustandlove.eu\/et\/pood\/apteek\/libestid\/"},{"@type":"ListItem","position":5,"name":"Anaal","item":"https:\/\/lustandlove.eu\/et\/pood\/apteek\/libestid\/anaal\/"},{"@type":"ListItem","position":6,"name":"HEY veebaasil anaallibesti"}]},{"@type":"WebSite","@id":"https:\/\/lustandlove.eu\/et\/#website","url":"https:\/\/lustandlove.eu\/et\/","name":"Lust &amp; Love","description":"Online erootikapood tervise, ilu ja armastuse jaoks","publisher":{"@id":"https:\/\/lustandlove.eu\/et\/#organization"},"potentialAction":[{"@type":"SearchAction","target":{"@type":"EntryPoint","urlTemplate":"https:\/\/lustandlove.eu\/et\/?s={search_term_string}"},"query-input":{"@type":"PropertyValueSpecification","valueRequired":true,"valueName":"search_term_string"}}],"inLanguage":"et"},{"@type":"Organization","@id":"https:\/\/lustandlove.eu\/et\/#organization","name":"Bioconcept Baltics O\u00dc","url":"https:\/\/lustandlove.eu\/et\/","logo":{"@type":"ImageObject","inLanguage":"et","@id":"https:\/\/lustandlove.eu\/et\/#\/schema\/logo\/image\/","url":"","contentUrl":"","caption":"Bioconcept Baltics O\u00dc"},"image":{"@id":"https:\/\/lustandlove.eu\/et\/#\/schema\/logo\/image\/"},"sameAs":["https:\/\/www.facebook.com\/LustandLoveEU\/","https:\/\/www.instagram.com\/lustandloveeu\/"]}]}},"_links":{"self":[{"href":"https:\/\/lustandlove.eu\/et\/wp-json\/wp\/v2\/product\/43927","targetHints":{"allow":["GET"]}}],"collection":[{"href":"https:\/\/lustandlove.eu\/et\/wp-json\/wp\/v2\/product"}],"about":[{"href":"https:\/\/lustandlove.eu\/et\/wp-json\/wp\/v2\/types\/product"}],"wp:featuredmedia":[{"embeddable":true,"href":"https:\/\/lustandlove.eu\/et\/wp-json\/wp\/v2\/media\/44126"}],"wp:attachment":[{"href":"https:\/\/lustandlove.eu\/et\/wp-json\/wp\/v2\/media?parent=43927"}],"wp:term":[{"taxonomy":"product_brand","embeddable":true,"href":"https:\/\/lustandlove.eu\/et\/wp-json\/wp\/v2\/product_brand?post=43927"},{"taxonomy":"product_cat","embeddable":true,"href":"https:\/\/lustandlove.eu\/et\/wp-json\/wp\/v2\/product_cat?post=43927"},{"taxonomy":"product_tag","embeddable":true,"href":"https:\/\/lustandlove.eu\/et\/wp-json\/wp\/v2\/product_tag?post=43927"}],"curies":[{"name":"wp","href":"https:\/\/api.w.org\/{rel}","templated":true}]}}