{"id":43935,"date":"2021-06-01T06:53:52","date_gmt":"2021-06-01T03:53:52","guid":{"rendered":"https:\/\/www.lustandlove.eu\/product\/maitsestatud-oraal-libesti\/"},"modified":"2026-04-13T10:37:17","modified_gmt":"2026-04-13T07:37:17","slug":"maitsestatud-oraal-libesti","status":"publish","type":"product","link":"https:\/\/lustandlove.eu\/et\/toode\/maitsestatud-oraal-libesti\/","title":{"rendered":"Maitsestatud Oraal-libesti"},"content":{"rendered":"<div class=\"wpb-content-wrapper\"><p>[vc_row][vc_column][vc_column_text woodmart_inline=&#8221;no&#8221; text_larger=&#8221;no&#8221;]<\/p>\n<h3><strong>Maitsestatud Oraal-libesti<\/strong><\/h3>\n<p>[\/vc_column_text][vc_column_text woodmart_inline=&#8221;no&#8221; text_larger=&#8221;no&#8221;]Egzo oraal libesti on veebaasil libesti koos p\u00f5nevate maitsete ja naturaalsete aroomidega. See on k\u00f5ik mida vajad \u00fcheks magusaks kohtinguks. Proovides maitseid ka ise, saime meeldiva \u00fcllatuse osaliseks &#8211; k\u00f5ik maitsed on t\u00f5etruud, ei kaasne kemikaalset k\u00f5rvalmaitset ning aroomid pole \u00fcleliigsed.<\/p>\n<p>Maitsete valikusse kuuluvad: J\u00e4\u00e4tis, Apelsin, Mango, \u00d5una-Kaneeli, Banaan, Maasikas, Vaarikas ja \u0160okolaad.<\/p>\n<p>Koostis: vesi, prop\u00fcleengl\u00fckool, gl\u00fctseriin, solubilisaator, mikrotselluloos, l\u00f5hna- ja maitseaine, s\u00e4ilitusaine.<\/p>\n<p>Orgaaniline Libesti on v\u00e4ga libe, korista plekid koheselt![\/vc_column_text][\/vc_column][\/vc_row]<\/p>\n<\/div>","protected":false},"excerpt":{"rendered":"<p>Egzo oraal libesti on veebaasil libesti koos p\u00f5nevate maitsete ja naturaalsete aroomidega.<\/p>\n","protected":false},"featured_media":43936,"template":"","meta":[],"product_brand":[4203],"product_cat":[1467,1460,3976],"product_tag":[],"class_list":{"0":"post-43935","1":"product","2":"type-product","3":"status-publish","4":"has-post-thumbnail","6":"product_brand-egzo-et","7":"product_cat-libestid","8":"product_cat-apteek","9":"product_cat-vee-baasil","10":"pa_brand-egzo-et","12":"first","13":"instock","14":"taxable","15":"shipping-taxable","16":"purchasable","17":"product-type-variable"},"yoast_head":"<!-- This site is optimized with the Yoast SEO plugin v27.3 - https:\/\/yoast.com\/product\/yoast-seo-wordpress\/ -->\n<title>Maitsestatud Oraal-libesti Gel 7.25\u20ac | Lust and Love<\/title>\n<meta name=\"description\" content=\"Egzo oraal libesti on veebaasil libesti koos p\u00f5nevate maitsete ja naturaalsete aroomidega.\" \/>\n<meta name=\"robots\" content=\"index,follow,max-snippet:-1,max-image-preview:large,max-video-preview:-1\" \/>\n<link rel=\"canonical\" href=\"https:\/\/lustandlove.eu\/et\/toode\/maitsestatud-oraal-libesti\/\" \/>\n<meta name=\"twitter:card\" content=\"summary_large_image\" \/>\n<meta name=\"twitter:title\" content=\"Maitsestatud Oraal-libesti Gel 7.25\u20ac | Lust and Love\" \/>\n<meta name=\"twitter:description\" content=\"Egzo oraal libesti on veebaasil libesti koos p\u00f5nevate maitsete ja naturaalsete aroomidega.\" \/>\n<meta name=\"twitter:image\" content=\"https:\/\/lustandlove.eu\/wp-content\/uploads\/APPLE-copy.jpg\" \/>\n<meta name=\"twitter:label1\" content=\"Est. reading time\" \/>\n\t<meta name=\"twitter:data1\" content=\"1 minut\" \/>\n<script type=\"application\/ld+json\" class=\"yoast-schema-graph\">{\"@context\":\"https:\\\/\\\/schema.org\",\"@graph\":[{\"@type\":[\"WebPage\",\"ItemPage\"],\"@id\":\"https:\\\/\\\/lustandlove.eu\\\/et\\\/toode\\\/maitsestatud-oraal-libesti\\\/\",\"url\":\"https:\\\/\\\/lustandlove.eu\\\/et\\\/toode\\\/maitsestatud-oraal-libesti\\\/\",\"name\":\"Maitsestatud Oraal-libesti Gel 7.25\u20ac | Lust and Love\",\"isPartOf\":{\"@id\":\"https:\\\/\\\/lustandlove.eu\\\/et\\\/#website\"},\"primaryImageOfPage\":{\"@id\":\"https:\\\/\\\/lustandlove.eu\\\/et\\\/toode\\\/maitsestatud-oraal-libesti\\\/#primaryimage\"},\"image\":{\"@id\":\"https:\\\/\\\/lustandlove.eu\\\/et\\\/toode\\\/maitsestatud-oraal-libesti\\\/#primaryimage\"},\"thumbnailUrl\":\"https:\\\/\\\/lustandlove.eu\\\/wp-content\\\/uploads\\\/APPLE-copy.jpg\",\"datePublished\":\"2021-06-01T03:53:52+00:00\",\"dateModified\":\"2026-04-13T07:37:17+00:00\",\"description\":\"Egzo oraal libesti on veebaasil libesti koos p\u00f5nevate maitsete ja naturaalsete aroomidega.\",\"breadcrumb\":{\"@id\":\"https:\\\/\\\/lustandlove.eu\\\/et\\\/toode\\\/maitsestatud-oraal-libesti\\\/#breadcrumb\"},\"inLanguage\":\"et\",\"potentialAction\":[{\"@type\":\"ReadAction\",\"target\":[\"https:\\\/\\\/lustandlove.eu\\\/et\\\/toode\\\/maitsestatud-oraal-libesti\\\/\"]}]},{\"@type\":\"ImageObject\",\"inLanguage\":\"et\",\"@id\":\"https:\\\/\\\/lustandlove.eu\\\/et\\\/toode\\\/maitsestatud-oraal-libesti\\\/#primaryimage\",\"url\":\"https:\\\/\\\/lustandlove.eu\\\/wp-content\\\/uploads\\\/APPLE-copy.jpg\",\"contentUrl\":\"https:\\\/\\\/lustandlove.eu\\\/wp-content\\\/uploads\\\/APPLE-copy.jpg\",\"width\":1200,\"height\":1200},{\"@type\":\"BreadcrumbList\",\"@id\":\"https:\\\/\\\/lustandlove.eu\\\/et\\\/toode\\\/maitsestatud-oraal-libesti\\\/#breadcrumb\",\"itemListElement\":[{\"@type\":\"ListItem\",\"position\":1,\"name\":\"Lust and Love\",\"item\":\"https:\\\/\\\/lustandlove.eu\\\/et\\\/\"},{\"@type\":\"ListItem\",\"position\":2,\"name\":\"Pood\",\"item\":\"https:\\\/\\\/lustandlove.eu\\\/et\\\/pood\\\/\"},{\"@type\":\"ListItem\",\"position\":3,\"name\":\"Keegli komplekt\",\"item\":\"https:\\\/\\\/lustandlove.eu\\\/et\\\/tootesilt\\\/keegli-komplekt\\\/\"},{\"@type\":\"ListItem\",\"position\":4,\"name\":\"Maitsestatud Oraal-libesti\"}]},{\"@type\":\"WebSite\",\"@id\":\"https:\\\/\\\/lustandlove.eu\\\/et\\\/#website\",\"url\":\"https:\\\/\\\/lustandlove.eu\\\/et\\\/\",\"name\":\"Lust &amp; Love\",\"description\":\"Online erootikapood tervise, ilu ja armastuse jaoks\",\"publisher\":{\"@id\":\"https:\\\/\\\/lustandlove.eu\\\/et\\\/#organization\"},\"potentialAction\":[{\"@type\":\"SearchAction\",\"target\":{\"@type\":\"EntryPoint\",\"urlTemplate\":\"https:\\\/\\\/lustandlove.eu\\\/et\\\/?s={search_term_string}\"},\"query-input\":{\"@type\":\"PropertyValueSpecification\",\"valueRequired\":true,\"valueName\":\"search_term_string\"}}],\"inLanguage\":\"et\"},{\"@type\":\"Organization\",\"@id\":\"https:\\\/\\\/lustandlove.eu\\\/et\\\/#organization\",\"name\":\"Bioconcept Baltics O\u00dc\",\"url\":\"https:\\\/\\\/lustandlove.eu\\\/et\\\/\",\"logo\":{\"@type\":\"ImageObject\",\"inLanguage\":\"et\",\"@id\":\"https:\\\/\\\/lustandlove.eu\\\/et\\\/#\\\/schema\\\/logo\\\/image\\\/\",\"url\":\"\",\"contentUrl\":\"\",\"caption\":\"Bioconcept Baltics O\u00dc\"},\"image\":{\"@id\":\"https:\\\/\\\/lustandlove.eu\\\/et\\\/#\\\/schema\\\/logo\\\/image\\\/\"},\"sameAs\":[\"https:\\\/\\\/www.facebook.com\\\/LustandLoveEU\\\/\",\"https:\\\/\\\/www.instagram.com\\\/lustandloveeu\\\/\"]}]}<\/script>\n<!-- \/ Yoast SEO plugin. -->","yoast_head_json":{"title":"Maitsestatud Oraal-libesti Gel 7.25\u20ac | Lust and Love","description":"Egzo oraal libesti on veebaasil libesti koos p\u00f5nevate maitsete ja naturaalsete aroomidega.","robots":{"index,follow,max-snippet":"index,follow,max-snippet:-1,max-image-preview:large,max-video-preview:-1"},"canonical":"https:\/\/lustandlove.eu\/et\/toode\/maitsestatud-oraal-libesti\/","twitter_card":"summary_large_image","twitter_title":"Maitsestatud Oraal-libesti Gel 7.25\u20ac | Lust and Love","twitter_description":"Egzo oraal libesti on veebaasil libesti koos p\u00f5nevate maitsete ja naturaalsete aroomidega.","twitter_image":"https:\/\/lustandlove.eu\/wp-content\/uploads\/APPLE-copy.jpg","twitter_misc":{"Est. reading time":"1 minut"},"schema":{"@context":"https:\/\/schema.org","@graph":[{"@type":["WebPage","ItemPage"],"@id":"https:\/\/lustandlove.eu\/et\/toode\/maitsestatud-oraal-libesti\/","url":"https:\/\/lustandlove.eu\/et\/toode\/maitsestatud-oraal-libesti\/","name":"Maitsestatud Oraal-libesti Gel 7.25\u20ac | Lust and Love","isPartOf":{"@id":"https:\/\/lustandlove.eu\/et\/#website"},"primaryImageOfPage":{"@id":"https:\/\/lustandlove.eu\/et\/toode\/maitsestatud-oraal-libesti\/#primaryimage"},"image":{"@id":"https:\/\/lustandlove.eu\/et\/toode\/maitsestatud-oraal-libesti\/#primaryimage"},"thumbnailUrl":"https:\/\/lustandlove.eu\/wp-content\/uploads\/APPLE-copy.jpg","datePublished":"2021-06-01T03:53:52+00:00","dateModified":"2026-04-13T07:37:17+00:00","description":"Egzo oraal libesti on veebaasil libesti koos p\u00f5nevate maitsete ja naturaalsete aroomidega.","breadcrumb":{"@id":"https:\/\/lustandlove.eu\/et\/toode\/maitsestatud-oraal-libesti\/#breadcrumb"},"inLanguage":"et","potentialAction":[{"@type":"ReadAction","target":["https:\/\/lustandlove.eu\/et\/toode\/maitsestatud-oraal-libesti\/"]}]},{"@type":"ImageObject","inLanguage":"et","@id":"https:\/\/lustandlove.eu\/et\/toode\/maitsestatud-oraal-libesti\/#primaryimage","url":"https:\/\/lustandlove.eu\/wp-content\/uploads\/APPLE-copy.jpg","contentUrl":"https:\/\/lustandlove.eu\/wp-content\/uploads\/APPLE-copy.jpg","width":1200,"height":1200},{"@type":"BreadcrumbList","@id":"https:\/\/lustandlove.eu\/et\/toode\/maitsestatud-oraal-libesti\/#breadcrumb","itemListElement":[{"@type":"ListItem","position":1,"name":"Lust and Love","item":"https:\/\/lustandlove.eu\/et\/"},{"@type":"ListItem","position":2,"name":"Pood","item":"https:\/\/lustandlove.eu\/et\/pood\/"},{"@type":"ListItem","position":3,"name":"Keegli komplekt","item":"https:\/\/lustandlove.eu\/et\/tootesilt\/keegli-komplekt\/"},{"@type":"ListItem","position":4,"name":"Maitsestatud Oraal-libesti"}]},{"@type":"WebSite","@id":"https:\/\/lustandlove.eu\/et\/#website","url":"https:\/\/lustandlove.eu\/et\/","name":"Lust &amp; Love","description":"Online erootikapood tervise, ilu ja armastuse jaoks","publisher":{"@id":"https:\/\/lustandlove.eu\/et\/#organization"},"potentialAction":[{"@type":"SearchAction","target":{"@type":"EntryPoint","urlTemplate":"https:\/\/lustandlove.eu\/et\/?s={search_term_string}"},"query-input":{"@type":"PropertyValueSpecification","valueRequired":true,"valueName":"search_term_string"}}],"inLanguage":"et"},{"@type":"Organization","@id":"https:\/\/lustandlove.eu\/et\/#organization","name":"Bioconcept Baltics O\u00dc","url":"https:\/\/lustandlove.eu\/et\/","logo":{"@type":"ImageObject","inLanguage":"et","@id":"https:\/\/lustandlove.eu\/et\/#\/schema\/logo\/image\/","url":"","contentUrl":"","caption":"Bioconcept Baltics O\u00dc"},"image":{"@id":"https:\/\/lustandlove.eu\/et\/#\/schema\/logo\/image\/"},"sameAs":["https:\/\/www.facebook.com\/LustandLoveEU\/","https:\/\/www.instagram.com\/lustandloveeu\/"]}]}},"_links":{"self":[{"href":"https:\/\/lustandlove.eu\/et\/wp-json\/wp\/v2\/product\/43935","targetHints":{"allow":["GET"]}}],"collection":[{"href":"https:\/\/lustandlove.eu\/et\/wp-json\/wp\/v2\/product"}],"about":[{"href":"https:\/\/lustandlove.eu\/et\/wp-json\/wp\/v2\/types\/product"}],"wp:featuredmedia":[{"embeddable":true,"href":"https:\/\/lustandlove.eu\/et\/wp-json\/wp\/v2\/media\/43936"}],"wp:attachment":[{"href":"https:\/\/lustandlove.eu\/et\/wp-json\/wp\/v2\/media?parent=43935"}],"wp:term":[{"taxonomy":"product_brand","embeddable":true,"href":"https:\/\/lustandlove.eu\/et\/wp-json\/wp\/v2\/product_brand?post=43935"},{"taxonomy":"product_cat","embeddable":true,"href":"https:\/\/lustandlove.eu\/et\/wp-json\/wp\/v2\/product_cat?post=43935"},{"taxonomy":"product_tag","embeddable":true,"href":"https:\/\/lustandlove.eu\/et\/wp-json\/wp\/v2\/product_tag?post=43935"}],"curies":[{"name":"wp","href":"https:\/\/api.w.org\/{rel}","templated":true}]}}