{"id":43952,"date":"2021-06-01T06:53:29","date_gmt":"2021-06-01T03:53:29","guid":{"rendered":"https:\/\/www.lustandlove.eu\/product\/uberlube-100ml-50ml\/"},"modified":"2026-03-09T14:53:11","modified_gmt":"2026-03-09T12:53:11","slug":"uberlube-100ml-50ml","status":"publish","type":"product","link":"https:\/\/lustandlove.eu\/et\/toode\/uberlube-100ml-50ml\/","title":{"rendered":"\u00dcberlube"},"content":{"rendered":"<div class=\"wpb-content-wrapper\"><p>[vc_row][vc_column][vc_column_text woodmart_inline=&#8221;no&#8221; text_larger=&#8221;no&#8221;]<\/p>\n<h3><strong>\u00dcberlube<\/strong><\/h3>\n<p>\u00dcberlube on unikaalselt tehtud USAs ja disainitud parandama sensatsioone ja v\u00e4hendama h\u00f5\u00f5rduvust. See libesti on naturaalse tundega ja p\u00e4rast kasutust imendub nahka j\u00e4ttes j\u00e4rele niisutatud ja siidise tunde. \u00dcberlube libesti on disainitud niisutama ja libestama, parandama ja mugavdama mugavust ja toetama seksuaalset aktiivsust. Asendades keha naturaalset libestumist. See on kaua-kestev kerge kaaluline ja mitte-kleepuv libesti. Toote pudel on minimalistlik ja l\u00e4bipaistev, et n\u00e4idata \u00e4ra toote puhtust.<\/p>\n<h3><strong>Omadused:<\/strong><\/h3>\n<p>Keha-turvaline koostis, puuduvad parabeenid ja gl\u00fctserin<br \/>\nSilikoni baasil v\u00e4ikse E vitamiini lisaga<br \/>\nPuudub l\u00f5hn ja maitse<br \/>\nVeganite s\u00f5bralik<br \/>\nImbub nahka<br \/>\nSiidine ja mitte kleepuv<br \/>\nVee s\u00f5bralik<br \/>\nSobib ka latexiga<br \/>\nM\u00f5\u00f5detud pump ideaalseks koguseks iga kord<br \/>\n\u00dcberlube laseb sul tunda, mida soovid[\/vc_column_text][vc_column_text woodmart_inline=&#8221;no&#8221; text_larger=&#8221;no&#8221;]<strong>Preemium kvaliteet:<\/strong> K\u00f5rg-kvaliteetne silikonist meditsiiniline vahend, turvalise oostisega ideaalne libestamiseks.<\/p>\n<p><strong>Kehasbralik:<\/strong> Tasakaalustatud Ph tasemed ja toetab tervislikke baktereid. Testitud 3da osapoole poolt.<\/p>\n<p><strong>Naturaalne tunnetus:<\/strong> Mitte-kleepuv, l\u00f5hnatu, maitsetu ja kaua kestev,et kehade kokkupuute sensatsioon oleks suurem.<\/p>\n<p><strong>Niisutav:<\/strong> Pehme j asiidine tunne ilma maha pesemata.<\/p>\n<p><strong>Mitmek\u00fclgne kasutus:<\/strong> Spordiks, stiiliks v\u00f5i seksuaalseks vahekorraks. \u00dcberlube sobib selleks k\u00f5igeks.[\/vc_column_text][\/vc_column][\/vc_row]<\/p>\n<\/div>","protected":false},"excerpt":{"rendered":"<p>\u00dcberlube on unikaalselt tehtud USAs ja disainitud parandama sensatsioone ja v\u00e4hendama h\u00f5\u00f5rduvust. See libesti on naturaalse tundega ja p\u00e4rast kasutust imendub nahka j\u00e4ttes j\u00e4rele niisutatud ja siidise tunde.<\/p>\n","protected":false},"featured_media":91171,"template":"","meta":[],"product_cat":[1460,1467,3975],"product_tag":[],"yoast_head":"<!-- This site is optimized with the Yoast SEO plugin v22.9 - https:\/\/yoast.com\/wordpress\/plugins\/seo\/ -->\n<title>\u00dcberlube 20.00\/30.00\u20ac | Lust and Love<\/title>\n<meta name=\"description\" content=\"\u00dcberlube on unikaalselt tehtud USAs ja disainitud parandama sensatsioone ja v\u00e4hendama h\u00f5\u00f5rduvust. See libesti on naturaalse tundega ja p\u00e4rast kasutust imendub nahka j\u00e4ttes j\u00e4rele niisutatud ja siidise tunde.\" \/>\n<meta name=\"robots\" content=\"index,follow,max-snippet:-1,max-image-preview:large,max-video-preview:-1\" \/>\n<link rel=\"canonical\" href=\"https:\/\/lustandlove.eu\/et\/toode\/uberlube-100ml-50ml\/\" \/>\n<meta name=\"twitter:card\" content=\"summary_large_image\" \/>\n<meta name=\"twitter:title\" content=\"\u00dcberlube 20.00\/30.00\u20ac | Lust and Love\" \/>\n<meta name=\"twitter:description\" content=\"\u00dcberlube on unikaalselt tehtud USAs ja disainitud parandama sensatsioone ja v\u00e4hendama h\u00f5\u00f5rduvust. See libesti on naturaalse tundega ja p\u00e4rast kasutust imendub nahka j\u00e4ttes j\u00e4rele niisutatud ja siidise tunde.\" \/>\n<meta name=\"twitter:image\" content=\"https:\/\/lustandlove.eu\/wp-content\/uploads\/home-slider-55ml-2_e1e0c6ff-6cff.png\" \/>\n<meta name=\"twitter:label1\" content=\"Est. reading time\" \/>\n\t<meta name=\"twitter:data1\" content=\"2 minutit\" \/>\n<script type=\"application\/ld+json\" class=\"yoast-schema-graph\">{\"@context\":\"https:\/\/schema.org\",\"@graph\":[{\"@type\":[\"WebPage\",\"ItemPage\"],\"@id\":\"https:\/\/lustandlove.eu\/et\/toode\/uberlube-100ml-50ml\/\",\"url\":\"https:\/\/lustandlove.eu\/et\/toode\/uberlube-100ml-50ml\/\",\"name\":\"\u00dcberlube 20.00\/30.00\u20ac | Lust and Love\",\"isPartOf\":{\"@id\":\"https:\/\/lustandlove.eu\/et\/#website\"},\"primaryImageOfPage\":{\"@id\":\"https:\/\/lustandlove.eu\/et\/toode\/uberlube-100ml-50ml\/#primaryimage\"},\"image\":{\"@id\":\"https:\/\/lustandlove.eu\/et\/toode\/uberlube-100ml-50ml\/#primaryimage\"},\"thumbnailUrl\":\"https:\/\/lustandlove.eu\/wp-content\/uploads\/home-slider-55ml-2_e1e0c6ff-6cff.png\",\"datePublished\":\"2021-06-01T03:53:29+00:00\",\"dateModified\":\"2026-03-09T12:53:11+00:00\",\"description\":\"\u00dcberlube on unikaalselt tehtud USAs ja disainitud parandama sensatsioone ja v\u00e4hendama h\u00f5\u00f5rduvust. See libesti on naturaalse tundega ja p\u00e4rast kasutust imendub nahka j\u00e4ttes j\u00e4rele niisutatud ja siidise tunde.\",\"breadcrumb\":{\"@id\":\"https:\/\/lustandlove.eu\/et\/toode\/uberlube-100ml-50ml\/#breadcrumb\"},\"inLanguage\":\"et\",\"potentialAction\":[{\"@type\":\"ReadAction\",\"target\":[\"https:\/\/lustandlove.eu\/et\/toode\/uberlube-100ml-50ml\/\"]}]},{\"@type\":\"ImageObject\",\"inLanguage\":\"et\",\"@id\":\"https:\/\/lustandlove.eu\/et\/toode\/uberlube-100ml-50ml\/#primaryimage\",\"url\":\"https:\/\/lustandlove.eu\/wp-content\/uploads\/home-slider-55ml-2_e1e0c6ff-6cff.png\",\"contentUrl\":\"https:\/\/lustandlove.eu\/wp-content\/uploads\/home-slider-55ml-2_e1e0c6ff-6cff.png\",\"width\":650,\"height\":600},{\"@type\":\"BreadcrumbList\",\"@id\":\"https:\/\/lustandlove.eu\/et\/toode\/uberlube-100ml-50ml\/#breadcrumb\",\"itemListElement\":[{\"@type\":\"ListItem\",\"position\":1,\"name\":\"Lust and Love\",\"item\":\"https:\/\/lustandlove.eu\/et\/\"},{\"@type\":\"ListItem\",\"position\":2,\"name\":\"Pood\",\"item\":\"https:\/\/lustandlove.eu\/et\/pood\/\"},{\"@type\":\"ListItem\",\"position\":3,\"name\":\"Libestid ja kehahooldus\",\"item\":\"https:\/\/lustandlove.eu\/et\/pood\/apteek\/\"},{\"@type\":\"ListItem\",\"position\":4,\"name\":\"Libestid\",\"item\":\"https:\/\/lustandlove.eu\/et\/pood\/apteek\/libestid\/\"},{\"@type\":\"ListItem\",\"position\":5,\"name\":\"Silikooni baasil\",\"item\":\"https:\/\/lustandlove.eu\/et\/pood\/apteek\/libestid\/silikooni-baasil\/\"},{\"@type\":\"ListItem\",\"position\":6,\"name\":\"\u00dcberlube\"}]},{\"@type\":\"WebSite\",\"@id\":\"https:\/\/lustandlove.eu\/et\/#website\",\"url\":\"https:\/\/lustandlove.eu\/et\/\",\"name\":\"Lust &amp; Love\",\"description\":\"Online erootikapood tervise, ilu ja armastuse jaoks\",\"publisher\":{\"@id\":\"https:\/\/lustandlove.eu\/et\/#organization\"},\"potentialAction\":[{\"@type\":\"SearchAction\",\"target\":{\"@type\":\"EntryPoint\",\"urlTemplate\":\"https:\/\/lustandlove.eu\/et\/?s={search_term_string}\"},\"query-input\":\"required name=search_term_string\"}],\"inLanguage\":\"et\"},{\"@type\":\"Organization\",\"@id\":\"https:\/\/lustandlove.eu\/et\/#organization\",\"name\":\"Bioconcept Baltics O\u00dc\",\"url\":\"https:\/\/lustandlove.eu\/et\/\",\"logo\":{\"@type\":\"ImageObject\",\"inLanguage\":\"et\",\"@id\":\"https:\/\/lustandlove.eu\/et\/#\/schema\/logo\/image\/\",\"url\":\"\",\"contentUrl\":\"\",\"caption\":\"Bioconcept Baltics O\u00dc\"},\"image\":{\"@id\":\"https:\/\/lustandlove.eu\/et\/#\/schema\/logo\/image\/\"},\"sameAs\":[\"https:\/\/www.facebook.com\/LustandLoveEU\/\",\"https:\/\/www.instagram.com\/lustandloveeu\/\"]}]}<\/script>\n<!-- \/ Yoast SEO plugin. -->","yoast_head_json":{"title":"\u00dcberlube 20.00\/30.00\u20ac | Lust and Love","description":"\u00dcberlube on unikaalselt tehtud USAs ja disainitud parandama sensatsioone ja v\u00e4hendama h\u00f5\u00f5rduvust. See libesti on naturaalse tundega ja p\u00e4rast kasutust imendub nahka j\u00e4ttes j\u00e4rele niisutatud ja siidise tunde.","robots":{"index,follow,max-snippet":"index,follow,max-snippet:-1,max-image-preview:large,max-video-preview:-1"},"canonical":"https:\/\/lustandlove.eu\/et\/toode\/uberlube-100ml-50ml\/","twitter_card":"summary_large_image","twitter_title":"\u00dcberlube 20.00\/30.00\u20ac | Lust and Love","twitter_description":"\u00dcberlube on unikaalselt tehtud USAs ja disainitud parandama sensatsioone ja v\u00e4hendama h\u00f5\u00f5rduvust. See libesti on naturaalse tundega ja p\u00e4rast kasutust imendub nahka j\u00e4ttes j\u00e4rele niisutatud ja siidise tunde.","twitter_image":"https:\/\/lustandlove.eu\/wp-content\/uploads\/home-slider-55ml-2_e1e0c6ff-6cff.png","twitter_misc":{"Est. reading time":"2 minutit"},"schema":{"@context":"https:\/\/schema.org","@graph":[{"@type":["WebPage","ItemPage"],"@id":"https:\/\/lustandlove.eu\/et\/toode\/uberlube-100ml-50ml\/","url":"https:\/\/lustandlove.eu\/et\/toode\/uberlube-100ml-50ml\/","name":"\u00dcberlube 20.00\/30.00\u20ac | Lust and Love","isPartOf":{"@id":"https:\/\/lustandlove.eu\/et\/#website"},"primaryImageOfPage":{"@id":"https:\/\/lustandlove.eu\/et\/toode\/uberlube-100ml-50ml\/#primaryimage"},"image":{"@id":"https:\/\/lustandlove.eu\/et\/toode\/uberlube-100ml-50ml\/#primaryimage"},"thumbnailUrl":"https:\/\/lustandlove.eu\/wp-content\/uploads\/home-slider-55ml-2_e1e0c6ff-6cff.png","datePublished":"2021-06-01T03:53:29+00:00","dateModified":"2026-03-09T12:53:11+00:00","description":"\u00dcberlube on unikaalselt tehtud USAs ja disainitud parandama sensatsioone ja v\u00e4hendama h\u00f5\u00f5rduvust. See libesti on naturaalse tundega ja p\u00e4rast kasutust imendub nahka j\u00e4ttes j\u00e4rele niisutatud ja siidise tunde.","breadcrumb":{"@id":"https:\/\/lustandlove.eu\/et\/toode\/uberlube-100ml-50ml\/#breadcrumb"},"inLanguage":"et","potentialAction":[{"@type":"ReadAction","target":["https:\/\/lustandlove.eu\/et\/toode\/uberlube-100ml-50ml\/"]}]},{"@type":"ImageObject","inLanguage":"et","@id":"https:\/\/lustandlove.eu\/et\/toode\/uberlube-100ml-50ml\/#primaryimage","url":"https:\/\/lustandlove.eu\/wp-content\/uploads\/home-slider-55ml-2_e1e0c6ff-6cff.png","contentUrl":"https:\/\/lustandlove.eu\/wp-content\/uploads\/home-slider-55ml-2_e1e0c6ff-6cff.png","width":650,"height":600},{"@type":"BreadcrumbList","@id":"https:\/\/lustandlove.eu\/et\/toode\/uberlube-100ml-50ml\/#breadcrumb","itemListElement":[{"@type":"ListItem","position":1,"name":"Lust and Love","item":"https:\/\/lustandlove.eu\/et\/"},{"@type":"ListItem","position":2,"name":"Pood","item":"https:\/\/lustandlove.eu\/et\/pood\/"},{"@type":"ListItem","position":3,"name":"Libestid ja kehahooldus","item":"https:\/\/lustandlove.eu\/et\/pood\/apteek\/"},{"@type":"ListItem","position":4,"name":"Libestid","item":"https:\/\/lustandlove.eu\/et\/pood\/apteek\/libestid\/"},{"@type":"ListItem","position":5,"name":"Silikooni baasil","item":"https:\/\/lustandlove.eu\/et\/pood\/apteek\/libestid\/silikooni-baasil\/"},{"@type":"ListItem","position":6,"name":"\u00dcberlube"}]},{"@type":"WebSite","@id":"https:\/\/lustandlove.eu\/et\/#website","url":"https:\/\/lustandlove.eu\/et\/","name":"Lust &amp; Love","description":"Online erootikapood tervise, ilu ja armastuse jaoks","publisher":{"@id":"https:\/\/lustandlove.eu\/et\/#organization"},"potentialAction":[{"@type":"SearchAction","target":{"@type":"EntryPoint","urlTemplate":"https:\/\/lustandlove.eu\/et\/?s={search_term_string}"},"query-input":"required name=search_term_string"}],"inLanguage":"et"},{"@type":"Organization","@id":"https:\/\/lustandlove.eu\/et\/#organization","name":"Bioconcept Baltics O\u00dc","url":"https:\/\/lustandlove.eu\/et\/","logo":{"@type":"ImageObject","inLanguage":"et","@id":"https:\/\/lustandlove.eu\/et\/#\/schema\/logo\/image\/","url":"","contentUrl":"","caption":"Bioconcept Baltics O\u00dc"},"image":{"@id":"https:\/\/lustandlove.eu\/et\/#\/schema\/logo\/image\/"},"sameAs":["https:\/\/www.facebook.com\/LustandLoveEU\/","https:\/\/www.instagram.com\/lustandloveeu\/"]}]}},"_links":{"self":[{"href":"https:\/\/lustandlove.eu\/et\/wp-json\/wp\/v2\/product\/43952"}],"collection":[{"href":"https:\/\/lustandlove.eu\/et\/wp-json\/wp\/v2\/product"}],"about":[{"href":"https:\/\/lustandlove.eu\/et\/wp-json\/wp\/v2\/types\/product"}],"wp:featuredmedia":[{"embeddable":true,"href":"https:\/\/lustandlove.eu\/et\/wp-json\/wp\/v2\/media\/91171"}],"wp:attachment":[{"href":"https:\/\/lustandlove.eu\/et\/wp-json\/wp\/v2\/media?parent=43952"}],"wp:term":[{"taxonomy":"product_cat","embeddable":true,"href":"https:\/\/lustandlove.eu\/et\/wp-json\/wp\/v2\/product_cat?post=43952"},{"taxonomy":"product_tag","embeddable":true,"href":"https:\/\/lustandlove.eu\/et\/wp-json\/wp\/v2\/product_tag?post=43952"}],"curies":[{"name":"wp","href":"https:\/\/api.w.org\/{rel}","templated":true}]}}