{"id":43959,"date":"2021-06-01T06:53:06","date_gmt":"2021-06-01T03:53:06","guid":{"rendered":"https:\/\/www.lustandlove.eu\/product\/funkyjunk-wipes\/"},"modified":"2026-04-13T10:37:19","modified_gmt":"2026-04-13T07:37:19","slug":"funkyjunk-wipes","status":"publish","type":"product","link":"https:\/\/lustandlove.eu\/et\/toode\/funkyjunk-wipes\/","title":{"rendered":"FunkyJunk Wipes"},"content":{"rendered":"<div class=\"wpb-content-wrapper\"><p>[vc_row][vc_column][vc_column_text woodmart_inline=&#8221;no&#8221; text_larger=&#8221;no&#8221;]<\/p>\n<h3><strong>FunkyJunk Lapid<\/strong><\/h3>\n<p>[\/vc_column_text][vc_column_text woodmart_inline=&#8221;no&#8221; text_larger=&#8221;no&#8221;]FunkyJunk Wipes j\u00e4tavad su riista l\u00f5hnama fantastiliselt ja neid saab kasutada enne, p\u00e4rast v\u00f5i keset seksuaalset vahekorda.<\/p>\n<p>Lapid on individuaalselt pakendatud ja on diskreetse v\u00e4limusega, et saaksid neid igale poole kaasa v\u00f5tta muretult. Need on hea viis v\u00e4rskendada end enne, keskel v\u00f5i p\u00e4rast vahekorda. Iga lapp on l\u00f5hnav ja puhastav, annab edasi l\u00f6\u00f6gi maasika maitset ning v\u00f5ib kasutada alternatiivina tavalistele maitsetutele lappidele.<\/p>\n<p>Need lapid pole kleepuvad, selle eest on nad alati magusad ja turvalised kasutuseks tundelisel nahal v\u00f5i latexi, kondoomide ja leludega. Nad on loodud, et olla v\u00f5imalikult turvalised ja hoolitsevad.[\/vc_column_text][vc_column_text woodmart_inline=&#8221;no&#8221; text_larger=&#8221;no&#8221;]<em><strong>Ingredients:<\/strong> Water (Aqua, Eau), Glycerin, Polysorbate 60, Natural Flavor (strawberry), Sucralose, Hydroxyethylcellulose, Potassium Sorbate, Sodium Chloride, Citric Acid, Sodium Benzoate, Gluconolactone<\/em>[\/vc_column_text][\/vc_column][\/vc_row]<\/p>\n<\/div>","protected":false},"excerpt":{"rendered":"<p>FunkyJunk Wipes j\u00e4tavad su riista l\u00f5hnama fantastiliselt ja neid saab kasutada enne, p\u00e4rast v\u00f5i keset seksuaalset vahekorda.<\/p>\n","protected":false},"featured_media":43960,"template":"","meta":[],"product_brand":[4140],"product_cat":[1466,1460],"product_tag":[3093],"class_list":{"0":"post-43959","1":"product","2":"type-product","3":"status-publish","4":"has-post-thumbnail","6":"product_brand-emojibator-et","7":"product_cat-hugieen","8":"product_cat-apteek","9":"product_tag-aftercare-et","10":"pa_brand-emojibator-et","12":"first","13":"instock","14":"taxable","15":"shipping-taxable","16":"purchasable","17":"product-type-simple"},"yoast_head":"<!-- This site is optimized with the Yoast SEO plugin v27.3 - https:\/\/yoast.com\/product\/yoast-seo-wordpress\/ -->\n<title>FunkyJunk Wipes 2.50\u20ac | Lust and Love<\/title>\n<meta name=\"description\" content=\"FunkyJunk Wipes j\u00e4tavad su riista l\u00f5hnama fantastiliselt ja neid saab kasutada enne, p\u00e4rast v\u00f5i keset seksuaalset vahekorda.\" \/>\n<meta name=\"robots\" content=\"index,follow,max-snippet:-1,max-image-preview:large,max-video-preview:-1\" \/>\n<link rel=\"canonical\" href=\"https:\/\/lustandlove.eu\/et\/toode\/funkyjunk-wipes\/\" \/>\n<meta name=\"twitter:card\" content=\"summary_large_image\" \/>\n<meta name=\"twitter:title\" content=\"FunkyJunk Wipes 2.50\u20ac | Lust and Love\" \/>\n<meta name=\"twitter:description\" content=\"FunkyJunk Wipes j\u00e4tavad su riista l\u00f5hnama fantastiliselt ja neid saab kasutada enne, p\u00e4rast v\u00f5i keset seksuaalset vahekorda.\" \/>\n<meta name=\"twitter:image\" content=\"https:\/\/lustandlove.eu\/wp-content\/uploads\/FunkyJunk-RosieSimmons-2020-1_5000x-scaled-1.jpg\" \/>\n<meta name=\"twitter:label1\" content=\"Est. reading time\" \/>\n\t<meta name=\"twitter:data1\" content=\"1 minut\" \/>\n<script type=\"application\/ld+json\" class=\"yoast-schema-graph\">{\"@context\":\"https:\\\/\\\/schema.org\",\"@graph\":[{\"@type\":[\"WebPage\",\"ItemPage\"],\"@id\":\"https:\\\/\\\/lustandlove.eu\\\/et\\\/toode\\\/funkyjunk-wipes\\\/\",\"url\":\"https:\\\/\\\/lustandlove.eu\\\/et\\\/toode\\\/funkyjunk-wipes\\\/\",\"name\":\"FunkyJunk Wipes 2.50\u20ac | Lust and Love\",\"isPartOf\":{\"@id\":\"https:\\\/\\\/lustandlove.eu\\\/et\\\/#website\"},\"primaryImageOfPage\":{\"@id\":\"https:\\\/\\\/lustandlove.eu\\\/et\\\/toode\\\/funkyjunk-wipes\\\/#primaryimage\"},\"image\":{\"@id\":\"https:\\\/\\\/lustandlove.eu\\\/et\\\/toode\\\/funkyjunk-wipes\\\/#primaryimage\"},\"thumbnailUrl\":\"https:\\\/\\\/lustandlove.eu\\\/wp-content\\\/uploads\\\/FunkyJunk-RosieSimmons-2020-1_5000x-scaled-1.jpg\",\"datePublished\":\"2021-06-01T03:53:06+00:00\",\"dateModified\":\"2026-04-13T07:37:19+00:00\",\"description\":\"FunkyJunk Wipes j\u00e4tavad su riista l\u00f5hnama fantastiliselt ja neid saab kasutada enne, p\u00e4rast v\u00f5i keset seksuaalset vahekorda.\",\"breadcrumb\":{\"@id\":\"https:\\\/\\\/lustandlove.eu\\\/et\\\/toode\\\/funkyjunk-wipes\\\/#breadcrumb\"},\"inLanguage\":\"et\",\"potentialAction\":[{\"@type\":\"ReadAction\",\"target\":[\"https:\\\/\\\/lustandlove.eu\\\/et\\\/toode\\\/funkyjunk-wipes\\\/\"]}]},{\"@type\":\"ImageObject\",\"inLanguage\":\"et\",\"@id\":\"https:\\\/\\\/lustandlove.eu\\\/et\\\/toode\\\/funkyjunk-wipes\\\/#primaryimage\",\"url\":\"https:\\\/\\\/lustandlove.eu\\\/wp-content\\\/uploads\\\/FunkyJunk-RosieSimmons-2020-1_5000x-scaled-1.jpg\",\"contentUrl\":\"https:\\\/\\\/lustandlove.eu\\\/wp-content\\\/uploads\\\/FunkyJunk-RosieSimmons-2020-1_5000x-scaled-1.jpg\",\"width\":2560,\"height\":2560},{\"@type\":\"BreadcrumbList\",\"@id\":\"https:\\\/\\\/lustandlove.eu\\\/et\\\/toode\\\/funkyjunk-wipes\\\/#breadcrumb\",\"itemListElement\":[{\"@type\":\"ListItem\",\"position\":1,\"name\":\"Lust and Love\",\"item\":\"https:\\\/\\\/lustandlove.eu\\\/et\\\/\"},{\"@type\":\"ListItem\",\"position\":2,\"name\":\"Pood\",\"item\":\"https:\\\/\\\/lustandlove.eu\\\/et\\\/pood\\\/\"},{\"@type\":\"ListItem\",\"position\":3,\"name\":\"Libestid ja kehahooldus\",\"item\":\"https:\\\/\\\/lustandlove.eu\\\/et\\\/pood\\\/apteek\\\/\"},{\"@type\":\"ListItem\",\"position\":4,\"name\":\"H\u00fcgieen\",\"item\":\"https:\\\/\\\/lustandlove.eu\\\/et\\\/pood\\\/apteek\\\/hugieen\\\/\"},{\"@type\":\"ListItem\",\"position\":5,\"name\":\"FunkyJunk Wipes\"}]},{\"@type\":\"WebSite\",\"@id\":\"https:\\\/\\\/lustandlove.eu\\\/et\\\/#website\",\"url\":\"https:\\\/\\\/lustandlove.eu\\\/et\\\/\",\"name\":\"Lust &amp; Love\",\"description\":\"Online erootikapood tervise, ilu ja armastuse jaoks\",\"publisher\":{\"@id\":\"https:\\\/\\\/lustandlove.eu\\\/et\\\/#organization\"},\"potentialAction\":[{\"@type\":\"SearchAction\",\"target\":{\"@type\":\"EntryPoint\",\"urlTemplate\":\"https:\\\/\\\/lustandlove.eu\\\/et\\\/?s={search_term_string}\"},\"query-input\":{\"@type\":\"PropertyValueSpecification\",\"valueRequired\":true,\"valueName\":\"search_term_string\"}}],\"inLanguage\":\"et\"},{\"@type\":\"Organization\",\"@id\":\"https:\\\/\\\/lustandlove.eu\\\/et\\\/#organization\",\"name\":\"Bioconcept Baltics O\u00dc\",\"url\":\"https:\\\/\\\/lustandlove.eu\\\/et\\\/\",\"logo\":{\"@type\":\"ImageObject\",\"inLanguage\":\"et\",\"@id\":\"https:\\\/\\\/lustandlove.eu\\\/et\\\/#\\\/schema\\\/logo\\\/image\\\/\",\"url\":\"\",\"contentUrl\":\"\",\"caption\":\"Bioconcept Baltics O\u00dc\"},\"image\":{\"@id\":\"https:\\\/\\\/lustandlove.eu\\\/et\\\/#\\\/schema\\\/logo\\\/image\\\/\"},\"sameAs\":[\"https:\\\/\\\/www.facebook.com\\\/LustandLoveEU\\\/\",\"https:\\\/\\\/www.instagram.com\\\/lustandloveeu\\\/\"]}]}<\/script>\n<!-- \/ Yoast SEO plugin. -->","yoast_head_json":{"title":"FunkyJunk Wipes 2.50\u20ac | Lust and Love","description":"FunkyJunk Wipes j\u00e4tavad su riista l\u00f5hnama fantastiliselt ja neid saab kasutada enne, p\u00e4rast v\u00f5i keset seksuaalset vahekorda.","robots":{"index,follow,max-snippet":"index,follow,max-snippet:-1,max-image-preview:large,max-video-preview:-1"},"canonical":"https:\/\/lustandlove.eu\/et\/toode\/funkyjunk-wipes\/","twitter_card":"summary_large_image","twitter_title":"FunkyJunk Wipes 2.50\u20ac | Lust and Love","twitter_description":"FunkyJunk Wipes j\u00e4tavad su riista l\u00f5hnama fantastiliselt ja neid saab kasutada enne, p\u00e4rast v\u00f5i keset seksuaalset vahekorda.","twitter_image":"https:\/\/lustandlove.eu\/wp-content\/uploads\/FunkyJunk-RosieSimmons-2020-1_5000x-scaled-1.jpg","twitter_misc":{"Est. reading time":"1 minut"},"schema":{"@context":"https:\/\/schema.org","@graph":[{"@type":["WebPage","ItemPage"],"@id":"https:\/\/lustandlove.eu\/et\/toode\/funkyjunk-wipes\/","url":"https:\/\/lustandlove.eu\/et\/toode\/funkyjunk-wipes\/","name":"FunkyJunk Wipes 2.50\u20ac | Lust and Love","isPartOf":{"@id":"https:\/\/lustandlove.eu\/et\/#website"},"primaryImageOfPage":{"@id":"https:\/\/lustandlove.eu\/et\/toode\/funkyjunk-wipes\/#primaryimage"},"image":{"@id":"https:\/\/lustandlove.eu\/et\/toode\/funkyjunk-wipes\/#primaryimage"},"thumbnailUrl":"https:\/\/lustandlove.eu\/wp-content\/uploads\/FunkyJunk-RosieSimmons-2020-1_5000x-scaled-1.jpg","datePublished":"2021-06-01T03:53:06+00:00","dateModified":"2026-04-13T07:37:19+00:00","description":"FunkyJunk Wipes j\u00e4tavad su riista l\u00f5hnama fantastiliselt ja neid saab kasutada enne, p\u00e4rast v\u00f5i keset seksuaalset vahekorda.","breadcrumb":{"@id":"https:\/\/lustandlove.eu\/et\/toode\/funkyjunk-wipes\/#breadcrumb"},"inLanguage":"et","potentialAction":[{"@type":"ReadAction","target":["https:\/\/lustandlove.eu\/et\/toode\/funkyjunk-wipes\/"]}]},{"@type":"ImageObject","inLanguage":"et","@id":"https:\/\/lustandlove.eu\/et\/toode\/funkyjunk-wipes\/#primaryimage","url":"https:\/\/lustandlove.eu\/wp-content\/uploads\/FunkyJunk-RosieSimmons-2020-1_5000x-scaled-1.jpg","contentUrl":"https:\/\/lustandlove.eu\/wp-content\/uploads\/FunkyJunk-RosieSimmons-2020-1_5000x-scaled-1.jpg","width":2560,"height":2560},{"@type":"BreadcrumbList","@id":"https:\/\/lustandlove.eu\/et\/toode\/funkyjunk-wipes\/#breadcrumb","itemListElement":[{"@type":"ListItem","position":1,"name":"Lust and Love","item":"https:\/\/lustandlove.eu\/et\/"},{"@type":"ListItem","position":2,"name":"Pood","item":"https:\/\/lustandlove.eu\/et\/pood\/"},{"@type":"ListItem","position":3,"name":"Libestid ja kehahooldus","item":"https:\/\/lustandlove.eu\/et\/pood\/apteek\/"},{"@type":"ListItem","position":4,"name":"H\u00fcgieen","item":"https:\/\/lustandlove.eu\/et\/pood\/apteek\/hugieen\/"},{"@type":"ListItem","position":5,"name":"FunkyJunk Wipes"}]},{"@type":"WebSite","@id":"https:\/\/lustandlove.eu\/et\/#website","url":"https:\/\/lustandlove.eu\/et\/","name":"Lust &amp; Love","description":"Online erootikapood tervise, ilu ja armastuse jaoks","publisher":{"@id":"https:\/\/lustandlove.eu\/et\/#organization"},"potentialAction":[{"@type":"SearchAction","target":{"@type":"EntryPoint","urlTemplate":"https:\/\/lustandlove.eu\/et\/?s={search_term_string}"},"query-input":{"@type":"PropertyValueSpecification","valueRequired":true,"valueName":"search_term_string"}}],"inLanguage":"et"},{"@type":"Organization","@id":"https:\/\/lustandlove.eu\/et\/#organization","name":"Bioconcept Baltics O\u00dc","url":"https:\/\/lustandlove.eu\/et\/","logo":{"@type":"ImageObject","inLanguage":"et","@id":"https:\/\/lustandlove.eu\/et\/#\/schema\/logo\/image\/","url":"","contentUrl":"","caption":"Bioconcept Baltics O\u00dc"},"image":{"@id":"https:\/\/lustandlove.eu\/et\/#\/schema\/logo\/image\/"},"sameAs":["https:\/\/www.facebook.com\/LustandLoveEU\/","https:\/\/www.instagram.com\/lustandloveeu\/"]}]}},"_links":{"self":[{"href":"https:\/\/lustandlove.eu\/et\/wp-json\/wp\/v2\/product\/43959","targetHints":{"allow":["GET"]}}],"collection":[{"href":"https:\/\/lustandlove.eu\/et\/wp-json\/wp\/v2\/product"}],"about":[{"href":"https:\/\/lustandlove.eu\/et\/wp-json\/wp\/v2\/types\/product"}],"wp:featuredmedia":[{"embeddable":true,"href":"https:\/\/lustandlove.eu\/et\/wp-json\/wp\/v2\/media\/43960"}],"wp:attachment":[{"href":"https:\/\/lustandlove.eu\/et\/wp-json\/wp\/v2\/media?parent=43959"}],"wp:term":[{"taxonomy":"product_brand","embeddable":true,"href":"https:\/\/lustandlove.eu\/et\/wp-json\/wp\/v2\/product_brand?post=43959"},{"taxonomy":"product_cat","embeddable":true,"href":"https:\/\/lustandlove.eu\/et\/wp-json\/wp\/v2\/product_cat?post=43959"},{"taxonomy":"product_tag","embeddable":true,"href":"https:\/\/lustandlove.eu\/et\/wp-json\/wp\/v2\/product_tag?post=43959"}],"curies":[{"name":"wp","href":"https:\/\/api.w.org\/{rel}","templated":true}]}}