{"id":43964,"date":"2021-06-01T06:44:11","date_gmt":"2021-06-01T03:44:11","guid":{"rendered":"https:\/\/www.lustandlove.eu\/product\/intiimseerum-sinu-vaginaale\/"},"modified":"2026-04-13T10:37:24","modified_gmt":"2026-04-13T07:37:24","slug":"intiimseerum-sinu-vaginaale","status":"publish","type":"product","link":"https:\/\/lustandlove.eu\/et\/toode\/intiimseerum-sinu-vaginaale\/","title":{"rendered":"Intiimseerum sinu vaginaale"},"content":{"rendered":"<div class=\"wpb-content-wrapper\"><p>[vc_row][vc_column][vc_column_text woodmart_inline=&#8221;no&#8221; text_larger=&#8221;no&#8221;]<br \/>\nIntiimseerum p\u00fchendatud sinu vaginaale<br \/>\n[\/vc_column_text][vc_column_text woodmart_inline=&#8221;no&#8221; text_larger=&#8221;no&#8221;]T\u00e4ielik hool su intiimsusele. Naturaalne intiimne seerum loodud 8 spetsiifilise kosmeetikas esineva ainega ja kohandatud Ph. tasemega, mis aitab niisutada ja rahustada vagiinat, kaitseb ja taastab selle orginaalsesse ilu, aidates luua intiimse tasakaalu.<\/p>\n<p>Intiimseerum sinu vaginaale l\u00f5hnab nagu p\u00e4ike ja lilled &#8211;\u00a0 naiselik ja sensuaalne. Neid l\u00f5hnu ja omadusi saadab jasmiin, mille naiselikkus anndab v\u00e4rskuse l\u00f5hnale. Peegeldades intiimsust ilule on l\u00f5hn veidi metsalik ja vanilline. \u00d5rn ja kutsuv l\u00f5hn m\u00e4rgib ajatu elegantsi naises. L\u00f5hn on allergeenide vaba.<\/p>\n<h2><strong>Miks ja Kuidas kasutada <\/strong><strong>Intiimseerumit?<\/strong><\/h2>\n<p>Et limiteerida vaginaalset kuivust v\u00f5i kuiva nahka.<\/p>\n<p>Et kiirendada paranemist, limiteerida punetust ja leevendada \u00e4rritust.<\/p>\n<p>Et limiteerida vananemist ja elastsust nahas.<\/p>\n<p>Et kinnitada tasakaal ja hea h\u00fcgeen V-alal.<\/p>\n<p>\u201cIlu, mugavus ja kaitse Vagiinale.\u201d Intiimseerum sinu vaginaale on loodud hoolitsema su intiimsuse eest igas vanuses naistele. Olenemata kas neil on menopaus v\u00f5i rasedusj\u00e4rgne periood. See on m\u00f5eldud k\u00f5igile naistele ilma eranditeta, aga miks mitte ka oma mees partnerile t\u00e4nuks, sest ka tema tunneb p\u00f5letust peale seksuaal vahekorda.<\/p>\n<p>Intiim seerum \u201cIlu, mugavus ja kaitse Vagiinale\u201d on igap\u00e4evaseks kasutuseks. See rahustab, niisutab, l\u00f5hnastab ja tugevdav V-ala. See tagab seksuaalset mugavust, mida vajad \u00fcle p\u00e4evade ja n\u00e4dalate. Kanna \u00f5rn kiht seerumi kuivale nahale masseerides seda \u00f5rnalt. Peale pesu s\u00e4deluseks v\u00f5i hoopis peale vahekorda, et ennetada r\u00f5hku v\u00f5i \u00fclekuumenemist.[\/vc_column_text][vc_column_text woodmart_inline=&#8221;no&#8221; text_larger=&#8221;no&#8221;]<\/p>\n<h3>Ettevaatust<\/h3>\n<p>YESforLOV intiimne seerum ei ole m\u00f5eldud suukaduseks kasutamiseks.<\/p>\n<p>Mitte kasutada naha haavadel.<\/p>\n<p>Naha \u00e4rrituse puhul soovitame kasutuse l\u00f5petada ja konsulteerida arstiga.<\/p>\n<p>Ei tohiks kasutada samal alal koos meditsiiniliselt m\u00e4\u00e4ratud toodetega.<\/p>\n<p>Raputa \u00f5rnalt enne kasutust.<\/p>\n<p>&nbsp;<\/p>\n<p>NB: Hoia eemal valgusest, toatemperatuuril.<\/p>\n<p>K\u00f5lblik kuni: 12 kuud peale avamist.[\/vc_column_text][vc_column_text woodmart_inline=&#8221;no&#8221; text_larger=&#8221;no&#8221;]<strong>Special storage conditions: <\/strong>Keep away from light and at room temperature.<br \/>\nBest before date: 12 months after opening.[\/vc_column_text][vc_column_text woodmart_inline=&#8221;no&#8221; text_larger=&#8221;no&#8221;]<strong>Ingredients:<\/strong> Inci \/\/ aqua, glycerin, propanediol, Cetearyl alcohol, undecane, coco caprylate\/caprate, caprylic\/capric triglyceride, alpha- glucan oligosaccharide, jojoba esters, tridecane, Helianthus Annuus seed cera, glyceryl caprate, mica, ci 77891, Cetearyl glucoside, bisabolol, glyceryl stearate, stearic acid, acacia Senegal gum, carrageenan, xanthan gum, glyceryl undecylenate, maltodextrin, Persea gratissima fruit extract, aloe barbadensis leaf juice powder, helianthus annuus seed oil, sodium hyaluronate, acacia decurrens flower cera, polyglycerin-3, glucose, sodium gluconate, sodium hydroxide, citric acid, kigelia africana fruit extract, malva sylvestris flower extract, arctium lappa root extract, parfum, tocopherol, sodium benzoate, potassium sorbate.<\/p>\n<p>Tested under gynecological control.<br \/>\nRespects the physiological pH.<br \/>\nSuitable for all types of mucous membranes, skin or vulva, even the most fragile.[\/vc_column_text][\/vc_column][\/vc_row]<\/p>\n<\/div>","protected":false},"excerpt":{"rendered":"<p>Intiimseerum sinu vaginaale on igap\u00e4evane hooldus, mis rahustab, niisutab, l\u00f5hnastab ja tugevdab vagiinat. M\u00f5eldud naistele igas vanuses.<\/p>\n","protected":false},"featured_media":43970,"template":"","meta":[],"product_brand":[4248],"product_cat":[1464,1460],"product_tag":[3754],"class_list":{"0":"post-43964","1":"product","2":"type-product","3":"status-publish","4":"has-post-thumbnail","6":"product_brand-yesforlov-et","7":"product_cat-erutavad-geelid","8":"product_cat-apteek","9":"product_tag-menopaus","10":"pa_brand-yesforlov-et","12":"first","13":"instock","14":"taxable","15":"shipping-taxable","16":"purchasable","17":"product-type-simple"},"yoast_head":"<!-- This site is optimized with the Yoast SEO plugin v27.3 - https:\/\/yoast.com\/product\/yoast-seo-wordpress\/ -->\n<title>Intiimseerum sinu vaginaale | Lust and Love<\/title>\n<meta name=\"description\" content=\"Intiimseerum sinu vaginaale on igap\u00e4evane hooldus, mis rahustab, niisutab, l\u00f5hnastab ja tugevdab vagiinat. M\u00f5eldud naistele igas vanuses.\" \/>\n<meta name=\"robots\" content=\"index,follow,max-snippet:-1,max-image-preview:large,max-video-preview:-1\" \/>\n<link rel=\"canonical\" href=\"https:\/\/lustandlove.eu\/et\/toode\/intiimseerum-sinu-vaginaale\/\" \/>\n<meta name=\"twitter:card\" content=\"summary_large_image\" \/>\n<meta name=\"twitter:title\" content=\"Intiimseerum sinu vaginaale | Lust and Love\" \/>\n<meta name=\"twitter:description\" content=\"Intiimseerum sinu vaginaale on igap\u00e4evane hooldus, mis rahustab, niisutab, l\u00f5hnastab ja tugevdab vagiinat. M\u00f5eldud naistele igas vanuses.\" \/>\n<meta name=\"twitter:image\" content=\"https:\/\/lustandlove.eu\/wp-content\/uploads\/i-bNBLjvK-X2-1.jpg\" \/>\n<meta name=\"twitter:label1\" content=\"Est. reading time\" \/>\n\t<meta name=\"twitter:data1\" content=\"2 minutit\" \/>\n<script type=\"application\/ld+json\" class=\"yoast-schema-graph\">{\"@context\":\"https:\\\/\\\/schema.org\",\"@graph\":[{\"@type\":[\"WebPage\",\"ItemPage\"],\"@id\":\"https:\\\/\\\/lustandlove.eu\\\/et\\\/toode\\\/intiimseerum-sinu-vaginaale\\\/\",\"url\":\"https:\\\/\\\/lustandlove.eu\\\/et\\\/toode\\\/intiimseerum-sinu-vaginaale\\\/\",\"name\":\"Intiimseerum sinu vaginaale | Lust and Love\",\"isPartOf\":{\"@id\":\"https:\\\/\\\/lustandlove.eu\\\/et\\\/#website\"},\"primaryImageOfPage\":{\"@id\":\"https:\\\/\\\/lustandlove.eu\\\/et\\\/toode\\\/intiimseerum-sinu-vaginaale\\\/#primaryimage\"},\"image\":{\"@id\":\"https:\\\/\\\/lustandlove.eu\\\/et\\\/toode\\\/intiimseerum-sinu-vaginaale\\\/#primaryimage\"},\"thumbnailUrl\":\"https:\\\/\\\/lustandlove.eu\\\/wp-content\\\/uploads\\\/i-bNBLjvK-X2-1.jpg\",\"datePublished\":\"2021-06-01T03:44:11+00:00\",\"dateModified\":\"2026-04-13T07:37:24+00:00\",\"description\":\"Intiimseerum sinu vaginaale on igap\u00e4evane hooldus, mis rahustab, niisutab, l\u00f5hnastab ja tugevdab vagiinat. M\u00f5eldud naistele igas vanuses.\",\"breadcrumb\":{\"@id\":\"https:\\\/\\\/lustandlove.eu\\\/et\\\/toode\\\/intiimseerum-sinu-vaginaale\\\/#breadcrumb\"},\"inLanguage\":\"et\",\"potentialAction\":[{\"@type\":\"ReadAction\",\"target\":[\"https:\\\/\\\/lustandlove.eu\\\/et\\\/toode\\\/intiimseerum-sinu-vaginaale\\\/\"]}]},{\"@type\":\"ImageObject\",\"inLanguage\":\"et\",\"@id\":\"https:\\\/\\\/lustandlove.eu\\\/et\\\/toode\\\/intiimseerum-sinu-vaginaale\\\/#primaryimage\",\"url\":\"https:\\\/\\\/lustandlove.eu\\\/wp-content\\\/uploads\\\/i-bNBLjvK-X2-1.jpg\",\"contentUrl\":\"https:\\\/\\\/lustandlove.eu\\\/wp-content\\\/uploads\\\/i-bNBLjvK-X2-1.jpg\",\"width\":960,\"height\":960},{\"@type\":\"BreadcrumbList\",\"@id\":\"https:\\\/\\\/lustandlove.eu\\\/et\\\/toode\\\/intiimseerum-sinu-vaginaale\\\/#breadcrumb\",\"itemListElement\":[{\"@type\":\"ListItem\",\"position\":1,\"name\":\"Lust and Love\",\"item\":\"https:\\\/\\\/lustandlove.eu\\\/et\\\/\"},{\"@type\":\"ListItem\",\"position\":2,\"name\":\"Pood\",\"item\":\"https:\\\/\\\/lustandlove.eu\\\/et\\\/pood\\\/\"},{\"@type\":\"ListItem\",\"position\":3,\"name\":\"Libestid ja kehahooldus\",\"item\":\"https:\\\/\\\/lustandlove.eu\\\/et\\\/pood\\\/apteek\\\/\"},{\"@type\":\"ListItem\",\"position\":4,\"name\":\"Erutavad Geelid\",\"item\":\"https:\\\/\\\/lustandlove.eu\\\/et\\\/pood\\\/apteek\\\/erutavad-geelid\\\/\"},{\"@type\":\"ListItem\",\"position\":5,\"name\":\"Intiimseerum sinu vaginaale\"}]},{\"@type\":\"WebSite\",\"@id\":\"https:\\\/\\\/lustandlove.eu\\\/et\\\/#website\",\"url\":\"https:\\\/\\\/lustandlove.eu\\\/et\\\/\",\"name\":\"Lust &amp; Love\",\"description\":\"Online erootikapood tervise, ilu ja armastuse jaoks\",\"publisher\":{\"@id\":\"https:\\\/\\\/lustandlove.eu\\\/et\\\/#organization\"},\"potentialAction\":[{\"@type\":\"SearchAction\",\"target\":{\"@type\":\"EntryPoint\",\"urlTemplate\":\"https:\\\/\\\/lustandlove.eu\\\/et\\\/?s={search_term_string}\"},\"query-input\":{\"@type\":\"PropertyValueSpecification\",\"valueRequired\":true,\"valueName\":\"search_term_string\"}}],\"inLanguage\":\"et\"},{\"@type\":\"Organization\",\"@id\":\"https:\\\/\\\/lustandlove.eu\\\/et\\\/#organization\",\"name\":\"Bioconcept Baltics O\u00dc\",\"url\":\"https:\\\/\\\/lustandlove.eu\\\/et\\\/\",\"logo\":{\"@type\":\"ImageObject\",\"inLanguage\":\"et\",\"@id\":\"https:\\\/\\\/lustandlove.eu\\\/et\\\/#\\\/schema\\\/logo\\\/image\\\/\",\"url\":\"\",\"contentUrl\":\"\",\"caption\":\"Bioconcept Baltics O\u00dc\"},\"image\":{\"@id\":\"https:\\\/\\\/lustandlove.eu\\\/et\\\/#\\\/schema\\\/logo\\\/image\\\/\"},\"sameAs\":[\"https:\\\/\\\/www.facebook.com\\\/LustandLoveEU\\\/\",\"https:\\\/\\\/www.instagram.com\\\/lustandloveeu\\\/\"]}]}<\/script>\n<!-- \/ Yoast SEO plugin. -->","yoast_head_json":{"title":"Intiimseerum sinu vaginaale | Lust and Love","description":"Intiimseerum sinu vaginaale on igap\u00e4evane hooldus, mis rahustab, niisutab, l\u00f5hnastab ja tugevdab vagiinat. M\u00f5eldud naistele igas vanuses.","robots":{"index,follow,max-snippet":"index,follow,max-snippet:-1,max-image-preview:large,max-video-preview:-1"},"canonical":"https:\/\/lustandlove.eu\/et\/toode\/intiimseerum-sinu-vaginaale\/","twitter_card":"summary_large_image","twitter_title":"Intiimseerum sinu vaginaale | Lust and Love","twitter_description":"Intiimseerum sinu vaginaale on igap\u00e4evane hooldus, mis rahustab, niisutab, l\u00f5hnastab ja tugevdab vagiinat. M\u00f5eldud naistele igas vanuses.","twitter_image":"https:\/\/lustandlove.eu\/wp-content\/uploads\/i-bNBLjvK-X2-1.jpg","twitter_misc":{"Est. reading time":"2 minutit"},"schema":{"@context":"https:\/\/schema.org","@graph":[{"@type":["WebPage","ItemPage"],"@id":"https:\/\/lustandlove.eu\/et\/toode\/intiimseerum-sinu-vaginaale\/","url":"https:\/\/lustandlove.eu\/et\/toode\/intiimseerum-sinu-vaginaale\/","name":"Intiimseerum sinu vaginaale | Lust and Love","isPartOf":{"@id":"https:\/\/lustandlove.eu\/et\/#website"},"primaryImageOfPage":{"@id":"https:\/\/lustandlove.eu\/et\/toode\/intiimseerum-sinu-vaginaale\/#primaryimage"},"image":{"@id":"https:\/\/lustandlove.eu\/et\/toode\/intiimseerum-sinu-vaginaale\/#primaryimage"},"thumbnailUrl":"https:\/\/lustandlove.eu\/wp-content\/uploads\/i-bNBLjvK-X2-1.jpg","datePublished":"2021-06-01T03:44:11+00:00","dateModified":"2026-04-13T07:37:24+00:00","description":"Intiimseerum sinu vaginaale on igap\u00e4evane hooldus, mis rahustab, niisutab, l\u00f5hnastab ja tugevdab vagiinat. M\u00f5eldud naistele igas vanuses.","breadcrumb":{"@id":"https:\/\/lustandlove.eu\/et\/toode\/intiimseerum-sinu-vaginaale\/#breadcrumb"},"inLanguage":"et","potentialAction":[{"@type":"ReadAction","target":["https:\/\/lustandlove.eu\/et\/toode\/intiimseerum-sinu-vaginaale\/"]}]},{"@type":"ImageObject","inLanguage":"et","@id":"https:\/\/lustandlove.eu\/et\/toode\/intiimseerum-sinu-vaginaale\/#primaryimage","url":"https:\/\/lustandlove.eu\/wp-content\/uploads\/i-bNBLjvK-X2-1.jpg","contentUrl":"https:\/\/lustandlove.eu\/wp-content\/uploads\/i-bNBLjvK-X2-1.jpg","width":960,"height":960},{"@type":"BreadcrumbList","@id":"https:\/\/lustandlove.eu\/et\/toode\/intiimseerum-sinu-vaginaale\/#breadcrumb","itemListElement":[{"@type":"ListItem","position":1,"name":"Lust and Love","item":"https:\/\/lustandlove.eu\/et\/"},{"@type":"ListItem","position":2,"name":"Pood","item":"https:\/\/lustandlove.eu\/et\/pood\/"},{"@type":"ListItem","position":3,"name":"Libestid ja kehahooldus","item":"https:\/\/lustandlove.eu\/et\/pood\/apteek\/"},{"@type":"ListItem","position":4,"name":"Erutavad Geelid","item":"https:\/\/lustandlove.eu\/et\/pood\/apteek\/erutavad-geelid\/"},{"@type":"ListItem","position":5,"name":"Intiimseerum sinu vaginaale"}]},{"@type":"WebSite","@id":"https:\/\/lustandlove.eu\/et\/#website","url":"https:\/\/lustandlove.eu\/et\/","name":"Lust &amp; Love","description":"Online erootikapood tervise, ilu ja armastuse jaoks","publisher":{"@id":"https:\/\/lustandlove.eu\/et\/#organization"},"potentialAction":[{"@type":"SearchAction","target":{"@type":"EntryPoint","urlTemplate":"https:\/\/lustandlove.eu\/et\/?s={search_term_string}"},"query-input":{"@type":"PropertyValueSpecification","valueRequired":true,"valueName":"search_term_string"}}],"inLanguage":"et"},{"@type":"Organization","@id":"https:\/\/lustandlove.eu\/et\/#organization","name":"Bioconcept Baltics O\u00dc","url":"https:\/\/lustandlove.eu\/et\/","logo":{"@type":"ImageObject","inLanguage":"et","@id":"https:\/\/lustandlove.eu\/et\/#\/schema\/logo\/image\/","url":"","contentUrl":"","caption":"Bioconcept Baltics O\u00dc"},"image":{"@id":"https:\/\/lustandlove.eu\/et\/#\/schema\/logo\/image\/"},"sameAs":["https:\/\/www.facebook.com\/LustandLoveEU\/","https:\/\/www.instagram.com\/lustandloveeu\/"]}]}},"_links":{"self":[{"href":"https:\/\/lustandlove.eu\/et\/wp-json\/wp\/v2\/product\/43964","targetHints":{"allow":["GET"]}}],"collection":[{"href":"https:\/\/lustandlove.eu\/et\/wp-json\/wp\/v2\/product"}],"about":[{"href":"https:\/\/lustandlove.eu\/et\/wp-json\/wp\/v2\/types\/product"}],"wp:featuredmedia":[{"embeddable":true,"href":"https:\/\/lustandlove.eu\/et\/wp-json\/wp\/v2\/media\/43970"}],"wp:attachment":[{"href":"https:\/\/lustandlove.eu\/et\/wp-json\/wp\/v2\/media?parent=43964"}],"wp:term":[{"taxonomy":"product_brand","embeddable":true,"href":"https:\/\/lustandlove.eu\/et\/wp-json\/wp\/v2\/product_brand?post=43964"},{"taxonomy":"product_cat","embeddable":true,"href":"https:\/\/lustandlove.eu\/et\/wp-json\/wp\/v2\/product_cat?post=43964"},{"taxonomy":"product_tag","embeddable":true,"href":"https:\/\/lustandlove.eu\/et\/wp-json\/wp\/v2\/product_tag?post=43964"}],"curies":[{"name":"wp","href":"https:\/\/api.w.org\/{rel}","templated":true}]}}