{"id":43971,"date":"2021-06-01T06:42:34","date_gmt":"2021-06-01T03:42:34","guid":{"rendered":"https:\/\/www.lustandlove.eu\/product\/gjuice-lelupuhastaja-60ml\/"},"modified":"2026-04-13T10:37:32","modified_gmt":"2026-04-13T07:37:32","slug":"gjuice-lelupuhastaja-60ml","status":"publish","type":"product","link":"https:\/\/lustandlove.eu\/et\/toode\/gjuice-lelupuhastaja-60ml\/","title":{"rendered":"Gjuice \u2013 Lelupuhastaja 60ML"},"content":{"rendered":"<div class=\"wpb-content-wrapper\"><p>[vc_row][vc_column][vc_column_text woodmart_inline=&#8221;no&#8221; text_larger=&#8221;no&#8221;]<\/p>\n<h3><strong>Gjuice lelupuhastaja<\/strong><\/h3>\n<p>Antibakteriaalne puhastussprei. Alkoholi vaba, kohandatud Ph tasemega naha jaoks. Sobilik silikoonist, kummist ja lateks leludega.[\/vc_column_text][vc_column_text woodmart_inline=&#8221;no&#8221; text_larger=&#8221;no&#8221;]<\/p>\n<div class=\"wpb_text_column wpb_content_element\">\n<div class=\"wpb_wrapper\">\n<h3><strong>Armud selle v\u00e4limusse\u2026<\/strong><\/h3>\n<p>Tutvu Gvibe uue seeriaga \u2013 Gjuice \u2013 mis koosneb libestist ja lelupuhastajast. Sinu pilku p\u00fc\u00fcab esmalt omap\u00e4rane pudel, mida v\u00f5id esmapilgul pidada lausa parf\u00fc\u00fcmiks. Pudel on valmistatud preemimum klaasist ja on elegantne, mahtudes mugavalt su peopessa.<\/p>\n<\/div>\n<\/div>\n<p>[\/vc_column_text][vc_column_text woodmart_inline=&#8221;no&#8221; text_larger=&#8221;no&#8221;]<\/p>\n<h3><strong>K\u00f5ige kallimad koostisosad, kuna sa v\u00e4\u00e4rid parimat<\/strong><\/h3>\n<p>Kas Gjuice on sind juba \u00e4ra v\u00f5lunud? Siis kuula edasi! Gjuice puhastaja sees kasutatakse parimaid saadaval olevaid koostisosi. Me hoolime sinu tervisest, ning kasutame oma puhastajas vaid k\u00f5ige puhtamaid ja parimaid koostisosi.[\/vc_column_text][\/vc_column][\/vc_row]<\/p>\n<\/div>","protected":false},"excerpt":{"rendered":"<p>Tutvu Gvibe uue seeriaga \u2013 Gjuice \u2013 mis koosneb libestist ja lelupuhastajast. Sinu pilku p\u00fc\u00fcab esmalt omap\u00e4rane pudel, mida v\u00f5id esmapilgul pidada lausa parf\u00fc\u00fcmiks. Pudel on valmistatud preemimum klaasist ja on elegantne, mahtudes mugavalt su peopessa.<\/p>\n","protected":false},"featured_media":43972,"template":"","meta":[],"product_brand":[4208],"product_cat":[1466,1460],"product_tag":[3093],"class_list":{"0":"post-43971","1":"product","2":"type-product","3":"status-publish","4":"has-post-thumbnail","6":"product_brand-gvibe-et","7":"product_cat-hugieen","8":"product_cat-apteek","9":"product_tag-aftercare-et","10":"pa_brand-gvibe-et","12":"first","13":"outofstock","14":"taxable","15":"shipping-taxable","16":"purchasable","17":"product-type-simple"},"yoast_head":"<!-- This site is optimized with the Yoast SEO plugin v27.3 - https:\/\/yoast.com\/product\/yoast-seo-wordpress\/ -->\n<title>Gjuice \u2013 Lelupuhastaja 60ML | Lust and Love<\/title>\n<meta name=\"description\" content=\"Tutvu Gvibe uue seeriaga \u2013 Gjuice \u2013 mis koosneb libestist ja lelupuhastajast. Sinu pilku p\u00fc\u00fcab esmalt omap\u00e4rane pudel, mida v\u00f5id esmapilgul pidada lausa parf\u00fc\u00fcmiks. Pudel on valmistatud preemimum klaasist ja on elegantne, mahtudes mugavalt su peopessa.\" \/>\n<meta name=\"robots\" content=\"index,follow,max-snippet:-1,max-image-preview:large,max-video-preview:-1\" \/>\n<link rel=\"canonical\" href=\"https:\/\/lustandlove.eu\/et\/toode\/gjuice-lelupuhastaja-60ml\/\" \/>\n<meta name=\"twitter:card\" content=\"summary_large_image\" \/>\n<meta name=\"twitter:title\" content=\"Gjuice \u2013 Lelupuhastaja 60ML | Lust and Love\" \/>\n<meta name=\"twitter:description\" content=\"Tutvu Gvibe uue seeriaga \u2013 Gjuice \u2013 mis koosneb libestist ja lelupuhastajast. Sinu pilku p\u00fc\u00fcab esmalt omap\u00e4rane pudel, mida v\u00f5id esmapilgul pidada lausa parf\u00fc\u00fcmiks. Pudel on valmistatud preemimum klaasist ja on elegantne, mahtudes mugavalt su peopessa.\" \/>\n<meta name=\"twitter:image\" content=\"https:\/\/lustandlove.eu\/wp-content\/uploads\/G_Gjuice_Toy_Cleaner_10080_1024x1024.jpg\" \/>\n<meta name=\"twitter:label1\" content=\"Est. reading time\" \/>\n\t<meta name=\"twitter:data1\" content=\"1 minut\" \/>\n<script type=\"application\/ld+json\" class=\"yoast-schema-graph\">{\"@context\":\"https:\\\/\\\/schema.org\",\"@graph\":[{\"@type\":[\"WebPage\",\"ItemPage\"],\"@id\":\"https:\\\/\\\/lustandlove.eu\\\/et\\\/toode\\\/gjuice-lelupuhastaja-60ml\\\/\",\"url\":\"https:\\\/\\\/lustandlove.eu\\\/et\\\/toode\\\/gjuice-lelupuhastaja-60ml\\\/\",\"name\":\"Gjuice \u2013 Lelupuhastaja 60ML | Lust and Love\",\"isPartOf\":{\"@id\":\"https:\\\/\\\/lustandlove.eu\\\/et\\\/#website\"},\"primaryImageOfPage\":{\"@id\":\"https:\\\/\\\/lustandlove.eu\\\/et\\\/toode\\\/gjuice-lelupuhastaja-60ml\\\/#primaryimage\"},\"image\":{\"@id\":\"https:\\\/\\\/lustandlove.eu\\\/et\\\/toode\\\/gjuice-lelupuhastaja-60ml\\\/#primaryimage\"},\"thumbnailUrl\":\"https:\\\/\\\/lustandlove.eu\\\/wp-content\\\/uploads\\\/G_Gjuice_Toy_Cleaner_10080_1024x1024.jpg\",\"datePublished\":\"2021-06-01T03:42:34+00:00\",\"dateModified\":\"2026-04-13T07:37:32+00:00\",\"description\":\"Tutvu Gvibe uue seeriaga \u2013 Gjuice \u2013 mis koosneb libestist ja lelupuhastajast. Sinu pilku p\u00fc\u00fcab esmalt omap\u00e4rane pudel, mida v\u00f5id esmapilgul pidada lausa parf\u00fc\u00fcmiks. Pudel on valmistatud preemimum klaasist ja on elegantne, mahtudes mugavalt su peopessa.\",\"breadcrumb\":{\"@id\":\"https:\\\/\\\/lustandlove.eu\\\/et\\\/toode\\\/gjuice-lelupuhastaja-60ml\\\/#breadcrumb\"},\"inLanguage\":\"et\",\"potentialAction\":[{\"@type\":\"ReadAction\",\"target\":[\"https:\\\/\\\/lustandlove.eu\\\/et\\\/toode\\\/gjuice-lelupuhastaja-60ml\\\/\"]}]},{\"@type\":\"ImageObject\",\"inLanguage\":\"et\",\"@id\":\"https:\\\/\\\/lustandlove.eu\\\/et\\\/toode\\\/gjuice-lelupuhastaja-60ml\\\/#primaryimage\",\"url\":\"https:\\\/\\\/lustandlove.eu\\\/wp-content\\\/uploads\\\/G_Gjuice_Toy_Cleaner_10080_1024x1024.jpg\",\"contentUrl\":\"https:\\\/\\\/lustandlove.eu\\\/wp-content\\\/uploads\\\/G_Gjuice_Toy_Cleaner_10080_1024x1024.jpg\",\"width\":840,\"height\":1024},{\"@type\":\"BreadcrumbList\",\"@id\":\"https:\\\/\\\/lustandlove.eu\\\/et\\\/toode\\\/gjuice-lelupuhastaja-60ml\\\/#breadcrumb\",\"itemListElement\":[{\"@type\":\"ListItem\",\"position\":1,\"name\":\"Lust and Love\",\"item\":\"https:\\\/\\\/lustandlove.eu\\\/et\\\/\"},{\"@type\":\"ListItem\",\"position\":2,\"name\":\"Pood\",\"item\":\"https:\\\/\\\/lustandlove.eu\\\/et\\\/pood\\\/\"},{\"@type\":\"ListItem\",\"position\":3,\"name\":\"Libestid ja kehahooldus\",\"item\":\"https:\\\/\\\/lustandlove.eu\\\/et\\\/pood\\\/apteek\\\/\"},{\"@type\":\"ListItem\",\"position\":4,\"name\":\"H\u00fcgieen\",\"item\":\"https:\\\/\\\/lustandlove.eu\\\/et\\\/pood\\\/apteek\\\/hugieen\\\/\"},{\"@type\":\"ListItem\",\"position\":5,\"name\":\"Gjuice \u2013 Lelupuhastaja 60ML\"}]},{\"@type\":\"WebSite\",\"@id\":\"https:\\\/\\\/lustandlove.eu\\\/et\\\/#website\",\"url\":\"https:\\\/\\\/lustandlove.eu\\\/et\\\/\",\"name\":\"Lust &amp; Love\",\"description\":\"Online erootikapood tervise, ilu ja armastuse jaoks\",\"publisher\":{\"@id\":\"https:\\\/\\\/lustandlove.eu\\\/et\\\/#organization\"},\"potentialAction\":[{\"@type\":\"SearchAction\",\"target\":{\"@type\":\"EntryPoint\",\"urlTemplate\":\"https:\\\/\\\/lustandlove.eu\\\/et\\\/?s={search_term_string}\"},\"query-input\":{\"@type\":\"PropertyValueSpecification\",\"valueRequired\":true,\"valueName\":\"search_term_string\"}}],\"inLanguage\":\"et\"},{\"@type\":\"Organization\",\"@id\":\"https:\\\/\\\/lustandlove.eu\\\/et\\\/#organization\",\"name\":\"Bioconcept Baltics O\u00dc\",\"url\":\"https:\\\/\\\/lustandlove.eu\\\/et\\\/\",\"logo\":{\"@type\":\"ImageObject\",\"inLanguage\":\"et\",\"@id\":\"https:\\\/\\\/lustandlove.eu\\\/et\\\/#\\\/schema\\\/logo\\\/image\\\/\",\"url\":\"\",\"contentUrl\":\"\",\"caption\":\"Bioconcept Baltics O\u00dc\"},\"image\":{\"@id\":\"https:\\\/\\\/lustandlove.eu\\\/et\\\/#\\\/schema\\\/logo\\\/image\\\/\"},\"sameAs\":[\"https:\\\/\\\/www.facebook.com\\\/LustandLoveEU\\\/\",\"https:\\\/\\\/www.instagram.com\\\/lustandloveeu\\\/\"]}]}<\/script>\n<!-- \/ Yoast SEO plugin. -->","yoast_head_json":{"title":"Gjuice \u2013 Lelupuhastaja 60ML | Lust and Love","description":"Tutvu Gvibe uue seeriaga \u2013 Gjuice \u2013 mis koosneb libestist ja lelupuhastajast. Sinu pilku p\u00fc\u00fcab esmalt omap\u00e4rane pudel, mida v\u00f5id esmapilgul pidada lausa parf\u00fc\u00fcmiks. Pudel on valmistatud preemimum klaasist ja on elegantne, mahtudes mugavalt su peopessa.","robots":{"index,follow,max-snippet":"index,follow,max-snippet:-1,max-image-preview:large,max-video-preview:-1"},"canonical":"https:\/\/lustandlove.eu\/et\/toode\/gjuice-lelupuhastaja-60ml\/","twitter_card":"summary_large_image","twitter_title":"Gjuice \u2013 Lelupuhastaja 60ML | Lust and Love","twitter_description":"Tutvu Gvibe uue seeriaga \u2013 Gjuice \u2013 mis koosneb libestist ja lelupuhastajast. Sinu pilku p\u00fc\u00fcab esmalt omap\u00e4rane pudel, mida v\u00f5id esmapilgul pidada lausa parf\u00fc\u00fcmiks. Pudel on valmistatud preemimum klaasist ja on elegantne, mahtudes mugavalt su peopessa.","twitter_image":"https:\/\/lustandlove.eu\/wp-content\/uploads\/G_Gjuice_Toy_Cleaner_10080_1024x1024.jpg","twitter_misc":{"Est. reading time":"1 minut"},"schema":{"@context":"https:\/\/schema.org","@graph":[{"@type":["WebPage","ItemPage"],"@id":"https:\/\/lustandlove.eu\/et\/toode\/gjuice-lelupuhastaja-60ml\/","url":"https:\/\/lustandlove.eu\/et\/toode\/gjuice-lelupuhastaja-60ml\/","name":"Gjuice \u2013 Lelupuhastaja 60ML | Lust and Love","isPartOf":{"@id":"https:\/\/lustandlove.eu\/et\/#website"},"primaryImageOfPage":{"@id":"https:\/\/lustandlove.eu\/et\/toode\/gjuice-lelupuhastaja-60ml\/#primaryimage"},"image":{"@id":"https:\/\/lustandlove.eu\/et\/toode\/gjuice-lelupuhastaja-60ml\/#primaryimage"},"thumbnailUrl":"https:\/\/lustandlove.eu\/wp-content\/uploads\/G_Gjuice_Toy_Cleaner_10080_1024x1024.jpg","datePublished":"2021-06-01T03:42:34+00:00","dateModified":"2026-04-13T07:37:32+00:00","description":"Tutvu Gvibe uue seeriaga \u2013 Gjuice \u2013 mis koosneb libestist ja lelupuhastajast. Sinu pilku p\u00fc\u00fcab esmalt omap\u00e4rane pudel, mida v\u00f5id esmapilgul pidada lausa parf\u00fc\u00fcmiks. Pudel on valmistatud preemimum klaasist ja on elegantne, mahtudes mugavalt su peopessa.","breadcrumb":{"@id":"https:\/\/lustandlove.eu\/et\/toode\/gjuice-lelupuhastaja-60ml\/#breadcrumb"},"inLanguage":"et","potentialAction":[{"@type":"ReadAction","target":["https:\/\/lustandlove.eu\/et\/toode\/gjuice-lelupuhastaja-60ml\/"]}]},{"@type":"ImageObject","inLanguage":"et","@id":"https:\/\/lustandlove.eu\/et\/toode\/gjuice-lelupuhastaja-60ml\/#primaryimage","url":"https:\/\/lustandlove.eu\/wp-content\/uploads\/G_Gjuice_Toy_Cleaner_10080_1024x1024.jpg","contentUrl":"https:\/\/lustandlove.eu\/wp-content\/uploads\/G_Gjuice_Toy_Cleaner_10080_1024x1024.jpg","width":840,"height":1024},{"@type":"BreadcrumbList","@id":"https:\/\/lustandlove.eu\/et\/toode\/gjuice-lelupuhastaja-60ml\/#breadcrumb","itemListElement":[{"@type":"ListItem","position":1,"name":"Lust and Love","item":"https:\/\/lustandlove.eu\/et\/"},{"@type":"ListItem","position":2,"name":"Pood","item":"https:\/\/lustandlove.eu\/et\/pood\/"},{"@type":"ListItem","position":3,"name":"Libestid ja kehahooldus","item":"https:\/\/lustandlove.eu\/et\/pood\/apteek\/"},{"@type":"ListItem","position":4,"name":"H\u00fcgieen","item":"https:\/\/lustandlove.eu\/et\/pood\/apteek\/hugieen\/"},{"@type":"ListItem","position":5,"name":"Gjuice \u2013 Lelupuhastaja 60ML"}]},{"@type":"WebSite","@id":"https:\/\/lustandlove.eu\/et\/#website","url":"https:\/\/lustandlove.eu\/et\/","name":"Lust &amp; Love","description":"Online erootikapood tervise, ilu ja armastuse jaoks","publisher":{"@id":"https:\/\/lustandlove.eu\/et\/#organization"},"potentialAction":[{"@type":"SearchAction","target":{"@type":"EntryPoint","urlTemplate":"https:\/\/lustandlove.eu\/et\/?s={search_term_string}"},"query-input":{"@type":"PropertyValueSpecification","valueRequired":true,"valueName":"search_term_string"}}],"inLanguage":"et"},{"@type":"Organization","@id":"https:\/\/lustandlove.eu\/et\/#organization","name":"Bioconcept Baltics O\u00dc","url":"https:\/\/lustandlove.eu\/et\/","logo":{"@type":"ImageObject","inLanguage":"et","@id":"https:\/\/lustandlove.eu\/et\/#\/schema\/logo\/image\/","url":"","contentUrl":"","caption":"Bioconcept Baltics O\u00dc"},"image":{"@id":"https:\/\/lustandlove.eu\/et\/#\/schema\/logo\/image\/"},"sameAs":["https:\/\/www.facebook.com\/LustandLoveEU\/","https:\/\/www.instagram.com\/lustandloveeu\/"]}]}},"_links":{"self":[{"href":"https:\/\/lustandlove.eu\/et\/wp-json\/wp\/v2\/product\/43971","targetHints":{"allow":["GET"]}}],"collection":[{"href":"https:\/\/lustandlove.eu\/et\/wp-json\/wp\/v2\/product"}],"about":[{"href":"https:\/\/lustandlove.eu\/et\/wp-json\/wp\/v2\/types\/product"}],"wp:featuredmedia":[{"embeddable":true,"href":"https:\/\/lustandlove.eu\/et\/wp-json\/wp\/v2\/media\/43972"}],"wp:attachment":[{"href":"https:\/\/lustandlove.eu\/et\/wp-json\/wp\/v2\/media?parent=43971"}],"wp:term":[{"taxonomy":"product_brand","embeddable":true,"href":"https:\/\/lustandlove.eu\/et\/wp-json\/wp\/v2\/product_brand?post=43971"},{"taxonomy":"product_cat","embeddable":true,"href":"https:\/\/lustandlove.eu\/et\/wp-json\/wp\/v2\/product_cat?post=43971"},{"taxonomy":"product_tag","embeddable":true,"href":"https:\/\/lustandlove.eu\/et\/wp-json\/wp\/v2\/product_tag?post=43971"}],"curies":[{"name":"wp","href":"https:\/\/api.w.org\/{rel}","templated":true}]}}