{"id":43984,"date":"2021-06-01T06:22:34","date_gmt":"2021-06-01T03:22:34","guid":{"rendered":"https:\/\/www.lustandlove.eu\/product\/naudingut-pikendav-sprei\/"},"modified":"2026-04-13T10:37:44","modified_gmt":"2026-04-13T07:37:44","slug":"naudingut-pikendav-sprei","status":"publish","type":"product","link":"https:\/\/lustandlove.eu\/et\/toode\/naudingut-pikendav-sprei\/","title":{"rendered":"Naudingut Pikendav Sprei"},"content":{"rendered":"<div class=\"wpb-content-wrapper\"><p>[vc_row][vc_column][vc_column_text woodmart_inline=&#8221;no&#8221; text_larger=&#8221;no&#8221;]<\/p>\n<h2><b>Naudingut pikendav sprei \u2013 haara kontroll ilma tuimestava efektita<\/b><\/h2>\n<p>P\u00e4rast aastaid uuringuid ja arendamist tutvustame uut toodet: YESforLOV naudingut pikendav sprei.<\/p>\n<p>See erilise koostisega sprei mahub kenasti taskusse ning see on loodud pikendama sinu vastupidavust ning v\u00f5imendama naudingut ja orgasme.<\/p>\n<p>P\u00f5hinedes looduslikel koostisosadel, tekitab see vastupidavust soodustav sprei peenisel kuumad ja k\u00fclmad sensatsioonid, j\u00e4ttes endiselt alles peenisepea tundlikkuse. Selle taimsete ekstraktidega rikastatud koostis tagab l\u00f5\u00f5gastava tunde, et kaua vastu pidada.<\/p>\n<p>Unikaalne koostis viib su \u201cEdge zone\u2019i\u201d, mis on t\u00e4pselt enne ejakuleerimist, hoides naudingu v\u00f5imalikult k\u00f5rgel pikaks ajaks.[\/vc_column_text][vc_column_text woodmart_inline=&#8221;no&#8221; text_larger=&#8221;no&#8221;]<\/p>\n<h2><b>See toode on m\u00f5eldud neile, kes:<\/b><\/h2>\n<p>Soovivad kauem vahekorra ajal vastu pidada v\u00f5i kannatavad enneaegsete seemnepursete all;<\/p>\n<p>Soovivad j\u00e4igemaid ja tugevamalt erekteerunud peeniseid;<\/p>\n<p>Soovivad oma enesehinnangut k\u00f5rgemale t\u00f5sta;<\/p>\n<p>Soovivad intensiivsemaid vahekordi kogeda.<br \/>\n[\/vc_column_text][vc_column_text woodmart_inline=&#8221;no&#8221; text_larger=&#8221;no&#8221;]<\/p>\n<h2><b>Austa oma nahka<\/b><\/h2>\n<p>See naudingut pikendav sprei on dermatoloogiliselt testitud ning ebasoovitud k\u00f5rvaln\u00e4htusid ei ole esinenud.<\/p>\n<p>Lase spreid peenise pea ja t\u00fcve peale. Parima tulemuse saavutamiseks soovitame lasta spreil imenduda 5 kuni 10 minutit enne penetratsiooni. Kui soovite, et teie partner tunneks ka kuuma-k\u00fclma efekti, siis v\u00f5ite lasta spreil v\u00e4hem imbuda.<\/p>\n<p>Soovitame pihustada 1-2 korda peenisele ja selle pea alla 20 sentimeetri kauguselt. Spreid v\u00f5ib kasutada ka rohkem kordi, kuid arvestage, et meeldiv sensatsioon v\u00f5ib p\u00e4rast 6-8 kasutust muutuda ebamugavaks.[\/vc_column_text][vc_column_text woodmart_inline=&#8221;no&#8221; text_larger=&#8221;no&#8221;]<\/p>\n<h2><strong>Uut moodi oraalseks<\/strong><\/h2>\n<p>Kuna naudingut pikendav sprei t\u00f5stab tugevalt tundlikkust, sobib see ka v\u00e4ga h\u00e4sti oraalseksi saamiseks. Spreil on kerge maitse.<\/p>\n<p>Kasutajate statistika:<\/p>\n<p>83% meestest kinnitasid, et sprei andis neile parema kontrolli sensatsioonide \u00fcle enne seemnepurset.<\/p>\n<p>89% meestest kinnitasid, et said rohkem naudingut ja rohkem orgasme oma partneritel tekitada.<\/p>\n<p>95% meestest ostaksid pikendava efektiga spreid p\u00e4rast testi toimumist.[\/vc_column_text][vc_column_text woodmart_inline=&#8221;no&#8221; text_larger=&#8221;no&#8221;]<\/p>\n<h2><b>Soovitusi kasutamiseks.<\/b><\/h2>\n<p>See toode ei ole rasestumisvastase toimega.<\/p>\n<p>Kui toode satub silma, loputage silm koheselt rohke veega.<\/p>\n<p>Mitte kasutada raseduse ajal v\u00f5i rinnaga toitmise ajal.<\/p>\n<p>Mitte kasutada naha\u00e4rrituste peal.<\/p>\n<p>Mitte kasutada koos teiste sarnaste toodetega \u00fcheaegselt ilma meditsiinit\u00f6\u00f6taja n\u00f5uta.<\/p>\n<p>Hoiustada toatemperatuuril ning otsese p\u00e4ikese eest varjatult.<br \/>\n[\/vc_column_text][vc_column_text woodmart_inline=&#8221;no&#8221; text_larger=&#8221;no&#8221;]<\/p>\n<h3><b>Ingredients<\/b><\/h3>\n<p>AQUA, ALCOHOL, PROPANEDIOL, ACMELLA OLERACEA EXTRACT, ETHYL MENTHANE CARBOXAMIDE,<\/p>\n<p>MENTHOL, CINNAMOMUM CASSIA LEAF OIL, EUGENIA CARYOPHYLLUS BUD OIL, MELALEUCA<\/p>\n<p>ALTERNIFOLIA LEAF OIL, CINNAMAL, EUGENOL.<\/p>\n<p>PAO: 12 months after opening<\/p>\n<p>10ml \u2013 0.34 fl. Oz \u2013 around 60 uses, 180 minutes of pleasure<\/p>\n<p>Compatible with sex toys and condoms. Suitable for anal play.<\/p>\n<p>Made in France[\/vc_column_text][\/vc_column][\/vc_row]<\/p>\n<\/div>","protected":false},"excerpt":{"rendered":"<p>See erilise koostisega sprei mahub kenasti taskusse ning see on loodud pikendama sinu vastupidavust ning v\u00f5imendama naudingut ja orgasme.<\/p>\n","protected":false},"featured_media":43988,"template":"","meta":[],"product_brand":[4248],"product_cat":[1464,1460],"product_tag":[],"class_list":{"0":"post-43984","1":"product","2":"type-product","3":"status-publish","4":"has-post-thumbnail","6":"product_brand-yesforlov-et","7":"product_cat-erutavad-geelid","8":"product_cat-apteek","9":"pa_brand-yesforlov-et","11":"first","12":"instock","13":"taxable","14":"shipping-taxable","15":"purchasable","16":"product-type-simple"},"yoast_head":"<!-- This site is optimized with the Yoast SEO plugin v27.3 - https:\/\/yoast.com\/product\/yoast-seo-wordpress\/ -->\n<title>Naudingut Pikendav Sprei | Lust and Love<\/title>\n<meta name=\"description\" content=\"Naudingut pikendav sprei \u2013 haara kontroll ilma tuimestava efektita P\u00e4rast aastaid uuringuid ja arendamist tutvustame uut toodet: YESforLOV naudingut pikendav sprei\" \/>\n<meta name=\"robots\" content=\"index,follow,max-snippet:-1,max-image-preview:large,max-video-preview:-1\" \/>\n<link rel=\"canonical\" href=\"https:\/\/lustandlove.eu\/et\/toode\/naudingut-pikendav-sprei\/\" \/>\n<meta name=\"twitter:card\" content=\"summary_large_image\" \/>\n<meta name=\"twitter:title\" content=\"Naudingut Pikendav Sprei | Lust and Love\" \/>\n<meta name=\"twitter:description\" content=\"Naudingut pikendav sprei \u2013 haara kontroll ilma tuimestava efektita P\u00e4rast aastaid uuringuid ja arendamist tutvustame uut toodet: YESforLOV naudingut pikendav sprei\" \/>\n<meta name=\"twitter:image\" content=\"https:\/\/lustandlove.eu\/wp-content\/uploads\/i-HQx789p-X2.jpg\" \/>\n<meta name=\"twitter:label1\" content=\"Est. reading time\" \/>\n\t<meta name=\"twitter:data1\" content=\"3 minutit\" \/>\n<script type=\"application\/ld+json\" class=\"yoast-schema-graph\">{\"@context\":\"https:\\\/\\\/schema.org\",\"@graph\":[{\"@type\":[\"WebPage\",\"ItemPage\"],\"@id\":\"https:\\\/\\\/lustandlove.eu\\\/et\\\/toode\\\/naudingut-pikendav-sprei\\\/\",\"url\":\"https:\\\/\\\/lustandlove.eu\\\/et\\\/toode\\\/naudingut-pikendav-sprei\\\/\",\"name\":\"Naudingut Pikendav Sprei | Lust and Love\",\"isPartOf\":{\"@id\":\"https:\\\/\\\/lustandlove.eu\\\/et\\\/#website\"},\"primaryImageOfPage\":{\"@id\":\"https:\\\/\\\/lustandlove.eu\\\/et\\\/toode\\\/naudingut-pikendav-sprei\\\/#primaryimage\"},\"image\":{\"@id\":\"https:\\\/\\\/lustandlove.eu\\\/et\\\/toode\\\/naudingut-pikendav-sprei\\\/#primaryimage\"},\"thumbnailUrl\":\"https:\\\/\\\/lustandlove.eu\\\/wp-content\\\/uploads\\\/i-HQx789p-X2.jpg\",\"datePublished\":\"2021-06-01T03:22:34+00:00\",\"dateModified\":\"2026-04-13T07:37:44+00:00\",\"description\":\"Naudingut pikendav sprei \u2013 haara kontroll ilma tuimestava efektita P\u00e4rast aastaid uuringuid ja arendamist tutvustame uut toodet: YESforLOV naudingut pikendav sprei\",\"breadcrumb\":{\"@id\":\"https:\\\/\\\/lustandlove.eu\\\/et\\\/toode\\\/naudingut-pikendav-sprei\\\/#breadcrumb\"},\"inLanguage\":\"et\",\"potentialAction\":[{\"@type\":\"ReadAction\",\"target\":[\"https:\\\/\\\/lustandlove.eu\\\/et\\\/toode\\\/naudingut-pikendav-sprei\\\/\"]}]},{\"@type\":\"ImageObject\",\"inLanguage\":\"et\",\"@id\":\"https:\\\/\\\/lustandlove.eu\\\/et\\\/toode\\\/naudingut-pikendav-sprei\\\/#primaryimage\",\"url\":\"https:\\\/\\\/lustandlove.eu\\\/wp-content\\\/uploads\\\/i-HQx789p-X2.jpg\",\"contentUrl\":\"https:\\\/\\\/lustandlove.eu\\\/wp-content\\\/uploads\\\/i-HQx789p-X2.jpg\",\"width\":960,\"height\":960},{\"@type\":\"BreadcrumbList\",\"@id\":\"https:\\\/\\\/lustandlove.eu\\\/et\\\/toode\\\/naudingut-pikendav-sprei\\\/#breadcrumb\",\"itemListElement\":[{\"@type\":\"ListItem\",\"position\":1,\"name\":\"Lust and Love\",\"item\":\"https:\\\/\\\/lustandlove.eu\\\/et\\\/\"},{\"@type\":\"ListItem\",\"position\":2,\"name\":\"Pood\",\"item\":\"https:\\\/\\\/lustandlove.eu\\\/et\\\/pood\\\/\"},{\"@type\":\"ListItem\",\"position\":3,\"name\":\"Keegli komplekt\",\"item\":\"https:\\\/\\\/lustandlove.eu\\\/et\\\/tootesilt\\\/keegli-komplekt\\\/\"},{\"@type\":\"ListItem\",\"position\":4,\"name\":\"Naudingut Pikendav Sprei\"}]},{\"@type\":\"WebSite\",\"@id\":\"https:\\\/\\\/lustandlove.eu\\\/et\\\/#website\",\"url\":\"https:\\\/\\\/lustandlove.eu\\\/et\\\/\",\"name\":\"Lust &amp; Love\",\"description\":\"Online erootikapood tervise, ilu ja armastuse jaoks\",\"publisher\":{\"@id\":\"https:\\\/\\\/lustandlove.eu\\\/et\\\/#organization\"},\"potentialAction\":[{\"@type\":\"SearchAction\",\"target\":{\"@type\":\"EntryPoint\",\"urlTemplate\":\"https:\\\/\\\/lustandlove.eu\\\/et\\\/?s={search_term_string}\"},\"query-input\":{\"@type\":\"PropertyValueSpecification\",\"valueRequired\":true,\"valueName\":\"search_term_string\"}}],\"inLanguage\":\"et\"},{\"@type\":\"Organization\",\"@id\":\"https:\\\/\\\/lustandlove.eu\\\/et\\\/#organization\",\"name\":\"Bioconcept Baltics O\u00dc\",\"url\":\"https:\\\/\\\/lustandlove.eu\\\/et\\\/\",\"logo\":{\"@type\":\"ImageObject\",\"inLanguage\":\"et\",\"@id\":\"https:\\\/\\\/lustandlove.eu\\\/et\\\/#\\\/schema\\\/logo\\\/image\\\/\",\"url\":\"\",\"contentUrl\":\"\",\"caption\":\"Bioconcept Baltics O\u00dc\"},\"image\":{\"@id\":\"https:\\\/\\\/lustandlove.eu\\\/et\\\/#\\\/schema\\\/logo\\\/image\\\/\"},\"sameAs\":[\"https:\\\/\\\/www.facebook.com\\\/LustandLoveEU\\\/\",\"https:\\\/\\\/www.instagram.com\\\/lustandloveeu\\\/\"]}]}<\/script>\n<!-- \/ Yoast SEO plugin. -->","yoast_head_json":{"title":"Naudingut Pikendav Sprei | Lust and Love","description":"Naudingut pikendav sprei \u2013 haara kontroll ilma tuimestava efektita P\u00e4rast aastaid uuringuid ja arendamist tutvustame uut toodet: YESforLOV naudingut pikendav sprei","robots":{"index,follow,max-snippet":"index,follow,max-snippet:-1,max-image-preview:large,max-video-preview:-1"},"canonical":"https:\/\/lustandlove.eu\/et\/toode\/naudingut-pikendav-sprei\/","twitter_card":"summary_large_image","twitter_title":"Naudingut Pikendav Sprei | Lust and Love","twitter_description":"Naudingut pikendav sprei \u2013 haara kontroll ilma tuimestava efektita P\u00e4rast aastaid uuringuid ja arendamist tutvustame uut toodet: YESforLOV naudingut pikendav sprei","twitter_image":"https:\/\/lustandlove.eu\/wp-content\/uploads\/i-HQx789p-X2.jpg","twitter_misc":{"Est. reading time":"3 minutit"},"schema":{"@context":"https:\/\/schema.org","@graph":[{"@type":["WebPage","ItemPage"],"@id":"https:\/\/lustandlove.eu\/et\/toode\/naudingut-pikendav-sprei\/","url":"https:\/\/lustandlove.eu\/et\/toode\/naudingut-pikendav-sprei\/","name":"Naudingut Pikendav Sprei | Lust and Love","isPartOf":{"@id":"https:\/\/lustandlove.eu\/et\/#website"},"primaryImageOfPage":{"@id":"https:\/\/lustandlove.eu\/et\/toode\/naudingut-pikendav-sprei\/#primaryimage"},"image":{"@id":"https:\/\/lustandlove.eu\/et\/toode\/naudingut-pikendav-sprei\/#primaryimage"},"thumbnailUrl":"https:\/\/lustandlove.eu\/wp-content\/uploads\/i-HQx789p-X2.jpg","datePublished":"2021-06-01T03:22:34+00:00","dateModified":"2026-04-13T07:37:44+00:00","description":"Naudingut pikendav sprei \u2013 haara kontroll ilma tuimestava efektita P\u00e4rast aastaid uuringuid ja arendamist tutvustame uut toodet: YESforLOV naudingut pikendav sprei","breadcrumb":{"@id":"https:\/\/lustandlove.eu\/et\/toode\/naudingut-pikendav-sprei\/#breadcrumb"},"inLanguage":"et","potentialAction":[{"@type":"ReadAction","target":["https:\/\/lustandlove.eu\/et\/toode\/naudingut-pikendav-sprei\/"]}]},{"@type":"ImageObject","inLanguage":"et","@id":"https:\/\/lustandlove.eu\/et\/toode\/naudingut-pikendav-sprei\/#primaryimage","url":"https:\/\/lustandlove.eu\/wp-content\/uploads\/i-HQx789p-X2.jpg","contentUrl":"https:\/\/lustandlove.eu\/wp-content\/uploads\/i-HQx789p-X2.jpg","width":960,"height":960},{"@type":"BreadcrumbList","@id":"https:\/\/lustandlove.eu\/et\/toode\/naudingut-pikendav-sprei\/#breadcrumb","itemListElement":[{"@type":"ListItem","position":1,"name":"Lust and Love","item":"https:\/\/lustandlove.eu\/et\/"},{"@type":"ListItem","position":2,"name":"Pood","item":"https:\/\/lustandlove.eu\/et\/pood\/"},{"@type":"ListItem","position":3,"name":"Keegli komplekt","item":"https:\/\/lustandlove.eu\/et\/tootesilt\/keegli-komplekt\/"},{"@type":"ListItem","position":4,"name":"Naudingut Pikendav Sprei"}]},{"@type":"WebSite","@id":"https:\/\/lustandlove.eu\/et\/#website","url":"https:\/\/lustandlove.eu\/et\/","name":"Lust &amp; Love","description":"Online erootikapood tervise, ilu ja armastuse jaoks","publisher":{"@id":"https:\/\/lustandlove.eu\/et\/#organization"},"potentialAction":[{"@type":"SearchAction","target":{"@type":"EntryPoint","urlTemplate":"https:\/\/lustandlove.eu\/et\/?s={search_term_string}"},"query-input":{"@type":"PropertyValueSpecification","valueRequired":true,"valueName":"search_term_string"}}],"inLanguage":"et"},{"@type":"Organization","@id":"https:\/\/lustandlove.eu\/et\/#organization","name":"Bioconcept Baltics O\u00dc","url":"https:\/\/lustandlove.eu\/et\/","logo":{"@type":"ImageObject","inLanguage":"et","@id":"https:\/\/lustandlove.eu\/et\/#\/schema\/logo\/image\/","url":"","contentUrl":"","caption":"Bioconcept Baltics O\u00dc"},"image":{"@id":"https:\/\/lustandlove.eu\/et\/#\/schema\/logo\/image\/"},"sameAs":["https:\/\/www.facebook.com\/LustandLoveEU\/","https:\/\/www.instagram.com\/lustandloveeu\/"]}]}},"_links":{"self":[{"href":"https:\/\/lustandlove.eu\/et\/wp-json\/wp\/v2\/product\/43984","targetHints":{"allow":["GET"]}}],"collection":[{"href":"https:\/\/lustandlove.eu\/et\/wp-json\/wp\/v2\/product"}],"about":[{"href":"https:\/\/lustandlove.eu\/et\/wp-json\/wp\/v2\/types\/product"}],"wp:featuredmedia":[{"embeddable":true,"href":"https:\/\/lustandlove.eu\/et\/wp-json\/wp\/v2\/media\/43988"}],"wp:attachment":[{"href":"https:\/\/lustandlove.eu\/et\/wp-json\/wp\/v2\/media?parent=43984"}],"wp:term":[{"taxonomy":"product_brand","embeddable":true,"href":"https:\/\/lustandlove.eu\/et\/wp-json\/wp\/v2\/product_brand?post=43984"},{"taxonomy":"product_cat","embeddable":true,"href":"https:\/\/lustandlove.eu\/et\/wp-json\/wp\/v2\/product_cat?post=43984"},{"taxonomy":"product_tag","embeddable":true,"href":"https:\/\/lustandlove.eu\/et\/wp-json\/wp\/v2\/product_tag?post=43984"}],"curies":[{"name":"wp","href":"https:\/\/api.w.org\/{rel}","templated":true}]}}