{"id":44007,"date":"2021-05-28T11:12:08","date_gmt":"2021-05-28T08:12:08","guid":{"rendered":"https:\/\/www.lustandlove.eu\/product\/g-punkti-stimuleeriv-geel\/"},"modified":"2026-04-13T10:37:48","modified_gmt":"2026-04-13T07:37:48","slug":"g-punkti-stimuleeriv-geel","status":"publish","type":"product","link":"https:\/\/lustandlove.eu\/et\/toode\/g-punkti-stimuleeriv-geel\/","title":{"rendered":"G-punkti Stimuleeriv Geel"},"content":{"rendered":"<div class=\"wpb-content-wrapper\"><p>[vc_row][vc_column][vc_column_text woodmart_inline=&#8221;no&#8221; text_larger=&#8221;no&#8221;]<\/p>\n<h3><strong>G-punkti Stimuleeriv Geel<\/strong><\/h3>\n<p>Tee oma orgasmist s\u00fcmfoonia. Erutav vaginaalne geel, mis on eksklusiivselt p\u00fchendatud naiste naudingule. Erilise koostisega geel t\u00f5stab ja pikendab g-punkti stimulatsioonist tulenevaid orgasme.<\/p>\n<p>V\u00f5imas ja looduslik, G-punkti stimulatsiooni geel t\u00f6\u00f6tab j\u00f5uliselt erutuspunkti keskmes stimuleerides vagiina tundlikke rakukesi, et tagada v\u00f5imsad, s\u00fcgavad ja levivad orgasmid. Vii end avastamata ekstaasini![\/vc_column_text][vc_column_text woodmart_inline=&#8221;no&#8221; text_larger=&#8221;no&#8221;]<\/p>\n<h3><b>Austa oma nahka<\/b><\/h3>\n<p>G-punkti stimulatsiooni geel on dermatoloogiliselt testitud nahal ja vagiina limaskestal. Toote pH tase on vagiina sisemise pH tasemega sama.<\/p>\n<p><b>T\u00e4helepanu!<\/b><\/p>\n<p>\u00c4ra kasuta raseduse v\u00f5i imetamise ajal.<br \/>\nV\u00e4ldi kontakti silmadega.<br \/>\n[\/vc_column_text][vc_column_text woodmart_inline=&#8221;no&#8221; text_larger=&#8221;no&#8221;]<\/p>\n<h3><strong>Ingredients<\/strong><\/h3>\n<p>AQUA, GLYCERIN, PROPYLENE GLYCOL, AROMA, BENZYL ALCOHOL, CARBOMER, ETHYLHEXYLGLYCERIN, ASPARTAME, ARGININE, ETHYL MENTHANE CARBOXAMIDE, BUTYLENE GLYCOL, LIMONENE, VANILLY BUTYL ETHER, KIGELIA AFRICANA FRUIT EXTRACT, TOCOPHEROL.[\/vc_column_text][\/vc_column][\/vc_row]<\/p>\n<\/div>","protected":false},"excerpt":{"rendered":"<p>Tee oma orgasmist s\u00fcmfoonia.<\/p>\n","protected":false},"featured_media":44010,"template":"","meta":[],"product_brand":[4248],"product_cat":[1464,1460],"product_tag":[],"class_list":{"0":"post-44007","1":"product","2":"type-product","3":"status-publish","4":"has-post-thumbnail","6":"product_brand-yesforlov-et","7":"product_cat-erutavad-geelid","8":"product_cat-apteek","9":"pa_brand-yesforlov-et","11":"first","12":"instock","13":"taxable","14":"shipping-taxable","15":"purchasable","16":"product-type-simple"},"yoast_head":"<!-- This site is optimized with the Yoast SEO plugin v27.3 - https:\/\/yoast.com\/product\/yoast-seo-wordpress\/ -->\n<title>G-punkti Stimuleeriv Geel | Lust and Love<\/title>\n<meta name=\"description\" content=\"Tee oma orgasmist s\u00fcmfoonia. Erutav vaginaalne geel, mis on eksklusiivselt p\u00fchendatud naiste naudingule. Erilise koostisega geel t\u00f5stab ja pikendab g-punkti stimulatsioonist tulenevaid orgasme. V\u00f5imas ja looduslik, G-punkti stimulatsiooni geel t\u00f6\u00f6tab j\u00f5uliselt erutuspunkti keskmes stimuleerides vagiina tundlikke rakukesi, et tagada v\u00f5imsad, s\u00fcgavad ja levivad orgasmid. Vii end avastamata ekstaasini!\" \/>\n<meta name=\"robots\" content=\"index,follow,max-snippet:-1,max-image-preview:large,max-video-preview:-1\" \/>\n<link rel=\"canonical\" href=\"https:\/\/lustandlove.eu\/et\/toode\/g-punkti-stimuleeriv-geel\/\" \/>\n<meta name=\"twitter:card\" content=\"summary_large_image\" \/>\n<meta name=\"twitter:title\" content=\"G-punkti Stimuleeriv Geel | Lust and Love\" \/>\n<meta name=\"twitter:description\" content=\"Tee oma orgasmist s\u00fcmfoonia. Erutav vaginaalne geel, mis on eksklusiivselt p\u00fchendatud naiste naudingule. Erilise koostisega geel t\u00f5stab ja pikendab g-punkti stimulatsioonist tulenevaid orgasme. V\u00f5imas ja looduslik, G-punkti stimulatsiooni geel t\u00f6\u00f6tab j\u00f5uliselt erutuspunkti keskmes stimuleerides vagiina tundlikke rakukesi, et tagada v\u00f5imsad, s\u00fcgavad ja levivad orgasmid. Vii end avastamata ekstaasini!\" \/>\n<meta name=\"twitter:image\" content=\"https:\/\/lustandlove.eu\/wp-content\/uploads\/i-sXN2kBp-X2.jpg\" \/>\n<meta name=\"twitter:label1\" content=\"Est. reading time\" \/>\n\t<meta name=\"twitter:data1\" content=\"1 minut\" \/>\n<script type=\"application\/ld+json\" class=\"yoast-schema-graph\">{\"@context\":\"https:\\\/\\\/schema.org\",\"@graph\":[{\"@type\":[\"WebPage\",\"ItemPage\"],\"@id\":\"https:\\\/\\\/lustandlove.eu\\\/et\\\/toode\\\/g-punkti-stimuleeriv-geel\\\/\",\"url\":\"https:\\\/\\\/lustandlove.eu\\\/et\\\/toode\\\/g-punkti-stimuleeriv-geel\\\/\",\"name\":\"G-punkti Stimuleeriv Geel | Lust and Love\",\"isPartOf\":{\"@id\":\"https:\\\/\\\/lustandlove.eu\\\/et\\\/#website\"},\"primaryImageOfPage\":{\"@id\":\"https:\\\/\\\/lustandlove.eu\\\/et\\\/toode\\\/g-punkti-stimuleeriv-geel\\\/#primaryimage\"},\"image\":{\"@id\":\"https:\\\/\\\/lustandlove.eu\\\/et\\\/toode\\\/g-punkti-stimuleeriv-geel\\\/#primaryimage\"},\"thumbnailUrl\":\"https:\\\/\\\/lustandlove.eu\\\/wp-content\\\/uploads\\\/i-sXN2kBp-X2.jpg\",\"datePublished\":\"2021-05-28T08:12:08+00:00\",\"dateModified\":\"2026-04-13T07:37:48+00:00\",\"description\":\"Tee oma orgasmist s\u00fcmfoonia. Erutav vaginaalne geel, mis on eksklusiivselt p\u00fchendatud naiste naudingule. Erilise koostisega geel t\u00f5stab ja pikendab g-punkti stimulatsioonist tulenevaid orgasme. V\u00f5imas ja looduslik, G-punkti stimulatsiooni geel t\u00f6\u00f6tab j\u00f5uliselt erutuspunkti keskmes stimuleerides vagiina tundlikke rakukesi, et tagada v\u00f5imsad, s\u00fcgavad ja levivad orgasmid. Vii end avastamata ekstaasini!\",\"breadcrumb\":{\"@id\":\"https:\\\/\\\/lustandlove.eu\\\/et\\\/toode\\\/g-punkti-stimuleeriv-geel\\\/#breadcrumb\"},\"inLanguage\":\"et\",\"potentialAction\":[{\"@type\":\"ReadAction\",\"target\":[\"https:\\\/\\\/lustandlove.eu\\\/et\\\/toode\\\/g-punkti-stimuleeriv-geel\\\/\"]}]},{\"@type\":\"ImageObject\",\"inLanguage\":\"et\",\"@id\":\"https:\\\/\\\/lustandlove.eu\\\/et\\\/toode\\\/g-punkti-stimuleeriv-geel\\\/#primaryimage\",\"url\":\"https:\\\/\\\/lustandlove.eu\\\/wp-content\\\/uploads\\\/i-sXN2kBp-X2.jpg\",\"contentUrl\":\"https:\\\/\\\/lustandlove.eu\\\/wp-content\\\/uploads\\\/i-sXN2kBp-X2.jpg\",\"width\":960,\"height\":960,\"caption\":\"G-punkti Stimuleeriv Geel\"},{\"@type\":\"BreadcrumbList\",\"@id\":\"https:\\\/\\\/lustandlove.eu\\\/et\\\/toode\\\/g-punkti-stimuleeriv-geel\\\/#breadcrumb\",\"itemListElement\":[{\"@type\":\"ListItem\",\"position\":1,\"name\":\"Lust and Love\",\"item\":\"https:\\\/\\\/lustandlove.eu\\\/et\\\/\"},{\"@type\":\"ListItem\",\"position\":2,\"name\":\"Pood\",\"item\":\"https:\\\/\\\/lustandlove.eu\\\/et\\\/pood\\\/\"},{\"@type\":\"ListItem\",\"position\":3,\"name\":\"Keegli komplekt\",\"item\":\"https:\\\/\\\/lustandlove.eu\\\/et\\\/tootesilt\\\/keegli-komplekt\\\/\"},{\"@type\":\"ListItem\",\"position\":4,\"name\":\"G-punkti Stimuleeriv Geel\"}]},{\"@type\":\"WebSite\",\"@id\":\"https:\\\/\\\/lustandlove.eu\\\/et\\\/#website\",\"url\":\"https:\\\/\\\/lustandlove.eu\\\/et\\\/\",\"name\":\"Lust &amp; Love\",\"description\":\"Online erootikapood tervise, ilu ja armastuse jaoks\",\"publisher\":{\"@id\":\"https:\\\/\\\/lustandlove.eu\\\/et\\\/#organization\"},\"potentialAction\":[{\"@type\":\"SearchAction\",\"target\":{\"@type\":\"EntryPoint\",\"urlTemplate\":\"https:\\\/\\\/lustandlove.eu\\\/et\\\/?s={search_term_string}\"},\"query-input\":{\"@type\":\"PropertyValueSpecification\",\"valueRequired\":true,\"valueName\":\"search_term_string\"}}],\"inLanguage\":\"et\"},{\"@type\":\"Organization\",\"@id\":\"https:\\\/\\\/lustandlove.eu\\\/et\\\/#organization\",\"name\":\"Bioconcept Baltics O\u00dc\",\"url\":\"https:\\\/\\\/lustandlove.eu\\\/et\\\/\",\"logo\":{\"@type\":\"ImageObject\",\"inLanguage\":\"et\",\"@id\":\"https:\\\/\\\/lustandlove.eu\\\/et\\\/#\\\/schema\\\/logo\\\/image\\\/\",\"url\":\"\",\"contentUrl\":\"\",\"caption\":\"Bioconcept Baltics O\u00dc\"},\"image\":{\"@id\":\"https:\\\/\\\/lustandlove.eu\\\/et\\\/#\\\/schema\\\/logo\\\/image\\\/\"},\"sameAs\":[\"https:\\\/\\\/www.facebook.com\\\/LustandLoveEU\\\/\",\"https:\\\/\\\/www.instagram.com\\\/lustandloveeu\\\/\"]}]}<\/script>\n<!-- \/ Yoast SEO plugin. -->","yoast_head_json":{"title":"G-punkti Stimuleeriv Geel | Lust and Love","description":"Tee oma orgasmist s\u00fcmfoonia. Erutav vaginaalne geel, mis on eksklusiivselt p\u00fchendatud naiste naudingule. Erilise koostisega geel t\u00f5stab ja pikendab g-punkti stimulatsioonist tulenevaid orgasme. V\u00f5imas ja looduslik, G-punkti stimulatsiooni geel t\u00f6\u00f6tab j\u00f5uliselt erutuspunkti keskmes stimuleerides vagiina tundlikke rakukesi, et tagada v\u00f5imsad, s\u00fcgavad ja levivad orgasmid. Vii end avastamata ekstaasini!","robots":{"index,follow,max-snippet":"index,follow,max-snippet:-1,max-image-preview:large,max-video-preview:-1"},"canonical":"https:\/\/lustandlove.eu\/et\/toode\/g-punkti-stimuleeriv-geel\/","twitter_card":"summary_large_image","twitter_title":"G-punkti Stimuleeriv Geel | Lust and Love","twitter_description":"Tee oma orgasmist s\u00fcmfoonia. Erutav vaginaalne geel, mis on eksklusiivselt p\u00fchendatud naiste naudingule. Erilise koostisega geel t\u00f5stab ja pikendab g-punkti stimulatsioonist tulenevaid orgasme. V\u00f5imas ja looduslik, G-punkti stimulatsiooni geel t\u00f6\u00f6tab j\u00f5uliselt erutuspunkti keskmes stimuleerides vagiina tundlikke rakukesi, et tagada v\u00f5imsad, s\u00fcgavad ja levivad orgasmid. Vii end avastamata ekstaasini!","twitter_image":"https:\/\/lustandlove.eu\/wp-content\/uploads\/i-sXN2kBp-X2.jpg","twitter_misc":{"Est. reading time":"1 minut"},"schema":{"@context":"https:\/\/schema.org","@graph":[{"@type":["WebPage","ItemPage"],"@id":"https:\/\/lustandlove.eu\/et\/toode\/g-punkti-stimuleeriv-geel\/","url":"https:\/\/lustandlove.eu\/et\/toode\/g-punkti-stimuleeriv-geel\/","name":"G-punkti Stimuleeriv Geel | Lust and Love","isPartOf":{"@id":"https:\/\/lustandlove.eu\/et\/#website"},"primaryImageOfPage":{"@id":"https:\/\/lustandlove.eu\/et\/toode\/g-punkti-stimuleeriv-geel\/#primaryimage"},"image":{"@id":"https:\/\/lustandlove.eu\/et\/toode\/g-punkti-stimuleeriv-geel\/#primaryimage"},"thumbnailUrl":"https:\/\/lustandlove.eu\/wp-content\/uploads\/i-sXN2kBp-X2.jpg","datePublished":"2021-05-28T08:12:08+00:00","dateModified":"2026-04-13T07:37:48+00:00","description":"Tee oma orgasmist s\u00fcmfoonia. Erutav vaginaalne geel, mis on eksklusiivselt p\u00fchendatud naiste naudingule. Erilise koostisega geel t\u00f5stab ja pikendab g-punkti stimulatsioonist tulenevaid orgasme. V\u00f5imas ja looduslik, G-punkti stimulatsiooni geel t\u00f6\u00f6tab j\u00f5uliselt erutuspunkti keskmes stimuleerides vagiina tundlikke rakukesi, et tagada v\u00f5imsad, s\u00fcgavad ja levivad orgasmid. Vii end avastamata ekstaasini!","breadcrumb":{"@id":"https:\/\/lustandlove.eu\/et\/toode\/g-punkti-stimuleeriv-geel\/#breadcrumb"},"inLanguage":"et","potentialAction":[{"@type":"ReadAction","target":["https:\/\/lustandlove.eu\/et\/toode\/g-punkti-stimuleeriv-geel\/"]}]},{"@type":"ImageObject","inLanguage":"et","@id":"https:\/\/lustandlove.eu\/et\/toode\/g-punkti-stimuleeriv-geel\/#primaryimage","url":"https:\/\/lustandlove.eu\/wp-content\/uploads\/i-sXN2kBp-X2.jpg","contentUrl":"https:\/\/lustandlove.eu\/wp-content\/uploads\/i-sXN2kBp-X2.jpg","width":960,"height":960,"caption":"G-punkti Stimuleeriv Geel"},{"@type":"BreadcrumbList","@id":"https:\/\/lustandlove.eu\/et\/toode\/g-punkti-stimuleeriv-geel\/#breadcrumb","itemListElement":[{"@type":"ListItem","position":1,"name":"Lust and Love","item":"https:\/\/lustandlove.eu\/et\/"},{"@type":"ListItem","position":2,"name":"Pood","item":"https:\/\/lustandlove.eu\/et\/pood\/"},{"@type":"ListItem","position":3,"name":"Keegli komplekt","item":"https:\/\/lustandlove.eu\/et\/tootesilt\/keegli-komplekt\/"},{"@type":"ListItem","position":4,"name":"G-punkti Stimuleeriv Geel"}]},{"@type":"WebSite","@id":"https:\/\/lustandlove.eu\/et\/#website","url":"https:\/\/lustandlove.eu\/et\/","name":"Lust &amp; Love","description":"Online erootikapood tervise, ilu ja armastuse jaoks","publisher":{"@id":"https:\/\/lustandlove.eu\/et\/#organization"},"potentialAction":[{"@type":"SearchAction","target":{"@type":"EntryPoint","urlTemplate":"https:\/\/lustandlove.eu\/et\/?s={search_term_string}"},"query-input":{"@type":"PropertyValueSpecification","valueRequired":true,"valueName":"search_term_string"}}],"inLanguage":"et"},{"@type":"Organization","@id":"https:\/\/lustandlove.eu\/et\/#organization","name":"Bioconcept Baltics O\u00dc","url":"https:\/\/lustandlove.eu\/et\/","logo":{"@type":"ImageObject","inLanguage":"et","@id":"https:\/\/lustandlove.eu\/et\/#\/schema\/logo\/image\/","url":"","contentUrl":"","caption":"Bioconcept Baltics O\u00dc"},"image":{"@id":"https:\/\/lustandlove.eu\/et\/#\/schema\/logo\/image\/"},"sameAs":["https:\/\/www.facebook.com\/LustandLoveEU\/","https:\/\/www.instagram.com\/lustandloveeu\/"]}]}},"_links":{"self":[{"href":"https:\/\/lustandlove.eu\/et\/wp-json\/wp\/v2\/product\/44007","targetHints":{"allow":["GET"]}}],"collection":[{"href":"https:\/\/lustandlove.eu\/et\/wp-json\/wp\/v2\/product"}],"about":[{"href":"https:\/\/lustandlove.eu\/et\/wp-json\/wp\/v2\/types\/product"}],"wp:featuredmedia":[{"embeddable":true,"href":"https:\/\/lustandlove.eu\/et\/wp-json\/wp\/v2\/media\/44010"}],"wp:attachment":[{"href":"https:\/\/lustandlove.eu\/et\/wp-json\/wp\/v2\/media?parent=44007"}],"wp:term":[{"taxonomy":"product_brand","embeddable":true,"href":"https:\/\/lustandlove.eu\/et\/wp-json\/wp\/v2\/product_brand?post=44007"},{"taxonomy":"product_cat","embeddable":true,"href":"https:\/\/lustandlove.eu\/et\/wp-json\/wp\/v2\/product_cat?post=44007"},{"taxonomy":"product_tag","embeddable":true,"href":"https:\/\/lustandlove.eu\/et\/wp-json\/wp\/v2\/product_tag?post=44007"}],"curies":[{"name":"wp","href":"https:\/\/api.w.org\/{rel}","templated":true}]}}