{"id":44013,"date":"2021-05-28T10:33:44","date_gmt":"2021-05-28T07:33:44","guid":{"rendered":"https:\/\/www.lustandlove.eu\/product\/ekstra-tugevad-kondoomid\/"},"modified":"2026-04-13T10:38:00","modified_gmt":"2026-04-13T07:38:00","slug":"ekstra-tugevad-kondoomid","status":"publish","type":"product","link":"https:\/\/lustandlove.eu\/et\/toode\/ekstra-tugevad-kondoomid\/","title":{"rendered":"Ekstra Tugevad Kondoomid"},"content":{"rendered":"<div class=\"wpb-content-wrapper\"><p>[vc_row][vc_column][vc_column_text woodmart_inline=&#8221;no&#8221; text_larger=&#8221;no&#8221;]<br \/>\nKoge turvalisemat tunnet t\u00e4nu spetsiaalselt tugevale kondoomile.<\/p>\n<p>Ceylor on juhtiv kondoomide br\u00e4nd \u0160veitsis. Ceylor seisab vastutustundlikkuse, sensuaalsuse ja erinevustega armuelu eest. Juba 100 aastat on Ceylor \u0160veitsis usaldatud br\u00e4nd, liikudes k\u00f5rgeima kvaliteedi poole igas olukorras.[\/vc_column_text][vc_column_text css=&#8221;&#8221; woodmart_inline=&#8221;no&#8221; text_larger=&#8221;no&#8221;]Ceylor Extra Strong kondoomid tulevad unikaalses kapslis. T\u00e4nu kondoomi \u00fcmbritsevale kapslile saate kogeda turvalisemat armatsemist. Iga individuaalne kondoom on kaitstud igast suunast. Kondoom on p\u00e4rast kapslist eemaldamist kohe valmis peale rullimiseks. T\u00e4nu kapslile ei teki rebendeid, kortse ega raskusi avamisega.<\/p>\n<p><b>Kuidas kondoomi peale panna:<\/b><\/p>\n<ol>\n<li>Ole ettevaatlik \u2013 \u00e4ra kahjusta kondoomi teravate k\u00fc\u00fcntega, krobelise nahaga, ehetega, hammastega v\u00f5i millegi muuga.<\/li>\n<li>Ava kondoomi kapsel alles vahetult enne vahekorda. Painuta fooliumi tipp \u00fcles ja eemalda see ettevaatlikult, v\u00f5ttes kondoomi oma nimetis\u00f5rme ja p\u00f6idla vahele. Alusta kondoomi peale panemist alles siis, kui peenis on t\u00e4ielikult erekteerunud.<\/li>\n<li>Tee kindlaks, et paned kondoomi peale \u00f5iget pidi. Pane kondoomi r\u00f5ngas peenisele nii, et rullitav \u00e4\u00e4r j\u00e4\u00e4b v\u00e4lja poole. Kui panid kogemata kondoomi valet pidi peale, kasuta uut kondoomi. Veendu, et seemnevedelik ei puutu kokku kondoomi v\u00e4limise pinnaga.<\/li>\n<li>Hoia kondoomi tippu oma nimetis\u00f5rme ja p\u00f6idla vahel. Pigista \u00f5rnalt, et \u00f5hk v\u00e4lja suruda.<\/li>\n<li>T\u00f5mba eesnahk tagasi ning rulli kondoom peenisele t\u00e4ies pikkuses.<\/li>\n<li>P\u00e4rast ejakuleerimist eemalda kondoom ettevaatlikult. Selleks hoia kondoomi kindlalt, et see ei libiseks ise maha.<\/li>\n<li>\u00c4ra viska kondoomi tualetti vaid pane see turvaliselt pr\u00fcgi hulka.<\/li>\n<\/ol>\n<p>NB!\u00a0<strong>Parim Enne 07-2024<\/strong>[\/vc_column_text][\/vc_column][\/vc_row]<\/p>\n<\/div>","protected":false},"excerpt":{"rendered":"<p>Koge turvalisemat tunnet t\u00e4nu spetsiaalselt tugevale kondoomile.<\/p>\n<p>NB!\u00a0<strong>Parim enne 07-2024<\/strong><\/p>\n","protected":false},"featured_media":44014,"template":"","meta":[],"product_brand":[4199],"product_cat":[1462,1460],"product_tag":[],"class_list":{"0":"post-44013","1":"product","2":"type-product","3":"status-publish","4":"has-post-thumbnail","6":"product_brand-ceylor-et","7":"product_cat-kondoomid","8":"product_cat-apteek","9":"pa_brand-ceylor-et","11":"first","12":"instock","13":"sale","14":"taxable","15":"shipping-taxable","16":"purchasable","17":"product-type-simple"},"yoast_head":"<!-- This site is optimized with the Yoast SEO plugin v27.3 - https:\/\/yoast.com\/product\/yoast-seo-wordpress\/ -->\n<title>Ekstra Tugevad Kondoomid | Lust and Love<\/title>\n<meta name=\"robots\" content=\"index,follow,max-snippet:-1,max-image-preview:large,max-video-preview:-1\" \/>\n<link rel=\"canonical\" href=\"https:\/\/lustandlove.eu\/et\/toode\/ekstra-tugevad-kondoomid\/\" \/>\n<meta name=\"twitter:card\" content=\"summary_large_image\" \/>\n<meta name=\"twitter:title\" content=\"Ekstra Tugevad Kondoomid | Lust and Love\" \/>\n<meta name=\"twitter:description\" content=\"Koge turvalisemat tunnet t\u00e4nu spetsiaalselt tugevale kondoomile.  NB!\u00a0Parim enne 07-2024\" \/>\n<meta name=\"twitter:image\" content=\"https:\/\/lustandlove.eu\/wp-content\/uploads\/ceylor_extra_strong.jpg\" \/>\n<meta name=\"twitter:label1\" content=\"Est. reading time\" \/>\n\t<meta name=\"twitter:data1\" content=\"2 minutit\" \/>\n<script type=\"application\/ld+json\" class=\"yoast-schema-graph\">{\"@context\":\"https:\\\/\\\/schema.org\",\"@graph\":[{\"@type\":[\"WebPage\",\"ItemPage\"],\"@id\":\"https:\\\/\\\/lustandlove.eu\\\/et\\\/toode\\\/ekstra-tugevad-kondoomid\\\/\",\"url\":\"https:\\\/\\\/lustandlove.eu\\\/et\\\/toode\\\/ekstra-tugevad-kondoomid\\\/\",\"name\":\"Ekstra Tugevad Kondoomid | Lust and Love\",\"isPartOf\":{\"@id\":\"https:\\\/\\\/lustandlove.eu\\\/et\\\/#website\"},\"primaryImageOfPage\":{\"@id\":\"https:\\\/\\\/lustandlove.eu\\\/et\\\/toode\\\/ekstra-tugevad-kondoomid\\\/#primaryimage\"},\"image\":{\"@id\":\"https:\\\/\\\/lustandlove.eu\\\/et\\\/toode\\\/ekstra-tugevad-kondoomid\\\/#primaryimage\"},\"thumbnailUrl\":\"https:\\\/\\\/lustandlove.eu\\\/wp-content\\\/uploads\\\/ceylor_extra_strong.jpg\",\"datePublished\":\"2021-05-28T07:33:44+00:00\",\"dateModified\":\"2026-04-13T07:38:00+00:00\",\"breadcrumb\":{\"@id\":\"https:\\\/\\\/lustandlove.eu\\\/et\\\/toode\\\/ekstra-tugevad-kondoomid\\\/#breadcrumb\"},\"inLanguage\":\"et\",\"potentialAction\":[{\"@type\":\"ReadAction\",\"target\":[\"https:\\\/\\\/lustandlove.eu\\\/et\\\/toode\\\/ekstra-tugevad-kondoomid\\\/\"]}]},{\"@type\":\"ImageObject\",\"inLanguage\":\"et\",\"@id\":\"https:\\\/\\\/lustandlove.eu\\\/et\\\/toode\\\/ekstra-tugevad-kondoomid\\\/#primaryimage\",\"url\":\"https:\\\/\\\/lustandlove.eu\\\/wp-content\\\/uploads\\\/ceylor_extra_strong.jpg\",\"contentUrl\":\"https:\\\/\\\/lustandlove.eu\\\/wp-content\\\/uploads\\\/ceylor_extra_strong.jpg\",\"width\":800,\"height\":800},{\"@type\":\"BreadcrumbList\",\"@id\":\"https:\\\/\\\/lustandlove.eu\\\/et\\\/toode\\\/ekstra-tugevad-kondoomid\\\/#breadcrumb\",\"itemListElement\":[{\"@type\":\"ListItem\",\"position\":1,\"name\":\"Lust and Love\",\"item\":\"https:\\\/\\\/lustandlove.eu\\\/et\\\/\"},{\"@type\":\"ListItem\",\"position\":2,\"name\":\"Pood\",\"item\":\"https:\\\/\\\/lustandlove.eu\\\/et\\\/pood\\\/\"},{\"@type\":\"ListItem\",\"position\":3,\"name\":\"Libestid ja kehahooldus\",\"item\":\"https:\\\/\\\/lustandlove.eu\\\/et\\\/pood\\\/apteek\\\/\"},{\"@type\":\"ListItem\",\"position\":4,\"name\":\"Kondoomid\",\"item\":\"https:\\\/\\\/lustandlove.eu\\\/et\\\/pood\\\/apteek\\\/kondoomid\\\/\"},{\"@type\":\"ListItem\",\"position\":5,\"name\":\"Ekstra Tugevad Kondoomid\"}]},{\"@type\":\"WebSite\",\"@id\":\"https:\\\/\\\/lustandlove.eu\\\/et\\\/#website\",\"url\":\"https:\\\/\\\/lustandlove.eu\\\/et\\\/\",\"name\":\"Lust &amp; Love\",\"description\":\"Online erootikapood tervise, ilu ja armastuse jaoks\",\"publisher\":{\"@id\":\"https:\\\/\\\/lustandlove.eu\\\/et\\\/#organization\"},\"potentialAction\":[{\"@type\":\"SearchAction\",\"target\":{\"@type\":\"EntryPoint\",\"urlTemplate\":\"https:\\\/\\\/lustandlove.eu\\\/et\\\/?s={search_term_string}\"},\"query-input\":{\"@type\":\"PropertyValueSpecification\",\"valueRequired\":true,\"valueName\":\"search_term_string\"}}],\"inLanguage\":\"et\"},{\"@type\":\"Organization\",\"@id\":\"https:\\\/\\\/lustandlove.eu\\\/et\\\/#organization\",\"name\":\"Bioconcept Baltics O\u00dc\",\"url\":\"https:\\\/\\\/lustandlove.eu\\\/et\\\/\",\"logo\":{\"@type\":\"ImageObject\",\"inLanguage\":\"et\",\"@id\":\"https:\\\/\\\/lustandlove.eu\\\/et\\\/#\\\/schema\\\/logo\\\/image\\\/\",\"url\":\"\",\"contentUrl\":\"\",\"caption\":\"Bioconcept Baltics O\u00dc\"},\"image\":{\"@id\":\"https:\\\/\\\/lustandlove.eu\\\/et\\\/#\\\/schema\\\/logo\\\/image\\\/\"},\"sameAs\":[\"https:\\\/\\\/www.facebook.com\\\/LustandLoveEU\\\/\",\"https:\\\/\\\/www.instagram.com\\\/lustandloveeu\\\/\"]}]}<\/script>\n<!-- \/ Yoast SEO plugin. -->","yoast_head_json":{"title":"Ekstra Tugevad Kondoomid | Lust and Love","robots":{"index,follow,max-snippet":"index,follow,max-snippet:-1,max-image-preview:large,max-video-preview:-1"},"canonical":"https:\/\/lustandlove.eu\/et\/toode\/ekstra-tugevad-kondoomid\/","twitter_card":"summary_large_image","twitter_title":"Ekstra Tugevad Kondoomid | Lust and Love","twitter_description":"Koge turvalisemat tunnet t\u00e4nu spetsiaalselt tugevale kondoomile.  NB!\u00a0Parim enne 07-2024","twitter_image":"https:\/\/lustandlove.eu\/wp-content\/uploads\/ceylor_extra_strong.jpg","twitter_misc":{"Est. reading time":"2 minutit"},"schema":{"@context":"https:\/\/schema.org","@graph":[{"@type":["WebPage","ItemPage"],"@id":"https:\/\/lustandlove.eu\/et\/toode\/ekstra-tugevad-kondoomid\/","url":"https:\/\/lustandlove.eu\/et\/toode\/ekstra-tugevad-kondoomid\/","name":"Ekstra Tugevad Kondoomid | Lust and Love","isPartOf":{"@id":"https:\/\/lustandlove.eu\/et\/#website"},"primaryImageOfPage":{"@id":"https:\/\/lustandlove.eu\/et\/toode\/ekstra-tugevad-kondoomid\/#primaryimage"},"image":{"@id":"https:\/\/lustandlove.eu\/et\/toode\/ekstra-tugevad-kondoomid\/#primaryimage"},"thumbnailUrl":"https:\/\/lustandlove.eu\/wp-content\/uploads\/ceylor_extra_strong.jpg","datePublished":"2021-05-28T07:33:44+00:00","dateModified":"2026-04-13T07:38:00+00:00","breadcrumb":{"@id":"https:\/\/lustandlove.eu\/et\/toode\/ekstra-tugevad-kondoomid\/#breadcrumb"},"inLanguage":"et","potentialAction":[{"@type":"ReadAction","target":["https:\/\/lustandlove.eu\/et\/toode\/ekstra-tugevad-kondoomid\/"]}]},{"@type":"ImageObject","inLanguage":"et","@id":"https:\/\/lustandlove.eu\/et\/toode\/ekstra-tugevad-kondoomid\/#primaryimage","url":"https:\/\/lustandlove.eu\/wp-content\/uploads\/ceylor_extra_strong.jpg","contentUrl":"https:\/\/lustandlove.eu\/wp-content\/uploads\/ceylor_extra_strong.jpg","width":800,"height":800},{"@type":"BreadcrumbList","@id":"https:\/\/lustandlove.eu\/et\/toode\/ekstra-tugevad-kondoomid\/#breadcrumb","itemListElement":[{"@type":"ListItem","position":1,"name":"Lust and Love","item":"https:\/\/lustandlove.eu\/et\/"},{"@type":"ListItem","position":2,"name":"Pood","item":"https:\/\/lustandlove.eu\/et\/pood\/"},{"@type":"ListItem","position":3,"name":"Libestid ja kehahooldus","item":"https:\/\/lustandlove.eu\/et\/pood\/apteek\/"},{"@type":"ListItem","position":4,"name":"Kondoomid","item":"https:\/\/lustandlove.eu\/et\/pood\/apteek\/kondoomid\/"},{"@type":"ListItem","position":5,"name":"Ekstra Tugevad Kondoomid"}]},{"@type":"WebSite","@id":"https:\/\/lustandlove.eu\/et\/#website","url":"https:\/\/lustandlove.eu\/et\/","name":"Lust &amp; Love","description":"Online erootikapood tervise, ilu ja armastuse jaoks","publisher":{"@id":"https:\/\/lustandlove.eu\/et\/#organization"},"potentialAction":[{"@type":"SearchAction","target":{"@type":"EntryPoint","urlTemplate":"https:\/\/lustandlove.eu\/et\/?s={search_term_string}"},"query-input":{"@type":"PropertyValueSpecification","valueRequired":true,"valueName":"search_term_string"}}],"inLanguage":"et"},{"@type":"Organization","@id":"https:\/\/lustandlove.eu\/et\/#organization","name":"Bioconcept Baltics O\u00dc","url":"https:\/\/lustandlove.eu\/et\/","logo":{"@type":"ImageObject","inLanguage":"et","@id":"https:\/\/lustandlove.eu\/et\/#\/schema\/logo\/image\/","url":"","contentUrl":"","caption":"Bioconcept Baltics O\u00dc"},"image":{"@id":"https:\/\/lustandlove.eu\/et\/#\/schema\/logo\/image\/"},"sameAs":["https:\/\/www.facebook.com\/LustandLoveEU\/","https:\/\/www.instagram.com\/lustandloveeu\/"]}]}},"_links":{"self":[{"href":"https:\/\/lustandlove.eu\/et\/wp-json\/wp\/v2\/product\/44013","targetHints":{"allow":["GET"]}}],"collection":[{"href":"https:\/\/lustandlove.eu\/et\/wp-json\/wp\/v2\/product"}],"about":[{"href":"https:\/\/lustandlove.eu\/et\/wp-json\/wp\/v2\/types\/product"}],"wp:featuredmedia":[{"embeddable":true,"href":"https:\/\/lustandlove.eu\/et\/wp-json\/wp\/v2\/media\/44014"}],"wp:attachment":[{"href":"https:\/\/lustandlove.eu\/et\/wp-json\/wp\/v2\/media?parent=44013"}],"wp:term":[{"taxonomy":"product_brand","embeddable":true,"href":"https:\/\/lustandlove.eu\/et\/wp-json\/wp\/v2\/product_brand?post=44013"},{"taxonomy":"product_cat","embeddable":true,"href":"https:\/\/lustandlove.eu\/et\/wp-json\/wp\/v2\/product_cat?post=44013"},{"taxonomy":"product_tag","embeddable":true,"href":"https:\/\/lustandlove.eu\/et\/wp-json\/wp\/v2\/product_tag?post=44013"}],"curies":[{"name":"wp","href":"https:\/\/api.w.org\/{rel}","templated":true}]}}