{"id":44022,"date":"2021-05-28T08:14:04","date_gmt":"2021-05-28T05:14:04","guid":{"rendered":"https:\/\/www.lustandlove.eu\/product\/cocky-friend-kondoom\/"},"modified":"2026-04-13T10:43:11","modified_gmt":"2026-04-13T07:43:11","slug":"cocky-friend-kondoom","status":"publish","type":"product","link":"https:\/\/lustandlove.eu\/et\/toode\/cocky-friend-kondoom\/","title":{"rendered":"Cocky Friend Kondoom"},"content":{"rendered":"<div class=\"wpb-content-wrapper\"><p>[vc_row][vc_column][vc_column_text woodmart_inline=&#8221;no&#8221; text_larger=&#8221;no&#8221;]Kas oled v\u00e4sinud igavatest kondoomidest, mis tekitavad ebamugavustunde? Egzo uudne Cocky Friend kondoom on hea viis selle probleemi lahendamiseks. Loodud tagama maksimaalset naudingut m\u00f5lemale poolele.<\/p>\n<p>Naiste puhul annavad Egzo kondoomid lisastimulatsiooni ning tekitab j\u00e4medama peenise tunde. Meeste puhul tundub seks tihkem ja intensiivsem.<\/p>\n<p><a href=\"https:\/\/www.lustandlove.eu\/et\/?lang=et&amp;s=egzo\">Egzo<\/a>\u00a0Cocky Friend latekskondoom klassikalise kujuga on kaetud pehmete vurrukeste ja\/v\u00f5i mummukestega, mis aitavad sul tunda igat soojalainet ja v\u00e4rinat, mille su partner sinu poole saadab. See kondoom \u00fcletab iga armatseja ootused, kes soovivad naudinguid kogeda.<\/p>\n<p>Sobib kasutamiseks vee-baasil ja \u00f5li-baasil libestitega ning seksleludega.[\/vc_column_text][vc_column_text woodmart_inline=&#8221;no&#8221; text_larger=&#8221;no&#8221;]P.S. Kondoomi ogade, vurrude v\u00f5i mummukeste v\u00e4rv v\u00f5ib erineda karbil n\u00e4idatust[\/vc_column_text][\/vc_column][\/vc_row]<\/p>\n<\/div>","protected":false},"excerpt":{"rendered":"<p>Kas oled v\u00e4sinud igavatest kondoomidest, mis tekitavad ebamugavustunde? Egzo uudsed kondoomid on hea viis selle probleemi lahendamiseks. Loodud tagama maksimaalset naudingut m\u00f5lemale poolele.<\/p>\n","protected":false},"featured_media":51443,"template":"","meta":[],"product_brand":[4203],"product_cat":[1462,1460],"product_tag":[4095,1554,3781,1579],"class_list":{"0":"post-44022","1":"product","2":"type-product","3":"status-publish","4":"has-post-thumbnail","6":"product_brand-egzo-et","7":"product_cat-kondoomid","8":"product_cat-apteek","9":"product_tag-bf50-et","10":"product_tag-kondoom","11":"product_tag-must-reede","12":"product_tag-uudis","13":"pa_brand-egzo-et","15":"first","16":"instock","17":"taxable","18":"shipping-taxable","19":"purchasable","20":"product-type-simple"},"yoast_head":"<!-- This site is optimized with the Yoast SEO plugin v27.3 - https:\/\/yoast.com\/product\/yoast-seo-wordpress\/ -->\n<title>Cocky Friend Kondoom | Lust &amp; Love Erootikapood<\/title>\n<meta name=\"description\" content=\"Kas oled v\u00e4sinud igavatest kondoomidest, mis tekitavad ebamugavustunde? Egzo uudsed kondoomid on hea viis selle probleemi lahendamiseks.\" \/>\n<meta name=\"robots\" content=\"index,follow,max-snippet:-1,max-image-preview:large,max-video-preview:-1\" \/>\n<link rel=\"canonical\" href=\"https:\/\/lustandlove.eu\/et\/toode\/cocky-friend-kondoom\/\" \/>\n<meta name=\"twitter:card\" content=\"summary_large_image\" \/>\n<meta name=\"twitter:title\" content=\"Cocky Friend Kondoom | Lust &amp; Love Erootikapood\" \/>\n<meta name=\"twitter:description\" content=\"Kas oled v\u00e4sinud igavatest kondoomidest, mis tekitavad ebamugavustunde? Egzo uudsed kondoomid on hea viis selle probleemi lahendamiseks.\" \/>\n<meta name=\"twitter:image\" content=\"https:\/\/lustandlove.eu\/wp-content\/uploads\/CookieFrend.png\" \/>\n<meta name=\"twitter:label1\" content=\"Est. reading time\" \/>\n\t<meta name=\"twitter:data1\" content=\"1 minut\" \/>\n<script type=\"application\/ld+json\" class=\"yoast-schema-graph\">{\"@context\":\"https:\\\/\\\/schema.org\",\"@graph\":[{\"@type\":[\"WebPage\",\"ItemPage\"],\"@id\":\"https:\\\/\\\/lustandlove.eu\\\/et\\\/toode\\\/cocky-friend-kondoom\\\/\",\"url\":\"https:\\\/\\\/lustandlove.eu\\\/et\\\/toode\\\/cocky-friend-kondoom\\\/\",\"name\":\"Cocky Friend Kondoom | Lust & Love Erootikapood\",\"isPartOf\":{\"@id\":\"https:\\\/\\\/lustandlove.eu\\\/et\\\/#website\"},\"primaryImageOfPage\":{\"@id\":\"https:\\\/\\\/lustandlove.eu\\\/et\\\/toode\\\/cocky-friend-kondoom\\\/#primaryimage\"},\"image\":{\"@id\":\"https:\\\/\\\/lustandlove.eu\\\/et\\\/toode\\\/cocky-friend-kondoom\\\/#primaryimage\"},\"thumbnailUrl\":\"https:\\\/\\\/lustandlove.eu\\\/wp-content\\\/uploads\\\/CookieFrend.png\",\"datePublished\":\"2021-05-28T05:14:04+00:00\",\"dateModified\":\"2026-04-13T07:43:11+00:00\",\"description\":\"Kas oled v\u00e4sinud igavatest kondoomidest, mis tekitavad ebamugavustunde? Egzo uudsed kondoomid on hea viis selle probleemi lahendamiseks.\",\"breadcrumb\":{\"@id\":\"https:\\\/\\\/lustandlove.eu\\\/et\\\/toode\\\/cocky-friend-kondoom\\\/#breadcrumb\"},\"inLanguage\":\"et\",\"potentialAction\":[{\"@type\":\"ReadAction\",\"target\":[\"https:\\\/\\\/lustandlove.eu\\\/et\\\/toode\\\/cocky-friend-kondoom\\\/\"]}]},{\"@type\":\"ImageObject\",\"inLanguage\":\"et\",\"@id\":\"https:\\\/\\\/lustandlove.eu\\\/et\\\/toode\\\/cocky-friend-kondoom\\\/#primaryimage\",\"url\":\"https:\\\/\\\/lustandlove.eu\\\/wp-content\\\/uploads\\\/CookieFrend.png\",\"contentUrl\":\"https:\\\/\\\/lustandlove.eu\\\/wp-content\\\/uploads\\\/CookieFrend.png\",\"width\":750,\"height\":750},{\"@type\":\"BreadcrumbList\",\"@id\":\"https:\\\/\\\/lustandlove.eu\\\/et\\\/toode\\\/cocky-friend-kondoom\\\/#breadcrumb\",\"itemListElement\":[{\"@type\":\"ListItem\",\"position\":1,\"name\":\"Lust and Love\",\"item\":\"https:\\\/\\\/lustandlove.eu\\\/et\\\/\"},{\"@type\":\"ListItem\",\"position\":2,\"name\":\"Pood\",\"item\":\"https:\\\/\\\/lustandlove.eu\\\/et\\\/pood\\\/\"},{\"@type\":\"ListItem\",\"position\":3,\"name\":\"Libestid ja kehahooldus\",\"item\":\"https:\\\/\\\/lustandlove.eu\\\/et\\\/pood\\\/apteek\\\/\"},{\"@type\":\"ListItem\",\"position\":4,\"name\":\"Kondoomid\",\"item\":\"https:\\\/\\\/lustandlove.eu\\\/et\\\/pood\\\/apteek\\\/kondoomid\\\/\"},{\"@type\":\"ListItem\",\"position\":5,\"name\":\"Cocky Friend Kondoom\"}]},{\"@type\":\"WebSite\",\"@id\":\"https:\\\/\\\/lustandlove.eu\\\/et\\\/#website\",\"url\":\"https:\\\/\\\/lustandlove.eu\\\/et\\\/\",\"name\":\"Lust &amp; Love\",\"description\":\"Online erootikapood tervise, ilu ja armastuse jaoks\",\"publisher\":{\"@id\":\"https:\\\/\\\/lustandlove.eu\\\/et\\\/#organization\"},\"potentialAction\":[{\"@type\":\"SearchAction\",\"target\":{\"@type\":\"EntryPoint\",\"urlTemplate\":\"https:\\\/\\\/lustandlove.eu\\\/et\\\/?s={search_term_string}\"},\"query-input\":{\"@type\":\"PropertyValueSpecification\",\"valueRequired\":true,\"valueName\":\"search_term_string\"}}],\"inLanguage\":\"et\"},{\"@type\":\"Organization\",\"@id\":\"https:\\\/\\\/lustandlove.eu\\\/et\\\/#organization\",\"name\":\"Bioconcept Baltics O\u00dc\",\"url\":\"https:\\\/\\\/lustandlove.eu\\\/et\\\/\",\"logo\":{\"@type\":\"ImageObject\",\"inLanguage\":\"et\",\"@id\":\"https:\\\/\\\/lustandlove.eu\\\/et\\\/#\\\/schema\\\/logo\\\/image\\\/\",\"url\":\"\",\"contentUrl\":\"\",\"caption\":\"Bioconcept Baltics O\u00dc\"},\"image\":{\"@id\":\"https:\\\/\\\/lustandlove.eu\\\/et\\\/#\\\/schema\\\/logo\\\/image\\\/\"},\"sameAs\":[\"https:\\\/\\\/www.facebook.com\\\/LustandLoveEU\\\/\",\"https:\\\/\\\/www.instagram.com\\\/lustandloveeu\\\/\"]}]}<\/script>\n<!-- \/ Yoast SEO plugin. -->","yoast_head_json":{"title":"Cocky Friend Kondoom | Lust & Love Erootikapood","description":"Kas oled v\u00e4sinud igavatest kondoomidest, mis tekitavad ebamugavustunde? Egzo uudsed kondoomid on hea viis selle probleemi lahendamiseks.","robots":{"index,follow,max-snippet":"index,follow,max-snippet:-1,max-image-preview:large,max-video-preview:-1"},"canonical":"https:\/\/lustandlove.eu\/et\/toode\/cocky-friend-kondoom\/","twitter_card":"summary_large_image","twitter_title":"Cocky Friend Kondoom | Lust & Love Erootikapood","twitter_description":"Kas oled v\u00e4sinud igavatest kondoomidest, mis tekitavad ebamugavustunde? Egzo uudsed kondoomid on hea viis selle probleemi lahendamiseks.","twitter_image":"https:\/\/lustandlove.eu\/wp-content\/uploads\/CookieFrend.png","twitter_misc":{"Est. reading time":"1 minut"},"schema":{"@context":"https:\/\/schema.org","@graph":[{"@type":["WebPage","ItemPage"],"@id":"https:\/\/lustandlove.eu\/et\/toode\/cocky-friend-kondoom\/","url":"https:\/\/lustandlove.eu\/et\/toode\/cocky-friend-kondoom\/","name":"Cocky Friend Kondoom | Lust & Love Erootikapood","isPartOf":{"@id":"https:\/\/lustandlove.eu\/et\/#website"},"primaryImageOfPage":{"@id":"https:\/\/lustandlove.eu\/et\/toode\/cocky-friend-kondoom\/#primaryimage"},"image":{"@id":"https:\/\/lustandlove.eu\/et\/toode\/cocky-friend-kondoom\/#primaryimage"},"thumbnailUrl":"https:\/\/lustandlove.eu\/wp-content\/uploads\/CookieFrend.png","datePublished":"2021-05-28T05:14:04+00:00","dateModified":"2026-04-13T07:43:11+00:00","description":"Kas oled v\u00e4sinud igavatest kondoomidest, mis tekitavad ebamugavustunde? Egzo uudsed kondoomid on hea viis selle probleemi lahendamiseks.","breadcrumb":{"@id":"https:\/\/lustandlove.eu\/et\/toode\/cocky-friend-kondoom\/#breadcrumb"},"inLanguage":"et","potentialAction":[{"@type":"ReadAction","target":["https:\/\/lustandlove.eu\/et\/toode\/cocky-friend-kondoom\/"]}]},{"@type":"ImageObject","inLanguage":"et","@id":"https:\/\/lustandlove.eu\/et\/toode\/cocky-friend-kondoom\/#primaryimage","url":"https:\/\/lustandlove.eu\/wp-content\/uploads\/CookieFrend.png","contentUrl":"https:\/\/lustandlove.eu\/wp-content\/uploads\/CookieFrend.png","width":750,"height":750},{"@type":"BreadcrumbList","@id":"https:\/\/lustandlove.eu\/et\/toode\/cocky-friend-kondoom\/#breadcrumb","itemListElement":[{"@type":"ListItem","position":1,"name":"Lust and Love","item":"https:\/\/lustandlove.eu\/et\/"},{"@type":"ListItem","position":2,"name":"Pood","item":"https:\/\/lustandlove.eu\/et\/pood\/"},{"@type":"ListItem","position":3,"name":"Libestid ja kehahooldus","item":"https:\/\/lustandlove.eu\/et\/pood\/apteek\/"},{"@type":"ListItem","position":4,"name":"Kondoomid","item":"https:\/\/lustandlove.eu\/et\/pood\/apteek\/kondoomid\/"},{"@type":"ListItem","position":5,"name":"Cocky Friend Kondoom"}]},{"@type":"WebSite","@id":"https:\/\/lustandlove.eu\/et\/#website","url":"https:\/\/lustandlove.eu\/et\/","name":"Lust &amp; Love","description":"Online erootikapood tervise, ilu ja armastuse jaoks","publisher":{"@id":"https:\/\/lustandlove.eu\/et\/#organization"},"potentialAction":[{"@type":"SearchAction","target":{"@type":"EntryPoint","urlTemplate":"https:\/\/lustandlove.eu\/et\/?s={search_term_string}"},"query-input":{"@type":"PropertyValueSpecification","valueRequired":true,"valueName":"search_term_string"}}],"inLanguage":"et"},{"@type":"Organization","@id":"https:\/\/lustandlove.eu\/et\/#organization","name":"Bioconcept Baltics O\u00dc","url":"https:\/\/lustandlove.eu\/et\/","logo":{"@type":"ImageObject","inLanguage":"et","@id":"https:\/\/lustandlove.eu\/et\/#\/schema\/logo\/image\/","url":"","contentUrl":"","caption":"Bioconcept Baltics O\u00dc"},"image":{"@id":"https:\/\/lustandlove.eu\/et\/#\/schema\/logo\/image\/"},"sameAs":["https:\/\/www.facebook.com\/LustandLoveEU\/","https:\/\/www.instagram.com\/lustandloveeu\/"]}]}},"_links":{"self":[{"href":"https:\/\/lustandlove.eu\/et\/wp-json\/wp\/v2\/product\/44022","targetHints":{"allow":["GET"]}}],"collection":[{"href":"https:\/\/lustandlove.eu\/et\/wp-json\/wp\/v2\/product"}],"about":[{"href":"https:\/\/lustandlove.eu\/et\/wp-json\/wp\/v2\/types\/product"}],"wp:featuredmedia":[{"embeddable":true,"href":"https:\/\/lustandlove.eu\/et\/wp-json\/wp\/v2\/media\/51443"}],"wp:attachment":[{"href":"https:\/\/lustandlove.eu\/et\/wp-json\/wp\/v2\/media?parent=44022"}],"wp:term":[{"taxonomy":"product_brand","embeddable":true,"href":"https:\/\/lustandlove.eu\/et\/wp-json\/wp\/v2\/product_brand?post=44022"},{"taxonomy":"product_cat","embeddable":true,"href":"https:\/\/lustandlove.eu\/et\/wp-json\/wp\/v2\/product_cat?post=44022"},{"taxonomy":"product_tag","embeddable":true,"href":"https:\/\/lustandlove.eu\/et\/wp-json\/wp\/v2\/product_tag?post=44022"}],"curies":[{"name":"wp","href":"https:\/\/api.w.org\/{rel}","templated":true}]}}