{"id":44026,"date":"2021-05-28T08:10:35","date_gmt":"2021-05-28T05:10:35","guid":{"rendered":"https:\/\/www.lustandlove.eu\/product\/hole-libesti-170ml\/"},"modified":"2026-04-13T10:43:19","modified_gmt":"2026-04-13T07:43:19","slug":"hole-libesti-170ml","status":"publish","type":"product","link":"https:\/\/lustandlove.eu\/et\/toode\/hole-libesti-170ml\/","title":{"rendered":"Hole Libesti 170ml"},"content":{"rendered":"<div class=\"wpb-content-wrapper\"><p>[vc_row][vc_column][vc_column_text woodmart_inline=&#8221;no&#8221; text_larger=&#8221;no&#8221;]T\u00f5elistele Tenga f\u00e4nnidele m\u00f5eldud vee baasil libesti tagab t\u00e4iesti uutmoodi libisemise masturbeerimise ajal. Tihke vee baasil libesti lisab t\u00e4iendavaid naudinguid sinu lemmiku lelu kasutamisele.<\/p>\n<p>REAL sai oma nime selle j\u00e4rgi, et see tundub t\u00e4pselt nagu p\u00e4ris \u00f5ige asi!<\/p>\n<p>REAL tagab niisutatuse, mis ei kleepuvaks. See on tehtud kehas\u00f5bralikest koostisainetest ning testitud, et toode oleks kehale turvaline.<\/p>\n<p>WILD on musta v\u00e4rvi pakendis ning kergema koostisega (voolavam). Wildile on lisatud ka natuke piparm\u00fcnti, et anda sellele v\u00e4ike v\u00e4rskendav tunnetus.<\/p>\n<p><b>REAL Koostisained:\u00a0<\/b>Vesi, gl\u00fctseriin, naatriumpol\u00fcakr\u00fclaat, etanool, h\u00fcdroks\u00fcet\u00fc\u00fcltselluloos, fenoks\u00fcetanool, met\u00fc\u00fclparabeen, EDTA-2Na, pol\u00fcsorbaat 80, sorbitaankookoaat, parf\u00fc\u00fcm<\/p>\n<p><strong>WILD koostisained:<\/strong>\u00a0Glycerin, Water, Ethanol, Phenoxyethanol, Sodium Polyacrylate, Methylparaben, Menthol, EDTA-2Na, Polysorbate 80, Sorbitan Cocoate<\/p>\n<p>Libesti on tehtud kehas\u00f5bralikest ning v\u00e4ga turvalistest koostisosadest aga see pole m\u00f5eldud kasutamiseks seksi ajal.<\/p>\n<p>Hoia toode toatemperatuuril ja eemal otsesest p\u00e4ikesevalgusest. V\u00e4ltida toote hoiustamist k\u00f5rgetel temperatuuridel, niisketes kohtades.[\/vc_column_text][\/vc_column][\/vc_row]<\/p>\n<\/div>","protected":false},"excerpt":{"rendered":"<p>T\u00f5elistele Tenga f\u00e4nnidele m\u00f5eldud vee baasil libesti tagab t\u00e4iesti uutmoodi libisemise masturbeerimise ajal. Tihke vee baasil libesti lisab t\u00e4iendavaid naudinguid sinu lemmiku lelu kasutamisele.<\/p>\n","protected":false},"featured_media":44027,"template":"","meta":[],"product_brand":[4244],"product_cat":[1467,1460,3976],"product_tag":[],"class_list":{"0":"post-44026","1":"product","2":"type-product","3":"status-publish","4":"has-post-thumbnail","6":"product_brand-tenga-et","7":"product_cat-libestid","8":"product_cat-apteek","9":"product_cat-vee-baasil","10":"pa_brand-tenga-et","12":"first","13":"outofstock","14":"taxable","15":"shipping-taxable","16":"purchasable","17":"product-type-simple"},"yoast_head":"<!-- This site is optimized with the Yoast SEO plugin v27.3 - https:\/\/yoast.com\/product\/yoast-seo-wordpress\/ -->\n<title>Hole Libesti 170ml | Lust and Love<\/title>\n<meta name=\"description\" content=\"T\u00f5elistele Tenga f\u00e4nnidele m\u00f5eldud vee baasil libesti tagab t\u00e4iesti uutmoodi libisemise masturbeerimise ajal. Tihke vee baasil libesti lisab t\u00e4iendavaid naudinguid sinu lemmiku lelu kasutamisele.\" \/>\n<meta name=\"robots\" content=\"index,follow,max-snippet:-1,max-image-preview:large,max-video-preview:-1\" \/>\n<link rel=\"canonical\" href=\"https:\/\/lustandlove.eu\/et\/toode\/hole-libesti-170ml\/\" \/>\n<meta name=\"twitter:card\" content=\"summary_large_image\" \/>\n<meta name=\"twitter:title\" content=\"Hole Libesti 170ml | Lust and Love\" \/>\n<meta name=\"twitter:description\" content=\"T\u00f5elistele Tenga f\u00e4nnidele m\u00f5eldud vee baasil libesti tagab t\u00e4iesti uutmoodi libisemise masturbeerimise ajal. Tihke vee baasil libesti lisab t\u00e4iendavaid naudinguid sinu lemmiku lelu kasutamisele.\" \/>\n<meta name=\"twitter:image\" content=\"https:\/\/lustandlove.eu\/wp-content\/uploads\/hole-lotion-real-lubricant-01.jpg\" \/>\n<meta name=\"twitter:label1\" content=\"Est. reading time\" \/>\n\t<meta name=\"twitter:data1\" content=\"1 minut\" \/>\n<script type=\"application\/ld+json\" class=\"yoast-schema-graph\">{\"@context\":\"https:\\\/\\\/schema.org\",\"@graph\":[{\"@type\":[\"WebPage\",\"ItemPage\"],\"@id\":\"https:\\\/\\\/lustandlove.eu\\\/et\\\/toode\\\/hole-libesti-170ml\\\/\",\"url\":\"https:\\\/\\\/lustandlove.eu\\\/et\\\/toode\\\/hole-libesti-170ml\\\/\",\"name\":\"Hole Libesti 170ml | Lust and Love\",\"isPartOf\":{\"@id\":\"https:\\\/\\\/lustandlove.eu\\\/et\\\/#website\"},\"primaryImageOfPage\":{\"@id\":\"https:\\\/\\\/lustandlove.eu\\\/et\\\/toode\\\/hole-libesti-170ml\\\/#primaryimage\"},\"image\":{\"@id\":\"https:\\\/\\\/lustandlove.eu\\\/et\\\/toode\\\/hole-libesti-170ml\\\/#primaryimage\"},\"thumbnailUrl\":\"https:\\\/\\\/lustandlove.eu\\\/wp-content\\\/uploads\\\/hole-lotion-real-lubricant-01.jpg\",\"datePublished\":\"2021-05-28T05:10:35+00:00\",\"dateModified\":\"2026-04-13T07:43:19+00:00\",\"description\":\"T\u00f5elistele Tenga f\u00e4nnidele m\u00f5eldud vee baasil libesti tagab t\u00e4iesti uutmoodi libisemise masturbeerimise ajal. Tihke vee baasil libesti lisab t\u00e4iendavaid naudinguid sinu lemmiku lelu kasutamisele.\",\"breadcrumb\":{\"@id\":\"https:\\\/\\\/lustandlove.eu\\\/et\\\/toode\\\/hole-libesti-170ml\\\/#breadcrumb\"},\"inLanguage\":\"et\",\"potentialAction\":[{\"@type\":\"ReadAction\",\"target\":[\"https:\\\/\\\/lustandlove.eu\\\/et\\\/toode\\\/hole-libesti-170ml\\\/\"]}]},{\"@type\":\"ImageObject\",\"inLanguage\":\"et\",\"@id\":\"https:\\\/\\\/lustandlove.eu\\\/et\\\/toode\\\/hole-libesti-170ml\\\/#primaryimage\",\"url\":\"https:\\\/\\\/lustandlove.eu\\\/wp-content\\\/uploads\\\/hole-lotion-real-lubricant-01.jpg\",\"contentUrl\":\"https:\\\/\\\/lustandlove.eu\\\/wp-content\\\/uploads\\\/hole-lotion-real-lubricant-01.jpg\",\"width\":1000,\"height\":1000},{\"@type\":\"BreadcrumbList\",\"@id\":\"https:\\\/\\\/lustandlove.eu\\\/et\\\/toode\\\/hole-libesti-170ml\\\/#breadcrumb\",\"itemListElement\":[{\"@type\":\"ListItem\",\"position\":1,\"name\":\"Lust and Love\",\"item\":\"https:\\\/\\\/lustandlove.eu\\\/et\\\/\"},{\"@type\":\"ListItem\",\"position\":2,\"name\":\"Pood\",\"item\":\"https:\\\/\\\/lustandlove.eu\\\/et\\\/pood\\\/\"},{\"@type\":\"ListItem\",\"position\":3,\"name\":\"Libestid ja kehahooldus\",\"item\":\"https:\\\/\\\/lustandlove.eu\\\/et\\\/pood\\\/apteek\\\/\"},{\"@type\":\"ListItem\",\"position\":4,\"name\":\"Libestid\",\"item\":\"https:\\\/\\\/lustandlove.eu\\\/et\\\/pood\\\/apteek\\\/libestid\\\/\"},{\"@type\":\"ListItem\",\"position\":5,\"name\":\"Vee baasil\",\"item\":\"https:\\\/\\\/lustandlove.eu\\\/et\\\/pood\\\/apteek\\\/libestid\\\/vee-baasil\\\/\"},{\"@type\":\"ListItem\",\"position\":6,\"name\":\"Hole Libesti 170ml\"}]},{\"@type\":\"WebSite\",\"@id\":\"https:\\\/\\\/lustandlove.eu\\\/et\\\/#website\",\"url\":\"https:\\\/\\\/lustandlove.eu\\\/et\\\/\",\"name\":\"Lust &amp; Love\",\"description\":\"Online erootikapood tervise, ilu ja armastuse jaoks\",\"publisher\":{\"@id\":\"https:\\\/\\\/lustandlove.eu\\\/et\\\/#organization\"},\"potentialAction\":[{\"@type\":\"SearchAction\",\"target\":{\"@type\":\"EntryPoint\",\"urlTemplate\":\"https:\\\/\\\/lustandlove.eu\\\/et\\\/?s={search_term_string}\"},\"query-input\":{\"@type\":\"PropertyValueSpecification\",\"valueRequired\":true,\"valueName\":\"search_term_string\"}}],\"inLanguage\":\"et\"},{\"@type\":\"Organization\",\"@id\":\"https:\\\/\\\/lustandlove.eu\\\/et\\\/#organization\",\"name\":\"Bioconcept Baltics O\u00dc\",\"url\":\"https:\\\/\\\/lustandlove.eu\\\/et\\\/\",\"logo\":{\"@type\":\"ImageObject\",\"inLanguage\":\"et\",\"@id\":\"https:\\\/\\\/lustandlove.eu\\\/et\\\/#\\\/schema\\\/logo\\\/image\\\/\",\"url\":\"\",\"contentUrl\":\"\",\"caption\":\"Bioconcept Baltics O\u00dc\"},\"image\":{\"@id\":\"https:\\\/\\\/lustandlove.eu\\\/et\\\/#\\\/schema\\\/logo\\\/image\\\/\"},\"sameAs\":[\"https:\\\/\\\/www.facebook.com\\\/LustandLoveEU\\\/\",\"https:\\\/\\\/www.instagram.com\\\/lustandloveeu\\\/\"]}]}<\/script>\n<!-- \/ Yoast SEO plugin. -->","yoast_head_json":{"title":"Hole Libesti 170ml | Lust and Love","description":"T\u00f5elistele Tenga f\u00e4nnidele m\u00f5eldud vee baasil libesti tagab t\u00e4iesti uutmoodi libisemise masturbeerimise ajal. Tihke vee baasil libesti lisab t\u00e4iendavaid naudinguid sinu lemmiku lelu kasutamisele.","robots":{"index,follow,max-snippet":"index,follow,max-snippet:-1,max-image-preview:large,max-video-preview:-1"},"canonical":"https:\/\/lustandlove.eu\/et\/toode\/hole-libesti-170ml\/","twitter_card":"summary_large_image","twitter_title":"Hole Libesti 170ml | Lust and Love","twitter_description":"T\u00f5elistele Tenga f\u00e4nnidele m\u00f5eldud vee baasil libesti tagab t\u00e4iesti uutmoodi libisemise masturbeerimise ajal. Tihke vee baasil libesti lisab t\u00e4iendavaid naudinguid sinu lemmiku lelu kasutamisele.","twitter_image":"https:\/\/lustandlove.eu\/wp-content\/uploads\/hole-lotion-real-lubricant-01.jpg","twitter_misc":{"Est. reading time":"1 minut"},"schema":{"@context":"https:\/\/schema.org","@graph":[{"@type":["WebPage","ItemPage"],"@id":"https:\/\/lustandlove.eu\/et\/toode\/hole-libesti-170ml\/","url":"https:\/\/lustandlove.eu\/et\/toode\/hole-libesti-170ml\/","name":"Hole Libesti 170ml | Lust and Love","isPartOf":{"@id":"https:\/\/lustandlove.eu\/et\/#website"},"primaryImageOfPage":{"@id":"https:\/\/lustandlove.eu\/et\/toode\/hole-libesti-170ml\/#primaryimage"},"image":{"@id":"https:\/\/lustandlove.eu\/et\/toode\/hole-libesti-170ml\/#primaryimage"},"thumbnailUrl":"https:\/\/lustandlove.eu\/wp-content\/uploads\/hole-lotion-real-lubricant-01.jpg","datePublished":"2021-05-28T05:10:35+00:00","dateModified":"2026-04-13T07:43:19+00:00","description":"T\u00f5elistele Tenga f\u00e4nnidele m\u00f5eldud vee baasil libesti tagab t\u00e4iesti uutmoodi libisemise masturbeerimise ajal. Tihke vee baasil libesti lisab t\u00e4iendavaid naudinguid sinu lemmiku lelu kasutamisele.","breadcrumb":{"@id":"https:\/\/lustandlove.eu\/et\/toode\/hole-libesti-170ml\/#breadcrumb"},"inLanguage":"et","potentialAction":[{"@type":"ReadAction","target":["https:\/\/lustandlove.eu\/et\/toode\/hole-libesti-170ml\/"]}]},{"@type":"ImageObject","inLanguage":"et","@id":"https:\/\/lustandlove.eu\/et\/toode\/hole-libesti-170ml\/#primaryimage","url":"https:\/\/lustandlove.eu\/wp-content\/uploads\/hole-lotion-real-lubricant-01.jpg","contentUrl":"https:\/\/lustandlove.eu\/wp-content\/uploads\/hole-lotion-real-lubricant-01.jpg","width":1000,"height":1000},{"@type":"BreadcrumbList","@id":"https:\/\/lustandlove.eu\/et\/toode\/hole-libesti-170ml\/#breadcrumb","itemListElement":[{"@type":"ListItem","position":1,"name":"Lust and Love","item":"https:\/\/lustandlove.eu\/et\/"},{"@type":"ListItem","position":2,"name":"Pood","item":"https:\/\/lustandlove.eu\/et\/pood\/"},{"@type":"ListItem","position":3,"name":"Libestid ja kehahooldus","item":"https:\/\/lustandlove.eu\/et\/pood\/apteek\/"},{"@type":"ListItem","position":4,"name":"Libestid","item":"https:\/\/lustandlove.eu\/et\/pood\/apteek\/libestid\/"},{"@type":"ListItem","position":5,"name":"Vee baasil","item":"https:\/\/lustandlove.eu\/et\/pood\/apteek\/libestid\/vee-baasil\/"},{"@type":"ListItem","position":6,"name":"Hole Libesti 170ml"}]},{"@type":"WebSite","@id":"https:\/\/lustandlove.eu\/et\/#website","url":"https:\/\/lustandlove.eu\/et\/","name":"Lust &amp; Love","description":"Online erootikapood tervise, ilu ja armastuse jaoks","publisher":{"@id":"https:\/\/lustandlove.eu\/et\/#organization"},"potentialAction":[{"@type":"SearchAction","target":{"@type":"EntryPoint","urlTemplate":"https:\/\/lustandlove.eu\/et\/?s={search_term_string}"},"query-input":{"@type":"PropertyValueSpecification","valueRequired":true,"valueName":"search_term_string"}}],"inLanguage":"et"},{"@type":"Organization","@id":"https:\/\/lustandlove.eu\/et\/#organization","name":"Bioconcept Baltics O\u00dc","url":"https:\/\/lustandlove.eu\/et\/","logo":{"@type":"ImageObject","inLanguage":"et","@id":"https:\/\/lustandlove.eu\/et\/#\/schema\/logo\/image\/","url":"","contentUrl":"","caption":"Bioconcept Baltics O\u00dc"},"image":{"@id":"https:\/\/lustandlove.eu\/et\/#\/schema\/logo\/image\/"},"sameAs":["https:\/\/www.facebook.com\/LustandLoveEU\/","https:\/\/www.instagram.com\/lustandloveeu\/"]}]}},"_links":{"self":[{"href":"https:\/\/lustandlove.eu\/et\/wp-json\/wp\/v2\/product\/44026","targetHints":{"allow":["GET"]}}],"collection":[{"href":"https:\/\/lustandlove.eu\/et\/wp-json\/wp\/v2\/product"}],"about":[{"href":"https:\/\/lustandlove.eu\/et\/wp-json\/wp\/v2\/types\/product"}],"wp:featuredmedia":[{"embeddable":true,"href":"https:\/\/lustandlove.eu\/et\/wp-json\/wp\/v2\/media\/44027"}],"wp:attachment":[{"href":"https:\/\/lustandlove.eu\/et\/wp-json\/wp\/v2\/media?parent=44026"}],"wp:term":[{"taxonomy":"product_brand","embeddable":true,"href":"https:\/\/lustandlove.eu\/et\/wp-json\/wp\/v2\/product_brand?post=44026"},{"taxonomy":"product_cat","embeddable":true,"href":"https:\/\/lustandlove.eu\/et\/wp-json\/wp\/v2\/product_cat?post=44026"},{"taxonomy":"product_tag","embeddable":true,"href":"https:\/\/lustandlove.eu\/et\/wp-json\/wp\/v2\/product_tag?post=44026"}],"curies":[{"name":"wp","href":"https:\/\/api.w.org\/{rel}","templated":true}]}}