{"id":44075,"date":"2021-05-28T08:07:17","date_gmt":"2021-05-28T05:07:17","guid":{"rendered":"https:\/\/www.lustandlove.eu\/product\/lelupuhastaja\/"},"modified":"2026-04-13T10:43:23","modified_gmt":"2026-04-13T07:43:23","slug":"lelupuhastaja","status":"publish","type":"product","link":"https:\/\/lustandlove.eu\/et\/toode\/lelupuhastaja\/","title":{"rendered":"Lelupuhastaja"},"content":{"rendered":"<div class=\"wpb-content-wrapper\"><p>[vc_row][vc_column][vc_column_text woodmart_inline=&#8221;no&#8221; text_larger=&#8221;no&#8221;]Pihusta ja puhasta. Veebaasiline efektiivne sprei lelude puhastamiseks. Pikenda oma lelude eluiga ja hoia nad puhtad Lelupuhastajaga.\u00a0Kiotos\u00a0Lelupuhastaja on turvaline kasutada materjalidega nagu kumm, lateks, metall, plastik v\u00f5i klaas. See on leludega \u00f5rn ja efektiivne bakterite vastu. Lelupuhastaja on k\u00e4ep\u00e4rane ning lihtsalt kasutatav. Pihusta toodet, oota m\u00f5ni minut ja puhasta.<\/p>\n<p>Hoiatus: V\u00f5ib p\u00f5hjustada \u00e4rritust silmades. Hoida lastele k\u00e4ttesaamatus kohas. Pesta k\u00e4ed peale kasutamist. V\u00e4ltida kontakti silmadega. \u00c4rrituse korral eemaldada silmast l\u00e4\u00e4tsed ning loputada silma. Kui \u00e4rritus kestab, p\u00f6\u00f6rduda arsti poole.<\/p>\n<p>Hoiustamine: originaalpakendis toatemperatuuril[\/vc_column_text][\/vc_column][\/vc_row]<\/p>\n<\/div>","protected":false},"excerpt":{"rendered":"<p>Imeline abiline sinu lelude puhastamiseks!<\/p>\n","protected":false},"featured_media":44076,"template":"","meta":[],"product_brand":[4218],"product_cat":[1466,1460],"product_tag":[3093,1541,1514],"class_list":{"0":"post-44075","1":"product","2":"type-product","3":"status-publish","4":"has-post-thumbnail","6":"product_brand-kiotos-et","7":"product_cat-hugieen","8":"product_cat-apteek","9":"product_tag-aftercare-et","10":"product_tag-lelu-puhastaja","11":"product_tag-puhastaja","12":"pa_brand-kiotos-et","14":"first","15":"instock","16":"taxable","17":"shipping-taxable","18":"purchasable","19":"product-type-simple"},"yoast_head":"<!-- This site is optimized with the Yoast SEO plugin v27.3 - https:\/\/yoast.com\/product\/yoast-seo-wordpress\/ -->\n<title>Lelupuhastaja | Lust and Love<\/title>\n<meta name=\"description\" content=\"Imeline abiline sinu lelude puhastamiseks!\" \/>\n<meta name=\"robots\" content=\"index,follow,max-snippet:-1,max-image-preview:large,max-video-preview:-1\" \/>\n<link rel=\"canonical\" href=\"https:\/\/lustandlove.eu\/et\/toode\/lelupuhastaja\/\" \/>\n<meta name=\"twitter:card\" content=\"summary_large_image\" \/>\n<meta name=\"twitter:title\" content=\"Lelupuhastaja | Lust and Love\" \/>\n<meta name=\"twitter:description\" content=\"Imeline abiline sinu lelude puhastamiseks!\" \/>\n<meta name=\"twitter:image\" content=\"https:\/\/lustandlove.eu\/wp-content\/uploads\/Kiotos-Toy-Cleaner-150-ml.jpg\" \/>\n<meta name=\"twitter:label1\" content=\"Est. reading time\" \/>\n\t<meta name=\"twitter:data1\" content=\"1 minut\" \/>\n<script type=\"application\/ld+json\" class=\"yoast-schema-graph\">{\"@context\":\"https:\\\/\\\/schema.org\",\"@graph\":[{\"@type\":[\"WebPage\",\"ItemPage\"],\"@id\":\"https:\\\/\\\/lustandlove.eu\\\/et\\\/toode\\\/lelupuhastaja\\\/\",\"url\":\"https:\\\/\\\/lustandlove.eu\\\/et\\\/toode\\\/lelupuhastaja\\\/\",\"name\":\"Lelupuhastaja | Lust and Love\",\"isPartOf\":{\"@id\":\"https:\\\/\\\/lustandlove.eu\\\/et\\\/#website\"},\"primaryImageOfPage\":{\"@id\":\"https:\\\/\\\/lustandlove.eu\\\/et\\\/toode\\\/lelupuhastaja\\\/#primaryimage\"},\"image\":{\"@id\":\"https:\\\/\\\/lustandlove.eu\\\/et\\\/toode\\\/lelupuhastaja\\\/#primaryimage\"},\"thumbnailUrl\":\"https:\\\/\\\/lustandlove.eu\\\/wp-content\\\/uploads\\\/Kiotos-Toy-Cleaner-150-ml.jpg\",\"datePublished\":\"2021-05-28T05:07:17+00:00\",\"dateModified\":\"2026-04-13T07:43:23+00:00\",\"description\":\"Imeline abiline sinu lelude puhastamiseks!\",\"breadcrumb\":{\"@id\":\"https:\\\/\\\/lustandlove.eu\\\/et\\\/toode\\\/lelupuhastaja\\\/#breadcrumb\"},\"inLanguage\":\"et\",\"potentialAction\":[{\"@type\":\"ReadAction\",\"target\":[\"https:\\\/\\\/lustandlove.eu\\\/et\\\/toode\\\/lelupuhastaja\\\/\"]}]},{\"@type\":\"ImageObject\",\"inLanguage\":\"et\",\"@id\":\"https:\\\/\\\/lustandlove.eu\\\/et\\\/toode\\\/lelupuhastaja\\\/#primaryimage\",\"url\":\"https:\\\/\\\/lustandlove.eu\\\/wp-content\\\/uploads\\\/Kiotos-Toy-Cleaner-150-ml.jpg\",\"contentUrl\":\"https:\\\/\\\/lustandlove.eu\\\/wp-content\\\/uploads\\\/Kiotos-Toy-Cleaner-150-ml.jpg\",\"width\":525,\"height\":525},{\"@type\":\"BreadcrumbList\",\"@id\":\"https:\\\/\\\/lustandlove.eu\\\/et\\\/toode\\\/lelupuhastaja\\\/#breadcrumb\",\"itemListElement\":[{\"@type\":\"ListItem\",\"position\":1,\"name\":\"Lust and Love\",\"item\":\"https:\\\/\\\/lustandlove.eu\\\/et\\\/\"},{\"@type\":\"ListItem\",\"position\":2,\"name\":\"Pood\",\"item\":\"https:\\\/\\\/lustandlove.eu\\\/et\\\/pood\\\/\"},{\"@type\":\"ListItem\",\"position\":3,\"name\":\"Libestid ja kehahooldus\",\"item\":\"https:\\\/\\\/lustandlove.eu\\\/et\\\/pood\\\/apteek\\\/\"},{\"@type\":\"ListItem\",\"position\":4,\"name\":\"H\u00fcgieen\",\"item\":\"https:\\\/\\\/lustandlove.eu\\\/et\\\/pood\\\/apteek\\\/hugieen\\\/\"},{\"@type\":\"ListItem\",\"position\":5,\"name\":\"Lelupuhastaja\"}]},{\"@type\":\"WebSite\",\"@id\":\"https:\\\/\\\/lustandlove.eu\\\/et\\\/#website\",\"url\":\"https:\\\/\\\/lustandlove.eu\\\/et\\\/\",\"name\":\"Lust &amp; Love\",\"description\":\"Online erootikapood tervise, ilu ja armastuse jaoks\",\"publisher\":{\"@id\":\"https:\\\/\\\/lustandlove.eu\\\/et\\\/#organization\"},\"potentialAction\":[{\"@type\":\"SearchAction\",\"target\":{\"@type\":\"EntryPoint\",\"urlTemplate\":\"https:\\\/\\\/lustandlove.eu\\\/et\\\/?s={search_term_string}\"},\"query-input\":{\"@type\":\"PropertyValueSpecification\",\"valueRequired\":true,\"valueName\":\"search_term_string\"}}],\"inLanguage\":\"et\"},{\"@type\":\"Organization\",\"@id\":\"https:\\\/\\\/lustandlove.eu\\\/et\\\/#organization\",\"name\":\"Bioconcept Baltics O\u00dc\",\"url\":\"https:\\\/\\\/lustandlove.eu\\\/et\\\/\",\"logo\":{\"@type\":\"ImageObject\",\"inLanguage\":\"et\",\"@id\":\"https:\\\/\\\/lustandlove.eu\\\/et\\\/#\\\/schema\\\/logo\\\/image\\\/\",\"url\":\"\",\"contentUrl\":\"\",\"caption\":\"Bioconcept Baltics O\u00dc\"},\"image\":{\"@id\":\"https:\\\/\\\/lustandlove.eu\\\/et\\\/#\\\/schema\\\/logo\\\/image\\\/\"},\"sameAs\":[\"https:\\\/\\\/www.facebook.com\\\/LustandLoveEU\\\/\",\"https:\\\/\\\/www.instagram.com\\\/lustandloveeu\\\/\"]}]}<\/script>\n<!-- \/ Yoast SEO plugin. -->","yoast_head_json":{"title":"Lelupuhastaja | Lust and Love","description":"Imeline abiline sinu lelude puhastamiseks!","robots":{"index,follow,max-snippet":"index,follow,max-snippet:-1,max-image-preview:large,max-video-preview:-1"},"canonical":"https:\/\/lustandlove.eu\/et\/toode\/lelupuhastaja\/","twitter_card":"summary_large_image","twitter_title":"Lelupuhastaja | Lust and Love","twitter_description":"Imeline abiline sinu lelude puhastamiseks!","twitter_image":"https:\/\/lustandlove.eu\/wp-content\/uploads\/Kiotos-Toy-Cleaner-150-ml.jpg","twitter_misc":{"Est. reading time":"1 minut"},"schema":{"@context":"https:\/\/schema.org","@graph":[{"@type":["WebPage","ItemPage"],"@id":"https:\/\/lustandlove.eu\/et\/toode\/lelupuhastaja\/","url":"https:\/\/lustandlove.eu\/et\/toode\/lelupuhastaja\/","name":"Lelupuhastaja | Lust and Love","isPartOf":{"@id":"https:\/\/lustandlove.eu\/et\/#website"},"primaryImageOfPage":{"@id":"https:\/\/lustandlove.eu\/et\/toode\/lelupuhastaja\/#primaryimage"},"image":{"@id":"https:\/\/lustandlove.eu\/et\/toode\/lelupuhastaja\/#primaryimage"},"thumbnailUrl":"https:\/\/lustandlove.eu\/wp-content\/uploads\/Kiotos-Toy-Cleaner-150-ml.jpg","datePublished":"2021-05-28T05:07:17+00:00","dateModified":"2026-04-13T07:43:23+00:00","description":"Imeline abiline sinu lelude puhastamiseks!","breadcrumb":{"@id":"https:\/\/lustandlove.eu\/et\/toode\/lelupuhastaja\/#breadcrumb"},"inLanguage":"et","potentialAction":[{"@type":"ReadAction","target":["https:\/\/lustandlove.eu\/et\/toode\/lelupuhastaja\/"]}]},{"@type":"ImageObject","inLanguage":"et","@id":"https:\/\/lustandlove.eu\/et\/toode\/lelupuhastaja\/#primaryimage","url":"https:\/\/lustandlove.eu\/wp-content\/uploads\/Kiotos-Toy-Cleaner-150-ml.jpg","contentUrl":"https:\/\/lustandlove.eu\/wp-content\/uploads\/Kiotos-Toy-Cleaner-150-ml.jpg","width":525,"height":525},{"@type":"BreadcrumbList","@id":"https:\/\/lustandlove.eu\/et\/toode\/lelupuhastaja\/#breadcrumb","itemListElement":[{"@type":"ListItem","position":1,"name":"Lust and Love","item":"https:\/\/lustandlove.eu\/et\/"},{"@type":"ListItem","position":2,"name":"Pood","item":"https:\/\/lustandlove.eu\/et\/pood\/"},{"@type":"ListItem","position":3,"name":"Libestid ja kehahooldus","item":"https:\/\/lustandlove.eu\/et\/pood\/apteek\/"},{"@type":"ListItem","position":4,"name":"H\u00fcgieen","item":"https:\/\/lustandlove.eu\/et\/pood\/apteek\/hugieen\/"},{"@type":"ListItem","position":5,"name":"Lelupuhastaja"}]},{"@type":"WebSite","@id":"https:\/\/lustandlove.eu\/et\/#website","url":"https:\/\/lustandlove.eu\/et\/","name":"Lust &amp; Love","description":"Online erootikapood tervise, ilu ja armastuse jaoks","publisher":{"@id":"https:\/\/lustandlove.eu\/et\/#organization"},"potentialAction":[{"@type":"SearchAction","target":{"@type":"EntryPoint","urlTemplate":"https:\/\/lustandlove.eu\/et\/?s={search_term_string}"},"query-input":{"@type":"PropertyValueSpecification","valueRequired":true,"valueName":"search_term_string"}}],"inLanguage":"et"},{"@type":"Organization","@id":"https:\/\/lustandlove.eu\/et\/#organization","name":"Bioconcept Baltics O\u00dc","url":"https:\/\/lustandlove.eu\/et\/","logo":{"@type":"ImageObject","inLanguage":"et","@id":"https:\/\/lustandlove.eu\/et\/#\/schema\/logo\/image\/","url":"","contentUrl":"","caption":"Bioconcept Baltics O\u00dc"},"image":{"@id":"https:\/\/lustandlove.eu\/et\/#\/schema\/logo\/image\/"},"sameAs":["https:\/\/www.facebook.com\/LustandLoveEU\/","https:\/\/www.instagram.com\/lustandloveeu\/"]}]}},"_links":{"self":[{"href":"https:\/\/lustandlove.eu\/et\/wp-json\/wp\/v2\/product\/44075","targetHints":{"allow":["GET"]}}],"collection":[{"href":"https:\/\/lustandlove.eu\/et\/wp-json\/wp\/v2\/product"}],"about":[{"href":"https:\/\/lustandlove.eu\/et\/wp-json\/wp\/v2\/types\/product"}],"wp:featuredmedia":[{"embeddable":true,"href":"https:\/\/lustandlove.eu\/et\/wp-json\/wp\/v2\/media\/44076"}],"wp:attachment":[{"href":"https:\/\/lustandlove.eu\/et\/wp-json\/wp\/v2\/media?parent=44075"}],"wp:term":[{"taxonomy":"product_brand","embeddable":true,"href":"https:\/\/lustandlove.eu\/et\/wp-json\/wp\/v2\/product_brand?post=44075"},{"taxonomy":"product_cat","embeddable":true,"href":"https:\/\/lustandlove.eu\/et\/wp-json\/wp\/v2\/product_cat?post=44075"},{"taxonomy":"product_tag","embeddable":true,"href":"https:\/\/lustandlove.eu\/et\/wp-json\/wp\/v2\/product_tag?post=44075"}],"curies":[{"name":"wp","href":"https:\/\/api.w.org\/{rel}","templated":true}]}}