{"id":44092,"date":"2021-05-28T08:01:38","date_gmt":"2021-05-28T05:01:38","guid":{"rendered":"https:\/\/www.lustandlove.eu\/product\/sutil-love-potion-23\/"},"modified":"2026-04-13T10:43:38","modified_gmt":"2026-04-13T07:43:38","slug":"sutil-love-potion-23","status":"publish","type":"product","link":"https:\/\/lustandlove.eu\/et\/toode\/sutil-love-potion-23\/","title":{"rendered":"Sutil Love Potion #23"},"content":{"rendered":"<div class=\"wpb-content-wrapper\"><p>[vc_row][vc_column][vc_column_text woodmart_inline=&#8221;no&#8221; text_larger=&#8221;no&#8221;]<br \/>\nLove Potion \u2013 erguta oma meeli luksusliku ja eksootilise massaa\u017ei\u00f5liga, mis muudab naha siidiseks ja pehmeks. \u00d5li pehmendab nahka, j\u00e4tab nahale m\u00f5nusa tunde ja rahustab. \u00d5li on on 100% vegan. See on pakendatud alumiiniumist loodusts\u00e4\u00e4stvasse pudelisse, mis aitab \u00f5lil s\u00e4ilida. Sisaldab ainult orgaanilisi eeterlikke \u00f5lisid, ei sisalda kemikaale.<\/p>\n<p>Love potion #23 on iseloomult vedel t\u00e4nu mandli\u00f5lile, selle l\u00f5hn on puhas ning looduslik. P\u00f5hilise noodina tunned jasmiini l\u00f5hna.<\/p>\n<p>Suurus: 120ml<\/p>\n<p><strong>Koostisosad:<\/strong><\/p>\n<ul>\n<li>E-vitamiin<\/li>\n<li>Mandli\u00f5li<\/li>\n<li>Ylang Ylang<\/li>\n<li>Laim<\/li>\n<li>Greip<\/li>\n<li>Viiruk<\/li>\n<li>Jasmiin<\/li>\n<li>Vetiveer<\/li>\n<\/ul>\n<p>Sutil tooted on toodetud Kanadas pere\u00e4ri poolt, kellel on oma alal \u00fcle 20 aasta kogemust.<\/p>\n<p>Toode s\u00e4ilib p\u00e4rast avamist 9 kuud ning kauem, kui pudelil hoida kork korralikult peal ning eemal otsesest p\u00e4ikesest<br \/>\n[\/vc_column_text][\/vc_column][\/vc_row]<\/p>\n<\/div>","protected":false},"excerpt":{"rendered":"<p>Love Potion \u2013 erguta oma meeli luksusliku ja eksootilise massaa\u017ei\u00f5liga, mis muudab naha siidiseks ja pehmeks. \u00d5li pehmendab nahka, j\u00e4tab nahale m\u00f5nusa tunde ja rahustab. \u00d5li on on 100% vegan.<\/p>\n","protected":false},"featured_media":44093,"template":"","meta":[],"product_brand":[4241],"product_cat":[1460,1468],"product_tag":[4128,1574],"class_list":{"0":"post-44092","1":"product","2":"type-product","3":"status-publish","4":"has-post-thumbnail","6":"product_brand-sutil-et","7":"product_cat-apteek","8":"product_cat-massaaziolid-ja-geelid","9":"product_tag-lubricant-et","10":"product_tag-massaaz-et","11":"pa_brand-sutil-et","13":"first","14":"instock","15":"taxable","16":"shipping-taxable","17":"purchasable","18":"product-type-simple"},"yoast_head":"<!-- This site is optimized with the Yoast SEO plugin v27.3 - https:\/\/yoast.com\/product\/yoast-seo-wordpress\/ -->\n<title>Sutil Love Potion #23 | Lust and Love<\/title>\n<meta name=\"description\" content=\"Love Potion \u2013 erguta oma meeli luksusliku ja eksootilise massaa\u017ei\u00f5liga, mis muudab naha siidiseks ja pehmeks.\" \/>\n<meta name=\"robots\" content=\"index,follow,max-snippet:-1,max-image-preview:large,max-video-preview:-1\" \/>\n<link rel=\"canonical\" href=\"https:\/\/lustandlove.eu\/et\/toode\/sutil-love-potion-23\/\" \/>\n<meta name=\"twitter:card\" content=\"summary_large_image\" \/>\n<meta name=\"twitter:title\" content=\"Sutil Love Potion #23 | Lust and Love\" \/>\n<meta name=\"twitter:description\" content=\"Love Potion \u2013 erguta oma meeli luksusliku ja eksootilise massaa\u017ei\u00f5liga, mis muudab naha siidiseks ja pehmeks.\" \/>\n<meta name=\"twitter:image\" content=\"https:\/\/lustandlove.eu\/wp-content\/uploads\/Sutil-Love-Potion-23.jpg\" \/>\n<meta name=\"twitter:label1\" content=\"Est. reading time\" \/>\n\t<meta name=\"twitter:data1\" content=\"1 minut\" \/>\n<script type=\"application\/ld+json\" class=\"yoast-schema-graph\">{\"@context\":\"https:\\\/\\\/schema.org\",\"@graph\":[{\"@type\":[\"WebPage\",\"ItemPage\"],\"@id\":\"https:\\\/\\\/lustandlove.eu\\\/et\\\/toode\\\/sutil-love-potion-23\\\/\",\"url\":\"https:\\\/\\\/lustandlove.eu\\\/et\\\/toode\\\/sutil-love-potion-23\\\/\",\"name\":\"Sutil Love Potion #23 | Lust and Love\",\"isPartOf\":{\"@id\":\"https:\\\/\\\/lustandlove.eu\\\/et\\\/#website\"},\"primaryImageOfPage\":{\"@id\":\"https:\\\/\\\/lustandlove.eu\\\/et\\\/toode\\\/sutil-love-potion-23\\\/#primaryimage\"},\"image\":{\"@id\":\"https:\\\/\\\/lustandlove.eu\\\/et\\\/toode\\\/sutil-love-potion-23\\\/#primaryimage\"},\"thumbnailUrl\":\"https:\\\/\\\/lustandlove.eu\\\/wp-content\\\/uploads\\\/Sutil-Love-Potion-23.jpg\",\"datePublished\":\"2021-05-28T05:01:38+00:00\",\"dateModified\":\"2026-04-13T07:43:38+00:00\",\"description\":\"Love Potion \u2013 erguta oma meeli luksusliku ja eksootilise massaa\u017ei\u00f5liga, mis muudab naha siidiseks ja pehmeks.\",\"breadcrumb\":{\"@id\":\"https:\\\/\\\/lustandlove.eu\\\/et\\\/toode\\\/sutil-love-potion-23\\\/#breadcrumb\"},\"inLanguage\":\"et\",\"potentialAction\":[{\"@type\":\"ReadAction\",\"target\":[\"https:\\\/\\\/lustandlove.eu\\\/et\\\/toode\\\/sutil-love-potion-23\\\/\"]}]},{\"@type\":\"ImageObject\",\"inLanguage\":\"et\",\"@id\":\"https:\\\/\\\/lustandlove.eu\\\/et\\\/toode\\\/sutil-love-potion-23\\\/#primaryimage\",\"url\":\"https:\\\/\\\/lustandlove.eu\\\/wp-content\\\/uploads\\\/Sutil-Love-Potion-23.jpg\",\"contentUrl\":\"https:\\\/\\\/lustandlove.eu\\\/wp-content\\\/uploads\\\/Sutil-Love-Potion-23.jpg\",\"width\":1200,\"height\":1200},{\"@type\":\"BreadcrumbList\",\"@id\":\"https:\\\/\\\/lustandlove.eu\\\/et\\\/toode\\\/sutil-love-potion-23\\\/#breadcrumb\",\"itemListElement\":[{\"@type\":\"ListItem\",\"position\":1,\"name\":\"Lust and Love\",\"item\":\"https:\\\/\\\/lustandlove.eu\\\/et\\\/\"},{\"@type\":\"ListItem\",\"position\":2,\"name\":\"Pood\",\"item\":\"https:\\\/\\\/lustandlove.eu\\\/et\\\/pood\\\/\"},{\"@type\":\"ListItem\",\"position\":3,\"name\":\"Libestid ja kehahooldus\",\"item\":\"https:\\\/\\\/lustandlove.eu\\\/et\\\/pood\\\/apteek\\\/\"},{\"@type\":\"ListItem\",\"position\":4,\"name\":\"Massaa\u017ei\u00f5lid ja -geelid\",\"item\":\"https:\\\/\\\/lustandlove.eu\\\/et\\\/pood\\\/apteek\\\/massaaziolid-ja-geelid\\\/\"},{\"@type\":\"ListItem\",\"position\":5,\"name\":\"Sutil Love Potion #23\"}]},{\"@type\":\"WebSite\",\"@id\":\"https:\\\/\\\/lustandlove.eu\\\/et\\\/#website\",\"url\":\"https:\\\/\\\/lustandlove.eu\\\/et\\\/\",\"name\":\"Lust &amp; Love\",\"description\":\"Online erootikapood tervise, ilu ja armastuse jaoks\",\"publisher\":{\"@id\":\"https:\\\/\\\/lustandlove.eu\\\/et\\\/#organization\"},\"potentialAction\":[{\"@type\":\"SearchAction\",\"target\":{\"@type\":\"EntryPoint\",\"urlTemplate\":\"https:\\\/\\\/lustandlove.eu\\\/et\\\/?s={search_term_string}\"},\"query-input\":{\"@type\":\"PropertyValueSpecification\",\"valueRequired\":true,\"valueName\":\"search_term_string\"}}],\"inLanguage\":\"et\"},{\"@type\":\"Organization\",\"@id\":\"https:\\\/\\\/lustandlove.eu\\\/et\\\/#organization\",\"name\":\"Bioconcept Baltics O\u00dc\",\"url\":\"https:\\\/\\\/lustandlove.eu\\\/et\\\/\",\"logo\":{\"@type\":\"ImageObject\",\"inLanguage\":\"et\",\"@id\":\"https:\\\/\\\/lustandlove.eu\\\/et\\\/#\\\/schema\\\/logo\\\/image\\\/\",\"url\":\"\",\"contentUrl\":\"\",\"caption\":\"Bioconcept Baltics O\u00dc\"},\"image\":{\"@id\":\"https:\\\/\\\/lustandlove.eu\\\/et\\\/#\\\/schema\\\/logo\\\/image\\\/\"},\"sameAs\":[\"https:\\\/\\\/www.facebook.com\\\/LustandLoveEU\\\/\",\"https:\\\/\\\/www.instagram.com\\\/lustandloveeu\\\/\"]}]}<\/script>\n<!-- \/ Yoast SEO plugin. -->","yoast_head_json":{"title":"Sutil Love Potion #23 | Lust and Love","description":"Love Potion \u2013 erguta oma meeli luksusliku ja eksootilise massaa\u017ei\u00f5liga, mis muudab naha siidiseks ja pehmeks.","robots":{"index,follow,max-snippet":"index,follow,max-snippet:-1,max-image-preview:large,max-video-preview:-1"},"canonical":"https:\/\/lustandlove.eu\/et\/toode\/sutil-love-potion-23\/","twitter_card":"summary_large_image","twitter_title":"Sutil Love Potion #23 | Lust and Love","twitter_description":"Love Potion \u2013 erguta oma meeli luksusliku ja eksootilise massaa\u017ei\u00f5liga, mis muudab naha siidiseks ja pehmeks.","twitter_image":"https:\/\/lustandlove.eu\/wp-content\/uploads\/Sutil-Love-Potion-23.jpg","twitter_misc":{"Est. reading time":"1 minut"},"schema":{"@context":"https:\/\/schema.org","@graph":[{"@type":["WebPage","ItemPage"],"@id":"https:\/\/lustandlove.eu\/et\/toode\/sutil-love-potion-23\/","url":"https:\/\/lustandlove.eu\/et\/toode\/sutil-love-potion-23\/","name":"Sutil Love Potion #23 | Lust and Love","isPartOf":{"@id":"https:\/\/lustandlove.eu\/et\/#website"},"primaryImageOfPage":{"@id":"https:\/\/lustandlove.eu\/et\/toode\/sutil-love-potion-23\/#primaryimage"},"image":{"@id":"https:\/\/lustandlove.eu\/et\/toode\/sutil-love-potion-23\/#primaryimage"},"thumbnailUrl":"https:\/\/lustandlove.eu\/wp-content\/uploads\/Sutil-Love-Potion-23.jpg","datePublished":"2021-05-28T05:01:38+00:00","dateModified":"2026-04-13T07:43:38+00:00","description":"Love Potion \u2013 erguta oma meeli luksusliku ja eksootilise massaa\u017ei\u00f5liga, mis muudab naha siidiseks ja pehmeks.","breadcrumb":{"@id":"https:\/\/lustandlove.eu\/et\/toode\/sutil-love-potion-23\/#breadcrumb"},"inLanguage":"et","potentialAction":[{"@type":"ReadAction","target":["https:\/\/lustandlove.eu\/et\/toode\/sutil-love-potion-23\/"]}]},{"@type":"ImageObject","inLanguage":"et","@id":"https:\/\/lustandlove.eu\/et\/toode\/sutil-love-potion-23\/#primaryimage","url":"https:\/\/lustandlove.eu\/wp-content\/uploads\/Sutil-Love-Potion-23.jpg","contentUrl":"https:\/\/lustandlove.eu\/wp-content\/uploads\/Sutil-Love-Potion-23.jpg","width":1200,"height":1200},{"@type":"BreadcrumbList","@id":"https:\/\/lustandlove.eu\/et\/toode\/sutil-love-potion-23\/#breadcrumb","itemListElement":[{"@type":"ListItem","position":1,"name":"Lust and Love","item":"https:\/\/lustandlove.eu\/et\/"},{"@type":"ListItem","position":2,"name":"Pood","item":"https:\/\/lustandlove.eu\/et\/pood\/"},{"@type":"ListItem","position":3,"name":"Libestid ja kehahooldus","item":"https:\/\/lustandlove.eu\/et\/pood\/apteek\/"},{"@type":"ListItem","position":4,"name":"Massaa\u017ei\u00f5lid ja -geelid","item":"https:\/\/lustandlove.eu\/et\/pood\/apteek\/massaaziolid-ja-geelid\/"},{"@type":"ListItem","position":5,"name":"Sutil Love Potion #23"}]},{"@type":"WebSite","@id":"https:\/\/lustandlove.eu\/et\/#website","url":"https:\/\/lustandlove.eu\/et\/","name":"Lust &amp; Love","description":"Online erootikapood tervise, ilu ja armastuse jaoks","publisher":{"@id":"https:\/\/lustandlove.eu\/et\/#organization"},"potentialAction":[{"@type":"SearchAction","target":{"@type":"EntryPoint","urlTemplate":"https:\/\/lustandlove.eu\/et\/?s={search_term_string}"},"query-input":{"@type":"PropertyValueSpecification","valueRequired":true,"valueName":"search_term_string"}}],"inLanguage":"et"},{"@type":"Organization","@id":"https:\/\/lustandlove.eu\/et\/#organization","name":"Bioconcept Baltics O\u00dc","url":"https:\/\/lustandlove.eu\/et\/","logo":{"@type":"ImageObject","inLanguage":"et","@id":"https:\/\/lustandlove.eu\/et\/#\/schema\/logo\/image\/","url":"","contentUrl":"","caption":"Bioconcept Baltics O\u00dc"},"image":{"@id":"https:\/\/lustandlove.eu\/et\/#\/schema\/logo\/image\/"},"sameAs":["https:\/\/www.facebook.com\/LustandLoveEU\/","https:\/\/www.instagram.com\/lustandloveeu\/"]}]}},"_links":{"self":[{"href":"https:\/\/lustandlove.eu\/et\/wp-json\/wp\/v2\/product\/44092","targetHints":{"allow":["GET"]}}],"collection":[{"href":"https:\/\/lustandlove.eu\/et\/wp-json\/wp\/v2\/product"}],"about":[{"href":"https:\/\/lustandlove.eu\/et\/wp-json\/wp\/v2\/types\/product"}],"wp:featuredmedia":[{"embeddable":true,"href":"https:\/\/lustandlove.eu\/et\/wp-json\/wp\/v2\/media\/44093"}],"wp:attachment":[{"href":"https:\/\/lustandlove.eu\/et\/wp-json\/wp\/v2\/media?parent=44092"}],"wp:term":[{"taxonomy":"product_brand","embeddable":true,"href":"https:\/\/lustandlove.eu\/et\/wp-json\/wp\/v2\/product_brand?post=44092"},{"taxonomy":"product_cat","embeddable":true,"href":"https:\/\/lustandlove.eu\/et\/wp-json\/wp\/v2\/product_cat?post=44092"},{"taxonomy":"product_tag","embeddable":true,"href":"https:\/\/lustandlove.eu\/et\/wp-json\/wp\/v2\/product_tag?post=44092"}],"curies":[{"name":"wp","href":"https:\/\/api.w.org\/{rel}","templated":true}]}}