{"id":44098,"date":"2021-05-28T08:01:13","date_gmt":"2021-05-28T05:01:13","guid":{"rendered":"https:\/\/www.lustandlove.eu\/product\/sutil-pure\/"},"modified":"2026-04-13T10:43:38","modified_gmt":"2026-04-13T07:43:38","slug":"sutil-pure","status":"publish","type":"product","link":"https:\/\/lustandlove.eu\/et\/toode\/sutil-pure\/","title":{"rendered":"Hathor Pure Naturaalne Libesti"},"content":{"rendered":"<p>Hathor Pure on Kanada perefirmast p\u00e4rit vee baasil tihke koostisega naturaalne libesti, mis on puhaste koostisainetega. Hathor Pure oli Sutili k\u00f5ige esimene libesti ja sellel on olnud ustav f\u00e4nniring juba \u00fcle 20 aasta. See pole \u00fcllatav \u2013 see lihtne taimne koostis, mis sisaldab vaid seitset koostisosa, sobib ideaalselt tundlikule nahale ja muudab iga intiimse hetke libedaks ja sujuvaks.<\/p>\n<p>Hathor Pure libestile pole lisatud suhkruid ega parabeene, toode on 100% \u00f6ko ja isegi pakend laguneb loodust s\u00e4\u00e4stval meetodil p\u00e4rast aegumist. Naturaalne libesti ei \u00e4rrita ega kleepu, ja seda on vajadusel lihtne maha pesta riietelt ja pesult.<\/p>\n<p>Hathor Pure kekmiselt tihket tekstuuri saab kirjeldada vaid \u00fche s\u00f5naga: Mitmek\u00fclgsus. Toode on oma pehme tekstuuri t\u00f5ttu ideaalne oraali, vahekorra ja seksim\u00e4nguasjade kasutamise jaoks. Lisaks rahustavad ja niisutavad Hathor Pure taimsed koostisosad nahka, mist\u00f5ttu sobib see suurep\u00e4raselt igasugusteks naudinguteks.<\/p>\n<p>Sutil valib iga koostisosa l\u00e4bim\u00f5eldult. Igal koostisainel on oma eesm\u00e4rk:<\/p>\n<ul>\n<li>Looduslikuks libisemiseks ja sujuvuseks: deioniseeritud vesi, akaatsia kumm, taimne prop\u00fcleengl\u00fckool.<\/li>\n<li>Ergutamiseks ja eluj\u00f5u suurendamiseks: horny goat weed*, siberi \u017een\u0161en, jujuba viljad.<\/li>\n<li>Puhtuse ja v\u00e4rskuse tagamiseks: askorbiinhape (C-vitamiin).<\/li>\n<\/ul>\n<p>*Horny Goat Weed: See rahustav hiina ravimtaim toetab loomulikku mikrofloora ja aitab leevendada tupe atroofiat. Sutil libestites on see osa naudingut soodustavast toonikust: kolme taimse koostisosa segust, millel arvatakse olevat antioks\u00fcdantseid, p\u00f5letikuvastaseid, viirusevastaseid, antibakteriaalseid ja seenevastaseid omadusi. Koos tugevdavad need koostisosad \u00fcksteise kasulikke omadusi, luues ideaalse kombinatsiooni naudinguks. See vahva taim sai oma unikaalse nime talunikult, kes m\u00e4rkas oma kitsede hulgas k\u00f5rgenenud seksuaalselt aktiivsust peale taime s\u00f6\u00f6mist.<\/p>\n<p>Lisaks Hathor Pure libestile on saadaval veel <a href=\"https:\/\/lustandlove.eu\/et\/toode\/44570\/\">Sutil Luxe<\/a> ja <a href=\"https:\/\/lustandlove.eu\/et\/toode\/sutil-rich\/\">Sutil Rich<\/a> vee baasil libestid. K\u00f5ik libestid on naturaalsed ja puhtad, kuid erinevad veidi koostisosade ja eesm\u00e4rgi poolest. Sutil Luxe on k\u00f5ige kergema koostisega, Hathor Pure on keskmise koostisega ja Rich on neist k\u00f5ige tihkem, olles eriti kasulik anaalseksi ja lisaniisutuse jaoks. K\u00f5ik Sutil libestid on ohutud kasutamiseks koos m\u00e4nguasjadega, oraalselt ja anaalseksi jaoks.<\/p>\n<h3>Kuidas libestit kasutada:<\/h3>\n<p>Alusta 10-sendise m\u00fcndi suuruse koguse libestiga ja kanna see s\u00f5rmedega \u00f5rnalt peale kehaosadele ja\/v\u00f5i m\u00e4nguasjadele, millega m\u00e4ngid. Kui libesti on k\u00fclm, h\u00f5\u00f5ru s\u00f5rmi, et seda enne pealekandmist soojendada. Kui libesti nahal kuivab, v\u00f5id lisada v\u00e4ikese koguse vett, et seda taas niisutada! Sutil tooted imenduvad nahka suurep\u00e4raselt, kuid alati v\u00f5ib neid puhastada l\u00f5hnatu seebi ja veega.<\/p>\n<h3><strong>Koostis:<\/strong><\/h3>\n<p>Vesi, sertifitseeritud biop\u00f5hine taimne prop\u00fcleengl\u00fckool, Lactobacillus-ferment, Epimedium sagittatum (Horny Goat Weed), Acanthopanax senticosus (Siberi \u017een\u0161en), Ziziphus jujube puuviljaekstrakt, h\u00fcdroks\u00fcet\u00fc\u00fcltselluloos (taimset p\u00e4ritolu)<\/p>\n","protected":false},"excerpt":{"rendered":"<p>Veebaasil libesti tundlikule nahale.<\/p>\n","protected":false},"featured_media":95631,"template":"","meta":[],"product_brand":[4241],"product_cat":[1467,1460,3976],"product_tag":[4128,3754,1542],"class_list":{"0":"post-44098","1":"product","2":"type-product","3":"status-publish","4":"has-post-thumbnail","6":"product_brand-sutil-et","7":"product_cat-libestid","8":"product_cat-apteek","9":"product_cat-vee-baasil","10":"product_tag-lubricant-et","11":"product_tag-menopaus","12":"product_tag-vegan-et","13":"pa_brand-sutil-et","15":"first","16":"instock","17":"taxable","18":"shipping-taxable","19":"purchasable","20":"product-type-variable"},"yoast_head":"<!-- This site is optimized with the Yoast SEO plugin v27.3 - https:\/\/yoast.com\/product\/yoast-seo-wordpress\/ -->\n<title>Hathor Pure Naturaalne Libesti | Lust and Love<\/title>\n<meta name=\"description\" content=\"See vaid seitsmest taimsest koostisosast koosnev naturaalne libesti sobib ideaalselt tundlikele inimestele ning muudab kogemuse sujuvaks ja nauditavaks.\" \/>\n<meta name=\"robots\" content=\"index,follow,max-snippet:-1,max-image-preview:large,max-video-preview:-1\" \/>\n<link rel=\"canonical\" href=\"https:\/\/lustandlove.eu\/et\/toode\/sutil-pure\/\" \/>\n<meta name=\"twitter:card\" content=\"summary_large_image\" \/>\n<meta name=\"twitter:title\" content=\"Hathor Pure Naturaalne Libesti | Lust and Love\" \/>\n<meta name=\"twitter:description\" content=\"See vaid seitsmest taimsest koostisosast koosnev naturaalne libesti sobib ideaalselt tundlikele inimestele ning muudab kogemuse sujuvaks ja nauditavaks.\" \/>\n<meta name=\"twitter:image\" content=\"https:\/\/lustandlove.eu\/wp-content\/uploads\/Sutil-PDP-HathorPure-AllSizes.jpg.jpeg\" \/>\n<meta name=\"twitter:label1\" content=\"Est. reading time\" \/>\n\t<meta name=\"twitter:data1\" content=\"3 minutit\" \/>\n<script type=\"application\/ld+json\" class=\"yoast-schema-graph\">{\"@context\":\"https:\\\/\\\/schema.org\",\"@graph\":[{\"@type\":[\"WebPage\",\"ItemPage\"],\"@id\":\"https:\\\/\\\/lustandlove.eu\\\/et\\\/toode\\\/sutil-pure\\\/\",\"url\":\"https:\\\/\\\/lustandlove.eu\\\/et\\\/toode\\\/sutil-pure\\\/\",\"name\":\"Hathor Pure Naturaalne Libesti | Lust and Love\",\"isPartOf\":{\"@id\":\"https:\\\/\\\/lustandlove.eu\\\/et\\\/#website\"},\"primaryImageOfPage\":{\"@id\":\"https:\\\/\\\/lustandlove.eu\\\/et\\\/toode\\\/sutil-pure\\\/#primaryimage\"},\"image\":{\"@id\":\"https:\\\/\\\/lustandlove.eu\\\/et\\\/toode\\\/sutil-pure\\\/#primaryimage\"},\"thumbnailUrl\":\"https:\\\/\\\/lustandlove.eu\\\/wp-content\\\/uploads\\\/Sutil-PDP-HathorPure-AllSizes.jpg.jpeg\",\"datePublished\":\"2021-05-28T05:01:13+00:00\",\"dateModified\":\"2026-04-13T07:43:38+00:00\",\"description\":\"See vaid seitsmest taimsest koostisosast koosnev naturaalne libesti sobib ideaalselt tundlikele inimestele ning muudab kogemuse sujuvaks ja nauditavaks.\",\"breadcrumb\":{\"@id\":\"https:\\\/\\\/lustandlove.eu\\\/et\\\/toode\\\/sutil-pure\\\/#breadcrumb\"},\"inLanguage\":\"et\",\"potentialAction\":[{\"@type\":\"ReadAction\",\"target\":[\"https:\\\/\\\/lustandlove.eu\\\/et\\\/toode\\\/sutil-pure\\\/\"]}]},{\"@type\":\"ImageObject\",\"inLanguage\":\"et\",\"@id\":\"https:\\\/\\\/lustandlove.eu\\\/et\\\/toode\\\/sutil-pure\\\/#primaryimage\",\"url\":\"https:\\\/\\\/lustandlove.eu\\\/wp-content\\\/uploads\\\/Sutil-PDP-HathorPure-AllSizes.jpg.jpeg\",\"contentUrl\":\"https:\\\/\\\/lustandlove.eu\\\/wp-content\\\/uploads\\\/Sutil-PDP-HathorPure-AllSizes.jpg.jpeg\",\"width\":1000,\"height\":1000,\"caption\":\"natural lubricant\"},{\"@type\":\"BreadcrumbList\",\"@id\":\"https:\\\/\\\/lustandlove.eu\\\/et\\\/toode\\\/sutil-pure\\\/#breadcrumb\",\"itemListElement\":[{\"@type\":\"ListItem\",\"position\":1,\"name\":\"Lust and Love\",\"item\":\"https:\\\/\\\/lustandlove.eu\\\/et\\\/\"},{\"@type\":\"ListItem\",\"position\":2,\"name\":\"Pood\",\"item\":\"https:\\\/\\\/lustandlove.eu\\\/et\\\/pood\\\/\"},{\"@type\":\"ListItem\",\"position\":3,\"name\":\"Libestid ja kehahooldus\",\"item\":\"https:\\\/\\\/lustandlove.eu\\\/et\\\/pood\\\/apteek\\\/\"},{\"@type\":\"ListItem\",\"position\":4,\"name\":\"Libestid\",\"item\":\"https:\\\/\\\/lustandlove.eu\\\/et\\\/pood\\\/apteek\\\/libestid\\\/\"},{\"@type\":\"ListItem\",\"position\":5,\"name\":\"Vee baasil\",\"item\":\"https:\\\/\\\/lustandlove.eu\\\/et\\\/pood\\\/apteek\\\/libestid\\\/vee-baasil\\\/\"},{\"@type\":\"ListItem\",\"position\":6,\"name\":\"Hathor Pure Naturaalne Libesti\"}]},{\"@type\":\"WebSite\",\"@id\":\"https:\\\/\\\/lustandlove.eu\\\/et\\\/#website\",\"url\":\"https:\\\/\\\/lustandlove.eu\\\/et\\\/\",\"name\":\"Lust &amp; Love\",\"description\":\"Online erootikapood tervise, ilu ja armastuse jaoks\",\"publisher\":{\"@id\":\"https:\\\/\\\/lustandlove.eu\\\/et\\\/#organization\"},\"potentialAction\":[{\"@type\":\"SearchAction\",\"target\":{\"@type\":\"EntryPoint\",\"urlTemplate\":\"https:\\\/\\\/lustandlove.eu\\\/et\\\/?s={search_term_string}\"},\"query-input\":{\"@type\":\"PropertyValueSpecification\",\"valueRequired\":true,\"valueName\":\"search_term_string\"}}],\"inLanguage\":\"et\"},{\"@type\":\"Organization\",\"@id\":\"https:\\\/\\\/lustandlove.eu\\\/et\\\/#organization\",\"name\":\"Bioconcept Baltics O\u00dc\",\"url\":\"https:\\\/\\\/lustandlove.eu\\\/et\\\/\",\"logo\":{\"@type\":\"ImageObject\",\"inLanguage\":\"et\",\"@id\":\"https:\\\/\\\/lustandlove.eu\\\/et\\\/#\\\/schema\\\/logo\\\/image\\\/\",\"url\":\"\",\"contentUrl\":\"\",\"caption\":\"Bioconcept Baltics O\u00dc\"},\"image\":{\"@id\":\"https:\\\/\\\/lustandlove.eu\\\/et\\\/#\\\/schema\\\/logo\\\/image\\\/\"},\"sameAs\":[\"https:\\\/\\\/www.facebook.com\\\/LustandLoveEU\\\/\",\"https:\\\/\\\/www.instagram.com\\\/lustandloveeu\\\/\"]}]}<\/script>\n<!-- \/ Yoast SEO plugin. -->","yoast_head_json":{"title":"Hathor Pure Naturaalne Libesti | Lust and Love","description":"See vaid seitsmest taimsest koostisosast koosnev naturaalne libesti sobib ideaalselt tundlikele inimestele ning muudab kogemuse sujuvaks ja nauditavaks.","robots":{"index,follow,max-snippet":"index,follow,max-snippet:-1,max-image-preview:large,max-video-preview:-1"},"canonical":"https:\/\/lustandlove.eu\/et\/toode\/sutil-pure\/","twitter_card":"summary_large_image","twitter_title":"Hathor Pure Naturaalne Libesti | Lust and Love","twitter_description":"See vaid seitsmest taimsest koostisosast koosnev naturaalne libesti sobib ideaalselt tundlikele inimestele ning muudab kogemuse sujuvaks ja nauditavaks.","twitter_image":"https:\/\/lustandlove.eu\/wp-content\/uploads\/Sutil-PDP-HathorPure-AllSizes.jpg.jpeg","twitter_misc":{"Est. reading time":"3 minutit"},"schema":{"@context":"https:\/\/schema.org","@graph":[{"@type":["WebPage","ItemPage"],"@id":"https:\/\/lustandlove.eu\/et\/toode\/sutil-pure\/","url":"https:\/\/lustandlove.eu\/et\/toode\/sutil-pure\/","name":"Hathor Pure Naturaalne Libesti | Lust and Love","isPartOf":{"@id":"https:\/\/lustandlove.eu\/et\/#website"},"primaryImageOfPage":{"@id":"https:\/\/lustandlove.eu\/et\/toode\/sutil-pure\/#primaryimage"},"image":{"@id":"https:\/\/lustandlove.eu\/et\/toode\/sutil-pure\/#primaryimage"},"thumbnailUrl":"https:\/\/lustandlove.eu\/wp-content\/uploads\/Sutil-PDP-HathorPure-AllSizes.jpg.jpeg","datePublished":"2021-05-28T05:01:13+00:00","dateModified":"2026-04-13T07:43:38+00:00","description":"See vaid seitsmest taimsest koostisosast koosnev naturaalne libesti sobib ideaalselt tundlikele inimestele ning muudab kogemuse sujuvaks ja nauditavaks.","breadcrumb":{"@id":"https:\/\/lustandlove.eu\/et\/toode\/sutil-pure\/#breadcrumb"},"inLanguage":"et","potentialAction":[{"@type":"ReadAction","target":["https:\/\/lustandlove.eu\/et\/toode\/sutil-pure\/"]}]},{"@type":"ImageObject","inLanguage":"et","@id":"https:\/\/lustandlove.eu\/et\/toode\/sutil-pure\/#primaryimage","url":"https:\/\/lustandlove.eu\/wp-content\/uploads\/Sutil-PDP-HathorPure-AllSizes.jpg.jpeg","contentUrl":"https:\/\/lustandlove.eu\/wp-content\/uploads\/Sutil-PDP-HathorPure-AllSizes.jpg.jpeg","width":1000,"height":1000,"caption":"natural lubricant"},{"@type":"BreadcrumbList","@id":"https:\/\/lustandlove.eu\/et\/toode\/sutil-pure\/#breadcrumb","itemListElement":[{"@type":"ListItem","position":1,"name":"Lust and Love","item":"https:\/\/lustandlove.eu\/et\/"},{"@type":"ListItem","position":2,"name":"Pood","item":"https:\/\/lustandlove.eu\/et\/pood\/"},{"@type":"ListItem","position":3,"name":"Libestid ja kehahooldus","item":"https:\/\/lustandlove.eu\/et\/pood\/apteek\/"},{"@type":"ListItem","position":4,"name":"Libestid","item":"https:\/\/lustandlove.eu\/et\/pood\/apteek\/libestid\/"},{"@type":"ListItem","position":5,"name":"Vee baasil","item":"https:\/\/lustandlove.eu\/et\/pood\/apteek\/libestid\/vee-baasil\/"},{"@type":"ListItem","position":6,"name":"Hathor Pure Naturaalne Libesti"}]},{"@type":"WebSite","@id":"https:\/\/lustandlove.eu\/et\/#website","url":"https:\/\/lustandlove.eu\/et\/","name":"Lust &amp; Love","description":"Online erootikapood tervise, ilu ja armastuse jaoks","publisher":{"@id":"https:\/\/lustandlove.eu\/et\/#organization"},"potentialAction":[{"@type":"SearchAction","target":{"@type":"EntryPoint","urlTemplate":"https:\/\/lustandlove.eu\/et\/?s={search_term_string}"},"query-input":{"@type":"PropertyValueSpecification","valueRequired":true,"valueName":"search_term_string"}}],"inLanguage":"et"},{"@type":"Organization","@id":"https:\/\/lustandlove.eu\/et\/#organization","name":"Bioconcept Baltics O\u00dc","url":"https:\/\/lustandlove.eu\/et\/","logo":{"@type":"ImageObject","inLanguage":"et","@id":"https:\/\/lustandlove.eu\/et\/#\/schema\/logo\/image\/","url":"","contentUrl":"","caption":"Bioconcept Baltics O\u00dc"},"image":{"@id":"https:\/\/lustandlove.eu\/et\/#\/schema\/logo\/image\/"},"sameAs":["https:\/\/www.facebook.com\/LustandLoveEU\/","https:\/\/www.instagram.com\/lustandloveeu\/"]}]}},"_links":{"self":[{"href":"https:\/\/lustandlove.eu\/et\/wp-json\/wp\/v2\/product\/44098","targetHints":{"allow":["GET"]}}],"collection":[{"href":"https:\/\/lustandlove.eu\/et\/wp-json\/wp\/v2\/product"}],"about":[{"href":"https:\/\/lustandlove.eu\/et\/wp-json\/wp\/v2\/types\/product"}],"wp:featuredmedia":[{"embeddable":true,"href":"https:\/\/lustandlove.eu\/et\/wp-json\/wp\/v2\/media\/95631"}],"wp:attachment":[{"href":"https:\/\/lustandlove.eu\/et\/wp-json\/wp\/v2\/media?parent=44098"}],"wp:term":[{"taxonomy":"product_brand","embeddable":true,"href":"https:\/\/lustandlove.eu\/et\/wp-json\/wp\/v2\/product_brand?post=44098"},{"taxonomy":"product_cat","embeddable":true,"href":"https:\/\/lustandlove.eu\/et\/wp-json\/wp\/v2\/product_cat?post=44098"},{"taxonomy":"product_tag","embeddable":true,"href":"https:\/\/lustandlove.eu\/et\/wp-json\/wp\/v2\/product_tag?post=44098"}],"curies":[{"name":"wp","href":"https:\/\/api.w.org\/{rel}","templated":true}]}}