{"id":44108,"date":"2021-05-28T07:57:16","date_gmt":"2021-05-28T04:57:16","guid":{"rendered":"https:\/\/www.lustandlove.eu\/product\/hot-red-kondoom\/"},"modified":"2025-11-24T09:37:39","modified_gmt":"2025-11-24T07:37:39","slug":"hot-red-kondoom","status":"publish","type":"product","link":"https:\/\/lustandlove.eu\/et\/toode\/hot-red-kondoom\/","title":{"rendered":"Hot Red Kondoom"},"content":{"rendered":"<div class=\"wpb-content-wrapper\"><p>[vc_row][vc_column][vc_column_text woodmart_inline=&#8221;no&#8221; text_larger=&#8221;no&#8221;]Kas oled v\u00e4sinud igavatest kondoomidest, mis tekitavad ebamugavustunde? Egzo uudne Hot Red kondoom on hea viis selle probleemi lahendamiseks. Loodud tagama maksimaalset naudingut m\u00f5lemale poolele.<\/p>\n<p>Naiste puhul annavad Egzo kondoomid lisastimulatsiooni ning tekitab j\u00e4medama peenise tunde. Meeste puhul tundub seks tihkem ja intensiivsem.<\/p>\n<p>Egzo Hot Red latekskondoom klassikalise kujuga on kaetud pehmete vurrukeste ja\/v\u00f5i mummukestega, mis aitavad sul tunda igat soojalainet ja v\u00e4rinat, mille su partner sinu poole saadab. See kondoom \u00fcletab iga armatseja ootused, kes soovivad naudinguid kogeda.<\/p>\n<p>Sobib kasutamiseks vee-baasil ja \u00f5li-baasil libestitega ning seksleludega.[\/vc_column_text][vc_column_text woodmart_inline=&#8221;no&#8221; text_larger=&#8221;no&#8221;]<strong>P.S.<\/strong> Kondoomi ogade, vurrude v\u00f5i mummukeste v\u00e4rv v\u00f5ib erineda karbil n\u00e4idatust[\/vc_column_text][\/vc_column][\/vc_row]<\/p>\n<\/div>","protected":false},"excerpt":{"rendered":"<p>Kas oled v\u00e4sinud igavatest kondoomidest, mis tekitavad ebamugavustunde? Egzo uudne Hot Red kondoom on hea viis selle probleemi lahendamiseks. Loodud tagama maksimaalset naudingut m\u00f5lemale poolele.<\/p>\n","protected":false},"featured_media":51455,"template":"","meta":[],"product_cat":[1460,1462],"product_tag":[4095,1554,3781,1579],"yoast_head":"<!-- This site is optimized with the Yoast SEO plugin v22.9 - https:\/\/yoast.com\/wordpress\/plugins\/seo\/ -->\n<title>Hot Red Kondoom | Lust and Love<\/title>\n<meta name=\"description\" content=\"Kas oled v\u00e4sinud igavatest kondoomidest, mis tekitavad ebamugavustunde? Egzo uudne Hot Red kondoom on hea viis selle probleemi lahendamiseks. Loodud tagama maksimaalset naudingut m\u00f5lemale poolele.\" \/>\n<meta name=\"robots\" content=\"index,follow,max-snippet:-1,max-image-preview:large,max-video-preview:-1\" \/>\n<link rel=\"canonical\" href=\"https:\/\/lustandlove.eu\/et\/toode\/hot-red-kondoom\/\" \/>\n<meta name=\"twitter:card\" content=\"summary_large_image\" \/>\n<meta name=\"twitter:title\" content=\"Hot Red Kondoom | Lust and Love\" \/>\n<meta name=\"twitter:description\" content=\"Kas oled v\u00e4sinud igavatest kondoomidest, mis tekitavad ebamugavustunde? Egzo uudne Hot Red kondoom on hea viis selle probleemi lahendamiseks. Loodud tagama maksimaalset naudingut m\u00f5lemale poolele.\" \/>\n<meta name=\"twitter:image\" content=\"https:\/\/lustandlove.eu\/wp-content\/uploads\/EG-CNDRP-1.png\" \/>\n<meta name=\"twitter:label1\" content=\"Est. reading time\" \/>\n\t<meta name=\"twitter:data1\" content=\"1 minut\" \/>\n<script type=\"application\/ld+json\" class=\"yoast-schema-graph\">{\"@context\":\"https:\/\/schema.org\",\"@graph\":[{\"@type\":[\"WebPage\",\"ItemPage\"],\"@id\":\"https:\/\/lustandlove.eu\/et\/toode\/hot-red-kondoom\/\",\"url\":\"https:\/\/lustandlove.eu\/et\/toode\/hot-red-kondoom\/\",\"name\":\"Hot Red Kondoom | Lust and Love\",\"isPartOf\":{\"@id\":\"https:\/\/lustandlove.eu\/et\/#website\"},\"primaryImageOfPage\":{\"@id\":\"https:\/\/lustandlove.eu\/et\/toode\/hot-red-kondoom\/#primaryimage\"},\"image\":{\"@id\":\"https:\/\/lustandlove.eu\/et\/toode\/hot-red-kondoom\/#primaryimage\"},\"thumbnailUrl\":\"https:\/\/lustandlove.eu\/wp-content\/uploads\/EG-CNDRP-1.png\",\"datePublished\":\"2021-05-28T04:57:16+00:00\",\"dateModified\":\"2025-11-24T07:37:39+00:00\",\"description\":\"Kas oled v\u00e4sinud igavatest kondoomidest, mis tekitavad ebamugavustunde? Egzo uudne Hot Red kondoom on hea viis selle probleemi lahendamiseks. Loodud tagama maksimaalset naudingut m\u00f5lemale poolele.\",\"breadcrumb\":{\"@id\":\"https:\/\/lustandlove.eu\/et\/toode\/hot-red-kondoom\/#breadcrumb\"},\"inLanguage\":\"et\",\"potentialAction\":[{\"@type\":\"ReadAction\",\"target\":[\"https:\/\/lustandlove.eu\/et\/toode\/hot-red-kondoom\/\"]}]},{\"@type\":\"ImageObject\",\"inLanguage\":\"et\",\"@id\":\"https:\/\/lustandlove.eu\/et\/toode\/hot-red-kondoom\/#primaryimage\",\"url\":\"https:\/\/lustandlove.eu\/wp-content\/uploads\/EG-CNDRP-1.png\",\"contentUrl\":\"https:\/\/lustandlove.eu\/wp-content\/uploads\/EG-CNDRP-1.png\",\"width\":750,\"height\":750},{\"@type\":\"BreadcrumbList\",\"@id\":\"https:\/\/lustandlove.eu\/et\/toode\/hot-red-kondoom\/#breadcrumb\",\"itemListElement\":[{\"@type\":\"ListItem\",\"position\":1,\"name\":\"Lust and Love\",\"item\":\"https:\/\/lustandlove.eu\/et\/\"},{\"@type\":\"ListItem\",\"position\":2,\"name\":\"Pood\",\"item\":\"https:\/\/lustandlove.eu\/et\/pood\/\"},{\"@type\":\"ListItem\",\"position\":3,\"name\":\"Libestid ja kehahooldus\",\"item\":\"https:\/\/lustandlove.eu\/et\/pood\/apteek\/\"},{\"@type\":\"ListItem\",\"position\":4,\"name\":\"Kondoomid\",\"item\":\"https:\/\/lustandlove.eu\/et\/pood\/apteek\/kondoomid\/\"},{\"@type\":\"ListItem\",\"position\":5,\"name\":\"Hot Red Kondoom\"}]},{\"@type\":\"WebSite\",\"@id\":\"https:\/\/lustandlove.eu\/et\/#website\",\"url\":\"https:\/\/lustandlove.eu\/et\/\",\"name\":\"Lust &amp; Love\",\"description\":\"Online erootikapood tervise, ilu ja armastuse jaoks\",\"publisher\":{\"@id\":\"https:\/\/lustandlove.eu\/et\/#organization\"},\"potentialAction\":[{\"@type\":\"SearchAction\",\"target\":{\"@type\":\"EntryPoint\",\"urlTemplate\":\"https:\/\/lustandlove.eu\/et\/?s={search_term_string}\"},\"query-input\":\"required name=search_term_string\"}],\"inLanguage\":\"et\"},{\"@type\":\"Organization\",\"@id\":\"https:\/\/lustandlove.eu\/et\/#organization\",\"name\":\"Bioconcept Baltics O\u00dc\",\"url\":\"https:\/\/lustandlove.eu\/et\/\",\"logo\":{\"@type\":\"ImageObject\",\"inLanguage\":\"et\",\"@id\":\"https:\/\/lustandlove.eu\/et\/#\/schema\/logo\/image\/\",\"url\":\"\",\"contentUrl\":\"\",\"caption\":\"Bioconcept Baltics O\u00dc\"},\"image\":{\"@id\":\"https:\/\/lustandlove.eu\/et\/#\/schema\/logo\/image\/\"},\"sameAs\":[\"https:\/\/www.facebook.com\/LustandLoveEU\/\",\"https:\/\/www.instagram.com\/lustandloveeu\/\"]}]}<\/script>\n<!-- \/ Yoast SEO plugin. -->","yoast_head_json":{"title":"Hot Red Kondoom | Lust and Love","description":"Kas oled v\u00e4sinud igavatest kondoomidest, mis tekitavad ebamugavustunde? Egzo uudne Hot Red kondoom on hea viis selle probleemi lahendamiseks. Loodud tagama maksimaalset naudingut m\u00f5lemale poolele.","robots":{"index,follow,max-snippet":"index,follow,max-snippet:-1,max-image-preview:large,max-video-preview:-1"},"canonical":"https:\/\/lustandlove.eu\/et\/toode\/hot-red-kondoom\/","twitter_card":"summary_large_image","twitter_title":"Hot Red Kondoom | Lust and Love","twitter_description":"Kas oled v\u00e4sinud igavatest kondoomidest, mis tekitavad ebamugavustunde? Egzo uudne Hot Red kondoom on hea viis selle probleemi lahendamiseks. Loodud tagama maksimaalset naudingut m\u00f5lemale poolele.","twitter_image":"https:\/\/lustandlove.eu\/wp-content\/uploads\/EG-CNDRP-1.png","twitter_misc":{"Est. reading time":"1 minut"},"schema":{"@context":"https:\/\/schema.org","@graph":[{"@type":["WebPage","ItemPage"],"@id":"https:\/\/lustandlove.eu\/et\/toode\/hot-red-kondoom\/","url":"https:\/\/lustandlove.eu\/et\/toode\/hot-red-kondoom\/","name":"Hot Red Kondoom | Lust and Love","isPartOf":{"@id":"https:\/\/lustandlove.eu\/et\/#website"},"primaryImageOfPage":{"@id":"https:\/\/lustandlove.eu\/et\/toode\/hot-red-kondoom\/#primaryimage"},"image":{"@id":"https:\/\/lustandlove.eu\/et\/toode\/hot-red-kondoom\/#primaryimage"},"thumbnailUrl":"https:\/\/lustandlove.eu\/wp-content\/uploads\/EG-CNDRP-1.png","datePublished":"2021-05-28T04:57:16+00:00","dateModified":"2025-11-24T07:37:39+00:00","description":"Kas oled v\u00e4sinud igavatest kondoomidest, mis tekitavad ebamugavustunde? Egzo uudne Hot Red kondoom on hea viis selle probleemi lahendamiseks. Loodud tagama maksimaalset naudingut m\u00f5lemale poolele.","breadcrumb":{"@id":"https:\/\/lustandlove.eu\/et\/toode\/hot-red-kondoom\/#breadcrumb"},"inLanguage":"et","potentialAction":[{"@type":"ReadAction","target":["https:\/\/lustandlove.eu\/et\/toode\/hot-red-kondoom\/"]}]},{"@type":"ImageObject","inLanguage":"et","@id":"https:\/\/lustandlove.eu\/et\/toode\/hot-red-kondoom\/#primaryimage","url":"https:\/\/lustandlove.eu\/wp-content\/uploads\/EG-CNDRP-1.png","contentUrl":"https:\/\/lustandlove.eu\/wp-content\/uploads\/EG-CNDRP-1.png","width":750,"height":750},{"@type":"BreadcrumbList","@id":"https:\/\/lustandlove.eu\/et\/toode\/hot-red-kondoom\/#breadcrumb","itemListElement":[{"@type":"ListItem","position":1,"name":"Lust and Love","item":"https:\/\/lustandlove.eu\/et\/"},{"@type":"ListItem","position":2,"name":"Pood","item":"https:\/\/lustandlove.eu\/et\/pood\/"},{"@type":"ListItem","position":3,"name":"Libestid ja kehahooldus","item":"https:\/\/lustandlove.eu\/et\/pood\/apteek\/"},{"@type":"ListItem","position":4,"name":"Kondoomid","item":"https:\/\/lustandlove.eu\/et\/pood\/apteek\/kondoomid\/"},{"@type":"ListItem","position":5,"name":"Hot Red Kondoom"}]},{"@type":"WebSite","@id":"https:\/\/lustandlove.eu\/et\/#website","url":"https:\/\/lustandlove.eu\/et\/","name":"Lust &amp; Love","description":"Online erootikapood tervise, ilu ja armastuse jaoks","publisher":{"@id":"https:\/\/lustandlove.eu\/et\/#organization"},"potentialAction":[{"@type":"SearchAction","target":{"@type":"EntryPoint","urlTemplate":"https:\/\/lustandlove.eu\/et\/?s={search_term_string}"},"query-input":"required name=search_term_string"}],"inLanguage":"et"},{"@type":"Organization","@id":"https:\/\/lustandlove.eu\/et\/#organization","name":"Bioconcept Baltics O\u00dc","url":"https:\/\/lustandlove.eu\/et\/","logo":{"@type":"ImageObject","inLanguage":"et","@id":"https:\/\/lustandlove.eu\/et\/#\/schema\/logo\/image\/","url":"","contentUrl":"","caption":"Bioconcept Baltics O\u00dc"},"image":{"@id":"https:\/\/lustandlove.eu\/et\/#\/schema\/logo\/image\/"},"sameAs":["https:\/\/www.facebook.com\/LustandLoveEU\/","https:\/\/www.instagram.com\/lustandloveeu\/"]}]}},"_links":{"self":[{"href":"https:\/\/lustandlove.eu\/et\/wp-json\/wp\/v2\/product\/44108"}],"collection":[{"href":"https:\/\/lustandlove.eu\/et\/wp-json\/wp\/v2\/product"}],"about":[{"href":"https:\/\/lustandlove.eu\/et\/wp-json\/wp\/v2\/types\/product"}],"wp:featuredmedia":[{"embeddable":true,"href":"https:\/\/lustandlove.eu\/et\/wp-json\/wp\/v2\/media\/51455"}],"wp:attachment":[{"href":"https:\/\/lustandlove.eu\/et\/wp-json\/wp\/v2\/media?parent=44108"}],"wp:term":[{"taxonomy":"product_cat","embeddable":true,"href":"https:\/\/lustandlove.eu\/et\/wp-json\/wp\/v2\/product_cat?post=44108"},{"taxonomy":"product_tag","embeddable":true,"href":"https:\/\/lustandlove.eu\/et\/wp-json\/wp\/v2\/product_tag?post=44108"}],"curies":[{"name":"wp","href":"https:\/\/api.w.org\/{rel}","templated":true}]}}