{"id":44154,"date":"2021-05-28T07:52:18","date_gmt":"2021-05-28T04:52:18","guid":{"rendered":"https:\/\/www.lustandlove.eu\/product\/paarikeste-eliksiir\/"},"modified":"2026-04-13T10:43:53","modified_gmt":"2026-04-13T07:43:53","slug":"paarikeste-eliksiir","status":"publish","type":"product","link":"https:\/\/lustandlove.eu\/et\/toode\/paarikeste-eliksiir\/","title":{"rendered":"Paarikeste Eliksiir"},"content":{"rendered":"<div class=\"wpb-content-wrapper\"><p>[vc_row][vc_column][vc_column_text woodmart_inline=&#8221;no&#8221; text_larger=&#8221;no&#8221;]YESforLOV peenetundeline sensatsioon soojast ja k\u00fclmast l\u00f5id meisterliku Paarikeste Eliksiiri, mis intensiivistab kliitorit erutust ning pikendab naudingut peenisele. Samas s\u00e4ilitades naha ja intiimpiirkonna loomuliku harmoonia.<\/p>\n<p>J\u00f5udlust ja naudingut suurendav ning v\u00f5imendav.<\/p>\n<p><strong>T\u00e4psemalt<\/strong><\/p>\n<p>YESforLOV Sensations &amp; Prowness Paarikeste Eliksiir on maitsev lisand armatsemisel. Tilguta hernetera suurune tilk peenisele. Masseeri \u00f5rnalt p\u00f6idla ja nimetiss\u00f5rmega umbes 30 sekundit, et eliksiir oleks t\u00e4ielikult imendunud, kuid j\u00e4tnud kerge kihi, et naudingut pikendada.<\/p>\n<p>Seej\u00e4rel h\u00f5\u00f5ru peenist vastu oma partneri kliitorit ja selle \u00fcmbrust. See loob v\u00e4ga sooja tunde, mis vaheldub edaspidi sooja ja k\u00fclmaga.<\/p>\n<p>Paarikeste Eliksiiri saavad kasutada ka samasoolised paarid, saavutamaks s\u00fcgavama ning intensiivsema armatsemise.[\/vc_column_text][\/vc_column][\/vc_row]<\/p>\n<\/div>","protected":false},"excerpt":{"rendered":"<p><strong>Erakordne tule ja j\u00e4\u00e4 kokkup\u00f5rge. Erutus oma crecendo\u2019s. See, mida sa kutsud orgasmiks, kutsun mina s\u00fcmfooniaks.<\/strong><\/p>\n<p>(J\u00f5udlus ja nauding nii sulle kui ka talle.)<\/p>\n","protected":false},"featured_media":44159,"template":"","meta":[],"product_brand":[4248],"product_cat":[1464,1460],"product_tag":[1549],"class_list":{"0":"post-44154","1":"product","2":"type-product","3":"status-publish","4":"has-post-thumbnail","6":"product_brand-yesforlov-et","7":"product_cat-erutavad-geelid","8":"product_cat-apteek","9":"product_tag-erutus","10":"pa_brand-yesforlov-et","12":"first","13":"instock","14":"taxable","15":"shipping-taxable","16":"purchasable","17":"product-type-simple"},"yoast_head":"<!-- This site is optimized with the Yoast SEO plugin v27.3 - https:\/\/yoast.com\/product\/yoast-seo-wordpress\/ -->\n<title>Paarikeste Eliksiir | Lust and Love<\/title>\n<meta name=\"robots\" content=\"index,follow,max-snippet:-1,max-image-preview:large,max-video-preview:-1\" \/>\n<link rel=\"canonical\" href=\"https:\/\/lustandlove.eu\/et\/toode\/paarikeste-eliksiir\/\" \/>\n<meta name=\"twitter:card\" content=\"summary_large_image\" \/>\n<meta name=\"twitter:title\" content=\"Paarikeste Eliksiir | Lust and Love\" \/>\n<meta name=\"twitter:description\" content=\"Erakordne tule ja j\u00e4\u00e4 kokkup\u00f5rge. Erutus oma crecendo\u2019s. See, mida sa kutsud orgasmiks, kutsun mina s\u00fcmfooniaks.  (J\u00f5udlus ja nauding nii sulle kui ka talle.)\" \/>\n<meta name=\"twitter:image\" content=\"https:\/\/lustandlove.eu\/wp-content\/uploads\/i-jdwxn4v-X2.jpg\" \/>\n<meta name=\"twitter:label1\" content=\"Est. reading time\" \/>\n\t<meta name=\"twitter:data1\" content=\"1 minut\" \/>\n<script type=\"application\/ld+json\" class=\"yoast-schema-graph\">{\"@context\":\"https:\\\/\\\/schema.org\",\"@graph\":[{\"@type\":[\"WebPage\",\"ItemPage\"],\"@id\":\"https:\\\/\\\/lustandlove.eu\\\/et\\\/toode\\\/paarikeste-eliksiir\\\/\",\"url\":\"https:\\\/\\\/lustandlove.eu\\\/et\\\/toode\\\/paarikeste-eliksiir\\\/\",\"name\":\"Paarikeste Eliksiir | Lust and Love\",\"isPartOf\":{\"@id\":\"https:\\\/\\\/lustandlove.eu\\\/et\\\/#website\"},\"primaryImageOfPage\":{\"@id\":\"https:\\\/\\\/lustandlove.eu\\\/et\\\/toode\\\/paarikeste-eliksiir\\\/#primaryimage\"},\"image\":{\"@id\":\"https:\\\/\\\/lustandlove.eu\\\/et\\\/toode\\\/paarikeste-eliksiir\\\/#primaryimage\"},\"thumbnailUrl\":\"https:\\\/\\\/lustandlove.eu\\\/wp-content\\\/uploads\\\/i-jdwxn4v-X2.jpg\",\"datePublished\":\"2021-05-28T04:52:18+00:00\",\"dateModified\":\"2026-04-13T07:43:53+00:00\",\"breadcrumb\":{\"@id\":\"https:\\\/\\\/lustandlove.eu\\\/et\\\/toode\\\/paarikeste-eliksiir\\\/#breadcrumb\"},\"inLanguage\":\"et\",\"potentialAction\":[{\"@type\":\"ReadAction\",\"target\":[\"https:\\\/\\\/lustandlove.eu\\\/et\\\/toode\\\/paarikeste-eliksiir\\\/\"]}]},{\"@type\":\"ImageObject\",\"inLanguage\":\"et\",\"@id\":\"https:\\\/\\\/lustandlove.eu\\\/et\\\/toode\\\/paarikeste-eliksiir\\\/#primaryimage\",\"url\":\"https:\\\/\\\/lustandlove.eu\\\/wp-content\\\/uploads\\\/i-jdwxn4v-X2.jpg\",\"contentUrl\":\"https:\\\/\\\/lustandlove.eu\\\/wp-content\\\/uploads\\\/i-jdwxn4v-X2.jpg\",\"width\":960,\"height\":960,\"caption\":\"YesForLov Couples Elixir 30ml\"},{\"@type\":\"BreadcrumbList\",\"@id\":\"https:\\\/\\\/lustandlove.eu\\\/et\\\/toode\\\/paarikeste-eliksiir\\\/#breadcrumb\",\"itemListElement\":[{\"@type\":\"ListItem\",\"position\":1,\"name\":\"Lust and Love\",\"item\":\"https:\\\/\\\/lustandlove.eu\\\/et\\\/\"},{\"@type\":\"ListItem\",\"position\":2,\"name\":\"Pood\",\"item\":\"https:\\\/\\\/lustandlove.eu\\\/et\\\/pood\\\/\"},{\"@type\":\"ListItem\",\"position\":3,\"name\":\"Libestid ja kehahooldus\",\"item\":\"https:\\\/\\\/lustandlove.eu\\\/et\\\/pood\\\/apteek\\\/\"},{\"@type\":\"ListItem\",\"position\":4,\"name\":\"Erutavad Geelid\",\"item\":\"https:\\\/\\\/lustandlove.eu\\\/et\\\/pood\\\/apteek\\\/erutavad-geelid\\\/\"},{\"@type\":\"ListItem\",\"position\":5,\"name\":\"Paarikeste Eliksiir\"}]},{\"@type\":\"WebSite\",\"@id\":\"https:\\\/\\\/lustandlove.eu\\\/et\\\/#website\",\"url\":\"https:\\\/\\\/lustandlove.eu\\\/et\\\/\",\"name\":\"Lust &amp; Love\",\"description\":\"Online erootikapood tervise, ilu ja armastuse jaoks\",\"publisher\":{\"@id\":\"https:\\\/\\\/lustandlove.eu\\\/et\\\/#organization\"},\"potentialAction\":[{\"@type\":\"SearchAction\",\"target\":{\"@type\":\"EntryPoint\",\"urlTemplate\":\"https:\\\/\\\/lustandlove.eu\\\/et\\\/?s={search_term_string}\"},\"query-input\":{\"@type\":\"PropertyValueSpecification\",\"valueRequired\":true,\"valueName\":\"search_term_string\"}}],\"inLanguage\":\"et\"},{\"@type\":\"Organization\",\"@id\":\"https:\\\/\\\/lustandlove.eu\\\/et\\\/#organization\",\"name\":\"Bioconcept Baltics O\u00dc\",\"url\":\"https:\\\/\\\/lustandlove.eu\\\/et\\\/\",\"logo\":{\"@type\":\"ImageObject\",\"inLanguage\":\"et\",\"@id\":\"https:\\\/\\\/lustandlove.eu\\\/et\\\/#\\\/schema\\\/logo\\\/image\\\/\",\"url\":\"\",\"contentUrl\":\"\",\"caption\":\"Bioconcept Baltics O\u00dc\"},\"image\":{\"@id\":\"https:\\\/\\\/lustandlove.eu\\\/et\\\/#\\\/schema\\\/logo\\\/image\\\/\"},\"sameAs\":[\"https:\\\/\\\/www.facebook.com\\\/LustandLoveEU\\\/\",\"https:\\\/\\\/www.instagram.com\\\/lustandloveeu\\\/\"]}]}<\/script>\n<!-- \/ Yoast SEO plugin. -->","yoast_head_json":{"title":"Paarikeste Eliksiir | Lust and Love","robots":{"index,follow,max-snippet":"index,follow,max-snippet:-1,max-image-preview:large,max-video-preview:-1"},"canonical":"https:\/\/lustandlove.eu\/et\/toode\/paarikeste-eliksiir\/","twitter_card":"summary_large_image","twitter_title":"Paarikeste Eliksiir | Lust and Love","twitter_description":"Erakordne tule ja j\u00e4\u00e4 kokkup\u00f5rge. Erutus oma crecendo\u2019s. See, mida sa kutsud orgasmiks, kutsun mina s\u00fcmfooniaks.  (J\u00f5udlus ja nauding nii sulle kui ka talle.)","twitter_image":"https:\/\/lustandlove.eu\/wp-content\/uploads\/i-jdwxn4v-X2.jpg","twitter_misc":{"Est. reading time":"1 minut"},"schema":{"@context":"https:\/\/schema.org","@graph":[{"@type":["WebPage","ItemPage"],"@id":"https:\/\/lustandlove.eu\/et\/toode\/paarikeste-eliksiir\/","url":"https:\/\/lustandlove.eu\/et\/toode\/paarikeste-eliksiir\/","name":"Paarikeste Eliksiir | Lust and Love","isPartOf":{"@id":"https:\/\/lustandlove.eu\/et\/#website"},"primaryImageOfPage":{"@id":"https:\/\/lustandlove.eu\/et\/toode\/paarikeste-eliksiir\/#primaryimage"},"image":{"@id":"https:\/\/lustandlove.eu\/et\/toode\/paarikeste-eliksiir\/#primaryimage"},"thumbnailUrl":"https:\/\/lustandlove.eu\/wp-content\/uploads\/i-jdwxn4v-X2.jpg","datePublished":"2021-05-28T04:52:18+00:00","dateModified":"2026-04-13T07:43:53+00:00","breadcrumb":{"@id":"https:\/\/lustandlove.eu\/et\/toode\/paarikeste-eliksiir\/#breadcrumb"},"inLanguage":"et","potentialAction":[{"@type":"ReadAction","target":["https:\/\/lustandlove.eu\/et\/toode\/paarikeste-eliksiir\/"]}]},{"@type":"ImageObject","inLanguage":"et","@id":"https:\/\/lustandlove.eu\/et\/toode\/paarikeste-eliksiir\/#primaryimage","url":"https:\/\/lustandlove.eu\/wp-content\/uploads\/i-jdwxn4v-X2.jpg","contentUrl":"https:\/\/lustandlove.eu\/wp-content\/uploads\/i-jdwxn4v-X2.jpg","width":960,"height":960,"caption":"YesForLov Couples Elixir 30ml"},{"@type":"BreadcrumbList","@id":"https:\/\/lustandlove.eu\/et\/toode\/paarikeste-eliksiir\/#breadcrumb","itemListElement":[{"@type":"ListItem","position":1,"name":"Lust and Love","item":"https:\/\/lustandlove.eu\/et\/"},{"@type":"ListItem","position":2,"name":"Pood","item":"https:\/\/lustandlove.eu\/et\/pood\/"},{"@type":"ListItem","position":3,"name":"Libestid ja kehahooldus","item":"https:\/\/lustandlove.eu\/et\/pood\/apteek\/"},{"@type":"ListItem","position":4,"name":"Erutavad Geelid","item":"https:\/\/lustandlove.eu\/et\/pood\/apteek\/erutavad-geelid\/"},{"@type":"ListItem","position":5,"name":"Paarikeste Eliksiir"}]},{"@type":"WebSite","@id":"https:\/\/lustandlove.eu\/et\/#website","url":"https:\/\/lustandlove.eu\/et\/","name":"Lust &amp; Love","description":"Online erootikapood tervise, ilu ja armastuse jaoks","publisher":{"@id":"https:\/\/lustandlove.eu\/et\/#organization"},"potentialAction":[{"@type":"SearchAction","target":{"@type":"EntryPoint","urlTemplate":"https:\/\/lustandlove.eu\/et\/?s={search_term_string}"},"query-input":{"@type":"PropertyValueSpecification","valueRequired":true,"valueName":"search_term_string"}}],"inLanguage":"et"},{"@type":"Organization","@id":"https:\/\/lustandlove.eu\/et\/#organization","name":"Bioconcept Baltics O\u00dc","url":"https:\/\/lustandlove.eu\/et\/","logo":{"@type":"ImageObject","inLanguage":"et","@id":"https:\/\/lustandlove.eu\/et\/#\/schema\/logo\/image\/","url":"","contentUrl":"","caption":"Bioconcept Baltics O\u00dc"},"image":{"@id":"https:\/\/lustandlove.eu\/et\/#\/schema\/logo\/image\/"},"sameAs":["https:\/\/www.facebook.com\/LustandLoveEU\/","https:\/\/www.instagram.com\/lustandloveeu\/"]}]}},"_links":{"self":[{"href":"https:\/\/lustandlove.eu\/et\/wp-json\/wp\/v2\/product\/44154","targetHints":{"allow":["GET"]}}],"collection":[{"href":"https:\/\/lustandlove.eu\/et\/wp-json\/wp\/v2\/product"}],"about":[{"href":"https:\/\/lustandlove.eu\/et\/wp-json\/wp\/v2\/types\/product"}],"wp:featuredmedia":[{"embeddable":true,"href":"https:\/\/lustandlove.eu\/et\/wp-json\/wp\/v2\/media\/44159"}],"wp:attachment":[{"href":"https:\/\/lustandlove.eu\/et\/wp-json\/wp\/v2\/media?parent=44154"}],"wp:term":[{"taxonomy":"product_brand","embeddable":true,"href":"https:\/\/lustandlove.eu\/et\/wp-json\/wp\/v2\/product_brand?post=44154"},{"taxonomy":"product_cat","embeddable":true,"href":"https:\/\/lustandlove.eu\/et\/wp-json\/wp\/v2\/product_cat?post=44154"},{"taxonomy":"product_tag","embeddable":true,"href":"https:\/\/lustandlove.eu\/et\/wp-json\/wp\/v2\/product_tag?post=44154"}],"curies":[{"name":"wp","href":"https:\/\/api.w.org\/{rel}","templated":true}]}}