{"id":44160,"date":"2021-05-28T07:52:18","date_gmt":"2021-05-28T04:52:18","guid":{"rendered":"https:\/\/www.lustandlove.eu\/product\/oraalseksi-lapikesed\/"},"modified":"2026-04-13T10:43:53","modified_gmt":"2026-04-13T07:43:53","slug":"oraalseksi-lapikesed","status":"publish","type":"product","link":"https:\/\/lustandlove.eu\/et\/toode\/oraalseksi-lapikesed\/","title":{"rendered":"Oraalseksi turvakile"},"content":{"rendered":"<div class=\"wpb-content-wrapper\"><p>[vc_row][vc_column][vc_column_text woodmart_inline=&#8221;no&#8221; text_larger=&#8221;no&#8221;]Glyde Sheer Oral Dams ehk Oraalseksi turvakile on siidiselt \u00f5huke ja kergelt maitsestatud oraalseksi leheke, mis on saadaval erinevate maitsetega. L\u00f5bus ja turvaline viis kaitsta end suuseksi korral. Turvakile kasutatakse suuseksi korral barj\u00e4\u00e4rina, mis aitab v\u00e4hendada kehavedelike segunemist ning\u00a0 kahjulike bakterite ja suguhaiguste \u00fclekandumist.<\/p>\n<ul>\n<li>Siidiselt \u00f5huke 25cm x 15cm lateks leht<\/li>\n<li>T\u00f5kestav toode turvalise suuseksi jaoks<\/li>\n<li>Turvalisuse ja h\u00fcgieeni jaoks suuseksi ajal<\/li>\n<li>Unikaalselt siidine, \u00f5rna maitsega turvakile<\/li>\n<li>Valikus 5 erinevat maitset<\/li>\n<li>Sobivad kasutamiseks nii vee- kui silikooni baasil libestitega, s.h maitsestatud libestid<\/li>\n<\/ul>\n<h2>Kuidas turvakilet kasutada?<\/h2>\n<ol>\n<li>Veenduge, et toote s\u00e4ilituskuup\u00e4ev pole juba m\u00f6\u00f6da l\u00e4inud.<\/li>\n<li>V\u00f5tke oraalseksi turvakile pakendist ettevaatlikult v\u00e4lja ja laotage see lahti.<\/li>\n<li>Asetage kile vulva v\u00f5i p\u00e4raku peale nii, et terve piirkond on kaetud. Kilet ei tohiks venitada, vaid \u00f5rnalt pingul hoida.<\/li>\n<li>Hoidke turvakilet suuseksi ajal paigal. V\u00f5ite kanda vee- v\u00f5i silikoonip\u00f5hist libestit kile ja naha vahele. See aitab hoida kilet paigal ja muudab suuseksi nauditavamaks.<\/li>\n<li>L\u00f5petage suuseksi andmine, kui turvakile rebeneb. Visake katkine kile pr\u00fcgikasti ja asendage see uuega.<\/li>\n<li>Visake turvakile p\u00e4rast kasutamist otse pr\u00fcgikasti. \u00c4rge kunagi kilet vetsust alla laske.<\/li>\n<\/ol>\n<p>Turvakile ei asenda klassikalist kondoomi ja ei toimi rasestumisvastase vahendina. Mitte sobilik \u00f5li baasil libestitega. Turvakiled ei ole korduvkasutatavad ja \u00fchte kilet tohib kasutada ainult \u00fchel inimesel. Korrektse kasutamise korral aitavad\u00a0lateksist lehed v\u00e4hendada suguhaiguste \u00fclekandumise riski, kuid ei v\u00e4lista seda t\u00e4ielikult.<br \/>\n[\/vc_column_text][\/vc_column][\/vc_row]<\/p>\n<\/div>","protected":false},"excerpt":{"rendered":"<p>Just nagu kondoomi kasutamine penetratiivse seksi ajal, on turvakile kasutamine oraalseksi korral hea viis ennast kaitsta haiguste, bakterite ja kehavedelike eest. T\u00e4nu nende lihtsale kasutamisele ja heale maitsele peaksid need intiimlehed olema iga oraalseksi f\u00e4nni t\u00f6\u00f6riistakastis.<\/p>\n","protected":false},"featured_media":44161,"template":"","meta":[],"product_brand":[4206],"product_cat":[1462,1460],"product_tag":[1568],"class_list":{"0":"post-44160","1":"product","2":"type-product","3":"status-publish","4":"has-post-thumbnail","6":"product_brand-glyde-et","7":"product_cat-kondoomid","8":"product_cat-apteek","9":"product_tag-intiim-lehed","10":"pa_brand-glyde-et","12":"first","13":"instock","14":"taxable","15":"shipping-taxable","16":"purchasable","17":"product-type-variable"},"yoast_head":"<!-- This site is optimized with the Yoast SEO plugin v27.3 - https:\/\/yoast.com\/product\/yoast-seo-wordpress\/ -->\n<title>Oraalseksi turvakile | Lust and Love<\/title>\n<meta name=\"description\" content=\"Glyde\u00a0Sheer Dams on \u00f5huke ja kergelt maitsestatud oraalseksi leheke, mis on saadaval erinevate maitsetega. Turvakile abil saad ennast kaitsta.\" \/>\n<meta name=\"robots\" content=\"index,follow,max-snippet:-1,max-image-preview:large,max-video-preview:-1\" \/>\n<link rel=\"canonical\" href=\"https:\/\/lustandlove.eu\/et\/toode\/oraalseksi-lapikesed\/\" \/>\n<meta name=\"twitter:card\" content=\"summary_large_image\" \/>\n<meta name=\"twitter:title\" content=\"Oraalseksi turvakile | Lust and Love\" \/>\n<meta name=\"twitter:description\" content=\"Glyde\u00a0Sheer Dams on \u00f5huke ja kergelt maitsestatud oraalseksi leheke, mis on saadaval erinevate maitsetega. Turvakile abil saad ennast kaitsta.\" \/>\n<meta name=\"twitter:image\" content=\"https:\/\/lustandlove.eu\/wp-content\/uploads\/Glyde_Sheer_Dams_1024x1024.jpg\" \/>\n<meta name=\"twitter:label1\" content=\"Est. reading time\" \/>\n\t<meta name=\"twitter:data1\" content=\"1 minut\" \/>\n<script type=\"application\/ld+json\" class=\"yoast-schema-graph\">{\"@context\":\"https:\\\/\\\/schema.org\",\"@graph\":[{\"@type\":[\"WebPage\",\"ItemPage\"],\"@id\":\"https:\\\/\\\/lustandlove.eu\\\/et\\\/toode\\\/oraalseksi-lapikesed\\\/\",\"url\":\"https:\\\/\\\/lustandlove.eu\\\/et\\\/toode\\\/oraalseksi-lapikesed\\\/\",\"name\":\"Oraalseksi turvakile | Lust and Love\",\"isPartOf\":{\"@id\":\"https:\\\/\\\/lustandlove.eu\\\/et\\\/#website\"},\"primaryImageOfPage\":{\"@id\":\"https:\\\/\\\/lustandlove.eu\\\/et\\\/toode\\\/oraalseksi-lapikesed\\\/#primaryimage\"},\"image\":{\"@id\":\"https:\\\/\\\/lustandlove.eu\\\/et\\\/toode\\\/oraalseksi-lapikesed\\\/#primaryimage\"},\"thumbnailUrl\":\"https:\\\/\\\/lustandlove.eu\\\/wp-content\\\/uploads\\\/Glyde_Sheer_Dams_1024x1024.jpg\",\"datePublished\":\"2021-05-28T04:52:18+00:00\",\"dateModified\":\"2026-04-13T07:43:53+00:00\",\"description\":\"Glyde\u00a0Sheer Dams on \u00f5huke ja kergelt maitsestatud oraalseksi leheke, mis on saadaval erinevate maitsetega. Turvakile abil saad ennast kaitsta.\",\"breadcrumb\":{\"@id\":\"https:\\\/\\\/lustandlove.eu\\\/et\\\/toode\\\/oraalseksi-lapikesed\\\/#breadcrumb\"},\"inLanguage\":\"et\",\"potentialAction\":[{\"@type\":\"ReadAction\",\"target\":[\"https:\\\/\\\/lustandlove.eu\\\/et\\\/toode\\\/oraalseksi-lapikesed\\\/\"]}]},{\"@type\":\"ImageObject\",\"inLanguage\":\"et\",\"@id\":\"https:\\\/\\\/lustandlove.eu\\\/et\\\/toode\\\/oraalseksi-lapikesed\\\/#primaryimage\",\"url\":\"https:\\\/\\\/lustandlove.eu\\\/wp-content\\\/uploads\\\/Glyde_Sheer_Dams_1024x1024.jpg\",\"contentUrl\":\"https:\\\/\\\/lustandlove.eu\\\/wp-content\\\/uploads\\\/Glyde_Sheer_Dams_1024x1024.jpg\",\"width\":500,\"height\":500},{\"@type\":\"BreadcrumbList\",\"@id\":\"https:\\\/\\\/lustandlove.eu\\\/et\\\/toode\\\/oraalseksi-lapikesed\\\/#breadcrumb\",\"itemListElement\":[{\"@type\":\"ListItem\",\"position\":1,\"name\":\"Lust and Love\",\"item\":\"https:\\\/\\\/lustandlove.eu\\\/et\\\/\"},{\"@type\":\"ListItem\",\"position\":2,\"name\":\"Pood\",\"item\":\"https:\\\/\\\/lustandlove.eu\\\/et\\\/pood\\\/\"},{\"@type\":\"ListItem\",\"position\":3,\"name\":\"Libestid ja kehahooldus\",\"item\":\"https:\\\/\\\/lustandlove.eu\\\/et\\\/pood\\\/apteek\\\/\"},{\"@type\":\"ListItem\",\"position\":4,\"name\":\"Kondoomid\",\"item\":\"https:\\\/\\\/lustandlove.eu\\\/et\\\/pood\\\/apteek\\\/kondoomid\\\/\"},{\"@type\":\"ListItem\",\"position\":5,\"name\":\"Oraalseksi turvakile\"}]},{\"@type\":\"WebSite\",\"@id\":\"https:\\\/\\\/lustandlove.eu\\\/et\\\/#website\",\"url\":\"https:\\\/\\\/lustandlove.eu\\\/et\\\/\",\"name\":\"Lust &amp; Love\",\"description\":\"Online erootikapood tervise, ilu ja armastuse jaoks\",\"publisher\":{\"@id\":\"https:\\\/\\\/lustandlove.eu\\\/et\\\/#organization\"},\"potentialAction\":[{\"@type\":\"SearchAction\",\"target\":{\"@type\":\"EntryPoint\",\"urlTemplate\":\"https:\\\/\\\/lustandlove.eu\\\/et\\\/?s={search_term_string}\"},\"query-input\":{\"@type\":\"PropertyValueSpecification\",\"valueRequired\":true,\"valueName\":\"search_term_string\"}}],\"inLanguage\":\"et\"},{\"@type\":\"Organization\",\"@id\":\"https:\\\/\\\/lustandlove.eu\\\/et\\\/#organization\",\"name\":\"Bioconcept Baltics O\u00dc\",\"url\":\"https:\\\/\\\/lustandlove.eu\\\/et\\\/\",\"logo\":{\"@type\":\"ImageObject\",\"inLanguage\":\"et\",\"@id\":\"https:\\\/\\\/lustandlove.eu\\\/et\\\/#\\\/schema\\\/logo\\\/image\\\/\",\"url\":\"\",\"contentUrl\":\"\",\"caption\":\"Bioconcept Baltics O\u00dc\"},\"image\":{\"@id\":\"https:\\\/\\\/lustandlove.eu\\\/et\\\/#\\\/schema\\\/logo\\\/image\\\/\"},\"sameAs\":[\"https:\\\/\\\/www.facebook.com\\\/LustandLoveEU\\\/\",\"https:\\\/\\\/www.instagram.com\\\/lustandloveeu\\\/\"]}]}<\/script>\n<!-- \/ Yoast SEO plugin. -->","yoast_head_json":{"title":"Oraalseksi turvakile | Lust and Love","description":"Glyde\u00a0Sheer Dams on \u00f5huke ja kergelt maitsestatud oraalseksi leheke, mis on saadaval erinevate maitsetega. Turvakile abil saad ennast kaitsta.","robots":{"index,follow,max-snippet":"index,follow,max-snippet:-1,max-image-preview:large,max-video-preview:-1"},"canonical":"https:\/\/lustandlove.eu\/et\/toode\/oraalseksi-lapikesed\/","twitter_card":"summary_large_image","twitter_title":"Oraalseksi turvakile | Lust and Love","twitter_description":"Glyde\u00a0Sheer Dams on \u00f5huke ja kergelt maitsestatud oraalseksi leheke, mis on saadaval erinevate maitsetega. Turvakile abil saad ennast kaitsta.","twitter_image":"https:\/\/lustandlove.eu\/wp-content\/uploads\/Glyde_Sheer_Dams_1024x1024.jpg","twitter_misc":{"Est. reading time":"1 minut"},"schema":{"@context":"https:\/\/schema.org","@graph":[{"@type":["WebPage","ItemPage"],"@id":"https:\/\/lustandlove.eu\/et\/toode\/oraalseksi-lapikesed\/","url":"https:\/\/lustandlove.eu\/et\/toode\/oraalseksi-lapikesed\/","name":"Oraalseksi turvakile | Lust and Love","isPartOf":{"@id":"https:\/\/lustandlove.eu\/et\/#website"},"primaryImageOfPage":{"@id":"https:\/\/lustandlove.eu\/et\/toode\/oraalseksi-lapikesed\/#primaryimage"},"image":{"@id":"https:\/\/lustandlove.eu\/et\/toode\/oraalseksi-lapikesed\/#primaryimage"},"thumbnailUrl":"https:\/\/lustandlove.eu\/wp-content\/uploads\/Glyde_Sheer_Dams_1024x1024.jpg","datePublished":"2021-05-28T04:52:18+00:00","dateModified":"2026-04-13T07:43:53+00:00","description":"Glyde\u00a0Sheer Dams on \u00f5huke ja kergelt maitsestatud oraalseksi leheke, mis on saadaval erinevate maitsetega. Turvakile abil saad ennast kaitsta.","breadcrumb":{"@id":"https:\/\/lustandlove.eu\/et\/toode\/oraalseksi-lapikesed\/#breadcrumb"},"inLanguage":"et","potentialAction":[{"@type":"ReadAction","target":["https:\/\/lustandlove.eu\/et\/toode\/oraalseksi-lapikesed\/"]}]},{"@type":"ImageObject","inLanguage":"et","@id":"https:\/\/lustandlove.eu\/et\/toode\/oraalseksi-lapikesed\/#primaryimage","url":"https:\/\/lustandlove.eu\/wp-content\/uploads\/Glyde_Sheer_Dams_1024x1024.jpg","contentUrl":"https:\/\/lustandlove.eu\/wp-content\/uploads\/Glyde_Sheer_Dams_1024x1024.jpg","width":500,"height":500},{"@type":"BreadcrumbList","@id":"https:\/\/lustandlove.eu\/et\/toode\/oraalseksi-lapikesed\/#breadcrumb","itemListElement":[{"@type":"ListItem","position":1,"name":"Lust and Love","item":"https:\/\/lustandlove.eu\/et\/"},{"@type":"ListItem","position":2,"name":"Pood","item":"https:\/\/lustandlove.eu\/et\/pood\/"},{"@type":"ListItem","position":3,"name":"Libestid ja kehahooldus","item":"https:\/\/lustandlove.eu\/et\/pood\/apteek\/"},{"@type":"ListItem","position":4,"name":"Kondoomid","item":"https:\/\/lustandlove.eu\/et\/pood\/apteek\/kondoomid\/"},{"@type":"ListItem","position":5,"name":"Oraalseksi turvakile"}]},{"@type":"WebSite","@id":"https:\/\/lustandlove.eu\/et\/#website","url":"https:\/\/lustandlove.eu\/et\/","name":"Lust &amp; Love","description":"Online erootikapood tervise, ilu ja armastuse jaoks","publisher":{"@id":"https:\/\/lustandlove.eu\/et\/#organization"},"potentialAction":[{"@type":"SearchAction","target":{"@type":"EntryPoint","urlTemplate":"https:\/\/lustandlove.eu\/et\/?s={search_term_string}"},"query-input":{"@type":"PropertyValueSpecification","valueRequired":true,"valueName":"search_term_string"}}],"inLanguage":"et"},{"@type":"Organization","@id":"https:\/\/lustandlove.eu\/et\/#organization","name":"Bioconcept Baltics O\u00dc","url":"https:\/\/lustandlove.eu\/et\/","logo":{"@type":"ImageObject","inLanguage":"et","@id":"https:\/\/lustandlove.eu\/et\/#\/schema\/logo\/image\/","url":"","contentUrl":"","caption":"Bioconcept Baltics O\u00dc"},"image":{"@id":"https:\/\/lustandlove.eu\/et\/#\/schema\/logo\/image\/"},"sameAs":["https:\/\/www.facebook.com\/LustandLoveEU\/","https:\/\/www.instagram.com\/lustandloveeu\/"]}]}},"_links":{"self":[{"href":"https:\/\/lustandlove.eu\/et\/wp-json\/wp\/v2\/product\/44160","targetHints":{"allow":["GET"]}}],"collection":[{"href":"https:\/\/lustandlove.eu\/et\/wp-json\/wp\/v2\/product"}],"about":[{"href":"https:\/\/lustandlove.eu\/et\/wp-json\/wp\/v2\/types\/product"}],"wp:featuredmedia":[{"embeddable":true,"href":"https:\/\/lustandlove.eu\/et\/wp-json\/wp\/v2\/media\/44161"}],"wp:attachment":[{"href":"https:\/\/lustandlove.eu\/et\/wp-json\/wp\/v2\/media?parent=44160"}],"wp:term":[{"taxonomy":"product_brand","embeddable":true,"href":"https:\/\/lustandlove.eu\/et\/wp-json\/wp\/v2\/product_brand?post=44160"},{"taxonomy":"product_cat","embeddable":true,"href":"https:\/\/lustandlove.eu\/et\/wp-json\/wp\/v2\/product_cat?post=44160"},{"taxonomy":"product_tag","embeddable":true,"href":"https:\/\/lustandlove.eu\/et\/wp-json\/wp\/v2\/product_tag?post=44160"}],"curies":[{"name":"wp","href":"https:\/\/api.w.org\/{rel}","templated":true}]}}