{"id":44570,"date":"2021-05-28T07:52:17","date_gmt":"2021-05-28T04:52:17","guid":{"rendered":"https:\/\/www.lustandlove.eu\/product\/44570\/"},"modified":"2026-04-13T10:43:54","modified_gmt":"2026-04-13T07:43:54","slug":"sutil-luxe-naturaalne-libesti","status":"publish","type":"product","link":"https:\/\/lustandlove.eu\/et\/toode\/sutil-luxe-naturaalne-libesti\/","title":{"rendered":"Sutil Luxe Naturaalne libesti"},"content":{"rendered":"<p>Sutil Luxe on Kanada perefirmast p\u00e4rit vee baasil kerge koostisega libesti, mis on puhaste koostisainetega. Sutil Luxe pH tase on 4.5, mis on vagiina naturaalse pH tasemega sama. T\u00e4nu sellele sobib toode h\u00e4sti kasutamiseks seksiks, treeninguulide kasutamiseks ning menopausi ja tupekuivuse korral.<\/p>\n<p>Sutil Luxe libestile pole lisatud suhkruid ega parabeene, toode on 100% \u00f6ko ja isegi pakend laguneb loodust s\u00e4\u00e4stval meetodil p\u00e4rast aegumist. Libesti ei \u00e4rrita ega kleepu, ja seda on vajadusel lihtne maha pesta riietelt ja pesult.<\/p>\n<p>Sutil Luxe\u2019i koostiosade hulka kuulub h\u00fcaluroonhape, mis annab sellele vee baasil libestile silikooni baasil libesti omadused \u2013 see on naha peal siidiselt pehme ning tagab libisemise pikaks ajaks. Libesti sobib kasutamiseks m\u00e4nguasjadega ja masturbeerimiseks, toodet ei pea p\u00e4rast kasutamist maha pesema vaid see imendub kenasti kehasse ja j\u00e4tab naha niisutatuna.<\/p>\n<p>Sutil valib iga koostisosa l\u00e4bim\u00f5eldult. Igal koostisainel on oma eesm\u00e4rk:<\/p>\n<ul>\n<li>Niisutamiseks ja libisemiseks: puhastatud vesi, taimne propaanidiol, taimne h\u00fcaluroonhape.<\/li>\n<li>Rahustamiseks ja mugavuse tagamiseks: lootosejuure ekstrakt, kaera beetagl\u00fckaan.<\/li>\n<li>Puhtuse ja v\u00e4rskuse tagamiseks: taimne gl\u00fckonolaktoon, toiduainetele sobiv naatriumbensoaat.<\/li>\n<\/ul>\n<p>Lisaks Sutil Luxe libestile on saadaval veel <a href=\"https:\/\/lustandlove.eu\/et\/toode\/sutil-rich\/\">Sutil Rich<\/a> ja <a href=\"https:\/\/lustandlove.eu\/et\/toode\/sutil-pure\/\">Hathor Pure<\/a> vee baasil libestid. K\u00f5ik libestid on naturaalsed ja puhtad, kuid erinevad veidi koostisosade ja eesm\u00e4rgi poolest. Sutil Luxe on k\u00f5ige kergema koostisega, Hathor Pure on keskmise koostisega ja Rich on neist k\u00f5ige tihkem, olles eriti kasulik anaalseksi ja lisaniisutuse jaoks. K\u00f5ik Sutil libestid on ohutud kasutamiseks koos m\u00e4nguasjadega, oraalselt ja anaalseksi jaoks. Tabelis m\u00e4rgitud erisused on toodud v\u00e4lja parima sobivuse leidmiseks.<\/p>\n<h3>Kuidas libestit kasutada:<\/h3>\n<p>Alusta 10-sendise m\u00fcndi suuruse koguse libestiga ja kanna see s\u00f5rmedega \u00f5rnalt peale kehaosadele ja\/v\u00f5i m\u00e4nguasjadele, millega m\u00e4ngid. Kui libesti on k\u00fclm, h\u00f5\u00f5ru s\u00f5rmi, et seda enne pealekandmist soojendada. Kui libesti nahal kuivab, v\u00f5id lisada v\u00e4ikese koguse vett, et seda taas niisutada! Sutil tooted imenduvad nahka suurep\u00e4raselt, kuid alati v\u00f5ib neid puhastada l\u00f5hnatu seebi ja veega.<\/p>\n<h3><strong>Koostis:<\/strong><\/h3>\n<p>Vesi, propaanidiol* (taimne allikas), h\u00fcaluroonhape (taimne allikas), Nelumbo Nucifera juureekstrakt* (lootosejuur), kaera beetagl\u00fckaan*, gl\u00fckonolaktoon*, naatriumbensoaat*<br \/>\n*\u00d6kosertifitseeritud koostisosad<\/p>\n","protected":false},"excerpt":{"rendered":"<p>Sutil Luxe on Kanada perefirmast p\u00e4rit vee baasil kerge koostisega libesti, mis on puhaste koostisainetega. Juba 20 aastase ajalooga Sutil Luxe\u00a0<strong>pH tase 4.5<\/strong>\u00a0on vagiina naturaalse pH tasemega sama, t\u00e4nu millele sobib toode h\u00e4sti kasutamiseks vaginaalseks seksiks, treeninguulide kasutamiseks ning tupekuivuse korral.<\/p>\n","protected":false},"featured_media":95606,"template":"","meta":[],"product_brand":[4241],"product_cat":[1467,1460,3976],"product_tag":[4128,4133],"class_list":{"0":"post-44570","1":"product","2":"type-product","3":"status-publish","4":"has-post-thumbnail","6":"product_brand-sutil-et","7":"product_cat-libestid","8":"product_cat-apteek","9":"product_cat-vee-baasil","10":"product_tag-lubricant-et","11":"product_tag-natural-et","12":"pa_brand-sutil-et","14":"first","15":"instock","16":"taxable","17":"shipping-taxable","18":"purchasable","19":"product-type-variable"},"yoast_head":"<!-- This site is optimized with the Yoast SEO plugin v27.3 - https:\/\/yoast.com\/product\/yoast-seo-wordpress\/ -->\n<title>Sutil Luxe Naturaalne libesti | Lust and Love<\/title>\n<meta name=\"description\" content=\"Sutil Luxe on Kanada perefirmast p\u00e4rit vee baasil kerge koostisega libesti, mis on puhaste koostisainetega.\" \/>\n<meta name=\"robots\" content=\"index,follow,max-snippet:-1,max-image-preview:large,max-video-preview:-1\" \/>\n<link rel=\"canonical\" href=\"https:\/\/lustandlove.eu\/et\/toode\/sutil-luxe-naturaalne-libesti\/\" \/>\n<meta name=\"twitter:card\" content=\"summary_large_image\" \/>\n<meta name=\"twitter:title\" content=\"Sutil Luxe Naturaalne libesti | Lust and Love\" \/>\n<meta name=\"twitter:description\" content=\"Sutil Luxe on Kanada perefirmast p\u00e4rit vee baasil kerge koostisega libesti, mis on puhaste koostisainetega.\" \/>\n<meta name=\"twitter:image\" content=\"https:\/\/lustandlove.eu\/wp-content\/uploads\/Sutil-PDP-Luxe-AllSizes.jpg.jpeg\" \/>\n<meta name=\"twitter:label1\" content=\"Est. reading time\" \/>\n\t<meta name=\"twitter:data1\" content=\"2 minutit\" \/>\n<script type=\"application\/ld+json\" class=\"yoast-schema-graph\">{\"@context\":\"https:\\\/\\\/schema.org\",\"@graph\":[{\"@type\":[\"WebPage\",\"ItemPage\"],\"@id\":\"https:\\\/\\\/lustandlove.eu\\\/et\\\/toode\\\/sutil-luxe-naturaalne-libesti\\\/\",\"url\":\"https:\\\/\\\/lustandlove.eu\\\/et\\\/toode\\\/sutil-luxe-naturaalne-libesti\\\/\",\"name\":\"Sutil Luxe Naturaalne libesti | Lust and Love\",\"isPartOf\":{\"@id\":\"https:\\\/\\\/lustandlove.eu\\\/et\\\/#website\"},\"primaryImageOfPage\":{\"@id\":\"https:\\\/\\\/lustandlove.eu\\\/et\\\/toode\\\/sutil-luxe-naturaalne-libesti\\\/#primaryimage\"},\"image\":{\"@id\":\"https:\\\/\\\/lustandlove.eu\\\/et\\\/toode\\\/sutil-luxe-naturaalne-libesti\\\/#primaryimage\"},\"thumbnailUrl\":\"https:\\\/\\\/lustandlove.eu\\\/wp-content\\\/uploads\\\/Sutil-PDP-Luxe-AllSizes.jpg.jpeg\",\"datePublished\":\"2021-05-28T04:52:17+00:00\",\"dateModified\":\"2026-04-13T07:43:54+00:00\",\"description\":\"Sutil Luxe on Kanada perefirmast p\u00e4rit vee baasil kerge koostisega libesti, mis on puhaste koostisainetega.\",\"breadcrumb\":{\"@id\":\"https:\\\/\\\/lustandlove.eu\\\/et\\\/toode\\\/sutil-luxe-naturaalne-libesti\\\/#breadcrumb\"},\"inLanguage\":\"et\",\"potentialAction\":[{\"@type\":\"ReadAction\",\"target\":[\"https:\\\/\\\/lustandlove.eu\\\/et\\\/toode\\\/sutil-luxe-naturaalne-libesti\\\/\"]}]},{\"@type\":\"ImageObject\",\"inLanguage\":\"et\",\"@id\":\"https:\\\/\\\/lustandlove.eu\\\/et\\\/toode\\\/sutil-luxe-naturaalne-libesti\\\/#primaryimage\",\"url\":\"https:\\\/\\\/lustandlove.eu\\\/wp-content\\\/uploads\\\/Sutil-PDP-Luxe-AllSizes.jpg.jpeg\",\"contentUrl\":\"https:\\\/\\\/lustandlove.eu\\\/wp-content\\\/uploads\\\/Sutil-PDP-Luxe-AllSizes.jpg.jpeg\",\"width\":1000,\"height\":1000,\"caption\":\"Natural lubricant\"},{\"@type\":\"BreadcrumbList\",\"@id\":\"https:\\\/\\\/lustandlove.eu\\\/et\\\/toode\\\/sutil-luxe-naturaalne-libesti\\\/#breadcrumb\",\"itemListElement\":[{\"@type\":\"ListItem\",\"position\":1,\"name\":\"Lust and Love\",\"item\":\"https:\\\/\\\/lustandlove.eu\\\/et\\\/\"},{\"@type\":\"ListItem\",\"position\":2,\"name\":\"Pood\",\"item\":\"https:\\\/\\\/lustandlove.eu\\\/et\\\/pood\\\/\"},{\"@type\":\"ListItem\",\"position\":3,\"name\":\"Libestid ja kehahooldus\",\"item\":\"https:\\\/\\\/lustandlove.eu\\\/et\\\/pood\\\/apteek\\\/\"},{\"@type\":\"ListItem\",\"position\":4,\"name\":\"Libestid\",\"item\":\"https:\\\/\\\/lustandlove.eu\\\/et\\\/pood\\\/apteek\\\/libestid\\\/\"},{\"@type\":\"ListItem\",\"position\":5,\"name\":\"Vee baasil\",\"item\":\"https:\\\/\\\/lustandlove.eu\\\/et\\\/pood\\\/apteek\\\/libestid\\\/vee-baasil\\\/\"},{\"@type\":\"ListItem\",\"position\":6,\"name\":\"Sutil Luxe Naturaalne libesti\"}]},{\"@type\":\"WebSite\",\"@id\":\"https:\\\/\\\/lustandlove.eu\\\/et\\\/#website\",\"url\":\"https:\\\/\\\/lustandlove.eu\\\/et\\\/\",\"name\":\"Lust &amp; Love\",\"description\":\"Online erootikapood tervise, ilu ja armastuse jaoks\",\"publisher\":{\"@id\":\"https:\\\/\\\/lustandlove.eu\\\/et\\\/#organization\"},\"potentialAction\":[{\"@type\":\"SearchAction\",\"target\":{\"@type\":\"EntryPoint\",\"urlTemplate\":\"https:\\\/\\\/lustandlove.eu\\\/et\\\/?s={search_term_string}\"},\"query-input\":{\"@type\":\"PropertyValueSpecification\",\"valueRequired\":true,\"valueName\":\"search_term_string\"}}],\"inLanguage\":\"et\"},{\"@type\":\"Organization\",\"@id\":\"https:\\\/\\\/lustandlove.eu\\\/et\\\/#organization\",\"name\":\"Bioconcept Baltics O\u00dc\",\"url\":\"https:\\\/\\\/lustandlove.eu\\\/et\\\/\",\"logo\":{\"@type\":\"ImageObject\",\"inLanguage\":\"et\",\"@id\":\"https:\\\/\\\/lustandlove.eu\\\/et\\\/#\\\/schema\\\/logo\\\/image\\\/\",\"url\":\"\",\"contentUrl\":\"\",\"caption\":\"Bioconcept Baltics O\u00dc\"},\"image\":{\"@id\":\"https:\\\/\\\/lustandlove.eu\\\/et\\\/#\\\/schema\\\/logo\\\/image\\\/\"},\"sameAs\":[\"https:\\\/\\\/www.facebook.com\\\/LustandLoveEU\\\/\",\"https:\\\/\\\/www.instagram.com\\\/lustandloveeu\\\/\"]}]}<\/script>\n<!-- \/ Yoast SEO plugin. -->","yoast_head_json":{"title":"Sutil Luxe Naturaalne libesti | Lust and Love","description":"Sutil Luxe on Kanada perefirmast p\u00e4rit vee baasil kerge koostisega libesti, mis on puhaste koostisainetega.","robots":{"index,follow,max-snippet":"index,follow,max-snippet:-1,max-image-preview:large,max-video-preview:-1"},"canonical":"https:\/\/lustandlove.eu\/et\/toode\/sutil-luxe-naturaalne-libesti\/","twitter_card":"summary_large_image","twitter_title":"Sutil Luxe Naturaalne libesti | Lust and Love","twitter_description":"Sutil Luxe on Kanada perefirmast p\u00e4rit vee baasil kerge koostisega libesti, mis on puhaste koostisainetega.","twitter_image":"https:\/\/lustandlove.eu\/wp-content\/uploads\/Sutil-PDP-Luxe-AllSizes.jpg.jpeg","twitter_misc":{"Est. reading time":"2 minutit"},"schema":{"@context":"https:\/\/schema.org","@graph":[{"@type":["WebPage","ItemPage"],"@id":"https:\/\/lustandlove.eu\/et\/toode\/sutil-luxe-naturaalne-libesti\/","url":"https:\/\/lustandlove.eu\/et\/toode\/sutil-luxe-naturaalne-libesti\/","name":"Sutil Luxe Naturaalne libesti | Lust and Love","isPartOf":{"@id":"https:\/\/lustandlove.eu\/et\/#website"},"primaryImageOfPage":{"@id":"https:\/\/lustandlove.eu\/et\/toode\/sutil-luxe-naturaalne-libesti\/#primaryimage"},"image":{"@id":"https:\/\/lustandlove.eu\/et\/toode\/sutil-luxe-naturaalne-libesti\/#primaryimage"},"thumbnailUrl":"https:\/\/lustandlove.eu\/wp-content\/uploads\/Sutil-PDP-Luxe-AllSizes.jpg.jpeg","datePublished":"2021-05-28T04:52:17+00:00","dateModified":"2026-04-13T07:43:54+00:00","description":"Sutil Luxe on Kanada perefirmast p\u00e4rit vee baasil kerge koostisega libesti, mis on puhaste koostisainetega.","breadcrumb":{"@id":"https:\/\/lustandlove.eu\/et\/toode\/sutil-luxe-naturaalne-libesti\/#breadcrumb"},"inLanguage":"et","potentialAction":[{"@type":"ReadAction","target":["https:\/\/lustandlove.eu\/et\/toode\/sutil-luxe-naturaalne-libesti\/"]}]},{"@type":"ImageObject","inLanguage":"et","@id":"https:\/\/lustandlove.eu\/et\/toode\/sutil-luxe-naturaalne-libesti\/#primaryimage","url":"https:\/\/lustandlove.eu\/wp-content\/uploads\/Sutil-PDP-Luxe-AllSizes.jpg.jpeg","contentUrl":"https:\/\/lustandlove.eu\/wp-content\/uploads\/Sutil-PDP-Luxe-AllSizes.jpg.jpeg","width":1000,"height":1000,"caption":"Natural lubricant"},{"@type":"BreadcrumbList","@id":"https:\/\/lustandlove.eu\/et\/toode\/sutil-luxe-naturaalne-libesti\/#breadcrumb","itemListElement":[{"@type":"ListItem","position":1,"name":"Lust and Love","item":"https:\/\/lustandlove.eu\/et\/"},{"@type":"ListItem","position":2,"name":"Pood","item":"https:\/\/lustandlove.eu\/et\/pood\/"},{"@type":"ListItem","position":3,"name":"Libestid ja kehahooldus","item":"https:\/\/lustandlove.eu\/et\/pood\/apteek\/"},{"@type":"ListItem","position":4,"name":"Libestid","item":"https:\/\/lustandlove.eu\/et\/pood\/apteek\/libestid\/"},{"@type":"ListItem","position":5,"name":"Vee baasil","item":"https:\/\/lustandlove.eu\/et\/pood\/apteek\/libestid\/vee-baasil\/"},{"@type":"ListItem","position":6,"name":"Sutil Luxe Naturaalne libesti"}]},{"@type":"WebSite","@id":"https:\/\/lustandlove.eu\/et\/#website","url":"https:\/\/lustandlove.eu\/et\/","name":"Lust &amp; Love","description":"Online erootikapood tervise, ilu ja armastuse jaoks","publisher":{"@id":"https:\/\/lustandlove.eu\/et\/#organization"},"potentialAction":[{"@type":"SearchAction","target":{"@type":"EntryPoint","urlTemplate":"https:\/\/lustandlove.eu\/et\/?s={search_term_string}"},"query-input":{"@type":"PropertyValueSpecification","valueRequired":true,"valueName":"search_term_string"}}],"inLanguage":"et"},{"@type":"Organization","@id":"https:\/\/lustandlove.eu\/et\/#organization","name":"Bioconcept Baltics O\u00dc","url":"https:\/\/lustandlove.eu\/et\/","logo":{"@type":"ImageObject","inLanguage":"et","@id":"https:\/\/lustandlove.eu\/et\/#\/schema\/logo\/image\/","url":"","contentUrl":"","caption":"Bioconcept Baltics O\u00dc"},"image":{"@id":"https:\/\/lustandlove.eu\/et\/#\/schema\/logo\/image\/"},"sameAs":["https:\/\/www.facebook.com\/LustandLoveEU\/","https:\/\/www.instagram.com\/lustandloveeu\/"]}]}},"_links":{"self":[{"href":"https:\/\/lustandlove.eu\/et\/wp-json\/wp\/v2\/product\/44570","targetHints":{"allow":["GET"]}}],"collection":[{"href":"https:\/\/lustandlove.eu\/et\/wp-json\/wp\/v2\/product"}],"about":[{"href":"https:\/\/lustandlove.eu\/et\/wp-json\/wp\/v2\/types\/product"}],"wp:featuredmedia":[{"embeddable":true,"href":"https:\/\/lustandlove.eu\/et\/wp-json\/wp\/v2\/media\/95606"}],"wp:attachment":[{"href":"https:\/\/lustandlove.eu\/et\/wp-json\/wp\/v2\/media?parent=44570"}],"wp:term":[{"taxonomy":"product_brand","embeddable":true,"href":"https:\/\/lustandlove.eu\/et\/wp-json\/wp\/v2\/product_brand?post=44570"},{"taxonomy":"product_cat","embeddable":true,"href":"https:\/\/lustandlove.eu\/et\/wp-json\/wp\/v2\/product_cat?post=44570"},{"taxonomy":"product_tag","embeddable":true,"href":"https:\/\/lustandlove.eu\/et\/wp-json\/wp\/v2\/product_tag?post=44570"}],"curies":[{"name":"wp","href":"https:\/\/api.w.org\/{rel}","templated":true}]}}