{"id":44580,"date":"2021-05-28T07:17:54","date_gmt":"2021-05-28T04:17:54","guid":{"rendered":"https:\/\/www.lustandlove.eu\/product\/sutil-piparmundimaitseline\/"},"modified":"2026-04-13T10:44:18","modified_gmt":"2026-04-13T07:44:18","slug":"sutil-piparmundimaitseline","status":"publish","type":"product","link":"https:\/\/lustandlove.eu\/et\/toode\/sutil-piparmundimaitseline\/","title":{"rendered":"Sutil Piparm\u00fcndimaitseline"},"content":{"rendered":"<div class=\"wpb-content-wrapper\"><p>[vc_row][vc_column][vc_column_text woodmart_inline=&#8221;no&#8221; text_larger=&#8221;no&#8221;]Sutil on Kanada perefirmast p\u00e4rit vee baasil kerge koostisega libesti, mis on puhaste koostisainetega. Juba 20 aastase ajalooga Sutil Luxe\u00a0<b>pH tase 4.5<\/b>\u00a0on vagiina naturaalse pH tasemega sama, t\u00e4nu millele sobib toode h\u00e4sti kasutamiseks vaginaalseks seksiks, treeninguulide kasutamiseks ning tupekuivuse korral.<\/p>\n<p class=\"p1\">Sutil libestile\u00a0<b>pole lisatud suhkruid ega parabeene<\/b>, toode on\u00a0<b>100% \u00f6ko<\/b>\u00a0ja isegi pakend laguneb loodust s\u00e4\u00e4stval meetodil p\u00e4rast aegumist.<\/p>\n<p class=\"p1\">Toode saab maitsed ja l\u00f5hnad naturaalsetest ekstraktidest, t\u00e4nu millele on maitsed puhtad ja naturaalsed. Kuna tootele pole lisatud keemiliste omadustega maitse- ega l\u00f5hnaaineid, on need eeskujuks maitsetega libestitele \u00fcle maailma.<\/p>\n<p class=\"p1\">Sutil koostiosade hulka kuulub h\u00fcaluroonhape, mis annab sellele vee baasil libestile silikooni baasil libesti omadused \u2013 see on naha peal siidiselt pehme ning tagab libisemise pikaks ajaks. Libesti sobib kasutamiseks m\u00e4nguasjadega ja masturbeerimiseks, toodet ei pea p\u00e4rast kasutamist maha pesema vaid see imendub kenasti kehasse ja j\u00e4tab naha niisutatuna.<\/p>\n<p>Koostisosad on t\u00e4histatud Eco-m\u00e4rgisega. Veebaasil, parabeenivaba, gl\u00fctseriinivaba, m\u00fcndimaitseline, kondoomi- ja lelus\u00f5bralik, biolagunevas tuubis.<br \/>\n[\/vc_column_text][\/vc_column][\/vc_row]<\/p>\n<\/div>","protected":false},"excerpt":{"rendered":"<p>Siidine piparm\u00fcndimaitseline libesti<\/p>\n","protected":false},"featured_media":44581,"template":"","meta":[],"product_brand":[4241],"product_cat":[1467,1460,3976],"product_tag":[4128,1558],"class_list":{"0":"post-44580","1":"product","2":"type-product","3":"status-publish","4":"has-post-thumbnail","6":"product_brand-sutil-et","7":"product_cat-libestid","8":"product_cat-apteek","9":"product_cat-vee-baasil","10":"product_tag-lubricant-et","11":"product_tag-maitsega","12":"pa_brand-sutil-et","14":"first","15":"instock","16":"taxable","17":"shipping-taxable","18":"purchasable","19":"product-type-variable"},"yoast_head":"<!-- This site is optimized with the Yoast SEO plugin v27.3 - https:\/\/yoast.com\/product\/yoast-seo-wordpress\/ -->\n<title>Siidine piparm\u00fcndimaitseline libesti<\/title>\n<meta name=\"description\" content=\"Siidine piparm\u00fcndimaitseline libesti\" \/>\n<meta name=\"robots\" content=\"index,follow,max-snippet:-1,max-image-preview:large,max-video-preview:-1\" \/>\n<link rel=\"canonical\" href=\"https:\/\/lustandlove.eu\/et\/toode\/sutil-piparmundimaitseline\/\" \/>\n<meta name=\"twitter:card\" content=\"summary_large_image\" \/>\n<meta name=\"twitter:title\" content=\"Siidine piparm\u00fcndimaitseline libesti\" \/>\n<meta name=\"twitter:description\" content=\"Siidine piparm\u00fcndimaitseline libesti\" \/>\n<meta name=\"twitter:image\" content=\"https:\/\/lustandlove.eu\/wp-content\/uploads\/Sutil-Mint-2oz-tube_grande.jpg\" \/>\n<meta name=\"twitter:label1\" content=\"Est. reading time\" \/>\n\t<meta name=\"twitter:data1\" content=\"1 minut\" \/>\n<script type=\"application\/ld+json\" class=\"yoast-schema-graph\">{\"@context\":\"https:\\\/\\\/schema.org\",\"@graph\":[{\"@type\":[\"WebPage\",\"ItemPage\"],\"@id\":\"https:\\\/\\\/lustandlove.eu\\\/et\\\/toode\\\/sutil-piparmundimaitseline\\\/\",\"url\":\"https:\\\/\\\/lustandlove.eu\\\/et\\\/toode\\\/sutil-piparmundimaitseline\\\/\",\"name\":\"Siidine piparm\u00fcndimaitseline libesti\",\"isPartOf\":{\"@id\":\"https:\\\/\\\/lustandlove.eu\\\/et\\\/#website\"},\"primaryImageOfPage\":{\"@id\":\"https:\\\/\\\/lustandlove.eu\\\/et\\\/toode\\\/sutil-piparmundimaitseline\\\/#primaryimage\"},\"image\":{\"@id\":\"https:\\\/\\\/lustandlove.eu\\\/et\\\/toode\\\/sutil-piparmundimaitseline\\\/#primaryimage\"},\"thumbnailUrl\":\"https:\\\/\\\/lustandlove.eu\\\/wp-content\\\/uploads\\\/Sutil-Mint-2oz-tube_grande.jpg\",\"datePublished\":\"2021-05-28T04:17:54+00:00\",\"dateModified\":\"2026-04-13T07:44:18+00:00\",\"description\":\"Siidine piparm\u00fcndimaitseline libesti\",\"breadcrumb\":{\"@id\":\"https:\\\/\\\/lustandlove.eu\\\/et\\\/toode\\\/sutil-piparmundimaitseline\\\/#breadcrumb\"},\"inLanguage\":\"et\",\"potentialAction\":[{\"@type\":\"ReadAction\",\"target\":[\"https:\\\/\\\/lustandlove.eu\\\/et\\\/toode\\\/sutil-piparmundimaitseline\\\/\"]}]},{\"@type\":\"ImageObject\",\"inLanguage\":\"et\",\"@id\":\"https:\\\/\\\/lustandlove.eu\\\/et\\\/toode\\\/sutil-piparmundimaitseline\\\/#primaryimage\",\"url\":\"https:\\\/\\\/lustandlove.eu\\\/wp-content\\\/uploads\\\/Sutil-Mint-2oz-tube_grande.jpg\",\"contentUrl\":\"https:\\\/\\\/lustandlove.eu\\\/wp-content\\\/uploads\\\/Sutil-Mint-2oz-tube_grande.jpg\",\"width\":500,\"height\":500},{\"@type\":\"BreadcrumbList\",\"@id\":\"https:\\\/\\\/lustandlove.eu\\\/et\\\/toode\\\/sutil-piparmundimaitseline\\\/#breadcrumb\",\"itemListElement\":[{\"@type\":\"ListItem\",\"position\":1,\"name\":\"Lust and Love\",\"item\":\"https:\\\/\\\/lustandlove.eu\\\/et\\\/\"},{\"@type\":\"ListItem\",\"position\":2,\"name\":\"Pood\",\"item\":\"https:\\\/\\\/lustandlove.eu\\\/et\\\/pood\\\/\"},{\"@type\":\"ListItem\",\"position\":3,\"name\":\"Libestid ja kehahooldus\",\"item\":\"https:\\\/\\\/lustandlove.eu\\\/et\\\/pood\\\/apteek\\\/\"},{\"@type\":\"ListItem\",\"position\":4,\"name\":\"Libestid\",\"item\":\"https:\\\/\\\/lustandlove.eu\\\/et\\\/pood\\\/apteek\\\/libestid\\\/\"},{\"@type\":\"ListItem\",\"position\":5,\"name\":\"Vee baasil\",\"item\":\"https:\\\/\\\/lustandlove.eu\\\/et\\\/pood\\\/apteek\\\/libestid\\\/vee-baasil\\\/\"},{\"@type\":\"ListItem\",\"position\":6,\"name\":\"Sutil Piparm\u00fcndimaitseline\"}]},{\"@type\":\"WebSite\",\"@id\":\"https:\\\/\\\/lustandlove.eu\\\/et\\\/#website\",\"url\":\"https:\\\/\\\/lustandlove.eu\\\/et\\\/\",\"name\":\"Lust &amp; Love\",\"description\":\"Online erootikapood tervise, ilu ja armastuse jaoks\",\"publisher\":{\"@id\":\"https:\\\/\\\/lustandlove.eu\\\/et\\\/#organization\"},\"potentialAction\":[{\"@type\":\"SearchAction\",\"target\":{\"@type\":\"EntryPoint\",\"urlTemplate\":\"https:\\\/\\\/lustandlove.eu\\\/et\\\/?s={search_term_string}\"},\"query-input\":{\"@type\":\"PropertyValueSpecification\",\"valueRequired\":true,\"valueName\":\"search_term_string\"}}],\"inLanguage\":\"et\"},{\"@type\":\"Organization\",\"@id\":\"https:\\\/\\\/lustandlove.eu\\\/et\\\/#organization\",\"name\":\"Bioconcept Baltics O\u00dc\",\"url\":\"https:\\\/\\\/lustandlove.eu\\\/et\\\/\",\"logo\":{\"@type\":\"ImageObject\",\"inLanguage\":\"et\",\"@id\":\"https:\\\/\\\/lustandlove.eu\\\/et\\\/#\\\/schema\\\/logo\\\/image\\\/\",\"url\":\"\",\"contentUrl\":\"\",\"caption\":\"Bioconcept Baltics O\u00dc\"},\"image\":{\"@id\":\"https:\\\/\\\/lustandlove.eu\\\/et\\\/#\\\/schema\\\/logo\\\/image\\\/\"},\"sameAs\":[\"https:\\\/\\\/www.facebook.com\\\/LustandLoveEU\\\/\",\"https:\\\/\\\/www.instagram.com\\\/lustandloveeu\\\/\"]}]}<\/script>\n<!-- \/ Yoast SEO plugin. -->","yoast_head_json":{"title":"Siidine piparm\u00fcndimaitseline libesti","description":"Siidine piparm\u00fcndimaitseline libesti","robots":{"index,follow,max-snippet":"index,follow,max-snippet:-1,max-image-preview:large,max-video-preview:-1"},"canonical":"https:\/\/lustandlove.eu\/et\/toode\/sutil-piparmundimaitseline\/","twitter_card":"summary_large_image","twitter_title":"Siidine piparm\u00fcndimaitseline libesti","twitter_description":"Siidine piparm\u00fcndimaitseline libesti","twitter_image":"https:\/\/lustandlove.eu\/wp-content\/uploads\/Sutil-Mint-2oz-tube_grande.jpg","twitter_misc":{"Est. reading time":"1 minut"},"schema":{"@context":"https:\/\/schema.org","@graph":[{"@type":["WebPage","ItemPage"],"@id":"https:\/\/lustandlove.eu\/et\/toode\/sutil-piparmundimaitseline\/","url":"https:\/\/lustandlove.eu\/et\/toode\/sutil-piparmundimaitseline\/","name":"Siidine piparm\u00fcndimaitseline libesti","isPartOf":{"@id":"https:\/\/lustandlove.eu\/et\/#website"},"primaryImageOfPage":{"@id":"https:\/\/lustandlove.eu\/et\/toode\/sutil-piparmundimaitseline\/#primaryimage"},"image":{"@id":"https:\/\/lustandlove.eu\/et\/toode\/sutil-piparmundimaitseline\/#primaryimage"},"thumbnailUrl":"https:\/\/lustandlove.eu\/wp-content\/uploads\/Sutil-Mint-2oz-tube_grande.jpg","datePublished":"2021-05-28T04:17:54+00:00","dateModified":"2026-04-13T07:44:18+00:00","description":"Siidine piparm\u00fcndimaitseline libesti","breadcrumb":{"@id":"https:\/\/lustandlove.eu\/et\/toode\/sutil-piparmundimaitseline\/#breadcrumb"},"inLanguage":"et","potentialAction":[{"@type":"ReadAction","target":["https:\/\/lustandlove.eu\/et\/toode\/sutil-piparmundimaitseline\/"]}]},{"@type":"ImageObject","inLanguage":"et","@id":"https:\/\/lustandlove.eu\/et\/toode\/sutil-piparmundimaitseline\/#primaryimage","url":"https:\/\/lustandlove.eu\/wp-content\/uploads\/Sutil-Mint-2oz-tube_grande.jpg","contentUrl":"https:\/\/lustandlove.eu\/wp-content\/uploads\/Sutil-Mint-2oz-tube_grande.jpg","width":500,"height":500},{"@type":"BreadcrumbList","@id":"https:\/\/lustandlove.eu\/et\/toode\/sutil-piparmundimaitseline\/#breadcrumb","itemListElement":[{"@type":"ListItem","position":1,"name":"Lust and Love","item":"https:\/\/lustandlove.eu\/et\/"},{"@type":"ListItem","position":2,"name":"Pood","item":"https:\/\/lustandlove.eu\/et\/pood\/"},{"@type":"ListItem","position":3,"name":"Libestid ja kehahooldus","item":"https:\/\/lustandlove.eu\/et\/pood\/apteek\/"},{"@type":"ListItem","position":4,"name":"Libestid","item":"https:\/\/lustandlove.eu\/et\/pood\/apteek\/libestid\/"},{"@type":"ListItem","position":5,"name":"Vee baasil","item":"https:\/\/lustandlove.eu\/et\/pood\/apteek\/libestid\/vee-baasil\/"},{"@type":"ListItem","position":6,"name":"Sutil Piparm\u00fcndimaitseline"}]},{"@type":"WebSite","@id":"https:\/\/lustandlove.eu\/et\/#website","url":"https:\/\/lustandlove.eu\/et\/","name":"Lust &amp; Love","description":"Online erootikapood tervise, ilu ja armastuse jaoks","publisher":{"@id":"https:\/\/lustandlove.eu\/et\/#organization"},"potentialAction":[{"@type":"SearchAction","target":{"@type":"EntryPoint","urlTemplate":"https:\/\/lustandlove.eu\/et\/?s={search_term_string}"},"query-input":{"@type":"PropertyValueSpecification","valueRequired":true,"valueName":"search_term_string"}}],"inLanguage":"et"},{"@type":"Organization","@id":"https:\/\/lustandlove.eu\/et\/#organization","name":"Bioconcept Baltics O\u00dc","url":"https:\/\/lustandlove.eu\/et\/","logo":{"@type":"ImageObject","inLanguage":"et","@id":"https:\/\/lustandlove.eu\/et\/#\/schema\/logo\/image\/","url":"","contentUrl":"","caption":"Bioconcept Baltics O\u00dc"},"image":{"@id":"https:\/\/lustandlove.eu\/et\/#\/schema\/logo\/image\/"},"sameAs":["https:\/\/www.facebook.com\/LustandLoveEU\/","https:\/\/www.instagram.com\/lustandloveeu\/"]}]}},"_links":{"self":[{"href":"https:\/\/lustandlove.eu\/et\/wp-json\/wp\/v2\/product\/44580","targetHints":{"allow":["GET"]}}],"collection":[{"href":"https:\/\/lustandlove.eu\/et\/wp-json\/wp\/v2\/product"}],"about":[{"href":"https:\/\/lustandlove.eu\/et\/wp-json\/wp\/v2\/types\/product"}],"wp:featuredmedia":[{"embeddable":true,"href":"https:\/\/lustandlove.eu\/et\/wp-json\/wp\/v2\/media\/44581"}],"wp:attachment":[{"href":"https:\/\/lustandlove.eu\/et\/wp-json\/wp\/v2\/media?parent=44580"}],"wp:term":[{"taxonomy":"product_brand","embeddable":true,"href":"https:\/\/lustandlove.eu\/et\/wp-json\/wp\/v2\/product_brand?post=44580"},{"taxonomy":"product_cat","embeddable":true,"href":"https:\/\/lustandlove.eu\/et\/wp-json\/wp\/v2\/product_cat?post=44580"},{"taxonomy":"product_tag","embeddable":true,"href":"https:\/\/lustandlove.eu\/et\/wp-json\/wp\/v2\/product_tag?post=44580"}],"curies":[{"name":"wp","href":"https:\/\/api.w.org\/{rel}","templated":true}]}}