{"id":44602,"date":"2021-05-28T07:17:52","date_gmt":"2021-05-28T04:17:52","guid":{"rendered":"https:\/\/www.lustandlove.eu\/product\/10-vegan-lateksist-kondoomid-53mm\/"},"modified":"2026-04-24T09:21:42","modified_gmt":"2026-04-24T06:21:42","slug":"10-vegan-lateksist-kondoomid-53mm","status":"publish","type":"product","link":"https:\/\/lustandlove.eu\/et\/toode\/10-vegan-lateksist-kondoomid-53mm\/","title":{"rendered":"10 Vegan lateksist kondoomid 53mm"},"content":{"rendered":"<p>Standartne keskmine suurus ja \u00fcli\u00f5huke disain loovad loomuliku, peaaegu m\u00e4rkamatu tunde, mis soodustab l\u00e4hedust. Kuna sinu ja naudingu vahele ei tohiks midagi tulla, pakub patenteeritud kahekordse kihitamise tehnoloogia t\u00e4iendavat tugevust ilma paksust lisamata. K\u00f5rvaldatud on ka tavap\u00e4rastele br\u00e4ndidele omase h\u00e4iriva lateksi l\u00f5hn ja maitse, luues puhtama ja loomulikuma kogemuse.<\/p>\n<p>Suurep\u00e4rase toimivuse ja mugavuse nimel loodud Glyde Ultra Kondoom tundub m\u00f5lemale partnerile loomulik ja siidine. Sa tunned vahet.<\/p>\n<p>Glyde br\u00e4nd on eetiline, vegan-s\u00f5bralik ja \u00f5iglase kaubanduse (<em>fair trade<\/em>) j\u00e4lgija. Nad on ainuke br\u00e4nd, kelle kondoomid on saanud <em>The Vegan Society\u00a0<\/em>poolt 100% vegan sertifikaadi. K\u00f5ik kondoomid on valmistatud GMO-vabast kummilateksist, mis on kehas\u00f5bralik ja kemikaalide vaba.<\/p>\n<ul>\n<li>M\u00f5\u00f5tmed: laius 53 mm, pikkus 190 mm<\/li>\n<li>\u00dclimalt \u00f5huke ja suurep\u00e4rase kujuga: loodud mugava ja loomuliku tunde tagamiseks.<\/li>\n<li>Kehas\u00f5bralik koostis: ei sisalda ohtlikke kemikaale, kaseiini, talkki, parabeene, nitrosoamiine ega spermitsiide.<\/li>\n<li>Kerge libestus: eriti \u00f5huke ja siidine tekstuur sujuvaks naudinguks.<\/li>\n<li>V\u00e4hese l\u00f5hnaga lateks: kahekordselt pestud, et k\u00f5rvaldada tavap\u00e4rastel toodetel esinev ebameeldiv l\u00f5hn ja maitse.<\/li>\n<li>Elektrooniliselt testitud: \u00fcletab tugevuse ja vastupidavuse osas \u00fclemaailmseid standardeid.<\/li>\n<li>Sertifitseeritud eetiline ja vegan: heaks kiidetud <em>Vegan Society<\/em> poolt.<\/li>\n<li>GMO-vaba <em>fair trade<\/em> lateks: valmistatud j\u00e4tkusuutlikult kasvatatud ja hangitud looduslikust kummist.<\/li>\n<li>GLYDE on naiste poolt omatud br\u00e4nd.<\/li>\n<\/ul>\n","protected":false},"excerpt":{"rendered":"<p>Karbikesest leiad 10 ultra \u00f5hukest kondoomi.<\/p>\n","protected":false},"featured_media":44603,"template":"","meta":[],"product_brand":[4206],"product_cat":[1462,1460],"product_tag":[1512],"class_list":{"0":"post-44602","1":"product","2":"type-product","3":"status-publish","4":"has-post-thumbnail","6":"product_brand-glyde-et","7":"product_cat-kondoomid","8":"product_cat-apteek","9":"product_tag-kondoomid","10":"pa_brand-glyde-et","12":"first","13":"outofstock","14":"taxable","15":"shipping-taxable","16":"purchasable","17":"product-type-simple"},"yoast_head":"<!-- This site is optimized with the Yoast SEO plugin v27.4 - https:\/\/yoast.com\/product\/yoast-seo-wordpress\/ -->\n<title>10 Vegan lateksist kondoomid 53mm | Lust and Love<\/title>\n<meta name=\"description\" content=\"Karbikesest leiad 10 ultra \u00f5hukest kondoomi\" \/>\n<meta name=\"robots\" content=\"index,follow,max-snippet:-1,max-image-preview:large,max-video-preview:-1\" \/>\n<link rel=\"canonical\" href=\"https:\/\/lustandlove.eu\/et\/toode\/10-vegan-lateksist-kondoomid-53mm\/\" \/>\n<script type=\"application\/ld+json\" class=\"yoast-schema-graph\">{\"@context\":\"https:\\\/\\\/schema.org\",\"@graph\":[{\"@type\":[\"WebPage\",\"ItemPage\"],\"@id\":\"https:\\\/\\\/lustandlove.eu\\\/et\\\/toode\\\/10-vegan-lateksist-kondoomid-53mm\\\/\",\"url\":\"https:\\\/\\\/lustandlove.eu\\\/et\\\/toode\\\/10-vegan-lateksist-kondoomid-53mm\\\/\",\"name\":\"10 Vegan lateksist kondoomid 53mm | Lust and Love\",\"isPartOf\":{\"@id\":\"https:\\\/\\\/lustandlove.eu\\\/et\\\/#website\"},\"primaryImageOfPage\":{\"@id\":\"https:\\\/\\\/lustandlove.eu\\\/et\\\/toode\\\/10-vegan-lateksist-kondoomid-53mm\\\/#primaryimage\"},\"image\":{\"@id\":\"https:\\\/\\\/lustandlove.eu\\\/et\\\/toode\\\/10-vegan-lateksist-kondoomid-53mm\\\/#primaryimage\"},\"thumbnailUrl\":\"https:\\\/\\\/lustandlove.eu\\\/wp-content\\\/uploads\\\/glultra_01-vegan-latekskondoomi.jpg\",\"datePublished\":\"2021-05-28T04:17:52+00:00\",\"dateModified\":\"2026-04-24T06:21:42+00:00\",\"description\":\"Karbikesest leiad 10 ultra \u00f5hukest kondoomi\",\"breadcrumb\":{\"@id\":\"https:\\\/\\\/lustandlove.eu\\\/et\\\/toode\\\/10-vegan-lateksist-kondoomid-53mm\\\/#breadcrumb\"},\"inLanguage\":\"et\",\"potentialAction\":[{\"@type\":\"ReadAction\",\"target\":[\"https:\\\/\\\/lustandlove.eu\\\/et\\\/toode\\\/10-vegan-lateksist-kondoomid-53mm\\\/\"]}]},{\"@type\":\"ImageObject\",\"inLanguage\":\"et\",\"@id\":\"https:\\\/\\\/lustandlove.eu\\\/et\\\/toode\\\/10-vegan-lateksist-kondoomid-53mm\\\/#primaryimage\",\"url\":\"https:\\\/\\\/lustandlove.eu\\\/wp-content\\\/uploads\\\/glultra_01-vegan-latekskondoomi.jpg\",\"contentUrl\":\"https:\\\/\\\/lustandlove.eu\\\/wp-content\\\/uploads\\\/glultra_01-vegan-latekskondoomi.jpg\",\"width\":482,\"height\":482},{\"@type\":\"BreadcrumbList\",\"@id\":\"https:\\\/\\\/lustandlove.eu\\\/et\\\/toode\\\/10-vegan-lateksist-kondoomid-53mm\\\/#breadcrumb\",\"itemListElement\":[{\"@type\":\"ListItem\",\"position\":1,\"name\":\"Lust and Love\",\"item\":\"https:\\\/\\\/lustandlove.eu\\\/et\\\/\"},{\"@type\":\"ListItem\",\"position\":2,\"name\":\"Pood\",\"item\":\"https:\\\/\\\/lustandlove.eu\\\/et\\\/pood\\\/\"},{\"@type\":\"ListItem\",\"position\":3,\"name\":\"Libestid ja kehahooldus\",\"item\":\"https:\\\/\\\/lustandlove.eu\\\/et\\\/pood\\\/apteek\\\/\"},{\"@type\":\"ListItem\",\"position\":4,\"name\":\"Kondoomid\",\"item\":\"https:\\\/\\\/lustandlove.eu\\\/et\\\/pood\\\/apteek\\\/kondoomid\\\/\"},{\"@type\":\"ListItem\",\"position\":5,\"name\":\"10 Vegan lateksist kondoomid 53mm\"}]},{\"@type\":\"WebSite\",\"@id\":\"https:\\\/\\\/lustandlove.eu\\\/et\\\/#website\",\"url\":\"https:\\\/\\\/lustandlove.eu\\\/et\\\/\",\"name\":\"Lust & Love\",\"description\":\"Online erootikapood tervise, ilu ja armastuse jaoks\",\"publisher\":{\"@id\":\"https:\\\/\\\/lustandlove.eu\\\/et\\\/#organization\"},\"potentialAction\":[{\"@type\":\"SearchAction\",\"target\":{\"@type\":\"EntryPoint\",\"urlTemplate\":\"https:\\\/\\\/lustandlove.eu\\\/et\\\/?s={search_term_string}\"},\"query-input\":{\"@type\":\"PropertyValueSpecification\",\"valueRequired\":true,\"valueName\":\"search_term_string\"}}],\"inLanguage\":\"et\"},{\"@type\":\"Organization\",\"@id\":\"https:\\\/\\\/lustandlove.eu\\\/et\\\/#organization\",\"name\":\"Bioconcept Baltics O\u00dc\",\"url\":\"https:\\\/\\\/lustandlove.eu\\\/et\\\/\",\"logo\":{\"@type\":\"ImageObject\",\"inLanguage\":\"et\",\"@id\":\"https:\\\/\\\/lustandlove.eu\\\/et\\\/#\\\/schema\\\/logo\\\/image\\\/\",\"url\":\"https:\\\/\\\/lustandlove.eu\\\/wp-content\\\/uploads\\\/logo-full-2.png\",\"contentUrl\":\"https:\\\/\\\/lustandlove.eu\\\/wp-content\\\/uploads\\\/logo-full-2.png\",\"width\":837,\"height\":200,\"caption\":\"Bioconcept Baltics O\u00dc\"},\"image\":{\"@id\":\"https:\\\/\\\/lustandlove.eu\\\/et\\\/#\\\/schema\\\/logo\\\/image\\\/\"},\"sameAs\":[\"https:\\\/\\\/www.facebook.com\\\/LustandLoveEU\\\/\",\"https:\\\/\\\/www.instagram.com\\\/lustandloveeu\\\/\"]}]}<\/script>\n<!-- \/ Yoast SEO plugin. -->","yoast_head_json":{"title":"10 Vegan lateksist kondoomid 53mm | Lust and Love","description":"Karbikesest leiad 10 ultra \u00f5hukest kondoomi","robots":{"index,follow,max-snippet":"index,follow,max-snippet:-1,max-image-preview:large,max-video-preview:-1"},"canonical":"https:\/\/lustandlove.eu\/et\/toode\/10-vegan-lateksist-kondoomid-53mm\/","schema":{"@context":"https:\/\/schema.org","@graph":[{"@type":["WebPage","ItemPage"],"@id":"https:\/\/lustandlove.eu\/et\/toode\/10-vegan-lateksist-kondoomid-53mm\/","url":"https:\/\/lustandlove.eu\/et\/toode\/10-vegan-lateksist-kondoomid-53mm\/","name":"10 Vegan lateksist kondoomid 53mm | Lust and Love","isPartOf":{"@id":"https:\/\/lustandlove.eu\/et\/#website"},"primaryImageOfPage":{"@id":"https:\/\/lustandlove.eu\/et\/toode\/10-vegan-lateksist-kondoomid-53mm\/#primaryimage"},"image":{"@id":"https:\/\/lustandlove.eu\/et\/toode\/10-vegan-lateksist-kondoomid-53mm\/#primaryimage"},"thumbnailUrl":"https:\/\/lustandlove.eu\/wp-content\/uploads\/glultra_01-vegan-latekskondoomi.jpg","datePublished":"2021-05-28T04:17:52+00:00","dateModified":"2026-04-24T06:21:42+00:00","description":"Karbikesest leiad 10 ultra \u00f5hukest kondoomi","breadcrumb":{"@id":"https:\/\/lustandlove.eu\/et\/toode\/10-vegan-lateksist-kondoomid-53mm\/#breadcrumb"},"inLanguage":"et","potentialAction":[{"@type":"ReadAction","target":["https:\/\/lustandlove.eu\/et\/toode\/10-vegan-lateksist-kondoomid-53mm\/"]}]},{"@type":"ImageObject","inLanguage":"et","@id":"https:\/\/lustandlove.eu\/et\/toode\/10-vegan-lateksist-kondoomid-53mm\/#primaryimage","url":"https:\/\/lustandlove.eu\/wp-content\/uploads\/glultra_01-vegan-latekskondoomi.jpg","contentUrl":"https:\/\/lustandlove.eu\/wp-content\/uploads\/glultra_01-vegan-latekskondoomi.jpg","width":482,"height":482},{"@type":"BreadcrumbList","@id":"https:\/\/lustandlove.eu\/et\/toode\/10-vegan-lateksist-kondoomid-53mm\/#breadcrumb","itemListElement":[{"@type":"ListItem","position":1,"name":"Lust and Love","item":"https:\/\/lustandlove.eu\/et\/"},{"@type":"ListItem","position":2,"name":"Pood","item":"https:\/\/lustandlove.eu\/et\/pood\/"},{"@type":"ListItem","position":3,"name":"Libestid ja kehahooldus","item":"https:\/\/lustandlove.eu\/et\/pood\/apteek\/"},{"@type":"ListItem","position":4,"name":"Kondoomid","item":"https:\/\/lustandlove.eu\/et\/pood\/apteek\/kondoomid\/"},{"@type":"ListItem","position":5,"name":"10 Vegan lateksist kondoomid 53mm"}]},{"@type":"WebSite","@id":"https:\/\/lustandlove.eu\/et\/#website","url":"https:\/\/lustandlove.eu\/et\/","name":"Lust & Love","description":"Online erootikapood tervise, ilu ja armastuse jaoks","publisher":{"@id":"https:\/\/lustandlove.eu\/et\/#organization"},"potentialAction":[{"@type":"SearchAction","target":{"@type":"EntryPoint","urlTemplate":"https:\/\/lustandlove.eu\/et\/?s={search_term_string}"},"query-input":{"@type":"PropertyValueSpecification","valueRequired":true,"valueName":"search_term_string"}}],"inLanguage":"et"},{"@type":"Organization","@id":"https:\/\/lustandlove.eu\/et\/#organization","name":"Bioconcept Baltics O\u00dc","url":"https:\/\/lustandlove.eu\/et\/","logo":{"@type":"ImageObject","inLanguage":"et","@id":"https:\/\/lustandlove.eu\/et\/#\/schema\/logo\/image\/","url":"https:\/\/lustandlove.eu\/wp-content\/uploads\/logo-full-2.png","contentUrl":"https:\/\/lustandlove.eu\/wp-content\/uploads\/logo-full-2.png","width":837,"height":200,"caption":"Bioconcept Baltics O\u00dc"},"image":{"@id":"https:\/\/lustandlove.eu\/et\/#\/schema\/logo\/image\/"},"sameAs":["https:\/\/www.facebook.com\/LustandLoveEU\/","https:\/\/www.instagram.com\/lustandloveeu\/"]}]}},"_links":{"self":[{"href":"https:\/\/lustandlove.eu\/et\/wp-json\/wp\/v2\/product\/44602","targetHints":{"allow":["GET"]}}],"collection":[{"href":"https:\/\/lustandlove.eu\/et\/wp-json\/wp\/v2\/product"}],"about":[{"href":"https:\/\/lustandlove.eu\/et\/wp-json\/wp\/v2\/types\/product"}],"wp:featuredmedia":[{"embeddable":true,"href":"https:\/\/lustandlove.eu\/et\/wp-json\/wp\/v2\/media\/44603"}],"wp:attachment":[{"href":"https:\/\/lustandlove.eu\/et\/wp-json\/wp\/v2\/media?parent=44602"}],"wp:term":[{"taxonomy":"product_brand","embeddable":true,"href":"https:\/\/lustandlove.eu\/et\/wp-json\/wp\/v2\/product_brand?post=44602"},{"taxonomy":"product_cat","embeddable":true,"href":"https:\/\/lustandlove.eu\/et\/wp-json\/wp\/v2\/product_cat?post=44602"},{"taxonomy":"product_tag","embeddable":true,"href":"https:\/\/lustandlove.eu\/et\/wp-json\/wp\/v2\/product_tag?post=44602"}],"curies":[{"name":"wp","href":"https:\/\/api.w.org\/{rel}","templated":true}]}}