{"id":44620,"date":"2021-05-28T07:17:50","date_gmt":"2021-05-28T04:17:50","guid":{"rendered":"https:\/\/www.lustandlove.eu\/product\/44620\/"},"modified":"2026-04-13T10:44:24","modified_gmt":"2026-04-13T07:44:24","slug":"uberlube-refill-2x15ml","status":"publish","type":"product","link":"https:\/\/lustandlove.eu\/et\/toode\/uberlube-refill-2x15ml\/","title":{"rendered":"\u00dcberlube Refill 2x15ml"},"content":{"rendered":"<div class=\"wpb-content-wrapper\"><p>[vc_row][vc_column][vc_column_text woodmart_inline=&#8221;no&#8221; text_larger=&#8221;no&#8221;]<\/p>\n<h2><strong>\u00dcberlube<\/strong><\/h2>\n<p>\u00dcberlube on unikaalselt tehtud USAs ja disainitud parandama sensatsioone ja v\u00e4hendama h\u00f5\u00f5rduvust. See libesti on naturaalse tundega ja p\u00e4rast kasutust imendub nahka j\u00e4ttes j\u00e4rele niisutatud ja siidise tunde. \u00dcberlube libesti on disainitud niisutama ja libestama, parandama ja mugavdama mugavust ja toetama seksuaalset aktiivsust. Asendades keha naturaalset libestumist. See on kaua-kestev kerge kaaluline ja mitte-kleepuv libesti. Toote pudel on minimalistlik ja l\u00e4bipaistev, et n\u00e4idata \u00e4ra toote puhtust.<\/p>\n<h3><strong>Omadused:<\/strong><\/h3>\n<ul>\n<li>Keha-turvaline koostis, puuduvad parabeenid ja gl\u00fctserin<\/li>\n<li>Silikoni baasil v\u00e4ikse E vitamiini lisaga<\/li>\n<li>Puudub l\u00f5hn ja maitse<\/li>\n<li>Veganite s\u00f5bralik<\/li>\n<li>Imbub nahka<\/li>\n<li>Siidine ja mitte kleepuv<\/li>\n<li>Vee s\u00f5bralik<\/li>\n<li>Sobib ka latexiga<\/li>\n<li>M\u00f5\u00f5detud pump ideaalseks koguseks iga kord<\/li>\n<\/ul>\n<h2><strong>\u00dcberlube laseb sul tunda, mdia soovid<\/strong><\/h2>\n<p><strong>Preemium kvaliteet:\u00a0<\/strong>K\u00f5rg-kvaliteetne silikonist meditsiiniline vahend, turvalise oostisega ideaalne libestamiseks.<\/p>\n<p><strong>Keha turvaline:<\/strong>\u00a0Tasakaalustatud Ph tasemed ja toetab tervislikke baktereid. Testitud 3da osapoole poolt.<\/p>\n<p>Naturaalne tunnetus: Mitte-kleepuv, l\u00f5hnatu, maitsetu ja kaua kestev,et kehade kokkupuute sensatsioon oleks suurem.<\/p>\n<p><strong>Niisutav:<\/strong>\u00a0Pehme j asiidine tunne ilma maha pesemata.<\/p>\n<p><strong>Mitmek\u00fclgne kasutus:\u00a0<\/strong>Spordiks, stiiliks v\u00f5i seksuaalseks vahekorraks. \u00dcberlube sobib selleks k\u00f5igeks.[\/vc_column_text][\/vc_column][\/vc_row]<\/p>\n<\/div>","protected":false},"excerpt":{"rendered":"<p>\u00dcberlube silikoonbaasil libesti t\u00e4ide.<\/p>\n","protected":false},"featured_media":44621,"template":"","meta":[],"product_brand":[4250],"product_cat":[1467,1460,3975],"product_tag":[],"class_list":{"0":"post-44620","1":"product","2":"type-product","3":"status-publish","4":"has-post-thumbnail","6":"product_brand-uberlube-et","7":"product_cat-libestid","8":"product_cat-apteek","9":"product_cat-silikooni-baasil","10":"pa_brand-uberlube-et","12":"first","13":"outofstock","14":"purchasable","15":"product-type-simple"},"yoast_head":"<!-- This site is optimized with the Yoast SEO plugin v27.3 - https:\/\/yoast.com\/product\/yoast-seo-wordpress\/ -->\n<title>\u00dcberlube Refill 2x15ml | Lust and Love<\/title>\n<meta name=\"description\" content=\"\u00dcberlube silikoonbaasil libesti t\u00e4ide.\" \/>\n<meta name=\"robots\" content=\"index,follow,max-snippet:-1,max-image-preview:large,max-video-preview:-1\" \/>\n<link rel=\"canonical\" href=\"https:\/\/lustandlove.eu\/et\/toode\/uberlube-refill-2x15ml\/\" \/>\n<meta name=\"twitter:card\" content=\"summary_large_image\" \/>\n<meta name=\"twitter:title\" content=\"\u00dcberlube Refill 2x15ml | Lust and Love\" \/>\n<meta name=\"twitter:description\" content=\"\u00dcberlube silikoonbaasil libesti t\u00e4ide.\" \/>\n<meta name=\"twitter:image\" content=\"https:\/\/lustandlove.eu\/wp-content\/uploads\/TZHU1dlg-scaled-1.jpeg\" \/>\n<meta name=\"twitter:label1\" content=\"Est. reading time\" \/>\n\t<meta name=\"twitter:data1\" content=\"1 minut\" \/>\n<script type=\"application\/ld+json\" class=\"yoast-schema-graph\">{\"@context\":\"https:\\\/\\\/schema.org\",\"@graph\":[{\"@type\":[\"WebPage\",\"ItemPage\"],\"@id\":\"https:\\\/\\\/lustandlove.eu\\\/et\\\/toode\\\/uberlube-refill-2x15ml\\\/\",\"url\":\"https:\\\/\\\/lustandlove.eu\\\/et\\\/toode\\\/uberlube-refill-2x15ml\\\/\",\"name\":\"\u00dcberlube Refill 2x15ml | Lust and Love\",\"isPartOf\":{\"@id\":\"https:\\\/\\\/lustandlove.eu\\\/et\\\/#website\"},\"primaryImageOfPage\":{\"@id\":\"https:\\\/\\\/lustandlove.eu\\\/et\\\/toode\\\/uberlube-refill-2x15ml\\\/#primaryimage\"},\"image\":{\"@id\":\"https:\\\/\\\/lustandlove.eu\\\/et\\\/toode\\\/uberlube-refill-2x15ml\\\/#primaryimage\"},\"thumbnailUrl\":\"https:\\\/\\\/lustandlove.eu\\\/wp-content\\\/uploads\\\/TZHU1dlg-scaled-1.jpeg\",\"datePublished\":\"2021-05-28T04:17:50+00:00\",\"dateModified\":\"2026-04-13T07:44:24+00:00\",\"description\":\"\u00dcberlube silikoonbaasil libesti t\u00e4ide.\",\"breadcrumb\":{\"@id\":\"https:\\\/\\\/lustandlove.eu\\\/et\\\/toode\\\/uberlube-refill-2x15ml\\\/#breadcrumb\"},\"inLanguage\":\"et\",\"potentialAction\":[{\"@type\":\"ReadAction\",\"target\":[\"https:\\\/\\\/lustandlove.eu\\\/et\\\/toode\\\/uberlube-refill-2x15ml\\\/\"]}]},{\"@type\":\"ImageObject\",\"inLanguage\":\"et\",\"@id\":\"https:\\\/\\\/lustandlove.eu\\\/et\\\/toode\\\/uberlube-refill-2x15ml\\\/#primaryimage\",\"url\":\"https:\\\/\\\/lustandlove.eu\\\/wp-content\\\/uploads\\\/TZHU1dlg-scaled-1.jpeg\",\"contentUrl\":\"https:\\\/\\\/lustandlove.eu\\\/wp-content\\\/uploads\\\/TZHU1dlg-scaled-1.jpeg\",\"width\":2560,\"height\":2560},{\"@type\":\"BreadcrumbList\",\"@id\":\"https:\\\/\\\/lustandlove.eu\\\/et\\\/toode\\\/uberlube-refill-2x15ml\\\/#breadcrumb\",\"itemListElement\":[{\"@type\":\"ListItem\",\"position\":1,\"name\":\"Lust and Love\",\"item\":\"https:\\\/\\\/lustandlove.eu\\\/et\\\/\"},{\"@type\":\"ListItem\",\"position\":2,\"name\":\"Pood\",\"item\":\"https:\\\/\\\/lustandlove.eu\\\/et\\\/pood\\\/\"},{\"@type\":\"ListItem\",\"position\":3,\"name\":\"Libestid ja kehahooldus\",\"item\":\"https:\\\/\\\/lustandlove.eu\\\/et\\\/pood\\\/apteek\\\/\"},{\"@type\":\"ListItem\",\"position\":4,\"name\":\"Libestid\",\"item\":\"https:\\\/\\\/lustandlove.eu\\\/et\\\/pood\\\/apteek\\\/libestid\\\/\"},{\"@type\":\"ListItem\",\"position\":5,\"name\":\"Silikooni baasil\",\"item\":\"https:\\\/\\\/lustandlove.eu\\\/et\\\/pood\\\/apteek\\\/libestid\\\/silikooni-baasil\\\/\"},{\"@type\":\"ListItem\",\"position\":6,\"name\":\"\u00dcberlube Refill 2x15ml\"}]},{\"@type\":\"WebSite\",\"@id\":\"https:\\\/\\\/lustandlove.eu\\\/et\\\/#website\",\"url\":\"https:\\\/\\\/lustandlove.eu\\\/et\\\/\",\"name\":\"Lust &amp; Love\",\"description\":\"Online erootikapood tervise, ilu ja armastuse jaoks\",\"publisher\":{\"@id\":\"https:\\\/\\\/lustandlove.eu\\\/et\\\/#organization\"},\"potentialAction\":[{\"@type\":\"SearchAction\",\"target\":{\"@type\":\"EntryPoint\",\"urlTemplate\":\"https:\\\/\\\/lustandlove.eu\\\/et\\\/?s={search_term_string}\"},\"query-input\":{\"@type\":\"PropertyValueSpecification\",\"valueRequired\":true,\"valueName\":\"search_term_string\"}}],\"inLanguage\":\"et\"},{\"@type\":\"Organization\",\"@id\":\"https:\\\/\\\/lustandlove.eu\\\/et\\\/#organization\",\"name\":\"Bioconcept Baltics O\u00dc\",\"url\":\"https:\\\/\\\/lustandlove.eu\\\/et\\\/\",\"logo\":{\"@type\":\"ImageObject\",\"inLanguage\":\"et\",\"@id\":\"https:\\\/\\\/lustandlove.eu\\\/et\\\/#\\\/schema\\\/logo\\\/image\\\/\",\"url\":\"\",\"contentUrl\":\"\",\"caption\":\"Bioconcept Baltics O\u00dc\"},\"image\":{\"@id\":\"https:\\\/\\\/lustandlove.eu\\\/et\\\/#\\\/schema\\\/logo\\\/image\\\/\"},\"sameAs\":[\"https:\\\/\\\/www.facebook.com\\\/LustandLoveEU\\\/\",\"https:\\\/\\\/www.instagram.com\\\/lustandloveeu\\\/\"]}]}<\/script>\n<!-- \/ Yoast SEO plugin. -->","yoast_head_json":{"title":"\u00dcberlube Refill 2x15ml | Lust and Love","description":"\u00dcberlube silikoonbaasil libesti t\u00e4ide.","robots":{"index,follow,max-snippet":"index,follow,max-snippet:-1,max-image-preview:large,max-video-preview:-1"},"canonical":"https:\/\/lustandlove.eu\/et\/toode\/uberlube-refill-2x15ml\/","twitter_card":"summary_large_image","twitter_title":"\u00dcberlube Refill 2x15ml | Lust and Love","twitter_description":"\u00dcberlube silikoonbaasil libesti t\u00e4ide.","twitter_image":"https:\/\/lustandlove.eu\/wp-content\/uploads\/TZHU1dlg-scaled-1.jpeg","twitter_misc":{"Est. reading time":"1 minut"},"schema":{"@context":"https:\/\/schema.org","@graph":[{"@type":["WebPage","ItemPage"],"@id":"https:\/\/lustandlove.eu\/et\/toode\/uberlube-refill-2x15ml\/","url":"https:\/\/lustandlove.eu\/et\/toode\/uberlube-refill-2x15ml\/","name":"\u00dcberlube Refill 2x15ml | Lust and Love","isPartOf":{"@id":"https:\/\/lustandlove.eu\/et\/#website"},"primaryImageOfPage":{"@id":"https:\/\/lustandlove.eu\/et\/toode\/uberlube-refill-2x15ml\/#primaryimage"},"image":{"@id":"https:\/\/lustandlove.eu\/et\/toode\/uberlube-refill-2x15ml\/#primaryimage"},"thumbnailUrl":"https:\/\/lustandlove.eu\/wp-content\/uploads\/TZHU1dlg-scaled-1.jpeg","datePublished":"2021-05-28T04:17:50+00:00","dateModified":"2026-04-13T07:44:24+00:00","description":"\u00dcberlube silikoonbaasil libesti t\u00e4ide.","breadcrumb":{"@id":"https:\/\/lustandlove.eu\/et\/toode\/uberlube-refill-2x15ml\/#breadcrumb"},"inLanguage":"et","potentialAction":[{"@type":"ReadAction","target":["https:\/\/lustandlove.eu\/et\/toode\/uberlube-refill-2x15ml\/"]}]},{"@type":"ImageObject","inLanguage":"et","@id":"https:\/\/lustandlove.eu\/et\/toode\/uberlube-refill-2x15ml\/#primaryimage","url":"https:\/\/lustandlove.eu\/wp-content\/uploads\/TZHU1dlg-scaled-1.jpeg","contentUrl":"https:\/\/lustandlove.eu\/wp-content\/uploads\/TZHU1dlg-scaled-1.jpeg","width":2560,"height":2560},{"@type":"BreadcrumbList","@id":"https:\/\/lustandlove.eu\/et\/toode\/uberlube-refill-2x15ml\/#breadcrumb","itemListElement":[{"@type":"ListItem","position":1,"name":"Lust and Love","item":"https:\/\/lustandlove.eu\/et\/"},{"@type":"ListItem","position":2,"name":"Pood","item":"https:\/\/lustandlove.eu\/et\/pood\/"},{"@type":"ListItem","position":3,"name":"Libestid ja kehahooldus","item":"https:\/\/lustandlove.eu\/et\/pood\/apteek\/"},{"@type":"ListItem","position":4,"name":"Libestid","item":"https:\/\/lustandlove.eu\/et\/pood\/apteek\/libestid\/"},{"@type":"ListItem","position":5,"name":"Silikooni baasil","item":"https:\/\/lustandlove.eu\/et\/pood\/apteek\/libestid\/silikooni-baasil\/"},{"@type":"ListItem","position":6,"name":"\u00dcberlube Refill 2x15ml"}]},{"@type":"WebSite","@id":"https:\/\/lustandlove.eu\/et\/#website","url":"https:\/\/lustandlove.eu\/et\/","name":"Lust &amp; Love","description":"Online erootikapood tervise, ilu ja armastuse jaoks","publisher":{"@id":"https:\/\/lustandlove.eu\/et\/#organization"},"potentialAction":[{"@type":"SearchAction","target":{"@type":"EntryPoint","urlTemplate":"https:\/\/lustandlove.eu\/et\/?s={search_term_string}"},"query-input":{"@type":"PropertyValueSpecification","valueRequired":true,"valueName":"search_term_string"}}],"inLanguage":"et"},{"@type":"Organization","@id":"https:\/\/lustandlove.eu\/et\/#organization","name":"Bioconcept Baltics O\u00dc","url":"https:\/\/lustandlove.eu\/et\/","logo":{"@type":"ImageObject","inLanguage":"et","@id":"https:\/\/lustandlove.eu\/et\/#\/schema\/logo\/image\/","url":"","contentUrl":"","caption":"Bioconcept Baltics O\u00dc"},"image":{"@id":"https:\/\/lustandlove.eu\/et\/#\/schema\/logo\/image\/"},"sameAs":["https:\/\/www.facebook.com\/LustandLoveEU\/","https:\/\/www.instagram.com\/lustandloveeu\/"]}]}},"_links":{"self":[{"href":"https:\/\/lustandlove.eu\/et\/wp-json\/wp\/v2\/product\/44620","targetHints":{"allow":["GET"]}}],"collection":[{"href":"https:\/\/lustandlove.eu\/et\/wp-json\/wp\/v2\/product"}],"about":[{"href":"https:\/\/lustandlove.eu\/et\/wp-json\/wp\/v2\/types\/product"}],"wp:featuredmedia":[{"embeddable":true,"href":"https:\/\/lustandlove.eu\/et\/wp-json\/wp\/v2\/media\/44621"}],"wp:attachment":[{"href":"https:\/\/lustandlove.eu\/et\/wp-json\/wp\/v2\/media?parent=44620"}],"wp:term":[{"taxonomy":"product_brand","embeddable":true,"href":"https:\/\/lustandlove.eu\/et\/wp-json\/wp\/v2\/product_brand?post=44620"},{"taxonomy":"product_cat","embeddable":true,"href":"https:\/\/lustandlove.eu\/et\/wp-json\/wp\/v2\/product_cat?post=44620"},{"taxonomy":"product_tag","embeddable":true,"href":"https:\/\/lustandlove.eu\/et\/wp-json\/wp\/v2\/product_tag?post=44620"}],"curies":[{"name":"wp","href":"https:\/\/api.w.org\/{rel}","templated":true}]}}