{"id":44632,"date":"2021-05-28T07:08:30","date_gmt":"2021-05-28T04:08:30","guid":{"rendered":"https:\/\/www.lustandlove.eu\/product\/erutusgeel-naistele\/"},"modified":"2026-04-13T10:45:30","modified_gmt":"2026-04-13T07:45:30","slug":"erutusgeel-naistele","status":"publish","type":"product","link":"https:\/\/lustandlove.eu\/et\/toode\/erutusgeel-naistele\/","title":{"rendered":"Kliitori Erutusgeel Naistele"},"content":{"rendered":"<div class=\"wpb-content-wrapper\"><p>[vc_row][vc_column][vc_column_text woodmart_inline=&#8221;no&#8221; text_larger=&#8221;no&#8221;]<br \/>\nMiski ei sarnane tilgale kliitorile, mis tekitaks iha piparm\u00fcndiv\u00e4rinaga. Masseeri \u00f5rnalt, et kasvatada kirge. Ja avastage avastamata naudingupiirkondi. YESforLOV kliitorit stimuleeriv geel koosneb L-arginiini ekstraktist. See looduslik aminohape, kreatiini eelk\u00e4ija, toimib naise orgasmi protsessis.<\/p>\n<p><strong>Teie r\u00f5\u00f5m p\u00e4evast p\u00e4eva:<\/strong> YESforLOV kliitorit stimuleeriv geel koosneb:<\/p>\n<p>\u00d5rnalt: \u00f5rna roosiekstraktiga, mis rahustab ja v\u00e4rskendab.<\/p>\n<p>Kirglikult: t\u00e4nu piparm\u00fcndile elava kuuma ja k\u00fclma tundega.<\/p>\n<p>Hullult: Kigeline\u2019i v\u00f5luga, mis pinguldab ja toniseerib nahka.<\/p>\n<p>Kandke tilk seda geeli kliitorile ja intiimpiirkonnale. Masseerige vastavalt oma soovile ja saage inspiratsiooni\u2026 v\u00e4lise abiga v\u00f5i ilma.<\/p>\n<p>Nahas\u00f5bralik: meie naistele m\u00f5eldud erutusgeel on testitud dermatoloogilise kontrolli all.<\/p>\n<p><strong>Inspiratsioon<\/strong><br \/>\nMa tahan j\u00f5uda kaugele, kaugemale kui nauding ise, ja sirutada oma k\u00e4tt.<\/p>\n<p>Ma vaatan ja l\u00e4henen ainult siis, kui mu armastuse silmalaud kutsub mind l\u00e4hedale[\/vc_column_text][\/vc_column][\/vc_row]<\/p>\n<\/div>","protected":false},"excerpt":{"rendered":"<p>Kutsuv kastepiiskake&#8230; Instinktiivne reaktsioon, sosistav dialoog, kasvav elevus, peap\u00f6\u00f6ritus, oh jah! (V\u00e4line abi teretulnud ja hinnatud&#8230;)<\/p>\n<p>See geel toimib otse naiste erutuse allikas. Enne ja p\u00e4rast. Miski pole nagu piisk kliitoril, mis tekitaks piparm\u00fcndiv\u00e4rinas iha. Masseeri \u00f5rnalt, et kasvatada kirge. Ja avastage avastamata naudingupiirkondi.<\/p>\n","protected":false},"featured_media":51120,"template":"","meta":[],"product_brand":[4248],"product_cat":[1464,1460],"product_tag":[],"class_list":{"0":"post-44632","1":"product","2":"type-product","3":"status-publish","4":"has-post-thumbnail","6":"product_brand-yesforlov-et","7":"product_cat-erutavad-geelid","8":"product_cat-apteek","9":"pa_brand-yesforlov-et","11":"first","12":"instock","13":"purchasable","14":"product-type-simple"},"yoast_head":"<!-- This site is optimized with the Yoast SEO plugin v27.3 - https:\/\/yoast.com\/product\/yoast-seo-wordpress\/ -->\n<title>Kliitori Erutusgeel Naistele | Lust and Love<\/title>\n<meta name=\"description\" content=\"Erutusgeel toimib t\u00e4pselt naise k\u00f5ige erutavamas punktis.\" \/>\n<meta name=\"robots\" content=\"index,follow,max-snippet:-1,max-image-preview:large,max-video-preview:-1\" \/>\n<link rel=\"canonical\" href=\"https:\/\/lustandlove.eu\/et\/toode\/erutusgeel-naistele\/\" \/>\n<meta name=\"twitter:card\" content=\"summary_large_image\" \/>\n<meta name=\"twitter:title\" content=\"Kliitori Erutusgeel Naistele | Lust and Love\" \/>\n<meta name=\"twitter:description\" content=\"Erutusgeel toimib t\u00e4pselt naise k\u00f5ige erutavamas punktis.\" \/>\n<meta name=\"twitter:image\" content=\"https:\/\/lustandlove.eu\/wp-content\/uploads\/i-ccB6JKF-X2.jpg\" \/>\n<meta name=\"twitter:label1\" content=\"Est. reading time\" \/>\n\t<meta name=\"twitter:data1\" content=\"1 minut\" \/>\n<script type=\"application\/ld+json\" class=\"yoast-schema-graph\">{\"@context\":\"https:\\\/\\\/schema.org\",\"@graph\":[{\"@type\":[\"WebPage\",\"ItemPage\"],\"@id\":\"https:\\\/\\\/lustandlove.eu\\\/et\\\/toode\\\/erutusgeel-naistele\\\/\",\"url\":\"https:\\\/\\\/lustandlove.eu\\\/et\\\/toode\\\/erutusgeel-naistele\\\/\",\"name\":\"Kliitori Erutusgeel Naistele | Lust and Love\",\"isPartOf\":{\"@id\":\"https:\\\/\\\/lustandlove.eu\\\/et\\\/#website\"},\"primaryImageOfPage\":{\"@id\":\"https:\\\/\\\/lustandlove.eu\\\/et\\\/toode\\\/erutusgeel-naistele\\\/#primaryimage\"},\"image\":{\"@id\":\"https:\\\/\\\/lustandlove.eu\\\/et\\\/toode\\\/erutusgeel-naistele\\\/#primaryimage\"},\"thumbnailUrl\":\"https:\\\/\\\/lustandlove.eu\\\/wp-content\\\/uploads\\\/i-ccB6JKF-X2.jpg\",\"datePublished\":\"2021-05-28T04:08:30+00:00\",\"dateModified\":\"2026-04-13T07:45:30+00:00\",\"description\":\"Erutusgeel toimib t\u00e4pselt naise k\u00f5ige erutavamas punktis.\",\"breadcrumb\":{\"@id\":\"https:\\\/\\\/lustandlove.eu\\\/et\\\/toode\\\/erutusgeel-naistele\\\/#breadcrumb\"},\"inLanguage\":\"et\",\"potentialAction\":[{\"@type\":\"ReadAction\",\"target\":[\"https:\\\/\\\/lustandlove.eu\\\/et\\\/toode\\\/erutusgeel-naistele\\\/\"]}]},{\"@type\":\"ImageObject\",\"inLanguage\":\"et\",\"@id\":\"https:\\\/\\\/lustandlove.eu\\\/et\\\/toode\\\/erutusgeel-naistele\\\/#primaryimage\",\"url\":\"https:\\\/\\\/lustandlove.eu\\\/wp-content\\\/uploads\\\/i-ccB6JKF-X2.jpg\",\"contentUrl\":\"https:\\\/\\\/lustandlove.eu\\\/wp-content\\\/uploads\\\/i-ccB6JKF-X2.jpg\",\"width\":960,\"height\":960},{\"@type\":\"BreadcrumbList\",\"@id\":\"https:\\\/\\\/lustandlove.eu\\\/et\\\/toode\\\/erutusgeel-naistele\\\/#breadcrumb\",\"itemListElement\":[{\"@type\":\"ListItem\",\"position\":1,\"name\":\"Lust and Love\",\"item\":\"https:\\\/\\\/lustandlove.eu\\\/et\\\/\"},{\"@type\":\"ListItem\",\"position\":2,\"name\":\"Pood\",\"item\":\"https:\\\/\\\/lustandlove.eu\\\/et\\\/pood\\\/\"},{\"@type\":\"ListItem\",\"position\":3,\"name\":\"Libestid ja kehahooldus\",\"item\":\"https:\\\/\\\/lustandlove.eu\\\/et\\\/pood\\\/apteek\\\/\"},{\"@type\":\"ListItem\",\"position\":4,\"name\":\"Erutavad Geelid\",\"item\":\"https:\\\/\\\/lustandlove.eu\\\/et\\\/pood\\\/apteek\\\/erutavad-geelid\\\/\"},{\"@type\":\"ListItem\",\"position\":5,\"name\":\"Kliitori Erutusgeel Naistele\"}]},{\"@type\":\"WebSite\",\"@id\":\"https:\\\/\\\/lustandlove.eu\\\/et\\\/#website\",\"url\":\"https:\\\/\\\/lustandlove.eu\\\/et\\\/\",\"name\":\"Lust &amp; Love\",\"description\":\"Online erootikapood tervise, ilu ja armastuse jaoks\",\"publisher\":{\"@id\":\"https:\\\/\\\/lustandlove.eu\\\/et\\\/#organization\"},\"potentialAction\":[{\"@type\":\"SearchAction\",\"target\":{\"@type\":\"EntryPoint\",\"urlTemplate\":\"https:\\\/\\\/lustandlove.eu\\\/et\\\/?s={search_term_string}\"},\"query-input\":{\"@type\":\"PropertyValueSpecification\",\"valueRequired\":true,\"valueName\":\"search_term_string\"}}],\"inLanguage\":\"et\"},{\"@type\":\"Organization\",\"@id\":\"https:\\\/\\\/lustandlove.eu\\\/et\\\/#organization\",\"name\":\"Bioconcept Baltics O\u00dc\",\"url\":\"https:\\\/\\\/lustandlove.eu\\\/et\\\/\",\"logo\":{\"@type\":\"ImageObject\",\"inLanguage\":\"et\",\"@id\":\"https:\\\/\\\/lustandlove.eu\\\/et\\\/#\\\/schema\\\/logo\\\/image\\\/\",\"url\":\"\",\"contentUrl\":\"\",\"caption\":\"Bioconcept Baltics O\u00dc\"},\"image\":{\"@id\":\"https:\\\/\\\/lustandlove.eu\\\/et\\\/#\\\/schema\\\/logo\\\/image\\\/\"},\"sameAs\":[\"https:\\\/\\\/www.facebook.com\\\/LustandLoveEU\\\/\",\"https:\\\/\\\/www.instagram.com\\\/lustandloveeu\\\/\"]}]}<\/script>\n<!-- \/ Yoast SEO plugin. -->","yoast_head_json":{"title":"Kliitori Erutusgeel Naistele | Lust and Love","description":"Erutusgeel toimib t\u00e4pselt naise k\u00f5ige erutavamas punktis.","robots":{"index,follow,max-snippet":"index,follow,max-snippet:-1,max-image-preview:large,max-video-preview:-1"},"canonical":"https:\/\/lustandlove.eu\/et\/toode\/erutusgeel-naistele\/","twitter_card":"summary_large_image","twitter_title":"Kliitori Erutusgeel Naistele | Lust and Love","twitter_description":"Erutusgeel toimib t\u00e4pselt naise k\u00f5ige erutavamas punktis.","twitter_image":"https:\/\/lustandlove.eu\/wp-content\/uploads\/i-ccB6JKF-X2.jpg","twitter_misc":{"Est. reading time":"1 minut"},"schema":{"@context":"https:\/\/schema.org","@graph":[{"@type":["WebPage","ItemPage"],"@id":"https:\/\/lustandlove.eu\/et\/toode\/erutusgeel-naistele\/","url":"https:\/\/lustandlove.eu\/et\/toode\/erutusgeel-naistele\/","name":"Kliitori Erutusgeel Naistele | Lust and Love","isPartOf":{"@id":"https:\/\/lustandlove.eu\/et\/#website"},"primaryImageOfPage":{"@id":"https:\/\/lustandlove.eu\/et\/toode\/erutusgeel-naistele\/#primaryimage"},"image":{"@id":"https:\/\/lustandlove.eu\/et\/toode\/erutusgeel-naistele\/#primaryimage"},"thumbnailUrl":"https:\/\/lustandlove.eu\/wp-content\/uploads\/i-ccB6JKF-X2.jpg","datePublished":"2021-05-28T04:08:30+00:00","dateModified":"2026-04-13T07:45:30+00:00","description":"Erutusgeel toimib t\u00e4pselt naise k\u00f5ige erutavamas punktis.","breadcrumb":{"@id":"https:\/\/lustandlove.eu\/et\/toode\/erutusgeel-naistele\/#breadcrumb"},"inLanguage":"et","potentialAction":[{"@type":"ReadAction","target":["https:\/\/lustandlove.eu\/et\/toode\/erutusgeel-naistele\/"]}]},{"@type":"ImageObject","inLanguage":"et","@id":"https:\/\/lustandlove.eu\/et\/toode\/erutusgeel-naistele\/#primaryimage","url":"https:\/\/lustandlove.eu\/wp-content\/uploads\/i-ccB6JKF-X2.jpg","contentUrl":"https:\/\/lustandlove.eu\/wp-content\/uploads\/i-ccB6JKF-X2.jpg","width":960,"height":960},{"@type":"BreadcrumbList","@id":"https:\/\/lustandlove.eu\/et\/toode\/erutusgeel-naistele\/#breadcrumb","itemListElement":[{"@type":"ListItem","position":1,"name":"Lust and Love","item":"https:\/\/lustandlove.eu\/et\/"},{"@type":"ListItem","position":2,"name":"Pood","item":"https:\/\/lustandlove.eu\/et\/pood\/"},{"@type":"ListItem","position":3,"name":"Libestid ja kehahooldus","item":"https:\/\/lustandlove.eu\/et\/pood\/apteek\/"},{"@type":"ListItem","position":4,"name":"Erutavad Geelid","item":"https:\/\/lustandlove.eu\/et\/pood\/apteek\/erutavad-geelid\/"},{"@type":"ListItem","position":5,"name":"Kliitori Erutusgeel Naistele"}]},{"@type":"WebSite","@id":"https:\/\/lustandlove.eu\/et\/#website","url":"https:\/\/lustandlove.eu\/et\/","name":"Lust &amp; Love","description":"Online erootikapood tervise, ilu ja armastuse jaoks","publisher":{"@id":"https:\/\/lustandlove.eu\/et\/#organization"},"potentialAction":[{"@type":"SearchAction","target":{"@type":"EntryPoint","urlTemplate":"https:\/\/lustandlove.eu\/et\/?s={search_term_string}"},"query-input":{"@type":"PropertyValueSpecification","valueRequired":true,"valueName":"search_term_string"}}],"inLanguage":"et"},{"@type":"Organization","@id":"https:\/\/lustandlove.eu\/et\/#organization","name":"Bioconcept Baltics O\u00dc","url":"https:\/\/lustandlove.eu\/et\/","logo":{"@type":"ImageObject","inLanguage":"et","@id":"https:\/\/lustandlove.eu\/et\/#\/schema\/logo\/image\/","url":"","contentUrl":"","caption":"Bioconcept Baltics O\u00dc"},"image":{"@id":"https:\/\/lustandlove.eu\/et\/#\/schema\/logo\/image\/"},"sameAs":["https:\/\/www.facebook.com\/LustandLoveEU\/","https:\/\/www.instagram.com\/lustandloveeu\/"]}]}},"_links":{"self":[{"href":"https:\/\/lustandlove.eu\/et\/wp-json\/wp\/v2\/product\/44632","targetHints":{"allow":["GET"]}}],"collection":[{"href":"https:\/\/lustandlove.eu\/et\/wp-json\/wp\/v2\/product"}],"about":[{"href":"https:\/\/lustandlove.eu\/et\/wp-json\/wp\/v2\/types\/product"}],"wp:featuredmedia":[{"embeddable":true,"href":"https:\/\/lustandlove.eu\/et\/wp-json\/wp\/v2\/media\/51120"}],"wp:attachment":[{"href":"https:\/\/lustandlove.eu\/et\/wp-json\/wp\/v2\/media?parent=44632"}],"wp:term":[{"taxonomy":"product_brand","embeddable":true,"href":"https:\/\/lustandlove.eu\/et\/wp-json\/wp\/v2\/product_brand?post=44632"},{"taxonomy":"product_cat","embeddable":true,"href":"https:\/\/lustandlove.eu\/et\/wp-json\/wp\/v2\/product_cat?post=44632"},{"taxonomy":"product_tag","embeddable":true,"href":"https:\/\/lustandlove.eu\/et\/wp-json\/wp\/v2\/product_tag?post=44632"}],"curies":[{"name":"wp","href":"https:\/\/api.w.org\/{rel}","templated":true}]}}