{"id":44650,"date":"2021-05-28T07:08:29","date_gmt":"2021-05-28T04:08:29","guid":{"rendered":"https:\/\/www.lustandlove.eu\/product\/noiduslik-massaazioli\/"},"modified":"2026-04-13T10:45:30","modified_gmt":"2026-04-13T07:45:30","slug":"orritav-massaazioli-2","status":"publish","type":"product","link":"https:\/\/lustandlove.eu\/et\/toode\/orritav-massaazioli-2\/","title":{"rendered":"\u00d5rritav Massaazi\u00f5li"},"content":{"rendered":"<div class=\"wpb-content-wrapper\"><p>[vc_row][vc_column][vc_column_text css=&#8221;&#8221; woodmart_inline=&#8221;no&#8221; text_larger=&#8221;no&#8221;]Kogege parimat paaridele m\u00f5eldud massaa\u017ei\u00f5li \u2013 soe, jumalikult l\u00f5\u00f5gastav ja uskumatult sensuaalne. See massaa\u017ei\u00f5li \u00e4ratab meeled ja viib teid r\u00e4nnakule, kus avastate oma partneri keha ja k\u00f5iki magusaid tundeid, mida nahk v\u00f5ib kogeda.<\/p>\n<p>\u00c4rge olge tagasihoidlik! Laske end v\u00f5luda selle kerge, mitterasvase ja mitte-kleepuva tekstuuriga, mis ei m\u00e4\u00e4ri riideid ega linu. Meelik\u00f6itev ja v\u00fcrtsikas aroom \u00e4ratab ellu teie salajased soovid.<\/p>\n<p>K\u00f5rge kvaliteediga looduslikud keha\u00f5lid niisutavad ja pehmendavad nahka, j\u00e4ttes selle siidiselt siledaks p\u00e4rast seda v\u00f5rgutavat massaa\u017ei. P\u00e4rast kasutamist ei ole vaja du\u0161i all k\u00e4ia, kuna imeline koostis imendub nahka, toniseerides ja niisutades seda samaaegselt.<\/p>\n<p>Nii vastupandamatu kui ka s\u00f5ltuvusttekitav \u2013 YESforLOV massaa\u017ei\u00f5li on loodud spetsiaalselt naha s\u00e4rama panemiseks, lihaste l\u00f5dvestamiseks, sensuaalse meeleolu loomiseks ja erootilise kire suurendamiseks armastavate partnerite vahel.<\/p>\n<p>Selle looduslik koostis hoolitseb teie naha eest ja kutsub teid nautima erootilist, l\u00f5\u00f5gastavat ja kauakestvat massaa\u017ei.<\/p>\n<p>Et muuta see toode veelgi erilisemaks, p\u00e4lvis see Prantsusmaal <em>Victoires de la Beaut\u00e9<\/em> konkursil auhinna, mis t\u00f5estab, et meie toode vastab k\u00f5rgeimatele standarditele.[\/vc_column_text][\/vc_column][\/vc_row]<\/p>\n<\/div>","protected":false},"excerpt":{"rendered":"<p>Meelik\u00f6itev aroom sobib v\u00e4ga laiale publikule, olenemata soost v\u00f5i vanusest. Nagu armastus esimesest v\u00fcrtsist \u2013 rummi ja kaneeli noodid k\u00f6idavad su t\u00e4helepanu ja kutsuvad sind sensuaalsele ning luksuslikule r\u00e4nnakule.<\/p>\n<p>Liilia ja jasmiini l\u00f5hnad sulanduvad t\u00e4iuslikus harmoonias viiruki ja seedriga, samas kui vanill ja dattel lisavad magusust sellele juba niigi harmoonilisele kooslusele.<\/p>\n<p>Tunnustatud Prantsuse parf\u00fcmeeri Mathilde Bijaoui loodud l\u00f5hnade suurejooneline s\u00fcmfoonia inspireerib kujutlusv\u00f5imet ja viib sind unustamatule r\u00e4nnakule.<\/p>\n<p>Piiratud aja jooksul saad kingituse koos k\u00f5ikide Yesforlov massaa\u017eik\u00fc\u00fcnalde ja \u00f5lidega! \ud83c\udf81<\/p>\n","protected":false},"featured_media":44654,"template":"","meta":[],"product_brand":[4248],"product_cat":[1460,1468],"product_tag":[1574],"class_list":{"0":"post-44650","1":"product","2":"type-product","3":"status-publish","4":"has-post-thumbnail","6":"product_brand-yesforlov-et","7":"product_cat-apteek","8":"product_cat-massaaziolid-ja-geelid","9":"product_tag-massaaz-et","10":"pa_brand-yesforlov-et","12":"first","13":"instock","14":"taxable","15":"shipping-taxable","16":"purchasable","17":"product-type-variable"},"yoast_head":"<!-- This site is optimized with the Yoast SEO plugin v27.3 - https:\/\/yoast.com\/product\/yoast-seo-wordpress\/ -->\n<title>\u00d5rritav massa\u0161i\u00f5li mis kutsub teise keha avastama<\/title>\n<meta name=\"description\" content=\"Nagu armastus esimesest v\u00fcrtsist \u2013 rummi ja kaneeli noodid k\u00f6idavad su t\u00e4helepanu ja kutsuvad sind sensuaalsele ning luksuslikule r\u00e4nnakule.\" \/>\n<meta name=\"robots\" content=\"index,follow,max-snippet:-1,max-image-preview:large,max-video-preview:-1\" \/>\n<link rel=\"canonical\" href=\"https:\/\/lustandlove.eu\/et\/toode\/orritav-massaazioli-2\/\" \/>\n<meta name=\"twitter:card\" content=\"summary_large_image\" \/>\n<meta name=\"twitter:title\" content=\"\u00d5rritav massa\u0161i\u00f5li mis kutsub teise keha avastama\" \/>\n<meta name=\"twitter:description\" content=\"Nagu armastus esimesest v\u00fcrtsist \u2013 rummi ja kaneeli noodid k\u00f6idavad su t\u00e4helepanu ja kutsuvad sind sensuaalsele ning luksuslikule r\u00e4nnakule.\" \/>\n<meta name=\"twitter:image\" content=\"https:\/\/lustandlove.eu\/wp-content\/uploads\/i-Kg4Sj2D-X2.jpg\" \/>\n<meta name=\"twitter:label1\" content=\"Est. reading time\" \/>\n\t<meta name=\"twitter:data1\" content=\"2 minutit\" \/>\n<script type=\"application\/ld+json\" class=\"yoast-schema-graph\">{\"@context\":\"https:\\\/\\\/schema.org\",\"@graph\":[{\"@type\":[\"WebPage\",\"ItemPage\"],\"@id\":\"https:\\\/\\\/lustandlove.eu\\\/et\\\/toode\\\/orritav-massaazioli-2\\\/\",\"url\":\"https:\\\/\\\/lustandlove.eu\\\/et\\\/toode\\\/orritav-massaazioli-2\\\/\",\"name\":\"\u00d5rritav massa\u0161i\u00f5li mis kutsub teise keha avastama\",\"isPartOf\":{\"@id\":\"https:\\\/\\\/lustandlove.eu\\\/et\\\/#website\"},\"primaryImageOfPage\":{\"@id\":\"https:\\\/\\\/lustandlove.eu\\\/et\\\/toode\\\/orritav-massaazioli-2\\\/#primaryimage\"},\"image\":{\"@id\":\"https:\\\/\\\/lustandlove.eu\\\/et\\\/toode\\\/orritav-massaazioli-2\\\/#primaryimage\"},\"thumbnailUrl\":\"https:\\\/\\\/lustandlove.eu\\\/wp-content\\\/uploads\\\/i-Kg4Sj2D-X2.jpg\",\"datePublished\":\"2021-05-28T04:08:29+00:00\",\"dateModified\":\"2026-04-13T07:45:30+00:00\",\"description\":\"Nagu armastus esimesest v\u00fcrtsist \u2013 rummi ja kaneeli noodid k\u00f6idavad su t\u00e4helepanu ja kutsuvad sind sensuaalsele ning luksuslikule r\u00e4nnakule.\",\"breadcrumb\":{\"@id\":\"https:\\\/\\\/lustandlove.eu\\\/et\\\/toode\\\/orritav-massaazioli-2\\\/#breadcrumb\"},\"inLanguage\":\"et\",\"potentialAction\":[{\"@type\":\"ReadAction\",\"target\":[\"https:\\\/\\\/lustandlove.eu\\\/et\\\/toode\\\/orritav-massaazioli-2\\\/\"]}]},{\"@type\":\"ImageObject\",\"inLanguage\":\"et\",\"@id\":\"https:\\\/\\\/lustandlove.eu\\\/et\\\/toode\\\/orritav-massaazioli-2\\\/#primaryimage\",\"url\":\"https:\\\/\\\/lustandlove.eu\\\/wp-content\\\/uploads\\\/i-Kg4Sj2D-X2.jpg\",\"contentUrl\":\"https:\\\/\\\/lustandlove.eu\\\/wp-content\\\/uploads\\\/i-Kg4Sj2D-X2.jpg\",\"width\":960,\"height\":960},{\"@type\":\"BreadcrumbList\",\"@id\":\"https:\\\/\\\/lustandlove.eu\\\/et\\\/toode\\\/orritav-massaazioli-2\\\/#breadcrumb\",\"itemListElement\":[{\"@type\":\"ListItem\",\"position\":1,\"name\":\"Lust and Love\",\"item\":\"https:\\\/\\\/lustandlove.eu\\\/et\\\/\"},{\"@type\":\"ListItem\",\"position\":2,\"name\":\"Pood\",\"item\":\"https:\\\/\\\/lustandlove.eu\\\/et\\\/pood\\\/\"},{\"@type\":\"ListItem\",\"position\":3,\"name\":\"Libestid ja kehahooldus\",\"item\":\"https:\\\/\\\/lustandlove.eu\\\/et\\\/pood\\\/apteek\\\/\"},{\"@type\":\"ListItem\",\"position\":4,\"name\":\"Massaa\u017ei\u00f5lid ja -geelid\",\"item\":\"https:\\\/\\\/lustandlove.eu\\\/et\\\/pood\\\/apteek\\\/massaaziolid-ja-geelid\\\/\"},{\"@type\":\"ListItem\",\"position\":5,\"name\":\"\u00d5rritav Massaazi\u00f5li\"}]},{\"@type\":\"WebSite\",\"@id\":\"https:\\\/\\\/lustandlove.eu\\\/et\\\/#website\",\"url\":\"https:\\\/\\\/lustandlove.eu\\\/et\\\/\",\"name\":\"Lust &amp; Love\",\"description\":\"Online erootikapood tervise, ilu ja armastuse jaoks\",\"publisher\":{\"@id\":\"https:\\\/\\\/lustandlove.eu\\\/et\\\/#organization\"},\"potentialAction\":[{\"@type\":\"SearchAction\",\"target\":{\"@type\":\"EntryPoint\",\"urlTemplate\":\"https:\\\/\\\/lustandlove.eu\\\/et\\\/?s={search_term_string}\"},\"query-input\":{\"@type\":\"PropertyValueSpecification\",\"valueRequired\":true,\"valueName\":\"search_term_string\"}}],\"inLanguage\":\"et\"},{\"@type\":\"Organization\",\"@id\":\"https:\\\/\\\/lustandlove.eu\\\/et\\\/#organization\",\"name\":\"Bioconcept Baltics O\u00dc\",\"url\":\"https:\\\/\\\/lustandlove.eu\\\/et\\\/\",\"logo\":{\"@type\":\"ImageObject\",\"inLanguage\":\"et\",\"@id\":\"https:\\\/\\\/lustandlove.eu\\\/et\\\/#\\\/schema\\\/logo\\\/image\\\/\",\"url\":\"\",\"contentUrl\":\"\",\"caption\":\"Bioconcept Baltics O\u00dc\"},\"image\":{\"@id\":\"https:\\\/\\\/lustandlove.eu\\\/et\\\/#\\\/schema\\\/logo\\\/image\\\/\"},\"sameAs\":[\"https:\\\/\\\/www.facebook.com\\\/LustandLoveEU\\\/\",\"https:\\\/\\\/www.instagram.com\\\/lustandloveeu\\\/\"]}]}<\/script>\n<!-- \/ Yoast SEO plugin. -->","yoast_head_json":{"title":"\u00d5rritav massa\u0161i\u00f5li mis kutsub teise keha avastama","description":"Nagu armastus esimesest v\u00fcrtsist \u2013 rummi ja kaneeli noodid k\u00f6idavad su t\u00e4helepanu ja kutsuvad sind sensuaalsele ning luksuslikule r\u00e4nnakule.","robots":{"index,follow,max-snippet":"index,follow,max-snippet:-1,max-image-preview:large,max-video-preview:-1"},"canonical":"https:\/\/lustandlove.eu\/et\/toode\/orritav-massaazioli-2\/","twitter_card":"summary_large_image","twitter_title":"\u00d5rritav massa\u0161i\u00f5li mis kutsub teise keha avastama","twitter_description":"Nagu armastus esimesest v\u00fcrtsist \u2013 rummi ja kaneeli noodid k\u00f6idavad su t\u00e4helepanu ja kutsuvad sind sensuaalsele ning luksuslikule r\u00e4nnakule.","twitter_image":"https:\/\/lustandlove.eu\/wp-content\/uploads\/i-Kg4Sj2D-X2.jpg","twitter_misc":{"Est. reading time":"2 minutit"},"schema":{"@context":"https:\/\/schema.org","@graph":[{"@type":["WebPage","ItemPage"],"@id":"https:\/\/lustandlove.eu\/et\/toode\/orritav-massaazioli-2\/","url":"https:\/\/lustandlove.eu\/et\/toode\/orritav-massaazioli-2\/","name":"\u00d5rritav massa\u0161i\u00f5li mis kutsub teise keha avastama","isPartOf":{"@id":"https:\/\/lustandlove.eu\/et\/#website"},"primaryImageOfPage":{"@id":"https:\/\/lustandlove.eu\/et\/toode\/orritav-massaazioli-2\/#primaryimage"},"image":{"@id":"https:\/\/lustandlove.eu\/et\/toode\/orritav-massaazioli-2\/#primaryimage"},"thumbnailUrl":"https:\/\/lustandlove.eu\/wp-content\/uploads\/i-Kg4Sj2D-X2.jpg","datePublished":"2021-05-28T04:08:29+00:00","dateModified":"2026-04-13T07:45:30+00:00","description":"Nagu armastus esimesest v\u00fcrtsist \u2013 rummi ja kaneeli noodid k\u00f6idavad su t\u00e4helepanu ja kutsuvad sind sensuaalsele ning luksuslikule r\u00e4nnakule.","breadcrumb":{"@id":"https:\/\/lustandlove.eu\/et\/toode\/orritav-massaazioli-2\/#breadcrumb"},"inLanguage":"et","potentialAction":[{"@type":"ReadAction","target":["https:\/\/lustandlove.eu\/et\/toode\/orritav-massaazioli-2\/"]}]},{"@type":"ImageObject","inLanguage":"et","@id":"https:\/\/lustandlove.eu\/et\/toode\/orritav-massaazioli-2\/#primaryimage","url":"https:\/\/lustandlove.eu\/wp-content\/uploads\/i-Kg4Sj2D-X2.jpg","contentUrl":"https:\/\/lustandlove.eu\/wp-content\/uploads\/i-Kg4Sj2D-X2.jpg","width":960,"height":960},{"@type":"BreadcrumbList","@id":"https:\/\/lustandlove.eu\/et\/toode\/orritav-massaazioli-2\/#breadcrumb","itemListElement":[{"@type":"ListItem","position":1,"name":"Lust and Love","item":"https:\/\/lustandlove.eu\/et\/"},{"@type":"ListItem","position":2,"name":"Pood","item":"https:\/\/lustandlove.eu\/et\/pood\/"},{"@type":"ListItem","position":3,"name":"Libestid ja kehahooldus","item":"https:\/\/lustandlove.eu\/et\/pood\/apteek\/"},{"@type":"ListItem","position":4,"name":"Massaa\u017ei\u00f5lid ja -geelid","item":"https:\/\/lustandlove.eu\/et\/pood\/apteek\/massaaziolid-ja-geelid\/"},{"@type":"ListItem","position":5,"name":"\u00d5rritav Massaazi\u00f5li"}]},{"@type":"WebSite","@id":"https:\/\/lustandlove.eu\/et\/#website","url":"https:\/\/lustandlove.eu\/et\/","name":"Lust &amp; Love","description":"Online erootikapood tervise, ilu ja armastuse jaoks","publisher":{"@id":"https:\/\/lustandlove.eu\/et\/#organization"},"potentialAction":[{"@type":"SearchAction","target":{"@type":"EntryPoint","urlTemplate":"https:\/\/lustandlove.eu\/et\/?s={search_term_string}"},"query-input":{"@type":"PropertyValueSpecification","valueRequired":true,"valueName":"search_term_string"}}],"inLanguage":"et"},{"@type":"Organization","@id":"https:\/\/lustandlove.eu\/et\/#organization","name":"Bioconcept Baltics O\u00dc","url":"https:\/\/lustandlove.eu\/et\/","logo":{"@type":"ImageObject","inLanguage":"et","@id":"https:\/\/lustandlove.eu\/et\/#\/schema\/logo\/image\/","url":"","contentUrl":"","caption":"Bioconcept Baltics O\u00dc"},"image":{"@id":"https:\/\/lustandlove.eu\/et\/#\/schema\/logo\/image\/"},"sameAs":["https:\/\/www.facebook.com\/LustandLoveEU\/","https:\/\/www.instagram.com\/lustandloveeu\/"]}]}},"_links":{"self":[{"href":"https:\/\/lustandlove.eu\/et\/wp-json\/wp\/v2\/product\/44650","targetHints":{"allow":["GET"]}}],"collection":[{"href":"https:\/\/lustandlove.eu\/et\/wp-json\/wp\/v2\/product"}],"about":[{"href":"https:\/\/lustandlove.eu\/et\/wp-json\/wp\/v2\/types\/product"}],"wp:featuredmedia":[{"embeddable":true,"href":"https:\/\/lustandlove.eu\/et\/wp-json\/wp\/v2\/media\/44654"}],"wp:attachment":[{"href":"https:\/\/lustandlove.eu\/et\/wp-json\/wp\/v2\/media?parent=44650"}],"wp:term":[{"taxonomy":"product_brand","embeddable":true,"href":"https:\/\/lustandlove.eu\/et\/wp-json\/wp\/v2\/product_brand?post=44650"},{"taxonomy":"product_cat","embeddable":true,"href":"https:\/\/lustandlove.eu\/et\/wp-json\/wp\/v2\/product_cat?post=44650"},{"taxonomy":"product_tag","embeddable":true,"href":"https:\/\/lustandlove.eu\/et\/wp-json\/wp\/v2\/product_tag?post=44650"}],"curies":[{"name":"wp","href":"https:\/\/api.w.org\/{rel}","templated":true}]}}