{"id":44671,"date":"2021-08-17T11:21:39","date_gmt":"2021-08-17T08:21:39","guid":{"rendered":"https:\/\/www.lustandlove.eu\/product\/premium-tenga-rolling-head-cup\/"},"modified":"2026-04-13T10:36:59","modified_gmt":"2026-04-13T07:36:59","slug":"premium-tenga-rolling-head-cup","status":"publish","type":"product","link":"https:\/\/lustandlove.eu\/et\/toode\/premium-tenga-rolling-head-cup\/","title":{"rendered":"PREMIUM Tenga rolling head cup"},"content":{"rendered":"<div class=\"wpb-content-wrapper\"><p>[vc_row][vc_column][vc_column_text woodmart_inline=&#8221;no&#8221; text_larger=&#8221;no&#8221;]<br \/>\nPaindlik spiraalne keha v\u00f5imaldab kasutajal suunata stimulatsiooni peenise tipule koos t\u00e4iustatud elastomeerist sisendiga k\u00f5ige s\u00fcgavamas piirkonnas v\u00f5i suruda eset s\u00fcgavama sisestamise tunnetamiseks kokku. Uue kitsama keskosaga, mis tagab tihedama pigistamise, ootavad teid t\u00e4iustatud d\u00fcnaamilised m\u00f5nud.<\/p>\n<p>Rolling Head Cupil on suur plastiline ja painduv keha, mis lubab kasutajal samaaegselt stimuleerida nii peenise pead kui ka peenise keha igas suunas. Kasuta masturbaatorit nagu tavaliselt v\u00f5i naudi ringjate liigutustega stimulatsioone vastu oma peenise pead.<\/p>\n<p>Sisemine muster on as\u00fcmmeetriline, mis tagab laia valiku m\u00f5nusid.<\/p>\n<p>Rolling Head Cup tipus asub kleeps, mille eemaldamisega on v\u00f5imalik kontrollida masturbaatori vaakumi tugevust. Kasuta oma n\u00e4ppu, et leida enda jaoks sobilik vaakum.<\/p>\n<p>Sisemine tasku on 1.5x tihkem kui Standard Cup! Premium seeria on valmistatud k\u00f5ige parema kvalikteediga elastomeerist mis tagab pehmema ja mugavama kasutamise. Kaasasolev libesti on siidine geel, mida on lihtne koristada.[\/vc_column_text][\/vc_column][\/vc_row]<\/p>\n<\/div>","protected":false},"excerpt":{"rendered":"<p>[vc_row][vc_column][vc_column_text woodmart_inline=&#8221;no&#8221; text_larger=&#8221;no&#8221;] Paindlik spiraalne keha v\u00f5imaldab kasutajal suunata stimulatsiooni peenise tipule koos t\u00e4iustatud elastomeerist sisendiga k\u00f5ige s\u00fcgavamas piirkonnas v\u00f5i<\/p>\n","protected":false},"featured_media":44551,"template":"","meta":[],"product_brand":[4244],"product_cat":[4008,1480,1477],"product_tag":[],"class_list":{"0":"post-44671","1":"product","2":"type-product","3":"status-publish","4":"has-post-thumbnail","6":"product_brand-tenga-et","7":"product_cat-manuaalsed","8":"product_cat-masturbaatorid","9":"product_cat-meestele","10":"pa_brand-tenga-et","12":"first","13":"instock","14":"taxable","15":"shipping-taxable","16":"purchasable","17":"product-type-simple"},"yoast_head":"<!-- This site is optimized with the Yoast SEO plugin v27.3 - https:\/\/yoast.com\/product\/yoast-seo-wordpress\/ -->\n<title>PREMIUM Tenga rolling head cup | Lust and Love<\/title>\n<meta name=\"robots\" content=\"index,follow,max-snippet:-1,max-image-preview:large,max-video-preview:-1\" \/>\n<link rel=\"canonical\" href=\"https:\/\/lustandlove.eu\/et\/toode\/premium-tenga-rolling-head-cup\/\" \/>\n<meta name=\"twitter:card\" content=\"summary_large_image\" \/>\n<meta name=\"twitter:title\" content=\"PREMIUM Tenga rolling head cup | Lust and Love\" \/>\n<meta name=\"twitter:description\" content=\"[vc_row][vc_column][vc_column_text woodmart_inline=&#8221;no&#8221; text_larger=&#8221;no&#8221;] Paindlik spiraalne keha v\u00f5imaldab kasutajal suunata stimulatsiooni peenise tipule koos t\u00e4iustatud elastomeerist sisendiga k\u00f5ige s\u00fcgavamas piirkonnas v\u00f5i\" \/>\n<meta name=\"twitter:image\" content=\"https:\/\/lustandlove.eu\/wp-content\/uploads\/TOC-203PT_01_750x.jpg\" \/>\n<meta name=\"twitter:label1\" content=\"Est. reading time\" \/>\n\t<meta name=\"twitter:data1\" content=\"1 minut\" \/>\n<script type=\"application\/ld+json\" class=\"yoast-schema-graph\">{\"@context\":\"https:\\\/\\\/schema.org\",\"@graph\":[{\"@type\":[\"WebPage\",\"ItemPage\"],\"@id\":\"https:\\\/\\\/lustandlove.eu\\\/et\\\/toode\\\/premium-tenga-rolling-head-cup\\\/\",\"url\":\"https:\\\/\\\/lustandlove.eu\\\/et\\\/toode\\\/premium-tenga-rolling-head-cup\\\/\",\"name\":\"PREMIUM Tenga rolling head cup | Lust and Love\",\"isPartOf\":{\"@id\":\"https:\\\/\\\/lustandlove.eu\\\/et\\\/#website\"},\"primaryImageOfPage\":{\"@id\":\"https:\\\/\\\/lustandlove.eu\\\/et\\\/toode\\\/premium-tenga-rolling-head-cup\\\/#primaryimage\"},\"image\":{\"@id\":\"https:\\\/\\\/lustandlove.eu\\\/et\\\/toode\\\/premium-tenga-rolling-head-cup\\\/#primaryimage\"},\"thumbnailUrl\":\"https:\\\/\\\/lustandlove.eu\\\/wp-content\\\/uploads\\\/TOC-203PT_01_750x.jpg\",\"datePublished\":\"2021-08-17T08:21:39+00:00\",\"dateModified\":\"2026-04-13T07:36:59+00:00\",\"breadcrumb\":{\"@id\":\"https:\\\/\\\/lustandlove.eu\\\/et\\\/toode\\\/premium-tenga-rolling-head-cup\\\/#breadcrumb\"},\"inLanguage\":\"et\",\"potentialAction\":[{\"@type\":\"ReadAction\",\"target\":[\"https:\\\/\\\/lustandlove.eu\\\/et\\\/toode\\\/premium-tenga-rolling-head-cup\\\/\"]}]},{\"@type\":\"ImageObject\",\"inLanguage\":\"et\",\"@id\":\"https:\\\/\\\/lustandlove.eu\\\/et\\\/toode\\\/premium-tenga-rolling-head-cup\\\/#primaryimage\",\"url\":\"https:\\\/\\\/lustandlove.eu\\\/wp-content\\\/uploads\\\/TOC-203PT_01_750x.jpg\",\"contentUrl\":\"https:\\\/\\\/lustandlove.eu\\\/wp-content\\\/uploads\\\/TOC-203PT_01_750x.jpg\",\"width\":750,\"height\":750,\"caption\":\"PREMIUM Tenga rolling head cup\"},{\"@type\":\"BreadcrumbList\",\"@id\":\"https:\\\/\\\/lustandlove.eu\\\/et\\\/toode\\\/premium-tenga-rolling-head-cup\\\/#breadcrumb\",\"itemListElement\":[{\"@type\":\"ListItem\",\"position\":1,\"name\":\"Lust and Love\",\"item\":\"https:\\\/\\\/lustandlove.eu\\\/et\\\/\"},{\"@type\":\"ListItem\",\"position\":2,\"name\":\"Pood\",\"item\":\"https:\\\/\\\/lustandlove.eu\\\/et\\\/pood\\\/\"},{\"@type\":\"ListItem\",\"position\":3,\"name\":\"Meestele\",\"item\":\"https:\\\/\\\/lustandlove.eu\\\/et\\\/pood\\\/meestele\\\/\"},{\"@type\":\"ListItem\",\"position\":4,\"name\":\"PREMIUM Tenga rolling head cup\"}]},{\"@type\":\"WebSite\",\"@id\":\"https:\\\/\\\/lustandlove.eu\\\/et\\\/#website\",\"url\":\"https:\\\/\\\/lustandlove.eu\\\/et\\\/\",\"name\":\"Lust &amp; Love\",\"description\":\"Online erootikapood tervise, ilu ja armastuse jaoks\",\"publisher\":{\"@id\":\"https:\\\/\\\/lustandlove.eu\\\/et\\\/#organization\"},\"potentialAction\":[{\"@type\":\"SearchAction\",\"target\":{\"@type\":\"EntryPoint\",\"urlTemplate\":\"https:\\\/\\\/lustandlove.eu\\\/et\\\/?s={search_term_string}\"},\"query-input\":{\"@type\":\"PropertyValueSpecification\",\"valueRequired\":true,\"valueName\":\"search_term_string\"}}],\"inLanguage\":\"et\"},{\"@type\":\"Organization\",\"@id\":\"https:\\\/\\\/lustandlove.eu\\\/et\\\/#organization\",\"name\":\"Bioconcept Baltics O\u00dc\",\"url\":\"https:\\\/\\\/lustandlove.eu\\\/et\\\/\",\"logo\":{\"@type\":\"ImageObject\",\"inLanguage\":\"et\",\"@id\":\"https:\\\/\\\/lustandlove.eu\\\/et\\\/#\\\/schema\\\/logo\\\/image\\\/\",\"url\":\"\",\"contentUrl\":\"\",\"caption\":\"Bioconcept Baltics O\u00dc\"},\"image\":{\"@id\":\"https:\\\/\\\/lustandlove.eu\\\/et\\\/#\\\/schema\\\/logo\\\/image\\\/\"},\"sameAs\":[\"https:\\\/\\\/www.facebook.com\\\/LustandLoveEU\\\/\",\"https:\\\/\\\/www.instagram.com\\\/lustandloveeu\\\/\"]}]}<\/script>\n<!-- \/ Yoast SEO plugin. -->","yoast_head_json":{"title":"PREMIUM Tenga rolling head cup | Lust and Love","robots":{"index,follow,max-snippet":"index,follow,max-snippet:-1,max-image-preview:large,max-video-preview:-1"},"canonical":"https:\/\/lustandlove.eu\/et\/toode\/premium-tenga-rolling-head-cup\/","twitter_card":"summary_large_image","twitter_title":"PREMIUM Tenga rolling head cup | Lust and Love","twitter_description":"[vc_row][vc_column][vc_column_text woodmart_inline=&#8221;no&#8221; text_larger=&#8221;no&#8221;] Paindlik spiraalne keha v\u00f5imaldab kasutajal suunata stimulatsiooni peenise tipule koos t\u00e4iustatud elastomeerist sisendiga k\u00f5ige s\u00fcgavamas piirkonnas v\u00f5i","twitter_image":"https:\/\/lustandlove.eu\/wp-content\/uploads\/TOC-203PT_01_750x.jpg","twitter_misc":{"Est. reading time":"1 minut"},"schema":{"@context":"https:\/\/schema.org","@graph":[{"@type":["WebPage","ItemPage"],"@id":"https:\/\/lustandlove.eu\/et\/toode\/premium-tenga-rolling-head-cup\/","url":"https:\/\/lustandlove.eu\/et\/toode\/premium-tenga-rolling-head-cup\/","name":"PREMIUM Tenga rolling head cup | Lust and Love","isPartOf":{"@id":"https:\/\/lustandlove.eu\/et\/#website"},"primaryImageOfPage":{"@id":"https:\/\/lustandlove.eu\/et\/toode\/premium-tenga-rolling-head-cup\/#primaryimage"},"image":{"@id":"https:\/\/lustandlove.eu\/et\/toode\/premium-tenga-rolling-head-cup\/#primaryimage"},"thumbnailUrl":"https:\/\/lustandlove.eu\/wp-content\/uploads\/TOC-203PT_01_750x.jpg","datePublished":"2021-08-17T08:21:39+00:00","dateModified":"2026-04-13T07:36:59+00:00","breadcrumb":{"@id":"https:\/\/lustandlove.eu\/et\/toode\/premium-tenga-rolling-head-cup\/#breadcrumb"},"inLanguage":"et","potentialAction":[{"@type":"ReadAction","target":["https:\/\/lustandlove.eu\/et\/toode\/premium-tenga-rolling-head-cup\/"]}]},{"@type":"ImageObject","inLanguage":"et","@id":"https:\/\/lustandlove.eu\/et\/toode\/premium-tenga-rolling-head-cup\/#primaryimage","url":"https:\/\/lustandlove.eu\/wp-content\/uploads\/TOC-203PT_01_750x.jpg","contentUrl":"https:\/\/lustandlove.eu\/wp-content\/uploads\/TOC-203PT_01_750x.jpg","width":750,"height":750,"caption":"PREMIUM Tenga rolling head cup"},{"@type":"BreadcrumbList","@id":"https:\/\/lustandlove.eu\/et\/toode\/premium-tenga-rolling-head-cup\/#breadcrumb","itemListElement":[{"@type":"ListItem","position":1,"name":"Lust and Love","item":"https:\/\/lustandlove.eu\/et\/"},{"@type":"ListItem","position":2,"name":"Pood","item":"https:\/\/lustandlove.eu\/et\/pood\/"},{"@type":"ListItem","position":3,"name":"Meestele","item":"https:\/\/lustandlove.eu\/et\/pood\/meestele\/"},{"@type":"ListItem","position":4,"name":"PREMIUM Tenga rolling head cup"}]},{"@type":"WebSite","@id":"https:\/\/lustandlove.eu\/et\/#website","url":"https:\/\/lustandlove.eu\/et\/","name":"Lust &amp; Love","description":"Online erootikapood tervise, ilu ja armastuse jaoks","publisher":{"@id":"https:\/\/lustandlove.eu\/et\/#organization"},"potentialAction":[{"@type":"SearchAction","target":{"@type":"EntryPoint","urlTemplate":"https:\/\/lustandlove.eu\/et\/?s={search_term_string}"},"query-input":{"@type":"PropertyValueSpecification","valueRequired":true,"valueName":"search_term_string"}}],"inLanguage":"et"},{"@type":"Organization","@id":"https:\/\/lustandlove.eu\/et\/#organization","name":"Bioconcept Baltics O\u00dc","url":"https:\/\/lustandlove.eu\/et\/","logo":{"@type":"ImageObject","inLanguage":"et","@id":"https:\/\/lustandlove.eu\/et\/#\/schema\/logo\/image\/","url":"","contentUrl":"","caption":"Bioconcept Baltics O\u00dc"},"image":{"@id":"https:\/\/lustandlove.eu\/et\/#\/schema\/logo\/image\/"},"sameAs":["https:\/\/www.facebook.com\/LustandLoveEU\/","https:\/\/www.instagram.com\/lustandloveeu\/"]}]}},"_links":{"self":[{"href":"https:\/\/lustandlove.eu\/et\/wp-json\/wp\/v2\/product\/44671","targetHints":{"allow":["GET"]}}],"collection":[{"href":"https:\/\/lustandlove.eu\/et\/wp-json\/wp\/v2\/product"}],"about":[{"href":"https:\/\/lustandlove.eu\/et\/wp-json\/wp\/v2\/types\/product"}],"wp:featuredmedia":[{"embeddable":true,"href":"https:\/\/lustandlove.eu\/et\/wp-json\/wp\/v2\/media\/44551"}],"wp:attachment":[{"href":"https:\/\/lustandlove.eu\/et\/wp-json\/wp\/v2\/media?parent=44671"}],"wp:term":[{"taxonomy":"product_brand","embeddable":true,"href":"https:\/\/lustandlove.eu\/et\/wp-json\/wp\/v2\/product_brand?post=44671"},{"taxonomy":"product_cat","embeddable":true,"href":"https:\/\/lustandlove.eu\/et\/wp-json\/wp\/v2\/product_cat?post=44671"},{"taxonomy":"product_tag","embeddable":true,"href":"https:\/\/lustandlove.eu\/et\/wp-json\/wp\/v2\/product_tag?post=44671"}],"curies":[{"name":"wp","href":"https:\/\/api.w.org\/{rel}","templated":true}]}}