{"id":44672,"date":"2021-08-17T09:32:06","date_gmt":"2021-08-17T06:32:06","guid":{"rendered":"https:\/\/www.lustandlove.eu\/product\/original-vacuum-cup-extra-cool\/"},"modified":"2025-11-14T10:46:30","modified_gmt":"2025-11-14T08:46:30","slug":"original-vacuum-cup-extra-cool","status":"publish","type":"product","link":"https:\/\/lustandlove.eu\/et\/toode\/original-vacuum-cup-extra-cool\/","title":{"rendered":"Original vacuum cup extra cool"},"content":{"rendered":"<div class=\"wpb-content-wrapper\"><p>[vc_row][vc_column][vc_column_text woodmart_inline=&#8221;no&#8221; text_larger=&#8221;no&#8221;]<br \/>\nJahutav masturbaator on varustatud jahutava ja v\u00e4rskendava libestiga. Tenga Extra Cool Cup on liivakella kujuga, mis tagab tihke kogemuse. Erilise mustriga sisemus tekitab tugeva vaakumi tunde, t\u00e4pselt nagu hea oraalseksi ajal. Jahutav effekt v\u00f5ib m\u00f5ne jaoks olla isegi liiga tugev, ja pole soovitatud algajatele!<\/p>\n<p>Mitmed unikaalsed omadused loovad kombineerituna tugeva stimulatsiooni, kasutades kaugelearenenud tehnoloogiat ja l\u00e4bim\u00f5eldud sisemist mustrit.<\/p>\n<p>Sisemine tasku on 1.5x tihkem kui Standard Cup! Premium seeria on valmistatud k\u00f5ige parema kvalikteediga elastomeerist mis tagab pehmema ja mugavama kasutamise. Kaasasolev libesti on siidine geel, mida on lihtne koristada.[\/vc_column_text][\/vc_column][\/vc_row]<\/p>\n<\/div>","protected":false},"excerpt":{"rendered":"<p>[vc_row][vc_column][vc_column_text woodmart_inline=&#8221;no&#8221; text_larger=&#8221;no&#8221;] Jahutav masturbaator on varustatud jahutava ja v\u00e4rskendava libestiga. Tenga Extra Cool Cup on liivakella kujuga, mis tagab<\/p>\n","protected":false},"featured_media":44514,"template":"","meta":[],"product_cat":[1477,1480,4008],"product_tag":[],"yoast_head":"<!-- This site is optimized with the Yoast SEO plugin v22.9 - https:\/\/yoast.com\/wordpress\/plugins\/seo\/ -->\n<title>Original vacuum cup extra cool | Lust and Love<\/title>\n<meta name=\"robots\" content=\"index,follow,max-snippet:-1,max-image-preview:large,max-video-preview:-1\" \/>\n<link rel=\"canonical\" href=\"https:\/\/lustandlove.eu\/et\/toode\/original-vacuum-cup-extra-cool\/\" \/>\n<meta name=\"twitter:card\" content=\"summary_large_image\" \/>\n<meta name=\"twitter:title\" content=\"Original vacuum cup extra cool | Lust and Love\" \/>\n<meta name=\"twitter:description\" content=\"[vc_row][vc_column][vc_column_text woodmart_inline=&#8221;no&#8221; text_larger=&#8221;no&#8221;] Jahutav masturbaator on varustatud jahutava ja v\u00e4rskendava libestiga. Tenga Extra Cool Cup on liivakella kujuga, mis tagab\" \/>\n<meta name=\"twitter:image\" content=\"https:\/\/lustandlove.eu\/wp-content\/uploads\/TOC-201XC_01_EN1000x1000_750x.png\" \/>\n<meta name=\"twitter:label1\" content=\"Est. reading time\" \/>\n\t<meta name=\"twitter:data1\" content=\"1 minut\" \/>\n<script type=\"application\/ld+json\" class=\"yoast-schema-graph\">{\"@context\":\"https:\/\/schema.org\",\"@graph\":[{\"@type\":[\"WebPage\",\"ItemPage\"],\"@id\":\"https:\/\/lustandlove.eu\/et\/toode\/original-vacuum-cup-extra-cool\/\",\"url\":\"https:\/\/lustandlove.eu\/et\/toode\/original-vacuum-cup-extra-cool\/\",\"name\":\"Original vacuum cup extra cool | Lust and Love\",\"isPartOf\":{\"@id\":\"https:\/\/lustandlove.eu\/et\/#website\"},\"primaryImageOfPage\":{\"@id\":\"https:\/\/lustandlove.eu\/et\/toode\/original-vacuum-cup-extra-cool\/#primaryimage\"},\"image\":{\"@id\":\"https:\/\/lustandlove.eu\/et\/toode\/original-vacuum-cup-extra-cool\/#primaryimage\"},\"thumbnailUrl\":\"https:\/\/lustandlove.eu\/wp-content\/uploads\/TOC-201XC_01_EN1000x1000_750x.png\",\"datePublished\":\"2021-08-17T06:32:06+00:00\",\"dateModified\":\"2025-11-14T08:46:30+00:00\",\"breadcrumb\":{\"@id\":\"https:\/\/lustandlove.eu\/et\/toode\/original-vacuum-cup-extra-cool\/#breadcrumb\"},\"inLanguage\":\"et\",\"potentialAction\":[{\"@type\":\"ReadAction\",\"target\":[\"https:\/\/lustandlove.eu\/et\/toode\/original-vacuum-cup-extra-cool\/\"]}]},{\"@type\":\"ImageObject\",\"inLanguage\":\"et\",\"@id\":\"https:\/\/lustandlove.eu\/et\/toode\/original-vacuum-cup-extra-cool\/#primaryimage\",\"url\":\"https:\/\/lustandlove.eu\/wp-content\/uploads\/TOC-201XC_01_EN1000x1000_750x.png\",\"contentUrl\":\"https:\/\/lustandlove.eu\/wp-content\/uploads\/TOC-201XC_01_EN1000x1000_750x.png\",\"width\":750,\"height\":750,\"caption\":\"Original vacuum cup extra cool\"},{\"@type\":\"BreadcrumbList\",\"@id\":\"https:\/\/lustandlove.eu\/et\/toode\/original-vacuum-cup-extra-cool\/#breadcrumb\",\"itemListElement\":[{\"@type\":\"ListItem\",\"position\":1,\"name\":\"Lust and Love\",\"item\":\"https:\/\/lustandlove.eu\/et\/\"},{\"@type\":\"ListItem\",\"position\":2,\"name\":\"Pood\",\"item\":\"https:\/\/lustandlove.eu\/et\/pood\/\"},{\"@type\":\"ListItem\",\"position\":3,\"name\":\"Meestele\",\"item\":\"https:\/\/lustandlove.eu\/et\/pood\/meestele\/\"},{\"@type\":\"ListItem\",\"position\":4,\"name\":\"Original vacuum cup extra cool\"}]},{\"@type\":\"WebSite\",\"@id\":\"https:\/\/lustandlove.eu\/et\/#website\",\"url\":\"https:\/\/lustandlove.eu\/et\/\",\"name\":\"Lust &amp; Love\",\"description\":\"Online erootikapood tervise, ilu ja armastuse jaoks\",\"publisher\":{\"@id\":\"https:\/\/lustandlove.eu\/et\/#organization\"},\"potentialAction\":[{\"@type\":\"SearchAction\",\"target\":{\"@type\":\"EntryPoint\",\"urlTemplate\":\"https:\/\/lustandlove.eu\/et\/?s={search_term_string}\"},\"query-input\":\"required name=search_term_string\"}],\"inLanguage\":\"et\"},{\"@type\":\"Organization\",\"@id\":\"https:\/\/lustandlove.eu\/et\/#organization\",\"name\":\"Bioconcept Baltics O\u00dc\",\"url\":\"https:\/\/lustandlove.eu\/et\/\",\"logo\":{\"@type\":\"ImageObject\",\"inLanguage\":\"et\",\"@id\":\"https:\/\/lustandlove.eu\/et\/#\/schema\/logo\/image\/\",\"url\":\"\",\"contentUrl\":\"\",\"caption\":\"Bioconcept Baltics O\u00dc\"},\"image\":{\"@id\":\"https:\/\/lustandlove.eu\/et\/#\/schema\/logo\/image\/\"},\"sameAs\":[\"https:\/\/www.facebook.com\/LustandLoveEU\/\",\"https:\/\/www.instagram.com\/lustandloveeu\/\"]}]}<\/script>\n<!-- \/ Yoast SEO plugin. -->","yoast_head_json":{"title":"Original vacuum cup extra cool | Lust and Love","robots":{"index,follow,max-snippet":"index,follow,max-snippet:-1,max-image-preview:large,max-video-preview:-1"},"canonical":"https:\/\/lustandlove.eu\/et\/toode\/original-vacuum-cup-extra-cool\/","twitter_card":"summary_large_image","twitter_title":"Original vacuum cup extra cool | Lust and Love","twitter_description":"[vc_row][vc_column][vc_column_text woodmart_inline=&#8221;no&#8221; text_larger=&#8221;no&#8221;] Jahutav masturbaator on varustatud jahutava ja v\u00e4rskendava libestiga. Tenga Extra Cool Cup on liivakella kujuga, mis tagab","twitter_image":"https:\/\/lustandlove.eu\/wp-content\/uploads\/TOC-201XC_01_EN1000x1000_750x.png","twitter_misc":{"Est. reading time":"1 minut"},"schema":{"@context":"https:\/\/schema.org","@graph":[{"@type":["WebPage","ItemPage"],"@id":"https:\/\/lustandlove.eu\/et\/toode\/original-vacuum-cup-extra-cool\/","url":"https:\/\/lustandlove.eu\/et\/toode\/original-vacuum-cup-extra-cool\/","name":"Original vacuum cup extra cool | Lust and Love","isPartOf":{"@id":"https:\/\/lustandlove.eu\/et\/#website"},"primaryImageOfPage":{"@id":"https:\/\/lustandlove.eu\/et\/toode\/original-vacuum-cup-extra-cool\/#primaryimage"},"image":{"@id":"https:\/\/lustandlove.eu\/et\/toode\/original-vacuum-cup-extra-cool\/#primaryimage"},"thumbnailUrl":"https:\/\/lustandlove.eu\/wp-content\/uploads\/TOC-201XC_01_EN1000x1000_750x.png","datePublished":"2021-08-17T06:32:06+00:00","dateModified":"2025-11-14T08:46:30+00:00","breadcrumb":{"@id":"https:\/\/lustandlove.eu\/et\/toode\/original-vacuum-cup-extra-cool\/#breadcrumb"},"inLanguage":"et","potentialAction":[{"@type":"ReadAction","target":["https:\/\/lustandlove.eu\/et\/toode\/original-vacuum-cup-extra-cool\/"]}]},{"@type":"ImageObject","inLanguage":"et","@id":"https:\/\/lustandlove.eu\/et\/toode\/original-vacuum-cup-extra-cool\/#primaryimage","url":"https:\/\/lustandlove.eu\/wp-content\/uploads\/TOC-201XC_01_EN1000x1000_750x.png","contentUrl":"https:\/\/lustandlove.eu\/wp-content\/uploads\/TOC-201XC_01_EN1000x1000_750x.png","width":750,"height":750,"caption":"Original vacuum cup extra cool"},{"@type":"BreadcrumbList","@id":"https:\/\/lustandlove.eu\/et\/toode\/original-vacuum-cup-extra-cool\/#breadcrumb","itemListElement":[{"@type":"ListItem","position":1,"name":"Lust and Love","item":"https:\/\/lustandlove.eu\/et\/"},{"@type":"ListItem","position":2,"name":"Pood","item":"https:\/\/lustandlove.eu\/et\/pood\/"},{"@type":"ListItem","position":3,"name":"Meestele","item":"https:\/\/lustandlove.eu\/et\/pood\/meestele\/"},{"@type":"ListItem","position":4,"name":"Original vacuum cup extra cool"}]},{"@type":"WebSite","@id":"https:\/\/lustandlove.eu\/et\/#website","url":"https:\/\/lustandlove.eu\/et\/","name":"Lust &amp; Love","description":"Online erootikapood tervise, ilu ja armastuse jaoks","publisher":{"@id":"https:\/\/lustandlove.eu\/et\/#organization"},"potentialAction":[{"@type":"SearchAction","target":{"@type":"EntryPoint","urlTemplate":"https:\/\/lustandlove.eu\/et\/?s={search_term_string}"},"query-input":"required name=search_term_string"}],"inLanguage":"et"},{"@type":"Organization","@id":"https:\/\/lustandlove.eu\/et\/#organization","name":"Bioconcept Baltics O\u00dc","url":"https:\/\/lustandlove.eu\/et\/","logo":{"@type":"ImageObject","inLanguage":"et","@id":"https:\/\/lustandlove.eu\/et\/#\/schema\/logo\/image\/","url":"","contentUrl":"","caption":"Bioconcept Baltics O\u00dc"},"image":{"@id":"https:\/\/lustandlove.eu\/et\/#\/schema\/logo\/image\/"},"sameAs":["https:\/\/www.facebook.com\/LustandLoveEU\/","https:\/\/www.instagram.com\/lustandloveeu\/"]}]}},"_links":{"self":[{"href":"https:\/\/lustandlove.eu\/et\/wp-json\/wp\/v2\/product\/44672"}],"collection":[{"href":"https:\/\/lustandlove.eu\/et\/wp-json\/wp\/v2\/product"}],"about":[{"href":"https:\/\/lustandlove.eu\/et\/wp-json\/wp\/v2\/types\/product"}],"wp:featuredmedia":[{"embeddable":true,"href":"https:\/\/lustandlove.eu\/et\/wp-json\/wp\/v2\/media\/44514"}],"wp:attachment":[{"href":"https:\/\/lustandlove.eu\/et\/wp-json\/wp\/v2\/media?parent=44672"}],"wp:term":[{"taxonomy":"product_cat","embeddable":true,"href":"https:\/\/lustandlove.eu\/et\/wp-json\/wp\/v2\/product_cat?post=44672"},{"taxonomy":"product_tag","embeddable":true,"href":"https:\/\/lustandlove.eu\/et\/wp-json\/wp\/v2\/product_tag?post=44672"}],"curies":[{"name":"wp","href":"https:\/\/api.w.org\/{rel}","templated":true}]}}