{"id":44677,"date":"2021-07-09T13:22:56","date_gmt":"2021-07-09T10:22:56","guid":{"rendered":"https:\/\/www.lustandlove.eu\/product\/glass-dildo-heart-love\/"},"modified":"2026-04-13T10:37:05","modified_gmt":"2026-04-13T07:37:05","slug":"glass-dildo-heart-love","status":"publish","type":"product","link":"https:\/\/lustandlove.eu\/et\/toode\/glass-dildo-heart-love\/","title":{"rendered":"Glass Dildo Heart Love Anaaltapp"},"content":{"rendered":"<div class=\"wpb-content-wrapper\"><p>[vc_row][vc_column][vc_column_text woodmart_inline=&#8221;no&#8221; text_larger=&#8221;no&#8221;]<br \/>\nKenasti vormitud butt plug s\u00fcdamekujulise tsaga. Soojadeks ja k\u00fclmadeks effektideks sobilik.<\/p>\n<p>Kaunilt disainitud lelu peaaegu purustamatust klaasist, kui sa paremini ei teaks, arvaks et see on kunst voodi k\u00f5rval.<\/p>\n<p>Klaasi hea omadus on see, et seda saab nii soojendada kui jahutada erilisteks sensatsioonideks. Hoia kas sooja v\u00f5i k\u00fclma vee all, et anda lelule soovitud temperatuur. See annab kehale t\u00e4iesti erineva tunde keha temeratuuril klaasist.<\/p>\n<p>Klaas on m\u00f5nusa kujuga ja kestab igavesti.[\/vc_column_text][\/vc_column][\/vc_row]<\/p>\n<\/div>","protected":false},"excerpt":{"rendered":"<p>[vc_row][vc_column][vc_column_text woodmart_inline=&#8221;no&#8221; text_larger=&#8221;no&#8221;] Kenasti vormitud butt plug s\u00fcdamekujulise tsaga. Soojadeks ja k\u00fclmadeks effektideks sobilik. Kaunilt disainitud lelu peaaegu purustamatust klaasist,<\/p>\n","protected":false},"featured_media":44678,"template":"","meta":[],"product_brand":[4228],"product_cat":[1491],"product_tag":[1567,3403,3312],"class_list":{"0":"post-44677","1":"product","2":"type-product","3":"status-publish","4":"has-post-thumbnail","6":"product_brand-o-products-et","7":"product_cat-anaallelud","8":"product_tag-klaas","9":"product_tag-naistepaev","10":"product_tag-valentines-et","11":"pa_brand-o-products-et","13":"first","14":"instock","15":"taxable","16":"shipping-taxable","17":"purchasable","18":"product-type-simple"},"yoast_head":"<!-- This site is optimized with the Yoast SEO plugin v27.4 - https:\/\/yoast.com\/product\/yoast-seo-wordpress\/ -->\n<title>Glass Dildo Heart Love Anaaltapp | Lust and Love<\/title>\n<meta name=\"robots\" content=\"index,follow,max-snippet:-1,max-image-preview:large,max-video-preview:-1\" \/>\n<link rel=\"canonical\" href=\"https:\/\/lustandlove.eu\/et\/toode\/glass-dildo-heart-love\/\" \/>\n<script type=\"application\/ld+json\" class=\"yoast-schema-graph\">{\"@context\":\"https:\\\/\\\/schema.org\",\"@graph\":[{\"@type\":[\"WebPage\",\"ItemPage\"],\"@id\":\"https:\\\/\\\/lustandlove.eu\\\/et\\\/toode\\\/glass-dildo-heart-love\\\/\",\"url\":\"https:\\\/\\\/lustandlove.eu\\\/et\\\/toode\\\/glass-dildo-heart-love\\\/\",\"name\":\"Glass Dildo Heart Love Anaaltapp | Lust and Love\",\"isPartOf\":{\"@id\":\"https:\\\/\\\/lustandlove.eu\\\/et\\\/#website\"},\"primaryImageOfPage\":{\"@id\":\"https:\\\/\\\/lustandlove.eu\\\/et\\\/toode\\\/glass-dildo-heart-love\\\/#primaryimage\"},\"image\":{\"@id\":\"https:\\\/\\\/lustandlove.eu\\\/et\\\/toode\\\/glass-dildo-heart-love\\\/#primaryimage\"},\"thumbnailUrl\":\"https:\\\/\\\/lustandlove.eu\\\/wp-content\\\/uploads\\\/opr-2820059-01.jpg\",\"datePublished\":\"2021-07-09T10:22:56+00:00\",\"dateModified\":\"2026-04-13T07:37:05+00:00\",\"breadcrumb\":{\"@id\":\"https:\\\/\\\/lustandlove.eu\\\/et\\\/toode\\\/glass-dildo-heart-love\\\/#breadcrumb\"},\"inLanguage\":\"et\",\"potentialAction\":[{\"@type\":\"ReadAction\",\"target\":[\"https:\\\/\\\/lustandlove.eu\\\/et\\\/toode\\\/glass-dildo-heart-love\\\/\"]}]},{\"@type\":\"ImageObject\",\"inLanguage\":\"et\",\"@id\":\"https:\\\/\\\/lustandlove.eu\\\/et\\\/toode\\\/glass-dildo-heart-love\\\/#primaryimage\",\"url\":\"https:\\\/\\\/lustandlove.eu\\\/wp-content\\\/uploads\\\/opr-2820059-01.jpg\",\"contentUrl\":\"https:\\\/\\\/lustandlove.eu\\\/wp-content\\\/uploads\\\/opr-2820059-01.jpg\",\"width\":1200,\"height\":1200,\"caption\":\"Glass Dildo Heart Love\"},{\"@type\":\"BreadcrumbList\",\"@id\":\"https:\\\/\\\/lustandlove.eu\\\/et\\\/toode\\\/glass-dildo-heart-love\\\/#breadcrumb\",\"itemListElement\":[{\"@type\":\"ListItem\",\"position\":1,\"name\":\"Lust and Love\",\"item\":\"https:\\\/\\\/lustandlove.eu\\\/et\\\/\"},{\"@type\":\"ListItem\",\"position\":2,\"name\":\"Pood\",\"item\":\"https:\\\/\\\/lustandlove.eu\\\/et\\\/pood\\\/\"},{\"@type\":\"ListItem\",\"position\":3,\"name\":\"Sekslelud\",\"item\":\"https:\\\/\\\/lustandlove.eu\\\/et\\\/pood\\\/sekslelud\\\/\"},{\"@type\":\"ListItem\",\"position\":4,\"name\":\"Anaallelud\",\"item\":\"https:\\\/\\\/lustandlove.eu\\\/et\\\/pood\\\/sekslelud\\\/anaallelud\\\/\"},{\"@type\":\"ListItem\",\"position\":5,\"name\":\"Glass Dildo Heart Love Anaaltapp\"}]},{\"@type\":\"WebSite\",\"@id\":\"https:\\\/\\\/lustandlove.eu\\\/et\\\/#website\",\"url\":\"https:\\\/\\\/lustandlove.eu\\\/et\\\/\",\"name\":\"Lust & Love\",\"description\":\"Online erootikapood tervise, ilu ja armastuse jaoks\",\"publisher\":{\"@id\":\"https:\\\/\\\/lustandlove.eu\\\/et\\\/#organization\"},\"potentialAction\":[{\"@type\":\"SearchAction\",\"target\":{\"@type\":\"EntryPoint\",\"urlTemplate\":\"https:\\\/\\\/lustandlove.eu\\\/et\\\/?s={search_term_string}\"},\"query-input\":{\"@type\":\"PropertyValueSpecification\",\"valueRequired\":true,\"valueName\":\"search_term_string\"}}],\"inLanguage\":\"et\"},{\"@type\":\"Organization\",\"@id\":\"https:\\\/\\\/lustandlove.eu\\\/et\\\/#organization\",\"name\":\"Bioconcept Baltics O\u00dc\",\"url\":\"https:\\\/\\\/lustandlove.eu\\\/et\\\/\",\"logo\":{\"@type\":\"ImageObject\",\"inLanguage\":\"et\",\"@id\":\"https:\\\/\\\/lustandlove.eu\\\/et\\\/#\\\/schema\\\/logo\\\/image\\\/\",\"url\":\"https:\\\/\\\/lustandlove.eu\\\/wp-content\\\/uploads\\\/logo-full-2.png\",\"contentUrl\":\"https:\\\/\\\/lustandlove.eu\\\/wp-content\\\/uploads\\\/logo-full-2.png\",\"width\":837,\"height\":200,\"caption\":\"Bioconcept Baltics O\u00dc\"},\"image\":{\"@id\":\"https:\\\/\\\/lustandlove.eu\\\/et\\\/#\\\/schema\\\/logo\\\/image\\\/\"},\"sameAs\":[\"https:\\\/\\\/www.facebook.com\\\/LustandLoveEU\\\/\",\"https:\\\/\\\/www.instagram.com\\\/lustandloveeu\\\/\"]}]}<\/script>\n<!-- \/ Yoast SEO plugin. -->","yoast_head_json":{"title":"Glass Dildo Heart Love Anaaltapp | Lust and Love","robots":{"index,follow,max-snippet":"index,follow,max-snippet:-1,max-image-preview:large,max-video-preview:-1"},"canonical":"https:\/\/lustandlove.eu\/et\/toode\/glass-dildo-heart-love\/","schema":{"@context":"https:\/\/schema.org","@graph":[{"@type":["WebPage","ItemPage"],"@id":"https:\/\/lustandlove.eu\/et\/toode\/glass-dildo-heart-love\/","url":"https:\/\/lustandlove.eu\/et\/toode\/glass-dildo-heart-love\/","name":"Glass Dildo Heart Love Anaaltapp | Lust and Love","isPartOf":{"@id":"https:\/\/lustandlove.eu\/et\/#website"},"primaryImageOfPage":{"@id":"https:\/\/lustandlove.eu\/et\/toode\/glass-dildo-heart-love\/#primaryimage"},"image":{"@id":"https:\/\/lustandlove.eu\/et\/toode\/glass-dildo-heart-love\/#primaryimage"},"thumbnailUrl":"https:\/\/lustandlove.eu\/wp-content\/uploads\/opr-2820059-01.jpg","datePublished":"2021-07-09T10:22:56+00:00","dateModified":"2026-04-13T07:37:05+00:00","breadcrumb":{"@id":"https:\/\/lustandlove.eu\/et\/toode\/glass-dildo-heart-love\/#breadcrumb"},"inLanguage":"et","potentialAction":[{"@type":"ReadAction","target":["https:\/\/lustandlove.eu\/et\/toode\/glass-dildo-heart-love\/"]}]},{"@type":"ImageObject","inLanguage":"et","@id":"https:\/\/lustandlove.eu\/et\/toode\/glass-dildo-heart-love\/#primaryimage","url":"https:\/\/lustandlove.eu\/wp-content\/uploads\/opr-2820059-01.jpg","contentUrl":"https:\/\/lustandlove.eu\/wp-content\/uploads\/opr-2820059-01.jpg","width":1200,"height":1200,"caption":"Glass Dildo Heart Love"},{"@type":"BreadcrumbList","@id":"https:\/\/lustandlove.eu\/et\/toode\/glass-dildo-heart-love\/#breadcrumb","itemListElement":[{"@type":"ListItem","position":1,"name":"Lust and Love","item":"https:\/\/lustandlove.eu\/et\/"},{"@type":"ListItem","position":2,"name":"Pood","item":"https:\/\/lustandlove.eu\/et\/pood\/"},{"@type":"ListItem","position":3,"name":"Sekslelud","item":"https:\/\/lustandlove.eu\/et\/pood\/sekslelud\/"},{"@type":"ListItem","position":4,"name":"Anaallelud","item":"https:\/\/lustandlove.eu\/et\/pood\/sekslelud\/anaallelud\/"},{"@type":"ListItem","position":5,"name":"Glass Dildo Heart Love Anaaltapp"}]},{"@type":"WebSite","@id":"https:\/\/lustandlove.eu\/et\/#website","url":"https:\/\/lustandlove.eu\/et\/","name":"Lust & Love","description":"Online erootikapood tervise, ilu ja armastuse jaoks","publisher":{"@id":"https:\/\/lustandlove.eu\/et\/#organization"},"potentialAction":[{"@type":"SearchAction","target":{"@type":"EntryPoint","urlTemplate":"https:\/\/lustandlove.eu\/et\/?s={search_term_string}"},"query-input":{"@type":"PropertyValueSpecification","valueRequired":true,"valueName":"search_term_string"}}],"inLanguage":"et"},{"@type":"Organization","@id":"https:\/\/lustandlove.eu\/et\/#organization","name":"Bioconcept Baltics O\u00dc","url":"https:\/\/lustandlove.eu\/et\/","logo":{"@type":"ImageObject","inLanguage":"et","@id":"https:\/\/lustandlove.eu\/et\/#\/schema\/logo\/image\/","url":"https:\/\/lustandlove.eu\/wp-content\/uploads\/logo-full-2.png","contentUrl":"https:\/\/lustandlove.eu\/wp-content\/uploads\/logo-full-2.png","width":837,"height":200,"caption":"Bioconcept Baltics O\u00dc"},"image":{"@id":"https:\/\/lustandlove.eu\/et\/#\/schema\/logo\/image\/"},"sameAs":["https:\/\/www.facebook.com\/LustandLoveEU\/","https:\/\/www.instagram.com\/lustandloveeu\/"]}]}},"_links":{"self":[{"href":"https:\/\/lustandlove.eu\/et\/wp-json\/wp\/v2\/product\/44677","targetHints":{"allow":["GET"]}}],"collection":[{"href":"https:\/\/lustandlove.eu\/et\/wp-json\/wp\/v2\/product"}],"about":[{"href":"https:\/\/lustandlove.eu\/et\/wp-json\/wp\/v2\/types\/product"}],"wp:featuredmedia":[{"embeddable":true,"href":"https:\/\/lustandlove.eu\/et\/wp-json\/wp\/v2\/media\/44678"}],"wp:attachment":[{"href":"https:\/\/lustandlove.eu\/et\/wp-json\/wp\/v2\/media?parent=44677"}],"wp:term":[{"taxonomy":"product_brand","embeddable":true,"href":"https:\/\/lustandlove.eu\/et\/wp-json\/wp\/v2\/product_brand?post=44677"},{"taxonomy":"product_cat","embeddable":true,"href":"https:\/\/lustandlove.eu\/et\/wp-json\/wp\/v2\/product_cat?post=44677"},{"taxonomy":"product_tag","embeddable":true,"href":"https:\/\/lustandlove.eu\/et\/wp-json\/wp\/v2\/product_tag?post=44677"}],"curies":[{"name":"wp","href":"https:\/\/api.w.org\/{rel}","templated":true}]}}