{"id":44694,"date":"2021-07-09T13:40:50","date_gmt":"2021-07-09T10:40:50","guid":{"rendered":"https:\/\/www.lustandlove.eu\/product\/glass-plug-crystal-gem-black\/"},"modified":"2026-04-13T10:37:04","modified_gmt":"2026-04-13T07:37:04","slug":"anaaltapp-klaasist-crystal-gem-must","status":"publish","type":"product","link":"https:\/\/lustandlove.eu\/et\/toode\/anaaltapp-klaasist-crystal-gem-must\/","title":{"rendered":"Anaaltapp Klaasist Crystal Gem Must"},"content":{"rendered":"<div class=\"wpb-content-wrapper\"><p>[vc_row][vc_column][vc_column_text woodmart_inline=&#8221;no&#8221; text_larger=&#8221;no&#8221;]<br \/>\nKaunis klaasist anaaltapp koos musta kristallikujulise p\u00f5hjaga, mis aitab sul kogeda erinevaid temperatuure.<\/p>\n<p>Kiotos Klaasist m\u00e4nguasjad on peaaegu purunematud. Kui sa paremini ei teaks, v\u00f5iks m\u00e4nguasja pidada kunstiteoseks oma \u00f6\u00f6kapil.<\/p>\n<p>Klaasist m\u00e4nguasjade erip\u00e4raks on v\u00f5imalus neid jahutada v\u00f5i \u00fcles kuumendada, et t\u00f5sta nende kasutamise intensiivsust. Hoides m\u00e4nguasja k\u00fclma v\u00f5i kuuma kraanivee all, v\u00f5tab klaas vee temperatuuri. Nii saad selle kasutamisel tunda uut temperatuuri oma keha vastas, muutes asjad p\u00f5nevamaks.<\/p>\n<p>Sellel klaasist tappil on m\u00f5nus sile kuju koos kauni musta kristalliga. Klaasist m\u00e4nguasjad on kauakestvad, neid on lihtne puhastada ning on kemikaalide vabad.[\/vc_column_text][\/vc_column][\/vc_row]<\/p>\n<\/div>","protected":false},"excerpt":{"rendered":"<p>[vc_row][vc_column][vc_column_text woodmart_inline=&#8221;no&#8221; text_larger=&#8221;no&#8221;] Kaunis klaasist anaaltapp koos musta kristallikujulise p\u00f5hjaga, mis aitab sul kogeda erinevaid temperatuure. Kiotos Klaasist m\u00e4nguasjad on<\/p>\n","protected":false},"featured_media":44695,"template":"","meta":[],"product_brand":[4228],"product_cat":[1491],"product_tag":[1567,3095,3651],"class_list":{"0":"post-44694","1":"product","2":"type-product","3":"status-publish","4":"has-post-thumbnail","6":"product_brand-o-products-et","7":"product_cat-anaallelud","8":"product_tag-klaas","9":"product_tag-stc_bdsm-et","10":"product_tag-suvi","11":"pa_brand-o-products-et","13":"first","14":"instock","15":"sale","16":"taxable","17":"shipping-taxable","18":"purchasable","19":"product-type-simple"},"yoast_head":"<!-- This site is optimized with the Yoast SEO plugin v27.3 - https:\/\/yoast.com\/product\/yoast-seo-wordpress\/ -->\n<title>Anaaltapp Klaasist Crystal Gem Must | Lust and Love<\/title>\n<meta name=\"robots\" content=\"index,follow,max-snippet:-1,max-image-preview:large,max-video-preview:-1\" \/>\n<link rel=\"canonical\" href=\"https:\/\/lustandlove.eu\/et\/toode\/anaaltapp-klaasist-crystal-gem-must\/\" \/>\n<meta name=\"twitter:card\" content=\"summary_large_image\" \/>\n<meta name=\"twitter:title\" content=\"Anaaltapp Klaasist Crystal Gem Must | Lust and Love\" \/>\n<meta name=\"twitter:description\" content=\"[vc_row][vc_column][vc_column_text woodmart_inline=&#8221;no&#8221; text_larger=&#8221;no&#8221;] Kaunis klaasist anaaltapp koos musta kristallikujulise p\u00f5hjaga, mis aitab sul kogeda erinevaid temperatuure. Kiotos Klaasist m\u00e4nguasjad on\" \/>\n<meta name=\"twitter:image\" content=\"https:\/\/lustandlove.eu\/wp-content\/uploads\/opr-2820061-01.jpg\" \/>\n<meta name=\"twitter:label1\" content=\"Est. reading time\" \/>\n\t<meta name=\"twitter:data1\" content=\"1 minut\" \/>\n<script type=\"application\/ld+json\" class=\"yoast-schema-graph\">{\"@context\":\"https:\\\/\\\/schema.org\",\"@graph\":[{\"@type\":[\"WebPage\",\"ItemPage\"],\"@id\":\"https:\\\/\\\/lustandlove.eu\\\/et\\\/toode\\\/anaaltapp-klaasist-crystal-gem-must\\\/\",\"url\":\"https:\\\/\\\/lustandlove.eu\\\/et\\\/toode\\\/anaaltapp-klaasist-crystal-gem-must\\\/\",\"name\":\"Anaaltapp Klaasist Crystal Gem Must | Lust and Love\",\"isPartOf\":{\"@id\":\"https:\\\/\\\/lustandlove.eu\\\/et\\\/#website\"},\"primaryImageOfPage\":{\"@id\":\"https:\\\/\\\/lustandlove.eu\\\/et\\\/toode\\\/anaaltapp-klaasist-crystal-gem-must\\\/#primaryimage\"},\"image\":{\"@id\":\"https:\\\/\\\/lustandlove.eu\\\/et\\\/toode\\\/anaaltapp-klaasist-crystal-gem-must\\\/#primaryimage\"},\"thumbnailUrl\":\"https:\\\/\\\/lustandlove.eu\\\/wp-content\\\/uploads\\\/opr-2820061-01.jpg\",\"datePublished\":\"2021-07-09T10:40:50+00:00\",\"dateModified\":\"2026-04-13T07:37:04+00:00\",\"breadcrumb\":{\"@id\":\"https:\\\/\\\/lustandlove.eu\\\/et\\\/toode\\\/anaaltapp-klaasist-crystal-gem-must\\\/#breadcrumb\"},\"inLanguage\":\"et\",\"potentialAction\":[{\"@type\":\"ReadAction\",\"target\":[\"https:\\\/\\\/lustandlove.eu\\\/et\\\/toode\\\/anaaltapp-klaasist-crystal-gem-must\\\/\"]}]},{\"@type\":\"ImageObject\",\"inLanguage\":\"et\",\"@id\":\"https:\\\/\\\/lustandlove.eu\\\/et\\\/toode\\\/anaaltapp-klaasist-crystal-gem-must\\\/#primaryimage\",\"url\":\"https:\\\/\\\/lustandlove.eu\\\/wp-content\\\/uploads\\\/opr-2820061-01.jpg\",\"contentUrl\":\"https:\\\/\\\/lustandlove.eu\\\/wp-content\\\/uploads\\\/opr-2820061-01.jpg\",\"width\":1200,\"height\":1200,\"caption\":\"Glass Plug Crystal Gem Black\"},{\"@type\":\"BreadcrumbList\",\"@id\":\"https:\\\/\\\/lustandlove.eu\\\/et\\\/toode\\\/anaaltapp-klaasist-crystal-gem-must\\\/#breadcrumb\",\"itemListElement\":[{\"@type\":\"ListItem\",\"position\":1,\"name\":\"Lust and Love\",\"item\":\"https:\\\/\\\/lustandlove.eu\\\/et\\\/\"},{\"@type\":\"ListItem\",\"position\":2,\"name\":\"Pood\",\"item\":\"https:\\\/\\\/lustandlove.eu\\\/et\\\/pood\\\/\"},{\"@type\":\"ListItem\",\"position\":3,\"name\":\"Sekslelud\",\"item\":\"https:\\\/\\\/lustandlove.eu\\\/et\\\/pood\\\/sekslelud\\\/\"},{\"@type\":\"ListItem\",\"position\":4,\"name\":\"Anaallelud\",\"item\":\"https:\\\/\\\/lustandlove.eu\\\/et\\\/pood\\\/sekslelud\\\/anaallelud\\\/\"},{\"@type\":\"ListItem\",\"position\":5,\"name\":\"Anaaltapp Klaasist Crystal Gem Must\"}]},{\"@type\":\"WebSite\",\"@id\":\"https:\\\/\\\/lustandlove.eu\\\/et\\\/#website\",\"url\":\"https:\\\/\\\/lustandlove.eu\\\/et\\\/\",\"name\":\"Lust &amp; Love\",\"description\":\"Online erootikapood tervise, ilu ja armastuse jaoks\",\"publisher\":{\"@id\":\"https:\\\/\\\/lustandlove.eu\\\/et\\\/#organization\"},\"potentialAction\":[{\"@type\":\"SearchAction\",\"target\":{\"@type\":\"EntryPoint\",\"urlTemplate\":\"https:\\\/\\\/lustandlove.eu\\\/et\\\/?s={search_term_string}\"},\"query-input\":{\"@type\":\"PropertyValueSpecification\",\"valueRequired\":true,\"valueName\":\"search_term_string\"}}],\"inLanguage\":\"et\"},{\"@type\":\"Organization\",\"@id\":\"https:\\\/\\\/lustandlove.eu\\\/et\\\/#organization\",\"name\":\"Bioconcept Baltics O\u00dc\",\"url\":\"https:\\\/\\\/lustandlove.eu\\\/et\\\/\",\"logo\":{\"@type\":\"ImageObject\",\"inLanguage\":\"et\",\"@id\":\"https:\\\/\\\/lustandlove.eu\\\/et\\\/#\\\/schema\\\/logo\\\/image\\\/\",\"url\":\"\",\"contentUrl\":\"\",\"caption\":\"Bioconcept Baltics O\u00dc\"},\"image\":{\"@id\":\"https:\\\/\\\/lustandlove.eu\\\/et\\\/#\\\/schema\\\/logo\\\/image\\\/\"},\"sameAs\":[\"https:\\\/\\\/www.facebook.com\\\/LustandLoveEU\\\/\",\"https:\\\/\\\/www.instagram.com\\\/lustandloveeu\\\/\"]}]}<\/script>\n<!-- \/ Yoast SEO plugin. -->","yoast_head_json":{"title":"Anaaltapp Klaasist Crystal Gem Must | Lust and Love","robots":{"index,follow,max-snippet":"index,follow,max-snippet:-1,max-image-preview:large,max-video-preview:-1"},"canonical":"https:\/\/lustandlove.eu\/et\/toode\/anaaltapp-klaasist-crystal-gem-must\/","twitter_card":"summary_large_image","twitter_title":"Anaaltapp Klaasist Crystal Gem Must | Lust and Love","twitter_description":"[vc_row][vc_column][vc_column_text woodmart_inline=&#8221;no&#8221; text_larger=&#8221;no&#8221;] Kaunis klaasist anaaltapp koos musta kristallikujulise p\u00f5hjaga, mis aitab sul kogeda erinevaid temperatuure. Kiotos Klaasist m\u00e4nguasjad on","twitter_image":"https:\/\/lustandlove.eu\/wp-content\/uploads\/opr-2820061-01.jpg","twitter_misc":{"Est. reading time":"1 minut"},"schema":{"@context":"https:\/\/schema.org","@graph":[{"@type":["WebPage","ItemPage"],"@id":"https:\/\/lustandlove.eu\/et\/toode\/anaaltapp-klaasist-crystal-gem-must\/","url":"https:\/\/lustandlove.eu\/et\/toode\/anaaltapp-klaasist-crystal-gem-must\/","name":"Anaaltapp Klaasist Crystal Gem Must | Lust and Love","isPartOf":{"@id":"https:\/\/lustandlove.eu\/et\/#website"},"primaryImageOfPage":{"@id":"https:\/\/lustandlove.eu\/et\/toode\/anaaltapp-klaasist-crystal-gem-must\/#primaryimage"},"image":{"@id":"https:\/\/lustandlove.eu\/et\/toode\/anaaltapp-klaasist-crystal-gem-must\/#primaryimage"},"thumbnailUrl":"https:\/\/lustandlove.eu\/wp-content\/uploads\/opr-2820061-01.jpg","datePublished":"2021-07-09T10:40:50+00:00","dateModified":"2026-04-13T07:37:04+00:00","breadcrumb":{"@id":"https:\/\/lustandlove.eu\/et\/toode\/anaaltapp-klaasist-crystal-gem-must\/#breadcrumb"},"inLanguage":"et","potentialAction":[{"@type":"ReadAction","target":["https:\/\/lustandlove.eu\/et\/toode\/anaaltapp-klaasist-crystal-gem-must\/"]}]},{"@type":"ImageObject","inLanguage":"et","@id":"https:\/\/lustandlove.eu\/et\/toode\/anaaltapp-klaasist-crystal-gem-must\/#primaryimage","url":"https:\/\/lustandlove.eu\/wp-content\/uploads\/opr-2820061-01.jpg","contentUrl":"https:\/\/lustandlove.eu\/wp-content\/uploads\/opr-2820061-01.jpg","width":1200,"height":1200,"caption":"Glass Plug Crystal Gem Black"},{"@type":"BreadcrumbList","@id":"https:\/\/lustandlove.eu\/et\/toode\/anaaltapp-klaasist-crystal-gem-must\/#breadcrumb","itemListElement":[{"@type":"ListItem","position":1,"name":"Lust and Love","item":"https:\/\/lustandlove.eu\/et\/"},{"@type":"ListItem","position":2,"name":"Pood","item":"https:\/\/lustandlove.eu\/et\/pood\/"},{"@type":"ListItem","position":3,"name":"Sekslelud","item":"https:\/\/lustandlove.eu\/et\/pood\/sekslelud\/"},{"@type":"ListItem","position":4,"name":"Anaallelud","item":"https:\/\/lustandlove.eu\/et\/pood\/sekslelud\/anaallelud\/"},{"@type":"ListItem","position":5,"name":"Anaaltapp Klaasist Crystal Gem Must"}]},{"@type":"WebSite","@id":"https:\/\/lustandlove.eu\/et\/#website","url":"https:\/\/lustandlove.eu\/et\/","name":"Lust &amp; Love","description":"Online erootikapood tervise, ilu ja armastuse jaoks","publisher":{"@id":"https:\/\/lustandlove.eu\/et\/#organization"},"potentialAction":[{"@type":"SearchAction","target":{"@type":"EntryPoint","urlTemplate":"https:\/\/lustandlove.eu\/et\/?s={search_term_string}"},"query-input":{"@type":"PropertyValueSpecification","valueRequired":true,"valueName":"search_term_string"}}],"inLanguage":"et"},{"@type":"Organization","@id":"https:\/\/lustandlove.eu\/et\/#organization","name":"Bioconcept Baltics O\u00dc","url":"https:\/\/lustandlove.eu\/et\/","logo":{"@type":"ImageObject","inLanguage":"et","@id":"https:\/\/lustandlove.eu\/et\/#\/schema\/logo\/image\/","url":"","contentUrl":"","caption":"Bioconcept Baltics O\u00dc"},"image":{"@id":"https:\/\/lustandlove.eu\/et\/#\/schema\/logo\/image\/"},"sameAs":["https:\/\/www.facebook.com\/LustandLoveEU\/","https:\/\/www.instagram.com\/lustandloveeu\/"]}]}},"_links":{"self":[{"href":"https:\/\/lustandlove.eu\/et\/wp-json\/wp\/v2\/product\/44694","targetHints":{"allow":["GET"]}}],"collection":[{"href":"https:\/\/lustandlove.eu\/et\/wp-json\/wp\/v2\/product"}],"about":[{"href":"https:\/\/lustandlove.eu\/et\/wp-json\/wp\/v2\/types\/product"}],"wp:featuredmedia":[{"embeddable":true,"href":"https:\/\/lustandlove.eu\/et\/wp-json\/wp\/v2\/media\/44695"}],"wp:attachment":[{"href":"https:\/\/lustandlove.eu\/et\/wp-json\/wp\/v2\/media?parent=44694"}],"wp:term":[{"taxonomy":"product_brand","embeddable":true,"href":"https:\/\/lustandlove.eu\/et\/wp-json\/wp\/v2\/product_brand?post=44694"},{"taxonomy":"product_cat","embeddable":true,"href":"https:\/\/lustandlove.eu\/et\/wp-json\/wp\/v2\/product_cat?post=44694"},{"taxonomy":"product_tag","embeddable":true,"href":"https:\/\/lustandlove.eu\/et\/wp-json\/wp\/v2\/product_tag?post=44694"}],"curies":[{"name":"wp","href":"https:\/\/api.w.org\/{rel}","templated":true}]}}