{"id":44730,"date":"2021-07-08T10:53:18","date_gmt":"2021-07-08T07:53:18","guid":{"rendered":"https:\/\/www.lustandlove.eu\/product\/soft-boiled-tenga-egg\/"},"modified":"2026-04-13T10:37:07","modified_gmt":"2026-04-13T07:37:07","slug":"soft-boiled-tenga-egg","status":"publish","type":"product","link":"https:\/\/lustandlove.eu\/et\/toode\/soft-boiled-tenga-egg\/","title":{"rendered":"Soft Boiled Tenga Egg"},"content":{"rendered":"<div class=\"wpb-content-wrapper\"><p>[vc_row][vc_column][vc_column_text woodmart_inline=&#8221;no&#8221; text_larger=&#8221;no&#8221;]<br \/>\nTenga pehmeltkeedetud seeriast leiad kuus erinevat muna, iga\u00fcks nendest omap\u00e4rase sisemise disainiga!<\/p>\n<p><strong>Wavy:\u00a0<\/strong>Just nagu emakese ookeani lained, mis peksavad kaldale, on ka need mitmekihilised lainelised ribid j\u00e4tkuvaid sensatsioone t\u00e4is. Suured ja pehmed \u00e4\u00e4red nendel ribidel laksuvad \u00fcle kogu peenise, luues ettekujuteldamatud stimulatsioonid, mis panevad su naudingust v\u00e4risema.<\/p>\n<p><strong>Clicker:\u00a0<\/strong>Erinevate suurustega nublud katavad selle muna sisemist seina, et peenist tugevalt stimuleerida igas suunas. Selle asemel, et niisama edasi-tagasi muna liigutada, lase fantaasia valla ja proovi pigistada ja p\u00f6\u00f6rata oma soovide j\u00e4rgi!<\/p>\n<p><strong>Spider:\u00a0<\/strong>\u00dc\u00fcratult detailne \u00e4mblikuv\u00f5rgu struktuur katab selle muna kogu sisemust. Jooned liiguvad igas suunas ja tekitavad tugeva stimulatsiooni.<\/p>\n<p><strong>Twister:\u00a0<\/strong>Siiru-viirulised mustrid katavad Twisteri sisemust. Proovi tavalise kasutamise asemel p\u00f6\u00f6rata tenga muna peenise peal \u2013 see tekitab stimulatsioonide tornaado!<\/p>\n<p><strong>Stepper:\u00a0<\/strong>Kahesuunalised kolmnurgad on paigutatud n\u00f5nda, et \u00fcles-alla stimuleerides oleks tunne v\u00f5imendatud. Need asjalikult paigutatud kujukesed viivad su unustamatu orgasmini!<\/p>\n<p><strong>Silky:\u00a0<\/strong>Risti-r\u00e4sti asetsevad delikaatsed ribid \u00f5rritavad sind samal ajal, kui sa Tenga Muna kasutad. Need siledad detailid libisevad \u00fcle peenise kui k\u00f5ige peenem siid, luues \u00f5rna ja k\u00f5ditava sensatsiooni, viies l\u00f5puks ekstaasi t\u00e4is purskeni.<\/p>\n<p><strong>Meestele ja naistele:<\/strong><\/p>\n<p>Tenga Egg muna kasutatakse tihti naiste poolt, et oma partneritele pakkuda lisastimulatsioone. See on ideaalne kingitus k\u00f5ikidele paaridele. Lisaks saab naine muna teistpidi keerata, ja seda kasutada vibraatori peale asetades lisastimulatsiooni saamiseks.<\/p>\n<p><strong>Kuidas kasutada:<\/strong><\/p>\n<p>Eemalda pakendilt m\u00e4rgitud kohast kile.<br \/>\nVajuta muna \u00e4\u00e4red kokku, et see lahti teha.<br \/>\nEemalda muna seest vee baasil libesti kotike koos seda \u00fcmbritseva plastikuga.<br \/>\nRebi libesti pakend mummudega m\u00e4rgitud kohast katki ning pigista kogu libesti muna sisse.<br \/>\nMuna on kasutamiseks valmis.<\/p>\n<p>Kasuta ainult vee baasil libesteid Tenga Eggiga. Kui oled Tenga Eggiga l\u00f5petanud, v\u00f5id selle \u00e4ra puhastada sooja vee ja seebiga. H\u00e4sti hoolitsetud Tenga muna sobib kasutamiseks umbes 5-7 korda.<\/p>\n<p>Libesti koostisained: vesi, gl\u00fctseriin, h\u00fcdroks\u00fcet\u00fc\u00fcltselluloos, naatriumpol\u00fcakr\u00fclaat, met\u00fc\u00fclparabeen. Kaasasolev libesti ei ole m\u00f5eldud vahekorra jaoks kasutamiseks, kasutada ainult Tenga leluga.<\/p>\n<p>Hoia muna jahedas ja kuivas kohas nii, et lapsed seda k\u00e4tte ei saaks. \u00c4ra kasuta Tenga Eggi kui su nahk on kahjustatud v\u00f5i \u00e4rritunud. \u00c4rrituste sajaprotsendiliseks v\u00e4ltimiseks katseta Tenga munaga kaasas olevat libestit enne oma k\u00e4el. Tenga Egg ei sobi kasutamiseks mitme inimese vahel.[\/vc_column_text][\/vc_column][\/vc_row]<\/p>\n<\/div>","protected":false},"excerpt":{"rendered":"<p>[vc_row][vc_column][vc_column_text woodmart_inline=&#8221;no&#8221; text_larger=&#8221;no&#8221;] Tenga pehmeltkeedetud seeriast leiad kuus erinevat muna, iga\u00fcks nendest omap\u00e4rase sisemise disainiga! Wavy:\u00a0Just nagu emakese ookeani lained,<\/p>\n","protected":false},"featured_media":0,"template":"","meta":[],"product_brand":[4244],"product_cat":[4008,1480,1477],"product_tag":[1575,1561,1562,1538],"class_list":{"0":"post-44730","1":"product","2":"type-product","3":"status-publish","5":"product_brand-tenga-et","6":"product_cat-manuaalsed","7":"product_cat-masturbaatorid","8":"product_cat-meestele","9":"product_tag-masturbaator-et","10":"product_tag-muna","11":"product_tag-munad","12":"product_tag-tenga-et","13":"pa_brand-tenga-et","15":"first","16":"instock","17":"taxable","18":"shipping-taxable","19":"purchasable","20":"product-type-variable"},"yoast_head":"<!-- This site is optimized with the Yoast SEO plugin v27.3 - https:\/\/yoast.com\/product\/yoast-seo-wordpress\/ -->\n<title>Soft Boiled Tenga Egg | Lust and Love<\/title>\n<meta name=\"robots\" content=\"index,follow,max-snippet:-1,max-image-preview:large,max-video-preview:-1\" \/>\n<link rel=\"canonical\" href=\"https:\/\/lustandlove.eu\/et\/toode\/soft-boiled-tenga-egg\/\" \/>\n<meta name=\"twitter:card\" content=\"summary_large_image\" \/>\n<meta name=\"twitter:title\" content=\"Soft Boiled Tenga Egg | Lust and Love\" \/>\n<meta name=\"twitter:description\" content=\"[vc_row][vc_column][vc_column_text woodmart_inline=&#8221;no&#8221; text_larger=&#8221;no&#8221;] Tenga pehmeltkeedetud seeriast leiad kuus erinevat muna, iga\u00fcks nendest omap\u00e4rase sisemise disainiga! Wavy:\u00a0Just nagu emakese ookeani lained,\" \/>\n<meta name=\"twitter:label1\" content=\"Est. reading time\" \/>\n\t<meta name=\"twitter:data1\" content=\"3 minutit\" \/>\n<script type=\"application\/ld+json\" class=\"yoast-schema-graph\">{\"@context\":\"https:\\\/\\\/schema.org\",\"@graph\":[{\"@type\":[\"WebPage\",\"ItemPage\"],\"@id\":\"https:\\\/\\\/lustandlove.eu\\\/et\\\/toode\\\/soft-boiled-tenga-egg\\\/\",\"url\":\"https:\\\/\\\/lustandlove.eu\\\/et\\\/toode\\\/soft-boiled-tenga-egg\\\/\",\"name\":\"Soft Boiled Tenga Egg | Lust and Love\",\"isPartOf\":{\"@id\":\"https:\\\/\\\/lustandlove.eu\\\/et\\\/#website\"},\"datePublished\":\"2021-07-08T07:53:18+00:00\",\"dateModified\":\"2026-04-13T07:37:07+00:00\",\"breadcrumb\":{\"@id\":\"https:\\\/\\\/lustandlove.eu\\\/et\\\/toode\\\/soft-boiled-tenga-egg\\\/#breadcrumb\"},\"inLanguage\":\"et\",\"potentialAction\":[{\"@type\":\"ReadAction\",\"target\":[\"https:\\\/\\\/lustandlove.eu\\\/et\\\/toode\\\/soft-boiled-tenga-egg\\\/\"]}]},{\"@type\":\"BreadcrumbList\",\"@id\":\"https:\\\/\\\/lustandlove.eu\\\/et\\\/toode\\\/soft-boiled-tenga-egg\\\/#breadcrumb\",\"itemListElement\":[{\"@type\":\"ListItem\",\"position\":1,\"name\":\"Lust and Love\",\"item\":\"https:\\\/\\\/lustandlove.eu\\\/et\\\/\"},{\"@type\":\"ListItem\",\"position\":2,\"name\":\"Pood\",\"item\":\"https:\\\/\\\/lustandlove.eu\\\/et\\\/pood\\\/\"},{\"@type\":\"ListItem\",\"position\":3,\"name\":\"Meestele\",\"item\":\"https:\\\/\\\/lustandlove.eu\\\/et\\\/pood\\\/meestele\\\/\"},{\"@type\":\"ListItem\",\"position\":4,\"name\":\"Masturbaatorid\",\"item\":\"https:\\\/\\\/lustandlove.eu\\\/et\\\/pood\\\/meestele\\\/masturbaatorid\\\/\"},{\"@type\":\"ListItem\",\"position\":5,\"name\":\"Soft Boiled Tenga Egg\"}]},{\"@type\":\"WebSite\",\"@id\":\"https:\\\/\\\/lustandlove.eu\\\/et\\\/#website\",\"url\":\"https:\\\/\\\/lustandlove.eu\\\/et\\\/\",\"name\":\"Lust &amp; Love\",\"description\":\"Online erootikapood tervise, ilu ja armastuse jaoks\",\"publisher\":{\"@id\":\"https:\\\/\\\/lustandlove.eu\\\/et\\\/#organization\"},\"potentialAction\":[{\"@type\":\"SearchAction\",\"target\":{\"@type\":\"EntryPoint\",\"urlTemplate\":\"https:\\\/\\\/lustandlove.eu\\\/et\\\/?s={search_term_string}\"},\"query-input\":{\"@type\":\"PropertyValueSpecification\",\"valueRequired\":true,\"valueName\":\"search_term_string\"}}],\"inLanguage\":\"et\"},{\"@type\":\"Organization\",\"@id\":\"https:\\\/\\\/lustandlove.eu\\\/et\\\/#organization\",\"name\":\"Bioconcept Baltics O\u00dc\",\"url\":\"https:\\\/\\\/lustandlove.eu\\\/et\\\/\",\"logo\":{\"@type\":\"ImageObject\",\"inLanguage\":\"et\",\"@id\":\"https:\\\/\\\/lustandlove.eu\\\/et\\\/#\\\/schema\\\/logo\\\/image\\\/\",\"url\":\"\",\"contentUrl\":\"\",\"caption\":\"Bioconcept Baltics O\u00dc\"},\"image\":{\"@id\":\"https:\\\/\\\/lustandlove.eu\\\/et\\\/#\\\/schema\\\/logo\\\/image\\\/\"},\"sameAs\":[\"https:\\\/\\\/www.facebook.com\\\/LustandLoveEU\\\/\",\"https:\\\/\\\/www.instagram.com\\\/lustandloveeu\\\/\"]}]}<\/script>\n<!-- \/ Yoast SEO plugin. -->","yoast_head_json":{"title":"Soft Boiled Tenga Egg | Lust and Love","robots":{"index,follow,max-snippet":"index,follow,max-snippet:-1,max-image-preview:large,max-video-preview:-1"},"canonical":"https:\/\/lustandlove.eu\/et\/toode\/soft-boiled-tenga-egg\/","twitter_card":"summary_large_image","twitter_title":"Soft Boiled Tenga Egg | Lust and Love","twitter_description":"[vc_row][vc_column][vc_column_text woodmart_inline=&#8221;no&#8221; text_larger=&#8221;no&#8221;] Tenga pehmeltkeedetud seeriast leiad kuus erinevat muna, iga\u00fcks nendest omap\u00e4rase sisemise disainiga! Wavy:\u00a0Just nagu emakese ookeani lained,","twitter_misc":{"Est. reading time":"3 minutit"},"schema":{"@context":"https:\/\/schema.org","@graph":[{"@type":["WebPage","ItemPage"],"@id":"https:\/\/lustandlove.eu\/et\/toode\/soft-boiled-tenga-egg\/","url":"https:\/\/lustandlove.eu\/et\/toode\/soft-boiled-tenga-egg\/","name":"Soft Boiled Tenga Egg | Lust and Love","isPartOf":{"@id":"https:\/\/lustandlove.eu\/et\/#website"},"datePublished":"2021-07-08T07:53:18+00:00","dateModified":"2026-04-13T07:37:07+00:00","breadcrumb":{"@id":"https:\/\/lustandlove.eu\/et\/toode\/soft-boiled-tenga-egg\/#breadcrumb"},"inLanguage":"et","potentialAction":[{"@type":"ReadAction","target":["https:\/\/lustandlove.eu\/et\/toode\/soft-boiled-tenga-egg\/"]}]},{"@type":"BreadcrumbList","@id":"https:\/\/lustandlove.eu\/et\/toode\/soft-boiled-tenga-egg\/#breadcrumb","itemListElement":[{"@type":"ListItem","position":1,"name":"Lust and Love","item":"https:\/\/lustandlove.eu\/et\/"},{"@type":"ListItem","position":2,"name":"Pood","item":"https:\/\/lustandlove.eu\/et\/pood\/"},{"@type":"ListItem","position":3,"name":"Meestele","item":"https:\/\/lustandlove.eu\/et\/pood\/meestele\/"},{"@type":"ListItem","position":4,"name":"Masturbaatorid","item":"https:\/\/lustandlove.eu\/et\/pood\/meestele\/masturbaatorid\/"},{"@type":"ListItem","position":5,"name":"Soft Boiled Tenga Egg"}]},{"@type":"WebSite","@id":"https:\/\/lustandlove.eu\/et\/#website","url":"https:\/\/lustandlove.eu\/et\/","name":"Lust &amp; Love","description":"Online erootikapood tervise, ilu ja armastuse jaoks","publisher":{"@id":"https:\/\/lustandlove.eu\/et\/#organization"},"potentialAction":[{"@type":"SearchAction","target":{"@type":"EntryPoint","urlTemplate":"https:\/\/lustandlove.eu\/et\/?s={search_term_string}"},"query-input":{"@type":"PropertyValueSpecification","valueRequired":true,"valueName":"search_term_string"}}],"inLanguage":"et"},{"@type":"Organization","@id":"https:\/\/lustandlove.eu\/et\/#organization","name":"Bioconcept Baltics O\u00dc","url":"https:\/\/lustandlove.eu\/et\/","logo":{"@type":"ImageObject","inLanguage":"et","@id":"https:\/\/lustandlove.eu\/et\/#\/schema\/logo\/image\/","url":"","contentUrl":"","caption":"Bioconcept Baltics O\u00dc"},"image":{"@id":"https:\/\/lustandlove.eu\/et\/#\/schema\/logo\/image\/"},"sameAs":["https:\/\/www.facebook.com\/LustandLoveEU\/","https:\/\/www.instagram.com\/lustandloveeu\/"]}]}},"_links":{"self":[{"href":"https:\/\/lustandlove.eu\/et\/wp-json\/wp\/v2\/product\/44730","targetHints":{"allow":["GET"]}}],"collection":[{"href":"https:\/\/lustandlove.eu\/et\/wp-json\/wp\/v2\/product"}],"about":[{"href":"https:\/\/lustandlove.eu\/et\/wp-json\/wp\/v2\/types\/product"}],"wp:attachment":[{"href":"https:\/\/lustandlove.eu\/et\/wp-json\/wp\/v2\/media?parent=44730"}],"wp:term":[{"taxonomy":"product_brand","embeddable":true,"href":"https:\/\/lustandlove.eu\/et\/wp-json\/wp\/v2\/product_brand?post=44730"},{"taxonomy":"product_cat","embeddable":true,"href":"https:\/\/lustandlove.eu\/et\/wp-json\/wp\/v2\/product_cat?post=44730"},{"taxonomy":"product_tag","embeddable":true,"href":"https:\/\/lustandlove.eu\/et\/wp-json\/wp\/v2\/product_tag?post=44730"}],"curies":[{"name":"wp","href":"https:\/\/api.w.org\/{rel}","templated":true}]}}