{"id":44746,"date":"2021-06-01T07:49:37","date_gmt":"2021-06-01T04:49:37","guid":{"rendered":"https:\/\/www.lustandlove.eu\/product\/no-slip-protech\/"},"modified":"2026-04-13T10:52:44","modified_gmt":"2026-04-13T07:52:44","slug":"no-slip-protech","status":"publish","type":"product","link":"https:\/\/lustandlove.eu\/et\/toode\/no-slip-protech\/","title":{"rendered":"No-Slip Protech"},"content":{"rendered":"<p>Libisemisvastane kaitse aitab \u00fcmberm\u00f5\u00f5tu lisada, \u00fcmbritsedes teie n\u00e4\u00e4rmete tagaosa &#8211; lisaks lisab see kaitset h\u00f5\u00f5rdumise vastu.<\/p>\n","protected":false},"excerpt":{"rendered":"<p>Libisemisvastane kaitse aitab \u00fcmberm\u00f5\u00f5tu lisada, \u00fcmbritsedes teie n\u00e4\u00e4rmete tagaosa &#8211; lisaks lisab see kaitset h\u00f5\u00f5rdumise vastu.<\/p>\n","protected":false},"featured_media":44747,"template":"","meta":[],"product_brand":[4223],"product_cat":[1477,1482],"product_tag":[],"class_list":{"0":"post-44746","1":"product","2":"type-product","3":"status-publish","4":"has-post-thumbnail","6":"product_brand-male-edge-et","7":"product_cat-meestele","8":"product_cat-peenise-suurendus","9":"pa_brand-jes-extender-et","10":"pa_brand-male-edge","12":"first","13":"outofstock","14":"featured","15":"taxable","16":"shipping-taxable","17":"purchasable","18":"product-type-simple"},"yoast_head":"<!-- This site is optimized with the Yoast SEO plugin v27.4 - https:\/\/yoast.com\/product\/yoast-seo-wordpress\/ -->\n<title>No-Slip Protech 5.00\u20ac | Lust and Love<\/title>\n<meta name=\"description\" content=\"Libisemisvastane kaitse aitab \u00fcmberm\u00f5\u00f5tu lisada, \u00fcmbritsedes teie n\u00e4\u00e4rmete tagaosa - lisaks lisab see kaitset h\u00f5\u00f5rdumise vastu.\" \/>\n<meta name=\"robots\" content=\"index,follow,max-snippet:-1,max-image-preview:large,max-video-preview:-1\" \/>\n<link rel=\"canonical\" href=\"https:\/\/lustandlove.eu\/et\/toode\/no-slip-protech\/\" \/>\n<script type=\"application\/ld+json\" class=\"yoast-schema-graph\">{\"@context\":\"https:\\\/\\\/schema.org\",\"@graph\":[{\"@type\":[\"WebPage\",\"ItemPage\"],\"@id\":\"https:\\\/\\\/lustandlove.eu\\\/et\\\/toode\\\/no-slip-protech\\\/\",\"url\":\"https:\\\/\\\/lustandlove.eu\\\/et\\\/toode\\\/no-slip-protech\\\/\",\"name\":\"No-Slip Protech 5.00\u20ac | Lust and Love\",\"isPartOf\":{\"@id\":\"https:\\\/\\\/lustandlove.eu\\\/et\\\/#website\"},\"primaryImageOfPage\":{\"@id\":\"https:\\\/\\\/lustandlove.eu\\\/et\\\/toode\\\/no-slip-protech\\\/#primaryimage\"},\"image\":{\"@id\":\"https:\\\/\\\/lustandlove.eu\\\/et\\\/toode\\\/no-slip-protech\\\/#primaryimage\"},\"thumbnailUrl\":\"https:\\\/\\\/lustandlove.eu\\\/wp-content\\\/uploads\\\/MaleEdge_Accessories_No_Slip_Protech_SKU249-600x600_1024x1024_2x_9e169f19-6c67-4369-87f3-e1c3815b1b82.png\",\"datePublished\":\"2021-06-01T04:49:37+00:00\",\"dateModified\":\"2026-04-13T07:52:44+00:00\",\"description\":\"Libisemisvastane kaitse aitab \u00fcmberm\u00f5\u00f5tu lisada, \u00fcmbritsedes teie n\u00e4\u00e4rmete tagaosa - lisaks lisab see kaitset h\u00f5\u00f5rdumise vastu.\",\"breadcrumb\":{\"@id\":\"https:\\\/\\\/lustandlove.eu\\\/et\\\/toode\\\/no-slip-protech\\\/#breadcrumb\"},\"inLanguage\":\"et\",\"potentialAction\":[{\"@type\":\"ReadAction\",\"target\":[\"https:\\\/\\\/lustandlove.eu\\\/et\\\/toode\\\/no-slip-protech\\\/\"]}]},{\"@type\":\"ImageObject\",\"inLanguage\":\"et\",\"@id\":\"https:\\\/\\\/lustandlove.eu\\\/et\\\/toode\\\/no-slip-protech\\\/#primaryimage\",\"url\":\"https:\\\/\\\/lustandlove.eu\\\/wp-content\\\/uploads\\\/MaleEdge_Accessories_No_Slip_Protech_SKU249-600x600_1024x1024_2x_9e169f19-6c67-4369-87f3-e1c3815b1b82.png\",\"contentUrl\":\"https:\\\/\\\/lustandlove.eu\\\/wp-content\\\/uploads\\\/MaleEdge_Accessories_No_Slip_Protech_SKU249-600x600_1024x1024_2x_9e169f19-6c67-4369-87f3-e1c3815b1b82.png\",\"width\":600,\"height\":600},{\"@type\":\"BreadcrumbList\",\"@id\":\"https:\\\/\\\/lustandlove.eu\\\/et\\\/toode\\\/no-slip-protech\\\/#breadcrumb\",\"itemListElement\":[{\"@type\":\"ListItem\",\"position\":1,\"name\":\"Lust and Love\",\"item\":\"https:\\\/\\\/lustandlove.eu\\\/et\\\/\"},{\"@type\":\"ListItem\",\"position\":2,\"name\":\"Pood\",\"item\":\"https:\\\/\\\/lustandlove.eu\\\/et\\\/pood\\\/\"},{\"@type\":\"ListItem\",\"position\":3,\"name\":\"Meestele\",\"item\":\"https:\\\/\\\/lustandlove.eu\\\/et\\\/pood\\\/meestele\\\/\"},{\"@type\":\"ListItem\",\"position\":4,\"name\":\"Peenise suurendus\",\"item\":\"https:\\\/\\\/lustandlove.eu\\\/et\\\/pood\\\/meestele\\\/peenise-suurendus\\\/\"},{\"@type\":\"ListItem\",\"position\":5,\"name\":\"No-Slip Protech\"}]},{\"@type\":\"WebSite\",\"@id\":\"https:\\\/\\\/lustandlove.eu\\\/et\\\/#website\",\"url\":\"https:\\\/\\\/lustandlove.eu\\\/et\\\/\",\"name\":\"Lust & Love\",\"description\":\"Online erootikapood tervise, ilu ja armastuse jaoks\",\"publisher\":{\"@id\":\"https:\\\/\\\/lustandlove.eu\\\/et\\\/#organization\"},\"potentialAction\":[{\"@type\":\"SearchAction\",\"target\":{\"@type\":\"EntryPoint\",\"urlTemplate\":\"https:\\\/\\\/lustandlove.eu\\\/et\\\/?s={search_term_string}\"},\"query-input\":{\"@type\":\"PropertyValueSpecification\",\"valueRequired\":true,\"valueName\":\"search_term_string\"}}],\"inLanguage\":\"et\"},{\"@type\":\"Organization\",\"@id\":\"https:\\\/\\\/lustandlove.eu\\\/et\\\/#organization\",\"name\":\"Bioconcept Baltics O\u00dc\",\"url\":\"https:\\\/\\\/lustandlove.eu\\\/et\\\/\",\"logo\":{\"@type\":\"ImageObject\",\"inLanguage\":\"et\",\"@id\":\"https:\\\/\\\/lustandlove.eu\\\/et\\\/#\\\/schema\\\/logo\\\/image\\\/\",\"url\":\"https:\\\/\\\/lustandlove.eu\\\/wp-content\\\/uploads\\\/logo-full-2.png\",\"contentUrl\":\"https:\\\/\\\/lustandlove.eu\\\/wp-content\\\/uploads\\\/logo-full-2.png\",\"width\":837,\"height\":200,\"caption\":\"Bioconcept Baltics O\u00dc\"},\"image\":{\"@id\":\"https:\\\/\\\/lustandlove.eu\\\/et\\\/#\\\/schema\\\/logo\\\/image\\\/\"},\"sameAs\":[\"https:\\\/\\\/www.facebook.com\\\/LustandLoveEU\\\/\",\"https:\\\/\\\/www.instagram.com\\\/lustandloveeu\\\/\"]}]}<\/script>\n<!-- \/ Yoast SEO plugin. -->","yoast_head_json":{"title":"No-Slip Protech 5.00\u20ac | Lust and Love","description":"Libisemisvastane kaitse aitab \u00fcmberm\u00f5\u00f5tu lisada, \u00fcmbritsedes teie n\u00e4\u00e4rmete tagaosa - lisaks lisab see kaitset h\u00f5\u00f5rdumise vastu.","robots":{"index,follow,max-snippet":"index,follow,max-snippet:-1,max-image-preview:large,max-video-preview:-1"},"canonical":"https:\/\/lustandlove.eu\/et\/toode\/no-slip-protech\/","schema":{"@context":"https:\/\/schema.org","@graph":[{"@type":["WebPage","ItemPage"],"@id":"https:\/\/lustandlove.eu\/et\/toode\/no-slip-protech\/","url":"https:\/\/lustandlove.eu\/et\/toode\/no-slip-protech\/","name":"No-Slip Protech 5.00\u20ac | Lust and Love","isPartOf":{"@id":"https:\/\/lustandlove.eu\/et\/#website"},"primaryImageOfPage":{"@id":"https:\/\/lustandlove.eu\/et\/toode\/no-slip-protech\/#primaryimage"},"image":{"@id":"https:\/\/lustandlove.eu\/et\/toode\/no-slip-protech\/#primaryimage"},"thumbnailUrl":"https:\/\/lustandlove.eu\/wp-content\/uploads\/MaleEdge_Accessories_No_Slip_Protech_SKU249-600x600_1024x1024_2x_9e169f19-6c67-4369-87f3-e1c3815b1b82.png","datePublished":"2021-06-01T04:49:37+00:00","dateModified":"2026-04-13T07:52:44+00:00","description":"Libisemisvastane kaitse aitab \u00fcmberm\u00f5\u00f5tu lisada, \u00fcmbritsedes teie n\u00e4\u00e4rmete tagaosa - lisaks lisab see kaitset h\u00f5\u00f5rdumise vastu.","breadcrumb":{"@id":"https:\/\/lustandlove.eu\/et\/toode\/no-slip-protech\/#breadcrumb"},"inLanguage":"et","potentialAction":[{"@type":"ReadAction","target":["https:\/\/lustandlove.eu\/et\/toode\/no-slip-protech\/"]}]},{"@type":"ImageObject","inLanguage":"et","@id":"https:\/\/lustandlove.eu\/et\/toode\/no-slip-protech\/#primaryimage","url":"https:\/\/lustandlove.eu\/wp-content\/uploads\/MaleEdge_Accessories_No_Slip_Protech_SKU249-600x600_1024x1024_2x_9e169f19-6c67-4369-87f3-e1c3815b1b82.png","contentUrl":"https:\/\/lustandlove.eu\/wp-content\/uploads\/MaleEdge_Accessories_No_Slip_Protech_SKU249-600x600_1024x1024_2x_9e169f19-6c67-4369-87f3-e1c3815b1b82.png","width":600,"height":600},{"@type":"BreadcrumbList","@id":"https:\/\/lustandlove.eu\/et\/toode\/no-slip-protech\/#breadcrumb","itemListElement":[{"@type":"ListItem","position":1,"name":"Lust and Love","item":"https:\/\/lustandlove.eu\/et\/"},{"@type":"ListItem","position":2,"name":"Pood","item":"https:\/\/lustandlove.eu\/et\/pood\/"},{"@type":"ListItem","position":3,"name":"Meestele","item":"https:\/\/lustandlove.eu\/et\/pood\/meestele\/"},{"@type":"ListItem","position":4,"name":"Peenise suurendus","item":"https:\/\/lustandlove.eu\/et\/pood\/meestele\/peenise-suurendus\/"},{"@type":"ListItem","position":5,"name":"No-Slip Protech"}]},{"@type":"WebSite","@id":"https:\/\/lustandlove.eu\/et\/#website","url":"https:\/\/lustandlove.eu\/et\/","name":"Lust & Love","description":"Online erootikapood tervise, ilu ja armastuse jaoks","publisher":{"@id":"https:\/\/lustandlove.eu\/et\/#organization"},"potentialAction":[{"@type":"SearchAction","target":{"@type":"EntryPoint","urlTemplate":"https:\/\/lustandlove.eu\/et\/?s={search_term_string}"},"query-input":{"@type":"PropertyValueSpecification","valueRequired":true,"valueName":"search_term_string"}}],"inLanguage":"et"},{"@type":"Organization","@id":"https:\/\/lustandlove.eu\/et\/#organization","name":"Bioconcept Baltics O\u00dc","url":"https:\/\/lustandlove.eu\/et\/","logo":{"@type":"ImageObject","inLanguage":"et","@id":"https:\/\/lustandlove.eu\/et\/#\/schema\/logo\/image\/","url":"https:\/\/lustandlove.eu\/wp-content\/uploads\/logo-full-2.png","contentUrl":"https:\/\/lustandlove.eu\/wp-content\/uploads\/logo-full-2.png","width":837,"height":200,"caption":"Bioconcept Baltics O\u00dc"},"image":{"@id":"https:\/\/lustandlove.eu\/et\/#\/schema\/logo\/image\/"},"sameAs":["https:\/\/www.facebook.com\/LustandLoveEU\/","https:\/\/www.instagram.com\/lustandloveeu\/"]}]}},"_links":{"self":[{"href":"https:\/\/lustandlove.eu\/et\/wp-json\/wp\/v2\/product\/44746","targetHints":{"allow":["GET"]}}],"collection":[{"href":"https:\/\/lustandlove.eu\/et\/wp-json\/wp\/v2\/product"}],"about":[{"href":"https:\/\/lustandlove.eu\/et\/wp-json\/wp\/v2\/types\/product"}],"wp:featuredmedia":[{"embeddable":true,"href":"https:\/\/lustandlove.eu\/et\/wp-json\/wp\/v2\/media\/44747"}],"wp:attachment":[{"href":"https:\/\/lustandlove.eu\/et\/wp-json\/wp\/v2\/media?parent=44746"}],"wp:term":[{"taxonomy":"product_brand","embeddable":true,"href":"https:\/\/lustandlove.eu\/et\/wp-json\/wp\/v2\/product_brand?post=44746"},{"taxonomy":"product_cat","embeddable":true,"href":"https:\/\/lustandlove.eu\/et\/wp-json\/wp\/v2\/product_cat?post=44746"},{"taxonomy":"product_tag","embeddable":true,"href":"https:\/\/lustandlove.eu\/et\/wp-json\/wp\/v2\/product_tag?post=44746"}],"curies":[{"name":"wp","href":"https:\/\/api.w.org\/{rel}","templated":true}]}}