{"id":44752,"date":"2021-06-01T07:47:57","date_gmt":"2021-06-01T04:47:57","guid":{"rendered":"https:\/\/www.lustandlove.eu\/product\/sperm-stopper-28-32mm-2\/"},"modified":"2026-04-13T10:37:08","modified_gmt":"2026-04-13T07:37:08","slug":"sperm-stopper-28-32mm-2","status":"publish","type":"product","link":"https:\/\/lustandlove.eu\/et\/toode\/sperm-stopper-28-32mm-2\/","title":{"rendered":"Sperm Stopper 28-32MM"},"content":{"rendered":"<p>Peeniser\u00f5ngas kahe keraga. Aitab sperma voolu takistada. Valmistatud roostevabast terasest.<\/p>\n<p>Ringi k\u00fcljes olev kera pakub naudingut ning tipus olev kera takistab sperma voolu. Aitab p\u00fcsida erekteerunult.<\/p>\n","protected":false},"excerpt":{"rendered":"<p>Peeniser\u00f5ngas kahe keraga. Aitab sperma voolu takistada. Valmistatud roostevabast terasest. Ringi k\u00fcljes olev kera pakub naudingut ning tipus olev kera<\/p>\n","protected":false},"featured_media":44753,"template":"","meta":[],"product_brand":[4218],"product_cat":[1470,4001],"product_tag":[3773],"class_list":{"0":"post-44752","1":"product","2":"type-product","3":"status-publish","4":"has-post-thumbnail","6":"product_brand-kiotos-et","7":"product_cat-bdsm-et","8":"product_cat-lobutooted","9":"product_tag-meditsiin","10":"pa_brand-kiotos-et","12":"first","13":"instock","14":"taxable","15":"shipping-taxable","16":"purchasable","17":"product-type-variable"},"yoast_head":"<!-- This site is optimized with the Yoast SEO plugin v27.3 - https:\/\/yoast.com\/product\/yoast-seo-wordpress\/ -->\n<title>Sperm Stopper 28-32MM | Lust and Love Sex Shop<\/title>\n<meta name=\"description\" content=\"Peeniser\u00f5ngas kahe keraga. Aitab sperma voolu takistada. Valmistatud roostevabast terasest. Ringi k\u00fcljes olev kera pakub naudingut ning tipus olev kera takistab sperma voolu. Aitab p\u00fcsida erekteerunult.\" \/>\n<meta name=\"robots\" content=\"index,follow,max-snippet:-1,max-image-preview:large,max-video-preview:-1\" \/>\n<link rel=\"canonical\" href=\"https:\/\/lustandlove.eu\/et\/toode\/sperm-stopper-28-32mm-2\/\" \/>\n<meta name=\"twitter:card\" content=\"summary_large_image\" \/>\n<meta name=\"twitter:title\" content=\"Sperm Stopper 28-32MM | Lust and Love Sex Shop\" \/>\n<meta name=\"twitter:description\" content=\"Peeniser\u00f5ngas kahe keraga. Aitab sperma voolu takistada. Valmistatud roostevabast terasest. Ringi k\u00fcljes olev kera pakub naudingut ning tipus olev kera takistab sperma voolu. Aitab p\u00fcsida erekteerunult.\" \/>\n<meta name=\"twitter:image\" content=\"https:\/\/lustandlove.eu\/wp-content\/uploads\/112-tbj-2068_2_4.jpg\" \/>\n<meta name=\"twitter:label1\" content=\"Est. reading time\" \/>\n\t<meta name=\"twitter:data1\" content=\"1 minut\" \/>\n<script type=\"application\/ld+json\" class=\"yoast-schema-graph\">{\"@context\":\"https:\\\/\\\/schema.org\",\"@graph\":[{\"@type\":[\"WebPage\",\"ItemPage\"],\"@id\":\"https:\\\/\\\/lustandlove.eu\\\/et\\\/toode\\\/sperm-stopper-28-32mm-2\\\/\",\"url\":\"https:\\\/\\\/lustandlove.eu\\\/et\\\/toode\\\/sperm-stopper-28-32mm-2\\\/\",\"name\":\"Sperm Stopper 28-32MM | Lust and Love Sex Shop\",\"isPartOf\":{\"@id\":\"https:\\\/\\\/lustandlove.eu\\\/et\\\/#website\"},\"primaryImageOfPage\":{\"@id\":\"https:\\\/\\\/lustandlove.eu\\\/et\\\/toode\\\/sperm-stopper-28-32mm-2\\\/#primaryimage\"},\"image\":{\"@id\":\"https:\\\/\\\/lustandlove.eu\\\/et\\\/toode\\\/sperm-stopper-28-32mm-2\\\/#primaryimage\"},\"thumbnailUrl\":\"https:\\\/\\\/lustandlove.eu\\\/wp-content\\\/uploads\\\/112-tbj-2068_2_4.jpg\",\"datePublished\":\"2021-06-01T04:47:57+00:00\",\"dateModified\":\"2026-04-13T07:37:08+00:00\",\"description\":\"Peeniser\u00f5ngas kahe keraga. Aitab sperma voolu takistada. Valmistatud roostevabast terasest. Ringi k\u00fcljes olev kera pakub naudingut ning tipus olev kera takistab sperma voolu. Aitab p\u00fcsida erekteerunult.\",\"breadcrumb\":{\"@id\":\"https:\\\/\\\/lustandlove.eu\\\/et\\\/toode\\\/sperm-stopper-28-32mm-2\\\/#breadcrumb\"},\"inLanguage\":\"et\",\"potentialAction\":[{\"@type\":\"ReadAction\",\"target\":[\"https:\\\/\\\/lustandlove.eu\\\/et\\\/toode\\\/sperm-stopper-28-32mm-2\\\/\"]}]},{\"@type\":\"ImageObject\",\"inLanguage\":\"et\",\"@id\":\"https:\\\/\\\/lustandlove.eu\\\/et\\\/toode\\\/sperm-stopper-28-32mm-2\\\/#primaryimage\",\"url\":\"https:\\\/\\\/lustandlove.eu\\\/wp-content\\\/uploads\\\/112-tbj-2068_2_4.jpg\",\"contentUrl\":\"https:\\\/\\\/lustandlove.eu\\\/wp-content\\\/uploads\\\/112-tbj-2068_2_4.jpg\",\"width\":700,\"height\":450},{\"@type\":\"BreadcrumbList\",\"@id\":\"https:\\\/\\\/lustandlove.eu\\\/et\\\/toode\\\/sperm-stopper-28-32mm-2\\\/#breadcrumb\",\"itemListElement\":[{\"@type\":\"ListItem\",\"position\":1,\"name\":\"Lust and Love\",\"item\":\"https:\\\/\\\/lustandlove.eu\\\/et\\\/\"},{\"@type\":\"ListItem\",\"position\":2,\"name\":\"Pood\",\"item\":\"https:\\\/\\\/lustandlove.eu\\\/et\\\/pood\\\/\"},{\"@type\":\"ListItem\",\"position\":3,\"name\":\"\u00d5rn nahale\",\"item\":\"https:\\\/\\\/lustandlove.eu\\\/et\\\/tootesilt\\\/orn-nahale\\\/\"},{\"@type\":\"ListItem\",\"position\":4,\"name\":\"Sperm Stopper 28-32MM\"}]},{\"@type\":\"WebSite\",\"@id\":\"https:\\\/\\\/lustandlove.eu\\\/et\\\/#website\",\"url\":\"https:\\\/\\\/lustandlove.eu\\\/et\\\/\",\"name\":\"Lust &amp; Love\",\"description\":\"Online erootikapood tervise, ilu ja armastuse jaoks\",\"publisher\":{\"@id\":\"https:\\\/\\\/lustandlove.eu\\\/et\\\/#organization\"},\"potentialAction\":[{\"@type\":\"SearchAction\",\"target\":{\"@type\":\"EntryPoint\",\"urlTemplate\":\"https:\\\/\\\/lustandlove.eu\\\/et\\\/?s={search_term_string}\"},\"query-input\":{\"@type\":\"PropertyValueSpecification\",\"valueRequired\":true,\"valueName\":\"search_term_string\"}}],\"inLanguage\":\"et\"},{\"@type\":\"Organization\",\"@id\":\"https:\\\/\\\/lustandlove.eu\\\/et\\\/#organization\",\"name\":\"Bioconcept Baltics O\u00dc\",\"url\":\"https:\\\/\\\/lustandlove.eu\\\/et\\\/\",\"logo\":{\"@type\":\"ImageObject\",\"inLanguage\":\"et\",\"@id\":\"https:\\\/\\\/lustandlove.eu\\\/et\\\/#\\\/schema\\\/logo\\\/image\\\/\",\"url\":\"\",\"contentUrl\":\"\",\"caption\":\"Bioconcept Baltics O\u00dc\"},\"image\":{\"@id\":\"https:\\\/\\\/lustandlove.eu\\\/et\\\/#\\\/schema\\\/logo\\\/image\\\/\"},\"sameAs\":[\"https:\\\/\\\/www.facebook.com\\\/LustandLoveEU\\\/\",\"https:\\\/\\\/www.instagram.com\\\/lustandloveeu\\\/\"]}]}<\/script>\n<!-- \/ Yoast SEO plugin. -->","yoast_head_json":{"title":"Sperm Stopper 28-32MM | Lust and Love Sex Shop","description":"Peeniser\u00f5ngas kahe keraga. Aitab sperma voolu takistada. Valmistatud roostevabast terasest. Ringi k\u00fcljes olev kera pakub naudingut ning tipus olev kera takistab sperma voolu. Aitab p\u00fcsida erekteerunult.","robots":{"index,follow,max-snippet":"index,follow,max-snippet:-1,max-image-preview:large,max-video-preview:-1"},"canonical":"https:\/\/lustandlove.eu\/et\/toode\/sperm-stopper-28-32mm-2\/","twitter_card":"summary_large_image","twitter_title":"Sperm Stopper 28-32MM | Lust and Love Sex Shop","twitter_description":"Peeniser\u00f5ngas kahe keraga. Aitab sperma voolu takistada. Valmistatud roostevabast terasest. Ringi k\u00fcljes olev kera pakub naudingut ning tipus olev kera takistab sperma voolu. Aitab p\u00fcsida erekteerunult.","twitter_image":"https:\/\/lustandlove.eu\/wp-content\/uploads\/112-tbj-2068_2_4.jpg","twitter_misc":{"Est. reading time":"1 minut"},"schema":{"@context":"https:\/\/schema.org","@graph":[{"@type":["WebPage","ItemPage"],"@id":"https:\/\/lustandlove.eu\/et\/toode\/sperm-stopper-28-32mm-2\/","url":"https:\/\/lustandlove.eu\/et\/toode\/sperm-stopper-28-32mm-2\/","name":"Sperm Stopper 28-32MM | Lust and Love Sex Shop","isPartOf":{"@id":"https:\/\/lustandlove.eu\/et\/#website"},"primaryImageOfPage":{"@id":"https:\/\/lustandlove.eu\/et\/toode\/sperm-stopper-28-32mm-2\/#primaryimage"},"image":{"@id":"https:\/\/lustandlove.eu\/et\/toode\/sperm-stopper-28-32mm-2\/#primaryimage"},"thumbnailUrl":"https:\/\/lustandlove.eu\/wp-content\/uploads\/112-tbj-2068_2_4.jpg","datePublished":"2021-06-01T04:47:57+00:00","dateModified":"2026-04-13T07:37:08+00:00","description":"Peeniser\u00f5ngas kahe keraga. Aitab sperma voolu takistada. Valmistatud roostevabast terasest. Ringi k\u00fcljes olev kera pakub naudingut ning tipus olev kera takistab sperma voolu. Aitab p\u00fcsida erekteerunult.","breadcrumb":{"@id":"https:\/\/lustandlove.eu\/et\/toode\/sperm-stopper-28-32mm-2\/#breadcrumb"},"inLanguage":"et","potentialAction":[{"@type":"ReadAction","target":["https:\/\/lustandlove.eu\/et\/toode\/sperm-stopper-28-32mm-2\/"]}]},{"@type":"ImageObject","inLanguage":"et","@id":"https:\/\/lustandlove.eu\/et\/toode\/sperm-stopper-28-32mm-2\/#primaryimage","url":"https:\/\/lustandlove.eu\/wp-content\/uploads\/112-tbj-2068_2_4.jpg","contentUrl":"https:\/\/lustandlove.eu\/wp-content\/uploads\/112-tbj-2068_2_4.jpg","width":700,"height":450},{"@type":"BreadcrumbList","@id":"https:\/\/lustandlove.eu\/et\/toode\/sperm-stopper-28-32mm-2\/#breadcrumb","itemListElement":[{"@type":"ListItem","position":1,"name":"Lust and Love","item":"https:\/\/lustandlove.eu\/et\/"},{"@type":"ListItem","position":2,"name":"Pood","item":"https:\/\/lustandlove.eu\/et\/pood\/"},{"@type":"ListItem","position":3,"name":"\u00d5rn nahale","item":"https:\/\/lustandlove.eu\/et\/tootesilt\/orn-nahale\/"},{"@type":"ListItem","position":4,"name":"Sperm Stopper 28-32MM"}]},{"@type":"WebSite","@id":"https:\/\/lustandlove.eu\/et\/#website","url":"https:\/\/lustandlove.eu\/et\/","name":"Lust &amp; Love","description":"Online erootikapood tervise, ilu ja armastuse jaoks","publisher":{"@id":"https:\/\/lustandlove.eu\/et\/#organization"},"potentialAction":[{"@type":"SearchAction","target":{"@type":"EntryPoint","urlTemplate":"https:\/\/lustandlove.eu\/et\/?s={search_term_string}"},"query-input":{"@type":"PropertyValueSpecification","valueRequired":true,"valueName":"search_term_string"}}],"inLanguage":"et"},{"@type":"Organization","@id":"https:\/\/lustandlove.eu\/et\/#organization","name":"Bioconcept Baltics O\u00dc","url":"https:\/\/lustandlove.eu\/et\/","logo":{"@type":"ImageObject","inLanguage":"et","@id":"https:\/\/lustandlove.eu\/et\/#\/schema\/logo\/image\/","url":"","contentUrl":"","caption":"Bioconcept Baltics O\u00dc"},"image":{"@id":"https:\/\/lustandlove.eu\/et\/#\/schema\/logo\/image\/"},"sameAs":["https:\/\/www.facebook.com\/LustandLoveEU\/","https:\/\/www.instagram.com\/lustandloveeu\/"]}]}},"_links":{"self":[{"href":"https:\/\/lustandlove.eu\/et\/wp-json\/wp\/v2\/product\/44752","targetHints":{"allow":["GET"]}}],"collection":[{"href":"https:\/\/lustandlove.eu\/et\/wp-json\/wp\/v2\/product"}],"about":[{"href":"https:\/\/lustandlove.eu\/et\/wp-json\/wp\/v2\/types\/product"}],"wp:featuredmedia":[{"embeddable":true,"href":"https:\/\/lustandlove.eu\/et\/wp-json\/wp\/v2\/media\/44753"}],"wp:attachment":[{"href":"https:\/\/lustandlove.eu\/et\/wp-json\/wp\/v2\/media?parent=44752"}],"wp:term":[{"taxonomy":"product_brand","embeddable":true,"href":"https:\/\/lustandlove.eu\/et\/wp-json\/wp\/v2\/product_brand?post=44752"},{"taxonomy":"product_cat","embeddable":true,"href":"https:\/\/lustandlove.eu\/et\/wp-json\/wp\/v2\/product_cat?post=44752"},{"taxonomy":"product_tag","embeddable":true,"href":"https:\/\/lustandlove.eu\/et\/wp-json\/wp\/v2\/product_tag?post=44752"}],"curies":[{"name":"wp","href":"https:\/\/api.w.org\/{rel}","templated":true}]}}