{"id":44757,"date":"2021-06-01T07:47:33","date_gmt":"2021-06-01T04:47:33","guid":{"rendered":"https:\/\/www.lustandlove.eu\/product\/iroha-ukidama-tenga-2\/"},"modified":"2026-04-13T10:37:09","modified_gmt":"2026-04-13T07:37:09","slug":"iroha-ukidama","status":"publish","type":"product","link":"https:\/\/lustandlove.eu\/et\/toode\/iroha-ukidama\/","title":{"rendered":"Iroha Ukidama"},"content":{"rendered":"<p>Iroha Ukidama on v\u00e4ike vibraator, mille sees on hubane tuluke. See on m\u00f5eldud eneserahuldamiseks ning hubase keskkonna tekitamiseks: lelu on veekindel ning h\u00f5ljub vee peal. V\u00f5ta see endaga vanni kaasa v\u00f5i tekita magamistoas m\u00f5nus keskkond.<\/p>\n","protected":false},"excerpt":{"rendered":"<p>Iroha ukidama avab uusi v\u00f5imalusi enesehoolitsuseks. Kombineeri vibratsiooni- ja valgustusre\u017eiime, et kohandada kogemust just enda vajadustele. Olgu see siis vannis puhates v\u00f5i voodis s\u00e4rades, iroha ukidama aitab sul l\u00f5\u00f5gastuda, kus iganes sa ka poleks. Toonita oma s\u00e4ra iroha ukidama abil.<\/p>\n","protected":false},"featured_media":44758,"template":"","meta":[],"product_brand":[4209],"product_cat":[1484,3979,1488],"product_tag":[],"class_list":{"0":"post-44757","1":"product","2":"type-product","3":"status-publish","4":"has-post-thumbnail","6":"product_brand-iroha-et","7":"product_cat-sekslelud","8":"product_cat-valispidised","9":"product_cat-vibraatorid","10":"pa_brand-iroha-et","12":"first","13":"instock","14":"taxable","15":"shipping-taxable","16":"purchasable","17":"product-type-variable"},"yoast_head":"<!-- This site is optimized with the Yoast SEO plugin v27.3 - https:\/\/yoast.com\/product\/yoast-seo-wordpress\/ -->\n<title>Iroha Ukidama | Lust and Love Sex Shop<\/title>\n<meta name=\"description\" content=\"Iroha Ukidama on v\u00e4ike vibraator, mille sees on hubane tuluke. See on m\u00f5eldud eneserahuldamiseks ning hubase keskkonna tekitamiseks: lelu on veekindel ning h\u00f5ljub vee peal. V\u00f5ta see endaga vanni kaasa v\u00f5i tekita magamistoas m\u00f5nus keskkond.\" \/>\n<meta name=\"robots\" content=\"index,follow,max-snippet:-1,max-image-preview:large,max-video-preview:-1\" \/>\n<link rel=\"canonical\" href=\"https:\/\/lustandlove.eu\/et\/toode\/iroha-ukidama\/\" \/>\n<meta name=\"twitter:card\" content=\"summary_large_image\" \/>\n<meta name=\"twitter:title\" content=\"Iroha Ukidama | Lust and Love Sex Shop\" \/>\n<meta name=\"twitter:description\" content=\"Iroha Ukidama on v\u00e4ike vibraator, mille sees on hubane tuluke. See on m\u00f5eldud eneserahuldamiseks ning hubase keskkonna tekitamiseks: lelu on veekindel ning h\u00f5ljub vee peal. V\u00f5ta see endaga vanni kaasa v\u00f5i tekita magamistoas m\u00f5nus keskkond.\" \/>\n<meta name=\"twitter:image\" content=\"https:\/\/lustandlove.eu\/wp-content\/uploads\/take.jpg\" \/>\n<meta name=\"twitter:label1\" content=\"Est. reading time\" \/>\n\t<meta name=\"twitter:data1\" content=\"1 minut\" \/>\n<script type=\"application\/ld+json\" class=\"yoast-schema-graph\">{\"@context\":\"https:\\\/\\\/schema.org\",\"@graph\":[{\"@type\":[\"WebPage\",\"ItemPage\"],\"@id\":\"https:\\\/\\\/lustandlove.eu\\\/et\\\/toode\\\/iroha-ukidama\\\/\",\"url\":\"https:\\\/\\\/lustandlove.eu\\\/et\\\/toode\\\/iroha-ukidama\\\/\",\"name\":\"Iroha Ukidama | Lust and Love Sex Shop\",\"isPartOf\":{\"@id\":\"https:\\\/\\\/lustandlove.eu\\\/et\\\/#website\"},\"primaryImageOfPage\":{\"@id\":\"https:\\\/\\\/lustandlove.eu\\\/et\\\/toode\\\/iroha-ukidama\\\/#primaryimage\"},\"image\":{\"@id\":\"https:\\\/\\\/lustandlove.eu\\\/et\\\/toode\\\/iroha-ukidama\\\/#primaryimage\"},\"thumbnailUrl\":\"https:\\\/\\\/lustandlove.eu\\\/wp-content\\\/uploads\\\/take.jpg\",\"datePublished\":\"2021-06-01T04:47:33+00:00\",\"dateModified\":\"2026-04-13T07:37:09+00:00\",\"description\":\"Iroha Ukidama on v\u00e4ike vibraator, mille sees on hubane tuluke. See on m\u00f5eldud eneserahuldamiseks ning hubase keskkonna tekitamiseks: lelu on veekindel ning h\u00f5ljub vee peal. V\u00f5ta see endaga vanni kaasa v\u00f5i tekita magamistoas m\u00f5nus keskkond.\",\"breadcrumb\":{\"@id\":\"https:\\\/\\\/lustandlove.eu\\\/et\\\/toode\\\/iroha-ukidama\\\/#breadcrumb\"},\"inLanguage\":\"et\",\"potentialAction\":[{\"@type\":\"ReadAction\",\"target\":[\"https:\\\/\\\/lustandlove.eu\\\/et\\\/toode\\\/iroha-ukidama\\\/\"]}]},{\"@type\":\"ImageObject\",\"inLanguage\":\"et\",\"@id\":\"https:\\\/\\\/lustandlove.eu\\\/et\\\/toode\\\/iroha-ukidama\\\/#primaryimage\",\"url\":\"https:\\\/\\\/lustandlove.eu\\\/wp-content\\\/uploads\\\/take.jpg\",\"contentUrl\":\"https:\\\/\\\/lustandlove.eu\\\/wp-content\\\/uploads\\\/take.jpg\",\"width\":332,\"height\":281},{\"@type\":\"BreadcrumbList\",\"@id\":\"https:\\\/\\\/lustandlove.eu\\\/et\\\/toode\\\/iroha-ukidama\\\/#breadcrumb\",\"itemListElement\":[{\"@type\":\"ListItem\",\"position\":1,\"name\":\"Lust and Love\",\"item\":\"https:\\\/\\\/lustandlove.eu\\\/et\\\/\"},{\"@type\":\"ListItem\",\"position\":2,\"name\":\"Pood\",\"item\":\"https:\\\/\\\/lustandlove.eu\\\/et\\\/pood\\\/\"},{\"@type\":\"ListItem\",\"position\":3,\"name\":\"Sekslelud\",\"item\":\"https:\\\/\\\/lustandlove.eu\\\/et\\\/pood\\\/sekslelud\\\/\"},{\"@type\":\"ListItem\",\"position\":4,\"name\":\"Vibraatorid\",\"item\":\"https:\\\/\\\/lustandlove.eu\\\/et\\\/pood\\\/sekslelud\\\/vibraatorid\\\/\"},{\"@type\":\"ListItem\",\"position\":5,\"name\":\"V\u00e4lispidised\",\"item\":\"https:\\\/\\\/lustandlove.eu\\\/et\\\/pood\\\/sekslelud\\\/vibraatorid\\\/valispidised\\\/\"},{\"@type\":\"ListItem\",\"position\":6,\"name\":\"Iroha Ukidama\"}]},{\"@type\":\"WebSite\",\"@id\":\"https:\\\/\\\/lustandlove.eu\\\/et\\\/#website\",\"url\":\"https:\\\/\\\/lustandlove.eu\\\/et\\\/\",\"name\":\"Lust &amp; Love\",\"description\":\"Online erootikapood tervise, ilu ja armastuse jaoks\",\"publisher\":{\"@id\":\"https:\\\/\\\/lustandlove.eu\\\/et\\\/#organization\"},\"potentialAction\":[{\"@type\":\"SearchAction\",\"target\":{\"@type\":\"EntryPoint\",\"urlTemplate\":\"https:\\\/\\\/lustandlove.eu\\\/et\\\/?s={search_term_string}\"},\"query-input\":{\"@type\":\"PropertyValueSpecification\",\"valueRequired\":true,\"valueName\":\"search_term_string\"}}],\"inLanguage\":\"et\"},{\"@type\":\"Organization\",\"@id\":\"https:\\\/\\\/lustandlove.eu\\\/et\\\/#organization\",\"name\":\"Bioconcept Baltics O\u00dc\",\"url\":\"https:\\\/\\\/lustandlove.eu\\\/et\\\/\",\"logo\":{\"@type\":\"ImageObject\",\"inLanguage\":\"et\",\"@id\":\"https:\\\/\\\/lustandlove.eu\\\/et\\\/#\\\/schema\\\/logo\\\/image\\\/\",\"url\":\"\",\"contentUrl\":\"\",\"caption\":\"Bioconcept Baltics O\u00dc\"},\"image\":{\"@id\":\"https:\\\/\\\/lustandlove.eu\\\/et\\\/#\\\/schema\\\/logo\\\/image\\\/\"},\"sameAs\":[\"https:\\\/\\\/www.facebook.com\\\/LustandLoveEU\\\/\",\"https:\\\/\\\/www.instagram.com\\\/lustandloveeu\\\/\"]}]}<\/script>\n<!-- \/ Yoast SEO plugin. -->","yoast_head_json":{"title":"Iroha Ukidama | Lust and Love Sex Shop","description":"Iroha Ukidama on v\u00e4ike vibraator, mille sees on hubane tuluke. See on m\u00f5eldud eneserahuldamiseks ning hubase keskkonna tekitamiseks: lelu on veekindel ning h\u00f5ljub vee peal. V\u00f5ta see endaga vanni kaasa v\u00f5i tekita magamistoas m\u00f5nus keskkond.","robots":{"index,follow,max-snippet":"index,follow,max-snippet:-1,max-image-preview:large,max-video-preview:-1"},"canonical":"https:\/\/lustandlove.eu\/et\/toode\/iroha-ukidama\/","twitter_card":"summary_large_image","twitter_title":"Iroha Ukidama | Lust and Love Sex Shop","twitter_description":"Iroha Ukidama on v\u00e4ike vibraator, mille sees on hubane tuluke. See on m\u00f5eldud eneserahuldamiseks ning hubase keskkonna tekitamiseks: lelu on veekindel ning h\u00f5ljub vee peal. V\u00f5ta see endaga vanni kaasa v\u00f5i tekita magamistoas m\u00f5nus keskkond.","twitter_image":"https:\/\/lustandlove.eu\/wp-content\/uploads\/take.jpg","twitter_misc":{"Est. reading time":"1 minut"},"schema":{"@context":"https:\/\/schema.org","@graph":[{"@type":["WebPage","ItemPage"],"@id":"https:\/\/lustandlove.eu\/et\/toode\/iroha-ukidama\/","url":"https:\/\/lustandlove.eu\/et\/toode\/iroha-ukidama\/","name":"Iroha Ukidama | Lust and Love Sex Shop","isPartOf":{"@id":"https:\/\/lustandlove.eu\/et\/#website"},"primaryImageOfPage":{"@id":"https:\/\/lustandlove.eu\/et\/toode\/iroha-ukidama\/#primaryimage"},"image":{"@id":"https:\/\/lustandlove.eu\/et\/toode\/iroha-ukidama\/#primaryimage"},"thumbnailUrl":"https:\/\/lustandlove.eu\/wp-content\/uploads\/take.jpg","datePublished":"2021-06-01T04:47:33+00:00","dateModified":"2026-04-13T07:37:09+00:00","description":"Iroha Ukidama on v\u00e4ike vibraator, mille sees on hubane tuluke. See on m\u00f5eldud eneserahuldamiseks ning hubase keskkonna tekitamiseks: lelu on veekindel ning h\u00f5ljub vee peal. V\u00f5ta see endaga vanni kaasa v\u00f5i tekita magamistoas m\u00f5nus keskkond.","breadcrumb":{"@id":"https:\/\/lustandlove.eu\/et\/toode\/iroha-ukidama\/#breadcrumb"},"inLanguage":"et","potentialAction":[{"@type":"ReadAction","target":["https:\/\/lustandlove.eu\/et\/toode\/iroha-ukidama\/"]}]},{"@type":"ImageObject","inLanguage":"et","@id":"https:\/\/lustandlove.eu\/et\/toode\/iroha-ukidama\/#primaryimage","url":"https:\/\/lustandlove.eu\/wp-content\/uploads\/take.jpg","contentUrl":"https:\/\/lustandlove.eu\/wp-content\/uploads\/take.jpg","width":332,"height":281},{"@type":"BreadcrumbList","@id":"https:\/\/lustandlove.eu\/et\/toode\/iroha-ukidama\/#breadcrumb","itemListElement":[{"@type":"ListItem","position":1,"name":"Lust and Love","item":"https:\/\/lustandlove.eu\/et\/"},{"@type":"ListItem","position":2,"name":"Pood","item":"https:\/\/lustandlove.eu\/et\/pood\/"},{"@type":"ListItem","position":3,"name":"Sekslelud","item":"https:\/\/lustandlove.eu\/et\/pood\/sekslelud\/"},{"@type":"ListItem","position":4,"name":"Vibraatorid","item":"https:\/\/lustandlove.eu\/et\/pood\/sekslelud\/vibraatorid\/"},{"@type":"ListItem","position":5,"name":"V\u00e4lispidised","item":"https:\/\/lustandlove.eu\/et\/pood\/sekslelud\/vibraatorid\/valispidised\/"},{"@type":"ListItem","position":6,"name":"Iroha Ukidama"}]},{"@type":"WebSite","@id":"https:\/\/lustandlove.eu\/et\/#website","url":"https:\/\/lustandlove.eu\/et\/","name":"Lust &amp; Love","description":"Online erootikapood tervise, ilu ja armastuse jaoks","publisher":{"@id":"https:\/\/lustandlove.eu\/et\/#organization"},"potentialAction":[{"@type":"SearchAction","target":{"@type":"EntryPoint","urlTemplate":"https:\/\/lustandlove.eu\/et\/?s={search_term_string}"},"query-input":{"@type":"PropertyValueSpecification","valueRequired":true,"valueName":"search_term_string"}}],"inLanguage":"et"},{"@type":"Organization","@id":"https:\/\/lustandlove.eu\/et\/#organization","name":"Bioconcept Baltics O\u00dc","url":"https:\/\/lustandlove.eu\/et\/","logo":{"@type":"ImageObject","inLanguage":"et","@id":"https:\/\/lustandlove.eu\/et\/#\/schema\/logo\/image\/","url":"","contentUrl":"","caption":"Bioconcept Baltics O\u00dc"},"image":{"@id":"https:\/\/lustandlove.eu\/et\/#\/schema\/logo\/image\/"},"sameAs":["https:\/\/www.facebook.com\/LustandLoveEU\/","https:\/\/www.instagram.com\/lustandloveeu\/"]}]}},"_links":{"self":[{"href":"https:\/\/lustandlove.eu\/et\/wp-json\/wp\/v2\/product\/44757","targetHints":{"allow":["GET"]}}],"collection":[{"href":"https:\/\/lustandlove.eu\/et\/wp-json\/wp\/v2\/product"}],"about":[{"href":"https:\/\/lustandlove.eu\/et\/wp-json\/wp\/v2\/types\/product"}],"wp:featuredmedia":[{"embeddable":true,"href":"https:\/\/lustandlove.eu\/et\/wp-json\/wp\/v2\/media\/44758"}],"wp:attachment":[{"href":"https:\/\/lustandlove.eu\/et\/wp-json\/wp\/v2\/media?parent=44757"}],"wp:term":[{"taxonomy":"product_brand","embeddable":true,"href":"https:\/\/lustandlove.eu\/et\/wp-json\/wp\/v2\/product_brand?post=44757"},{"taxonomy":"product_cat","embeddable":true,"href":"https:\/\/lustandlove.eu\/et\/wp-json\/wp\/v2\/product_cat?post=44757"},{"taxonomy":"product_tag","embeddable":true,"href":"https:\/\/lustandlove.eu\/et\/wp-json\/wp\/v2\/product_tag?post=44757"}],"curies":[{"name":"wp","href":"https:\/\/api.w.org\/{rel}","templated":true}]}}