{"id":44774,"date":"2021-06-01T07:47:33","date_gmt":"2021-06-01T04:47:33","guid":{"rendered":"https:\/\/www.lustandlove.eu\/product\/silikoonist-suutropp-the-ride\/"},"modified":"2026-04-13T10:37:09","modified_gmt":"2026-04-13T07:37:09","slug":"silikoonist-suutropp-the-ride","status":"publish","type":"product","link":"https:\/\/lustandlove.eu\/et\/toode\/silikoonist-suutropp-the-ride\/","title":{"rendered":"Silikoonist Suutropp &#8211; The Ride"},"content":{"rendered":"<p>See multifunktsionaalne silikoonist suutropp on vaimustav m\u00e4nguasi, mida oma kollektsiooni lisada. V\u00f5id dildo keerata v\u00e4ljapoole, et rahuldada enda partnerit, v\u00f5i saad selle keerata teistpidi ja sisestada selle enda suhu. Topelt l\u00f5bu!<\/p>\n<p>Kasuta ainult vee-baasil libestit ning puhasta korralikult peale kasutamist.<\/p>\n","protected":false},"excerpt":{"rendered":"<p>See multifunktsionaalne silikoonist suutropp on vaimustav m\u00e4nguasi, mida oma kollektsiooni lisada. V\u00f5id dildo keerata v\u00e4ljapoole, et rahuldada enda partnerit, v\u00f5i<\/p>\n","protected":false},"featured_media":44775,"template":"","meta":[],"product_brand":[4218],"product_cat":[1470,4001],"product_tag":[3774,3773],"class_list":{"0":"post-44774","1":"product","2":"type-product","3":"status-publish","4":"has-post-thumbnail","6":"product_brand-kiotos-et","7":"product_cat-bdsm-et","8":"product_cat-lobutooted","9":"product_tag-kutsika-mang","10":"product_tag-meditsiin","11":"pa_brand-kiotos-et","13":"first","14":"instock","15":"taxable","16":"shipping-taxable","17":"purchasable","18":"product-type-simple"},"yoast_head":"<!-- This site is optimized with the Yoast SEO plugin v27.3 - https:\/\/yoast.com\/product\/yoast-seo-wordpress\/ -->\n<title>Silikoonist Suutropp - The Ride | Lust and Love<\/title>\n<meta name=\"description\" content=\"See multifunktsionaalne silikoonist suutropp on vaimustav m\u00e4nguasi, mida oma kollektsiooni lisada.\" \/>\n<meta name=\"robots\" content=\"index,follow,max-snippet:-1,max-image-preview:large,max-video-preview:-1\" \/>\n<link rel=\"canonical\" href=\"https:\/\/lustandlove.eu\/et\/toode\/silikoonist-suutropp-the-ride\/\" \/>\n<meta name=\"twitter:card\" content=\"summary_large_image\" \/>\n<meta name=\"twitter:title\" content=\"Silikoonist Suutropp - The Ride | Lust and Love\" \/>\n<meta name=\"twitter:description\" content=\"See multifunktsionaalne silikoonist suutropp on vaimustav m\u00e4nguasi, mida oma kollektsiooni lisada.\" \/>\n<meta name=\"twitter:image\" content=\"https:\/\/lustandlove.eu\/wp-content\/uploads\/Silicone-Mouth-gag-The-Ride.jpg\" \/>\n<meta name=\"twitter:label1\" content=\"Est. reading time\" \/>\n\t<meta name=\"twitter:data1\" content=\"1 minut\" \/>\n<script type=\"application\/ld+json\" class=\"yoast-schema-graph\">{\"@context\":\"https:\\\/\\\/schema.org\",\"@graph\":[{\"@type\":[\"WebPage\",\"ItemPage\"],\"@id\":\"https:\\\/\\\/lustandlove.eu\\\/et\\\/toode\\\/silikoonist-suutropp-the-ride\\\/\",\"url\":\"https:\\\/\\\/lustandlove.eu\\\/et\\\/toode\\\/silikoonist-suutropp-the-ride\\\/\",\"name\":\"Silikoonist Suutropp - The Ride | Lust and Love\",\"isPartOf\":{\"@id\":\"https:\\\/\\\/lustandlove.eu\\\/et\\\/#website\"},\"primaryImageOfPage\":{\"@id\":\"https:\\\/\\\/lustandlove.eu\\\/et\\\/toode\\\/silikoonist-suutropp-the-ride\\\/#primaryimage\"},\"image\":{\"@id\":\"https:\\\/\\\/lustandlove.eu\\\/et\\\/toode\\\/silikoonist-suutropp-the-ride\\\/#primaryimage\"},\"thumbnailUrl\":\"https:\\\/\\\/lustandlove.eu\\\/wp-content\\\/uploads\\\/Silicone-Mouth-gag-The-Ride.jpg\",\"datePublished\":\"2021-06-01T04:47:33+00:00\",\"dateModified\":\"2026-04-13T07:37:09+00:00\",\"description\":\"See multifunktsionaalne silikoonist suutropp on vaimustav m\u00e4nguasi, mida oma kollektsiooni lisada.\",\"breadcrumb\":{\"@id\":\"https:\\\/\\\/lustandlove.eu\\\/et\\\/toode\\\/silikoonist-suutropp-the-ride\\\/#breadcrumb\"},\"inLanguage\":\"et\",\"potentialAction\":[{\"@type\":\"ReadAction\",\"target\":[\"https:\\\/\\\/lustandlove.eu\\\/et\\\/toode\\\/silikoonist-suutropp-the-ride\\\/\"]}]},{\"@type\":\"ImageObject\",\"inLanguage\":\"et\",\"@id\":\"https:\\\/\\\/lustandlove.eu\\\/et\\\/toode\\\/silikoonist-suutropp-the-ride\\\/#primaryimage\",\"url\":\"https:\\\/\\\/lustandlove.eu\\\/wp-content\\\/uploads\\\/Silicone-Mouth-gag-The-Ride.jpg\",\"contentUrl\":\"https:\\\/\\\/lustandlove.eu\\\/wp-content\\\/uploads\\\/Silicone-Mouth-gag-The-Ride.jpg\",\"width\":700,\"height\":450},{\"@type\":\"BreadcrumbList\",\"@id\":\"https:\\\/\\\/lustandlove.eu\\\/et\\\/toode\\\/silikoonist-suutropp-the-ride\\\/#breadcrumb\",\"itemListElement\":[{\"@type\":\"ListItem\",\"position\":1,\"name\":\"Lust and Love\",\"item\":\"https:\\\/\\\/lustandlove.eu\\\/et\\\/\"},{\"@type\":\"ListItem\",\"position\":2,\"name\":\"Pood\",\"item\":\"https:\\\/\\\/lustandlove.eu\\\/et\\\/pood\\\/\"},{\"@type\":\"ListItem\",\"position\":3,\"name\":\"BDSM\",\"item\":\"https:\\\/\\\/lustandlove.eu\\\/et\\\/pood\\\/bdsm-et\\\/\"},{\"@type\":\"ListItem\",\"position\":4,\"name\":\"L\u00f5butooted\",\"item\":\"https:\\\/\\\/lustandlove.eu\\\/et\\\/pood\\\/bdsm-et\\\/lobutooted\\\/\"},{\"@type\":\"ListItem\",\"position\":5,\"name\":\"Silikoonist Suutropp &#8211; The Ride\"}]},{\"@type\":\"WebSite\",\"@id\":\"https:\\\/\\\/lustandlove.eu\\\/et\\\/#website\",\"url\":\"https:\\\/\\\/lustandlove.eu\\\/et\\\/\",\"name\":\"Lust &amp; Love\",\"description\":\"Online erootikapood tervise, ilu ja armastuse jaoks\",\"publisher\":{\"@id\":\"https:\\\/\\\/lustandlove.eu\\\/et\\\/#organization\"},\"potentialAction\":[{\"@type\":\"SearchAction\",\"target\":{\"@type\":\"EntryPoint\",\"urlTemplate\":\"https:\\\/\\\/lustandlove.eu\\\/et\\\/?s={search_term_string}\"},\"query-input\":{\"@type\":\"PropertyValueSpecification\",\"valueRequired\":true,\"valueName\":\"search_term_string\"}}],\"inLanguage\":\"et\"},{\"@type\":\"Organization\",\"@id\":\"https:\\\/\\\/lustandlove.eu\\\/et\\\/#organization\",\"name\":\"Bioconcept Baltics O\u00dc\",\"url\":\"https:\\\/\\\/lustandlove.eu\\\/et\\\/\",\"logo\":{\"@type\":\"ImageObject\",\"inLanguage\":\"et\",\"@id\":\"https:\\\/\\\/lustandlove.eu\\\/et\\\/#\\\/schema\\\/logo\\\/image\\\/\",\"url\":\"\",\"contentUrl\":\"\",\"caption\":\"Bioconcept Baltics O\u00dc\"},\"image\":{\"@id\":\"https:\\\/\\\/lustandlove.eu\\\/et\\\/#\\\/schema\\\/logo\\\/image\\\/\"},\"sameAs\":[\"https:\\\/\\\/www.facebook.com\\\/LustandLoveEU\\\/\",\"https:\\\/\\\/www.instagram.com\\\/lustandloveeu\\\/\"]}]}<\/script>\n<!-- \/ Yoast SEO plugin. -->","yoast_head_json":{"title":"Silikoonist Suutropp - The Ride | Lust and Love","description":"See multifunktsionaalne silikoonist suutropp on vaimustav m\u00e4nguasi, mida oma kollektsiooni lisada.","robots":{"index,follow,max-snippet":"index,follow,max-snippet:-1,max-image-preview:large,max-video-preview:-1"},"canonical":"https:\/\/lustandlove.eu\/et\/toode\/silikoonist-suutropp-the-ride\/","twitter_card":"summary_large_image","twitter_title":"Silikoonist Suutropp - The Ride | Lust and Love","twitter_description":"See multifunktsionaalne silikoonist suutropp on vaimustav m\u00e4nguasi, mida oma kollektsiooni lisada.","twitter_image":"https:\/\/lustandlove.eu\/wp-content\/uploads\/Silicone-Mouth-gag-The-Ride.jpg","twitter_misc":{"Est. reading time":"1 minut"},"schema":{"@context":"https:\/\/schema.org","@graph":[{"@type":["WebPage","ItemPage"],"@id":"https:\/\/lustandlove.eu\/et\/toode\/silikoonist-suutropp-the-ride\/","url":"https:\/\/lustandlove.eu\/et\/toode\/silikoonist-suutropp-the-ride\/","name":"Silikoonist Suutropp - The Ride | Lust and Love","isPartOf":{"@id":"https:\/\/lustandlove.eu\/et\/#website"},"primaryImageOfPage":{"@id":"https:\/\/lustandlove.eu\/et\/toode\/silikoonist-suutropp-the-ride\/#primaryimage"},"image":{"@id":"https:\/\/lustandlove.eu\/et\/toode\/silikoonist-suutropp-the-ride\/#primaryimage"},"thumbnailUrl":"https:\/\/lustandlove.eu\/wp-content\/uploads\/Silicone-Mouth-gag-The-Ride.jpg","datePublished":"2021-06-01T04:47:33+00:00","dateModified":"2026-04-13T07:37:09+00:00","description":"See multifunktsionaalne silikoonist suutropp on vaimustav m\u00e4nguasi, mida oma kollektsiooni lisada.","breadcrumb":{"@id":"https:\/\/lustandlove.eu\/et\/toode\/silikoonist-suutropp-the-ride\/#breadcrumb"},"inLanguage":"et","potentialAction":[{"@type":"ReadAction","target":["https:\/\/lustandlove.eu\/et\/toode\/silikoonist-suutropp-the-ride\/"]}]},{"@type":"ImageObject","inLanguage":"et","@id":"https:\/\/lustandlove.eu\/et\/toode\/silikoonist-suutropp-the-ride\/#primaryimage","url":"https:\/\/lustandlove.eu\/wp-content\/uploads\/Silicone-Mouth-gag-The-Ride.jpg","contentUrl":"https:\/\/lustandlove.eu\/wp-content\/uploads\/Silicone-Mouth-gag-The-Ride.jpg","width":700,"height":450},{"@type":"BreadcrumbList","@id":"https:\/\/lustandlove.eu\/et\/toode\/silikoonist-suutropp-the-ride\/#breadcrumb","itemListElement":[{"@type":"ListItem","position":1,"name":"Lust and Love","item":"https:\/\/lustandlove.eu\/et\/"},{"@type":"ListItem","position":2,"name":"Pood","item":"https:\/\/lustandlove.eu\/et\/pood\/"},{"@type":"ListItem","position":3,"name":"BDSM","item":"https:\/\/lustandlove.eu\/et\/pood\/bdsm-et\/"},{"@type":"ListItem","position":4,"name":"L\u00f5butooted","item":"https:\/\/lustandlove.eu\/et\/pood\/bdsm-et\/lobutooted\/"},{"@type":"ListItem","position":5,"name":"Silikoonist Suutropp &#8211; The Ride"}]},{"@type":"WebSite","@id":"https:\/\/lustandlove.eu\/et\/#website","url":"https:\/\/lustandlove.eu\/et\/","name":"Lust &amp; Love","description":"Online erootikapood tervise, ilu ja armastuse jaoks","publisher":{"@id":"https:\/\/lustandlove.eu\/et\/#organization"},"potentialAction":[{"@type":"SearchAction","target":{"@type":"EntryPoint","urlTemplate":"https:\/\/lustandlove.eu\/et\/?s={search_term_string}"},"query-input":{"@type":"PropertyValueSpecification","valueRequired":true,"valueName":"search_term_string"}}],"inLanguage":"et"},{"@type":"Organization","@id":"https:\/\/lustandlove.eu\/et\/#organization","name":"Bioconcept Baltics O\u00dc","url":"https:\/\/lustandlove.eu\/et\/","logo":{"@type":"ImageObject","inLanguage":"et","@id":"https:\/\/lustandlove.eu\/et\/#\/schema\/logo\/image\/","url":"","contentUrl":"","caption":"Bioconcept Baltics O\u00dc"},"image":{"@id":"https:\/\/lustandlove.eu\/et\/#\/schema\/logo\/image\/"},"sameAs":["https:\/\/www.facebook.com\/LustandLoveEU\/","https:\/\/www.instagram.com\/lustandloveeu\/"]}]}},"_links":{"self":[{"href":"https:\/\/lustandlove.eu\/et\/wp-json\/wp\/v2\/product\/44774","targetHints":{"allow":["GET"]}}],"collection":[{"href":"https:\/\/lustandlove.eu\/et\/wp-json\/wp\/v2\/product"}],"about":[{"href":"https:\/\/lustandlove.eu\/et\/wp-json\/wp\/v2\/types\/product"}],"wp:featuredmedia":[{"embeddable":true,"href":"https:\/\/lustandlove.eu\/et\/wp-json\/wp\/v2\/media\/44775"}],"wp:attachment":[{"href":"https:\/\/lustandlove.eu\/et\/wp-json\/wp\/v2\/media?parent=44774"}],"wp:term":[{"taxonomy":"product_brand","embeddable":true,"href":"https:\/\/lustandlove.eu\/et\/wp-json\/wp\/v2\/product_brand?post=44774"},{"taxonomy":"product_cat","embeddable":true,"href":"https:\/\/lustandlove.eu\/et\/wp-json\/wp\/v2\/product_cat?post=44774"},{"taxonomy":"product_tag","embeddable":true,"href":"https:\/\/lustandlove.eu\/et\/wp-json\/wp\/v2\/product_tag?post=44774"}],"curies":[{"name":"wp","href":"https:\/\/api.w.org\/{rel}","templated":true}]}}