{"id":44776,"date":"2021-06-01T07:46:30","date_gmt":"2021-06-01T04:46:30","guid":{"rendered":"https:\/\/www.lustandlove.eu\/product\/ladyx-adora-2\/"},"modified":"2026-04-13T10:37:10","modified_gmt":"2026-04-13T07:37:10","slug":"ladyx-adora-2","status":"publish","type":"product","link":"https:\/\/lustandlove.eu\/et\/toode\/ladyx-adora-2\/","title":{"rendered":"LadyX Adora"},"content":{"rendered":"<h2><strong>LadyX Adora<\/strong><\/h2>\n<p>LadyX Adora pesukomplekt on nahas\u00f5bralik, mustast l\u00e4bin\u00e4htavast v\u00f5rkjast materjalist. Must v\u00f5rkjas ja elastne materjal on esiletoodud k\u00f5rge elastsusega ja venivusega. T\u00e4nu millele istuvad nad seljas valatult, tuues t\u00e4helepanu vormile. nahas\u00f5bralikud kummipaelad. Vastupidavad dekoratiivsed metall elemendid on h\u00f5bedased ning ei sisalda CR I Ni\u2019t. Rinnahoidjad on eest: h\u00f5bedased, metall dekoratiivne pannal, ja l\u00e4bin\u00e4htavad korvid. Taga on dekoratiivne kompositsioon kummi paeltest ja metall regulaatoritest. Stringid on eest \u00fchendatud sukapaeltega. Taga on v\u00e4ljapaistvad kummipaelad metallist regulaatoritega. T\u00e4nu millele sobib pesu kehale valatult.<\/p>\n","protected":false},"excerpt":{"rendered":"<p>LadyX Adora LadyX Adora pesukomplekt on nahas\u00f5bralik, mustast l\u00e4bin\u00e4htavast v\u00f5rkjast materjalist. Must v\u00f5rkjas ja elastne materjal on esiletoodud k\u00f5rge elastsusega<\/p>\n","protected":false},"featured_media":44116,"template":"","meta":[],"product_brand":[4202],"product_cat":[4016,1489],"product_tag":[],"class_list":{"0":"post-44776","1":"product","2":"type-product","3":"status-publish","4":"has-post-thumbnail","6":"product_brand-demoniq-et","7":"product_cat-komplektid","8":"product_cat-pesu","9":"pa_brand-demoniq-et","11":"first","12":"instock","13":"taxable","14":"shipping-taxable","15":"purchasable","16":"product-type-variable"},"yoast_head":"<!-- This site is optimized with the Yoast SEO plugin v27.3 - https:\/\/yoast.com\/product\/yoast-seo-wordpress\/ -->\n<title>LadyX Adora Lingerie Black 59.00\u20ac | Lust and Love<\/title>\n<meta name=\"description\" content=\"LadyX Adora pesukomplekt on nahas\u00f5bralik, mustast l\u00e4bin\u00e4htavast v\u00f5rkjast materjalist. Must v\u00f5rkjas ja elastne materjal on esiletoodud k\u00f5rge elastsusega ja venivusega.\" \/>\n<meta name=\"robots\" content=\"index,follow,max-snippet:-1,max-image-preview:large,max-video-preview:-1\" \/>\n<link rel=\"canonical\" href=\"https:\/\/lustandlove.eu\/et\/toode\/ladyx-adora-2\/\" \/>\n<meta name=\"twitter:card\" content=\"summary_large_image\" \/>\n<meta name=\"twitter:title\" content=\"LadyX Adora Lingerie Black 59.00\u20ac | Lust and Love\" \/>\n<meta name=\"twitter:description\" content=\"LadyX Adora pesukomplekt on nahas\u00f5bralik, mustast l\u00e4bin\u00e4htavast v\u00f5rkjast materjalist. Must v\u00f5rkjas ja elastne materjal on esiletoodud k\u00f5rge elastsusega ja venivusega.\" \/>\n<meta name=\"twitter:image\" content=\"https:\/\/lustandlove.eu\/wp-content\/uploads\/LadyX-Adora.png\" \/>\n<meta name=\"twitter:label1\" content=\"Est. reading time\" \/>\n\t<meta name=\"twitter:data1\" content=\"1 minut\" \/>\n<script type=\"application\/ld+json\" class=\"yoast-schema-graph\">{\"@context\":\"https:\\\/\\\/schema.org\",\"@graph\":[{\"@type\":[\"WebPage\",\"ItemPage\"],\"@id\":\"https:\\\/\\\/lustandlove.eu\\\/et\\\/toode\\\/ladyx-adora-2\\\/\",\"url\":\"https:\\\/\\\/lustandlove.eu\\\/et\\\/toode\\\/ladyx-adora-2\\\/\",\"name\":\"LadyX Adora Lingerie Black 59.00\u20ac | Lust and Love\",\"isPartOf\":{\"@id\":\"https:\\\/\\\/lustandlove.eu\\\/et\\\/#website\"},\"primaryImageOfPage\":{\"@id\":\"https:\\\/\\\/lustandlove.eu\\\/et\\\/toode\\\/ladyx-adora-2\\\/#primaryimage\"},\"image\":{\"@id\":\"https:\\\/\\\/lustandlove.eu\\\/et\\\/toode\\\/ladyx-adora-2\\\/#primaryimage\"},\"thumbnailUrl\":\"https:\\\/\\\/lustandlove.eu\\\/wp-content\\\/uploads\\\/LadyX-Adora.png\",\"datePublished\":\"2021-06-01T04:46:30+00:00\",\"dateModified\":\"2026-04-13T07:37:10+00:00\",\"description\":\"LadyX Adora pesukomplekt on nahas\u00f5bralik, mustast l\u00e4bin\u00e4htavast v\u00f5rkjast materjalist. Must v\u00f5rkjas ja elastne materjal on esiletoodud k\u00f5rge elastsusega ja venivusega.\",\"breadcrumb\":{\"@id\":\"https:\\\/\\\/lustandlove.eu\\\/et\\\/toode\\\/ladyx-adora-2\\\/#breadcrumb\"},\"inLanguage\":\"et\",\"potentialAction\":[{\"@type\":\"ReadAction\",\"target\":[\"https:\\\/\\\/lustandlove.eu\\\/et\\\/toode\\\/ladyx-adora-2\\\/\"]}]},{\"@type\":\"ImageObject\",\"inLanguage\":\"et\",\"@id\":\"https:\\\/\\\/lustandlove.eu\\\/et\\\/toode\\\/ladyx-adora-2\\\/#primaryimage\",\"url\":\"https:\\\/\\\/lustandlove.eu\\\/wp-content\\\/uploads\\\/LadyX-Adora.png\",\"contentUrl\":\"https:\\\/\\\/lustandlove.eu\\\/wp-content\\\/uploads\\\/LadyX-Adora.png\",\"width\":825,\"height\":857,\"caption\":\"LadyX Adora - Demoniq - Lust and Love\"},{\"@type\":\"BreadcrumbList\",\"@id\":\"https:\\\/\\\/lustandlove.eu\\\/et\\\/toode\\\/ladyx-adora-2\\\/#breadcrumb\",\"itemListElement\":[{\"@type\":\"ListItem\",\"position\":1,\"name\":\"Lust and Love\",\"item\":\"https:\\\/\\\/lustandlove.eu\\\/et\\\/\"},{\"@type\":\"ListItem\",\"position\":2,\"name\":\"Pood\",\"item\":\"https:\\\/\\\/lustandlove.eu\\\/et\\\/pood\\\/\"},{\"@type\":\"ListItem\",\"position\":3,\"name\":\"LadyX Adora\"}]},{\"@type\":\"WebSite\",\"@id\":\"https:\\\/\\\/lustandlove.eu\\\/et\\\/#website\",\"url\":\"https:\\\/\\\/lustandlove.eu\\\/et\\\/\",\"name\":\"Lust &amp; Love\",\"description\":\"Online erootikapood tervise, ilu ja armastuse jaoks\",\"publisher\":{\"@id\":\"https:\\\/\\\/lustandlove.eu\\\/et\\\/#organization\"},\"potentialAction\":[{\"@type\":\"SearchAction\",\"target\":{\"@type\":\"EntryPoint\",\"urlTemplate\":\"https:\\\/\\\/lustandlove.eu\\\/et\\\/?s={search_term_string}\"},\"query-input\":{\"@type\":\"PropertyValueSpecification\",\"valueRequired\":true,\"valueName\":\"search_term_string\"}}],\"inLanguage\":\"et\"},{\"@type\":\"Organization\",\"@id\":\"https:\\\/\\\/lustandlove.eu\\\/et\\\/#organization\",\"name\":\"Bioconcept Baltics O\u00dc\",\"url\":\"https:\\\/\\\/lustandlove.eu\\\/et\\\/\",\"logo\":{\"@type\":\"ImageObject\",\"inLanguage\":\"et\",\"@id\":\"https:\\\/\\\/lustandlove.eu\\\/et\\\/#\\\/schema\\\/logo\\\/image\\\/\",\"url\":\"\",\"contentUrl\":\"\",\"caption\":\"Bioconcept Baltics O\u00dc\"},\"image\":{\"@id\":\"https:\\\/\\\/lustandlove.eu\\\/et\\\/#\\\/schema\\\/logo\\\/image\\\/\"},\"sameAs\":[\"https:\\\/\\\/www.facebook.com\\\/LustandLoveEU\\\/\",\"https:\\\/\\\/www.instagram.com\\\/lustandloveeu\\\/\"]}]}<\/script>\n<!-- \/ Yoast SEO plugin. -->","yoast_head_json":{"title":"LadyX Adora Lingerie Black 59.00\u20ac | Lust and Love","description":"LadyX Adora pesukomplekt on nahas\u00f5bralik, mustast l\u00e4bin\u00e4htavast v\u00f5rkjast materjalist. Must v\u00f5rkjas ja elastne materjal on esiletoodud k\u00f5rge elastsusega ja venivusega.","robots":{"index,follow,max-snippet":"index,follow,max-snippet:-1,max-image-preview:large,max-video-preview:-1"},"canonical":"https:\/\/lustandlove.eu\/et\/toode\/ladyx-adora-2\/","twitter_card":"summary_large_image","twitter_title":"LadyX Adora Lingerie Black 59.00\u20ac | Lust and Love","twitter_description":"LadyX Adora pesukomplekt on nahas\u00f5bralik, mustast l\u00e4bin\u00e4htavast v\u00f5rkjast materjalist. Must v\u00f5rkjas ja elastne materjal on esiletoodud k\u00f5rge elastsusega ja venivusega.","twitter_image":"https:\/\/lustandlove.eu\/wp-content\/uploads\/LadyX-Adora.png","twitter_misc":{"Est. reading time":"1 minut"},"schema":{"@context":"https:\/\/schema.org","@graph":[{"@type":["WebPage","ItemPage"],"@id":"https:\/\/lustandlove.eu\/et\/toode\/ladyx-adora-2\/","url":"https:\/\/lustandlove.eu\/et\/toode\/ladyx-adora-2\/","name":"LadyX Adora Lingerie Black 59.00\u20ac | Lust and Love","isPartOf":{"@id":"https:\/\/lustandlove.eu\/et\/#website"},"primaryImageOfPage":{"@id":"https:\/\/lustandlove.eu\/et\/toode\/ladyx-adora-2\/#primaryimage"},"image":{"@id":"https:\/\/lustandlove.eu\/et\/toode\/ladyx-adora-2\/#primaryimage"},"thumbnailUrl":"https:\/\/lustandlove.eu\/wp-content\/uploads\/LadyX-Adora.png","datePublished":"2021-06-01T04:46:30+00:00","dateModified":"2026-04-13T07:37:10+00:00","description":"LadyX Adora pesukomplekt on nahas\u00f5bralik, mustast l\u00e4bin\u00e4htavast v\u00f5rkjast materjalist. Must v\u00f5rkjas ja elastne materjal on esiletoodud k\u00f5rge elastsusega ja venivusega.","breadcrumb":{"@id":"https:\/\/lustandlove.eu\/et\/toode\/ladyx-adora-2\/#breadcrumb"},"inLanguage":"et","potentialAction":[{"@type":"ReadAction","target":["https:\/\/lustandlove.eu\/et\/toode\/ladyx-adora-2\/"]}]},{"@type":"ImageObject","inLanguage":"et","@id":"https:\/\/lustandlove.eu\/et\/toode\/ladyx-adora-2\/#primaryimage","url":"https:\/\/lustandlove.eu\/wp-content\/uploads\/LadyX-Adora.png","contentUrl":"https:\/\/lustandlove.eu\/wp-content\/uploads\/LadyX-Adora.png","width":825,"height":857,"caption":"LadyX Adora - Demoniq - Lust and Love"},{"@type":"BreadcrumbList","@id":"https:\/\/lustandlove.eu\/et\/toode\/ladyx-adora-2\/#breadcrumb","itemListElement":[{"@type":"ListItem","position":1,"name":"Lust and Love","item":"https:\/\/lustandlove.eu\/et\/"},{"@type":"ListItem","position":2,"name":"Pood","item":"https:\/\/lustandlove.eu\/et\/pood\/"},{"@type":"ListItem","position":3,"name":"LadyX Adora"}]},{"@type":"WebSite","@id":"https:\/\/lustandlove.eu\/et\/#website","url":"https:\/\/lustandlove.eu\/et\/","name":"Lust &amp; Love","description":"Online erootikapood tervise, ilu ja armastuse jaoks","publisher":{"@id":"https:\/\/lustandlove.eu\/et\/#organization"},"potentialAction":[{"@type":"SearchAction","target":{"@type":"EntryPoint","urlTemplate":"https:\/\/lustandlove.eu\/et\/?s={search_term_string}"},"query-input":{"@type":"PropertyValueSpecification","valueRequired":true,"valueName":"search_term_string"}}],"inLanguage":"et"},{"@type":"Organization","@id":"https:\/\/lustandlove.eu\/et\/#organization","name":"Bioconcept Baltics O\u00dc","url":"https:\/\/lustandlove.eu\/et\/","logo":{"@type":"ImageObject","inLanguage":"et","@id":"https:\/\/lustandlove.eu\/et\/#\/schema\/logo\/image\/","url":"","contentUrl":"","caption":"Bioconcept Baltics O\u00dc"},"image":{"@id":"https:\/\/lustandlove.eu\/et\/#\/schema\/logo\/image\/"},"sameAs":["https:\/\/www.facebook.com\/LustandLoveEU\/","https:\/\/www.instagram.com\/lustandloveeu\/"]}]}},"_links":{"self":[{"href":"https:\/\/lustandlove.eu\/et\/wp-json\/wp\/v2\/product\/44776","targetHints":{"allow":["GET"]}}],"collection":[{"href":"https:\/\/lustandlove.eu\/et\/wp-json\/wp\/v2\/product"}],"about":[{"href":"https:\/\/lustandlove.eu\/et\/wp-json\/wp\/v2\/types\/product"}],"wp:featuredmedia":[{"embeddable":true,"href":"https:\/\/lustandlove.eu\/et\/wp-json\/wp\/v2\/media\/44116"}],"wp:attachment":[{"href":"https:\/\/lustandlove.eu\/et\/wp-json\/wp\/v2\/media?parent=44776"}],"wp:term":[{"taxonomy":"product_brand","embeddable":true,"href":"https:\/\/lustandlove.eu\/et\/wp-json\/wp\/v2\/product_brand?post=44776"},{"taxonomy":"product_cat","embeddable":true,"href":"https:\/\/lustandlove.eu\/et\/wp-json\/wp\/v2\/product_cat?post=44776"},{"taxonomy":"product_tag","embeddable":true,"href":"https:\/\/lustandlove.eu\/et\/wp-json\/wp\/v2\/product_tag?post=44776"}],"curies":[{"name":"wp","href":"https:\/\/api.w.org\/{rel}","templated":true}]}}