{"id":44796,"date":"2021-06-01T07:43:20","date_gmt":"2021-06-01T04:43:20","guid":{"rendered":"https:\/\/www.lustandlove.eu\/product\/spinner-masturbator-tenga-2\/"},"modified":"2026-04-13T10:37:11","modified_gmt":"2026-04-13T07:37:11","slug":"spinner-masturbator-tenga-2","status":"publish","type":"product","link":"https:\/\/lustandlove.eu\/et\/toode\/spinner-masturbator-tenga-2\/","title":{"rendered":"Tenga Spinner Masturbaator"},"content":{"rendered":"<p>Tutvustame venivat ent tihket Tenga Spinner masturbaatorit! Kogege Spinneri keerlevat tunnet, mille tekitab selle sisseehitatud spiraal. Lelu \u00fclevalt hoidmine ei k\u00e4ivita mitte ainult p\u00f6\u00f6rlemist, vaid tekitab ka meeldiva imemisj\u00f5u, mis pakub veelgi rohkem naudingut. Tenga Spinner tekitab uskumatud sensatsioonid iga liigutusega! Naudi uut moodi stimulatsiooni, millelaadseid pole sa varem kogenud.<\/p>\n<p>Tenga Spinner on pestav, korduvkasutatav ja pikaaegselt vastupidav. Spinneri kesta alumine pool toimib ka kuivatusalusena, et tagada h\u00fcgieen igal sammul. Pesemiseks v\u00f5id kasutada \u00f5rna seepi ja vett v\u00f5i spetsiaalselt\u00a0<a href=\"https:\/\/lustandlove.eu\/et\/toode\/lelupuhastaja\/\">lelupuhastusvahendit<\/a>.<\/p>\n<p>Spinner on saadaval kuues erinevas versioonis, iga spinner on seest erineva mustri ja tihedusega. Erinevuste m\u00f5\u00f5tmiseks on igal spinner kolm omadust: K\u00f5vadus, stimulatsioon ja diameeter.<\/p>\n<p>Esiteks on siin k\u00f5vadus ehk\u00a0<em>firmness<\/em>. See on \u00fcks ilmsemaid erinevusi. M\u00f5ned Spinneri mudelid pakuvad k\u00f5vemat v\u00f5i tihkemat tunnet. T\u00e4psemalt \u00f6eldes on mudel Shell tehtud \u201elehvikukujuliste plaatidega, millel on teravad servad\u201c, samas kui Tetra pakub \u201egeomeetrilisi plaate pehmete servadega\u201c. Seega on selles n\u00e4ites selge, et Shell on neist kahest k\u00f5vem.<\/p>\n<p>J\u00e4rgmiseks on stimulatsioon ehk\u00a0<em>stimulation<\/em>. See on \u00f5nneks veidi lihtsamini m\u00f5istetav \u2013 milline Spinner pakub teistest veidi rohkem stimuleerimist. See on ka \u00fcks \u00fchtlasemaid kategooriaid, kuna iga Spinner pakub erakordseid elamusi. Nagu ennegi, on Tetra siiski teistest veidi mahedam.<\/p>\n<p>L\u00f5petuseks k\u00f5ige rohkem segadust tekitav parameeter \u2013 l\u00e4bim\u00f5\u00f5t ehk\u00a0<em>diameter<\/em>. K\u00f5ikidel Tenga Spinner mudelitel on sisestuss\u00fcgavus umbes 17 cm ja sisestuslaius umbes 5 cm, kuid see pole p\u00e4ris see, mida me silmas peame. Antud juhul t\u00e4hendab suurem number suuremat l\u00e4bim\u00f5\u00f5tu v\u00f5i lihtsamalt \u00f6eldes, et see on v\u00e4hem pingul.<\/p>\n<p>K\u00f5ik Spinnerid on enamv\u00e4hem kasvavas j\u00e4rjekorras. Tetra 01 on k\u00f5ige pehmema stimulatsiooniga ja suurema diameetriga, samas kui Brick 06 on loodud tugevaks stimuleerimiseks. V\u00f5rdle k\u00f5iki spinnereid, et leida enda jaoks parim.<\/p>\n<p>Iga spinneriga on kaasas ka v\u00e4ike pakk Tenga Hole Lotion vee baasil libestit (7ml). Edaspidi v\u00f5ib Spinnerit kasutada k\u00f5ikide vee baasil libestitega, n\u00e4iteks Tenga enda Egg Lotion.<\/p>\n<p><strong>M\u00f5\u00f5dud:<\/strong><\/p>\n<ul>\n<li>Suurus: 130 mm \u00d7 45 mm \u00d7 45 mm<\/li>\n<li>Pakendi suurus: 140 mm \u00d7 56 mm \u00d7 56 mm<\/li>\n<\/ul>\n<p><strong>Materials<\/strong>:<\/p>\n<ul>\n<li>Spinner: Elastomeer<\/li>\n<li>Kest: Pol\u00fcpropeen, Pol\u00fcst\u00fcreen, Pol\u00fcet\u00fcleen<\/li>\n<\/ul>\n","protected":false},"excerpt":{"rendered":"<p>Tutvustame venivat ent tihket Tenga Spinner masturbaatorit! Kogege Spinneri keerlevat tunnet, mille tekitab selle sisseehitatud spiraal. Lelu \u00fclevalt hoidmine ei<\/p>\n","protected":false},"featured_media":44797,"template":"","meta":[],"product_brand":[4244],"product_cat":[4008,1480,1477],"product_tag":[1572,1536,1538],"class_list":{"0":"post-44796","1":"product","2":"type-product","3":"status-publish","4":"has-post-thumbnail","6":"product_brand-tenga-et","7":"product_cat-manuaalsed","8":"product_cat-masturbaatorid","9":"product_cat-meestele","10":"product_tag-esiletostetud","11":"product_tag-spinner-et","12":"product_tag-tenga-et","13":"pa_brand-tenga-et","15":"first","16":"instock","17":"featured","18":"taxable","19":"shipping-taxable","20":"purchasable","21":"product-type-variable"},"yoast_head":"<!-- This site is optimized with the Yoast SEO plugin v27.4 - https:\/\/yoast.com\/product\/yoast-seo-wordpress\/ -->\n<title>Tenga Spinner - Ultimate Masturbator | Lust and Love<\/title>\n<meta name=\"description\" content=\"An all-new internal coil makes the SPINNER twist as you insert, sending unbelievable sensations with each stroke! Read the tips in product description!\" \/>\n<meta name=\"robots\" content=\"index,follow,max-snippet:-1,max-image-preview:large,max-video-preview:-1\" \/>\n<link rel=\"canonical\" href=\"https:\/\/lustandlove.eu\/et\/toode\/spinner-masturbator-tenga-2\/\" \/>\n<script type=\"application\/ld+json\" class=\"yoast-schema-graph\">{\"@context\":\"https:\\\/\\\/schema.org\",\"@graph\":[{\"@type\":[\"WebPage\",\"ItemPage\"],\"@id\":\"https:\\\/\\\/lustandlove.eu\\\/et\\\/toode\\\/spinner-masturbator-tenga-2\\\/\",\"url\":\"https:\\\/\\\/lustandlove.eu\\\/et\\\/toode\\\/spinner-masturbator-tenga-2\\\/\",\"name\":\"Tenga Spinner - Ultimate Masturbator | Lust and Love\",\"isPartOf\":{\"@id\":\"https:\\\/\\\/lustandlove.eu\\\/et\\\/#website\"},\"primaryImageOfPage\":{\"@id\":\"https:\\\/\\\/lustandlove.eu\\\/et\\\/toode\\\/spinner-masturbator-tenga-2\\\/#primaryimage\"},\"image\":{\"@id\":\"https:\\\/\\\/lustandlove.eu\\\/et\\\/toode\\\/spinner-masturbator-tenga-2\\\/#primaryimage\"},\"thumbnailUrl\":\"https:\\\/\\\/lustandlove.eu\\\/wp-content\\\/uploads\\\/tenga-spinner-taaskasutatav-hexa-masturbaator\u2013-reusable-masturbator-01.jpg\",\"datePublished\":\"2021-06-01T04:43:20+00:00\",\"dateModified\":\"2026-04-13T07:37:11+00:00\",\"description\":\"An all-new internal coil makes the SPINNER twist as you insert, sending unbelievable sensations with each stroke! Read the tips in product description!\",\"breadcrumb\":{\"@id\":\"https:\\\/\\\/lustandlove.eu\\\/et\\\/toode\\\/spinner-masturbator-tenga-2\\\/#breadcrumb\"},\"inLanguage\":\"et\",\"potentialAction\":[{\"@type\":\"ReadAction\",\"target\":[\"https:\\\/\\\/lustandlove.eu\\\/et\\\/toode\\\/spinner-masturbator-tenga-2\\\/\"]}]},{\"@type\":\"ImageObject\",\"inLanguage\":\"et\",\"@id\":\"https:\\\/\\\/lustandlove.eu\\\/et\\\/toode\\\/spinner-masturbator-tenga-2\\\/#primaryimage\",\"url\":\"https:\\\/\\\/lustandlove.eu\\\/wp-content\\\/uploads\\\/tenga-spinner-taaskasutatav-hexa-masturbaator\u2013-reusable-masturbator-01.jpg\",\"contentUrl\":\"https:\\\/\\\/lustandlove.eu\\\/wp-content\\\/uploads\\\/tenga-spinner-taaskasutatav-hexa-masturbaator\u2013-reusable-masturbator-01.jpg\",\"width\":1000,\"height\":1000,\"caption\":\"tenga spinner\"},{\"@type\":\"BreadcrumbList\",\"@id\":\"https:\\\/\\\/lustandlove.eu\\\/et\\\/toode\\\/spinner-masturbator-tenga-2\\\/#breadcrumb\",\"itemListElement\":[{\"@type\":\"ListItem\",\"position\":1,\"name\":\"Lust and Love\",\"item\":\"https:\\\/\\\/lustandlove.eu\\\/et\\\/\"},{\"@type\":\"ListItem\",\"position\":2,\"name\":\"Pood\",\"item\":\"https:\\\/\\\/lustandlove.eu\\\/et\\\/pood\\\/\"},{\"@type\":\"ListItem\",\"position\":3,\"name\":\"Meestele\",\"item\":\"https:\\\/\\\/lustandlove.eu\\\/et\\\/pood\\\/meestele\\\/\"},{\"@type\":\"ListItem\",\"position\":4,\"name\":\"Masturbaatorid\",\"item\":\"https:\\\/\\\/lustandlove.eu\\\/et\\\/pood\\\/meestele\\\/masturbaatorid\\\/\"},{\"@type\":\"ListItem\",\"position\":5,\"name\":\"Manuaalsed\",\"item\":\"https:\\\/\\\/lustandlove.eu\\\/et\\\/pood\\\/meestele\\\/masturbaatorid\\\/manuaalsed\\\/\"},{\"@type\":\"ListItem\",\"position\":6,\"name\":\"Tenga Spinner Masturbaator\"}]},{\"@type\":\"WebSite\",\"@id\":\"https:\\\/\\\/lustandlove.eu\\\/et\\\/#website\",\"url\":\"https:\\\/\\\/lustandlove.eu\\\/et\\\/\",\"name\":\"Lust & Love\",\"description\":\"Online erootikapood tervise, ilu ja armastuse jaoks\",\"publisher\":{\"@id\":\"https:\\\/\\\/lustandlove.eu\\\/et\\\/#organization\"},\"potentialAction\":[{\"@type\":\"SearchAction\",\"target\":{\"@type\":\"EntryPoint\",\"urlTemplate\":\"https:\\\/\\\/lustandlove.eu\\\/et\\\/?s={search_term_string}\"},\"query-input\":{\"@type\":\"PropertyValueSpecification\",\"valueRequired\":true,\"valueName\":\"search_term_string\"}}],\"inLanguage\":\"et\"},{\"@type\":\"Organization\",\"@id\":\"https:\\\/\\\/lustandlove.eu\\\/et\\\/#organization\",\"name\":\"Bioconcept Baltics O\u00dc\",\"url\":\"https:\\\/\\\/lustandlove.eu\\\/et\\\/\",\"logo\":{\"@type\":\"ImageObject\",\"inLanguage\":\"et\",\"@id\":\"https:\\\/\\\/lustandlove.eu\\\/et\\\/#\\\/schema\\\/logo\\\/image\\\/\",\"url\":\"https:\\\/\\\/lustandlove.eu\\\/wp-content\\\/uploads\\\/logo-full-2.png\",\"contentUrl\":\"https:\\\/\\\/lustandlove.eu\\\/wp-content\\\/uploads\\\/logo-full-2.png\",\"width\":837,\"height\":200,\"caption\":\"Bioconcept Baltics O\u00dc\"},\"image\":{\"@id\":\"https:\\\/\\\/lustandlove.eu\\\/et\\\/#\\\/schema\\\/logo\\\/image\\\/\"},\"sameAs\":[\"https:\\\/\\\/www.facebook.com\\\/LustandLoveEU\\\/\",\"https:\\\/\\\/www.instagram.com\\\/lustandloveeu\\\/\"]}]}<\/script>\n<!-- \/ Yoast SEO plugin. -->","yoast_head_json":{"title":"Tenga Spinner - Ultimate Masturbator | Lust and Love","description":"An all-new internal coil makes the SPINNER twist as you insert, sending unbelievable sensations with each stroke! Read the tips in product description!","robots":{"index,follow,max-snippet":"index,follow,max-snippet:-1,max-image-preview:large,max-video-preview:-1"},"canonical":"https:\/\/lustandlove.eu\/et\/toode\/spinner-masturbator-tenga-2\/","schema":{"@context":"https:\/\/schema.org","@graph":[{"@type":["WebPage","ItemPage"],"@id":"https:\/\/lustandlove.eu\/et\/toode\/spinner-masturbator-tenga-2\/","url":"https:\/\/lustandlove.eu\/et\/toode\/spinner-masturbator-tenga-2\/","name":"Tenga Spinner - Ultimate Masturbator | Lust and Love","isPartOf":{"@id":"https:\/\/lustandlove.eu\/et\/#website"},"primaryImageOfPage":{"@id":"https:\/\/lustandlove.eu\/et\/toode\/spinner-masturbator-tenga-2\/#primaryimage"},"image":{"@id":"https:\/\/lustandlove.eu\/et\/toode\/spinner-masturbator-tenga-2\/#primaryimage"},"thumbnailUrl":"https:\/\/lustandlove.eu\/wp-content\/uploads\/tenga-spinner-taaskasutatav-hexa-masturbaator\u2013-reusable-masturbator-01.jpg","datePublished":"2021-06-01T04:43:20+00:00","dateModified":"2026-04-13T07:37:11+00:00","description":"An all-new internal coil makes the SPINNER twist as you insert, sending unbelievable sensations with each stroke! Read the tips in product description!","breadcrumb":{"@id":"https:\/\/lustandlove.eu\/et\/toode\/spinner-masturbator-tenga-2\/#breadcrumb"},"inLanguage":"et","potentialAction":[{"@type":"ReadAction","target":["https:\/\/lustandlove.eu\/et\/toode\/spinner-masturbator-tenga-2\/"]}]},{"@type":"ImageObject","inLanguage":"et","@id":"https:\/\/lustandlove.eu\/et\/toode\/spinner-masturbator-tenga-2\/#primaryimage","url":"https:\/\/lustandlove.eu\/wp-content\/uploads\/tenga-spinner-taaskasutatav-hexa-masturbaator\u2013-reusable-masturbator-01.jpg","contentUrl":"https:\/\/lustandlove.eu\/wp-content\/uploads\/tenga-spinner-taaskasutatav-hexa-masturbaator\u2013-reusable-masturbator-01.jpg","width":1000,"height":1000,"caption":"tenga spinner"},{"@type":"BreadcrumbList","@id":"https:\/\/lustandlove.eu\/et\/toode\/spinner-masturbator-tenga-2\/#breadcrumb","itemListElement":[{"@type":"ListItem","position":1,"name":"Lust and Love","item":"https:\/\/lustandlove.eu\/et\/"},{"@type":"ListItem","position":2,"name":"Pood","item":"https:\/\/lustandlove.eu\/et\/pood\/"},{"@type":"ListItem","position":3,"name":"Meestele","item":"https:\/\/lustandlove.eu\/et\/pood\/meestele\/"},{"@type":"ListItem","position":4,"name":"Masturbaatorid","item":"https:\/\/lustandlove.eu\/et\/pood\/meestele\/masturbaatorid\/"},{"@type":"ListItem","position":5,"name":"Manuaalsed","item":"https:\/\/lustandlove.eu\/et\/pood\/meestele\/masturbaatorid\/manuaalsed\/"},{"@type":"ListItem","position":6,"name":"Tenga Spinner Masturbaator"}]},{"@type":"WebSite","@id":"https:\/\/lustandlove.eu\/et\/#website","url":"https:\/\/lustandlove.eu\/et\/","name":"Lust & Love","description":"Online erootikapood tervise, ilu ja armastuse jaoks","publisher":{"@id":"https:\/\/lustandlove.eu\/et\/#organization"},"potentialAction":[{"@type":"SearchAction","target":{"@type":"EntryPoint","urlTemplate":"https:\/\/lustandlove.eu\/et\/?s={search_term_string}"},"query-input":{"@type":"PropertyValueSpecification","valueRequired":true,"valueName":"search_term_string"}}],"inLanguage":"et"},{"@type":"Organization","@id":"https:\/\/lustandlove.eu\/et\/#organization","name":"Bioconcept Baltics O\u00dc","url":"https:\/\/lustandlove.eu\/et\/","logo":{"@type":"ImageObject","inLanguage":"et","@id":"https:\/\/lustandlove.eu\/et\/#\/schema\/logo\/image\/","url":"https:\/\/lustandlove.eu\/wp-content\/uploads\/logo-full-2.png","contentUrl":"https:\/\/lustandlove.eu\/wp-content\/uploads\/logo-full-2.png","width":837,"height":200,"caption":"Bioconcept Baltics O\u00dc"},"image":{"@id":"https:\/\/lustandlove.eu\/et\/#\/schema\/logo\/image\/"},"sameAs":["https:\/\/www.facebook.com\/LustandLoveEU\/","https:\/\/www.instagram.com\/lustandloveeu\/"]}]}},"_links":{"self":[{"href":"https:\/\/lustandlove.eu\/et\/wp-json\/wp\/v2\/product\/44796","targetHints":{"allow":["GET"]}}],"collection":[{"href":"https:\/\/lustandlove.eu\/et\/wp-json\/wp\/v2\/product"}],"about":[{"href":"https:\/\/lustandlove.eu\/et\/wp-json\/wp\/v2\/types\/product"}],"wp:featuredmedia":[{"embeddable":true,"href":"https:\/\/lustandlove.eu\/et\/wp-json\/wp\/v2\/media\/44797"}],"wp:attachment":[{"href":"https:\/\/lustandlove.eu\/et\/wp-json\/wp\/v2\/media?parent=44796"}],"wp:term":[{"taxonomy":"product_brand","embeddable":true,"href":"https:\/\/lustandlove.eu\/et\/wp-json\/wp\/v2\/product_brand?post=44796"},{"taxonomy":"product_cat","embeddable":true,"href":"https:\/\/lustandlove.eu\/et\/wp-json\/wp\/v2\/product_cat?post=44796"},{"taxonomy":"product_tag","embeddable":true,"href":"https:\/\/lustandlove.eu\/et\/wp-json\/wp\/v2\/product_tag?post=44796"}],"curies":[{"name":"wp","href":"https:\/\/api.w.org\/{rel}","templated":true}]}}