{"id":44817,"date":"2021-06-01T07:39:38","date_gmt":"2021-06-01T04:39:38","guid":{"rendered":"https:\/\/www.lustandlove.eu\/product\/nuo-2-anaaltapp-apiga\/"},"modified":"2026-04-13T10:37:11","modified_gmt":"2026-04-13T07:37:11","slug":"nuo-2-anaaltapp-apiga","status":"publish","type":"product","link":"https:\/\/lustandlove.eu\/et\/toode\/nuo-2-anaaltapp-apiga\/","title":{"rendered":"Nuo 2 Anaaltapp \u00c4piga"},"content":{"rendered":"<p>Maailma esimene topeltmootoriga anaaltapp on juhitav\u00a0Je Joue\u00a0\u00e4piga nii kohapeal kui ka kaugelt. Nuo 2 muudab naudingud intensiivsemaks. Selle mootor on disainitud madala sagedusega, mis hoiab lelu vaiksena aga v\u00f5imsana.<\/p>\n<div class=\"col-xs-12 col-md-6\">\n<h2>Lihtne kasutamine, sile pind ja laadmine<\/h2>\n<ul>\n<li>T\u00e4ielikult sile pind<\/li>\n<li>Magnetiliselt taaslaetav<\/li>\n<li>7 kiirusastet ja 5 vibratsioonimustrit \u2013 \u00f5rnast nurrumisest v\u00f5imsa m\u00fcrisemiseni<\/li>\n<\/ul>\n<h2>Kuidas Nuot kasutada? Je Joue \u00e4piga.<\/h2>\n<p>1. Laadi alla Je Joue \u00e4pp, mis on tasuta saadaval Google Plays ja Apple Store\u2019is<\/p>\n<p>2. L\u00fclita oma telefoni bluetooth sisse ning ava Je Joue \u00e4pp. Kui kasutad \u00e4ppi esimest korda, ilmub ingliskeelne \u00f5petus ekraanile.<\/p>\n<p>3. L\u00fclita sisse oma lelu hoides all \u201c+\u201d m\u00e4rgiga nuppu 2 sekundit. Punane tuluke annab m\u00e4rku, et lelu on kasutamiseks valmis.<\/p>\n<p>4. Kui soovid alustada uut sessiooni, vajuta nupule \u201cplay now\u201d. Sinu lelu \u00fchendab ennast \u00e4piga ja tuluke lelu peal muutub siniseks.<\/p>\n<p>5. Alusta valides ekraanilt sobiv muster \u2013 sinu lelu hakkab vibreerima.<\/p>\n<p>6. Et vibratsioonikiirust muuta, vali paremalt numbrite hulgast sobiv kiirus. Seda saab ka ekraanil \u00f5rnalt \u00fcles-alla t\u00f5mmates reguleerida. Et vibreerimine t\u00e4ielikult l\u00f5petada, t\u00f5mba ekraanil n\u00e4puga \u00fclevalt pikalt alla.<\/p>\n<p>7. Et vibratsioonimustrit muuta, t\u00f5mba n\u00e4puga paremalt vasakule v\u00f5i vastupidi.<\/p>\n<p>8. Et sessiooni l\u00f5petada, vajuta pausinuppu ekraanil vasakul all.<\/p>\n<p>9. \u201cClose to stop session\u201d valik viib sind tagasi mustrite vaatesse, kust on v\u00f5imalik uus sessioon alustada.<\/p>\n<p>10. Kui soovid oma sessiooni salvestada ja hiljem j\u00e4tkata, saad seda sessiooni l\u00f5petades valida.<\/p>\n<h2>Salvestatud sessioonide kasutamine on hea viis k\u00e4tevabalt ja superdiskreetselt nautida Nuot!<\/h2>\n<p>1. Ava salvestatud sessioonide valik \u201cSaved sessions\u201d.<\/p>\n<p>2. Vali sessioon, mida soovid uuessti l\u00e4bi elada vajutades noolekesele<\/p>\n<p>3. Naudi<\/p>\n<h2>Sessioonide loomine ja saatmine<\/h2>\n<p>1. \u2013 Ava Je Joue \u00e4pp<\/p>\n<p>2. \u2013 Loo uus sessioon nupu alt \u201cCreate Session\u201d<\/p>\n<p>3. Lisa uus muster nupu alt \u201cAdd new pattern\u201d, et valida vibratsiooni muster, selle kiirus ja kestvus. Vali mitu valikut, pane oma sessioonile nimi ja vajuta nupule \u201csave changes\u201d, et oma sessioon salvestada.<\/p>\n<p>4. Et oma sessiooni kellegagi jagada, vajuta sessiooni nimele ja vali saatmise viisiks \u201cE-mail\u201d.<\/p>\n<p>5. Kui keegi on sulle saatnud oma sessiooni, siis vali emailist saadetud fail ning ava see Je Joue \u00e4piga.<\/p>\n<p>&nbsp;<\/p>\n<h2>Nuo laadimine<\/h2>\n<p>Aseta magnetiline laadija Nuo nuppude peale ja sa tunned, kuidas see ennast paika t\u00f5mbab. Laadimise ajal vilgub tuluke. Kui Nuo on t\u00e4is laetud, l\u00f5petab tuluke vilkumise ja j\u00e4\u00e4b p\u00f5lema.<\/p>\n<\/div>\n","protected":false},"excerpt":{"rendered":"<p>Maailma esimene topeltmootoriga anaaltapp on juhitav\u00a0Je Joue\u00a0\u00e4piga nii kohapeal kui ka kaugelt. Nuo 2 muudab naudingud intensiivsemaks. Selle mootor on<\/p>\n","protected":false},"featured_media":44818,"template":"","meta":[],"product_brand":[4211],"product_cat":[1491],"product_tag":[1506,1510,1548,4104],"class_list":{"0":"post-44817","1":"product","2":"type-product","3":"status-publish","4":"has-post-thumbnail","6":"product_brand-je-joue-et","7":"product_cat-anaallelud","8":"product_tag-anaal-et","9":"product_tag-anaaltapp","10":"product_tag-app-et","11":"product_tag-waterproof-et","12":"pa_brand-je-joue-et","14":"first","15":"instock","16":"taxable","17":"shipping-taxable","18":"purchasable","19":"product-type-simple"},"yoast_head":"<!-- This site is optimized with the Yoast SEO plugin v27.4 - https:\/\/yoast.com\/product\/yoast-seo-wordpress\/ -->\n<title>Nuo 2 Anaaltapp \u00c4piga dual motor butt plug -139.00\u20ac | Lust and Love<\/title>\n<meta name=\"description\" content=\"The world\u2019s first dual-motor butt plug. The Je Joue Nuo motor is designed to a low frequency to give Je Joue oh-so-low rumbling vibrations.\" \/>\n<meta name=\"robots\" content=\"index,follow,max-snippet:-1,max-image-preview:large,max-video-preview:-1\" \/>\n<link rel=\"canonical\" href=\"https:\/\/lustandlove.eu\/et\/toode\/nuo-2-anaaltapp-apiga\/\" \/>\n<script type=\"application\/ld+json\" class=\"yoast-schema-graph\">{\"@context\":\"https:\\\/\\\/schema.org\",\"@graph\":[{\"@type\":[\"WebPage\",\"ItemPage\"],\"@id\":\"https:\\\/\\\/lustandlove.eu\\\/et\\\/toode\\\/nuo-2-anaaltapp-apiga\\\/\",\"url\":\"https:\\\/\\\/lustandlove.eu\\\/et\\\/toode\\\/nuo-2-anaaltapp-apiga\\\/\",\"name\":\"Nuo 2 Anaaltapp \u00c4piga dual motor butt plug -139.00\u20ac | Lust and Love\",\"isPartOf\":{\"@id\":\"https:\\\/\\\/lustandlove.eu\\\/et\\\/#website\"},\"primaryImageOfPage\":{\"@id\":\"https:\\\/\\\/lustandlove.eu\\\/et\\\/toode\\\/nuo-2-anaaltapp-apiga\\\/#primaryimage\"},\"image\":{\"@id\":\"https:\\\/\\\/lustandlove.eu\\\/et\\\/toode\\\/nuo-2-anaaltapp-apiga\\\/#primaryimage\"},\"thumbnailUrl\":\"https:\\\/\\\/lustandlove.eu\\\/wp-content\\\/uploads\\\/2018-10-15_JJ-CR-J311893.jpg\",\"datePublished\":\"2021-06-01T04:39:38+00:00\",\"dateModified\":\"2026-04-13T07:37:11+00:00\",\"description\":\"The world\u2019s first dual-motor butt plug. The Je Joue Nuo motor is designed to a low frequency to give Je Joue oh-so-low rumbling vibrations.\",\"breadcrumb\":{\"@id\":\"https:\\\/\\\/lustandlove.eu\\\/et\\\/toode\\\/nuo-2-anaaltapp-apiga\\\/#breadcrumb\"},\"inLanguage\":\"et\",\"potentialAction\":[{\"@type\":\"ReadAction\",\"target\":[\"https:\\\/\\\/lustandlove.eu\\\/et\\\/toode\\\/nuo-2-anaaltapp-apiga\\\/\"]}]},{\"@type\":\"ImageObject\",\"inLanguage\":\"et\",\"@id\":\"https:\\\/\\\/lustandlove.eu\\\/et\\\/toode\\\/nuo-2-anaaltapp-apiga\\\/#primaryimage\",\"url\":\"https:\\\/\\\/lustandlove.eu\\\/wp-content\\\/uploads\\\/2018-10-15_JJ-CR-J311893.jpg\",\"contentUrl\":\"https:\\\/\\\/lustandlove.eu\\\/wp-content\\\/uploads\\\/2018-10-15_JJ-CR-J311893.jpg\",\"width\":1200,\"height\":1200},{\"@type\":\"BreadcrumbList\",\"@id\":\"https:\\\/\\\/lustandlove.eu\\\/et\\\/toode\\\/nuo-2-anaaltapp-apiga\\\/#breadcrumb\",\"itemListElement\":[{\"@type\":\"ListItem\",\"position\":1,\"name\":\"Lust and Love\",\"item\":\"https:\\\/\\\/lustandlove.eu\\\/et\\\/\"},{\"@type\":\"ListItem\",\"position\":2,\"name\":\"Pood\",\"item\":\"https:\\\/\\\/lustandlove.eu\\\/et\\\/pood\\\/\"},{\"@type\":\"ListItem\",\"position\":3,\"name\":\"Sekslelud\",\"item\":\"https:\\\/\\\/lustandlove.eu\\\/et\\\/pood\\\/sekslelud\\\/\"},{\"@type\":\"ListItem\",\"position\":4,\"name\":\"Anaallelud\",\"item\":\"https:\\\/\\\/lustandlove.eu\\\/et\\\/pood\\\/sekslelud\\\/anaallelud\\\/\"},{\"@type\":\"ListItem\",\"position\":5,\"name\":\"Nuo 2 Anaaltapp \u00c4piga\"}]},{\"@type\":\"WebSite\",\"@id\":\"https:\\\/\\\/lustandlove.eu\\\/et\\\/#website\",\"url\":\"https:\\\/\\\/lustandlove.eu\\\/et\\\/\",\"name\":\"Lust & Love\",\"description\":\"Online erootikapood tervise, ilu ja armastuse jaoks\",\"publisher\":{\"@id\":\"https:\\\/\\\/lustandlove.eu\\\/et\\\/#organization\"},\"potentialAction\":[{\"@type\":\"SearchAction\",\"target\":{\"@type\":\"EntryPoint\",\"urlTemplate\":\"https:\\\/\\\/lustandlove.eu\\\/et\\\/?s={search_term_string}\"},\"query-input\":{\"@type\":\"PropertyValueSpecification\",\"valueRequired\":true,\"valueName\":\"search_term_string\"}}],\"inLanguage\":\"et\"},{\"@type\":\"Organization\",\"@id\":\"https:\\\/\\\/lustandlove.eu\\\/et\\\/#organization\",\"name\":\"Bioconcept Baltics O\u00dc\",\"url\":\"https:\\\/\\\/lustandlove.eu\\\/et\\\/\",\"logo\":{\"@type\":\"ImageObject\",\"inLanguage\":\"et\",\"@id\":\"https:\\\/\\\/lustandlove.eu\\\/et\\\/#\\\/schema\\\/logo\\\/image\\\/\",\"url\":\"https:\\\/\\\/lustandlove.eu\\\/wp-content\\\/uploads\\\/logo-full-2.png\",\"contentUrl\":\"https:\\\/\\\/lustandlove.eu\\\/wp-content\\\/uploads\\\/logo-full-2.png\",\"width\":837,\"height\":200,\"caption\":\"Bioconcept Baltics O\u00dc\"},\"image\":{\"@id\":\"https:\\\/\\\/lustandlove.eu\\\/et\\\/#\\\/schema\\\/logo\\\/image\\\/\"},\"sameAs\":[\"https:\\\/\\\/www.facebook.com\\\/LustandLoveEU\\\/\",\"https:\\\/\\\/www.instagram.com\\\/lustandloveeu\\\/\"]}]}<\/script>\n<!-- \/ Yoast SEO plugin. -->","yoast_head_json":{"title":"Nuo 2 Anaaltapp \u00c4piga dual motor butt plug -139.00\u20ac | Lust and Love","description":"The world\u2019s first dual-motor butt plug. The Je Joue Nuo motor is designed to a low frequency to give Je Joue oh-so-low rumbling vibrations.","robots":{"index,follow,max-snippet":"index,follow,max-snippet:-1,max-image-preview:large,max-video-preview:-1"},"canonical":"https:\/\/lustandlove.eu\/et\/toode\/nuo-2-anaaltapp-apiga\/","schema":{"@context":"https:\/\/schema.org","@graph":[{"@type":["WebPage","ItemPage"],"@id":"https:\/\/lustandlove.eu\/et\/toode\/nuo-2-anaaltapp-apiga\/","url":"https:\/\/lustandlove.eu\/et\/toode\/nuo-2-anaaltapp-apiga\/","name":"Nuo 2 Anaaltapp \u00c4piga dual motor butt plug -139.00\u20ac | Lust and Love","isPartOf":{"@id":"https:\/\/lustandlove.eu\/et\/#website"},"primaryImageOfPage":{"@id":"https:\/\/lustandlove.eu\/et\/toode\/nuo-2-anaaltapp-apiga\/#primaryimage"},"image":{"@id":"https:\/\/lustandlove.eu\/et\/toode\/nuo-2-anaaltapp-apiga\/#primaryimage"},"thumbnailUrl":"https:\/\/lustandlove.eu\/wp-content\/uploads\/2018-10-15_JJ-CR-J311893.jpg","datePublished":"2021-06-01T04:39:38+00:00","dateModified":"2026-04-13T07:37:11+00:00","description":"The world\u2019s first dual-motor butt plug. The Je Joue Nuo motor is designed to a low frequency to give Je Joue oh-so-low rumbling vibrations.","breadcrumb":{"@id":"https:\/\/lustandlove.eu\/et\/toode\/nuo-2-anaaltapp-apiga\/#breadcrumb"},"inLanguage":"et","potentialAction":[{"@type":"ReadAction","target":["https:\/\/lustandlove.eu\/et\/toode\/nuo-2-anaaltapp-apiga\/"]}]},{"@type":"ImageObject","inLanguage":"et","@id":"https:\/\/lustandlove.eu\/et\/toode\/nuo-2-anaaltapp-apiga\/#primaryimage","url":"https:\/\/lustandlove.eu\/wp-content\/uploads\/2018-10-15_JJ-CR-J311893.jpg","contentUrl":"https:\/\/lustandlove.eu\/wp-content\/uploads\/2018-10-15_JJ-CR-J311893.jpg","width":1200,"height":1200},{"@type":"BreadcrumbList","@id":"https:\/\/lustandlove.eu\/et\/toode\/nuo-2-anaaltapp-apiga\/#breadcrumb","itemListElement":[{"@type":"ListItem","position":1,"name":"Lust and Love","item":"https:\/\/lustandlove.eu\/et\/"},{"@type":"ListItem","position":2,"name":"Pood","item":"https:\/\/lustandlove.eu\/et\/pood\/"},{"@type":"ListItem","position":3,"name":"Sekslelud","item":"https:\/\/lustandlove.eu\/et\/pood\/sekslelud\/"},{"@type":"ListItem","position":4,"name":"Anaallelud","item":"https:\/\/lustandlove.eu\/et\/pood\/sekslelud\/anaallelud\/"},{"@type":"ListItem","position":5,"name":"Nuo 2 Anaaltapp \u00c4piga"}]},{"@type":"WebSite","@id":"https:\/\/lustandlove.eu\/et\/#website","url":"https:\/\/lustandlove.eu\/et\/","name":"Lust & Love","description":"Online erootikapood tervise, ilu ja armastuse jaoks","publisher":{"@id":"https:\/\/lustandlove.eu\/et\/#organization"},"potentialAction":[{"@type":"SearchAction","target":{"@type":"EntryPoint","urlTemplate":"https:\/\/lustandlove.eu\/et\/?s={search_term_string}"},"query-input":{"@type":"PropertyValueSpecification","valueRequired":true,"valueName":"search_term_string"}}],"inLanguage":"et"},{"@type":"Organization","@id":"https:\/\/lustandlove.eu\/et\/#organization","name":"Bioconcept Baltics O\u00dc","url":"https:\/\/lustandlove.eu\/et\/","logo":{"@type":"ImageObject","inLanguage":"et","@id":"https:\/\/lustandlove.eu\/et\/#\/schema\/logo\/image\/","url":"https:\/\/lustandlove.eu\/wp-content\/uploads\/logo-full-2.png","contentUrl":"https:\/\/lustandlove.eu\/wp-content\/uploads\/logo-full-2.png","width":837,"height":200,"caption":"Bioconcept Baltics O\u00dc"},"image":{"@id":"https:\/\/lustandlove.eu\/et\/#\/schema\/logo\/image\/"},"sameAs":["https:\/\/www.facebook.com\/LustandLoveEU\/","https:\/\/www.instagram.com\/lustandloveeu\/"]}]}},"_links":{"self":[{"href":"https:\/\/lustandlove.eu\/et\/wp-json\/wp\/v2\/product\/44817","targetHints":{"allow":["GET"]}}],"collection":[{"href":"https:\/\/lustandlove.eu\/et\/wp-json\/wp\/v2\/product"}],"about":[{"href":"https:\/\/lustandlove.eu\/et\/wp-json\/wp\/v2\/types\/product"}],"wp:featuredmedia":[{"embeddable":true,"href":"https:\/\/lustandlove.eu\/et\/wp-json\/wp\/v2\/media\/44818"}],"wp:attachment":[{"href":"https:\/\/lustandlove.eu\/et\/wp-json\/wp\/v2\/media?parent=44817"}],"wp:term":[{"taxonomy":"product_brand","embeddable":true,"href":"https:\/\/lustandlove.eu\/et\/wp-json\/wp\/v2\/product_brand?post=44817"},{"taxonomy":"product_cat","embeddable":true,"href":"https:\/\/lustandlove.eu\/et\/wp-json\/wp\/v2\/product_cat?post=44817"},{"taxonomy":"product_tag","embeddable":true,"href":"https:\/\/lustandlove.eu\/et\/wp-json\/wp\/v2\/product_tag?post=44817"}],"curies":[{"name":"wp","href":"https:\/\/api.w.org\/{rel}","templated":true}]}}