{"id":44845,"date":"2021-06-01T06:59:58","date_gmt":"2021-06-01T03:59:58","guid":{"rendered":"https:\/\/www.lustandlove.eu\/product\/unisex-libesti-niisutav\/"},"modified":"2026-04-13T10:37:12","modified_gmt":"2026-04-13T07:37:12","slug":"unisex-libesti-niisutav","status":"publish","type":"product","link":"https:\/\/lustandlove.eu\/et\/toode\/unisex-libesti-niisutav\/","title":{"rendered":"Unisex Libesti Niisutav 3ml"},"content":{"rendered":"<p>YESforLOV\u00a0niisutav libesti on l\u00f5hnavaba ja \u00f5livaba. Rikastatud h\u00fcaluroonhappe ja aaloe veraga.<\/p>\n<p>V\u00e4ldi kontakti silmadega.<\/p>\n","protected":false},"excerpt":{"rendered":"<p>YESforLOV\u00a0niisutav libesti on l\u00f5hnavaba ja \u00f5livaba. Rikastatud h\u00fcaluroonhappe ja aaloe veraga. V\u00e4ldi kontakti silmadega.<\/p>\n","protected":false},"featured_media":44846,"template":"","meta":[],"product_brand":[4248],"product_cat":[1467,1460,1501,1504,3976],"product_tag":[],"class_list":{"0":"post-44845","1":"product","2":"type-product","3":"status-publish","4":"has-post-thumbnail","6":"product_brand-yesforlov-et","7":"product_cat-libestid","8":"product_cat-apteek","9":"product_cat-pakkumised","10":"product_cat-testrid","11":"product_cat-vee-baasil","12":"pa_brand-yesforlov-et","14":"first","15":"instock","16":"taxable","17":"shipping-taxable","18":"purchasable","19":"product-type-simple"},"yoast_head":"<!-- This site is optimized with the Yoast SEO plugin v27.3 - https:\/\/yoast.com\/product\/yoast-seo-wordpress\/ -->\n<title>Unisex Libesti Niisutav 3ml | Lust and Love<\/title>\n<meta name=\"robots\" content=\"index,follow,max-snippet:-1,max-image-preview:large,max-video-preview:-1\" \/>\n<link rel=\"canonical\" href=\"https:\/\/lustandlove.eu\/et\/toode\/unisex-libesti-niisutav\/\" \/>\n<meta name=\"twitter:card\" content=\"summary_large_image\" \/>\n<meta name=\"twitter:title\" content=\"Unisex Libesti Niisutav 3ml | Lust and Love\" \/>\n<meta name=\"twitter:description\" content=\"YESforLOV\u00a0niisutav libesti on l\u00f5hnavaba ja \u00f5livaba. Rikastatud h\u00fcaluroonhappe ja aaloe veraga. V\u00e4ldi kontakti silmadega.\" \/>\n<meta name=\"twitter:image\" content=\"https:\/\/lustandlove.eu\/wp-content\/uploads\/EC01A09.Intimate-moisturising-lubricant-single-dose-Monodose-lubrifiant-mixte-hydratant.gr_.jpg\" \/>\n<meta name=\"twitter:label1\" content=\"Est. reading time\" \/>\n\t<meta name=\"twitter:data1\" content=\"1 minut\" \/>\n<script type=\"application\/ld+json\" class=\"yoast-schema-graph\">{\"@context\":\"https:\\\/\\\/schema.org\",\"@graph\":[{\"@type\":[\"WebPage\",\"ItemPage\"],\"@id\":\"https:\\\/\\\/lustandlove.eu\\\/et\\\/toode\\\/unisex-libesti-niisutav\\\/\",\"url\":\"https:\\\/\\\/lustandlove.eu\\\/et\\\/toode\\\/unisex-libesti-niisutav\\\/\",\"name\":\"Unisex Libesti Niisutav 3ml | Lust and Love\",\"isPartOf\":{\"@id\":\"https:\\\/\\\/lustandlove.eu\\\/et\\\/#website\"},\"primaryImageOfPage\":{\"@id\":\"https:\\\/\\\/lustandlove.eu\\\/et\\\/toode\\\/unisex-libesti-niisutav\\\/#primaryimage\"},\"image\":{\"@id\":\"https:\\\/\\\/lustandlove.eu\\\/et\\\/toode\\\/unisex-libesti-niisutav\\\/#primaryimage\"},\"thumbnailUrl\":\"https:\\\/\\\/lustandlove.eu\\\/wp-content\\\/uploads\\\/EC01A09.Intimate-moisturising-lubricant-single-dose-Monodose-lubrifiant-mixte-hydratant.gr_.jpg\",\"datePublished\":\"2021-06-01T03:59:58+00:00\",\"dateModified\":\"2026-04-13T07:37:12+00:00\",\"breadcrumb\":{\"@id\":\"https:\\\/\\\/lustandlove.eu\\\/et\\\/toode\\\/unisex-libesti-niisutav\\\/#breadcrumb\"},\"inLanguage\":\"et\",\"potentialAction\":[{\"@type\":\"ReadAction\",\"target\":[\"https:\\\/\\\/lustandlove.eu\\\/et\\\/toode\\\/unisex-libesti-niisutav\\\/\"]}]},{\"@type\":\"ImageObject\",\"inLanguage\":\"et\",\"@id\":\"https:\\\/\\\/lustandlove.eu\\\/et\\\/toode\\\/unisex-libesti-niisutav\\\/#primaryimage\",\"url\":\"https:\\\/\\\/lustandlove.eu\\\/wp-content\\\/uploads\\\/EC01A09.Intimate-moisturising-lubricant-single-dose-Monodose-lubrifiant-mixte-hydratant.gr_.jpg\",\"contentUrl\":\"https:\\\/\\\/lustandlove.eu\\\/wp-content\\\/uploads\\\/EC01A09.Intimate-moisturising-lubricant-single-dose-Monodose-lubrifiant-mixte-hydratant.gr_.jpg\",\"width\":2200,\"height\":2200,\"caption\":\"UNISEX LUBRICANT moisturising 3ML\"},{\"@type\":\"BreadcrumbList\",\"@id\":\"https:\\\/\\\/lustandlove.eu\\\/et\\\/toode\\\/unisex-libesti-niisutav\\\/#breadcrumb\",\"itemListElement\":[{\"@type\":\"ListItem\",\"position\":1,\"name\":\"Lust and Love\",\"item\":\"https:\\\/\\\/lustandlove.eu\\\/et\\\/\"},{\"@type\":\"ListItem\",\"position\":2,\"name\":\"Pood\",\"item\":\"https:\\\/\\\/lustandlove.eu\\\/et\\\/pood\\\/\"},{\"@type\":\"ListItem\",\"position\":3,\"name\":\"Unisex Libesti Niisutav 3ml\"}]},{\"@type\":\"WebSite\",\"@id\":\"https:\\\/\\\/lustandlove.eu\\\/et\\\/#website\",\"url\":\"https:\\\/\\\/lustandlove.eu\\\/et\\\/\",\"name\":\"Lust &amp; Love\",\"description\":\"Online erootikapood tervise, ilu ja armastuse jaoks\",\"publisher\":{\"@id\":\"https:\\\/\\\/lustandlove.eu\\\/et\\\/#organization\"},\"potentialAction\":[{\"@type\":\"SearchAction\",\"target\":{\"@type\":\"EntryPoint\",\"urlTemplate\":\"https:\\\/\\\/lustandlove.eu\\\/et\\\/?s={search_term_string}\"},\"query-input\":{\"@type\":\"PropertyValueSpecification\",\"valueRequired\":true,\"valueName\":\"search_term_string\"}}],\"inLanguage\":\"et\"},{\"@type\":\"Organization\",\"@id\":\"https:\\\/\\\/lustandlove.eu\\\/et\\\/#organization\",\"name\":\"Bioconcept Baltics O\u00dc\",\"url\":\"https:\\\/\\\/lustandlove.eu\\\/et\\\/\",\"logo\":{\"@type\":\"ImageObject\",\"inLanguage\":\"et\",\"@id\":\"https:\\\/\\\/lustandlove.eu\\\/et\\\/#\\\/schema\\\/logo\\\/image\\\/\",\"url\":\"\",\"contentUrl\":\"\",\"caption\":\"Bioconcept Baltics O\u00dc\"},\"image\":{\"@id\":\"https:\\\/\\\/lustandlove.eu\\\/et\\\/#\\\/schema\\\/logo\\\/image\\\/\"},\"sameAs\":[\"https:\\\/\\\/www.facebook.com\\\/LustandLoveEU\\\/\",\"https:\\\/\\\/www.instagram.com\\\/lustandloveeu\\\/\"]}]}<\/script>\n<!-- \/ Yoast SEO plugin. -->","yoast_head_json":{"title":"Unisex Libesti Niisutav 3ml | Lust and Love","robots":{"index,follow,max-snippet":"index,follow,max-snippet:-1,max-image-preview:large,max-video-preview:-1"},"canonical":"https:\/\/lustandlove.eu\/et\/toode\/unisex-libesti-niisutav\/","twitter_card":"summary_large_image","twitter_title":"Unisex Libesti Niisutav 3ml | Lust and Love","twitter_description":"YESforLOV\u00a0niisutav libesti on l\u00f5hnavaba ja \u00f5livaba. Rikastatud h\u00fcaluroonhappe ja aaloe veraga. V\u00e4ldi kontakti silmadega.","twitter_image":"https:\/\/lustandlove.eu\/wp-content\/uploads\/EC01A09.Intimate-moisturising-lubricant-single-dose-Monodose-lubrifiant-mixte-hydratant.gr_.jpg","twitter_misc":{"Est. reading time":"1 minut"},"schema":{"@context":"https:\/\/schema.org","@graph":[{"@type":["WebPage","ItemPage"],"@id":"https:\/\/lustandlove.eu\/et\/toode\/unisex-libesti-niisutav\/","url":"https:\/\/lustandlove.eu\/et\/toode\/unisex-libesti-niisutav\/","name":"Unisex Libesti Niisutav 3ml | Lust and Love","isPartOf":{"@id":"https:\/\/lustandlove.eu\/et\/#website"},"primaryImageOfPage":{"@id":"https:\/\/lustandlove.eu\/et\/toode\/unisex-libesti-niisutav\/#primaryimage"},"image":{"@id":"https:\/\/lustandlove.eu\/et\/toode\/unisex-libesti-niisutav\/#primaryimage"},"thumbnailUrl":"https:\/\/lustandlove.eu\/wp-content\/uploads\/EC01A09.Intimate-moisturising-lubricant-single-dose-Monodose-lubrifiant-mixte-hydratant.gr_.jpg","datePublished":"2021-06-01T03:59:58+00:00","dateModified":"2026-04-13T07:37:12+00:00","breadcrumb":{"@id":"https:\/\/lustandlove.eu\/et\/toode\/unisex-libesti-niisutav\/#breadcrumb"},"inLanguage":"et","potentialAction":[{"@type":"ReadAction","target":["https:\/\/lustandlove.eu\/et\/toode\/unisex-libesti-niisutav\/"]}]},{"@type":"ImageObject","inLanguage":"et","@id":"https:\/\/lustandlove.eu\/et\/toode\/unisex-libesti-niisutav\/#primaryimage","url":"https:\/\/lustandlove.eu\/wp-content\/uploads\/EC01A09.Intimate-moisturising-lubricant-single-dose-Monodose-lubrifiant-mixte-hydratant.gr_.jpg","contentUrl":"https:\/\/lustandlove.eu\/wp-content\/uploads\/EC01A09.Intimate-moisturising-lubricant-single-dose-Monodose-lubrifiant-mixte-hydratant.gr_.jpg","width":2200,"height":2200,"caption":"UNISEX LUBRICANT moisturising 3ML"},{"@type":"BreadcrumbList","@id":"https:\/\/lustandlove.eu\/et\/toode\/unisex-libesti-niisutav\/#breadcrumb","itemListElement":[{"@type":"ListItem","position":1,"name":"Lust and Love","item":"https:\/\/lustandlove.eu\/et\/"},{"@type":"ListItem","position":2,"name":"Pood","item":"https:\/\/lustandlove.eu\/et\/pood\/"},{"@type":"ListItem","position":3,"name":"Unisex Libesti Niisutav 3ml"}]},{"@type":"WebSite","@id":"https:\/\/lustandlove.eu\/et\/#website","url":"https:\/\/lustandlove.eu\/et\/","name":"Lust &amp; Love","description":"Online erootikapood tervise, ilu ja armastuse jaoks","publisher":{"@id":"https:\/\/lustandlove.eu\/et\/#organization"},"potentialAction":[{"@type":"SearchAction","target":{"@type":"EntryPoint","urlTemplate":"https:\/\/lustandlove.eu\/et\/?s={search_term_string}"},"query-input":{"@type":"PropertyValueSpecification","valueRequired":true,"valueName":"search_term_string"}}],"inLanguage":"et"},{"@type":"Organization","@id":"https:\/\/lustandlove.eu\/et\/#organization","name":"Bioconcept Baltics O\u00dc","url":"https:\/\/lustandlove.eu\/et\/","logo":{"@type":"ImageObject","inLanguage":"et","@id":"https:\/\/lustandlove.eu\/et\/#\/schema\/logo\/image\/","url":"","contentUrl":"","caption":"Bioconcept Baltics O\u00dc"},"image":{"@id":"https:\/\/lustandlove.eu\/et\/#\/schema\/logo\/image\/"},"sameAs":["https:\/\/www.facebook.com\/LustandLoveEU\/","https:\/\/www.instagram.com\/lustandloveeu\/"]}]}},"_links":{"self":[{"href":"https:\/\/lustandlove.eu\/et\/wp-json\/wp\/v2\/product\/44845","targetHints":{"allow":["GET"]}}],"collection":[{"href":"https:\/\/lustandlove.eu\/et\/wp-json\/wp\/v2\/product"}],"about":[{"href":"https:\/\/lustandlove.eu\/et\/wp-json\/wp\/v2\/types\/product"}],"wp:featuredmedia":[{"embeddable":true,"href":"https:\/\/lustandlove.eu\/et\/wp-json\/wp\/v2\/media\/44846"}],"wp:attachment":[{"href":"https:\/\/lustandlove.eu\/et\/wp-json\/wp\/v2\/media?parent=44845"}],"wp:term":[{"taxonomy":"product_brand","embeddable":true,"href":"https:\/\/lustandlove.eu\/et\/wp-json\/wp\/v2\/product_brand?post=44845"},{"taxonomy":"product_cat","embeddable":true,"href":"https:\/\/lustandlove.eu\/et\/wp-json\/wp\/v2\/product_cat?post=44845"},{"taxonomy":"product_tag","embeddable":true,"href":"https:\/\/lustandlove.eu\/et\/wp-json\/wp\/v2\/product_tag?post=44845"}],"curies":[{"name":"wp","href":"https:\/\/api.w.org\/{rel}","templated":true}]}}