{"id":44878,"date":"2021-06-01T06:55:23","date_gmt":"2021-06-01T03:55:23","guid":{"rendered":"https:\/\/www.lustandlove.eu\/product\/tenga-aero-ring\/"},"modified":"2025-11-14T10:46:32","modified_gmt":"2025-11-14T08:46:32","slug":"tenga-aero-ring","status":"publish","type":"product","link":"https:\/\/lustandlove.eu\/et\/toode\/tenga-aero-ring\/","title":{"rendered":"Tenga Aero Ring"},"content":{"rendered":"<p>TENGA Aero Ring on uus seeria masturbaatoreid meestele, mis lubab sul stimulatsiooni taset muuta t\u00e4nu uuele tehnoloogiale.<\/p>\n<p>Pakkudes muudetavad r\u00f5hku lubab masturbaator muuta stimulatsiooni keerates v\u00e4limist koorpust. Vali 10 erineva s\u00e4tte vahel, keera kellaosuti suunas ja t\u00f5sta survet v\u00f5i keera vastu kella ja langeta see tagasi alla.<\/p>\n<p>Valikus on Silver r\u00f5ngas ja Cobalt. M\u00f5lemal varjandil on sisemuse struktuur erinev aga m\u00f5\u00f5duliselt on m\u00f5lemad ligikaudu 8cm diameetris ja 17.2cm k\u00f5rguses. Sisemine varukas on kergesti eemaldatav puhastamiseks ja hiljem v\u00e4ljavahetatav.<\/p>\n<p><strong>Silver Ring:<\/strong> Kruvilaadse keeru nauding. Sa saad nautida k\u00f6itvad tunnetust kargete detailidega.<\/p>\n<p><strong>Cobalt Ring: <\/strong>Kihtlik nauding stimulatsioonist. Delikaatsete detailidega saad nautida stimulatsiooni sellelt masturbaatorilt.<\/p>\n<p>Masturbaator on korduvalt pestav, kui kasutada sama libestit.<\/p>\n<p>Stendil saab sisemist varukat kuivatada.<\/p>\n","protected":false},"excerpt":{"rendered":"<p>TENGA Aero Ring on uus seeria masturbaatoreid meestele, mis lubab sul stimulatsiooni taset muuta t\u00e4nu uuele tehnoloogiale. Pakkudes muudetavad r\u00f5hku<\/p>\n","protected":false},"featured_media":44879,"template":"","meta":[],"product_cat":[1477,1480,4008],"product_tag":[],"yoast_head":"<!-- This site is optimized with the Yoast SEO plugin v22.9 - https:\/\/yoast.com\/wordpress\/plugins\/seo\/ -->\n<title>Tenga Aero Ring Masturbator 70.00\u20ac | Lust and Love<\/title>\n<meta name=\"description\" content=\"TENGA\u00a0 Aero Ring is a new series of self-pleasuring sleeves, introducing a new suction technology that allows you to dial its stimulation up or down.\" \/>\n<meta name=\"robots\" content=\"index,follow,max-snippet:-1,max-image-preview:large,max-video-preview:-1\" \/>\n<link rel=\"canonical\" href=\"https:\/\/lustandlove.eu\/et\/toode\/tenga-aero-ring\/\" \/>\n<meta name=\"twitter:card\" content=\"summary_large_image\" \/>\n<meta name=\"twitter:title\" content=\"Tenga Aero Ring Masturbator 70.00\u20ac | Lust and Love\" \/>\n<meta name=\"twitter:description\" content=\"TENGA\u00a0 Aero Ring is a new series of self-pleasuring sleeves, introducing a new suction technology that allows you to dial its stimulation up or down.\" \/>\n<meta name=\"twitter:image\" content=\"https:\/\/lustandlove.eu\/wp-content\/uploads\/product_TAH_002_3_01_sp_4x_c151dd41-570c-4978-bb45-0ea41df6f3ca_2048x2048.jpg\" \/>\n<meta name=\"twitter:label1\" content=\"Est. reading time\" \/>\n\t<meta name=\"twitter:data1\" content=\"2 minutit\" \/>\n<script type=\"application\/ld+json\" class=\"yoast-schema-graph\">{\"@context\":\"https:\/\/schema.org\",\"@graph\":[{\"@type\":[\"WebPage\",\"ItemPage\"],\"@id\":\"https:\/\/lustandlove.eu\/et\/toode\/tenga-aero-ring\/\",\"url\":\"https:\/\/lustandlove.eu\/et\/toode\/tenga-aero-ring\/\",\"name\":\"Tenga Aero Ring Masturbator 70.00\u20ac | Lust and Love\",\"isPartOf\":{\"@id\":\"https:\/\/lustandlove.eu\/et\/#website\"},\"primaryImageOfPage\":{\"@id\":\"https:\/\/lustandlove.eu\/et\/toode\/tenga-aero-ring\/#primaryimage\"},\"image\":{\"@id\":\"https:\/\/lustandlove.eu\/et\/toode\/tenga-aero-ring\/#primaryimage\"},\"thumbnailUrl\":\"https:\/\/lustandlove.eu\/wp-content\/uploads\/product_TAH_002_3_01_sp_4x_c151dd41-570c-4978-bb45-0ea41df6f3ca_2048x2048.jpg\",\"datePublished\":\"2021-06-01T03:55:23+00:00\",\"dateModified\":\"2025-11-14T08:46:32+00:00\",\"description\":\"TENGA\u00a0 Aero Ring is a new series of self-pleasuring sleeves, introducing a new suction technology that allows you to dial its stimulation up or down.\",\"breadcrumb\":{\"@id\":\"https:\/\/lustandlove.eu\/et\/toode\/tenga-aero-ring\/#breadcrumb\"},\"inLanguage\":\"et\",\"potentialAction\":[{\"@type\":\"ReadAction\",\"target\":[\"https:\/\/lustandlove.eu\/et\/toode\/tenga-aero-ring\/\"]}]},{\"@type\":\"ImageObject\",\"inLanguage\":\"et\",\"@id\":\"https:\/\/lustandlove.eu\/et\/toode\/tenga-aero-ring\/#primaryimage\",\"url\":\"https:\/\/lustandlove.eu\/wp-content\/uploads\/product_TAH_002_3_01_sp_4x_c151dd41-570c-4978-bb45-0ea41df6f3ca_2048x2048.jpg\",\"contentUrl\":\"https:\/\/lustandlove.eu\/wp-content\/uploads\/product_TAH_002_3_01_sp_4x_c151dd41-570c-4978-bb45-0ea41df6f3ca_2048x2048.jpg\",\"width\":1000,\"height\":1000},{\"@type\":\"BreadcrumbList\",\"@id\":\"https:\/\/lustandlove.eu\/et\/toode\/tenga-aero-ring\/#breadcrumb\",\"itemListElement\":[{\"@type\":\"ListItem\",\"position\":1,\"name\":\"Lust and Love\",\"item\":\"https:\/\/lustandlove.eu\/et\/\"},{\"@type\":\"ListItem\",\"position\":2,\"name\":\"Pood\",\"item\":\"https:\/\/lustandlove.eu\/et\/pood\/\"},{\"@type\":\"ListItem\",\"position\":3,\"name\":\"Sekslelud\",\"item\":\"https:\/\/lustandlove.eu\/et\/pood\/sekslelud\/\"},{\"@type\":\"ListItem\",\"position\":4,\"name\":\"Lelude Aksessuaarid\",\"item\":\"https:\/\/lustandlove.eu\/et\/pood\/sekslelud\/lelude-aksessuaarid\/\"},{\"@type\":\"ListItem\",\"position\":5,\"name\":\"Tenga Aero Ring\"}]},{\"@type\":\"WebSite\",\"@id\":\"https:\/\/lustandlove.eu\/et\/#website\",\"url\":\"https:\/\/lustandlove.eu\/et\/\",\"name\":\"Lust &amp; Love\",\"description\":\"Online erootikapood tervise, ilu ja armastuse jaoks\",\"publisher\":{\"@id\":\"https:\/\/lustandlove.eu\/et\/#organization\"},\"potentialAction\":[{\"@type\":\"SearchAction\",\"target\":{\"@type\":\"EntryPoint\",\"urlTemplate\":\"https:\/\/lustandlove.eu\/et\/?s={search_term_string}\"},\"query-input\":\"required name=search_term_string\"}],\"inLanguage\":\"et\"},{\"@type\":\"Organization\",\"@id\":\"https:\/\/lustandlove.eu\/et\/#organization\",\"name\":\"Bioconcept Baltics O\u00dc\",\"url\":\"https:\/\/lustandlove.eu\/et\/\",\"logo\":{\"@type\":\"ImageObject\",\"inLanguage\":\"et\",\"@id\":\"https:\/\/lustandlove.eu\/et\/#\/schema\/logo\/image\/\",\"url\":\"\",\"contentUrl\":\"\",\"caption\":\"Bioconcept Baltics O\u00dc\"},\"image\":{\"@id\":\"https:\/\/lustandlove.eu\/et\/#\/schema\/logo\/image\/\"},\"sameAs\":[\"https:\/\/www.facebook.com\/LustandLoveEU\/\",\"https:\/\/www.instagram.com\/lustandloveeu\/\"]}]}<\/script>\n<!-- \/ Yoast SEO plugin. -->","yoast_head_json":{"title":"Tenga Aero Ring Masturbator 70.00\u20ac | Lust and Love","description":"TENGA\u00a0 Aero Ring is a new series of self-pleasuring sleeves, introducing a new suction technology that allows you to dial its stimulation up or down.","robots":{"index,follow,max-snippet":"index,follow,max-snippet:-1,max-image-preview:large,max-video-preview:-1"},"canonical":"https:\/\/lustandlove.eu\/et\/toode\/tenga-aero-ring\/","twitter_card":"summary_large_image","twitter_title":"Tenga Aero Ring Masturbator 70.00\u20ac | Lust and Love","twitter_description":"TENGA\u00a0 Aero Ring is a new series of self-pleasuring sleeves, introducing a new suction technology that allows you to dial its stimulation up or down.","twitter_image":"https:\/\/lustandlove.eu\/wp-content\/uploads\/product_TAH_002_3_01_sp_4x_c151dd41-570c-4978-bb45-0ea41df6f3ca_2048x2048.jpg","twitter_misc":{"Est. reading time":"2 minutit"},"schema":{"@context":"https:\/\/schema.org","@graph":[{"@type":["WebPage","ItemPage"],"@id":"https:\/\/lustandlove.eu\/et\/toode\/tenga-aero-ring\/","url":"https:\/\/lustandlove.eu\/et\/toode\/tenga-aero-ring\/","name":"Tenga Aero Ring Masturbator 70.00\u20ac | Lust and Love","isPartOf":{"@id":"https:\/\/lustandlove.eu\/et\/#website"},"primaryImageOfPage":{"@id":"https:\/\/lustandlove.eu\/et\/toode\/tenga-aero-ring\/#primaryimage"},"image":{"@id":"https:\/\/lustandlove.eu\/et\/toode\/tenga-aero-ring\/#primaryimage"},"thumbnailUrl":"https:\/\/lustandlove.eu\/wp-content\/uploads\/product_TAH_002_3_01_sp_4x_c151dd41-570c-4978-bb45-0ea41df6f3ca_2048x2048.jpg","datePublished":"2021-06-01T03:55:23+00:00","dateModified":"2025-11-14T08:46:32+00:00","description":"TENGA\u00a0 Aero Ring is a new series of self-pleasuring sleeves, introducing a new suction technology that allows you to dial its stimulation up or down.","breadcrumb":{"@id":"https:\/\/lustandlove.eu\/et\/toode\/tenga-aero-ring\/#breadcrumb"},"inLanguage":"et","potentialAction":[{"@type":"ReadAction","target":["https:\/\/lustandlove.eu\/et\/toode\/tenga-aero-ring\/"]}]},{"@type":"ImageObject","inLanguage":"et","@id":"https:\/\/lustandlove.eu\/et\/toode\/tenga-aero-ring\/#primaryimage","url":"https:\/\/lustandlove.eu\/wp-content\/uploads\/product_TAH_002_3_01_sp_4x_c151dd41-570c-4978-bb45-0ea41df6f3ca_2048x2048.jpg","contentUrl":"https:\/\/lustandlove.eu\/wp-content\/uploads\/product_TAH_002_3_01_sp_4x_c151dd41-570c-4978-bb45-0ea41df6f3ca_2048x2048.jpg","width":1000,"height":1000},{"@type":"BreadcrumbList","@id":"https:\/\/lustandlove.eu\/et\/toode\/tenga-aero-ring\/#breadcrumb","itemListElement":[{"@type":"ListItem","position":1,"name":"Lust and Love","item":"https:\/\/lustandlove.eu\/et\/"},{"@type":"ListItem","position":2,"name":"Pood","item":"https:\/\/lustandlove.eu\/et\/pood\/"},{"@type":"ListItem","position":3,"name":"Sekslelud","item":"https:\/\/lustandlove.eu\/et\/pood\/sekslelud\/"},{"@type":"ListItem","position":4,"name":"Lelude Aksessuaarid","item":"https:\/\/lustandlove.eu\/et\/pood\/sekslelud\/lelude-aksessuaarid\/"},{"@type":"ListItem","position":5,"name":"Tenga Aero Ring"}]},{"@type":"WebSite","@id":"https:\/\/lustandlove.eu\/et\/#website","url":"https:\/\/lustandlove.eu\/et\/","name":"Lust &amp; Love","description":"Online erootikapood tervise, ilu ja armastuse jaoks","publisher":{"@id":"https:\/\/lustandlove.eu\/et\/#organization"},"potentialAction":[{"@type":"SearchAction","target":{"@type":"EntryPoint","urlTemplate":"https:\/\/lustandlove.eu\/et\/?s={search_term_string}"},"query-input":"required name=search_term_string"}],"inLanguage":"et"},{"@type":"Organization","@id":"https:\/\/lustandlove.eu\/et\/#organization","name":"Bioconcept Baltics O\u00dc","url":"https:\/\/lustandlove.eu\/et\/","logo":{"@type":"ImageObject","inLanguage":"et","@id":"https:\/\/lustandlove.eu\/et\/#\/schema\/logo\/image\/","url":"","contentUrl":"","caption":"Bioconcept Baltics O\u00dc"},"image":{"@id":"https:\/\/lustandlove.eu\/et\/#\/schema\/logo\/image\/"},"sameAs":["https:\/\/www.facebook.com\/LustandLoveEU\/","https:\/\/www.instagram.com\/lustandloveeu\/"]}]}},"_links":{"self":[{"href":"https:\/\/lustandlove.eu\/et\/wp-json\/wp\/v2\/product\/44878"}],"collection":[{"href":"https:\/\/lustandlove.eu\/et\/wp-json\/wp\/v2\/product"}],"about":[{"href":"https:\/\/lustandlove.eu\/et\/wp-json\/wp\/v2\/types\/product"}],"wp:featuredmedia":[{"embeddable":true,"href":"https:\/\/lustandlove.eu\/et\/wp-json\/wp\/v2\/media\/44879"}],"wp:attachment":[{"href":"https:\/\/lustandlove.eu\/et\/wp-json\/wp\/v2\/media?parent=44878"}],"wp:term":[{"taxonomy":"product_cat","embeddable":true,"href":"https:\/\/lustandlove.eu\/et\/wp-json\/wp\/v2\/product_cat?post=44878"},{"taxonomy":"product_tag","embeddable":true,"href":"https:\/\/lustandlove.eu\/et\/wp-json\/wp\/v2\/product_tag?post=44878"}],"curies":[{"name":"wp","href":"https:\/\/api.w.org\/{rel}","templated":true}]}}