{"id":44899,"date":"2021-06-01T06:53:52","date_gmt":"2021-06-01T03:53:52","guid":{"rendered":"https:\/\/www.lustandlove.eu\/product\/ribbed-double-ended-steel-dildo\/"},"modified":"2026-04-13T10:37:16","modified_gmt":"2026-04-13T07:37:16","slug":"ribbed-double-ended-steel-dildo","status":"publish","type":"product","link":"https:\/\/lustandlove.eu\/et\/toode\/ribbed-double-ended-steel-dildo\/","title":{"rendered":"Ribbed Double-ended Steel Dildo"},"content":{"rendered":"<p>See elegantne Ribbed Double-ended Steel Dildo on kasutatav m\u00f5lemast otsast.<\/p>\n<p>\u00dches otsas on 3 \u00fcmarat palli. Teises otsas on 1 suur pall, millele j\u00e4rgneb sooniste rida. Kasuta seda vaginaalselt v\u00f5i anaalselt ja tunne maailmav\u00e4liseid sensatsioone.<\/p>\n","protected":false},"excerpt":{"rendered":"<p>See elegantne Ribbed Double-ended Steel Dildo on kasutatav m\u00f5lemast otsast. \u00dches otsas on 3 \u00fcmarat palli. Teises otsas on 1<\/p>\n","protected":false},"featured_media":44900,"template":"","meta":[],"product_brand":[4228],"product_cat":[1485,4064,1484],"product_tag":[1516],"class_list":{"0":"post-44899","1":"product","2":"type-product","3":"status-publish","4":"has-post-thumbnail","6":"product_brand-o-products-et","7":"product_cat-dildod","8":"product_cat-klaas-ja-metall","9":"product_cat-sekslelud","10":"product_tag-dildo-et","11":"pa_brand-o-products-et","13":"first","14":"instock","15":"taxable","16":"shipping-taxable","17":"purchasable","18":"product-type-simple"},"yoast_head":"<!-- This site is optimized with the Yoast SEO plugin v27.4 - https:\/\/yoast.com\/product\/yoast-seo-wordpress\/ -->\n<title>Ribbed Double-ended Steel Dildo 29.00\u20ac | Lust and Love<\/title>\n<meta name=\"description\" content=\"See elegantne Ribbed Double-ended Steel Dildo on kasutatav m\u00f5lemast otsast. \u00dches otsas on 3 \u00fcmarat palli. Teises otsas on 1 suur pall, millele j\u00e4rgneb sooniste rida. Kasuta seda vaginaalselt v\u00f5i anaalselt ja tunne maailmav\u00e4liseid sensatsioone.\" \/>\n<meta name=\"robots\" content=\"index,follow,max-snippet:-1,max-image-preview:large,max-video-preview:-1\" \/>\n<link rel=\"canonical\" href=\"https:\/\/lustandlove.eu\/et\/toode\/ribbed-double-ended-steel-dildo\/\" \/>\n<script type=\"application\/ld+json\" class=\"yoast-schema-graph\">{\"@context\":\"https:\\\/\\\/schema.org\",\"@graph\":[{\"@type\":[\"WebPage\",\"ItemPage\"],\"@id\":\"https:\\\/\\\/lustandlove.eu\\\/et\\\/toode\\\/ribbed-double-ended-steel-dildo\\\/\",\"url\":\"https:\\\/\\\/lustandlove.eu\\\/et\\\/toode\\\/ribbed-double-ended-steel-dildo\\\/\",\"name\":\"Ribbed Double-ended Steel Dildo 29.00\u20ac | Lust and Love\",\"isPartOf\":{\"@id\":\"https:\\\/\\\/lustandlove.eu\\\/et\\\/#website\"},\"primaryImageOfPage\":{\"@id\":\"https:\\\/\\\/lustandlove.eu\\\/et\\\/toode\\\/ribbed-double-ended-steel-dildo\\\/#primaryimage\"},\"image\":{\"@id\":\"https:\\\/\\\/lustandlove.eu\\\/et\\\/toode\\\/ribbed-double-ended-steel-dildo\\\/#primaryimage\"},\"thumbnailUrl\":\"https:\\\/\\\/lustandlove.eu\\\/wp-content\\\/uploads\\\/opr-3330051-01.jpg\",\"datePublished\":\"2021-06-01T03:53:52+00:00\",\"dateModified\":\"2026-04-13T07:37:16+00:00\",\"description\":\"See elegantne Ribbed Double-ended Steel Dildo on kasutatav m\u00f5lemast otsast. \u00dches otsas on 3 \u00fcmarat palli. Teises otsas on 1 suur pall, millele j\u00e4rgneb sooniste rida. Kasuta seda vaginaalselt v\u00f5i anaalselt ja tunne maailmav\u00e4liseid sensatsioone.\",\"breadcrumb\":{\"@id\":\"https:\\\/\\\/lustandlove.eu\\\/et\\\/toode\\\/ribbed-double-ended-steel-dildo\\\/#breadcrumb\"},\"inLanguage\":\"et\",\"potentialAction\":[{\"@type\":\"ReadAction\",\"target\":[\"https:\\\/\\\/lustandlove.eu\\\/et\\\/toode\\\/ribbed-double-ended-steel-dildo\\\/\"]}]},{\"@type\":\"ImageObject\",\"inLanguage\":\"et\",\"@id\":\"https:\\\/\\\/lustandlove.eu\\\/et\\\/toode\\\/ribbed-double-ended-steel-dildo\\\/#primaryimage\",\"url\":\"https:\\\/\\\/lustandlove.eu\\\/wp-content\\\/uploads\\\/opr-3330051-01.jpg\",\"contentUrl\":\"https:\\\/\\\/lustandlove.eu\\\/wp-content\\\/uploads\\\/opr-3330051-01.jpg\",\"width\":700,\"height\":450},{\"@type\":\"BreadcrumbList\",\"@id\":\"https:\\\/\\\/lustandlove.eu\\\/et\\\/toode\\\/ribbed-double-ended-steel-dildo\\\/#breadcrumb\",\"itemListElement\":[{\"@type\":\"ListItem\",\"position\":1,\"name\":\"Lust and Love\",\"item\":\"https:\\\/\\\/lustandlove.eu\\\/et\\\/\"},{\"@type\":\"ListItem\",\"position\":2,\"name\":\"Pood\",\"item\":\"https:\\\/\\\/lustandlove.eu\\\/et\\\/pood\\\/\"},{\"@type\":\"ListItem\",\"position\":3,\"name\":\"Sekslelud\",\"item\":\"https:\\\/\\\/lustandlove.eu\\\/et\\\/pood\\\/sekslelud\\\/\"},{\"@type\":\"ListItem\",\"position\":4,\"name\":\"Lelude Aksessuaarid\",\"item\":\"https:\\\/\\\/lustandlove.eu\\\/et\\\/pood\\\/sekslelud\\\/lelude-aksessuaarid\\\/\"},{\"@type\":\"ListItem\",\"position\":5,\"name\":\"Ribbed Double-ended Steel Dildo\"}]},{\"@type\":\"WebSite\",\"@id\":\"https:\\\/\\\/lustandlove.eu\\\/et\\\/#website\",\"url\":\"https:\\\/\\\/lustandlove.eu\\\/et\\\/\",\"name\":\"Lust & Love\",\"description\":\"Online erootikapood tervise, ilu ja armastuse jaoks\",\"publisher\":{\"@id\":\"https:\\\/\\\/lustandlove.eu\\\/et\\\/#organization\"},\"potentialAction\":[{\"@type\":\"SearchAction\",\"target\":{\"@type\":\"EntryPoint\",\"urlTemplate\":\"https:\\\/\\\/lustandlove.eu\\\/et\\\/?s={search_term_string}\"},\"query-input\":{\"@type\":\"PropertyValueSpecification\",\"valueRequired\":true,\"valueName\":\"search_term_string\"}}],\"inLanguage\":\"et\"},{\"@type\":\"Organization\",\"@id\":\"https:\\\/\\\/lustandlove.eu\\\/et\\\/#organization\",\"name\":\"Bioconcept Baltics O\u00dc\",\"url\":\"https:\\\/\\\/lustandlove.eu\\\/et\\\/\",\"logo\":{\"@type\":\"ImageObject\",\"inLanguage\":\"et\",\"@id\":\"https:\\\/\\\/lustandlove.eu\\\/et\\\/#\\\/schema\\\/logo\\\/image\\\/\",\"url\":\"https:\\\/\\\/lustandlove.eu\\\/wp-content\\\/uploads\\\/logo-full-2.png\",\"contentUrl\":\"https:\\\/\\\/lustandlove.eu\\\/wp-content\\\/uploads\\\/logo-full-2.png\",\"width\":837,\"height\":200,\"caption\":\"Bioconcept Baltics O\u00dc\"},\"image\":{\"@id\":\"https:\\\/\\\/lustandlove.eu\\\/et\\\/#\\\/schema\\\/logo\\\/image\\\/\"},\"sameAs\":[\"https:\\\/\\\/www.facebook.com\\\/LustandLoveEU\\\/\",\"https:\\\/\\\/www.instagram.com\\\/lustandloveeu\\\/\"]}]}<\/script>\n<!-- \/ Yoast SEO plugin. -->","yoast_head_json":{"title":"Ribbed Double-ended Steel Dildo 29.00\u20ac | Lust and Love","description":"See elegantne Ribbed Double-ended Steel Dildo on kasutatav m\u00f5lemast otsast. \u00dches otsas on 3 \u00fcmarat palli. Teises otsas on 1 suur pall, millele j\u00e4rgneb sooniste rida. Kasuta seda vaginaalselt v\u00f5i anaalselt ja tunne maailmav\u00e4liseid sensatsioone.","robots":{"index,follow,max-snippet":"index,follow,max-snippet:-1,max-image-preview:large,max-video-preview:-1"},"canonical":"https:\/\/lustandlove.eu\/et\/toode\/ribbed-double-ended-steel-dildo\/","schema":{"@context":"https:\/\/schema.org","@graph":[{"@type":["WebPage","ItemPage"],"@id":"https:\/\/lustandlove.eu\/et\/toode\/ribbed-double-ended-steel-dildo\/","url":"https:\/\/lustandlove.eu\/et\/toode\/ribbed-double-ended-steel-dildo\/","name":"Ribbed Double-ended Steel Dildo 29.00\u20ac | Lust and Love","isPartOf":{"@id":"https:\/\/lustandlove.eu\/et\/#website"},"primaryImageOfPage":{"@id":"https:\/\/lustandlove.eu\/et\/toode\/ribbed-double-ended-steel-dildo\/#primaryimage"},"image":{"@id":"https:\/\/lustandlove.eu\/et\/toode\/ribbed-double-ended-steel-dildo\/#primaryimage"},"thumbnailUrl":"https:\/\/lustandlove.eu\/wp-content\/uploads\/opr-3330051-01.jpg","datePublished":"2021-06-01T03:53:52+00:00","dateModified":"2026-04-13T07:37:16+00:00","description":"See elegantne Ribbed Double-ended Steel Dildo on kasutatav m\u00f5lemast otsast. \u00dches otsas on 3 \u00fcmarat palli. Teises otsas on 1 suur pall, millele j\u00e4rgneb sooniste rida. Kasuta seda vaginaalselt v\u00f5i anaalselt ja tunne maailmav\u00e4liseid sensatsioone.","breadcrumb":{"@id":"https:\/\/lustandlove.eu\/et\/toode\/ribbed-double-ended-steel-dildo\/#breadcrumb"},"inLanguage":"et","potentialAction":[{"@type":"ReadAction","target":["https:\/\/lustandlove.eu\/et\/toode\/ribbed-double-ended-steel-dildo\/"]}]},{"@type":"ImageObject","inLanguage":"et","@id":"https:\/\/lustandlove.eu\/et\/toode\/ribbed-double-ended-steel-dildo\/#primaryimage","url":"https:\/\/lustandlove.eu\/wp-content\/uploads\/opr-3330051-01.jpg","contentUrl":"https:\/\/lustandlove.eu\/wp-content\/uploads\/opr-3330051-01.jpg","width":700,"height":450},{"@type":"BreadcrumbList","@id":"https:\/\/lustandlove.eu\/et\/toode\/ribbed-double-ended-steel-dildo\/#breadcrumb","itemListElement":[{"@type":"ListItem","position":1,"name":"Lust and Love","item":"https:\/\/lustandlove.eu\/et\/"},{"@type":"ListItem","position":2,"name":"Pood","item":"https:\/\/lustandlove.eu\/et\/pood\/"},{"@type":"ListItem","position":3,"name":"Sekslelud","item":"https:\/\/lustandlove.eu\/et\/pood\/sekslelud\/"},{"@type":"ListItem","position":4,"name":"Lelude Aksessuaarid","item":"https:\/\/lustandlove.eu\/et\/pood\/sekslelud\/lelude-aksessuaarid\/"},{"@type":"ListItem","position":5,"name":"Ribbed Double-ended Steel Dildo"}]},{"@type":"WebSite","@id":"https:\/\/lustandlove.eu\/et\/#website","url":"https:\/\/lustandlove.eu\/et\/","name":"Lust & Love","description":"Online erootikapood tervise, ilu ja armastuse jaoks","publisher":{"@id":"https:\/\/lustandlove.eu\/et\/#organization"},"potentialAction":[{"@type":"SearchAction","target":{"@type":"EntryPoint","urlTemplate":"https:\/\/lustandlove.eu\/et\/?s={search_term_string}"},"query-input":{"@type":"PropertyValueSpecification","valueRequired":true,"valueName":"search_term_string"}}],"inLanguage":"et"},{"@type":"Organization","@id":"https:\/\/lustandlove.eu\/et\/#organization","name":"Bioconcept Baltics O\u00dc","url":"https:\/\/lustandlove.eu\/et\/","logo":{"@type":"ImageObject","inLanguage":"et","@id":"https:\/\/lustandlove.eu\/et\/#\/schema\/logo\/image\/","url":"https:\/\/lustandlove.eu\/wp-content\/uploads\/logo-full-2.png","contentUrl":"https:\/\/lustandlove.eu\/wp-content\/uploads\/logo-full-2.png","width":837,"height":200,"caption":"Bioconcept Baltics O\u00dc"},"image":{"@id":"https:\/\/lustandlove.eu\/et\/#\/schema\/logo\/image\/"},"sameAs":["https:\/\/www.facebook.com\/LustandLoveEU\/","https:\/\/www.instagram.com\/lustandloveeu\/"]}]}},"_links":{"self":[{"href":"https:\/\/lustandlove.eu\/et\/wp-json\/wp\/v2\/product\/44899","targetHints":{"allow":["GET"]}}],"collection":[{"href":"https:\/\/lustandlove.eu\/et\/wp-json\/wp\/v2\/product"}],"about":[{"href":"https:\/\/lustandlove.eu\/et\/wp-json\/wp\/v2\/types\/product"}],"wp:featuredmedia":[{"embeddable":true,"href":"https:\/\/lustandlove.eu\/et\/wp-json\/wp\/v2\/media\/44900"}],"wp:attachment":[{"href":"https:\/\/lustandlove.eu\/et\/wp-json\/wp\/v2\/media?parent=44899"}],"wp:term":[{"taxonomy":"product_brand","embeddable":true,"href":"https:\/\/lustandlove.eu\/et\/wp-json\/wp\/v2\/product_brand?post=44899"},{"taxonomy":"product_cat","embeddable":true,"href":"https:\/\/lustandlove.eu\/et\/wp-json\/wp\/v2\/product_cat?post=44899"},{"taxonomy":"product_tag","embeddable":true,"href":"https:\/\/lustandlove.eu\/et\/wp-json\/wp\/v2\/product_tag?post=44899"}],"curies":[{"name":"wp","href":"https:\/\/api.w.org\/{rel}","templated":true}]}}