{"id":44909,"date":"2021-06-01T06:53:52","date_gmt":"2021-06-01T03:53:52","guid":{"rendered":"https:\/\/www.lustandlove.eu\/product\/collar-wrist-restraints\/"},"modified":"2026-04-13T10:37:16","modified_gmt":"2026-04-13T07:37:16","slug":"collar-wrist-restraints","status":"publish","type":"product","link":"https:\/\/lustandlove.eu\/et\/toode\/collar-wrist-restraints\/","title":{"rendered":"Collar &#038; Wrist Restraints"},"content":{"rendered":"<p class=\"page-title\">Collar &amp; Wrist Restraints abil seo oma partneri k\u00e4ed selja taha, et neid ohjata m\u00f5nuks. L\u00f5bus komplekt et alustada ja vaadata, kuidas BDSM m\u00e4ngud meeldivad. Kinnitatavate pannaldega saad t\u00f5kestada partneri liikuvust, nii, et p\u00f5genemine poleks v\u00f5imalik. Leia viis koos partneriga, ta keha kinnitada t\u00e4ielikuks alistuseks, kasutades komplekti riidest neopreen kaelarihma ja k\u00e4eraudu.<\/p>\n","protected":false},"excerpt":{"rendered":"<p>Collar &amp; Wrist Restraints abil seo oma partneri k\u00e4ed selja taha, et neid ohjata m\u00f5nuks. L\u00f5bus komplekt et alustada ja<\/p>\n","protected":false},"featured_media":44910,"template":"","meta":[],"product_brand":[4228],"product_cat":[1470,4001],"product_tag":[],"class_list":{"0":"post-44909","1":"product","2":"type-product","3":"status-publish","4":"has-post-thumbnail","6":"product_brand-o-products-et","7":"product_cat-bdsm-et","8":"product_cat-lobutooted","9":"pa_brand-o-products-et","11":"first","12":"instock","13":"taxable","14":"shipping-taxable","15":"purchasable","16":"product-type-simple"},"yoast_head":"<!-- This site is optimized with the Yoast SEO plugin v27.3 - https:\/\/yoast.com\/product\/yoast-seo-wordpress\/ -->\n<title>Collar &amp; Wrist Restraints BDSM 12.50\u20ac | Lust and Love<\/title>\n<meta name=\"description\" content=\"Collar &amp; Wrist Restraints abil seo oma partneri k\u00e4ed selja taha, et neid ohjata m\u00f5nuks. L\u00f5bus komplekt et alustada ja vaadata, kuidas BDSM m\u00e4ngud meeldivad.\" \/>\n<meta name=\"robots\" content=\"index,follow,max-snippet:-1,max-image-preview:large,max-video-preview:-1\" \/>\n<link rel=\"canonical\" href=\"https:\/\/lustandlove.eu\/et\/toode\/collar-wrist-restraints\/\" \/>\n<meta name=\"twitter:card\" content=\"summary_large_image\" \/>\n<meta name=\"twitter:title\" content=\"Collar &amp; Wrist Restraints BDSM 12.50\u20ac | Lust and Love\" \/>\n<meta name=\"twitter:description\" content=\"Collar &amp; Wrist Restraints abil seo oma partneri k\u00e4ed selja taha, et neid ohjata m\u00f5nuks. L\u00f5bus komplekt et alustada ja vaadata, kuidas BDSM m\u00e4ngud meeldivad.\" \/>\n<meta name=\"twitter:image\" content=\"https:\/\/lustandlove.eu\/wp-content\/uploads\/opr-321066-03.jpg\" \/>\n<meta name=\"twitter:label1\" content=\"Est. reading time\" \/>\n\t<meta name=\"twitter:data1\" content=\"1 minut\" \/>\n<script type=\"application\/ld+json\" class=\"yoast-schema-graph\">{\"@context\":\"https:\\\/\\\/schema.org\",\"@graph\":[{\"@type\":[\"WebPage\",\"ItemPage\"],\"@id\":\"https:\\\/\\\/lustandlove.eu\\\/et\\\/toode\\\/collar-wrist-restraints\\\/\",\"url\":\"https:\\\/\\\/lustandlove.eu\\\/et\\\/toode\\\/collar-wrist-restraints\\\/\",\"name\":\"Collar & Wrist Restraints BDSM 12.50\u20ac | Lust and Love\",\"isPartOf\":{\"@id\":\"https:\\\/\\\/lustandlove.eu\\\/et\\\/#website\"},\"primaryImageOfPage\":{\"@id\":\"https:\\\/\\\/lustandlove.eu\\\/et\\\/toode\\\/collar-wrist-restraints\\\/#primaryimage\"},\"image\":{\"@id\":\"https:\\\/\\\/lustandlove.eu\\\/et\\\/toode\\\/collar-wrist-restraints\\\/#primaryimage\"},\"thumbnailUrl\":\"https:\\\/\\\/lustandlove.eu\\\/wp-content\\\/uploads\\\/opr-321066-03.jpg\",\"datePublished\":\"2021-06-01T03:53:52+00:00\",\"dateModified\":\"2026-04-13T07:37:16+00:00\",\"description\":\"Collar & Wrist Restraints abil seo oma partneri k\u00e4ed selja taha, et neid ohjata m\u00f5nuks. L\u00f5bus komplekt et alustada ja vaadata, kuidas BDSM m\u00e4ngud meeldivad.\",\"breadcrumb\":{\"@id\":\"https:\\\/\\\/lustandlove.eu\\\/et\\\/toode\\\/collar-wrist-restraints\\\/#breadcrumb\"},\"inLanguage\":\"et\",\"potentialAction\":[{\"@type\":\"ReadAction\",\"target\":[\"https:\\\/\\\/lustandlove.eu\\\/et\\\/toode\\\/collar-wrist-restraints\\\/\"]}]},{\"@type\":\"ImageObject\",\"inLanguage\":\"et\",\"@id\":\"https:\\\/\\\/lustandlove.eu\\\/et\\\/toode\\\/collar-wrist-restraints\\\/#primaryimage\",\"url\":\"https:\\\/\\\/lustandlove.eu\\\/wp-content\\\/uploads\\\/opr-321066-03.jpg\",\"contentUrl\":\"https:\\\/\\\/lustandlove.eu\\\/wp-content\\\/uploads\\\/opr-321066-03.jpg\",\"width\":700,\"height\":450},{\"@type\":\"BreadcrumbList\",\"@id\":\"https:\\\/\\\/lustandlove.eu\\\/et\\\/toode\\\/collar-wrist-restraints\\\/#breadcrumb\",\"itemListElement\":[{\"@type\":\"ListItem\",\"position\":1,\"name\":\"Lust and Love\",\"item\":\"https:\\\/\\\/lustandlove.eu\\\/et\\\/\"},{\"@type\":\"ListItem\",\"position\":2,\"name\":\"Pood\",\"item\":\"https:\\\/\\\/lustandlove.eu\\\/et\\\/pood\\\/\"},{\"@type\":\"ListItem\",\"position\":3,\"name\":\"BDSM\",\"item\":\"https:\\\/\\\/lustandlove.eu\\\/et\\\/pood\\\/bdsm-et\\\/\"},{\"@type\":\"ListItem\",\"position\":4,\"name\":\"L\u00f5butooted\",\"item\":\"https:\\\/\\\/lustandlove.eu\\\/et\\\/pood\\\/bdsm-et\\\/lobutooted\\\/\"},{\"@type\":\"ListItem\",\"position\":5,\"name\":\"Collar &#038; Wrist Restraints\"}]},{\"@type\":\"WebSite\",\"@id\":\"https:\\\/\\\/lustandlove.eu\\\/et\\\/#website\",\"url\":\"https:\\\/\\\/lustandlove.eu\\\/et\\\/\",\"name\":\"Lust &amp; Love\",\"description\":\"Online erootikapood tervise, ilu ja armastuse jaoks\",\"publisher\":{\"@id\":\"https:\\\/\\\/lustandlove.eu\\\/et\\\/#organization\"},\"potentialAction\":[{\"@type\":\"SearchAction\",\"target\":{\"@type\":\"EntryPoint\",\"urlTemplate\":\"https:\\\/\\\/lustandlove.eu\\\/et\\\/?s={search_term_string}\"},\"query-input\":{\"@type\":\"PropertyValueSpecification\",\"valueRequired\":true,\"valueName\":\"search_term_string\"}}],\"inLanguage\":\"et\"},{\"@type\":\"Organization\",\"@id\":\"https:\\\/\\\/lustandlove.eu\\\/et\\\/#organization\",\"name\":\"Bioconcept Baltics O\u00dc\",\"url\":\"https:\\\/\\\/lustandlove.eu\\\/et\\\/\",\"logo\":{\"@type\":\"ImageObject\",\"inLanguage\":\"et\",\"@id\":\"https:\\\/\\\/lustandlove.eu\\\/et\\\/#\\\/schema\\\/logo\\\/image\\\/\",\"url\":\"\",\"contentUrl\":\"\",\"caption\":\"Bioconcept Baltics O\u00dc\"},\"image\":{\"@id\":\"https:\\\/\\\/lustandlove.eu\\\/et\\\/#\\\/schema\\\/logo\\\/image\\\/\"},\"sameAs\":[\"https:\\\/\\\/www.facebook.com\\\/LustandLoveEU\\\/\",\"https:\\\/\\\/www.instagram.com\\\/lustandloveeu\\\/\"]}]}<\/script>\n<!-- \/ Yoast SEO plugin. -->","yoast_head_json":{"title":"Collar & Wrist Restraints BDSM 12.50\u20ac | Lust and Love","description":"Collar & Wrist Restraints abil seo oma partneri k\u00e4ed selja taha, et neid ohjata m\u00f5nuks. L\u00f5bus komplekt et alustada ja vaadata, kuidas BDSM m\u00e4ngud meeldivad.","robots":{"index,follow,max-snippet":"index,follow,max-snippet:-1,max-image-preview:large,max-video-preview:-1"},"canonical":"https:\/\/lustandlove.eu\/et\/toode\/collar-wrist-restraints\/","twitter_card":"summary_large_image","twitter_title":"Collar & Wrist Restraints BDSM 12.50\u20ac | Lust and Love","twitter_description":"Collar & Wrist Restraints abil seo oma partneri k\u00e4ed selja taha, et neid ohjata m\u00f5nuks. L\u00f5bus komplekt et alustada ja vaadata, kuidas BDSM m\u00e4ngud meeldivad.","twitter_image":"https:\/\/lustandlove.eu\/wp-content\/uploads\/opr-321066-03.jpg","twitter_misc":{"Est. reading time":"1 minut"},"schema":{"@context":"https:\/\/schema.org","@graph":[{"@type":["WebPage","ItemPage"],"@id":"https:\/\/lustandlove.eu\/et\/toode\/collar-wrist-restraints\/","url":"https:\/\/lustandlove.eu\/et\/toode\/collar-wrist-restraints\/","name":"Collar & Wrist Restraints BDSM 12.50\u20ac | Lust and Love","isPartOf":{"@id":"https:\/\/lustandlove.eu\/et\/#website"},"primaryImageOfPage":{"@id":"https:\/\/lustandlove.eu\/et\/toode\/collar-wrist-restraints\/#primaryimage"},"image":{"@id":"https:\/\/lustandlove.eu\/et\/toode\/collar-wrist-restraints\/#primaryimage"},"thumbnailUrl":"https:\/\/lustandlove.eu\/wp-content\/uploads\/opr-321066-03.jpg","datePublished":"2021-06-01T03:53:52+00:00","dateModified":"2026-04-13T07:37:16+00:00","description":"Collar & Wrist Restraints abil seo oma partneri k\u00e4ed selja taha, et neid ohjata m\u00f5nuks. L\u00f5bus komplekt et alustada ja vaadata, kuidas BDSM m\u00e4ngud meeldivad.","breadcrumb":{"@id":"https:\/\/lustandlove.eu\/et\/toode\/collar-wrist-restraints\/#breadcrumb"},"inLanguage":"et","potentialAction":[{"@type":"ReadAction","target":["https:\/\/lustandlove.eu\/et\/toode\/collar-wrist-restraints\/"]}]},{"@type":"ImageObject","inLanguage":"et","@id":"https:\/\/lustandlove.eu\/et\/toode\/collar-wrist-restraints\/#primaryimage","url":"https:\/\/lustandlove.eu\/wp-content\/uploads\/opr-321066-03.jpg","contentUrl":"https:\/\/lustandlove.eu\/wp-content\/uploads\/opr-321066-03.jpg","width":700,"height":450},{"@type":"BreadcrumbList","@id":"https:\/\/lustandlove.eu\/et\/toode\/collar-wrist-restraints\/#breadcrumb","itemListElement":[{"@type":"ListItem","position":1,"name":"Lust and Love","item":"https:\/\/lustandlove.eu\/et\/"},{"@type":"ListItem","position":2,"name":"Pood","item":"https:\/\/lustandlove.eu\/et\/pood\/"},{"@type":"ListItem","position":3,"name":"BDSM","item":"https:\/\/lustandlove.eu\/et\/pood\/bdsm-et\/"},{"@type":"ListItem","position":4,"name":"L\u00f5butooted","item":"https:\/\/lustandlove.eu\/et\/pood\/bdsm-et\/lobutooted\/"},{"@type":"ListItem","position":5,"name":"Collar &#038; Wrist Restraints"}]},{"@type":"WebSite","@id":"https:\/\/lustandlove.eu\/et\/#website","url":"https:\/\/lustandlove.eu\/et\/","name":"Lust &amp; Love","description":"Online erootikapood tervise, ilu ja armastuse jaoks","publisher":{"@id":"https:\/\/lustandlove.eu\/et\/#organization"},"potentialAction":[{"@type":"SearchAction","target":{"@type":"EntryPoint","urlTemplate":"https:\/\/lustandlove.eu\/et\/?s={search_term_string}"},"query-input":{"@type":"PropertyValueSpecification","valueRequired":true,"valueName":"search_term_string"}}],"inLanguage":"et"},{"@type":"Organization","@id":"https:\/\/lustandlove.eu\/et\/#organization","name":"Bioconcept Baltics O\u00dc","url":"https:\/\/lustandlove.eu\/et\/","logo":{"@type":"ImageObject","inLanguage":"et","@id":"https:\/\/lustandlove.eu\/et\/#\/schema\/logo\/image\/","url":"","contentUrl":"","caption":"Bioconcept Baltics O\u00dc"},"image":{"@id":"https:\/\/lustandlove.eu\/et\/#\/schema\/logo\/image\/"},"sameAs":["https:\/\/www.facebook.com\/LustandLoveEU\/","https:\/\/www.instagram.com\/lustandloveeu\/"]}]}},"_links":{"self":[{"href":"https:\/\/lustandlove.eu\/et\/wp-json\/wp\/v2\/product\/44909","targetHints":{"allow":["GET"]}}],"collection":[{"href":"https:\/\/lustandlove.eu\/et\/wp-json\/wp\/v2\/product"}],"about":[{"href":"https:\/\/lustandlove.eu\/et\/wp-json\/wp\/v2\/types\/product"}],"wp:featuredmedia":[{"embeddable":true,"href":"https:\/\/lustandlove.eu\/et\/wp-json\/wp\/v2\/media\/44910"}],"wp:attachment":[{"href":"https:\/\/lustandlove.eu\/et\/wp-json\/wp\/v2\/media?parent=44909"}],"wp:term":[{"taxonomy":"product_brand","embeddable":true,"href":"https:\/\/lustandlove.eu\/et\/wp-json\/wp\/v2\/product_brand?post=44909"},{"taxonomy":"product_cat","embeddable":true,"href":"https:\/\/lustandlove.eu\/et\/wp-json\/wp\/v2\/product_cat?post=44909"},{"taxonomy":"product_tag","embeddable":true,"href":"https:\/\/lustandlove.eu\/et\/wp-json\/wp\/v2\/product_tag?post=44909"}],"curies":[{"name":"wp","href":"https:\/\/api.w.org\/{rel}","templated":true}]}}