{"id":44920,"date":"2021-06-01T06:53:30","date_gmt":"2021-06-01T03:53:30","guid":{"rendered":"https:\/\/www.lustandlove.eu\/product\/bdsm-hood-eyes-only\/"},"modified":"2026-04-13T10:37:18","modified_gmt":"2026-04-13T07:37:18","slug":"bdsm-hood-eyes-only","status":"publish","type":"product","link":"https:\/\/lustandlove.eu\/et\/toode\/bdsm-hood-eyes-only\/","title":{"rendered":"BDSM Hood Eyes Only"},"content":{"rendered":"<p>Mugav musta v\u00e4rvi BDSM Hood Eyes Only mask j\u00e4tab ruumi silmadele, aga mitte suule. Veniv materjal on piidavalt \u00f5huke, et saaks l\u00e4bi nina hingata. V\u00f5id maski kanda n\u00e4iteks fetishite peol v\u00f5i ole \u00e4ra tundmatu pimekohtingul. Sobilik BDSM\u2019i algajatele. Mask annab sulle sensuaalset p\u00f5nevust. Kas sulle meeldib, mis ta teeb?<\/p>\n<p>Mugav kanda, kinnine suu, aga avatud silmad, Pehme materjal BDSM m\u00e4ngudeks.<\/p>\n","protected":false},"excerpt":{"rendered":"<p>Mugav musta v\u00e4rvi BDSM Hood Eyes Only mask j\u00e4tab ruumi silmadele, aga mitte suule. Veniv materjal on piidavalt \u00f5huke, et<\/p>\n","protected":false},"featured_media":44921,"template":"","meta":[],"product_brand":[4228],"product_cat":[1470,1472],"product_tag":[3774],"class_list":{"0":"post-44920","1":"product","2":"type-product","3":"status-publish","4":"has-post-thumbnail","6":"product_brand-o-products-et","7":"product_cat-bdsm-et","8":"product_cat-silmakatted-ja-maskid","9":"product_tag-kutsika-mang","10":"pa_brand-o-products-et","12":"first","13":"instock","14":"taxable","15":"shipping-taxable","16":"purchasable","17":"product-type-simple"},"yoast_head":"<!-- This site is optimized with the Yoast SEO plugin v27.3 - https:\/\/yoast.com\/product\/yoast-seo-wordpress\/ -->\n<title>BDSM Hood Eyes Only mask 22.00\u20ac | Lust and Love<\/title>\n<meta name=\"description\" content=\"Mugav musta v\u00e4rvi BDSM Hood Eyes Only mask j\u00e4tab ruumi silmadele, aga mitte suule. Veniv materjal on piidavalt \u00f5huke, et saaks l\u00e4bi nina hingata. V\u00f5id maski kanda n\u00e4iteks fetishite peol v\u00f5i ole \u00e4ra tundmatu pimekohtingul. Sobilik BDSM\u2019i algajatele.\" \/>\n<meta name=\"robots\" content=\"index,follow,max-snippet:-1,max-image-preview:large,max-video-preview:-1\" \/>\n<link rel=\"canonical\" href=\"https:\/\/lustandlove.eu\/et\/toode\/bdsm-hood-eyes-only\/\" \/>\n<meta name=\"twitter:card\" content=\"summary_large_image\" \/>\n<meta name=\"twitter:title\" content=\"BDSM Hood Eyes Only mask 22.00\u20ac | Lust and Love\" \/>\n<meta name=\"twitter:description\" content=\"Mugav musta v\u00e4rvi BDSM Hood Eyes Only mask j\u00e4tab ruumi silmadele, aga mitte suule. Veniv materjal on piidavalt \u00f5huke, et saaks l\u00e4bi nina hingata. V\u00f5id maski kanda n\u00e4iteks fetishite peol v\u00f5i ole \u00e4ra tundmatu pimekohtingul. Sobilik BDSM\u2019i algajatele.\" \/>\n<meta name=\"twitter:image\" content=\"https:\/\/lustandlove.eu\/wp-content\/uploads\/opr-321022-01.jpg\" \/>\n<meta name=\"twitter:label1\" content=\"Est. reading time\" \/>\n\t<meta name=\"twitter:data1\" content=\"1 minut\" \/>\n<script type=\"application\/ld+json\" class=\"yoast-schema-graph\">{\"@context\":\"https:\\\/\\\/schema.org\",\"@graph\":[{\"@type\":[\"WebPage\",\"ItemPage\"],\"@id\":\"https:\\\/\\\/lustandlove.eu\\\/et\\\/toode\\\/bdsm-hood-eyes-only\\\/\",\"url\":\"https:\\\/\\\/lustandlove.eu\\\/et\\\/toode\\\/bdsm-hood-eyes-only\\\/\",\"name\":\"BDSM Hood Eyes Only mask 22.00\u20ac | Lust and Love\",\"isPartOf\":{\"@id\":\"https:\\\/\\\/lustandlove.eu\\\/et\\\/#website\"},\"primaryImageOfPage\":{\"@id\":\"https:\\\/\\\/lustandlove.eu\\\/et\\\/toode\\\/bdsm-hood-eyes-only\\\/#primaryimage\"},\"image\":{\"@id\":\"https:\\\/\\\/lustandlove.eu\\\/et\\\/toode\\\/bdsm-hood-eyes-only\\\/#primaryimage\"},\"thumbnailUrl\":\"https:\\\/\\\/lustandlove.eu\\\/wp-content\\\/uploads\\\/opr-321022-01.jpg\",\"datePublished\":\"2021-06-01T03:53:30+00:00\",\"dateModified\":\"2026-04-13T07:37:18+00:00\",\"description\":\"Mugav musta v\u00e4rvi BDSM Hood Eyes Only mask j\u00e4tab ruumi silmadele, aga mitte suule. Veniv materjal on piidavalt \u00f5huke, et saaks l\u00e4bi nina hingata. V\u00f5id maski kanda n\u00e4iteks fetishite peol v\u00f5i ole \u00e4ra tundmatu pimekohtingul. Sobilik BDSM\u2019i algajatele.\",\"breadcrumb\":{\"@id\":\"https:\\\/\\\/lustandlove.eu\\\/et\\\/toode\\\/bdsm-hood-eyes-only\\\/#breadcrumb\"},\"inLanguage\":\"et\",\"potentialAction\":[{\"@type\":\"ReadAction\",\"target\":[\"https:\\\/\\\/lustandlove.eu\\\/et\\\/toode\\\/bdsm-hood-eyes-only\\\/\"]}]},{\"@type\":\"ImageObject\",\"inLanguage\":\"et\",\"@id\":\"https:\\\/\\\/lustandlove.eu\\\/et\\\/toode\\\/bdsm-hood-eyes-only\\\/#primaryimage\",\"url\":\"https:\\\/\\\/lustandlove.eu\\\/wp-content\\\/uploads\\\/opr-321022-01.jpg\",\"contentUrl\":\"https:\\\/\\\/lustandlove.eu\\\/wp-content\\\/uploads\\\/opr-321022-01.jpg\",\"width\":700,\"height\":450},{\"@type\":\"BreadcrumbList\",\"@id\":\"https:\\\/\\\/lustandlove.eu\\\/et\\\/toode\\\/bdsm-hood-eyes-only\\\/#breadcrumb\",\"itemListElement\":[{\"@type\":\"ListItem\",\"position\":1,\"name\":\"Lust and Love\",\"item\":\"https:\\\/\\\/lustandlove.eu\\\/et\\\/\"},{\"@type\":\"ListItem\",\"position\":2,\"name\":\"Pood\",\"item\":\"https:\\\/\\\/lustandlove.eu\\\/et\\\/pood\\\/\"},{\"@type\":\"ListItem\",\"position\":3,\"name\":\"BDSM Hood Eyes Only\"}]},{\"@type\":\"WebSite\",\"@id\":\"https:\\\/\\\/lustandlove.eu\\\/et\\\/#website\",\"url\":\"https:\\\/\\\/lustandlove.eu\\\/et\\\/\",\"name\":\"Lust &amp; Love\",\"description\":\"Online erootikapood tervise, ilu ja armastuse jaoks\",\"publisher\":{\"@id\":\"https:\\\/\\\/lustandlove.eu\\\/et\\\/#organization\"},\"potentialAction\":[{\"@type\":\"SearchAction\",\"target\":{\"@type\":\"EntryPoint\",\"urlTemplate\":\"https:\\\/\\\/lustandlove.eu\\\/et\\\/?s={search_term_string}\"},\"query-input\":{\"@type\":\"PropertyValueSpecification\",\"valueRequired\":true,\"valueName\":\"search_term_string\"}}],\"inLanguage\":\"et\"},{\"@type\":\"Organization\",\"@id\":\"https:\\\/\\\/lustandlove.eu\\\/et\\\/#organization\",\"name\":\"Bioconcept Baltics O\u00dc\",\"url\":\"https:\\\/\\\/lustandlove.eu\\\/et\\\/\",\"logo\":{\"@type\":\"ImageObject\",\"inLanguage\":\"et\",\"@id\":\"https:\\\/\\\/lustandlove.eu\\\/et\\\/#\\\/schema\\\/logo\\\/image\\\/\",\"url\":\"\",\"contentUrl\":\"\",\"caption\":\"Bioconcept Baltics O\u00dc\"},\"image\":{\"@id\":\"https:\\\/\\\/lustandlove.eu\\\/et\\\/#\\\/schema\\\/logo\\\/image\\\/\"},\"sameAs\":[\"https:\\\/\\\/www.facebook.com\\\/LustandLoveEU\\\/\",\"https:\\\/\\\/www.instagram.com\\\/lustandloveeu\\\/\"]}]}<\/script>\n<!-- \/ Yoast SEO plugin. -->","yoast_head_json":{"title":"BDSM Hood Eyes Only mask 22.00\u20ac | Lust and Love","description":"Mugav musta v\u00e4rvi BDSM Hood Eyes Only mask j\u00e4tab ruumi silmadele, aga mitte suule. Veniv materjal on piidavalt \u00f5huke, et saaks l\u00e4bi nina hingata. V\u00f5id maski kanda n\u00e4iteks fetishite peol v\u00f5i ole \u00e4ra tundmatu pimekohtingul. Sobilik BDSM\u2019i algajatele.","robots":{"index,follow,max-snippet":"index,follow,max-snippet:-1,max-image-preview:large,max-video-preview:-1"},"canonical":"https:\/\/lustandlove.eu\/et\/toode\/bdsm-hood-eyes-only\/","twitter_card":"summary_large_image","twitter_title":"BDSM Hood Eyes Only mask 22.00\u20ac | Lust and Love","twitter_description":"Mugav musta v\u00e4rvi BDSM Hood Eyes Only mask j\u00e4tab ruumi silmadele, aga mitte suule. Veniv materjal on piidavalt \u00f5huke, et saaks l\u00e4bi nina hingata. V\u00f5id maski kanda n\u00e4iteks fetishite peol v\u00f5i ole \u00e4ra tundmatu pimekohtingul. Sobilik BDSM\u2019i algajatele.","twitter_image":"https:\/\/lustandlove.eu\/wp-content\/uploads\/opr-321022-01.jpg","twitter_misc":{"Est. reading time":"1 minut"},"schema":{"@context":"https:\/\/schema.org","@graph":[{"@type":["WebPage","ItemPage"],"@id":"https:\/\/lustandlove.eu\/et\/toode\/bdsm-hood-eyes-only\/","url":"https:\/\/lustandlove.eu\/et\/toode\/bdsm-hood-eyes-only\/","name":"BDSM Hood Eyes Only mask 22.00\u20ac | Lust and Love","isPartOf":{"@id":"https:\/\/lustandlove.eu\/et\/#website"},"primaryImageOfPage":{"@id":"https:\/\/lustandlove.eu\/et\/toode\/bdsm-hood-eyes-only\/#primaryimage"},"image":{"@id":"https:\/\/lustandlove.eu\/et\/toode\/bdsm-hood-eyes-only\/#primaryimage"},"thumbnailUrl":"https:\/\/lustandlove.eu\/wp-content\/uploads\/opr-321022-01.jpg","datePublished":"2021-06-01T03:53:30+00:00","dateModified":"2026-04-13T07:37:18+00:00","description":"Mugav musta v\u00e4rvi BDSM Hood Eyes Only mask j\u00e4tab ruumi silmadele, aga mitte suule. Veniv materjal on piidavalt \u00f5huke, et saaks l\u00e4bi nina hingata. V\u00f5id maski kanda n\u00e4iteks fetishite peol v\u00f5i ole \u00e4ra tundmatu pimekohtingul. Sobilik BDSM\u2019i algajatele.","breadcrumb":{"@id":"https:\/\/lustandlove.eu\/et\/toode\/bdsm-hood-eyes-only\/#breadcrumb"},"inLanguage":"et","potentialAction":[{"@type":"ReadAction","target":["https:\/\/lustandlove.eu\/et\/toode\/bdsm-hood-eyes-only\/"]}]},{"@type":"ImageObject","inLanguage":"et","@id":"https:\/\/lustandlove.eu\/et\/toode\/bdsm-hood-eyes-only\/#primaryimage","url":"https:\/\/lustandlove.eu\/wp-content\/uploads\/opr-321022-01.jpg","contentUrl":"https:\/\/lustandlove.eu\/wp-content\/uploads\/opr-321022-01.jpg","width":700,"height":450},{"@type":"BreadcrumbList","@id":"https:\/\/lustandlove.eu\/et\/toode\/bdsm-hood-eyes-only\/#breadcrumb","itemListElement":[{"@type":"ListItem","position":1,"name":"Lust and Love","item":"https:\/\/lustandlove.eu\/et\/"},{"@type":"ListItem","position":2,"name":"Pood","item":"https:\/\/lustandlove.eu\/et\/pood\/"},{"@type":"ListItem","position":3,"name":"BDSM Hood Eyes Only"}]},{"@type":"WebSite","@id":"https:\/\/lustandlove.eu\/et\/#website","url":"https:\/\/lustandlove.eu\/et\/","name":"Lust &amp; Love","description":"Online erootikapood tervise, ilu ja armastuse jaoks","publisher":{"@id":"https:\/\/lustandlove.eu\/et\/#organization"},"potentialAction":[{"@type":"SearchAction","target":{"@type":"EntryPoint","urlTemplate":"https:\/\/lustandlove.eu\/et\/?s={search_term_string}"},"query-input":{"@type":"PropertyValueSpecification","valueRequired":true,"valueName":"search_term_string"}}],"inLanguage":"et"},{"@type":"Organization","@id":"https:\/\/lustandlove.eu\/et\/#organization","name":"Bioconcept Baltics O\u00dc","url":"https:\/\/lustandlove.eu\/et\/","logo":{"@type":"ImageObject","inLanguage":"et","@id":"https:\/\/lustandlove.eu\/et\/#\/schema\/logo\/image\/","url":"","contentUrl":"","caption":"Bioconcept Baltics O\u00dc"},"image":{"@id":"https:\/\/lustandlove.eu\/et\/#\/schema\/logo\/image\/"},"sameAs":["https:\/\/www.facebook.com\/LustandLoveEU\/","https:\/\/www.instagram.com\/lustandloveeu\/"]}]}},"_links":{"self":[{"href":"https:\/\/lustandlove.eu\/et\/wp-json\/wp\/v2\/product\/44920","targetHints":{"allow":["GET"]}}],"collection":[{"href":"https:\/\/lustandlove.eu\/et\/wp-json\/wp\/v2\/product"}],"about":[{"href":"https:\/\/lustandlove.eu\/et\/wp-json\/wp\/v2\/types\/product"}],"wp:featuredmedia":[{"embeddable":true,"href":"https:\/\/lustandlove.eu\/et\/wp-json\/wp\/v2\/media\/44921"}],"wp:attachment":[{"href":"https:\/\/lustandlove.eu\/et\/wp-json\/wp\/v2\/media?parent=44920"}],"wp:term":[{"taxonomy":"product_brand","embeddable":true,"href":"https:\/\/lustandlove.eu\/et\/wp-json\/wp\/v2\/product_brand?post=44920"},{"taxonomy":"product_cat","embeddable":true,"href":"https:\/\/lustandlove.eu\/et\/wp-json\/wp\/v2\/product_cat?post=44920"},{"taxonomy":"product_tag","embeddable":true,"href":"https:\/\/lustandlove.eu\/et\/wp-json\/wp\/v2\/product_tag?post=44920"}],"curies":[{"name":"wp","href":"https:\/\/api.w.org\/{rel}","templated":true}]}}