{"id":44925,"date":"2021-06-01T06:53:30","date_gmt":"2021-06-01T03:53:30","guid":{"rendered":"https:\/\/www.lustandlove.eu\/product\/black-bdsm-hood-blind\/"},"modified":"2026-04-13T10:37:17","modified_gmt":"2026-04-13T07:37:17","slug":"black-bdsm-hood-blind","status":"publish","type":"product","link":"https:\/\/lustandlove.eu\/et\/toode\/black-bdsm-hood-blind\/","title":{"rendered":"Black BDSM Hood Blind"},"content":{"rendered":"<p>Mugav Black BDSM Hood Blind mask sobib ideaalselt su pea \u00fcmber. Veniv materjal on piisavalt \u00f5htuke, et oleks mugav hingata l\u00e4bi nina. V\u00f5id maski kanda n\u00e4iteks fetishite peol v\u00f5i ole \u00e4ra tundmatu pimekohtingul. Sobilik BDSM\u2019i algajatele. Mask annab sulle sensuaalset p\u00f5nevust ja hea asi maskiga on, et partner ei n\u00e4e su n\u00e4gu \u00fcldse. Kas sulle meeldib, mis ta teeb v\u00f5i ei.<\/p>\n<p>Mugav kanda, suletud suu ja silmad. Pehme materjal BDSM kasutuseks.<\/p>\n","protected":false},"excerpt":{"rendered":"<p>Mugav Black BDSM Hood Blind mask sobib ideaalselt su pea \u00fcmber. Veniv materjal on piisavalt \u00f5htuke, et oleks mugav hingata<\/p>\n","protected":false},"featured_media":44926,"template":"","meta":[],"product_brand":[4228],"product_cat":[1470,1472],"product_tag":[],"class_list":{"0":"post-44925","1":"product","2":"type-product","3":"status-publish","4":"has-post-thumbnail","6":"product_brand-o-products-et","7":"product_cat-bdsm-et","8":"product_cat-silmakatted-ja-maskid","9":"pa_brand-o-products-et","11":"first","12":"instock","13":"taxable","14":"shipping-taxable","15":"purchasable","16":"product-type-simple"},"yoast_head":"<!-- This site is optimized with the Yoast SEO plugin v27.3 - https:\/\/yoast.com\/product\/yoast-seo-wordpress\/ -->\n<title>Black BDSM Hood Blind mask 22.00\u20ac | Lust and Love<\/title>\n<meta name=\"description\" content=\"Mugav Black BDSM Hood Blind mask sobib ideaalselt su pea \u00fcmber. Veniv materjal on piisavalt \u00f5htuke, et oleks mugav hingata l\u00e4bi nina. V\u00f5id maski kanda n\u00e4iteks fetishite peol v\u00f5i ole \u00e4ra tundmatu pimekohtingul. Sobilik BDSM\u2019i algajatele. Mask annab sulle sensuaalset p\u00f5nevust ja hea asi maskiga on, et partner ei n\u00e4e su n\u00e4gu \u00fcldse. Kas sulle meeldib, mis ta teeb v\u00f5i ei. Mugav kanda, suletud suu ja silmad. Pehme materjal BDSM kasutuseks.\" \/>\n<meta name=\"robots\" content=\"index,follow,max-snippet:-1,max-image-preview:large,max-video-preview:-1\" \/>\n<link rel=\"canonical\" href=\"https:\/\/lustandlove.eu\/et\/toode\/black-bdsm-hood-blind\/\" \/>\n<meta name=\"twitter:card\" content=\"summary_large_image\" \/>\n<meta name=\"twitter:title\" content=\"Black BDSM Hood Blind mask 22.00\u20ac | Lust and Love\" \/>\n<meta name=\"twitter:description\" content=\"Mugav Black BDSM Hood Blind mask sobib ideaalselt su pea \u00fcmber. Veniv materjal on piisavalt \u00f5htuke, et oleks mugav hingata l\u00e4bi nina. V\u00f5id maski kanda n\u00e4iteks fetishite peol v\u00f5i ole \u00e4ra tundmatu pimekohtingul. Sobilik BDSM\u2019i algajatele. Mask annab sulle sensuaalset p\u00f5nevust ja hea asi maskiga on, et partner ei n\u00e4e su n\u00e4gu \u00fcldse. Kas sulle meeldib, mis ta teeb v\u00f5i ei. Mugav kanda, suletud suu ja silmad. Pehme materjal BDSM kasutuseks.\" \/>\n<meta name=\"twitter:image\" content=\"https:\/\/lustandlove.eu\/wp-content\/uploads\/opr-321021-01.jpg\" \/>\n<meta name=\"twitter:label1\" content=\"Est. reading time\" \/>\n\t<meta name=\"twitter:data1\" content=\"1 minut\" \/>\n<script type=\"application\/ld+json\" class=\"yoast-schema-graph\">{\"@context\":\"https:\\\/\\\/schema.org\",\"@graph\":[{\"@type\":[\"WebPage\",\"ItemPage\"],\"@id\":\"https:\\\/\\\/lustandlove.eu\\\/et\\\/toode\\\/black-bdsm-hood-blind\\\/\",\"url\":\"https:\\\/\\\/lustandlove.eu\\\/et\\\/toode\\\/black-bdsm-hood-blind\\\/\",\"name\":\"Black BDSM Hood Blind mask 22.00\u20ac | Lust and Love\",\"isPartOf\":{\"@id\":\"https:\\\/\\\/lustandlove.eu\\\/et\\\/#website\"},\"primaryImageOfPage\":{\"@id\":\"https:\\\/\\\/lustandlove.eu\\\/et\\\/toode\\\/black-bdsm-hood-blind\\\/#primaryimage\"},\"image\":{\"@id\":\"https:\\\/\\\/lustandlove.eu\\\/et\\\/toode\\\/black-bdsm-hood-blind\\\/#primaryimage\"},\"thumbnailUrl\":\"https:\\\/\\\/lustandlove.eu\\\/wp-content\\\/uploads\\\/opr-321021-01.jpg\",\"datePublished\":\"2021-06-01T03:53:30+00:00\",\"dateModified\":\"2026-04-13T07:37:17+00:00\",\"description\":\"Mugav Black BDSM Hood Blind mask sobib ideaalselt su pea \u00fcmber. Veniv materjal on piisavalt \u00f5htuke, et oleks mugav hingata l\u00e4bi nina. V\u00f5id maski kanda n\u00e4iteks fetishite peol v\u00f5i ole \u00e4ra tundmatu pimekohtingul. Sobilik BDSM\u2019i algajatele. Mask annab sulle sensuaalset p\u00f5nevust ja hea asi maskiga on, et partner ei n\u00e4e su n\u00e4gu \u00fcldse. Kas sulle meeldib, mis ta teeb v\u00f5i ei. Mugav kanda, suletud suu ja silmad. Pehme materjal BDSM kasutuseks.\",\"breadcrumb\":{\"@id\":\"https:\\\/\\\/lustandlove.eu\\\/et\\\/toode\\\/black-bdsm-hood-blind\\\/#breadcrumb\"},\"inLanguage\":\"et\",\"potentialAction\":[{\"@type\":\"ReadAction\",\"target\":[\"https:\\\/\\\/lustandlove.eu\\\/et\\\/toode\\\/black-bdsm-hood-blind\\\/\"]}]},{\"@type\":\"ImageObject\",\"inLanguage\":\"et\",\"@id\":\"https:\\\/\\\/lustandlove.eu\\\/et\\\/toode\\\/black-bdsm-hood-blind\\\/#primaryimage\",\"url\":\"https:\\\/\\\/lustandlove.eu\\\/wp-content\\\/uploads\\\/opr-321021-01.jpg\",\"contentUrl\":\"https:\\\/\\\/lustandlove.eu\\\/wp-content\\\/uploads\\\/opr-321021-01.jpg\",\"width\":700,\"height\":450},{\"@type\":\"BreadcrumbList\",\"@id\":\"https:\\\/\\\/lustandlove.eu\\\/et\\\/toode\\\/black-bdsm-hood-blind\\\/#breadcrumb\",\"itemListElement\":[{\"@type\":\"ListItem\",\"position\":1,\"name\":\"Lust and Love\",\"item\":\"https:\\\/\\\/lustandlove.eu\\\/et\\\/\"},{\"@type\":\"ListItem\",\"position\":2,\"name\":\"Pood\",\"item\":\"https:\\\/\\\/lustandlove.eu\\\/et\\\/pood\\\/\"},{\"@type\":\"ListItem\",\"position\":3,\"name\":\"Black BDSM Hood Blind\"}]},{\"@type\":\"WebSite\",\"@id\":\"https:\\\/\\\/lustandlove.eu\\\/et\\\/#website\",\"url\":\"https:\\\/\\\/lustandlove.eu\\\/et\\\/\",\"name\":\"Lust &amp; Love\",\"description\":\"Online erootikapood tervise, ilu ja armastuse jaoks\",\"publisher\":{\"@id\":\"https:\\\/\\\/lustandlove.eu\\\/et\\\/#organization\"},\"potentialAction\":[{\"@type\":\"SearchAction\",\"target\":{\"@type\":\"EntryPoint\",\"urlTemplate\":\"https:\\\/\\\/lustandlove.eu\\\/et\\\/?s={search_term_string}\"},\"query-input\":{\"@type\":\"PropertyValueSpecification\",\"valueRequired\":true,\"valueName\":\"search_term_string\"}}],\"inLanguage\":\"et\"},{\"@type\":\"Organization\",\"@id\":\"https:\\\/\\\/lustandlove.eu\\\/et\\\/#organization\",\"name\":\"Bioconcept Baltics O\u00dc\",\"url\":\"https:\\\/\\\/lustandlove.eu\\\/et\\\/\",\"logo\":{\"@type\":\"ImageObject\",\"inLanguage\":\"et\",\"@id\":\"https:\\\/\\\/lustandlove.eu\\\/et\\\/#\\\/schema\\\/logo\\\/image\\\/\",\"url\":\"\",\"contentUrl\":\"\",\"caption\":\"Bioconcept Baltics O\u00dc\"},\"image\":{\"@id\":\"https:\\\/\\\/lustandlove.eu\\\/et\\\/#\\\/schema\\\/logo\\\/image\\\/\"},\"sameAs\":[\"https:\\\/\\\/www.facebook.com\\\/LustandLoveEU\\\/\",\"https:\\\/\\\/www.instagram.com\\\/lustandloveeu\\\/\"]}]}<\/script>\n<!-- \/ Yoast SEO plugin. -->","yoast_head_json":{"title":"Black BDSM Hood Blind mask 22.00\u20ac | Lust and Love","description":"Mugav Black BDSM Hood Blind mask sobib ideaalselt su pea \u00fcmber. Veniv materjal on piisavalt \u00f5htuke, et oleks mugav hingata l\u00e4bi nina. V\u00f5id maski kanda n\u00e4iteks fetishite peol v\u00f5i ole \u00e4ra tundmatu pimekohtingul. Sobilik BDSM\u2019i algajatele. Mask annab sulle sensuaalset p\u00f5nevust ja hea asi maskiga on, et partner ei n\u00e4e su n\u00e4gu \u00fcldse. Kas sulle meeldib, mis ta teeb v\u00f5i ei. Mugav kanda, suletud suu ja silmad. Pehme materjal BDSM kasutuseks.","robots":{"index,follow,max-snippet":"index,follow,max-snippet:-1,max-image-preview:large,max-video-preview:-1"},"canonical":"https:\/\/lustandlove.eu\/et\/toode\/black-bdsm-hood-blind\/","twitter_card":"summary_large_image","twitter_title":"Black BDSM Hood Blind mask 22.00\u20ac | Lust and Love","twitter_description":"Mugav Black BDSM Hood Blind mask sobib ideaalselt su pea \u00fcmber. Veniv materjal on piisavalt \u00f5htuke, et oleks mugav hingata l\u00e4bi nina. V\u00f5id maski kanda n\u00e4iteks fetishite peol v\u00f5i ole \u00e4ra tundmatu pimekohtingul. Sobilik BDSM\u2019i algajatele. Mask annab sulle sensuaalset p\u00f5nevust ja hea asi maskiga on, et partner ei n\u00e4e su n\u00e4gu \u00fcldse. Kas sulle meeldib, mis ta teeb v\u00f5i ei. Mugav kanda, suletud suu ja silmad. Pehme materjal BDSM kasutuseks.","twitter_image":"https:\/\/lustandlove.eu\/wp-content\/uploads\/opr-321021-01.jpg","twitter_misc":{"Est. reading time":"1 minut"},"schema":{"@context":"https:\/\/schema.org","@graph":[{"@type":["WebPage","ItemPage"],"@id":"https:\/\/lustandlove.eu\/et\/toode\/black-bdsm-hood-blind\/","url":"https:\/\/lustandlove.eu\/et\/toode\/black-bdsm-hood-blind\/","name":"Black BDSM Hood Blind mask 22.00\u20ac | Lust and Love","isPartOf":{"@id":"https:\/\/lustandlove.eu\/et\/#website"},"primaryImageOfPage":{"@id":"https:\/\/lustandlove.eu\/et\/toode\/black-bdsm-hood-blind\/#primaryimage"},"image":{"@id":"https:\/\/lustandlove.eu\/et\/toode\/black-bdsm-hood-blind\/#primaryimage"},"thumbnailUrl":"https:\/\/lustandlove.eu\/wp-content\/uploads\/opr-321021-01.jpg","datePublished":"2021-06-01T03:53:30+00:00","dateModified":"2026-04-13T07:37:17+00:00","description":"Mugav Black BDSM Hood Blind mask sobib ideaalselt su pea \u00fcmber. Veniv materjal on piisavalt \u00f5htuke, et oleks mugav hingata l\u00e4bi nina. V\u00f5id maski kanda n\u00e4iteks fetishite peol v\u00f5i ole \u00e4ra tundmatu pimekohtingul. Sobilik BDSM\u2019i algajatele. Mask annab sulle sensuaalset p\u00f5nevust ja hea asi maskiga on, et partner ei n\u00e4e su n\u00e4gu \u00fcldse. Kas sulle meeldib, mis ta teeb v\u00f5i ei. Mugav kanda, suletud suu ja silmad. Pehme materjal BDSM kasutuseks.","breadcrumb":{"@id":"https:\/\/lustandlove.eu\/et\/toode\/black-bdsm-hood-blind\/#breadcrumb"},"inLanguage":"et","potentialAction":[{"@type":"ReadAction","target":["https:\/\/lustandlove.eu\/et\/toode\/black-bdsm-hood-blind\/"]}]},{"@type":"ImageObject","inLanguage":"et","@id":"https:\/\/lustandlove.eu\/et\/toode\/black-bdsm-hood-blind\/#primaryimage","url":"https:\/\/lustandlove.eu\/wp-content\/uploads\/opr-321021-01.jpg","contentUrl":"https:\/\/lustandlove.eu\/wp-content\/uploads\/opr-321021-01.jpg","width":700,"height":450},{"@type":"BreadcrumbList","@id":"https:\/\/lustandlove.eu\/et\/toode\/black-bdsm-hood-blind\/#breadcrumb","itemListElement":[{"@type":"ListItem","position":1,"name":"Lust and Love","item":"https:\/\/lustandlove.eu\/et\/"},{"@type":"ListItem","position":2,"name":"Pood","item":"https:\/\/lustandlove.eu\/et\/pood\/"},{"@type":"ListItem","position":3,"name":"Black BDSM Hood Blind"}]},{"@type":"WebSite","@id":"https:\/\/lustandlove.eu\/et\/#website","url":"https:\/\/lustandlove.eu\/et\/","name":"Lust &amp; Love","description":"Online erootikapood tervise, ilu ja armastuse jaoks","publisher":{"@id":"https:\/\/lustandlove.eu\/et\/#organization"},"potentialAction":[{"@type":"SearchAction","target":{"@type":"EntryPoint","urlTemplate":"https:\/\/lustandlove.eu\/et\/?s={search_term_string}"},"query-input":{"@type":"PropertyValueSpecification","valueRequired":true,"valueName":"search_term_string"}}],"inLanguage":"et"},{"@type":"Organization","@id":"https:\/\/lustandlove.eu\/et\/#organization","name":"Bioconcept Baltics O\u00dc","url":"https:\/\/lustandlove.eu\/et\/","logo":{"@type":"ImageObject","inLanguage":"et","@id":"https:\/\/lustandlove.eu\/et\/#\/schema\/logo\/image\/","url":"","contentUrl":"","caption":"Bioconcept Baltics O\u00dc"},"image":{"@id":"https:\/\/lustandlove.eu\/et\/#\/schema\/logo\/image\/"},"sameAs":["https:\/\/www.facebook.com\/LustandLoveEU\/","https:\/\/www.instagram.com\/lustandloveeu\/"]}]}},"_links":{"self":[{"href":"https:\/\/lustandlove.eu\/et\/wp-json\/wp\/v2\/product\/44925","targetHints":{"allow":["GET"]}}],"collection":[{"href":"https:\/\/lustandlove.eu\/et\/wp-json\/wp\/v2\/product"}],"about":[{"href":"https:\/\/lustandlove.eu\/et\/wp-json\/wp\/v2\/types\/product"}],"wp:featuredmedia":[{"embeddable":true,"href":"https:\/\/lustandlove.eu\/et\/wp-json\/wp\/v2\/media\/44926"}],"wp:attachment":[{"href":"https:\/\/lustandlove.eu\/et\/wp-json\/wp\/v2\/media?parent=44925"}],"wp:term":[{"taxonomy":"product_brand","embeddable":true,"href":"https:\/\/lustandlove.eu\/et\/wp-json\/wp\/v2\/product_brand?post=44925"},{"taxonomy":"product_cat","embeddable":true,"href":"https:\/\/lustandlove.eu\/et\/wp-json\/wp\/v2\/product_cat?post=44925"},{"taxonomy":"product_tag","embeddable":true,"href":"https:\/\/lustandlove.eu\/et\/wp-json\/wp\/v2\/product_tag?post=44925"}],"curies":[{"name":"wp","href":"https:\/\/api.w.org\/{rel}","templated":true}]}}