{"id":44930,"date":"2021-06-01T06:53:29","date_gmt":"2021-06-01T03:53:29","guid":{"rendered":"https:\/\/www.lustandlove.eu\/product\/thigh-sling-with-wrist-cuffs\/"},"modified":"2026-04-13T10:37:18","modified_gmt":"2026-04-13T07:37:18","slug":"thigh-sling-with-wrist-cuffs","status":"publish","type":"product","link":"https:\/\/lustandlove.eu\/et\/toode\/thigh-sling-with-wrist-cuffs\/","title":{"rendered":"Thigh Sling With Wrist Cuffs"},"content":{"rendered":"<p>Kasutades Thigh Sling With Wrist Cuffs\u2019idega saad seada oma partneri idealaalsesse asendisse penetratsiooniks. Aja laiali jalad ja kinnita k\u00e4ed. Naudi tumedat ja sensuaalset atmosf\u00e4\u00e4ri partneriga muutes Sindumis rihma suuruse teile sobivaks.<\/p>\n<p>Kinnitus s\u00fcsteem ja t\u00e4ielikult muudetava suurusega sobimaks erinevatele suurustele. Muuda tagumise rihma pikkust, et tuua k\u00e4ed \u00fcles v\u00f5i alla seljal. T\u00f5mba p\u00f5lved rinnale \u00fcles kintsu rihma l\u00fchendades, et j\u00e4tta partner avatuks. K\u00e4erihmad on pehmendatud mugavuseks ja pikema ajaliseks kasutuseks.<\/p>\n<p>Pehmendatud k\u00e4erihmad hoiavad mugavust l\u00e4bi pikaajalise rahulduse, \u00f5rrituse ja kiusu. Iga kinnitus on lukuga kinnitatav, kui soovid oma partneri tugevamalt kinnitada. V\u00f5ta kontroll \u00f5htu \u00fcle ja kinnita oma kaaslane vastupidavale ja seksikale kinnitusrihmale.<\/p>\n<p>NB: Lukkud ei ole kaasas pakkiga!<\/p>\n","protected":false},"excerpt":{"rendered":"<p>Kasutades Thigh Sling With Wrist Cuffs\u2019idega saad seada oma partneri idealaalsesse asendisse penetratsiooniks. Aja laiali jalad ja kinnita k\u00e4ed. Naudi<\/p>\n","protected":false},"featured_media":44931,"template":"","meta":[],"product_brand":[4228],"product_cat":[1470,4001],"product_tag":[],"class_list":{"0":"post-44930","1":"product","2":"type-product","3":"status-publish","4":"has-post-thumbnail","6":"product_brand-o-products-et","7":"product_cat-bdsm-et","8":"product_cat-lobutooted","9":"pa_brand-o-products-et","11":"first","12":"outofstock","13":"taxable","14":"shipping-taxable","15":"purchasable","16":"product-type-simple"},"yoast_head":"<!-- This site is optimized with the Yoast SEO plugin v27.3 - https:\/\/yoast.com\/product\/yoast-seo-wordpress\/ -->\n<title>Thigh Sling With Wrist Cuffs 100.00\u20ac | Lust and Love<\/title>\n<meta name=\"description\" content=\"Kasutades Thigh Sling With Wrist Cuffs\u2019idega saad seada oma partneri idealaalsesse asendisse penetratsiooniks. Aja laiali jalad ja kinnita k\u00e4ed. Naudi tumedat ja sensuaalset atmosf\u00e4\u00e4ri partneriga muutes Sindumis rihma suuruse teile sobivaks.\" \/>\n<meta name=\"robots\" content=\"index,follow,max-snippet:-1,max-image-preview:large,max-video-preview:-1\" \/>\n<link rel=\"canonical\" href=\"https:\/\/lustandlove.eu\/et\/toode\/thigh-sling-with-wrist-cuffs\/\" \/>\n<meta name=\"twitter:card\" content=\"summary_large_image\" \/>\n<meta name=\"twitter:title\" content=\"Thigh Sling With Wrist Cuffs 100.00\u20ac | Lust and Love\" \/>\n<meta name=\"twitter:description\" content=\"Kasutades Thigh Sling With Wrist Cuffs\u2019idega saad seada oma partneri idealaalsesse asendisse penetratsiooniks. Aja laiali jalad ja kinnita k\u00e4ed. Naudi tumedat ja sensuaalset atmosf\u00e4\u00e4ri partneriga muutes Sindumis rihma suuruse teile sobivaks.\" \/>\n<meta name=\"twitter:image\" content=\"https:\/\/lustandlove.eu\/wp-content\/uploads\/xr8_3.jpg\" \/>\n<meta name=\"twitter:label1\" content=\"Est. reading time\" \/>\n\t<meta name=\"twitter:data1\" content=\"1 minut\" \/>\n<script type=\"application\/ld+json\" class=\"yoast-schema-graph\">{\"@context\":\"https:\\\/\\\/schema.org\",\"@graph\":[{\"@type\":[\"WebPage\",\"ItemPage\"],\"@id\":\"https:\\\/\\\/lustandlove.eu\\\/et\\\/toode\\\/thigh-sling-with-wrist-cuffs\\\/\",\"url\":\"https:\\\/\\\/lustandlove.eu\\\/et\\\/toode\\\/thigh-sling-with-wrist-cuffs\\\/\",\"name\":\"Thigh Sling With Wrist Cuffs 100.00\u20ac | Lust and Love\",\"isPartOf\":{\"@id\":\"https:\\\/\\\/lustandlove.eu\\\/et\\\/#website\"},\"primaryImageOfPage\":{\"@id\":\"https:\\\/\\\/lustandlove.eu\\\/et\\\/toode\\\/thigh-sling-with-wrist-cuffs\\\/#primaryimage\"},\"image\":{\"@id\":\"https:\\\/\\\/lustandlove.eu\\\/et\\\/toode\\\/thigh-sling-with-wrist-cuffs\\\/#primaryimage\"},\"thumbnailUrl\":\"https:\\\/\\\/lustandlove.eu\\\/wp-content\\\/uploads\\\/xr8_3.jpg\",\"datePublished\":\"2021-06-01T03:53:29+00:00\",\"dateModified\":\"2026-04-13T07:37:18+00:00\",\"description\":\"Kasutades Thigh Sling With Wrist Cuffs\u2019idega saad seada oma partneri idealaalsesse asendisse penetratsiooniks. Aja laiali jalad ja kinnita k\u00e4ed. Naudi tumedat ja sensuaalset atmosf\u00e4\u00e4ri partneriga muutes Sindumis rihma suuruse teile sobivaks.\",\"breadcrumb\":{\"@id\":\"https:\\\/\\\/lustandlove.eu\\\/et\\\/toode\\\/thigh-sling-with-wrist-cuffs\\\/#breadcrumb\"},\"inLanguage\":\"et\",\"potentialAction\":[{\"@type\":\"ReadAction\",\"target\":[\"https:\\\/\\\/lustandlove.eu\\\/et\\\/toode\\\/thigh-sling-with-wrist-cuffs\\\/\"]}]},{\"@type\":\"ImageObject\",\"inLanguage\":\"et\",\"@id\":\"https:\\\/\\\/lustandlove.eu\\\/et\\\/toode\\\/thigh-sling-with-wrist-cuffs\\\/#primaryimage\",\"url\":\"https:\\\/\\\/lustandlove.eu\\\/wp-content\\\/uploads\\\/xr8_3.jpg\",\"contentUrl\":\"https:\\\/\\\/lustandlove.eu\\\/wp-content\\\/uploads\\\/xr8_3.jpg\",\"width\":700,\"height\":450},{\"@type\":\"BreadcrumbList\",\"@id\":\"https:\\\/\\\/lustandlove.eu\\\/et\\\/toode\\\/thigh-sling-with-wrist-cuffs\\\/#breadcrumb\",\"itemListElement\":[{\"@type\":\"ListItem\",\"position\":1,\"name\":\"Lust and Love\",\"item\":\"https:\\\/\\\/lustandlove.eu\\\/et\\\/\"},{\"@type\":\"ListItem\",\"position\":2,\"name\":\"Pood\",\"item\":\"https:\\\/\\\/lustandlove.eu\\\/et\\\/pood\\\/\"},{\"@type\":\"ListItem\",\"position\":3,\"name\":\"BDSM\",\"item\":\"https:\\\/\\\/lustandlove.eu\\\/et\\\/pood\\\/bdsm-et\\\/\"},{\"@type\":\"ListItem\",\"position\":4,\"name\":\"L\u00f5butooted\",\"item\":\"https:\\\/\\\/lustandlove.eu\\\/et\\\/pood\\\/bdsm-et\\\/lobutooted\\\/\"},{\"@type\":\"ListItem\",\"position\":5,\"name\":\"Thigh Sling With Wrist Cuffs\"}]},{\"@type\":\"WebSite\",\"@id\":\"https:\\\/\\\/lustandlove.eu\\\/et\\\/#website\",\"url\":\"https:\\\/\\\/lustandlove.eu\\\/et\\\/\",\"name\":\"Lust &amp; Love\",\"description\":\"Online erootikapood tervise, ilu ja armastuse jaoks\",\"publisher\":{\"@id\":\"https:\\\/\\\/lustandlove.eu\\\/et\\\/#organization\"},\"potentialAction\":[{\"@type\":\"SearchAction\",\"target\":{\"@type\":\"EntryPoint\",\"urlTemplate\":\"https:\\\/\\\/lustandlove.eu\\\/et\\\/?s={search_term_string}\"},\"query-input\":{\"@type\":\"PropertyValueSpecification\",\"valueRequired\":true,\"valueName\":\"search_term_string\"}}],\"inLanguage\":\"et\"},{\"@type\":\"Organization\",\"@id\":\"https:\\\/\\\/lustandlove.eu\\\/et\\\/#organization\",\"name\":\"Bioconcept Baltics O\u00dc\",\"url\":\"https:\\\/\\\/lustandlove.eu\\\/et\\\/\",\"logo\":{\"@type\":\"ImageObject\",\"inLanguage\":\"et\",\"@id\":\"https:\\\/\\\/lustandlove.eu\\\/et\\\/#\\\/schema\\\/logo\\\/image\\\/\",\"url\":\"\",\"contentUrl\":\"\",\"caption\":\"Bioconcept Baltics O\u00dc\"},\"image\":{\"@id\":\"https:\\\/\\\/lustandlove.eu\\\/et\\\/#\\\/schema\\\/logo\\\/image\\\/\"},\"sameAs\":[\"https:\\\/\\\/www.facebook.com\\\/LustandLoveEU\\\/\",\"https:\\\/\\\/www.instagram.com\\\/lustandloveeu\\\/\"]}]}<\/script>\n<!-- \/ Yoast SEO plugin. -->","yoast_head_json":{"title":"Thigh Sling With Wrist Cuffs 100.00\u20ac | Lust and Love","description":"Kasutades Thigh Sling With Wrist Cuffs\u2019idega saad seada oma partneri idealaalsesse asendisse penetratsiooniks. Aja laiali jalad ja kinnita k\u00e4ed. Naudi tumedat ja sensuaalset atmosf\u00e4\u00e4ri partneriga muutes Sindumis rihma suuruse teile sobivaks.","robots":{"index,follow,max-snippet":"index,follow,max-snippet:-1,max-image-preview:large,max-video-preview:-1"},"canonical":"https:\/\/lustandlove.eu\/et\/toode\/thigh-sling-with-wrist-cuffs\/","twitter_card":"summary_large_image","twitter_title":"Thigh Sling With Wrist Cuffs 100.00\u20ac | Lust and Love","twitter_description":"Kasutades Thigh Sling With Wrist Cuffs\u2019idega saad seada oma partneri idealaalsesse asendisse penetratsiooniks. Aja laiali jalad ja kinnita k\u00e4ed. Naudi tumedat ja sensuaalset atmosf\u00e4\u00e4ri partneriga muutes Sindumis rihma suuruse teile sobivaks.","twitter_image":"https:\/\/lustandlove.eu\/wp-content\/uploads\/xr8_3.jpg","twitter_misc":{"Est. reading time":"1 minut"},"schema":{"@context":"https:\/\/schema.org","@graph":[{"@type":["WebPage","ItemPage"],"@id":"https:\/\/lustandlove.eu\/et\/toode\/thigh-sling-with-wrist-cuffs\/","url":"https:\/\/lustandlove.eu\/et\/toode\/thigh-sling-with-wrist-cuffs\/","name":"Thigh Sling With Wrist Cuffs 100.00\u20ac | Lust and Love","isPartOf":{"@id":"https:\/\/lustandlove.eu\/et\/#website"},"primaryImageOfPage":{"@id":"https:\/\/lustandlove.eu\/et\/toode\/thigh-sling-with-wrist-cuffs\/#primaryimage"},"image":{"@id":"https:\/\/lustandlove.eu\/et\/toode\/thigh-sling-with-wrist-cuffs\/#primaryimage"},"thumbnailUrl":"https:\/\/lustandlove.eu\/wp-content\/uploads\/xr8_3.jpg","datePublished":"2021-06-01T03:53:29+00:00","dateModified":"2026-04-13T07:37:18+00:00","description":"Kasutades Thigh Sling With Wrist Cuffs\u2019idega saad seada oma partneri idealaalsesse asendisse penetratsiooniks. Aja laiali jalad ja kinnita k\u00e4ed. Naudi tumedat ja sensuaalset atmosf\u00e4\u00e4ri partneriga muutes Sindumis rihma suuruse teile sobivaks.","breadcrumb":{"@id":"https:\/\/lustandlove.eu\/et\/toode\/thigh-sling-with-wrist-cuffs\/#breadcrumb"},"inLanguage":"et","potentialAction":[{"@type":"ReadAction","target":["https:\/\/lustandlove.eu\/et\/toode\/thigh-sling-with-wrist-cuffs\/"]}]},{"@type":"ImageObject","inLanguage":"et","@id":"https:\/\/lustandlove.eu\/et\/toode\/thigh-sling-with-wrist-cuffs\/#primaryimage","url":"https:\/\/lustandlove.eu\/wp-content\/uploads\/xr8_3.jpg","contentUrl":"https:\/\/lustandlove.eu\/wp-content\/uploads\/xr8_3.jpg","width":700,"height":450},{"@type":"BreadcrumbList","@id":"https:\/\/lustandlove.eu\/et\/toode\/thigh-sling-with-wrist-cuffs\/#breadcrumb","itemListElement":[{"@type":"ListItem","position":1,"name":"Lust and Love","item":"https:\/\/lustandlove.eu\/et\/"},{"@type":"ListItem","position":2,"name":"Pood","item":"https:\/\/lustandlove.eu\/et\/pood\/"},{"@type":"ListItem","position":3,"name":"BDSM","item":"https:\/\/lustandlove.eu\/et\/pood\/bdsm-et\/"},{"@type":"ListItem","position":4,"name":"L\u00f5butooted","item":"https:\/\/lustandlove.eu\/et\/pood\/bdsm-et\/lobutooted\/"},{"@type":"ListItem","position":5,"name":"Thigh Sling With Wrist Cuffs"}]},{"@type":"WebSite","@id":"https:\/\/lustandlove.eu\/et\/#website","url":"https:\/\/lustandlove.eu\/et\/","name":"Lust &amp; Love","description":"Online erootikapood tervise, ilu ja armastuse jaoks","publisher":{"@id":"https:\/\/lustandlove.eu\/et\/#organization"},"potentialAction":[{"@type":"SearchAction","target":{"@type":"EntryPoint","urlTemplate":"https:\/\/lustandlove.eu\/et\/?s={search_term_string}"},"query-input":{"@type":"PropertyValueSpecification","valueRequired":true,"valueName":"search_term_string"}}],"inLanguage":"et"},{"@type":"Organization","@id":"https:\/\/lustandlove.eu\/et\/#organization","name":"Bioconcept Baltics O\u00dc","url":"https:\/\/lustandlove.eu\/et\/","logo":{"@type":"ImageObject","inLanguage":"et","@id":"https:\/\/lustandlove.eu\/et\/#\/schema\/logo\/image\/","url":"","contentUrl":"","caption":"Bioconcept Baltics O\u00dc"},"image":{"@id":"https:\/\/lustandlove.eu\/et\/#\/schema\/logo\/image\/"},"sameAs":["https:\/\/www.facebook.com\/LustandLoveEU\/","https:\/\/www.instagram.com\/lustandloveeu\/"]}]}},"_links":{"self":[{"href":"https:\/\/lustandlove.eu\/et\/wp-json\/wp\/v2\/product\/44930","targetHints":{"allow":["GET"]}}],"collection":[{"href":"https:\/\/lustandlove.eu\/et\/wp-json\/wp\/v2\/product"}],"about":[{"href":"https:\/\/lustandlove.eu\/et\/wp-json\/wp\/v2\/types\/product"}],"wp:featuredmedia":[{"embeddable":true,"href":"https:\/\/lustandlove.eu\/et\/wp-json\/wp\/v2\/media\/44931"}],"wp:attachment":[{"href":"https:\/\/lustandlove.eu\/et\/wp-json\/wp\/v2\/media?parent=44930"}],"wp:term":[{"taxonomy":"product_brand","embeddable":true,"href":"https:\/\/lustandlove.eu\/et\/wp-json\/wp\/v2\/product_brand?post=44930"},{"taxonomy":"product_cat","embeddable":true,"href":"https:\/\/lustandlove.eu\/et\/wp-json\/wp\/v2\/product_cat?post=44930"},{"taxonomy":"product_tag","embeddable":true,"href":"https:\/\/lustandlove.eu\/et\/wp-json\/wp\/v2\/product_tag?post=44930"}],"curies":[{"name":"wp","href":"https:\/\/api.w.org\/{rel}","templated":true}]}}