{"id":44961,"date":"2021-06-01T06:52:43","date_gmt":"2021-06-01T03:52:43","guid":{"rendered":"https:\/\/www.lustandlove.eu\/product\/emojibator-pickle\/"},"modified":"2025-08-19T15:42:22","modified_gmt":"2025-08-19T12:42:22","slug":"emojibator-pickle","status":"publish","type":"product","link":"https:\/\/lustandlove.eu\/et\/toode\/emojibator-pickle\/","title":{"rendered":"Emojibator Pickle"},"content":{"rendered":"<p>Emojibator vibraator mis n\u00e4eb v\u00e4lja nagu Pickle Emoji, mis on tehtud k\u00f5rg-kvaliteetsest meditsiinilisel-tasemel silikonist.<\/p>\n<p>See kurk on veidikene nagu suur till. Selle imearmast kuju on raske eirata. See Emojibator vibraator toob su kurgi unistused reaalsusse. See pakkub 10 v\u00f5imsuse seadet. Lisaks on lelu veekindel ja t\u00e4nu selle disainile on mugav seda kasutada vanni v\u00f5i du\u0161\u0161i sees ja v\u00e4ljas. Me v\u00f5ime kihla vedada, et sa leiad, et see v\u00e4ike meelas kurgike on ergonoomiline, armas ja l\u00f5bus.<\/p>\n","protected":false},"excerpt":{"rendered":"<p>Emojibator vibraator, mis n\u00e4eb v\u00e4lja nagu Pickle Emoji. Me v\u00f5ime kihla vedada, et sa leiad, et see v\u00e4ike meelas kurgike on ergonoomiline, armas ja l\u00f5bus.<\/p>\n","protected":false},"featured_media":44962,"template":"","meta":[],"product_cat":[1484,1488,3979],"product_tag":[1515,1543,4104],"yoast_head":"<!-- This site is optimized with the Yoast SEO plugin v22.9 - https:\/\/yoast.com\/wordpress\/plugins\/seo\/ -->\n<title>Emojibator Pickle Vibrator 29.00\u20ac | Lust and Love Sex Shop<\/title>\n<meta name=\"description\" content=\"Emojibator vibraator, mis n\u00e4eb v\u00e4lja nagu Pickle Emoji. Me v\u00f5ime kihla vedada, et sa leiad, et see v\u00e4ike meelas kurgike on ergonoomiline, armas ja l\u00f5bus.\" \/>\n<meta name=\"robots\" content=\"index,follow,max-snippet:-1,max-image-preview:large,max-video-preview:-1\" \/>\n<link rel=\"canonical\" href=\"https:\/\/lustandlove.eu\/et\/toode\/emojibator-pickle\/\" \/>\n<meta name=\"twitter:card\" content=\"summary_large_image\" \/>\n<meta name=\"twitter:title\" content=\"Emojibator Pickle Vibrator 29.00\u20ac | Lust and Love Sex Shop\" \/>\n<meta name=\"twitter:description\" content=\"Emojibator vibraator, mis n\u00e4eb v\u00e4lja nagu Pickle Emoji. Me v\u00f5ime kihla vedada, et sa leiad, et see v\u00e4ike meelas kurgike on ergonoomiline, armas ja l\u00f5bus.\" \/>\n<meta name=\"twitter:image\" content=\"https:\/\/lustandlove.eu\/wp-content\/uploads\/PickleEmojibator-RosieSimmons-2020-4_800x.jpg\" \/>\n<meta name=\"twitter:label1\" content=\"Est. reading time\" \/>\n\t<meta name=\"twitter:data1\" content=\"2 minutit\" \/>\n<script type=\"application\/ld+json\" class=\"yoast-schema-graph\">{\"@context\":\"https:\/\/schema.org\",\"@graph\":[{\"@type\":[\"WebPage\",\"ItemPage\"],\"@id\":\"https:\/\/lustandlove.eu\/et\/toode\/emojibator-pickle\/\",\"url\":\"https:\/\/lustandlove.eu\/et\/toode\/emojibator-pickle\/\",\"name\":\"Emojibator Pickle Vibrator 29.00\u20ac | Lust and Love Sex Shop\",\"isPartOf\":{\"@id\":\"https:\/\/lustandlove.eu\/et\/#website\"},\"primaryImageOfPage\":{\"@id\":\"https:\/\/lustandlove.eu\/et\/toode\/emojibator-pickle\/#primaryimage\"},\"image\":{\"@id\":\"https:\/\/lustandlove.eu\/et\/toode\/emojibator-pickle\/#primaryimage\"},\"thumbnailUrl\":\"https:\/\/lustandlove.eu\/wp-content\/uploads\/PickleEmojibator-RosieSimmons-2020-4_800x.jpg\",\"datePublished\":\"2021-06-01T03:52:43+00:00\",\"dateModified\":\"2025-08-19T12:42:22+00:00\",\"description\":\"Emojibator vibraator, mis n\u00e4eb v\u00e4lja nagu Pickle Emoji. Me v\u00f5ime kihla vedada, et sa leiad, et see v\u00e4ike meelas kurgike on ergonoomiline, armas ja l\u00f5bus.\",\"breadcrumb\":{\"@id\":\"https:\/\/lustandlove.eu\/et\/toode\/emojibator-pickle\/#breadcrumb\"},\"inLanguage\":\"et\",\"potentialAction\":[{\"@type\":\"ReadAction\",\"target\":[\"https:\/\/lustandlove.eu\/et\/toode\/emojibator-pickle\/\"]}]},{\"@type\":\"ImageObject\",\"inLanguage\":\"et\",\"@id\":\"https:\/\/lustandlove.eu\/et\/toode\/emojibator-pickle\/#primaryimage\",\"url\":\"https:\/\/lustandlove.eu\/wp-content\/uploads\/PickleEmojibator-RosieSimmons-2020-4_800x.jpg\",\"contentUrl\":\"https:\/\/lustandlove.eu\/wp-content\/uploads\/PickleEmojibator-RosieSimmons-2020-4_800x.jpg\",\"width\":800,\"height\":800},{\"@type\":\"BreadcrumbList\",\"@id\":\"https:\/\/lustandlove.eu\/et\/toode\/emojibator-pickle\/#breadcrumb\",\"itemListElement\":[{\"@type\":\"ListItem\",\"position\":1,\"name\":\"Lust and Love\",\"item\":\"https:\/\/lustandlove.eu\/et\/\"},{\"@type\":\"ListItem\",\"position\":2,\"name\":\"Pood\",\"item\":\"https:\/\/lustandlove.eu\/et\/pood\/\"},{\"@type\":\"ListItem\",\"position\":3,\"name\":\"Sekslelud\",\"item\":\"https:\/\/lustandlove.eu\/et\/pood\/sekslelud\/\"},{\"@type\":\"ListItem\",\"position\":4,\"name\":\"Vibraatorid\",\"item\":\"https:\/\/lustandlove.eu\/et\/pood\/sekslelud\/vibraatorid\/\"},{\"@type\":\"ListItem\",\"position\":5,\"name\":\"V\u00e4lispidised\",\"item\":\"https:\/\/lustandlove.eu\/et\/pood\/sekslelud\/vibraatorid\/valispidised\/\"},{\"@type\":\"ListItem\",\"position\":6,\"name\":\"Emojibator Pickle\"}]},{\"@type\":\"WebSite\",\"@id\":\"https:\/\/lustandlove.eu\/et\/#website\",\"url\":\"https:\/\/lustandlove.eu\/et\/\",\"name\":\"Lust &amp; Love\",\"description\":\"Online erootikapood tervise, ilu ja armastuse jaoks\",\"publisher\":{\"@id\":\"https:\/\/lustandlove.eu\/et\/#organization\"},\"potentialAction\":[{\"@type\":\"SearchAction\",\"target\":{\"@type\":\"EntryPoint\",\"urlTemplate\":\"https:\/\/lustandlove.eu\/et\/?s={search_term_string}\"},\"query-input\":\"required name=search_term_string\"}],\"inLanguage\":\"et\"},{\"@type\":\"Organization\",\"@id\":\"https:\/\/lustandlove.eu\/et\/#organization\",\"name\":\"Bioconcept Baltics O\u00dc\",\"url\":\"https:\/\/lustandlove.eu\/et\/\",\"logo\":{\"@type\":\"ImageObject\",\"inLanguage\":\"et\",\"@id\":\"https:\/\/lustandlove.eu\/et\/#\/schema\/logo\/image\/\",\"url\":\"\",\"contentUrl\":\"\",\"caption\":\"Bioconcept Baltics O\u00dc\"},\"image\":{\"@id\":\"https:\/\/lustandlove.eu\/et\/#\/schema\/logo\/image\/\"},\"sameAs\":[\"https:\/\/www.facebook.com\/LustandLoveEU\/\",\"https:\/\/www.instagram.com\/lustandloveeu\/\"]}]}<\/script>\n<!-- \/ Yoast SEO plugin. -->","yoast_head_json":{"title":"Emojibator Pickle Vibrator 29.00\u20ac | Lust and Love Sex Shop","description":"Emojibator vibraator, mis n\u00e4eb v\u00e4lja nagu Pickle Emoji. Me v\u00f5ime kihla vedada, et sa leiad, et see v\u00e4ike meelas kurgike on ergonoomiline, armas ja l\u00f5bus.","robots":{"index,follow,max-snippet":"index,follow,max-snippet:-1,max-image-preview:large,max-video-preview:-1"},"canonical":"https:\/\/lustandlove.eu\/et\/toode\/emojibator-pickle\/","twitter_card":"summary_large_image","twitter_title":"Emojibator Pickle Vibrator 29.00\u20ac | Lust and Love Sex Shop","twitter_description":"Emojibator vibraator, mis n\u00e4eb v\u00e4lja nagu Pickle Emoji. Me v\u00f5ime kihla vedada, et sa leiad, et see v\u00e4ike meelas kurgike on ergonoomiline, armas ja l\u00f5bus.","twitter_image":"https:\/\/lustandlove.eu\/wp-content\/uploads\/PickleEmojibator-RosieSimmons-2020-4_800x.jpg","twitter_misc":{"Est. reading time":"2 minutit"},"schema":{"@context":"https:\/\/schema.org","@graph":[{"@type":["WebPage","ItemPage"],"@id":"https:\/\/lustandlove.eu\/et\/toode\/emojibator-pickle\/","url":"https:\/\/lustandlove.eu\/et\/toode\/emojibator-pickle\/","name":"Emojibator Pickle Vibrator 29.00\u20ac | Lust and Love Sex Shop","isPartOf":{"@id":"https:\/\/lustandlove.eu\/et\/#website"},"primaryImageOfPage":{"@id":"https:\/\/lustandlove.eu\/et\/toode\/emojibator-pickle\/#primaryimage"},"image":{"@id":"https:\/\/lustandlove.eu\/et\/toode\/emojibator-pickle\/#primaryimage"},"thumbnailUrl":"https:\/\/lustandlove.eu\/wp-content\/uploads\/PickleEmojibator-RosieSimmons-2020-4_800x.jpg","datePublished":"2021-06-01T03:52:43+00:00","dateModified":"2025-08-19T12:42:22+00:00","description":"Emojibator vibraator, mis n\u00e4eb v\u00e4lja nagu Pickle Emoji. Me v\u00f5ime kihla vedada, et sa leiad, et see v\u00e4ike meelas kurgike on ergonoomiline, armas ja l\u00f5bus.","breadcrumb":{"@id":"https:\/\/lustandlove.eu\/et\/toode\/emojibator-pickle\/#breadcrumb"},"inLanguage":"et","potentialAction":[{"@type":"ReadAction","target":["https:\/\/lustandlove.eu\/et\/toode\/emojibator-pickle\/"]}]},{"@type":"ImageObject","inLanguage":"et","@id":"https:\/\/lustandlove.eu\/et\/toode\/emojibator-pickle\/#primaryimage","url":"https:\/\/lustandlove.eu\/wp-content\/uploads\/PickleEmojibator-RosieSimmons-2020-4_800x.jpg","contentUrl":"https:\/\/lustandlove.eu\/wp-content\/uploads\/PickleEmojibator-RosieSimmons-2020-4_800x.jpg","width":800,"height":800},{"@type":"BreadcrumbList","@id":"https:\/\/lustandlove.eu\/et\/toode\/emojibator-pickle\/#breadcrumb","itemListElement":[{"@type":"ListItem","position":1,"name":"Lust and Love","item":"https:\/\/lustandlove.eu\/et\/"},{"@type":"ListItem","position":2,"name":"Pood","item":"https:\/\/lustandlove.eu\/et\/pood\/"},{"@type":"ListItem","position":3,"name":"Sekslelud","item":"https:\/\/lustandlove.eu\/et\/pood\/sekslelud\/"},{"@type":"ListItem","position":4,"name":"Vibraatorid","item":"https:\/\/lustandlove.eu\/et\/pood\/sekslelud\/vibraatorid\/"},{"@type":"ListItem","position":5,"name":"V\u00e4lispidised","item":"https:\/\/lustandlove.eu\/et\/pood\/sekslelud\/vibraatorid\/valispidised\/"},{"@type":"ListItem","position":6,"name":"Emojibator Pickle"}]},{"@type":"WebSite","@id":"https:\/\/lustandlove.eu\/et\/#website","url":"https:\/\/lustandlove.eu\/et\/","name":"Lust &amp; Love","description":"Online erootikapood tervise, ilu ja armastuse jaoks","publisher":{"@id":"https:\/\/lustandlove.eu\/et\/#organization"},"potentialAction":[{"@type":"SearchAction","target":{"@type":"EntryPoint","urlTemplate":"https:\/\/lustandlove.eu\/et\/?s={search_term_string}"},"query-input":"required name=search_term_string"}],"inLanguage":"et"},{"@type":"Organization","@id":"https:\/\/lustandlove.eu\/et\/#organization","name":"Bioconcept Baltics O\u00dc","url":"https:\/\/lustandlove.eu\/et\/","logo":{"@type":"ImageObject","inLanguage":"et","@id":"https:\/\/lustandlove.eu\/et\/#\/schema\/logo\/image\/","url":"","contentUrl":"","caption":"Bioconcept Baltics O\u00dc"},"image":{"@id":"https:\/\/lustandlove.eu\/et\/#\/schema\/logo\/image\/"},"sameAs":["https:\/\/www.facebook.com\/LustandLoveEU\/","https:\/\/www.instagram.com\/lustandloveeu\/"]}]}},"_links":{"self":[{"href":"https:\/\/lustandlove.eu\/et\/wp-json\/wp\/v2\/product\/44961"}],"collection":[{"href":"https:\/\/lustandlove.eu\/et\/wp-json\/wp\/v2\/product"}],"about":[{"href":"https:\/\/lustandlove.eu\/et\/wp-json\/wp\/v2\/types\/product"}],"wp:featuredmedia":[{"embeddable":true,"href":"https:\/\/lustandlove.eu\/et\/wp-json\/wp\/v2\/media\/44962"}],"wp:attachment":[{"href":"https:\/\/lustandlove.eu\/et\/wp-json\/wp\/v2\/media?parent=44961"}],"wp:term":[{"taxonomy":"product_cat","embeddable":true,"href":"https:\/\/lustandlove.eu\/et\/wp-json\/wp\/v2\/product_cat?post=44961"},{"taxonomy":"product_tag","embeddable":true,"href":"https:\/\/lustandlove.eu\/et\/wp-json\/wp\/v2\/product_tag?post=44961"}],"curies":[{"name":"wp","href":"https:\/\/api.w.org\/{rel}","templated":true}]}}