{"id":44989,"date":"2021-06-01T06:44:10","date_gmt":"2021-06-01T03:44:10","guid":{"rendered":"https:\/\/www.lustandlove.eu\/product\/dual-sensation-cup-tenga\/"},"modified":"2026-04-13T10:37:25","modified_gmt":"2026-04-13T07:37:25","slug":"dual-sensation-cup-tenga","status":"publish","type":"product","link":"https:\/\/lustandlove.eu\/et\/toode\/dual-sensation-cup-tenga\/","title":{"rendered":"Dual Sensation Cup"},"content":{"rendered":"<h2><strong>Rohkematele inimestele rohkem sensatsioone t\u00e4iesti uue TENGA Dual Sensation Cupiga!<\/strong><\/h2>\n<p>K\u00f5igile, kes on kunagi kasutanud Tenga tooteid ja neile kes pole veel avastanud meie sensatsioone. Meil on hea meel teatada esimestest uuesndusest 15 aastase ajaloo v\u00e4ltel.<\/p>\n<p>Me oleme kuulanud tagasisidet l\u00e4bi aastate ja tulnud v\u00e4lja uute ideedega, kaasates viimaseid tootmis arendusi ning sidunud need k\u00e4sit\u00f6\u00f6ga, mida ainult TENGA pakub.<\/p>\n<p>Tuues Teie ette t\u00e4iesti uued TENGA CUP\u2019id, mis toovad rohkem m\u00f5nu rohkematele inimestele. N\u00fc\u00fcd veel enam kui varem!<\/p>\n<h2><strong>Topelt sensatioon vastas pooltelt<\/strong><\/h2>\n<p>Tugevam pool annab r\u00f5hku, kui \u00f5rnem pool stimuleerib. Naudi kas \u00fcht poolt v\u00f5i ole v\u00f5lutud m\u00f5lema poole sentsatsioonist korraga.<\/p>\n<p><strong>TIP!\u00a0<\/strong>Sa saad pikendada oma Tenga Cupi elu kasutades seda kondoomiga. Kasuta seda super \u00f5hukese\u00a0<a href=\"https:\/\/old.lustandlove.eu\/product\/sagami-original-0-02mm-polyurethane\/\">Sagami 0.02 mm<\/a>\u00a0kondoomiga, et saavutada maksimaalne m\u00f5nu.<\/p>\n<h2><strong>Tenga masturbaatori kasutamine:<\/strong><\/h2>\n<p>1.Eemalda tootelt kile ja toote tipust kleeps.<\/p>\n<p>2.Eemalda plastikust kork, mille alt leiad eel-libestatud masturbaatori.<\/p>\n<p>3.Kasuta masturbaatorit t\u00e4pselt nii, nagu sulle meeldib.<\/p>\n<p>4.Kuna toode on m\u00f5eldud \u00fchekordseks kasutamiseks, viska toode p\u00e4rast kasutamist \u00e4ra.<\/p>\n","protected":false},"excerpt":{"rendered":"<p>\u00dchekordse kasutusega Dual Sensation masturbaator meestele. Ole v\u00f5lutud kontrastsetest sensatsioonidest lelu m\u00f5lemast otsast.<\/p>\n","protected":false},"featured_media":44990,"template":"","meta":[],"product_brand":[4244],"product_cat":[4008,1480,1477],"product_tag":[],"class_list":{"0":"post-44989","1":"product","2":"type-product","3":"status-publish","4":"has-post-thumbnail","6":"product_brand-tenga-et","7":"product_cat-manuaalsed","8":"product_cat-masturbaatorid","9":"product_cat-meestele","10":"pa_brand-tenga-et","12":"first","13":"instock","14":"taxable","15":"shipping-taxable","16":"purchasable","17":"product-type-simple"},"yoast_head":"<!-- This site is optimized with the Yoast SEO plugin v27.3 - https:\/\/yoast.com\/product\/yoast-seo-wordpress\/ -->\n<title>Dual Sensation Cup 16.00\u20ac | Lust and Love<\/title>\n<meta name=\"description\" content=\"\u00dchekordse kasutusega Dual Sensation masturbaator meestele. Ole v\u00f5lutud kontrastsetest sensatsioonidest lelu m\u00f5lemast otsast.\" \/>\n<meta name=\"robots\" content=\"index,follow,max-snippet:-1,max-image-preview:large,max-video-preview:-1\" \/>\n<link rel=\"canonical\" href=\"https:\/\/lustandlove.eu\/et\/toode\/dual-sensation-cup-tenga\/\" \/>\n<meta name=\"twitter:card\" content=\"summary_large_image\" \/>\n<meta name=\"twitter:title\" content=\"Dual Sensation Cup 16.00\u20ac | Lust and Love\" \/>\n<meta name=\"twitter:description\" content=\"\u00dchekordse kasutusega Dual Sensation masturbaator meestele. Ole v\u00f5lutud kontrastsetest sensatsioonidest lelu m\u00f5lemast otsast.\" \/>\n<meta name=\"twitter:image\" content=\"https:\/\/lustandlove.eu\/wp-content\/uploads\/TOC-204_NEWCUPSERIES_l.jpg\" \/>\n<meta name=\"twitter:label1\" content=\"Est. reading time\" \/>\n\t<meta name=\"twitter:data1\" content=\"2 minutit\" \/>\n<script type=\"application\/ld+json\" class=\"yoast-schema-graph\">{\"@context\":\"https:\\\/\\\/schema.org\",\"@graph\":[{\"@type\":[\"WebPage\",\"ItemPage\"],\"@id\":\"https:\\\/\\\/lustandlove.eu\\\/et\\\/toode\\\/dual-sensation-cup-tenga\\\/\",\"url\":\"https:\\\/\\\/lustandlove.eu\\\/et\\\/toode\\\/dual-sensation-cup-tenga\\\/\",\"name\":\"Dual Sensation Cup 16.00\u20ac | Lust and Love\",\"isPartOf\":{\"@id\":\"https:\\\/\\\/lustandlove.eu\\\/et\\\/#website\"},\"primaryImageOfPage\":{\"@id\":\"https:\\\/\\\/lustandlove.eu\\\/et\\\/toode\\\/dual-sensation-cup-tenga\\\/#primaryimage\"},\"image\":{\"@id\":\"https:\\\/\\\/lustandlove.eu\\\/et\\\/toode\\\/dual-sensation-cup-tenga\\\/#primaryimage\"},\"thumbnailUrl\":\"https:\\\/\\\/lustandlove.eu\\\/wp-content\\\/uploads\\\/TOC-204_NEWCUPSERIES_l.jpg\",\"datePublished\":\"2021-06-01T03:44:10+00:00\",\"dateModified\":\"2026-04-13T07:37:25+00:00\",\"description\":\"\u00dchekordse kasutusega Dual Sensation masturbaator meestele. Ole v\u00f5lutud kontrastsetest sensatsioonidest lelu m\u00f5lemast otsast.\",\"breadcrumb\":{\"@id\":\"https:\\\/\\\/lustandlove.eu\\\/et\\\/toode\\\/dual-sensation-cup-tenga\\\/#breadcrumb\"},\"inLanguage\":\"et\",\"potentialAction\":[{\"@type\":\"ReadAction\",\"target\":[\"https:\\\/\\\/lustandlove.eu\\\/et\\\/toode\\\/dual-sensation-cup-tenga\\\/\"]}]},{\"@type\":\"ImageObject\",\"inLanguage\":\"et\",\"@id\":\"https:\\\/\\\/lustandlove.eu\\\/et\\\/toode\\\/dual-sensation-cup-tenga\\\/#primaryimage\",\"url\":\"https:\\\/\\\/lustandlove.eu\\\/wp-content\\\/uploads\\\/TOC-204_NEWCUPSERIES_l.jpg\",\"contentUrl\":\"https:\\\/\\\/lustandlove.eu\\\/wp-content\\\/uploads\\\/TOC-204_NEWCUPSERIES_l.jpg\",\"width\":2000,\"height\":2000},{\"@type\":\"BreadcrumbList\",\"@id\":\"https:\\\/\\\/lustandlove.eu\\\/et\\\/toode\\\/dual-sensation-cup-tenga\\\/#breadcrumb\",\"itemListElement\":[{\"@type\":\"ListItem\",\"position\":1,\"name\":\"Lust and Love\",\"item\":\"https:\\\/\\\/lustandlove.eu\\\/et\\\/\"},{\"@type\":\"ListItem\",\"position\":2,\"name\":\"Pood\",\"item\":\"https:\\\/\\\/lustandlove.eu\\\/et\\\/pood\\\/\"},{\"@type\":\"ListItem\",\"position\":3,\"name\":\"Sekslelud\",\"item\":\"https:\\\/\\\/lustandlove.eu\\\/et\\\/pood\\\/sekslelud\\\/\"},{\"@type\":\"ListItem\",\"position\":4,\"name\":\"Lelude Aksessuaarid\",\"item\":\"https:\\\/\\\/lustandlove.eu\\\/et\\\/pood\\\/sekslelud\\\/lelude-aksessuaarid\\\/\"},{\"@type\":\"ListItem\",\"position\":5,\"name\":\"Dual Sensation Cup\"}]},{\"@type\":\"WebSite\",\"@id\":\"https:\\\/\\\/lustandlove.eu\\\/et\\\/#website\",\"url\":\"https:\\\/\\\/lustandlove.eu\\\/et\\\/\",\"name\":\"Lust &amp; Love\",\"description\":\"Online erootikapood tervise, ilu ja armastuse jaoks\",\"publisher\":{\"@id\":\"https:\\\/\\\/lustandlove.eu\\\/et\\\/#organization\"},\"potentialAction\":[{\"@type\":\"SearchAction\",\"target\":{\"@type\":\"EntryPoint\",\"urlTemplate\":\"https:\\\/\\\/lustandlove.eu\\\/et\\\/?s={search_term_string}\"},\"query-input\":{\"@type\":\"PropertyValueSpecification\",\"valueRequired\":true,\"valueName\":\"search_term_string\"}}],\"inLanguage\":\"et\"},{\"@type\":\"Organization\",\"@id\":\"https:\\\/\\\/lustandlove.eu\\\/et\\\/#organization\",\"name\":\"Bioconcept Baltics O\u00dc\",\"url\":\"https:\\\/\\\/lustandlove.eu\\\/et\\\/\",\"logo\":{\"@type\":\"ImageObject\",\"inLanguage\":\"et\",\"@id\":\"https:\\\/\\\/lustandlove.eu\\\/et\\\/#\\\/schema\\\/logo\\\/image\\\/\",\"url\":\"\",\"contentUrl\":\"\",\"caption\":\"Bioconcept Baltics O\u00dc\"},\"image\":{\"@id\":\"https:\\\/\\\/lustandlove.eu\\\/et\\\/#\\\/schema\\\/logo\\\/image\\\/\"},\"sameAs\":[\"https:\\\/\\\/www.facebook.com\\\/LustandLoveEU\\\/\",\"https:\\\/\\\/www.instagram.com\\\/lustandloveeu\\\/\"]}]}<\/script>\n<!-- \/ Yoast SEO plugin. -->","yoast_head_json":{"title":"Dual Sensation Cup 16.00\u20ac | Lust and Love","description":"\u00dchekordse kasutusega Dual Sensation masturbaator meestele. Ole v\u00f5lutud kontrastsetest sensatsioonidest lelu m\u00f5lemast otsast.","robots":{"index,follow,max-snippet":"index,follow,max-snippet:-1,max-image-preview:large,max-video-preview:-1"},"canonical":"https:\/\/lustandlove.eu\/et\/toode\/dual-sensation-cup-tenga\/","twitter_card":"summary_large_image","twitter_title":"Dual Sensation Cup 16.00\u20ac | Lust and Love","twitter_description":"\u00dchekordse kasutusega Dual Sensation masturbaator meestele. Ole v\u00f5lutud kontrastsetest sensatsioonidest lelu m\u00f5lemast otsast.","twitter_image":"https:\/\/lustandlove.eu\/wp-content\/uploads\/TOC-204_NEWCUPSERIES_l.jpg","twitter_misc":{"Est. reading time":"2 minutit"},"schema":{"@context":"https:\/\/schema.org","@graph":[{"@type":["WebPage","ItemPage"],"@id":"https:\/\/lustandlove.eu\/et\/toode\/dual-sensation-cup-tenga\/","url":"https:\/\/lustandlove.eu\/et\/toode\/dual-sensation-cup-tenga\/","name":"Dual Sensation Cup 16.00\u20ac | Lust and Love","isPartOf":{"@id":"https:\/\/lustandlove.eu\/et\/#website"},"primaryImageOfPage":{"@id":"https:\/\/lustandlove.eu\/et\/toode\/dual-sensation-cup-tenga\/#primaryimage"},"image":{"@id":"https:\/\/lustandlove.eu\/et\/toode\/dual-sensation-cup-tenga\/#primaryimage"},"thumbnailUrl":"https:\/\/lustandlove.eu\/wp-content\/uploads\/TOC-204_NEWCUPSERIES_l.jpg","datePublished":"2021-06-01T03:44:10+00:00","dateModified":"2026-04-13T07:37:25+00:00","description":"\u00dchekordse kasutusega Dual Sensation masturbaator meestele. Ole v\u00f5lutud kontrastsetest sensatsioonidest lelu m\u00f5lemast otsast.","breadcrumb":{"@id":"https:\/\/lustandlove.eu\/et\/toode\/dual-sensation-cup-tenga\/#breadcrumb"},"inLanguage":"et","potentialAction":[{"@type":"ReadAction","target":["https:\/\/lustandlove.eu\/et\/toode\/dual-sensation-cup-tenga\/"]}]},{"@type":"ImageObject","inLanguage":"et","@id":"https:\/\/lustandlove.eu\/et\/toode\/dual-sensation-cup-tenga\/#primaryimage","url":"https:\/\/lustandlove.eu\/wp-content\/uploads\/TOC-204_NEWCUPSERIES_l.jpg","contentUrl":"https:\/\/lustandlove.eu\/wp-content\/uploads\/TOC-204_NEWCUPSERIES_l.jpg","width":2000,"height":2000},{"@type":"BreadcrumbList","@id":"https:\/\/lustandlove.eu\/et\/toode\/dual-sensation-cup-tenga\/#breadcrumb","itemListElement":[{"@type":"ListItem","position":1,"name":"Lust and Love","item":"https:\/\/lustandlove.eu\/et\/"},{"@type":"ListItem","position":2,"name":"Pood","item":"https:\/\/lustandlove.eu\/et\/pood\/"},{"@type":"ListItem","position":3,"name":"Sekslelud","item":"https:\/\/lustandlove.eu\/et\/pood\/sekslelud\/"},{"@type":"ListItem","position":4,"name":"Lelude Aksessuaarid","item":"https:\/\/lustandlove.eu\/et\/pood\/sekslelud\/lelude-aksessuaarid\/"},{"@type":"ListItem","position":5,"name":"Dual Sensation Cup"}]},{"@type":"WebSite","@id":"https:\/\/lustandlove.eu\/et\/#website","url":"https:\/\/lustandlove.eu\/et\/","name":"Lust &amp; Love","description":"Online erootikapood tervise, ilu ja armastuse jaoks","publisher":{"@id":"https:\/\/lustandlove.eu\/et\/#organization"},"potentialAction":[{"@type":"SearchAction","target":{"@type":"EntryPoint","urlTemplate":"https:\/\/lustandlove.eu\/et\/?s={search_term_string}"},"query-input":{"@type":"PropertyValueSpecification","valueRequired":true,"valueName":"search_term_string"}}],"inLanguage":"et"},{"@type":"Organization","@id":"https:\/\/lustandlove.eu\/et\/#organization","name":"Bioconcept Baltics O\u00dc","url":"https:\/\/lustandlove.eu\/et\/","logo":{"@type":"ImageObject","inLanguage":"et","@id":"https:\/\/lustandlove.eu\/et\/#\/schema\/logo\/image\/","url":"","contentUrl":"","caption":"Bioconcept Baltics O\u00dc"},"image":{"@id":"https:\/\/lustandlove.eu\/et\/#\/schema\/logo\/image\/"},"sameAs":["https:\/\/www.facebook.com\/LustandLoveEU\/","https:\/\/www.instagram.com\/lustandloveeu\/"]}]}},"_links":{"self":[{"href":"https:\/\/lustandlove.eu\/et\/wp-json\/wp\/v2\/product\/44989","targetHints":{"allow":["GET"]}}],"collection":[{"href":"https:\/\/lustandlove.eu\/et\/wp-json\/wp\/v2\/product"}],"about":[{"href":"https:\/\/lustandlove.eu\/et\/wp-json\/wp\/v2\/types\/product"}],"wp:featuredmedia":[{"embeddable":true,"href":"https:\/\/lustandlove.eu\/et\/wp-json\/wp\/v2\/media\/44990"}],"wp:attachment":[{"href":"https:\/\/lustandlove.eu\/et\/wp-json\/wp\/v2\/media?parent=44989"}],"wp:term":[{"taxonomy":"product_brand","embeddable":true,"href":"https:\/\/lustandlove.eu\/et\/wp-json\/wp\/v2\/product_brand?post=44989"},{"taxonomy":"product_cat","embeddable":true,"href":"https:\/\/lustandlove.eu\/et\/wp-json\/wp\/v2\/product_cat?post=44989"},{"taxonomy":"product_tag","embeddable":true,"href":"https:\/\/lustandlove.eu\/et\/wp-json\/wp\/v2\/product_tag?post=44989"}],"curies":[{"name":"wp","href":"https:\/\/api.w.org\/{rel}","templated":true}]}}