{"id":45002,"date":"2021-06-01T06:43:28","date_gmt":"2021-06-01T03:43:28","guid":{"rendered":"https:\/\/www.lustandlove.eu\/product\/dark-desire-keto-teddy-demoniq\/"},"modified":"2026-04-13T10:37:26","modified_gmt":"2026-04-13T07:37:26","slug":"dark-desire-keto-teddy-demoniq","status":"publish","type":"product","link":"https:\/\/lustandlove.eu\/et\/toode\/dark-desire-keto-teddy-demoniq\/","title":{"rendered":"Dark Desire Keto Teddy"},"content":{"rendered":"<div>\n<p>Dark Desire Keto Teddy on disainutud v\u00f5lts nahast ja ahvatlevast v\u00f5rgust, mis visuaalselt salendavad ja t\u00f5stavad esile figuuri. Ovaalne l\u00f5ige seljal koos dekoreeriva h\u00f5bedase lukkuga \u00fclal garanteerivad provokatiivse mulje ja t\u00f5stavad esile tuharad. Vastupidav lukk ja tugevdatud \u00f5mblused \u00f5rnadel aladel j\u00e4tavad Teddi vastupidavaks. See bodi joonistab kaunilt v\u00e4lja rindade kuju t\u00e4nu selle erilisele kujundusele ja tugevdatud konstruktsioonile. Optiliselt salendab figuuri. Seljal on meeldej\u00e4\u00e4v ja \u00fcllatav ovaalne kuju, mis n\u00e4itab alasti selga. H\u00f5bedane kinnitus dekoratiivse lukuga \u00fclemises osas on stiilne ja vastupidav. Sensuaalselt r\u00f5hutab pepu kuju.<\/p>\n<p>Erilised omadused:<\/p>\n<p>Robustset lukku pole kerge l\u00f5hkuda ja katki rebida.<\/p>\n<p>Kinnitused on dekoratiivselt kaetud<\/p>\n<p>Mugavad ja vastupidavad tugevdused muudavad b\u00fcstiosa vastupidavaks.<\/p>\n<p>Tugevdavad \u00f5mblused alades, mis on rebenemise vastu tundlikud.<\/p>\n<\/div>\n<div><\/div>\n","protected":false},"excerpt":{"rendered":"<p>Dark Desire Keto Teddy on disainutud v\u00f5lts nahast ja ahvatlevast v\u00f5rgust, mis visuaalselt salendavad ja t\u00f5stavad esile figuuri. Ovaalne l\u00f5ige seljal koos dekoreeriva h\u00f5bedase lukkuga \u00fclal garanteerivad provokatiivse mulje ja t\u00f5stavad esile tuharad.<\/p>\n","protected":false},"featured_media":44130,"template":"","meta":[],"product_brand":[4202],"product_cat":[4014,1489],"product_tag":[],"class_list":{"0":"post-45002","1":"product","2":"type-product","3":"status-publish","4":"has-post-thumbnail","6":"product_brand-demoniq-et","7":"product_cat-kleidid-ja-bodied","8":"product_cat-pesu","9":"pa_brand-demoniq-et","11":"first","12":"instock","13":"taxable","14":"shipping-taxable","15":"purchasable","16":"product-type-variable"},"yoast_head":"<!-- This site is optimized with the Yoast SEO plugin v27.3 - https:\/\/yoast.com\/product\/yoast-seo-wordpress\/ -->\n<title>Dark Desire Keto Teddy | Lust and Love<\/title>\n<meta name=\"description\" content=\"Dark Desire Keto Teddy on disainutud v\u00f5lts nahast ja ahvatlevast v\u00f5rgust, mis visuaalselt salendavad ja t\u00f5stavad esile figuuri. Ovaalne l\u00f5ige seljal koos dekoreeriva h\u00f5bedase lukkuga \u00fclal garanteerivad provokatiivse mulje ja t\u00f5stavad esile tuharad.\" \/>\n<meta name=\"robots\" content=\"index,follow,max-snippet:-1,max-image-preview:large,max-video-preview:-1\" \/>\n<link rel=\"canonical\" href=\"https:\/\/lustandlove.eu\/et\/toode\/dark-desire-keto-teddy-demoniq\/\" \/>\n<meta name=\"twitter:card\" content=\"summary_large_image\" \/>\n<meta name=\"twitter:title\" content=\"Dark Desire Keto Teddy | Lust and Love\" \/>\n<meta name=\"twitter:description\" content=\"Dark Desire Keto Teddy on disainutud v\u00f5lts nahast ja ahvatlevast v\u00f5rgust, mis visuaalselt salendavad ja t\u00f5stavad esile figuuri. Ovaalne l\u00f5ige seljal koos dekoreeriva h\u00f5bedase lukkuga \u00fclal garanteerivad provokatiivse mulje ja t\u00f5stavad esile tuharad.\" \/>\n<meta name=\"twitter:image\" content=\"https:\/\/lustandlove.eu\/wp-content\/uploads\/Keto.png\" \/>\n<meta name=\"twitter:label1\" content=\"Est. reading time\" \/>\n\t<meta name=\"twitter:data1\" content=\"2 minutit\" \/>\n<script type=\"application\/ld+json\" class=\"yoast-schema-graph\">{\"@context\":\"https:\\\/\\\/schema.org\",\"@graph\":[{\"@type\":[\"WebPage\",\"ItemPage\"],\"@id\":\"https:\\\/\\\/lustandlove.eu\\\/et\\\/toode\\\/dark-desire-keto-teddy-demoniq\\\/\",\"url\":\"https:\\\/\\\/lustandlove.eu\\\/et\\\/toode\\\/dark-desire-keto-teddy-demoniq\\\/\",\"name\":\"Dark Desire Keto Teddy | Lust and Love\",\"isPartOf\":{\"@id\":\"https:\\\/\\\/lustandlove.eu\\\/et\\\/#website\"},\"primaryImageOfPage\":{\"@id\":\"https:\\\/\\\/lustandlove.eu\\\/et\\\/toode\\\/dark-desire-keto-teddy-demoniq\\\/#primaryimage\"},\"image\":{\"@id\":\"https:\\\/\\\/lustandlove.eu\\\/et\\\/toode\\\/dark-desire-keto-teddy-demoniq\\\/#primaryimage\"},\"thumbnailUrl\":\"https:\\\/\\\/lustandlove.eu\\\/wp-content\\\/uploads\\\/Keto.png\",\"datePublished\":\"2021-06-01T03:43:28+00:00\",\"dateModified\":\"2026-04-13T07:37:26+00:00\",\"description\":\"Dark Desire Keto Teddy on disainutud v\u00f5lts nahast ja ahvatlevast v\u00f5rgust, mis visuaalselt salendavad ja t\u00f5stavad esile figuuri. Ovaalne l\u00f5ige seljal koos dekoreeriva h\u00f5bedase lukkuga \u00fclal garanteerivad provokatiivse mulje ja t\u00f5stavad esile tuharad.\",\"breadcrumb\":{\"@id\":\"https:\\\/\\\/lustandlove.eu\\\/et\\\/toode\\\/dark-desire-keto-teddy-demoniq\\\/#breadcrumb\"},\"inLanguage\":\"et\",\"potentialAction\":[{\"@type\":\"ReadAction\",\"target\":[\"https:\\\/\\\/lustandlove.eu\\\/et\\\/toode\\\/dark-desire-keto-teddy-demoniq\\\/\"]}]},{\"@type\":\"ImageObject\",\"inLanguage\":\"et\",\"@id\":\"https:\\\/\\\/lustandlove.eu\\\/et\\\/toode\\\/dark-desire-keto-teddy-demoniq\\\/#primaryimage\",\"url\":\"https:\\\/\\\/lustandlove.eu\\\/wp-content\\\/uploads\\\/Keto.png\",\"contentUrl\":\"https:\\\/\\\/lustandlove.eu\\\/wp-content\\\/uploads\\\/Keto.png\",\"width\":997,\"height\":841,\"caption\":\"Demoniq Keto - Lust and Love\"},{\"@type\":\"BreadcrumbList\",\"@id\":\"https:\\\/\\\/lustandlove.eu\\\/et\\\/toode\\\/dark-desire-keto-teddy-demoniq\\\/#breadcrumb\",\"itemListElement\":[{\"@type\":\"ListItem\",\"position\":1,\"name\":\"Lust and Love\",\"item\":\"https:\\\/\\\/lustandlove.eu\\\/et\\\/\"},{\"@type\":\"ListItem\",\"position\":2,\"name\":\"Pood\",\"item\":\"https:\\\/\\\/lustandlove.eu\\\/et\\\/pood\\\/\"},{\"@type\":\"ListItem\",\"position\":3,\"name\":\"Pesu\",\"item\":\"https:\\\/\\\/lustandlove.eu\\\/et\\\/pood\\\/pesu\\\/\"},{\"@type\":\"ListItem\",\"position\":4,\"name\":\"Kleidid ja Bodied\",\"item\":\"https:\\\/\\\/lustandlove.eu\\\/et\\\/pood\\\/pesu\\\/kleidid-ja-bodied\\\/\"},{\"@type\":\"ListItem\",\"position\":5,\"name\":\"Dark Desire Keto Teddy\"}]},{\"@type\":\"WebSite\",\"@id\":\"https:\\\/\\\/lustandlove.eu\\\/et\\\/#website\",\"url\":\"https:\\\/\\\/lustandlove.eu\\\/et\\\/\",\"name\":\"Lust &amp; Love\",\"description\":\"Online erootikapood tervise, ilu ja armastuse jaoks\",\"publisher\":{\"@id\":\"https:\\\/\\\/lustandlove.eu\\\/et\\\/#organization\"},\"potentialAction\":[{\"@type\":\"SearchAction\",\"target\":{\"@type\":\"EntryPoint\",\"urlTemplate\":\"https:\\\/\\\/lustandlove.eu\\\/et\\\/?s={search_term_string}\"},\"query-input\":{\"@type\":\"PropertyValueSpecification\",\"valueRequired\":true,\"valueName\":\"search_term_string\"}}],\"inLanguage\":\"et\"},{\"@type\":\"Organization\",\"@id\":\"https:\\\/\\\/lustandlove.eu\\\/et\\\/#organization\",\"name\":\"Bioconcept Baltics O\u00dc\",\"url\":\"https:\\\/\\\/lustandlove.eu\\\/et\\\/\",\"logo\":{\"@type\":\"ImageObject\",\"inLanguage\":\"et\",\"@id\":\"https:\\\/\\\/lustandlove.eu\\\/et\\\/#\\\/schema\\\/logo\\\/image\\\/\",\"url\":\"\",\"contentUrl\":\"\",\"caption\":\"Bioconcept Baltics O\u00dc\"},\"image\":{\"@id\":\"https:\\\/\\\/lustandlove.eu\\\/et\\\/#\\\/schema\\\/logo\\\/image\\\/\"},\"sameAs\":[\"https:\\\/\\\/www.facebook.com\\\/LustandLoveEU\\\/\",\"https:\\\/\\\/www.instagram.com\\\/lustandloveeu\\\/\"]}]}<\/script>\n<!-- \/ Yoast SEO plugin. -->","yoast_head_json":{"title":"Dark Desire Keto Teddy | Lust and Love","description":"Dark Desire Keto Teddy on disainutud v\u00f5lts nahast ja ahvatlevast v\u00f5rgust, mis visuaalselt salendavad ja t\u00f5stavad esile figuuri. Ovaalne l\u00f5ige seljal koos dekoreeriva h\u00f5bedase lukkuga \u00fclal garanteerivad provokatiivse mulje ja t\u00f5stavad esile tuharad.","robots":{"index,follow,max-snippet":"index,follow,max-snippet:-1,max-image-preview:large,max-video-preview:-1"},"canonical":"https:\/\/lustandlove.eu\/et\/toode\/dark-desire-keto-teddy-demoniq\/","twitter_card":"summary_large_image","twitter_title":"Dark Desire Keto Teddy | Lust and Love","twitter_description":"Dark Desire Keto Teddy on disainutud v\u00f5lts nahast ja ahvatlevast v\u00f5rgust, mis visuaalselt salendavad ja t\u00f5stavad esile figuuri. Ovaalne l\u00f5ige seljal koos dekoreeriva h\u00f5bedase lukkuga \u00fclal garanteerivad provokatiivse mulje ja t\u00f5stavad esile tuharad.","twitter_image":"https:\/\/lustandlove.eu\/wp-content\/uploads\/Keto.png","twitter_misc":{"Est. reading time":"2 minutit"},"schema":{"@context":"https:\/\/schema.org","@graph":[{"@type":["WebPage","ItemPage"],"@id":"https:\/\/lustandlove.eu\/et\/toode\/dark-desire-keto-teddy-demoniq\/","url":"https:\/\/lustandlove.eu\/et\/toode\/dark-desire-keto-teddy-demoniq\/","name":"Dark Desire Keto Teddy | Lust and Love","isPartOf":{"@id":"https:\/\/lustandlove.eu\/et\/#website"},"primaryImageOfPage":{"@id":"https:\/\/lustandlove.eu\/et\/toode\/dark-desire-keto-teddy-demoniq\/#primaryimage"},"image":{"@id":"https:\/\/lustandlove.eu\/et\/toode\/dark-desire-keto-teddy-demoniq\/#primaryimage"},"thumbnailUrl":"https:\/\/lustandlove.eu\/wp-content\/uploads\/Keto.png","datePublished":"2021-06-01T03:43:28+00:00","dateModified":"2026-04-13T07:37:26+00:00","description":"Dark Desire Keto Teddy on disainutud v\u00f5lts nahast ja ahvatlevast v\u00f5rgust, mis visuaalselt salendavad ja t\u00f5stavad esile figuuri. Ovaalne l\u00f5ige seljal koos dekoreeriva h\u00f5bedase lukkuga \u00fclal garanteerivad provokatiivse mulje ja t\u00f5stavad esile tuharad.","breadcrumb":{"@id":"https:\/\/lustandlove.eu\/et\/toode\/dark-desire-keto-teddy-demoniq\/#breadcrumb"},"inLanguage":"et","potentialAction":[{"@type":"ReadAction","target":["https:\/\/lustandlove.eu\/et\/toode\/dark-desire-keto-teddy-demoniq\/"]}]},{"@type":"ImageObject","inLanguage":"et","@id":"https:\/\/lustandlove.eu\/et\/toode\/dark-desire-keto-teddy-demoniq\/#primaryimage","url":"https:\/\/lustandlove.eu\/wp-content\/uploads\/Keto.png","contentUrl":"https:\/\/lustandlove.eu\/wp-content\/uploads\/Keto.png","width":997,"height":841,"caption":"Demoniq Keto - Lust and Love"},{"@type":"BreadcrumbList","@id":"https:\/\/lustandlove.eu\/et\/toode\/dark-desire-keto-teddy-demoniq\/#breadcrumb","itemListElement":[{"@type":"ListItem","position":1,"name":"Lust and Love","item":"https:\/\/lustandlove.eu\/et\/"},{"@type":"ListItem","position":2,"name":"Pood","item":"https:\/\/lustandlove.eu\/et\/pood\/"},{"@type":"ListItem","position":3,"name":"Pesu","item":"https:\/\/lustandlove.eu\/et\/pood\/pesu\/"},{"@type":"ListItem","position":4,"name":"Kleidid ja Bodied","item":"https:\/\/lustandlove.eu\/et\/pood\/pesu\/kleidid-ja-bodied\/"},{"@type":"ListItem","position":5,"name":"Dark Desire Keto Teddy"}]},{"@type":"WebSite","@id":"https:\/\/lustandlove.eu\/et\/#website","url":"https:\/\/lustandlove.eu\/et\/","name":"Lust &amp; Love","description":"Online erootikapood tervise, ilu ja armastuse jaoks","publisher":{"@id":"https:\/\/lustandlove.eu\/et\/#organization"},"potentialAction":[{"@type":"SearchAction","target":{"@type":"EntryPoint","urlTemplate":"https:\/\/lustandlove.eu\/et\/?s={search_term_string}"},"query-input":{"@type":"PropertyValueSpecification","valueRequired":true,"valueName":"search_term_string"}}],"inLanguage":"et"},{"@type":"Organization","@id":"https:\/\/lustandlove.eu\/et\/#organization","name":"Bioconcept Baltics O\u00dc","url":"https:\/\/lustandlove.eu\/et\/","logo":{"@type":"ImageObject","inLanguage":"et","@id":"https:\/\/lustandlove.eu\/et\/#\/schema\/logo\/image\/","url":"","contentUrl":"","caption":"Bioconcept Baltics O\u00dc"},"image":{"@id":"https:\/\/lustandlove.eu\/et\/#\/schema\/logo\/image\/"},"sameAs":["https:\/\/www.facebook.com\/LustandLoveEU\/","https:\/\/www.instagram.com\/lustandloveeu\/"]}]}},"_links":{"self":[{"href":"https:\/\/lustandlove.eu\/et\/wp-json\/wp\/v2\/product\/45002","targetHints":{"allow":["GET"]}}],"collection":[{"href":"https:\/\/lustandlove.eu\/et\/wp-json\/wp\/v2\/product"}],"about":[{"href":"https:\/\/lustandlove.eu\/et\/wp-json\/wp\/v2\/types\/product"}],"wp:featuredmedia":[{"embeddable":true,"href":"https:\/\/lustandlove.eu\/et\/wp-json\/wp\/v2\/media\/44130"}],"wp:attachment":[{"href":"https:\/\/lustandlove.eu\/et\/wp-json\/wp\/v2\/media?parent=45002"}],"wp:term":[{"taxonomy":"product_brand","embeddable":true,"href":"https:\/\/lustandlove.eu\/et\/wp-json\/wp\/v2\/product_brand?post=45002"},{"taxonomy":"product_cat","embeddable":true,"href":"https:\/\/lustandlove.eu\/et\/wp-json\/wp\/v2\/product_cat?post=45002"},{"taxonomy":"product_tag","embeddable":true,"href":"https:\/\/lustandlove.eu\/et\/wp-json\/wp\/v2\/product_tag?post=45002"}],"curies":[{"name":"wp","href":"https:\/\/api.w.org\/{rel}","templated":true}]}}