{"id":45014,"date":"2021-06-01T06:43:04","date_gmt":"2021-06-01T03:43:04","guid":{"rendered":"https:\/\/www.lustandlove.eu\/product\/feme-black-dress-demoniq\/"},"modified":"2026-04-13T10:37:28","modified_gmt":"2026-04-13T07:37:28","slug":"feme-black-dress-demoniq","status":"publish","type":"product","link":"https:\/\/lustandlove.eu\/et\/toode\/feme-black-dress-demoniq\/","title":{"rendered":"Feme Black Dress"},"content":{"rendered":"<div data-sanitized-data-mce-fragment=\"1\">\n<h2 data-sanitized-data-mce-fragment=\"1\"><strong>Feme Black Dress &#8211; Demoniq <\/strong><\/h2>\n<p data-sanitized-data-mce-fragment=\"1\"><span lang=\"EN-GB\" data-sanitized-data-mce-fragment=\"1\"><span data-sanitized-data-mce-fragment=\"1\">Sexy Feme Black Dr<\/span><\/span><\/p>\n<p>Seksikas kleit k\u00f5rge p\u00fcstiseisva kraega. Keskmine liivakella kujuga osa on tehtud kunstnahast, mis muudab su figuuri saledamaks. Tugevdatud rinnaosa t\u00f5stab rinnad esile. Seljaosa on kaunistatud erilise ovaalse osaga, mis n\u00e4itab alasti selga. \u00dclemises osas on h\u00f5bedane kinnitus koos dekoratiivse lukuga. K\u00fcljeosad on kleidil tehtud mustast v\u00f5rgust, mis annavad sellele v\u00f5rgutavad omadused.<\/p>\n<p>Erilised omadused:<\/p>\n<p>Robustset lukku pole kerge l\u00f5hkuda ja katki rebida.<\/p>\n<p>Kinnitused on dekoratiivselt kaetud<\/p>\n<p>Mugavad ja vastupidavad tugevdused muudavad b\u00fcstiosa vastupidavaks.<\/p>\n<p>Tugevdavad \u00f5mblused alades, mis on rebenemise vastu tundlikud.<\/p>\n<p data-sanitized-data-mce-fragment=\"1\"><span lang=\"EN-GB\" data-sanitized-data-mce-fragment=\"1\"><span data-sanitized-data-mce-fragment=\"1\">ess with a high stand-up collar. The middle part made of the black hourglass-shaped artificial leather optically slims the figure. The strengthened bra cup structure enhances the breasts. The back is distinguished by a surprising, oval shape showing the part of the naked back. A silver fastener with a decorative zipper in the upper part of the dress. Resistant zippers and strengthened stitchings in sensitive areas make the dress more durable. The sides of the dress made of black mesh give it an intriguing and predatory character. <\/span><\/span><\/p>\n<div data-sanitized-data-mce-fragment=\"1\">\n<p data-sanitized-data-mce-fragment=\"1\"><span data-sanitized-data-mce-fragment=\"1\"><span lang=\"EN-GB\" data-sanitized-data-mce-fragment=\"1\"> <br data-sanitized-data-mce-fragment=\"1\" \/><\/span><strong data-sanitized-data-mce-fragment=\"1\"><span lang=\"EN-GB\" data-sanitized-data-mce-fragment=\"1\">Special features:<\/span><\/strong><\/span><\/p>\n<p data-sanitized-data-mce-fragment=\"1\"><span lang=\"EN-GB\" data-sanitized-data-mce-fragment=\"1\"><span data-sanitized-data-mce-fragment=\"1\">Robust zip fastener resistant to tearing and damage <\/span><\/span><\/p>\n<p data-sanitized-data-mce-fragment=\"1\"><span lang=\"EN-GB\" data-sanitized-data-mce-fragment=\"1\"><span data-sanitized-data-mce-fragment=\"1\">The decorative slider at the fasteners<\/span><\/span><\/p>\n<p data-sanitized-data-mce-fragment=\"1\"><span lang=\"EN-GB\" data-sanitized-data-mce-fragment=\"1\"><span data-sanitized-data-mce-fragment=\"1\">Comfortable and durable bones strengthening the structure at the bust<\/span><\/span><\/p>\n<p data-sanitized-data-mce-fragment=\"1\"><span lang=\"EN-GB\" data-sanitized-data-mce-fragment=\"1\"><span data-sanitized-data-mce-fragment=\"1\">Strengthening stitching in areas sensitive to tearing<\/span><\/span><\/p>\n<p data-sanitized-data-mce-fragment=\"1\"><strong>Colour of the dress:<\/strong> black<\/p>\n<p data-sanitized-data-mce-fragment=\"1\"><strong>Available lingerie sizes:<\/strong> S, M, L, XL<\/p>\n<\/div>\n<\/div>\n<div data-sanitized-data-mce-fragment=\"1\">\n<div data-sanitized-data-mce-fragment=\"1\">\n<p data-sanitized-data-mce-fragment=\"1\"><span data-sanitized-data-mce-fragment=\"1\"><strong data-sanitized-data-mce-fragment=\"1\">The composition of the dress:<\/strong> Mesh: 100% polyester \/\/ Eco-leather: 95% polyester, 5% elastane<\/span><\/p>\n<\/div>\n<table style=\"height: 200px;\">\n<tbody>\n<tr style=\"height: 56px;\">\n<td style=\"height: 56px; width: 39px;\">Size<\/td>\n<td style=\"height: 56px; width: 77px; text-align: center;\">Equivalent<\/td>\n<td style=\"height: 56px; width: 70px; text-align: center;\">Bust (cm)<\/td>\n<td style=\"height: 56px; width: 79px; text-align: center;\">Waist (cm)<\/td>\n<td style=\"height: 56px; width: 71px; text-align: center;\">Hips (cm)<\/td>\n<td style=\"height: 56px; width: 86px; text-align: center;\">Height (cm)<\/td>\n<td style=\"height: 56px; width: 69px; text-align: center;\">Stockings<\/td>\n<\/tr>\n<tr style=\"height: 24px;\">\n<td style=\"height: 24px; width: 39px;\">S\/M<\/td>\n<td style=\"text-align: center; height: 24px; width: 77px;\">36-38<\/td>\n<td style=\"text-align: center; height: 24px; width: 70px;\">82-88<\/td>\n<td style=\"text-align: center; height: 24px; width: 79px;\">68-74<\/td>\n<td style=\"text-align: center; height: 24px; width: 71px;\">88-95<\/td>\n<td style=\"text-align: center; height: 24px; width: 86px;\">164-168<\/td>\n<td style=\"text-align: center; height: 24px; width: 69px;\">1-2<\/td>\n<\/tr>\n<tr style=\"height: 24px;\">\n<td style=\"height: 24px; width: 39px;\">L\/XL<\/td>\n<td style=\"text-align: center; height: 24px; width: 77px;\">40-42<\/td>\n<td style=\"text-align: center; height: 24px; width: 70px;\">88-96<\/td>\n<td style=\"text-align: center; height: 24px; width: 79px;\">74-78<\/td>\n<td style=\"text-align: center; height: 24px; width: 71px;\">95-105<\/td>\n<td style=\"text-align: center; height: 24px; width: 86px;\">169-174<\/td>\n<td style=\"text-align: center; height: 24px; width: 69px;\">3-4<\/td>\n<\/tr>\n<tr style=\"height: 24px;\">\n<td style=\"height: 24px; width: 39px;\">S<\/td>\n<td style=\"text-align: center; height: 24px; width: 77px;\">36<\/td>\n<td style=\"text-align: center; height: 24px; width: 70px;\">88<\/td>\n<td style=\"text-align: center; height: 24px; width: 79px;\">68<\/td>\n<td style=\"text-align: center; height: 24px; width: 71px;\">88-95<\/td>\n<td style=\"text-align: center; height: 24px; width: 86px;\">164<\/td>\n<td style=\"text-align: center; height: 24px; width: 69px;\">1-2<\/td>\n<\/tr>\n<tr style=\"height: 24px;\">\n<td style=\"height: 24px; width: 39px;\">M<\/td>\n<td style=\"text-align: center; height: 24px; width: 77px;\">38<\/td>\n<td style=\"text-align: center; height: 24px; width: 70px;\">93<\/td>\n<td style=\"text-align: center; height: 24px; width: 79px;\">74<\/td>\n<td style=\"text-align: center; height: 24px; width: 71px;\">95-100<\/td>\n<td style=\"text-align: center; height: 24px; width: 86px;\">168<\/td>\n<td style=\"text-align: center; height: 24px; width: 69px;\">1-2<\/td>\n<\/tr>\n<tr style=\"height: 24px;\">\n<td style=\"height: 24px; width: 39px;\">L<\/td>\n<td style=\"text-align: center; height: 24px; width: 77px;\">40<\/td>\n<td style=\"text-align: center; height: 24px; width: 70px;\">98<\/td>\n<td style=\"text-align: center; height: 24px; width: 79px;\">78<\/td>\n<td style=\"text-align: center; height: 24px; width: 71px;\">100-105<\/td>\n<td style=\"text-align: center; height: 24px; width: 86px;\">174<\/td>\n<td style=\"text-align: center; height: 24px; width: 69px;\">3-4<\/td>\n<\/tr>\n<tr style=\"height: 24px;\">\n<td style=\"height: 24px; width: 39px;\">XL<\/td>\n<td style=\"text-align: center; height: 24px; width: 77px;\">42<\/td>\n<td style=\"text-align: center; height: 24px; width: 70px;\">103<\/td>\n<td style=\"text-align: center; height: 24px; width: 79px;\">84<\/td>\n<td style=\"text-align: center; height: 24px; width: 71px;\">106-110<\/td>\n<td style=\"text-align: center; height: 24px; width: 86px;\">178<\/td>\n<td style=\"text-align: center; height: 24px; width: 69px;\">3-4<\/td>\n<\/tr>\n<\/tbody>\n<\/table>\n<p>&nbsp;<\/p>\n<\/div>\n","protected":false},"excerpt":{"rendered":"<p>Seksikas kleit k\u00f5rge p\u00fcstiseisva kraega. Keskmine liivakella kujuga osa on tehtud kunstnahast, mis muudab su figuuri saledamaks. Tugevdatud rinnaosa t\u00f5stab rinnad esile.<\/p>\n","protected":false},"featured_media":44132,"template":"","meta":[],"product_brand":[4202],"product_cat":[4014,1489],"product_tag":[],"class_list":{"0":"post-45014","1":"product","2":"type-product","3":"status-publish","4":"has-post-thumbnail","6":"product_brand-demoniq-et","7":"product_cat-kleidid-ja-bodied","8":"product_cat-pesu","9":"pa_brand-demoniq-et","11":"first","12":"instock","13":"taxable","14":"shipping-taxable","15":"purchasable","16":"product-type-variable"},"yoast_head":"<!-- This site is optimized with the Yoast SEO plugin v27.4 - https:\/\/yoast.com\/product\/yoast-seo-wordpress\/ -->\n<title>Feme Black Dress 46.50\u20ac | Lust and Love<\/title>\n<meta name=\"description\" content=\"Seksikas kleit k\u00f5rge p\u00fcstiseisva kraega. Keskmine liivakella kujuga osa on tehtud kunstnahast, mis muudab su figuuri saledamaks. Tugevdatud rinnaosa t\u00f5stab rinnad esile.\" \/>\n<meta name=\"robots\" content=\"index,follow,max-snippet:-1,max-image-preview:large,max-video-preview:-1\" \/>\n<link rel=\"canonical\" href=\"https:\/\/lustandlove.eu\/et\/toode\/feme-black-dress-demoniq\/\" \/>\n<script type=\"application\/ld+json\" class=\"yoast-schema-graph\">{\"@context\":\"https:\\\/\\\/schema.org\",\"@graph\":[{\"@type\":[\"WebPage\",\"ItemPage\"],\"@id\":\"https:\\\/\\\/lustandlove.eu\\\/et\\\/toode\\\/feme-black-dress-demoniq\\\/\",\"url\":\"https:\\\/\\\/lustandlove.eu\\\/et\\\/toode\\\/feme-black-dress-demoniq\\\/\",\"name\":\"Feme Black Dress 46.50\u20ac | Lust and Love\",\"isPartOf\":{\"@id\":\"https:\\\/\\\/lustandlove.eu\\\/et\\\/#website\"},\"primaryImageOfPage\":{\"@id\":\"https:\\\/\\\/lustandlove.eu\\\/et\\\/toode\\\/feme-black-dress-demoniq\\\/#primaryimage\"},\"image\":{\"@id\":\"https:\\\/\\\/lustandlove.eu\\\/et\\\/toode\\\/feme-black-dress-demoniq\\\/#primaryimage\"},\"thumbnailUrl\":\"https:\\\/\\\/lustandlove.eu\\\/wp-content\\\/uploads\\\/Capture-4.png\",\"datePublished\":\"2021-06-01T03:43:04+00:00\",\"dateModified\":\"2026-04-13T07:37:28+00:00\",\"description\":\"Seksikas kleit k\u00f5rge p\u00fcstiseisva kraega. Keskmine liivakella kujuga osa on tehtud kunstnahast, mis muudab su figuuri saledamaks. Tugevdatud rinnaosa t\u00f5stab rinnad esile.\",\"breadcrumb\":{\"@id\":\"https:\\\/\\\/lustandlove.eu\\\/et\\\/toode\\\/feme-black-dress-demoniq\\\/#breadcrumb\"},\"inLanguage\":\"et\",\"potentialAction\":[{\"@type\":\"ReadAction\",\"target\":[\"https:\\\/\\\/lustandlove.eu\\\/et\\\/toode\\\/feme-black-dress-demoniq\\\/\"]}]},{\"@type\":\"ImageObject\",\"inLanguage\":\"et\",\"@id\":\"https:\\\/\\\/lustandlove.eu\\\/et\\\/toode\\\/feme-black-dress-demoniq\\\/#primaryimage\",\"url\":\"https:\\\/\\\/lustandlove.eu\\\/wp-content\\\/uploads\\\/Capture-4.png\",\"contentUrl\":\"https:\\\/\\\/lustandlove.eu\\\/wp-content\\\/uploads\\\/Capture-4.png\",\"width\":832,\"height\":834,\"caption\":\"Feme Black Dress - Demoniq - Lust and Love\"},{\"@type\":\"BreadcrumbList\",\"@id\":\"https:\\\/\\\/lustandlove.eu\\\/et\\\/toode\\\/feme-black-dress-demoniq\\\/#breadcrumb\",\"itemListElement\":[{\"@type\":\"ListItem\",\"position\":1,\"name\":\"Lust and Love\",\"item\":\"https:\\\/\\\/lustandlove.eu\\\/et\\\/\"},{\"@type\":\"ListItem\",\"position\":2,\"name\":\"Pood\",\"item\":\"https:\\\/\\\/lustandlove.eu\\\/et\\\/pood\\\/\"},{\"@type\":\"ListItem\",\"position\":3,\"name\":\"Pesu\",\"item\":\"https:\\\/\\\/lustandlove.eu\\\/et\\\/pood\\\/pesu\\\/\"},{\"@type\":\"ListItem\",\"position\":4,\"name\":\"Kleidid ja Bodied\",\"item\":\"https:\\\/\\\/lustandlove.eu\\\/et\\\/pood\\\/pesu\\\/kleidid-ja-bodied\\\/\"},{\"@type\":\"ListItem\",\"position\":5,\"name\":\"Feme Black Dress\"}]},{\"@type\":\"WebSite\",\"@id\":\"https:\\\/\\\/lustandlove.eu\\\/et\\\/#website\",\"url\":\"https:\\\/\\\/lustandlove.eu\\\/et\\\/\",\"name\":\"Lust & Love\",\"description\":\"Online erootikapood tervise, ilu ja armastuse jaoks\",\"publisher\":{\"@id\":\"https:\\\/\\\/lustandlove.eu\\\/et\\\/#organization\"},\"potentialAction\":[{\"@type\":\"SearchAction\",\"target\":{\"@type\":\"EntryPoint\",\"urlTemplate\":\"https:\\\/\\\/lustandlove.eu\\\/et\\\/?s={search_term_string}\"},\"query-input\":{\"@type\":\"PropertyValueSpecification\",\"valueRequired\":true,\"valueName\":\"search_term_string\"}}],\"inLanguage\":\"et\"},{\"@type\":\"Organization\",\"@id\":\"https:\\\/\\\/lustandlove.eu\\\/et\\\/#organization\",\"name\":\"Bioconcept Baltics O\u00dc\",\"url\":\"https:\\\/\\\/lustandlove.eu\\\/et\\\/\",\"logo\":{\"@type\":\"ImageObject\",\"inLanguage\":\"et\",\"@id\":\"https:\\\/\\\/lustandlove.eu\\\/et\\\/#\\\/schema\\\/logo\\\/image\\\/\",\"url\":\"https:\\\/\\\/lustandlove.eu\\\/wp-content\\\/uploads\\\/logo-full-2.png\",\"contentUrl\":\"https:\\\/\\\/lustandlove.eu\\\/wp-content\\\/uploads\\\/logo-full-2.png\",\"width\":837,\"height\":200,\"caption\":\"Bioconcept Baltics O\u00dc\"},\"image\":{\"@id\":\"https:\\\/\\\/lustandlove.eu\\\/et\\\/#\\\/schema\\\/logo\\\/image\\\/\"},\"sameAs\":[\"https:\\\/\\\/www.facebook.com\\\/LustandLoveEU\\\/\",\"https:\\\/\\\/www.instagram.com\\\/lustandloveeu\\\/\"]}]}<\/script>\n<!-- \/ Yoast SEO plugin. -->","yoast_head_json":{"title":"Feme Black Dress 46.50\u20ac | Lust and Love","description":"Seksikas kleit k\u00f5rge p\u00fcstiseisva kraega. Keskmine liivakella kujuga osa on tehtud kunstnahast, mis muudab su figuuri saledamaks. Tugevdatud rinnaosa t\u00f5stab rinnad esile.","robots":{"index,follow,max-snippet":"index,follow,max-snippet:-1,max-image-preview:large,max-video-preview:-1"},"canonical":"https:\/\/lustandlove.eu\/et\/toode\/feme-black-dress-demoniq\/","schema":{"@context":"https:\/\/schema.org","@graph":[{"@type":["WebPage","ItemPage"],"@id":"https:\/\/lustandlove.eu\/et\/toode\/feme-black-dress-demoniq\/","url":"https:\/\/lustandlove.eu\/et\/toode\/feme-black-dress-demoniq\/","name":"Feme Black Dress 46.50\u20ac | Lust and Love","isPartOf":{"@id":"https:\/\/lustandlove.eu\/et\/#website"},"primaryImageOfPage":{"@id":"https:\/\/lustandlove.eu\/et\/toode\/feme-black-dress-demoniq\/#primaryimage"},"image":{"@id":"https:\/\/lustandlove.eu\/et\/toode\/feme-black-dress-demoniq\/#primaryimage"},"thumbnailUrl":"https:\/\/lustandlove.eu\/wp-content\/uploads\/Capture-4.png","datePublished":"2021-06-01T03:43:04+00:00","dateModified":"2026-04-13T07:37:28+00:00","description":"Seksikas kleit k\u00f5rge p\u00fcstiseisva kraega. Keskmine liivakella kujuga osa on tehtud kunstnahast, mis muudab su figuuri saledamaks. Tugevdatud rinnaosa t\u00f5stab rinnad esile.","breadcrumb":{"@id":"https:\/\/lustandlove.eu\/et\/toode\/feme-black-dress-demoniq\/#breadcrumb"},"inLanguage":"et","potentialAction":[{"@type":"ReadAction","target":["https:\/\/lustandlove.eu\/et\/toode\/feme-black-dress-demoniq\/"]}]},{"@type":"ImageObject","inLanguage":"et","@id":"https:\/\/lustandlove.eu\/et\/toode\/feme-black-dress-demoniq\/#primaryimage","url":"https:\/\/lustandlove.eu\/wp-content\/uploads\/Capture-4.png","contentUrl":"https:\/\/lustandlove.eu\/wp-content\/uploads\/Capture-4.png","width":832,"height":834,"caption":"Feme Black Dress - Demoniq - Lust and Love"},{"@type":"BreadcrumbList","@id":"https:\/\/lustandlove.eu\/et\/toode\/feme-black-dress-demoniq\/#breadcrumb","itemListElement":[{"@type":"ListItem","position":1,"name":"Lust and Love","item":"https:\/\/lustandlove.eu\/et\/"},{"@type":"ListItem","position":2,"name":"Pood","item":"https:\/\/lustandlove.eu\/et\/pood\/"},{"@type":"ListItem","position":3,"name":"Pesu","item":"https:\/\/lustandlove.eu\/et\/pood\/pesu\/"},{"@type":"ListItem","position":4,"name":"Kleidid ja Bodied","item":"https:\/\/lustandlove.eu\/et\/pood\/pesu\/kleidid-ja-bodied\/"},{"@type":"ListItem","position":5,"name":"Feme Black Dress"}]},{"@type":"WebSite","@id":"https:\/\/lustandlove.eu\/et\/#website","url":"https:\/\/lustandlove.eu\/et\/","name":"Lust & Love","description":"Online erootikapood tervise, ilu ja armastuse jaoks","publisher":{"@id":"https:\/\/lustandlove.eu\/et\/#organization"},"potentialAction":[{"@type":"SearchAction","target":{"@type":"EntryPoint","urlTemplate":"https:\/\/lustandlove.eu\/et\/?s={search_term_string}"},"query-input":{"@type":"PropertyValueSpecification","valueRequired":true,"valueName":"search_term_string"}}],"inLanguage":"et"},{"@type":"Organization","@id":"https:\/\/lustandlove.eu\/et\/#organization","name":"Bioconcept Baltics O\u00dc","url":"https:\/\/lustandlove.eu\/et\/","logo":{"@type":"ImageObject","inLanguage":"et","@id":"https:\/\/lustandlove.eu\/et\/#\/schema\/logo\/image\/","url":"https:\/\/lustandlove.eu\/wp-content\/uploads\/logo-full-2.png","contentUrl":"https:\/\/lustandlove.eu\/wp-content\/uploads\/logo-full-2.png","width":837,"height":200,"caption":"Bioconcept Baltics O\u00dc"},"image":{"@id":"https:\/\/lustandlove.eu\/et\/#\/schema\/logo\/image\/"},"sameAs":["https:\/\/www.facebook.com\/LustandLoveEU\/","https:\/\/www.instagram.com\/lustandloveeu\/"]}]}},"_links":{"self":[{"href":"https:\/\/lustandlove.eu\/et\/wp-json\/wp\/v2\/product\/45014","targetHints":{"allow":["GET"]}}],"collection":[{"href":"https:\/\/lustandlove.eu\/et\/wp-json\/wp\/v2\/product"}],"about":[{"href":"https:\/\/lustandlove.eu\/et\/wp-json\/wp\/v2\/types\/product"}],"wp:featuredmedia":[{"embeddable":true,"href":"https:\/\/lustandlove.eu\/et\/wp-json\/wp\/v2\/media\/44132"}],"wp:attachment":[{"href":"https:\/\/lustandlove.eu\/et\/wp-json\/wp\/v2\/media?parent=45014"}],"wp:term":[{"taxonomy":"product_brand","embeddable":true,"href":"https:\/\/lustandlove.eu\/et\/wp-json\/wp\/v2\/product_brand?post=45014"},{"taxonomy":"product_cat","embeddable":true,"href":"https:\/\/lustandlove.eu\/et\/wp-json\/wp\/v2\/product_cat?post=45014"},{"taxonomy":"product_tag","embeddable":true,"href":"https:\/\/lustandlove.eu\/et\/wp-json\/wp\/v2\/product_tag?post=45014"}],"curies":[{"name":"wp","href":"https:\/\/api.w.org\/{rel}","templated":true}]}}