{"id":45025,"date":"2021-06-01T06:43:04","date_gmt":"2021-06-01T03:43:04","guid":{"rendered":"https:\/\/www.lustandlove.eu\/product\/malesation-barny-dildo-2-2-cm\/"},"modified":"2026-04-13T10:37:27","modified_gmt":"2026-04-13T07:37:27","slug":"malesation-barny-dildo-2-2-cm","status":"publish","type":"product","link":"https:\/\/lustandlove.eu\/et\/toode\/malesation-barny-dildo-2-2-cm\/","title":{"rendered":"Barny Dildo 2.2 cm"},"content":{"rendered":"<p>Barny on klassikaline dildo, mille juures on kasutatud elavat kujutlusv\u00f5imet, et stimuleerida sind anaalselt v\u00f5i vaginaalselt. Selle diameeter on 2.2 cm, mis on v\u00e4iksem, kui keskmine dildo \u2013 seda selleks, et sul oleks lelu sisestamine v\u00f5imalikult valutu ja mugav.<\/p>\n<p>Selle sile pind aitab selle v\u00e4ga \u00f5rnalt sisestada. Lelu k\u00fcljel on ka 3 k\u00f5rgemat m\u00fchku, et sind lisaks kasutamise ajal stimuleerida.<\/p>\n<p>Soovitame leluga kasutada vee baasil libestit.<\/p>\n","protected":false},"excerpt":{"rendered":"<p>Tommy on klassikaline dildo, mille juures on kasutatud elavat kujutlusv\u00f5imet, et stimuleerida sind anaalselt v\u00f5i vaginaalselt.<\/p>\n","protected":false},"featured_media":45026,"template":"","meta":[],"product_brand":[4225],"product_cat":[1485,1484,4066],"product_tag":[1516],"class_list":{"0":"post-45025","1":"product","2":"type-product","3":"status-publish","4":"has-post-thumbnail","6":"product_brand-malestation-et","7":"product_cat-dildod","8":"product_cat-sekslelud","9":"product_cat-strap-on-et","10":"product_tag-dildo-et","11":"pa_brand-malestation-et","13":"first","14":"instock","15":"taxable","16":"shipping-taxable","17":"purchasable","18":"product-type-simple"},"yoast_head":"<!-- This site is optimized with the Yoast SEO plugin v27.3 - https:\/\/yoast.com\/product\/yoast-seo-wordpress\/ -->\n<title>Barny Dildo 2.2 cm 27.00\u20ac | Lust and Love<\/title>\n<meta name=\"description\" content=\"Tommy on klassikaline dildo, mille juures on kasutatud elavat kujutlusv\u00f5imet, et stimuleerida sind anaalselt v\u00f5i vaginaalselt.\" \/>\n<meta name=\"robots\" content=\"index,follow,max-snippet:-1,max-image-preview:large,max-video-preview:-1\" \/>\n<link rel=\"canonical\" href=\"https:\/\/lustandlove.eu\/et\/toode\/malesation-barny-dildo-2-2-cm\/\" \/>\n<meta name=\"twitter:card\" content=\"summary_large_image\" \/>\n<meta name=\"twitter:title\" content=\"Barny Dildo 2.2 cm 27.00\u20ac | Lust and Love\" \/>\n<meta name=\"twitter:description\" content=\"Tommy on klassikaline dildo, mille juures on kasutatud elavat kujutlusv\u00f5imet, et stimuleerida sind anaalselt v\u00f5i vaginaalselt.\" \/>\n<meta name=\"twitter:image\" content=\"https:\/\/lustandlove.eu\/wp-content\/uploads\/opr-3500023-01.jpg\" \/>\n<meta name=\"twitter:label1\" content=\"Est. reading time\" \/>\n\t<meta name=\"twitter:data1\" content=\"2 minutit\" \/>\n<script type=\"application\/ld+json\" class=\"yoast-schema-graph\">{\"@context\":\"https:\\\/\\\/schema.org\",\"@graph\":[{\"@type\":[\"WebPage\",\"ItemPage\"],\"@id\":\"https:\\\/\\\/lustandlove.eu\\\/et\\\/toode\\\/malesation-barny-dildo-2-2-cm\\\/\",\"url\":\"https:\\\/\\\/lustandlove.eu\\\/et\\\/toode\\\/malesation-barny-dildo-2-2-cm\\\/\",\"name\":\"Barny Dildo 2.2 cm 27.00\u20ac | Lust and Love\",\"isPartOf\":{\"@id\":\"https:\\\/\\\/lustandlove.eu\\\/et\\\/#website\"},\"primaryImageOfPage\":{\"@id\":\"https:\\\/\\\/lustandlove.eu\\\/et\\\/toode\\\/malesation-barny-dildo-2-2-cm\\\/#primaryimage\"},\"image\":{\"@id\":\"https:\\\/\\\/lustandlove.eu\\\/et\\\/toode\\\/malesation-barny-dildo-2-2-cm\\\/#primaryimage\"},\"thumbnailUrl\":\"https:\\\/\\\/lustandlove.eu\\\/wp-content\\\/uploads\\\/opr-3500023-01.jpg\",\"datePublished\":\"2021-06-01T03:43:04+00:00\",\"dateModified\":\"2026-04-13T07:37:27+00:00\",\"description\":\"Tommy on klassikaline dildo, mille juures on kasutatud elavat kujutlusv\u00f5imet, et stimuleerida sind anaalselt v\u00f5i vaginaalselt.\",\"breadcrumb\":{\"@id\":\"https:\\\/\\\/lustandlove.eu\\\/et\\\/toode\\\/malesation-barny-dildo-2-2-cm\\\/#breadcrumb\"},\"inLanguage\":\"et\",\"potentialAction\":[{\"@type\":\"ReadAction\",\"target\":[\"https:\\\/\\\/lustandlove.eu\\\/et\\\/toode\\\/malesation-barny-dildo-2-2-cm\\\/\"]}]},{\"@type\":\"ImageObject\",\"inLanguage\":\"et\",\"@id\":\"https:\\\/\\\/lustandlove.eu\\\/et\\\/toode\\\/malesation-barny-dildo-2-2-cm\\\/#primaryimage\",\"url\":\"https:\\\/\\\/lustandlove.eu\\\/wp-content\\\/uploads\\\/opr-3500023-01.jpg\",\"contentUrl\":\"https:\\\/\\\/lustandlove.eu\\\/wp-content\\\/uploads\\\/opr-3500023-01.jpg\",\"width\":1200,\"height\":1200},{\"@type\":\"BreadcrumbList\",\"@id\":\"https:\\\/\\\/lustandlove.eu\\\/et\\\/toode\\\/malesation-barny-dildo-2-2-cm\\\/#breadcrumb\",\"itemListElement\":[{\"@type\":\"ListItem\",\"position\":1,\"name\":\"Lust and Love\",\"item\":\"https:\\\/\\\/lustandlove.eu\\\/et\\\/\"},{\"@type\":\"ListItem\",\"position\":2,\"name\":\"Pood\",\"item\":\"https:\\\/\\\/lustandlove.eu\\\/et\\\/pood\\\/\"},{\"@type\":\"ListItem\",\"position\":3,\"name\":\"Sekslelud\",\"item\":\"https:\\\/\\\/lustandlove.eu\\\/et\\\/pood\\\/sekslelud\\\/\"},{\"@type\":\"ListItem\",\"position\":4,\"name\":\"Dildod\",\"item\":\"https:\\\/\\\/lustandlove.eu\\\/et\\\/pood\\\/sekslelud\\\/dildod\\\/\"},{\"@type\":\"ListItem\",\"position\":5,\"name\":\"Strap-on\",\"item\":\"https:\\\/\\\/lustandlove.eu\\\/et\\\/pood\\\/sekslelud\\\/dildod\\\/strap-on-et\\\/\"},{\"@type\":\"ListItem\",\"position\":6,\"name\":\"Barny Dildo 2.2 cm\"}]},{\"@type\":\"WebSite\",\"@id\":\"https:\\\/\\\/lustandlove.eu\\\/et\\\/#website\",\"url\":\"https:\\\/\\\/lustandlove.eu\\\/et\\\/\",\"name\":\"Lust &amp; Love\",\"description\":\"Online erootikapood tervise, ilu ja armastuse jaoks\",\"publisher\":{\"@id\":\"https:\\\/\\\/lustandlove.eu\\\/et\\\/#organization\"},\"potentialAction\":[{\"@type\":\"SearchAction\",\"target\":{\"@type\":\"EntryPoint\",\"urlTemplate\":\"https:\\\/\\\/lustandlove.eu\\\/et\\\/?s={search_term_string}\"},\"query-input\":{\"@type\":\"PropertyValueSpecification\",\"valueRequired\":true,\"valueName\":\"search_term_string\"}}],\"inLanguage\":\"et\"},{\"@type\":\"Organization\",\"@id\":\"https:\\\/\\\/lustandlove.eu\\\/et\\\/#organization\",\"name\":\"Bioconcept Baltics O\u00dc\",\"url\":\"https:\\\/\\\/lustandlove.eu\\\/et\\\/\",\"logo\":{\"@type\":\"ImageObject\",\"inLanguage\":\"et\",\"@id\":\"https:\\\/\\\/lustandlove.eu\\\/et\\\/#\\\/schema\\\/logo\\\/image\\\/\",\"url\":\"\",\"contentUrl\":\"\",\"caption\":\"Bioconcept Baltics O\u00dc\"},\"image\":{\"@id\":\"https:\\\/\\\/lustandlove.eu\\\/et\\\/#\\\/schema\\\/logo\\\/image\\\/\"},\"sameAs\":[\"https:\\\/\\\/www.facebook.com\\\/LustandLoveEU\\\/\",\"https:\\\/\\\/www.instagram.com\\\/lustandloveeu\\\/\"]}]}<\/script>\n<!-- \/ Yoast SEO plugin. -->","yoast_head_json":{"title":"Barny Dildo 2.2 cm 27.00\u20ac | Lust and Love","description":"Tommy on klassikaline dildo, mille juures on kasutatud elavat kujutlusv\u00f5imet, et stimuleerida sind anaalselt v\u00f5i vaginaalselt.","robots":{"index,follow,max-snippet":"index,follow,max-snippet:-1,max-image-preview:large,max-video-preview:-1"},"canonical":"https:\/\/lustandlove.eu\/et\/toode\/malesation-barny-dildo-2-2-cm\/","twitter_card":"summary_large_image","twitter_title":"Barny Dildo 2.2 cm 27.00\u20ac | Lust and Love","twitter_description":"Tommy on klassikaline dildo, mille juures on kasutatud elavat kujutlusv\u00f5imet, et stimuleerida sind anaalselt v\u00f5i vaginaalselt.","twitter_image":"https:\/\/lustandlove.eu\/wp-content\/uploads\/opr-3500023-01.jpg","twitter_misc":{"Est. reading time":"2 minutit"},"schema":{"@context":"https:\/\/schema.org","@graph":[{"@type":["WebPage","ItemPage"],"@id":"https:\/\/lustandlove.eu\/et\/toode\/malesation-barny-dildo-2-2-cm\/","url":"https:\/\/lustandlove.eu\/et\/toode\/malesation-barny-dildo-2-2-cm\/","name":"Barny Dildo 2.2 cm 27.00\u20ac | Lust and Love","isPartOf":{"@id":"https:\/\/lustandlove.eu\/et\/#website"},"primaryImageOfPage":{"@id":"https:\/\/lustandlove.eu\/et\/toode\/malesation-barny-dildo-2-2-cm\/#primaryimage"},"image":{"@id":"https:\/\/lustandlove.eu\/et\/toode\/malesation-barny-dildo-2-2-cm\/#primaryimage"},"thumbnailUrl":"https:\/\/lustandlove.eu\/wp-content\/uploads\/opr-3500023-01.jpg","datePublished":"2021-06-01T03:43:04+00:00","dateModified":"2026-04-13T07:37:27+00:00","description":"Tommy on klassikaline dildo, mille juures on kasutatud elavat kujutlusv\u00f5imet, et stimuleerida sind anaalselt v\u00f5i vaginaalselt.","breadcrumb":{"@id":"https:\/\/lustandlove.eu\/et\/toode\/malesation-barny-dildo-2-2-cm\/#breadcrumb"},"inLanguage":"et","potentialAction":[{"@type":"ReadAction","target":["https:\/\/lustandlove.eu\/et\/toode\/malesation-barny-dildo-2-2-cm\/"]}]},{"@type":"ImageObject","inLanguage":"et","@id":"https:\/\/lustandlove.eu\/et\/toode\/malesation-barny-dildo-2-2-cm\/#primaryimage","url":"https:\/\/lustandlove.eu\/wp-content\/uploads\/opr-3500023-01.jpg","contentUrl":"https:\/\/lustandlove.eu\/wp-content\/uploads\/opr-3500023-01.jpg","width":1200,"height":1200},{"@type":"BreadcrumbList","@id":"https:\/\/lustandlove.eu\/et\/toode\/malesation-barny-dildo-2-2-cm\/#breadcrumb","itemListElement":[{"@type":"ListItem","position":1,"name":"Lust and Love","item":"https:\/\/lustandlove.eu\/et\/"},{"@type":"ListItem","position":2,"name":"Pood","item":"https:\/\/lustandlove.eu\/et\/pood\/"},{"@type":"ListItem","position":3,"name":"Sekslelud","item":"https:\/\/lustandlove.eu\/et\/pood\/sekslelud\/"},{"@type":"ListItem","position":4,"name":"Dildod","item":"https:\/\/lustandlove.eu\/et\/pood\/sekslelud\/dildod\/"},{"@type":"ListItem","position":5,"name":"Strap-on","item":"https:\/\/lustandlove.eu\/et\/pood\/sekslelud\/dildod\/strap-on-et\/"},{"@type":"ListItem","position":6,"name":"Barny Dildo 2.2 cm"}]},{"@type":"WebSite","@id":"https:\/\/lustandlove.eu\/et\/#website","url":"https:\/\/lustandlove.eu\/et\/","name":"Lust &amp; Love","description":"Online erootikapood tervise, ilu ja armastuse jaoks","publisher":{"@id":"https:\/\/lustandlove.eu\/et\/#organization"},"potentialAction":[{"@type":"SearchAction","target":{"@type":"EntryPoint","urlTemplate":"https:\/\/lustandlove.eu\/et\/?s={search_term_string}"},"query-input":{"@type":"PropertyValueSpecification","valueRequired":true,"valueName":"search_term_string"}}],"inLanguage":"et"},{"@type":"Organization","@id":"https:\/\/lustandlove.eu\/et\/#organization","name":"Bioconcept Baltics O\u00dc","url":"https:\/\/lustandlove.eu\/et\/","logo":{"@type":"ImageObject","inLanguage":"et","@id":"https:\/\/lustandlove.eu\/et\/#\/schema\/logo\/image\/","url":"","contentUrl":"","caption":"Bioconcept Baltics O\u00dc"},"image":{"@id":"https:\/\/lustandlove.eu\/et\/#\/schema\/logo\/image\/"},"sameAs":["https:\/\/www.facebook.com\/LustandLoveEU\/","https:\/\/www.instagram.com\/lustandloveeu\/"]}]}},"_links":{"self":[{"href":"https:\/\/lustandlove.eu\/et\/wp-json\/wp\/v2\/product\/45025","targetHints":{"allow":["GET"]}}],"collection":[{"href":"https:\/\/lustandlove.eu\/et\/wp-json\/wp\/v2\/product"}],"about":[{"href":"https:\/\/lustandlove.eu\/et\/wp-json\/wp\/v2\/types\/product"}],"wp:featuredmedia":[{"embeddable":true,"href":"https:\/\/lustandlove.eu\/et\/wp-json\/wp\/v2\/media\/45026"}],"wp:attachment":[{"href":"https:\/\/lustandlove.eu\/et\/wp-json\/wp\/v2\/media?parent=45025"}],"wp:term":[{"taxonomy":"product_brand","embeddable":true,"href":"https:\/\/lustandlove.eu\/et\/wp-json\/wp\/v2\/product_brand?post=45025"},{"taxonomy":"product_cat","embeddable":true,"href":"https:\/\/lustandlove.eu\/et\/wp-json\/wp\/v2\/product_cat?post=45025"},{"taxonomy":"product_tag","embeddable":true,"href":"https:\/\/lustandlove.eu\/et\/wp-json\/wp\/v2\/product_tag?post=45025"}],"curies":[{"name":"wp","href":"https:\/\/api.w.org\/{rel}","templated":true}]}}